{"id":31934,"date":"2025-06-24T09:48:12","date_gmt":"2025-06-24T09:48:12","guid":{"rendered":"https:\/\/oceansignal.com\/products\/epirb3-sigurnosni-komplet\/"},"modified":"2026-03-26T15:13:34","modified_gmt":"2026-03-26T15:13:34","slug":"epirb3-sigurnosni-komplet","status":"publish","type":"product","link":"https:\/\/oceansignal.com\/hr\/products\/epirb3-sigurnosni-komplet\/","title":{"rendered":"EPIRB3 Komplet za sigurnost plovidbe"},"content":{"rendered":"<h3 class=\"ai-optimize-42\" data-start=\"3285\" data-end=\"3337\"><strong data-start=\"3292\" data-end=\"3337\"><img loading=\"lazy\" decoding=\"async\" class=\"alignnone size-full wp-image-32359\" src=\"https:\/\/oceansignal.com\/wp-content\/uploads\/2025\/07\/View-New-Safety-Kits.png\" alt=\"\" width=\"300\" height=\"75\" srcset=\"https:\/\/oceansignal.com\/wp-content\/uploads\/2025\/07\/View-New-Safety-Kits.png 300w, https:\/\/oceansignal.com\/wp-content\/uploads\/2025\/07\/View-New-Safety-Kits-60x15.png 60w, https:\/\/oceansignal.com\/wp-content\/uploads\/2025\/07\/View-New-Safety-Kits-110x28.png 110w\" sizes=\"auto, (max-width: 300px) 100vw, 300px\" \/><\/strong><\/h3>\n<h3 class=\"ai-optimize-43\" data-start=\"2673\" data-end=\"2727\"><strong data-start=\"2680\" data-end=\"2727\">Za\u0161to odabrati EPIRB3 komplet?<\/strong><\/h3>\n<p class=\"ai-optimize-44 ai-optimize-introduction\" data-start=\"2729\" data-end=\"3018\">EPIRB3 komplet je najnapredniji po\u010detni paket koji mo\u017eete dobiti. S vode\u0107om svjetskom EPIRB tehnologijom, intuitivnim postavljanjem putem pametnog telefona i lokalnom + globalnom vidljivo\u0161\u0107u spa\u0161avanja, savr\u0161en je za svakoga tko \u017eeli mir, uskla\u0111enost s propisima i moderne zna\u010dajke ugra\u0111ene od samog po\u010detka. <\/p>\n<p class=\"ai-optimize-45\" data-start=\"3020\" data-end=\"3075\">Va\u0161 najbolji po\u010detak u sigurnosti na moru. Bez kompromisa. <\/p>\n<h3 class=\"ai-optimize-46\" data-start=\"2313\" data-end=\"2334\"><strong data-start=\"2320\" data-end=\"2334\">Idealno za:<\/strong><\/h3>\n<ul data-start=\"2335\" data-end=\"2600\">\n<li class=\"ai-optimize-47\" data-start=\"2335\" data-end=\"2389\">\n<p class=\"ai-optimize-48\" data-start=\"2337\" data-end=\"2389\">Nauti\u010dari na otvorenom moru, vlasnici jahti i oceanski kruzeri<\/p>\n<\/li>\n<li class=\"ai-optimize-49\" data-start=\"2390\" data-end=\"2456\">\n<p class=\"ai-optimize-50\" data-start=\"2392\" data-end=\"2456\">Posade koje se pripremaju za Cat 1 na otvorenom moru ili prolaze plavim vodama<\/p>\n<\/li>\n<li class=\"ai-optimize-51\" data-start=\"2457\" data-end=\"2532\">\n<p class=\"ai-optimize-52\" data-start=\"2459\" data-end=\"2532\">Sigurnosno osvije\u0161teni skiperi tra\u017ee vrhunsku EPIRB tehnologiju<\/p>\n<\/li>\n<li class=\"ai-optimize-53\" data-start=\"2533\" data-end=\"2600\">\n<p class=\"ai-optimize-54\" data-start=\"2535\" data-end=\"2600\">Mornari zamjenjuju starije EPIRB-ove modernom opremom spremnom za propise<\/p>\n<\/li>\n<\/ul>\n<h3 class=\"ai-optimize-55\" data-start=\"673\" data-end=\"726\"><strong data-start=\"680\" data-end=\"726\">\u0160to je uklju\u010deno i kako podr\u017eava spa\u0161avanje?<\/strong><\/h3>\n<h4 class=\"ai-optimize-56\" data-start=\"728\" data-end=\"762\"><strong data-start=\"733\" data-end=\"760\">1 \u00d7 Oceanski signal EPIRB3<\/strong><\/h4>\n<p class=\"ai-optimize-57\" data-start=\"763\" data-end=\"786\">Mo\u017ee se vidjeti lokalno (plovila s AIS primopredajnicima) i globalno (poruka od 406 MHz dostavljena traganju i spa\u0161avanju), precizno pratiti (AIS) i umiriti potvrdom u stvarnom vremenu (RLS) &#8211; sve u jednom ure\u0111aju.<br \/>\n Maloprodajna vrijednost: 840,95 \u00a3<\/p>\n<p data-start=\"763\" data-end=\"786\"><img loading=\"lazy\" decoding=\"async\" class=\"alignnone size-medium wp-image-2147\" src=\"https:\/\/oceansignal.com\/wp-content\/uploads\/2024\/03\/EPIRB3-Front-300-RLS-on-1-300x300.png\" alt=\"Oceanski signal EPIRB3 s upaljenim plavim svjetlom za povratnu vezu.\" width=\"300\" height=\"300\" srcset=\"https:\/\/oceansignal.com\/wp-content\/uploads\/2024\/03\/EPIRB3-Front-300-RLS-on-1-300x300.png 300w, https:\/\/oceansignal.com\/wp-content\/uploads\/2024\/03\/EPIRB3-Front-300-RLS-on-1-150x150.png 150w, https:\/\/oceansignal.com\/wp-content\/uploads\/2024\/03\/EPIRB3-Front-300-RLS-on-1-100x100.png 100w, https:\/\/oceansignal.com\/wp-content\/uploads\/2024\/03\/EPIRB3-Front-300-RLS-on-1.png 411w\" sizes=\"auto, (max-width: 300px) 100vw, 300px\" \/><\/p>\n<p class=\"ai-optimize-58\" data-start=\"788\" data-end=\"915\">Vode\u0107i EPIRB tvrtke Ocean Signal, izgra\u0111en u skladu s najnovijim me\u0111unarodnim standardima i opremljen zna\u010dajkama za spa\u0161avanje \u017eivota, uklju\u010duju\u0107i:<\/p>\n<ul data-start=\"917\" data-end=\"1359\">\n<li class=\"ai-optimize-59\" data-start=\"917\" data-end=\"965\">\n<p class=\"ai-optimize-60\" data-start=\"919\" data-end=\"965\"><strong>Satelitsko uzbunjivanje Cospas-Sarsat na 406 MHz<\/strong><\/p>\n<\/li>\n<li class=\"ai-optimize-61\" data-start=\"966\" data-end=\"1014\">\n<p class=\"ai-optimize-62\" data-start=\"968\" data-end=\"1014\"><strong>AIS emitiranje obli\u017enjim plovilima pomo\u0107u AIS primopredajnika<\/strong><\/p>\n<\/li>\n<li class=\"ai-optimize-63\" data-start=\"1015\" data-end=\"1097\">\n<p class=\"ai-optimize-64\" data-start=\"1017\" data-end=\"1097\"><strong>Usluga povratne veze (RLS): potvr\u0111uje da je va\u0161 signal za pomo\u0107 primljen<\/strong><\/p>\n<\/li>\n<li class=\"ai-optimize-65\" data-start=\"1098\" data-end=\"1148\">\n<p class=\"ai-optimize-66\" data-start=\"1100\" data-end=\"1148\"><strong>GNSS (GPS + Galileo) za visoku to\u010dnost<\/strong><\/p>\n<\/li>\n<li class=\"ai-optimize-67\" data-start=\"1149\" data-end=\"1186\">\n<p class=\"ai-optimize-68\" data-start=\"1151\" data-end=\"1186\"><strong>Lokalni signal za navo\u0111enje od 121,5 MHz<\/strong><\/p>\n<\/li>\n<li class=\"ai-optimize-69\" data-start=\"1187\" data-end=\"1239\">\n<p class=\"ai-optimize-70\" data-start=\"1189\" data-end=\"1239\"><strong>Vidljivi + infracrveni bljeskalice za vizualnu detekciju u uvjetima slabog osvjetljenja<\/strong><\/p>\n<\/li>\n<li class=\"ai-optimize-71\" data-start=\"1240\" data-end=\"1299\">\n<p class=\"ai-optimize-72\" data-start=\"1242\" data-end=\"1299\"><strong>Postavljanje NFC pametnog telefona s besplatnom aplikacijom Ocean Signal<\/strong><\/p>\n<\/li>\n<li class=\"ai-optimize-73\" data-start=\"1300\" data-end=\"1359\">\n<p class=\"ai-optimize-74\" data-start=\"1302\" data-end=\"1359\"><strong>Ru\u010dni nosa\u010d (Cat II) za fleksibilnu monta\u017eu<\/strong><\/p>\n<\/li>\n<\/ul>\n<hr data-start=\"1511\" data-end=\"1514\">\n<h4 class=\"ai-optimize-75\" data-start=\"1516\" data-end=\"1558\"><strong data-start=\"1521\" data-end=\"1556\">1 \u00d7 ACR signalno ogledalo i zvi\u017edaljka<\/strong><\/h4>\n<p class=\"ai-optimize-76\" data-start=\"1559\" data-end=\"1581\">Idealno kada su SAR timovi u blizini i trebate brzo i jasno privu\u0107i njihovu pozornost.<br \/>\n Maloprodajna vrijednost: 10,99 \u00a3<\/p>\n<p data-start=\"1559\" data-end=\"1581\"><img loading=\"lazy\" decoding=\"async\" class=\"alignnone wp-image-31407 size-medium\" src=\"https:\/\/oceansignal.com\/wp-content\/uploads\/2025\/06\/Grab_Bag_EPIRB1_Kit-e1752085331562-300x131.png\" alt=\"\" width=\"300\" height=\"131\" srcset=\"https:\/\/oceansignal.com\/wp-content\/uploads\/2025\/06\/Grab_Bag_EPIRB1_Kit-e1752085331562-300x131.png 300w, https:\/\/oceansignal.com\/wp-content\/uploads\/2025\/06\/Grab_Bag_EPIRB1_Kit-e1752085331562-60x26.png 60w, https:\/\/oceansignal.com\/wp-content\/uploads\/2025\/06\/Grab_Bag_EPIRB1_Kit-e1752085331562-110x48.png 110w, https:\/\/oceansignal.com\/wp-content\/uploads\/2025\/06\/Grab_Bag_EPIRB1_Kit-e1752085331562.png 344w\" sizes=\"auto, (max-width: 300px) 100vw, 300px\" \/><\/p>\n<p class=\"ai-optimize-77\" data-start=\"1583\" data-end=\"1691\">Ovi alati koji ne zahtijevaju odr\u017eavanje pru\u017eaju vrijednu dodatnu vidljivost i zvu\u010dnu signalizaciju u zavr\u0161nim fazama spa\u0161avanja.<\/p>\n<ul data-start=\"1693\" data-end=\"1791\">\n<li class=\"ai-optimize-78\" data-start=\"1693\" data-end=\"1734\">\n<p class=\"ai-optimize-79\" data-start=\"1695\" data-end=\"1734\"><strong>Visoko reflektiraju\u0107e kompaktno zrcalo za dnevne vizualne signale &#8211; Dizajnirano za reflektiranje sun\u010deve svjetlosti na velike udaljenosti, idealno za privla\u010denje pa\u017enje prolaze\u0107ih plovila ili zrakoplova<\/strong><\/p>\n<\/li>\n<li class=\"ai-optimize-80\" data-start=\"1735\" data-end=\"1791\">\n<p class=\"ai-optimize-81\" data-start=\"1737\" data-end=\"1791\"><strong>Glasan, tihi zvi\u017eduk za privla\u010denje pa\u017enje iz neposredne blizine<\/strong><\/p>\n<\/li>\n<\/ul>\n<hr data-start=\"1909\" data-end=\"1912\">\n<h4 class=\"ai-optimize-82\" data-start=\"1914\" data-end=\"1961\"><strong data-start=\"1919\" data-end=\"1959\">1 \u00d7 Vodootporna torba za hvatanje Ocean Signal<\/strong><\/h4>\n<p class=\"ai-optimize-83\" data-start=\"1962\" data-end=\"1985\"><em data-start=\"1962\" data-end=\"1985\">Kada je svaka sekunda va\u017ena, klju\u010dno je imati sve na jednom suhom i vidljivom mjestu.<br \/>\n Maloprodajna vrijednost: 129,99 \u00a3<\/em><\/p>\n<p data-start=\"1962\" data-end=\"1985\"><img loading=\"lazy\" decoding=\"async\" class=\"alignnone wp-image-31488 size-medium\" src=\"https:\/\/oceansignal.com\/wp-content\/uploads\/2025\/06\/Grab_Bag-1-241x300.webp\" alt=\"\" width=\"241\" height=\"300\" srcset=\"https:\/\/oceansignal.com\/wp-content\/uploads\/2025\/06\/Grab_Bag-1-241x300.webp 241w, https:\/\/oceansignal.com\/wp-content\/uploads\/2025\/06\/Grab_Bag-1-60x75.webp 60w, https:\/\/oceansignal.com\/wp-content\/uploads\/2025\/06\/Grab_Bag-1-110x137.webp 110w, https:\/\/oceansignal.com\/wp-content\/uploads\/2025\/06\/Grab_Bag-1.webp 489w\" sizes=\"auto, (max-width: 241px) 100vw, 241px\" \/><\/p>\n<p class=\"ai-optimize-84\" data-start=\"1987\" data-end=\"2079\">Ova \u010dvrsta, plutaju\u0107a torba dr\u017ei va\u0161u osnovnu opremu na okupu &#8211; suhu, za\u0161ti\u0107enu i spremnu za upotrebu.<\/p>\n<ul data-start=\"2081\" data-end=\"2190\">\n<li class=\"ai-optimize-85\" data-start=\"2081\" data-end=\"2107\">\n<p class=\"ai-optimize-86\" data-start=\"2083\" data-end=\"2107\"><strong>Visoko vidljiva boja<\/strong><\/p>\n<\/li>\n<li class=\"ai-optimize-87\" data-start=\"2108\" data-end=\"2131\">\n<p class=\"ai-optimize-88\" data-start=\"2110\" data-end=\"2131\"><strong>plovan<\/strong><\/p>\n<\/li>\n<li class=\"ai-optimize-89\" data-start=\"2132\" data-end=\"2190\">\n<p class=\"ai-optimize-90\" data-start=\"2134\" data-end=\"2190\"><strong>Idealna veli\u010dina za EPIRB, svu dodatnu sigurnosnu opremu i klju\u010dne dokumente<\/strong><\/p>\n<\/li>\n<\/ul>\n","protected":false},"excerpt":{"rendered":"<ul>\n<li class=\"ai-optimize-38\">EPIRB3 komplet je vrhunsko, sveobuhvatno sigurnosno rje\u0161enje dizajnirano za jedrili\u010dare koji \u017eele najnaprednije dostupne EPIRB zna\u010dajke &#8211; odmah na po\u010detku.<\/li>\n<li class=\"ai-optimize-39\">S AIS-om, uslugom povratne veze, GNSS pozicioniranjem i globalnim Cospas-Sarsat uzbunjivanjem, EPIRB3 pru\u017ea solo i pomorcima s posadom sigurnosnu postavku za budu\u0107nost od prvog dana.<\/li>\n<li class=\"ai-optimize-40\">Prilo\u017eena torba za hvatanje osigurava vam vrlo vidljivo i plutaju\u0107e rje\u0161enje za pohranu va\u0161eg EPIRB3, signalnog ogledala i zvi\u017edaljke koji su uklju\u010deni u komplet.<\/li>\n<\/ul>\n<p class=\"ai-optimize-41\">Ukupna vrijednost kompleta po preporu\u010denoj maloprodajnoj cijeni: 990,97 \u00a3. U\u0161tedite 129,98 \u00a3 s ovim kompletom! <\/p>\n","protected":false},"featured_media":31569,"template":"","meta":{"_acf_changed":false,"om_disable_all_campaigns":false},"product_brand":[],"product_cat":[476,1652],"product_tag":[705,708,1699,1654],"class_list":{"0":"post-31934","1":"product","2":"type-product","3":"status-publish","4":"has-post-thumbnail","6":"product_cat-rescueme-hr","7":"product_cat-sigurnosni-setovi","8":"product_tag-epirb-hr","9":"product_tag-epirb3-hr","10":"product_tag-sigurnosni-setovi","11":"product_tag-vreca-za-grabljenje","13":"first","14":"instock","15":"taxable","16":"shipping-taxable","17":"purchasable","18":"product-type-simple"},"acf":[],"yoast_head":"<!-- This site is optimized with the Yoast SEO Premium plugin v25.2 (Yoast SEO v26.4) - https:\/\/yoast.com\/wordpress\/plugins\/seo\/ -->\n<title>EPIRB3 Komplet za sigurnost plovidbe - Ocean Signal<\/title>\n<meta name=\"robots\" content=\"index, follow, max-snippet:-1, max-image-preview:large, max-video-preview:-1\" \/>\n<link rel=\"canonical\" href=\"https:\/\/oceansignal.com\/hr\/products\/epirb3-sigurnosni-komplet\/\" \/>\n<meta property=\"og:locale\" content=\"hr_HR\" \/>\n<meta property=\"og:type\" content=\"article\" \/>\n<meta property=\"og:title\" content=\"EPIRB3 Komplet za sigurnost plovidbe\" \/>\n<meta property=\"og:description\" content=\"EPIRB3 komplet je vrhunsko, sveobuhvatno sigurnosno rje\u0161enje dizajnirano za jedrili\u010dare koji \u017eele najnaprednije dostupne EPIRB zna\u010dajke - odmah na po\u010detku.  S AIS-om, uslugom povratne veze, GNSS pozicioniranjem i globalnim Cospas-Sarsat uzbunjivanjem, EPIRB3 pru\u017ea solo i pomorcima s posadom sigurnosnu postavku za budu\u0107nost od prvog dana.  Prilo\u017eena torba za hvatanje osigurava vam vrlo vidljivo i plutaju\u0107e rje\u0161enje za pohranu va\u0161eg EPIRB3, signalnog ogledala i zvi\u017edaljke koji su uklju\u010deni u komplet. Ukupna vrijednost kompleta po preporu\u010denoj maloprodajnoj cijeni: 990,97 \u00a3. U\u0161tedite 129,98 \u00a3 s ovim kompletom!\" \/>\n<meta property=\"og:url\" content=\"https:\/\/oceansignal.com\/hr\/products\/epirb3-sigurnosni-komplet\/\" \/>\n<meta property=\"og:site_name\" content=\"Ocean Signal\" \/>\n<meta property=\"article:modified_time\" content=\"2026-03-26T15:13:34+00:00\" \/>\n<meta property=\"og:image\" content=\"https:\/\/oceansignal.com\/wp-content\/uploads\/2025\/06\/Grab_Bag_EPIRB3_Kit-1.jpg\" \/>\n\t<meta property=\"og:image:width\" content=\"911\" \/>\n\t<meta property=\"og:image:height\" content=\"805\" \/>\n\t<meta property=\"og:image:type\" content=\"image\/jpeg\" \/>\n<meta name=\"twitter:card\" content=\"summary_large_image\" \/>\n<meta name=\"twitter:label1\" content=\"Procijenjeno vrijeme \u010ditanja\" \/>\n\t<meta name=\"twitter:data1\" content=\"2 minute\" \/>\n<script type=\"application\/ld+json\" class=\"yoast-schema-graph\">{\"@context\":\"https:\/\/schema.org\",\"@graph\":[{\"@type\":\"WebPage\",\"@id\":\"https:\/\/oceansignal.com\/hr\/products\/epirb3-sigurnosni-komplet\/\",\"url\":\"https:\/\/oceansignal.com\/hr\/products\/epirb3-sigurnosni-komplet\/\",\"name\":\"EPIRB3 Komplet za sigurnost plovidbe - Ocean Signal\",\"isPartOf\":{\"@id\":\"https:\/\/oceansignal.com\/hr\/#website\"},\"primaryImageOfPage\":{\"@id\":\"https:\/\/oceansignal.com\/hr\/products\/epirb3-sigurnosni-komplet\/#primaryimage\"},\"image\":{\"@id\":\"https:\/\/oceansignal.com\/hr\/products\/epirb3-sigurnosni-komplet\/#primaryimage\"},\"thumbnailUrl\":\"https:\/\/oceansignal.com\/wp-content\/uploads\/2025\/06\/Grab_Bag_EPIRB3_Kit-1.jpg\",\"datePublished\":\"2025-06-24T09:48:12+00:00\",\"dateModified\":\"2026-03-26T15:13:34+00:00\",\"breadcrumb\":{\"@id\":\"https:\/\/oceansignal.com\/hr\/products\/epirb3-sigurnosni-komplet\/#breadcrumb\"},\"inLanguage\":\"hr\",\"potentialAction\":[{\"@type\":\"ReadAction\",\"target\":[\"https:\/\/oceansignal.com\/hr\/products\/epirb3-sigurnosni-komplet\/\"]}]},{\"@type\":\"ImageObject\",\"inLanguage\":\"hr\",\"@id\":\"https:\/\/oceansignal.com\/hr\/products\/epirb3-sigurnosni-komplet\/#primaryimage\",\"url\":\"https:\/\/oceansignal.com\/wp-content\/uploads\/2025\/06\/Grab_Bag_EPIRB3_Kit-1.jpg\",\"contentUrl\":\"https:\/\/oceansignal.com\/wp-content\/uploads\/2025\/06\/Grab_Bag_EPIRB3_Kit-1.jpg\",\"width\":911,\"height\":805},{\"@type\":\"BreadcrumbList\",\"@id\":\"https:\/\/oceansignal.com\/hr\/products\/epirb3-sigurnosni-komplet\/#breadcrumb\",\"itemListElement\":[{\"@type\":\"ListItem\",\"position\":1,\"name\":\"Prera\u0111evina\",\"item\":\"https:\/\/oceansignal.com\/hr\/preradevina\/\"},{\"@type\":\"ListItem\",\"position\":2,\"name\":\"EPIRB3 Komplet za sigurnost plovidbe\"}]},{\"@type\":\"WebSite\",\"@id\":\"https:\/\/oceansignal.com\/hr\/#website\",\"url\":\"https:\/\/oceansignal.com\/hr\/\",\"name\":\"Ocean Signal\",\"description\":\"A leading manufacturer of EPIRBs, AIS, SARTs, Personal Locator Beacons, Man Overboard Beacon for the Marine and Outdoor Markets.\",\"potentialAction\":[{\"@type\":\"SearchAction\",\"target\":{\"@type\":\"EntryPoint\",\"urlTemplate\":\"https:\/\/oceansignal.com\/hr\/?s={search_term_string}\"},\"query-input\":{\"@type\":\"PropertyValueSpecification\",\"valueRequired\":true,\"valueName\":\"search_term_string\"}}],\"inLanguage\":\"hr\"}]}<\/script>\n<!-- \/ Yoast SEO Premium plugin. -->","yoast_head_json":{"title":"EPIRB3 Komplet za sigurnost plovidbe - Ocean Signal","robots":{"index":"index","follow":"follow","max-snippet":"max-snippet:-1","max-image-preview":"max-image-preview:large","max-video-preview":"max-video-preview:-1"},"canonical":"https:\/\/oceansignal.com\/hr\/products\/epirb3-sigurnosni-komplet\/","og_locale":"hr_HR","og_type":"article","og_title":"EPIRB3 Komplet za sigurnost plovidbe","og_description":"EPIRB3 komplet je vrhunsko, sveobuhvatno sigurnosno rje\u0161enje dizajnirano za jedrili\u010dare koji \u017eele najnaprednije dostupne EPIRB zna\u010dajke - odmah na po\u010detku.  S AIS-om, uslugom povratne veze, GNSS pozicioniranjem i globalnim Cospas-Sarsat uzbunjivanjem, EPIRB3 pru\u017ea solo i pomorcima s posadom sigurnosnu postavku za budu\u0107nost od prvog dana.  Prilo\u017eena torba za hvatanje osigurava vam vrlo vidljivo i plutaju\u0107e rje\u0161enje za pohranu va\u0161eg EPIRB3, signalnog ogledala i zvi\u017edaljke koji su uklju\u010deni u komplet. Ukupna vrijednost kompleta po preporu\u010denoj maloprodajnoj cijeni: 990,97 \u00a3. U\u0161tedite 129,98 \u00a3 s ovim kompletom!","og_url":"https:\/\/oceansignal.com\/hr\/products\/epirb3-sigurnosni-komplet\/","og_site_name":"Ocean Signal","article_modified_time":"2026-03-26T15:13:34+00:00","og_image":[{"width":911,"height":805,"url":"https:\/\/oceansignal.com\/wp-content\/uploads\/2025\/06\/Grab_Bag_EPIRB3_Kit-1.jpg","type":"image\/jpeg"}],"twitter_card":"summary_large_image","twitter_misc":{"Procijenjeno vrijeme \u010ditanja":"2 minute"},"schema":{"@context":"https:\/\/schema.org","@graph":[{"@type":"WebPage","@id":"https:\/\/oceansignal.com\/hr\/products\/epirb3-sigurnosni-komplet\/","url":"https:\/\/oceansignal.com\/hr\/products\/epirb3-sigurnosni-komplet\/","name":"EPIRB3 Komplet za sigurnost plovidbe - Ocean Signal","isPartOf":{"@id":"https:\/\/oceansignal.com\/hr\/#website"},"primaryImageOfPage":{"@id":"https:\/\/oceansignal.com\/hr\/products\/epirb3-sigurnosni-komplet\/#primaryimage"},"image":{"@id":"https:\/\/oceansignal.com\/hr\/products\/epirb3-sigurnosni-komplet\/#primaryimage"},"thumbnailUrl":"https:\/\/oceansignal.com\/wp-content\/uploads\/2025\/06\/Grab_Bag_EPIRB3_Kit-1.jpg","datePublished":"2025-06-24T09:48:12+00:00","dateModified":"2026-03-26T15:13:34+00:00","breadcrumb":{"@id":"https:\/\/oceansignal.com\/hr\/products\/epirb3-sigurnosni-komplet\/#breadcrumb"},"inLanguage":"hr","potentialAction":[{"@type":"ReadAction","target":["https:\/\/oceansignal.com\/hr\/products\/epirb3-sigurnosni-komplet\/"]}]},{"@type":"ImageObject","inLanguage":"hr","@id":"https:\/\/oceansignal.com\/hr\/products\/epirb3-sigurnosni-komplet\/#primaryimage","url":"https:\/\/oceansignal.com\/wp-content\/uploads\/2025\/06\/Grab_Bag_EPIRB3_Kit-1.jpg","contentUrl":"https:\/\/oceansignal.com\/wp-content\/uploads\/2025\/06\/Grab_Bag_EPIRB3_Kit-1.jpg","width":911,"height":805},{"@type":"BreadcrumbList","@id":"https:\/\/oceansignal.com\/hr\/products\/epirb3-sigurnosni-komplet\/#breadcrumb","itemListElement":[{"@type":"ListItem","position":1,"name":"Prera\u0111evina","item":"https:\/\/oceansignal.com\/hr\/preradevina\/"},{"@type":"ListItem","position":2,"name":"EPIRB3 Komplet za sigurnost plovidbe"}]},{"@type":"WebSite","@id":"https:\/\/oceansignal.com\/hr\/#website","url":"https:\/\/oceansignal.com\/hr\/","name":"Ocean Signal","description":"A leading manufacturer of EPIRBs, AIS, SARTs, Personal Locator Beacons, Man Overboard Beacon for the Marine and Outdoor Markets.","potentialAction":[{"@type":"SearchAction","target":{"@type":"EntryPoint","urlTemplate":"https:\/\/oceansignal.com\/hr\/?s={search_term_string}"},"query-input":{"@type":"PropertyValueSpecification","valueRequired":true,"valueName":"search_term_string"}}],"inLanguage":"hr"}]}},"_links":{"self":[{"href":"https:\/\/oceansignal.com\/hr\/wp-json\/wp\/v2\/product\/31934","targetHints":{"allow":["GET"]}}],"collection":[{"href":"https:\/\/oceansignal.com\/hr\/wp-json\/wp\/v2\/product"}],"about":[{"href":"https:\/\/oceansignal.com\/hr\/wp-json\/wp\/v2\/types\/product"}],"wp:featuredmedia":[{"embeddable":true,"href":"https:\/\/oceansignal.com\/hr\/wp-json\/wp\/v2\/media\/31569"}],"wp:attachment":[{"href":"https:\/\/oceansignal.com\/hr\/wp-json\/wp\/v2\/media?parent=31934"}],"wp:term":[{"taxonomy":"product_brand","embeddable":true,"href":"https:\/\/oceansignal.com\/hr\/wp-json\/wp\/v2\/product_brand?post=31934"},{"taxonomy":"product_cat","embeddable":true,"href":"https:\/\/oceansignal.com\/hr\/wp-json\/wp\/v2\/product_cat?post=31934"},{"taxonomy":"product_tag","embeddable":true,"href":"https:\/\/oceansignal.com\/hr\/wp-json\/wp\/v2\/product_tag?post=31934"}],"curies":[{"name":"wp","href":"https:\/\/api.w.org\/{rel}","templated":true}]}}