{"id":31948,"date":"2025-06-24T09:31:27","date_gmt":"2025-06-24T09:31:27","guid":{"rendered":"https:\/\/oceansignal.com\/products\/plb1-sigurnosni-komplet\/"},"modified":"2026-03-18T16:38:49","modified_gmt":"2026-03-18T16:38:49","slug":"plb1-sigurnosni-komplet","status":"publish","type":"product","link":"https:\/\/oceansignal.com\/hr\/products\/plb1-sigurnosni-komplet\/","title":{"rendered":"PLB1 Sigurnosni komplet"},"content":{"rendered":"<h3 data-start=\"3285\" data-end=\"3337\"><strong data-start=\"3292\" data-end=\"3337\"><img loading=\"lazy\" decoding=\"async\" class=\"alignnone size-full wp-image-32359\" src=\"https:\/\/oceansignal.com\/wp-content\/uploads\/2025\/07\/View-New-Safety-Kits.png\" alt=\"\" width=\"300\" height=\"75\" srcset=\"https:\/\/oceansignal.com\/wp-content\/uploads\/2025\/07\/View-New-Safety-Kits.png 300w, https:\/\/oceansignal.com\/wp-content\/uploads\/2025\/07\/View-New-Safety-Kits-60x15.png 60w, https:\/\/oceansignal.com\/wp-content\/uploads\/2025\/07\/View-New-Safety-Kits-110x28.png 110w\" sizes=\"auto, (max-width: 300px) 100vw, 300px\" \/><\/strong><\/h3>\n<h3 data-start=\"3116\" data-end=\"3164\"><strong data-start=\"3123\" data-end=\"3164\">Za\u0161to odabrati sigurnosni komplet PLB1?<\/strong><\/h3>\n<p data-start=\"3166\" data-end=\"3448\">Dizajniran za neovisnost, ovaj komplet omogu\u0107uje pomorcima ili pilotima da za\u0161tite sebe i svoju posadu putem profesionalnog sigurnosnog sustava koji je kompaktan, isplativ i u skladu s propisima. Savr\u0161en je za one kojima jo\u0161 nije potreban EPIRB, ali \u017eele da ih se vidi, \u010duje i prona\u0111e kada je to najva\u017enije. <\/p>\n<p data-start=\"3450\" data-end=\"3536\">Bez obzira na to pode\u0161avate li jedra ili letite nogama, ovo je va\u0161a osobna sigurnosna podr\u0161ka.<\/p>\n<h3 data-start=\"2760\" data-end=\"2781\"><strong data-start=\"2767\" data-end=\"2781\">Idealno za:<\/strong><\/h3>\n<ul data-start=\"2782\" data-end=\"3037\">\n<li data-start=\"2782\" data-end=\"2842\">\n<p data-start=\"2784\" data-end=\"2842\">Solo jedrili\u010dari, studenti RYA-e (Kraljevskog udru\u017eenja jahti), vikend obalni kruzeri i profesionalni jedrili\u010dari<\/p>\n<\/li>\n<li data-start=\"2843\" data-end=\"2895\">\n<p data-start=\"2845\" data-end=\"2895\">Privatni piloti<\/p>\n<\/li>\n<li data-start=\"2896\" data-end=\"2965\">\n<p data-start=\"2898\" data-end=\"2965\">Avanturisti\u010dki putnici, vlasnici lakih zrakoplova i piloti ultralakih zrakoplova<\/p>\n<\/li>\n<li data-start=\"2966\" data-end=\"3037\">\n<p data-start=\"2968\" data-end=\"3037\">Svaki pomorac bez fiksnog EPIRB-a kojem je potrebna lagana za\u0161tita u hitnim slu\u010dajevima<\/p>\n<\/li>\n<\/ul>\n<h3 data-start=\"699\" data-end=\"752\"><strong data-start=\"706\" data-end=\"752\">\u0160to je uklju\u010deno i kako podr\u017eava spa\u0161avanje?<\/strong><\/h3>\n<h4 data-start=\"754\" data-end=\"810\"><strong data-start=\"759\" data-end=\"808\">1 \u00d7 Osobni lokator Ocean Signal PLB1<\/strong><\/h4>\n<p data-start=\"811\" data-end=\"834\">Bilo da ste na moru ili iznad udaljenog kopna, PLB1 vas izravno povezuje s globalnim spasila\u010dkim slu\u017ebama &#8211; \u010dak i kada ste izvan dometa VHF-a ili mobilnih ure\u0111aja.<br \/>\n Maloprodajna vrijednost: 279,99 \u00a3<br \/>\n<img loading=\"lazy\" decoding=\"async\" class=\"alignnone size-medium wp-image-31618\" src=\"https:\/\/oceansignal.com\/wp-content\/uploads\/2025\/06\/PLB1-straight-on-2.png\" alt=\"\" width=\"172\" height=\"246\" srcset=\"https:\/\/oceansignal.com\/wp-content\/uploads\/2025\/06\/PLB1-straight-on-2.png 172w, https:\/\/oceansignal.com\/wp-content\/uploads\/2025\/06\/PLB1-straight-on-2-60x86.png 60w, https:\/\/oceansignal.com\/wp-content\/uploads\/2025\/06\/PLB1-straight-on-2-110x157.png 110w\" sizes=\"auto, (max-width: 172px) 100vw, 172px\" \/><\/p>\n<p data-start=\"836\" data-end=\"1027\">Ovaj ultrakompaktni satelitski oda\u0161ilja\u010d od 406 MHz prenosi va\u0161u GPS lokaciju globalnoj satelitskoj mre\u017ei Cospas-Sarsat, a uz to emitira i lokalni signal za navo\u0111enje od 121,5 MHz kako bi pomogao timovima za pretragu da brzo lociraju lokaciju.<\/p>\n<ul data-start=\"1029\" data-end=\"1218\">\n<li data-start=\"1029\" data-end=\"1065\">\n<p data-start=\"1031\" data-end=\"1065\">Globalna satelitska upozorenja o nevolji<\/p>\n<\/li>\n<li data-start=\"1066\" data-end=\"1101\">\n<p data-start=\"1068\" data-end=\"1101\">GPS pozicioniranje + navigacijski signal<\/p>\n<\/li>\n<li data-start=\"1102\" data-end=\"1152\">\n<p data-start=\"1104\" data-end=\"1152\">Dovoljno mali da stane u d\u017eep ili pilotski prsluk<\/p>\n<\/li>\n<li data-start=\"1153\" data-end=\"1181\">\n<p data-start=\"1155\" data-end=\"1181\">Nije potrebna pretplata<\/p>\n<\/li>\n<li data-start=\"1182\" data-end=\"1218\">\n<p data-start=\"1184\" data-end=\"1218\">7-godi\u0161nja baterija, 24+ sati rada<\/p>\n<\/li>\n<\/ul>\n<hr data-start=\"1389\" data-end=\"1392\">\n<h4 data-start=\"1394\" data-end=\"1452\"><strong data-start=\"1399\" data-end=\"1450\">1 \u00d7 Ocean Signal EDF1 elektroni\u010dki signal za pomo\u0107<\/strong><\/h4>\n<p data-start=\"1453\" data-end=\"1476\">U\u010dinkovita signalizacija za zrakoplove za traganje ili obli\u017enje spasioce &#8211; idealno za sru\u0161ene pilote ili mornare koji \u010dekaju spa\u0161avanje.<br \/>\n Maloprodajna vrijednost: 149,99 \u00a3<br \/>\n<img loading=\"lazy\" decoding=\"async\" class=\"alignnone size-medium wp-image-31601\" src=\"https:\/\/oceansignal.com\/wp-content\/uploads\/2025\/06\/EDF1-cutout-70x300.png\" alt=\"\" width=\"70\" height=\"300\" srcset=\"https:\/\/oceansignal.com\/wp-content\/uploads\/2025\/06\/EDF1-cutout-70x300.png 70w, https:\/\/oceansignal.com\/wp-content\/uploads\/2025\/06\/EDF1-cutout-60x258.png 60w, https:\/\/oceansignal.com\/wp-content\/uploads\/2025\/06\/EDF1-cutout-110x473.png 110w, https:\/\/oceansignal.com\/wp-content\/uploads\/2025\/06\/EDF1-cutout.png 180w\" sizes=\"auto, (max-width: 70px) 100vw, 70px\" \/><\/p>\n<p data-start=\"1478\" data-end=\"1641\">Vi\u0161ekratna LED signalna raketa na baterije koja zamjenjuje pirotehniku \u200b\u200bsigurnijom i dugotrajnijom alternativom &#8211; savr\u0161ena za no\u0107nu vidljivost na kopnu ili moru.<\/p>\n<ul data-start=\"1643\" data-end=\"1796\">\n<li data-start=\"1643\" data-end=\"1685\">\n<p data-start=\"1645\" data-end=\"1685\">Vidljivost od 360\u00b0 no\u0107u do 7 milja<\/p>\n<\/li>\n<li data-start=\"1686\" data-end=\"1727\">\n<p data-start=\"1688\" data-end=\"1727\">Karakteristika SOS bljeskalice koja se emitira u jednom od \u010detiri opcionalna na\u010dina rada (Ekonomi\u010dno, Svijetlo, Ultra i Snop)<\/p>\n<\/li>\n<li data-start=\"1728\" data-end=\"1765\">\n<p data-start=\"1730\" data-end=\"1765\">Vodootporan, plutaju\u0107i i robustan<\/p>\n<\/li>\n<li data-start=\"1766\" data-end=\"1796\">\n<p data-start=\"1768\" data-end=\"1796\">Nema rizika od po\u017eara niti datuma isteka<\/p>\n<\/li>\n<\/ul>\n<hr data-start=\"1933\" data-end=\"1936\">\n<h4 data-start=\"1938\" data-end=\"1980\"><strong data-start=\"1943\" data-end=\"1978\">1 \u00d7 ACR signalno ogledalo i zvi\u017edaljka<\/strong><\/h4>\n<p data-start=\"1981\" data-end=\"2003\">Vitalna rezerva kada drugi alati zaka\u017eu &#8211; idealno za privla\u010denje posljednje pa\u017enje helikoptera, \u010damaca za spa\u0161avanje ili zemaljskih SAR timova.<br \/>\n Maloprodajna vrijednost: 10,99 \u00a3<br \/>\n<img loading=\"lazy\" decoding=\"async\" class=\"alignnone size-medium wp-image-31407\" src=\"https:\/\/oceansignal.com\/wp-content\/uploads\/2025\/06\/Grab_Bag_EPIRB1_Kit-e1752085331562-300x131.png\" alt=\"\" width=\"300\" height=\"131\" srcset=\"https:\/\/oceansignal.com\/wp-content\/uploads\/2025\/06\/Grab_Bag_EPIRB1_Kit-e1752085331562-300x131.png 300w, https:\/\/oceansignal.com\/wp-content\/uploads\/2025\/06\/Grab_Bag_EPIRB1_Kit-e1752085331562-60x26.png 60w, https:\/\/oceansignal.com\/wp-content\/uploads\/2025\/06\/Grab_Bag_EPIRB1_Kit-e1752085331562-110x48.png 110w, https:\/\/oceansignal.com\/wp-content\/uploads\/2025\/06\/Grab_Bag_EPIRB1_Kit-e1752085331562.png 344w\" sizes=\"auto, (max-width: 300px) 100vw, 300px\" \/><br \/>\n Jednostavni, lagani alati koji vam omogu\u0107uju vizualno i zvu\u010dno privla\u010denje spasilaca kada su u dometu.<\/p>\n<ul>\n<li><strong>Visoko reflektiraju\u0107e kompaktno zrcalo za dnevne vizualne signale &#8211; Dizajnirano za reflektiranje sun\u010deve svjetlosti na velike udaljenosti, idealno za privla\u010denje pa\u017enje prolaze\u0107ih plovila ili zrakoplova<\/strong><\/li>\n<li><strong>Glasan, tihi zvi\u017eduk za privla\u010denje pa\u017enje iz neposredne blizine<\/strong><\/li>\n<li><strong>Bez baterija, bez odr\u017eavanja<\/strong><\/li>\n<\/ul>\n<hr data-start=\"1933\" data-end=\"1936\">\n<p><strong data-start=\"2380\" data-end=\"2420\">1 \u00d7 Vodootporna torba za hvatanje Ocean Signal<\/strong><\/p>\n<p data-start=\"2423\" data-end=\"2445\">Odr\u017eava va\u0161 komplet za spa\u0161avanje za\u0161ti\u0107enim, vidljivim i spremnim za brzo djelovanje u bilo kojoj nu\u017edi.<br \/>\n Maloprodajna vrijednost: 99,99 \u00a3<br \/>\n<img loading=\"lazy\" decoding=\"async\" class=\"alignnone size-medium wp-image-31488\" src=\"https:\/\/oceansignal.com\/wp-content\/uploads\/2025\/06\/Grab_Bag-1-241x300.webp\" alt=\"\" width=\"241\" height=\"300\" srcset=\"https:\/\/oceansignal.com\/wp-content\/uploads\/2025\/06\/Grab_Bag-1-241x300.webp 241w, https:\/\/oceansignal.com\/wp-content\/uploads\/2025\/06\/Grab_Bag-1-60x75.webp 60w, https:\/\/oceansignal.com\/wp-content\/uploads\/2025\/06\/Grab_Bag-1-110x137.webp 110w, https:\/\/oceansignal.com\/wp-content\/uploads\/2025\/06\/Grab_Bag-1.webp 489w\" sizes=\"auto, (max-width: 241px) 100vw, 241px\" \/><\/p>\n<p data-start=\"2447\" data-end=\"2517\">Svijetla, plutaju\u0107a torba za pohranu svih sigurnosnih potrep\u0161tina na jednom mjestu.<\/p>\n<ul data-start=\"2519\" data-end=\"2641\">\n<li data-start=\"2519\" data-end=\"2570\">\n<p data-start=\"2521\" data-end=\"2570\"><strong>Lako se sprema u ormari\u0107 ili torbu u kokpitu<\/strong><\/p>\n<\/li>\n<li data-start=\"2571\" data-end=\"2616\">\n<p data-start=\"2573\" data-end=\"2616\"><strong>plovan<\/strong><\/p>\n<\/li>\n<li data-start=\"2617\" data-end=\"2641\">\n<p data-start=\"2619\" data-end=\"2641\"><strong>Dizajn visoke vidljivosti<\/strong><\/p>\n<\/li>\n<\/ul>\n","protected":false},"excerpt":{"rendered":"<p>PLB1 Sigurnosni komplet je pouzdan i pristupa\u010dan paket za hitne slu\u010dajeve za jedrili\u010dare i pilote koji rade samostalno i cijene laganu, samostalnu sigurnosnu opremu. Bez obzira na to radite li kratki obalni let ili letite preko udaljenog terena, ovaj komplet osigurava da ste spremni ako se dogodi neo\u010dekivano. <\/p>\n<p>Ukupna vrijednost kompleta po preporu\u010denoj maloprodajnoj cijeni: 595,99 \u00a3 U\u0161tedite 115,97 \u00a3 s ovim kompletom!<\/p>\n","protected":false},"featured_media":31586,"template":"","meta":{"_acf_changed":false,"om_disable_all_campaigns":false},"product_brand":[],"product_cat":[1977,476,1652],"product_tag":[1699,1654],"class_list":{"0":"post-31948","1":"product","2":"type-product","3":"status-publish","4":"has-post-thumbnail","6":"product_cat-kompatibilno-s-prslukom-za-spasavanje","7":"product_cat-rescueme-hr","8":"product_cat-sigurnosni-setovi","9":"product_tag-sigurnosni-setovi","10":"product_tag-vreca-za-grabljenje","12":"first","13":"instock","14":"taxable","15":"shipping-taxable","16":"purchasable","17":"product-type-simple"},"acf":[],"yoast_head":"<!-- This site is optimized with the Yoast SEO Premium plugin v25.2 (Yoast SEO v26.4) - https:\/\/yoast.com\/wordpress\/plugins\/seo\/ -->\n<title>PLB1 Sigurnosni komplet - Ocean Signal<\/title>\n<meta name=\"robots\" content=\"index, follow, max-snippet:-1, max-image-preview:large, max-video-preview:-1\" \/>\n<link rel=\"canonical\" href=\"https:\/\/oceansignal.com\/hr\/products\/plb1-sigurnosni-komplet\/\" \/>\n<meta property=\"og:locale\" content=\"hr_HR\" \/>\n<meta property=\"og:type\" content=\"article\" \/>\n<meta property=\"og:title\" content=\"PLB1 Sigurnosni komplet\" \/>\n<meta property=\"og:description\" content=\"PLB1 Sigurnosni komplet je pouzdan i pristupa\u010dan paket za hitne slu\u010dajeve za jedrili\u010dare i pilote koji rade samostalno i cijene laganu, samostalnu sigurnosnu opremu. Bez obzira na to radite li kratki obalni let ili letite preko udaljenog terena, ovaj komplet osigurava da ste spremni ako se dogodi neo\u010dekivano.  Ukupna vrijednost kompleta po preporu\u010denoj maloprodajnoj cijeni: 595,99 \u00a3 U\u0161tedite 115,97 \u00a3 s ovim kompletom!\" \/>\n<meta property=\"og:url\" content=\"https:\/\/oceansignal.com\/hr\/products\/plb1-sigurnosni-komplet\/\" \/>\n<meta property=\"og:site_name\" content=\"Ocean Signal\" \/>\n<meta property=\"article:modified_time\" content=\"2026-03-18T16:38:49+00:00\" \/>\n<meta property=\"og:image\" content=\"https:\/\/oceansignal.com\/wp-content\/uploads\/2025\/06\/Grab_Bag_PLB1_Kit-1.jpg\" \/>\n\t<meta property=\"og:image:width\" content=\"911\" \/>\n\t<meta property=\"og:image:height\" content=\"805\" \/>\n\t<meta property=\"og:image:type\" content=\"image\/jpeg\" \/>\n<meta name=\"twitter:card\" content=\"summary_large_image\" \/>\n<meta name=\"twitter:label1\" content=\"Procijenjeno vrijeme \u010ditanja\" \/>\n\t<meta name=\"twitter:data1\" content=\"2 minute\" \/>\n<script type=\"application\/ld+json\" class=\"yoast-schema-graph\">{\"@context\":\"https:\/\/schema.org\",\"@graph\":[{\"@type\":\"WebPage\",\"@id\":\"https:\/\/oceansignal.com\/hr\/products\/plb1-sigurnosni-komplet\/\",\"url\":\"https:\/\/oceansignal.com\/hr\/products\/plb1-sigurnosni-komplet\/\",\"name\":\"PLB1 Sigurnosni komplet - Ocean Signal\",\"isPartOf\":{\"@id\":\"https:\/\/oceansignal.com\/hr\/#website\"},\"primaryImageOfPage\":{\"@id\":\"https:\/\/oceansignal.com\/hr\/products\/plb1-sigurnosni-komplet\/#primaryimage\"},\"image\":{\"@id\":\"https:\/\/oceansignal.com\/hr\/products\/plb1-sigurnosni-komplet\/#primaryimage\"},\"thumbnailUrl\":\"https:\/\/oceansignal.com\/wp-content\/uploads\/2025\/06\/Grab_Bag_PLB1_Kit-1.jpg\",\"datePublished\":\"2025-06-24T09:31:27+00:00\",\"dateModified\":\"2026-03-18T16:38:49+00:00\",\"breadcrumb\":{\"@id\":\"https:\/\/oceansignal.com\/hr\/products\/plb1-sigurnosni-komplet\/#breadcrumb\"},\"inLanguage\":\"hr\",\"potentialAction\":[{\"@type\":\"ReadAction\",\"target\":[\"https:\/\/oceansignal.com\/hr\/products\/plb1-sigurnosni-komplet\/\"]}]},{\"@type\":\"ImageObject\",\"inLanguage\":\"hr\",\"@id\":\"https:\/\/oceansignal.com\/hr\/products\/plb1-sigurnosni-komplet\/#primaryimage\",\"url\":\"https:\/\/oceansignal.com\/wp-content\/uploads\/2025\/06\/Grab_Bag_PLB1_Kit-1.jpg\",\"contentUrl\":\"https:\/\/oceansignal.com\/wp-content\/uploads\/2025\/06\/Grab_Bag_PLB1_Kit-1.jpg\",\"width\":911,\"height\":805},{\"@type\":\"BreadcrumbList\",\"@id\":\"https:\/\/oceansignal.com\/hr\/products\/plb1-sigurnosni-komplet\/#breadcrumb\",\"itemListElement\":[{\"@type\":\"ListItem\",\"position\":1,\"name\":\"Prera\u0111evina\",\"item\":\"https:\/\/oceansignal.com\/hr\/preradevina\/\"},{\"@type\":\"ListItem\",\"position\":2,\"name\":\"PLB1 Sigurnosni komplet\"}]},{\"@type\":\"WebSite\",\"@id\":\"https:\/\/oceansignal.com\/hr\/#website\",\"url\":\"https:\/\/oceansignal.com\/hr\/\",\"name\":\"Ocean Signal\",\"description\":\"A leading manufacturer of EPIRBs, AIS, SARTs, Personal Locator Beacons, Man Overboard Beacon for the Marine and Outdoor Markets.\",\"potentialAction\":[{\"@type\":\"SearchAction\",\"target\":{\"@type\":\"EntryPoint\",\"urlTemplate\":\"https:\/\/oceansignal.com\/hr\/?s={search_term_string}\"},\"query-input\":{\"@type\":\"PropertyValueSpecification\",\"valueRequired\":true,\"valueName\":\"search_term_string\"}}],\"inLanguage\":\"hr\"}]}<\/script>\n<!-- \/ Yoast SEO Premium plugin. -->","yoast_head_json":{"title":"PLB1 Sigurnosni komplet - Ocean Signal","robots":{"index":"index","follow":"follow","max-snippet":"max-snippet:-1","max-image-preview":"max-image-preview:large","max-video-preview":"max-video-preview:-1"},"canonical":"https:\/\/oceansignal.com\/hr\/products\/plb1-sigurnosni-komplet\/","og_locale":"hr_HR","og_type":"article","og_title":"PLB1 Sigurnosni komplet","og_description":"PLB1 Sigurnosni komplet je pouzdan i pristupa\u010dan paket za hitne slu\u010dajeve za jedrili\u010dare i pilote koji rade samostalno i cijene laganu, samostalnu sigurnosnu opremu. Bez obzira na to radite li kratki obalni let ili letite preko udaljenog terena, ovaj komplet osigurava da ste spremni ako se dogodi neo\u010dekivano.  Ukupna vrijednost kompleta po preporu\u010denoj maloprodajnoj cijeni: 595,99 \u00a3 U\u0161tedite 115,97 \u00a3 s ovim kompletom!","og_url":"https:\/\/oceansignal.com\/hr\/products\/plb1-sigurnosni-komplet\/","og_site_name":"Ocean Signal","article_modified_time":"2026-03-18T16:38:49+00:00","og_image":[{"width":911,"height":805,"url":"https:\/\/oceansignal.com\/wp-content\/uploads\/2025\/06\/Grab_Bag_PLB1_Kit-1.jpg","type":"image\/jpeg"}],"twitter_card":"summary_large_image","twitter_misc":{"Procijenjeno vrijeme \u010ditanja":"2 minute"},"schema":{"@context":"https:\/\/schema.org","@graph":[{"@type":"WebPage","@id":"https:\/\/oceansignal.com\/hr\/products\/plb1-sigurnosni-komplet\/","url":"https:\/\/oceansignal.com\/hr\/products\/plb1-sigurnosni-komplet\/","name":"PLB1 Sigurnosni komplet - Ocean Signal","isPartOf":{"@id":"https:\/\/oceansignal.com\/hr\/#website"},"primaryImageOfPage":{"@id":"https:\/\/oceansignal.com\/hr\/products\/plb1-sigurnosni-komplet\/#primaryimage"},"image":{"@id":"https:\/\/oceansignal.com\/hr\/products\/plb1-sigurnosni-komplet\/#primaryimage"},"thumbnailUrl":"https:\/\/oceansignal.com\/wp-content\/uploads\/2025\/06\/Grab_Bag_PLB1_Kit-1.jpg","datePublished":"2025-06-24T09:31:27+00:00","dateModified":"2026-03-18T16:38:49+00:00","breadcrumb":{"@id":"https:\/\/oceansignal.com\/hr\/products\/plb1-sigurnosni-komplet\/#breadcrumb"},"inLanguage":"hr","potentialAction":[{"@type":"ReadAction","target":["https:\/\/oceansignal.com\/hr\/products\/plb1-sigurnosni-komplet\/"]}]},{"@type":"ImageObject","inLanguage":"hr","@id":"https:\/\/oceansignal.com\/hr\/products\/plb1-sigurnosni-komplet\/#primaryimage","url":"https:\/\/oceansignal.com\/wp-content\/uploads\/2025\/06\/Grab_Bag_PLB1_Kit-1.jpg","contentUrl":"https:\/\/oceansignal.com\/wp-content\/uploads\/2025\/06\/Grab_Bag_PLB1_Kit-1.jpg","width":911,"height":805},{"@type":"BreadcrumbList","@id":"https:\/\/oceansignal.com\/hr\/products\/plb1-sigurnosni-komplet\/#breadcrumb","itemListElement":[{"@type":"ListItem","position":1,"name":"Prera\u0111evina","item":"https:\/\/oceansignal.com\/hr\/preradevina\/"},{"@type":"ListItem","position":2,"name":"PLB1 Sigurnosni komplet"}]},{"@type":"WebSite","@id":"https:\/\/oceansignal.com\/hr\/#website","url":"https:\/\/oceansignal.com\/hr\/","name":"Ocean Signal","description":"A leading manufacturer of EPIRBs, AIS, SARTs, Personal Locator Beacons, Man Overboard Beacon for the Marine and Outdoor Markets.","potentialAction":[{"@type":"SearchAction","target":{"@type":"EntryPoint","urlTemplate":"https:\/\/oceansignal.com\/hr\/?s={search_term_string}"},"query-input":{"@type":"PropertyValueSpecification","valueRequired":true,"valueName":"search_term_string"}}],"inLanguage":"hr"}]}},"_links":{"self":[{"href":"https:\/\/oceansignal.com\/hr\/wp-json\/wp\/v2\/product\/31948","targetHints":{"allow":["GET"]}}],"collection":[{"href":"https:\/\/oceansignal.com\/hr\/wp-json\/wp\/v2\/product"}],"about":[{"href":"https:\/\/oceansignal.com\/hr\/wp-json\/wp\/v2\/types\/product"}],"wp:featuredmedia":[{"embeddable":true,"href":"https:\/\/oceansignal.com\/hr\/wp-json\/wp\/v2\/media\/31586"}],"wp:attachment":[{"href":"https:\/\/oceansignal.com\/hr\/wp-json\/wp\/v2\/media?parent=31948"}],"wp:term":[{"taxonomy":"product_brand","embeddable":true,"href":"https:\/\/oceansignal.com\/hr\/wp-json\/wp\/v2\/product_brand?post=31948"},{"taxonomy":"product_cat","embeddable":true,"href":"https:\/\/oceansignal.com\/hr\/wp-json\/wp\/v2\/product_cat?post=31948"},{"taxonomy":"product_tag","embeddable":true,"href":"https:\/\/oceansignal.com\/hr\/wp-json\/wp\/v2\/product_tag?post=31948"}],"curies":[{"name":"wp","href":"https:\/\/api.w.org\/{rel}","templated":true}]}}