{"id":31954,"date":"2025-06-17T12:56:37","date_gmt":"2025-06-17T12:56:37","guid":{"rendered":"https:\/\/oceansignal.com\/products\/epirb1-sigurnosni-komplet\/"},"modified":"2025-08-21T14:04:36","modified_gmt":"2025-08-21T14:04:36","slug":"epirb1-sigurnosni-komplet","status":"publish","type":"product","link":"https:\/\/oceansignal.com\/hr\/products\/epirb1-sigurnosni-komplet\/","title":{"rendered":"EPIRB1 Sigurnosni komplet"},"content":{"rendered":"<h3><img loading=\"lazy\" decoding=\"async\" class=\"alignnone size-full wp-image-32359\" src=\"https:\/\/oceansignal.com\/wp-content\/uploads\/2025\/07\/View-New-Safety-Kits.png\" alt=\"\" width=\"300\" height=\"75\" srcset=\"https:\/\/oceansignal.com\/wp-content\/uploads\/2025\/07\/View-New-Safety-Kits.png 300w, https:\/\/oceansignal.com\/wp-content\/uploads\/2025\/07\/View-New-Safety-Kits-60x15.png 60w, https:\/\/oceansignal.com\/wp-content\/uploads\/2025\/07\/View-New-Safety-Kits-110x28.png 110w\" sizes=\"auto, (max-width: 300px) 100vw, 300px\" \/><\/h3>\n<h3>Za\u0161to odabrati sigurnosni komplet EPIRB1?<\/h3>\n<p>Ovaj komplet je osmi\u0161ljen imaju\u0107i na umu stvarne hitne slu\u010dajeve: skidanje jarbola, po\u017ear, potonu\u0107e ili iznenadno napu\u0161tanje. Bez obzira prelazite li La Manche ili se upu\u0161tate dalje na more, <em>EPIRB1 sigurnosni komplet<\/em> daje vam ozbiljnu prednost u najgorem slu\u010daju &#8211; i mogao bi vam spasiti \u017eivot. <\/p>\n<p>EPIRB1 sigurnosni komplet je kompaktan, prakti\u010dan paket za hitne slu\u010dajeve, dizajniran za samostalne jedrili\u010dare, strastvene ribolovce i obalne krstarice koji \u017eele profesionalnu opremu s minimalnim postavljanjem. Kombinira tri osnovna alata u jedan visokovrijedan paket, a svaki je odabran kako bi pove\u0107ao va\u0161e \u0161anse za brzo i koordinirano spa\u0161avanje. <\/p>\n<h3><strong>Dizajnirano za:<\/strong><\/h3>\n<ul>\n<li>Samostalni mornari na otvorenom moru<\/li>\n<li>Vlasnici jahti tra\u017ee torbu za prtljagu koja je u skladu s propisima<\/li>\n<li>Obalni kruzeri i brodovi za dostavu<\/li>\n<li>Rekreativni ribolovci<\/li>\n<li>Novoprido\u0161lice koje su svjesne sigurnosti prvi put opremaju svoj brod<\/li>\n<\/ul>\n<h3><strong>\u0160to je uklju\u010deno i za\u0161to je to va\u017eno<\/strong><\/h3>\n<h4><strong>1 \u00d7 Ocean Signal EPIRB1 Cat II signalni signal<\/strong><\/h4>\n<p><img loading=\"lazy\" decoding=\"async\" class=\"alignnone wp-image-31391 size-medium\" src=\"https:\/\/oceansignal.com\/wp-content\/uploads\/2025\/06\/EPIRB-1.2-153x300.png\" alt=\"\" width=\"153\" height=\"300\" srcset=\"https:\/\/oceansignal.com\/wp-content\/uploads\/2025\/06\/EPIRB-1.2-153x300.png 153w, https:\/\/oceansignal.com\/wp-content\/uploads\/2025\/06\/EPIRB-1.2-522x1024.png 522w, https:\/\/oceansignal.com\/wp-content\/uploads\/2025\/06\/EPIRB-1.2-768x1507.png 768w, https:\/\/oceansignal.com\/wp-content\/uploads\/2025\/06\/EPIRB-1.2-783x1536.png 783w, https:\/\/oceansignal.com\/wp-content\/uploads\/2025\/06\/EPIRB-1.2-600x1177.png 600w, https:\/\/oceansignal.com\/wp-content\/uploads\/2025\/06\/EPIRB-1.2-60x118.png 60w, https:\/\/oceansignal.com\/wp-content\/uploads\/2025\/06\/EPIRB-1.2-110x216.png 110w, https:\/\/oceansignal.com\/wp-content\/uploads\/2025\/06\/EPIRB-1.2.png 822w\" sizes=\"auto, (max-width: 153px) 100vw, 153px\" \/><\/p>\n<p>EPIRB-ovi su naju\u010dinkovitiji na\u010din pozivanja globalnog SAR odgovora u izvanrednim situacijama na moru.<br \/>\n Maloprodajna vrijednost: 484,99 \u00a3<\/p>\n<p>Srce kompleta \u2014 EPIRB (Emergency Position Indicating Radio Beacon) od 406 MHz koji automatski prenosi va\u0161u lokaciju globalnim satelitima za potragu i spa\u0161avanje kada se aktivira. EPIRB1 koristi GPS i COSPAS-SARSAT satelitsku mre\u017eu za odre\u0111ivanje va\u0161eg polo\u017eaja bilo gdje u svijetu, osiguravaju\u0107i da se pomo\u0107 dostavi u roku od nekoliko minuta. <\/p>\n<ul>\n<li><strong>Visokoprecizni GPS<\/strong> osigurava da spasioci primaju precizne informacije o lokaciji.<\/li>\n<li><strong>Trajanje baterije od 48+ sati<\/strong> daje timovima za pretra\u017eivanje dugo vremena da vas prona\u0111u.<\/li>\n<li><strong>Ru\u010dni nosa\u010d (Cat II)<\/strong> omogu\u0107uje jednostavnu monta\u017eu na plo\u010du.<\/li>\n<\/ul>\n<hr>\n<h4><strong>1 \u00d7 ACR signalno ogledalo i zvi\u017edaljka<\/strong><\/h4>\n<p><img loading=\"lazy\" decoding=\"async\" class=\"alignnone wp-image-31407 size-medium\" src=\"https:\/\/oceansignal.com\/wp-content\/uploads\/2025\/06\/Grab_Bag_EPIRB1_Kit-300x218.png\" alt=\"\" width=\"300\" height=\"218\"><\/p>\n<p>Nakon \u0161to su spasioci u blizini, klju\u010dno je mo\u0107i vizualno ili zvu\u010dno signalizirati svoju to\u010dnu poziciju &#8211; posebno u uzburkanom moru ili pri slaboj vidljivosti. <em><br \/>\nMaloprodajna vrijednost: 10,99 \u00a3<\/em><\/p>\n<p>Jednostavna, ali sna\u017ena kombinacija vizualne i zvu\u010dne signalizacije koja mo\u017ee zna\u010diti razliku izme\u0111u uo\u010davanja i previ\u0111anja od strane spasila\u010dkog zrakoplova ili plovila.<\/p>\n<ul>\n<li><strong>Signalno zrcalo:<\/strong> <strong>Dizajnirano za reflektiranje sun\u010deve svjetlosti na velike udaljenosti, idealno za privla\u010denje pa\u017enje prolaze\u0107ih plovila ili zrakoplova.<\/strong><\/li>\n<li><strong>Zvi\u017edaljka: Pru\u017ea o\u0161tre zvu\u010dne signale koji mogu probiti buku vjetra i valova.<\/strong><\/li>\n<\/ul>\n<hr>\n<h4><strong>1 \u00d7 Vodootporna torba za hvatanje Ocean Signal<\/strong><\/h4>\n<p><img loading=\"lazy\" decoding=\"async\" class=\"alignnone wp-image-31488 size-medium\" src=\"https:\/\/oceansignal.com\/wp-content\/uploads\/2025\/06\/Grab_Bag-1-241x300.webp\" alt=\"\" width=\"241\" height=\"300\" srcset=\"https:\/\/oceansignal.com\/wp-content\/uploads\/2025\/06\/Grab_Bag-1-241x300.webp 241w, https:\/\/oceansignal.com\/wp-content\/uploads\/2025\/06\/Grab_Bag-1-60x75.webp 60w, https:\/\/oceansignal.com\/wp-content\/uploads\/2025\/06\/Grab_Bag-1-110x137.webp 110w, https:\/\/oceansignal.com\/wp-content\/uploads\/2025\/06\/Grab_Bag-1.webp 489w\" sizes=\"auto, (max-width: 241px) 100vw, 241px\" \/><\/p>\n<p>U kaosu hitne situacije, ova torba za bebe omogu\u0107uje vam brzo kretanje sa svime \u0161to vam je potrebno &#8211; suho, organizirano i jednostavno za uzimanje i odlazak.<br \/>\n Maloprodajna vrijednost: 129,99 \u00a3<\/p>\n<p>Izdr\u017eljiva, vodootporna torba za brodsku upotrebu, dizajnirana za no\u0161enje va\u0161eg EPIRB-a, signalne opreme, dokumenata i ostale sigurnosne opreme i potrep\u0161tina. Napravljena za plutanje i ostanak suhim u te\u0161kim morskim uvjetima. <\/p>\n<ul>\n<li><strong>Svijetla, visoko vidljiva boja za brzo uo\u010davanje.<\/strong><\/li>\n<li><strong>Sigurno zatvaranje odr\u017eava sadr\u017eaj suhim i za\u0161ti\u0107enim.<\/strong><\/li>\n<li><strong>Ru\u010dka za jednostavno no\u0161enje za brzu evakuaciju.<\/strong><\/li>\n<\/ul>\n","protected":false},"excerpt":{"rendered":"<p>Sigurnosni komplet EPIRB 1 je gotova torba s klju\u010dnom opremom za hitne slu\u010dajeve. Izgra\u0111en oko ultrakompaktnog EPIRB1 signala kategorije II tvrtke Ocean Signal, ovaj va\u017ean komplet tako\u0111er uklju\u010duje signalno ogledalo i zvi\u017edaljku, osiguravaju\u0107i da imate najosnovniju sigurnosnu opremu. <\/p>\n<p>Savr\u0161eno za samostalne jedrili\u010dare, obalne krstarice ili one koji opremaju prvi sigurnosni komplet.<\/p>\n<p>Ukupna vrijednost kompleta po preporu\u010denoj maloprodajnoj cijeni: 625,97 \u00a3. U\u0161tedite 95,98 \u00a3 s ovim kompletom! <\/p>\n","protected":false},"featured_media":31289,"template":"","meta":{"_acf_changed":false,"om_disable_all_campaigns":false},"product_brand":[],"product_cat":[476,1652],"product_tag":[],"class_list":{"0":"post-31954","1":"product","2":"type-product","3":"status-publish","4":"has-post-thumbnail","6":"product_cat-rescueme-hr","7":"product_cat-sigurnosni-setovi","9":"first","10":"instock","11":"taxable","12":"shipping-taxable","13":"purchasable","14":"product-type-simple"},"acf":[],"yoast_head":"<!-- This site is optimized with the Yoast SEO Premium plugin v25.2 (Yoast SEO v26.4) - https:\/\/yoast.com\/wordpress\/plugins\/seo\/ -->\n<title>EPIRB1 Sigurnosni komplet - Ocean Signal<\/title>\n<meta name=\"robots\" content=\"index, follow, max-snippet:-1, max-image-preview:large, max-video-preview:-1\" \/>\n<link rel=\"canonical\" href=\"https:\/\/oceansignal.com\/hr\/products\/epirb1-sigurnosni-komplet\/\" \/>\n<meta property=\"og:locale\" content=\"hr_HR\" \/>\n<meta property=\"og:type\" content=\"article\" \/>\n<meta property=\"og:title\" content=\"EPIRB1 Sigurnosni komplet\" \/>\n<meta property=\"og:description\" content=\"Sigurnosni komplet EPIRB 1 je gotova torba s klju\u010dnom opremom za hitne slu\u010dajeve. Izgra\u0111en oko ultrakompaktnog EPIRB1 signala kategorije II tvrtke Ocean Signal, ovaj va\u017ean komplet tako\u0111er uklju\u010duje signalno ogledalo i zvi\u017edaljku, osiguravaju\u0107i da imate najosnovniju sigurnosnu opremu.  Savr\u0161eno za samostalne jedrili\u010dare, obalne krstarice ili one koji opremaju prvi sigurnosni komplet. Ukupna vrijednost kompleta po preporu\u010denoj maloprodajnoj cijeni: 625,97 \u00a3. U\u0161tedite 95,98 \u00a3 s ovim kompletom!\" \/>\n<meta property=\"og:url\" content=\"https:\/\/oceansignal.com\/hr\/products\/epirb1-sigurnosni-komplet\/\" \/>\n<meta property=\"og:site_name\" content=\"Ocean Signal\" \/>\n<meta property=\"article:modified_time\" content=\"2025-08-21T14:04:36+00:00\" \/>\n<meta property=\"og:image\" content=\"https:\/\/oceansignal.com\/wp-content\/uploads\/2025\/06\/Grab_Bag_EPIRB1_Kit-1.jpg\" \/>\n\t<meta property=\"og:image:width\" content=\"911\" \/>\n\t<meta property=\"og:image:height\" content=\"805\" \/>\n\t<meta property=\"og:image:type\" content=\"image\/jpeg\" \/>\n<meta name=\"twitter:card\" content=\"summary_large_image\" \/>\n<meta name=\"twitter:label1\" content=\"Procijenjeno vrijeme \u010ditanja\" \/>\n\t<meta name=\"twitter:data1\" content=\"2 minute\" \/>\n<script type=\"application\/ld+json\" class=\"yoast-schema-graph\">{\"@context\":\"https:\/\/schema.org\",\"@graph\":[{\"@type\":\"WebPage\",\"@id\":\"https:\/\/oceansignal.com\/hr\/products\/epirb1-sigurnosni-komplet\/\",\"url\":\"https:\/\/oceansignal.com\/hr\/products\/epirb1-sigurnosni-komplet\/\",\"name\":\"EPIRB1 Sigurnosni komplet - Ocean Signal\",\"isPartOf\":{\"@id\":\"https:\/\/oceansignal.com\/hr\/#website\"},\"primaryImageOfPage\":{\"@id\":\"https:\/\/oceansignal.com\/hr\/products\/epirb1-sigurnosni-komplet\/#primaryimage\"},\"image\":{\"@id\":\"https:\/\/oceansignal.com\/hr\/products\/epirb1-sigurnosni-komplet\/#primaryimage\"},\"thumbnailUrl\":\"https:\/\/oceansignal.com\/wp-content\/uploads\/2025\/06\/Grab_Bag_EPIRB1_Kit-1.jpg\",\"datePublished\":\"2025-06-17T12:56:37+00:00\",\"dateModified\":\"2025-08-21T14:04:36+00:00\",\"breadcrumb\":{\"@id\":\"https:\/\/oceansignal.com\/hr\/products\/epirb1-sigurnosni-komplet\/#breadcrumb\"},\"inLanguage\":\"hr\",\"potentialAction\":[{\"@type\":\"ReadAction\",\"target\":[\"https:\/\/oceansignal.com\/hr\/products\/epirb1-sigurnosni-komplet\/\"]}]},{\"@type\":\"ImageObject\",\"inLanguage\":\"hr\",\"@id\":\"https:\/\/oceansignal.com\/hr\/products\/epirb1-sigurnosni-komplet\/#primaryimage\",\"url\":\"https:\/\/oceansignal.com\/wp-content\/uploads\/2025\/06\/Grab_Bag_EPIRB1_Kit-1.jpg\",\"contentUrl\":\"https:\/\/oceansignal.com\/wp-content\/uploads\/2025\/06\/Grab_Bag_EPIRB1_Kit-1.jpg\",\"width\":911,\"height\":805},{\"@type\":\"BreadcrumbList\",\"@id\":\"https:\/\/oceansignal.com\/hr\/products\/epirb1-sigurnosni-komplet\/#breadcrumb\",\"itemListElement\":[{\"@type\":\"ListItem\",\"position\":1,\"name\":\"Prera\u0111evina\",\"item\":\"https:\/\/oceansignal.com\/hr\/preradevina\/\"},{\"@type\":\"ListItem\",\"position\":2,\"name\":\"EPIRB1 Sigurnosni komplet\"}]},{\"@type\":\"WebSite\",\"@id\":\"https:\/\/oceansignal.com\/hr\/#website\",\"url\":\"https:\/\/oceansignal.com\/hr\/\",\"name\":\"Ocean Signal\",\"description\":\"A leading manufacturer of EPIRBs, AIS, SARTs, Personal Locator Beacons, Man Overboard Beacon for the Marine and Outdoor Markets.\",\"potentialAction\":[{\"@type\":\"SearchAction\",\"target\":{\"@type\":\"EntryPoint\",\"urlTemplate\":\"https:\/\/oceansignal.com\/hr\/?s={search_term_string}\"},\"query-input\":{\"@type\":\"PropertyValueSpecification\",\"valueRequired\":true,\"valueName\":\"search_term_string\"}}],\"inLanguage\":\"hr\"}]}<\/script>\n<!-- \/ Yoast SEO Premium plugin. -->","yoast_head_json":{"title":"EPIRB1 Sigurnosni komplet - Ocean Signal","robots":{"index":"index","follow":"follow","max-snippet":"max-snippet:-1","max-image-preview":"max-image-preview:large","max-video-preview":"max-video-preview:-1"},"canonical":"https:\/\/oceansignal.com\/hr\/products\/epirb1-sigurnosni-komplet\/","og_locale":"hr_HR","og_type":"article","og_title":"EPIRB1 Sigurnosni komplet","og_description":"Sigurnosni komplet EPIRB 1 je gotova torba s klju\u010dnom opremom za hitne slu\u010dajeve. Izgra\u0111en oko ultrakompaktnog EPIRB1 signala kategorije II tvrtke Ocean Signal, ovaj va\u017ean komplet tako\u0111er uklju\u010duje signalno ogledalo i zvi\u017edaljku, osiguravaju\u0107i da imate najosnovniju sigurnosnu opremu.  Savr\u0161eno za samostalne jedrili\u010dare, obalne krstarice ili one koji opremaju prvi sigurnosni komplet. Ukupna vrijednost kompleta po preporu\u010denoj maloprodajnoj cijeni: 625,97 \u00a3. U\u0161tedite 95,98 \u00a3 s ovim kompletom!","og_url":"https:\/\/oceansignal.com\/hr\/products\/epirb1-sigurnosni-komplet\/","og_site_name":"Ocean Signal","article_modified_time":"2025-08-21T14:04:36+00:00","og_image":[{"width":911,"height":805,"url":"https:\/\/oceansignal.com\/wp-content\/uploads\/2025\/06\/Grab_Bag_EPIRB1_Kit-1.jpg","type":"image\/jpeg"}],"twitter_card":"summary_large_image","twitter_misc":{"Procijenjeno vrijeme \u010ditanja":"2 minute"},"schema":{"@context":"https:\/\/schema.org","@graph":[{"@type":"WebPage","@id":"https:\/\/oceansignal.com\/hr\/products\/epirb1-sigurnosni-komplet\/","url":"https:\/\/oceansignal.com\/hr\/products\/epirb1-sigurnosni-komplet\/","name":"EPIRB1 Sigurnosni komplet - Ocean Signal","isPartOf":{"@id":"https:\/\/oceansignal.com\/hr\/#website"},"primaryImageOfPage":{"@id":"https:\/\/oceansignal.com\/hr\/products\/epirb1-sigurnosni-komplet\/#primaryimage"},"image":{"@id":"https:\/\/oceansignal.com\/hr\/products\/epirb1-sigurnosni-komplet\/#primaryimage"},"thumbnailUrl":"https:\/\/oceansignal.com\/wp-content\/uploads\/2025\/06\/Grab_Bag_EPIRB1_Kit-1.jpg","datePublished":"2025-06-17T12:56:37+00:00","dateModified":"2025-08-21T14:04:36+00:00","breadcrumb":{"@id":"https:\/\/oceansignal.com\/hr\/products\/epirb1-sigurnosni-komplet\/#breadcrumb"},"inLanguage":"hr","potentialAction":[{"@type":"ReadAction","target":["https:\/\/oceansignal.com\/hr\/products\/epirb1-sigurnosni-komplet\/"]}]},{"@type":"ImageObject","inLanguage":"hr","@id":"https:\/\/oceansignal.com\/hr\/products\/epirb1-sigurnosni-komplet\/#primaryimage","url":"https:\/\/oceansignal.com\/wp-content\/uploads\/2025\/06\/Grab_Bag_EPIRB1_Kit-1.jpg","contentUrl":"https:\/\/oceansignal.com\/wp-content\/uploads\/2025\/06\/Grab_Bag_EPIRB1_Kit-1.jpg","width":911,"height":805},{"@type":"BreadcrumbList","@id":"https:\/\/oceansignal.com\/hr\/products\/epirb1-sigurnosni-komplet\/#breadcrumb","itemListElement":[{"@type":"ListItem","position":1,"name":"Prera\u0111evina","item":"https:\/\/oceansignal.com\/hr\/preradevina\/"},{"@type":"ListItem","position":2,"name":"EPIRB1 Sigurnosni komplet"}]},{"@type":"WebSite","@id":"https:\/\/oceansignal.com\/hr\/#website","url":"https:\/\/oceansignal.com\/hr\/","name":"Ocean Signal","description":"A leading manufacturer of EPIRBs, AIS, SARTs, Personal Locator Beacons, Man Overboard Beacon for the Marine and Outdoor Markets.","potentialAction":[{"@type":"SearchAction","target":{"@type":"EntryPoint","urlTemplate":"https:\/\/oceansignal.com\/hr\/?s={search_term_string}"},"query-input":{"@type":"PropertyValueSpecification","valueRequired":true,"valueName":"search_term_string"}}],"inLanguage":"hr"}]}},"_links":{"self":[{"href":"https:\/\/oceansignal.com\/hr\/wp-json\/wp\/v2\/product\/31954","targetHints":{"allow":["GET"]}}],"collection":[{"href":"https:\/\/oceansignal.com\/hr\/wp-json\/wp\/v2\/product"}],"about":[{"href":"https:\/\/oceansignal.com\/hr\/wp-json\/wp\/v2\/types\/product"}],"wp:featuredmedia":[{"embeddable":true,"href":"https:\/\/oceansignal.com\/hr\/wp-json\/wp\/v2\/media\/31289"}],"wp:attachment":[{"href":"https:\/\/oceansignal.com\/hr\/wp-json\/wp\/v2\/media?parent=31954"}],"wp:term":[{"taxonomy":"product_brand","embeddable":true,"href":"https:\/\/oceansignal.com\/hr\/wp-json\/wp\/v2\/product_brand?post=31954"},{"taxonomy":"product_cat","embeddable":true,"href":"https:\/\/oceansignal.com\/hr\/wp-json\/wp\/v2\/product_cat?post=31954"},{"taxonomy":"product_tag","embeddable":true,"href":"https:\/\/oceansignal.com\/hr\/wp-json\/wp\/v2\/product_tag?post=31954"}],"curies":[{"name":"wp","href":"https:\/\/api.w.org\/{rel}","templated":true}]}}