{"id":31972,"date":"2025-06-24T09:45:57","date_gmt":"2025-06-24T09:45:57","guid":{"rendered":"https:\/\/oceansignal.com\/products\/epirb2-sigurnosni-komplet\/"},"modified":"2025-10-01T07:56:39","modified_gmt":"2025-10-01T07:56:39","slug":"epirb2-sigurnosni-komplet","status":"publish","type":"product","link":"https:\/\/oceansignal.com\/hr\/products\/epirb2-sigurnosni-komplet\/","title":{"rendered":"EPIRB2 Komplet za sigurnost plovidbe"},"content":{"rendered":"<h3 data-start=\"3285\" data-end=\"3337\"><strong data-start=\"3292\" data-end=\"3337\"><img loading=\"lazy\" decoding=\"async\" class=\"alignnone size-full wp-image-32359\" src=\"https:\/\/oceansignal.com\/wp-content\/uploads\/2025\/07\/View-New-Safety-Kits.png\" alt=\"\" width=\"300\" height=\"75\" srcset=\"https:\/\/oceansignal.com\/wp-content\/uploads\/2025\/07\/View-New-Safety-Kits.png 300w, https:\/\/oceansignal.com\/wp-content\/uploads\/2025\/07\/View-New-Safety-Kits-60x15.png 60w, https:\/\/oceansignal.com\/wp-content\/uploads\/2025\/07\/View-New-Safety-Kits-110x28.png 110w\" sizes=\"auto, (max-width: 300px) 100vw, 300px\" \/><\/strong><\/h3>\n<h3 data-start=\"2553\" data-end=\"2604\"><strong data-start=\"2560\" data-end=\"2604\">Za\u0161to odabrati sigurnosni komplet EPIRB2?<\/strong><\/h3>\n<p data-start=\"2606\" data-end=\"2880\">Jednostavan, uskla\u0111en i pouzdan, EPIRB2 komplet pru\u017ea vam za\u0161titu na satelitskoj razini uz minimalno postavljanje, a istovremeno nudi bezbri\u017enost koju pru\u017ea zna\u010dajka Return Link Service (RLS). Uklju\u010divanje RLS-a korisnicima pru\u017ea potvrdu da je njihova poruka o nevolji poslana i primljena. S uklju\u010denom torbom za hvatanje, ovaj komplet idealan je za jedrili\u010dare koji \u017eele ispuniti ozbiljne sigurnosne standarde bez pretjerane izgradnje ili prekomjernog tro\u0161enja, te je prakti\u010dan izbor za stvarne avanture na vodi.  <\/p>\n<p data-start=\"2882\" data-end=\"2932\">Ozbiljna sigurnost. Nema dodatnih stvari. Upravo ono \u0161to vam treba.  <\/p>\n<h3 data-start=\"2206\" data-end=\"2227\"><strong data-start=\"2213\" data-end=\"2227\">Idealno za:<\/strong><\/h3>\n<ul data-start=\"2228\" data-end=\"2474\">\n<li data-start=\"2228\" data-end=\"2281\">\n<p data-start=\"2230\" data-end=\"2281\">Mornari se pripremaju za isplovljavanje na otvorenom moru<\/p>\n<\/li>\n<li data-start=\"2282\" data-end=\"2347\">\n<p data-start=\"2284\" data-end=\"2347\">Obalni kruzeri koji tra\u017ee sigurnost i za\u0161titu povezanu s EPIRB-om na brodu<\/p>\n<\/li>\n<li data-start=\"2348\" data-end=\"2418\">\n<p data-start=\"2350\" data-end=\"2418\">Posade koje nadogra\u0111uju sigurnosnu opremu kako bi ispunile zahtjeve utrke ili osiguranja<\/p>\n<\/li>\n<li data-start=\"2419\" data-end=\"2474\">\n<p data-start=\"2421\" data-end=\"2474\">RYA studenti i vlasnici jahti bez ugra\u0111enih EPIRB-ova<\/p>\n<\/li>\n<\/ul>\n<h3 data-start=\"727\" data-end=\"780\"><strong data-start=\"734\" data-end=\"780\">\u0160to je uklju\u010deno i kako podr\u017eava spa\u0161avanje<\/strong><\/h3>\n<h4 data-start=\"782\" data-end=\"825\"><strong data-start=\"787\" data-end=\"823\">1 \u00d7 Ocean Signal EPIRB2 s NFC-om<\/strong><\/h4>\n<p data-start=\"826\" data-end=\"849\">Bez obzira jeste li na obali ili se upu\u0161tate u istra\u017eivanje na moru, ovaj EPIRB osigurava globalni doseg s modernom tehnologijom, sve u kompaktnoj, jednostavnoj jedinici za ugradnju.<br \/>\n Maloprodajna vrijednost: 549,99 \u00a3<\/p>\n<p data-start=\"826\" data-end=\"849\"><img loading=\"lazy\" decoding=\"async\" class=\"alignnone size-medium wp-image-1118\" src=\"https:\/\/oceansignal.com\/wp-content\/uploads\/2023\/09\/EPIRB2-FRONT-72-300x300.png\" alt=\"Ocean Signal rescueME EPIRB2 s uslugom povratne veze - poma\u017ee u u\u010dinkovitim operacijama spa\u0161avanja\" width=\"300\" height=\"300\" srcset=\"https:\/\/oceansignal.com\/wp-content\/uploads\/2023\/09\/EPIRB2-FRONT-72-300x300.png 300w, https:\/\/oceansignal.com\/wp-content\/uploads\/2023\/09\/EPIRB2-FRONT-72-150x150.png 150w, https:\/\/oceansignal.com\/wp-content\/uploads\/2023\/09\/EPIRB2-FRONT-72-100x100.png 100w, https:\/\/oceansignal.com\/wp-content\/uploads\/2023\/09\/EPIRB2-FRONT-72.png 411w\" sizes=\"auto, (max-width: 300px) 100vw, 300px\" \/><\/p>\n<p data-start=\"851\" data-end=\"1068\">Sna\u017ean hitni signal kategorije II od 406 MHz koji vas povezuje s globalnom satelitskom mre\u017eom Cospas-Sarsat za nekoliko minuta. Uklju\u010duje uslugu povratne veze (RLS) i povezivost pametnih telefona putem NFC-a. <\/p>\n<ul data-start=\"1070\" data-end=\"1259\">\n<li data-start=\"1070\" data-end=\"1096\">\n<p data-start=\"1072\" data-end=\"1096\">Upozorenja o SAR-u diljem svijeta<\/p>\n<\/li>\n<li data-start=\"1131\" data-end=\"1181\">\n<p data-start=\"1133\" data-end=\"1181\">RLS potvr\u0111uje da je va\u0161 signal za pomo\u0107 primljen<\/p>\n<\/li>\n<li data-start=\"1182\" data-end=\"1222\">\n<p data-start=\"1184\" data-end=\"1222\">Aplikacija za pametne telefone za testiranje i postavljanje<\/p>\n<\/li>\n<li data-start=\"1223\" data-end=\"1259\">\n<p data-start=\"1225\" data-end=\"1259\">Uklju\u010den ru\u010dni nosa\u010d (kategorija II)<\/p>\n<\/li>\n<\/ul>\n<hr data-start=\"1423\" data-end=\"1426\">\n<h4 data-start=\"1428\" data-end=\"1470\"><strong data-start=\"1433\" data-end=\"1468\">1 \u00d7 ACR signalno ogledalo i zvi\u017edaljka<\/strong><\/h4>\n<p data-start=\"1471\" data-end=\"1493\">Klju\u010dni alati za pomo\u0107 u identifikaciji kona\u010dne lokacije nakon \u0161to pomo\u0107 stigne na mjesto doga\u0111aja.<br \/>\n Maloprodajna vrijednost: 10,99 \u00a3<\/p>\n<p data-start=\"1471\" data-end=\"1493\"><img loading=\"lazy\" decoding=\"async\" class=\"alignnone wp-image-31407 size-medium\" src=\"https:\/\/oceansignal.com\/wp-content\/uploads\/2025\/06\/Grab_Bag_EPIRB1_Kit-e1752085331562-300x131.png\" alt=\"\" width=\"300\" height=\"131\" srcset=\"https:\/\/oceansignal.com\/wp-content\/uploads\/2025\/06\/Grab_Bag_EPIRB1_Kit-e1752085331562-300x131.png 300w, https:\/\/oceansignal.com\/wp-content\/uploads\/2025\/06\/Grab_Bag_EPIRB1_Kit-e1752085331562-60x26.png 60w, https:\/\/oceansignal.com\/wp-content\/uploads\/2025\/06\/Grab_Bag_EPIRB1_Kit-e1752085331562-110x48.png 110w, https:\/\/oceansignal.com\/wp-content\/uploads\/2025\/06\/Grab_Bag_EPIRB1_Kit-e1752085331562.png 344w\" sizes=\"auto, (max-width: 300px) 100vw, 300px\" \/><\/p>\n<p data-start=\"1495\" data-end=\"1589\">Jednostavni, ali u\u010dinkoviti alati za vizualnu i zvu\u010dnu signalizaciju, izvrsni za podr\u0161ku spa\u0161avanju iz neposredne blizine.<\/p>\n<ul data-start=\"1591\" data-end=\"1704\">\n<li data-start=\"1591\" data-end=\"1650\">\n<p data-start=\"1593\" data-end=\"1650\">Visoko reflektiraju\u0107e kompaktno zrcalo za dnevni vizualni signal &#8211; Dizajnirano za reflektiranje sun\u010deve svjetlosti na velike udaljenosti, idealno za privla\u010denje pa\u017enje prolaze\u0107ih plovila ili zrakoplova<\/p>\n<\/li>\n<li data-start=\"1651\" data-end=\"1704\">\n<p data-start=\"1653\" data-end=\"1704\">Glasna, tiha zvi\u017edaljka za zvu\u010dno upozorenje kratkog dometa<\/p>\n<\/li>\n<\/ul>\n<hr data-start=\"1810\" data-end=\"1813\">\n<h4 data-start=\"1815\" data-end=\"1862\"><strong data-start=\"1820\" data-end=\"1860\">1 \u00d7 Vodootporna torba za hvatanje Ocean Signal<\/strong><\/h4>\n<p data-start=\"1863\" data-end=\"1886\"><em data-start=\"1863\" data-end=\"1886\">Hitni slu\u010dajevi se brzo odvijaju &#8211; ova torba osigurava da i vi to mo\u017eete.<br \/>\n Maloprodajna vrijednost: 129,99 \u00a3<\/em><\/p>\n<p data-start=\"1863\" data-end=\"1886\"><img loading=\"lazy\" decoding=\"async\" class=\"alignnone wp-image-31455 \" src=\"https:\/\/oceansignal.com\/wp-content\/uploads\/2025\/06\/Grab_Bag-300x200.webp\" alt=\"\" width=\"387\" height=\"258\" srcset=\"https:\/\/oceansignal.com\/wp-content\/uploads\/2025\/06\/Grab_Bag-300x200.webp 300w, https:\/\/oceansignal.com\/wp-content\/uploads\/2025\/06\/Grab_Bag-1024x683.webp 1024w, https:\/\/oceansignal.com\/wp-content\/uploads\/2025\/06\/Grab_Bag-768x512.webp 768w, https:\/\/oceansignal.com\/wp-content\/uploads\/2025\/06\/Grab_Bag-600x400.webp 600w, https:\/\/oceansignal.com\/wp-content\/uploads\/2025\/06\/Grab_Bag-60x40.webp 60w, https:\/\/oceansignal.com\/wp-content\/uploads\/2025\/06\/Grab_Bag-110x73.webp 110w, https:\/\/oceansignal.com\/wp-content\/uploads\/2025\/06\/Grab_Bag.webp 1234w\" sizes=\"auto, (max-width: 387px) 100vw, 387px\" \/><\/p>\n<p data-start=\"1888\" data-end=\"2000\">Robusna, vodootporna torba za suhe uvjete koja va\u0161u opremu za hitne slu\u010dajeve dr\u017ei na okupu, suhom i dostupnom kada vam je najpotrebnija.<\/p>\n<ul data-start=\"2002\" data-end=\"2122\">\n<li data-start=\"2002\" data-end=\"2039\">\n<p data-start=\"2004\" data-end=\"2039\">Plutaju\u0107i dizajn visoke vidljivosti<\/p>\n<\/li>\n<li data-start=\"2040\" data-end=\"2075\">\n<p data-start=\"2042\" data-end=\"2075\">Izdr\u017eljiv za uvjete na moru<\/p>\n<\/li>\n<li data-start=\"2076\" data-end=\"2122\">\n<p data-start=\"2078\" data-end=\"2122\">Prostor za EPIRB, elektroni\u010dke baklje, dokumente i jo\u0161 mnogo toga<\/p>\n<\/li>\n<\/ul>\n","protected":false},"excerpt":{"rendered":"<p><strong data-start=\"336\" data-end=\"374\">\u010cvrst ulazak u ozbiljnu sigurnost.<br \/>\n<\/strong><br data-start=\"374\" data-end=\"377\"> <strong data-start=\"381\" data-end=\"395\">EPIRB2 komplet<\/strong> je pametna, pojednostavljena torba za jedrili\u010dare koji \u017eele jednostavnu, propisno uskla\u0111enu konfiguraciju za hitne slu\u010dajeve izgra\u0111enu oko najnovijeg EPIRB-a tvrtke Ocean Signal s NFC povezivo\u0161\u0107u. Bez obzira pripremate li se za svoje prvo putovanje na otvoreno more ili nadogra\u0111ujete zastarjeli sustav, ovaj komplet pokriva osnovne stvari &#8211; bez prekomjernog kompliciranja stvari. <\/p>\n<p>Ukupna vrijednost kompleta po preporu\u010denoj maloprodajnoj cijeni: 690,97 \u00a3 U\u0161tedite 110 \u00a3 s ovim kompletom!<\/p>\n","protected":false},"featured_media":31370,"template":"","meta":{"_acf_changed":false,"om_disable_all_campaigns":false},"product_brand":[],"product_cat":[476,1652],"product_tag":[1699,1654],"class_list":{"0":"post-31972","1":"product","2":"type-product","3":"status-publish","4":"has-post-thumbnail","6":"product_cat-rescueme-hr","7":"product_cat-sigurnosni-setovi","8":"product_tag-sigurnosni-setovi","9":"product_tag-vreca-za-grabljenje","11":"first","12":"instock","13":"taxable","14":"shipping-taxable","15":"purchasable","16":"product-type-simple"},"acf":[],"yoast_head":"<!-- This site is optimized with the Yoast SEO Premium plugin v25.2 (Yoast SEO v26.4) - https:\/\/yoast.com\/wordpress\/plugins\/seo\/ -->\n<title>EPIRB2 Komplet za sigurnost plovidbe - Ocean Signal<\/title>\n<meta name=\"robots\" content=\"index, follow, max-snippet:-1, max-image-preview:large, max-video-preview:-1\" \/>\n<link rel=\"canonical\" href=\"https:\/\/oceansignal.com\/hr\/products\/epirb2-sigurnosni-komplet\/\" \/>\n<meta property=\"og:locale\" content=\"hr_HR\" \/>\n<meta property=\"og:type\" content=\"article\" \/>\n<meta property=\"og:title\" content=\"EPIRB2 Komplet za sigurnost plovidbe\" \/>\n<meta property=\"og:description\" content=\"\u010cvrst ulazak u ozbiljnu sigurnost. EPIRB2 komplet je pametna, pojednostavljena torba za jedrili\u010dare koji \u017eele jednostavnu, propisno uskla\u0111enu konfiguraciju za hitne slu\u010dajeve izgra\u0111enu oko najnovijeg EPIRB-a tvrtke Ocean Signal s NFC povezivo\u0161\u0107u. Bez obzira pripremate li se za svoje prvo putovanje na otvoreno more ili nadogra\u0111ujete zastarjeli sustav, ovaj komplet pokriva osnovne stvari - bez prekomjernog kompliciranja stvari.  Ukupna vrijednost kompleta po preporu\u010denoj maloprodajnoj cijeni: 690,97 \u00a3 U\u0161tedite 110 \u00a3 s ovim kompletom!\" \/>\n<meta property=\"og:url\" content=\"https:\/\/oceansignal.com\/hr\/products\/epirb2-sigurnosni-komplet\/\" \/>\n<meta property=\"og:site_name\" content=\"Ocean Signal\" \/>\n<meta property=\"article:modified_time\" content=\"2025-10-01T07:56:39+00:00\" \/>\n<meta property=\"og:image\" content=\"https:\/\/oceansignal.com\/wp-content\/uploads\/2025\/06\/Grab_Bag_EPIRB2_Kit-1.jpg\" \/>\n\t<meta property=\"og:image:width\" content=\"911\" \/>\n\t<meta property=\"og:image:height\" content=\"805\" \/>\n\t<meta property=\"og:image:type\" content=\"image\/jpeg\" \/>\n<meta name=\"twitter:card\" content=\"summary_large_image\" \/>\n<meta name=\"twitter:label1\" content=\"Procijenjeno vrijeme \u010ditanja\" \/>\n\t<meta name=\"twitter:data1\" content=\"2 minute\" \/>\n<script type=\"application\/ld+json\" class=\"yoast-schema-graph\">{\"@context\":\"https:\/\/schema.org\",\"@graph\":[{\"@type\":\"WebPage\",\"@id\":\"https:\/\/oceansignal.com\/hr\/products\/epirb2-sigurnosni-komplet\/\",\"url\":\"https:\/\/oceansignal.com\/hr\/products\/epirb2-sigurnosni-komplet\/\",\"name\":\"EPIRB2 Komplet za sigurnost plovidbe - Ocean Signal\",\"isPartOf\":{\"@id\":\"https:\/\/oceansignal.com\/hr\/#website\"},\"primaryImageOfPage\":{\"@id\":\"https:\/\/oceansignal.com\/hr\/products\/epirb2-sigurnosni-komplet\/#primaryimage\"},\"image\":{\"@id\":\"https:\/\/oceansignal.com\/hr\/products\/epirb2-sigurnosni-komplet\/#primaryimage\"},\"thumbnailUrl\":\"https:\/\/oceansignal.com\/wp-content\/uploads\/2025\/06\/Grab_Bag_EPIRB2_Kit-1.jpg\",\"datePublished\":\"2025-06-24T09:45:57+00:00\",\"dateModified\":\"2025-10-01T07:56:39+00:00\",\"breadcrumb\":{\"@id\":\"https:\/\/oceansignal.com\/hr\/products\/epirb2-sigurnosni-komplet\/#breadcrumb\"},\"inLanguage\":\"hr\",\"potentialAction\":[{\"@type\":\"ReadAction\",\"target\":[\"https:\/\/oceansignal.com\/hr\/products\/epirb2-sigurnosni-komplet\/\"]}]},{\"@type\":\"ImageObject\",\"inLanguage\":\"hr\",\"@id\":\"https:\/\/oceansignal.com\/hr\/products\/epirb2-sigurnosni-komplet\/#primaryimage\",\"url\":\"https:\/\/oceansignal.com\/wp-content\/uploads\/2025\/06\/Grab_Bag_EPIRB2_Kit-1.jpg\",\"contentUrl\":\"https:\/\/oceansignal.com\/wp-content\/uploads\/2025\/06\/Grab_Bag_EPIRB2_Kit-1.jpg\",\"width\":911,\"height\":805},{\"@type\":\"BreadcrumbList\",\"@id\":\"https:\/\/oceansignal.com\/hr\/products\/epirb2-sigurnosni-komplet\/#breadcrumb\",\"itemListElement\":[{\"@type\":\"ListItem\",\"position\":1,\"name\":\"Prera\u0111evina\",\"item\":\"https:\/\/oceansignal.com\/hr\/preradevina\/\"},{\"@type\":\"ListItem\",\"position\":2,\"name\":\"EPIRB2 Komplet za sigurnost plovidbe\"}]},{\"@type\":\"WebSite\",\"@id\":\"https:\/\/oceansignal.com\/hr\/#website\",\"url\":\"https:\/\/oceansignal.com\/hr\/\",\"name\":\"Ocean Signal\",\"description\":\"A leading manufacturer of EPIRBs, AIS, SARTs, Personal Locator Beacons, Man Overboard Beacon for the Marine and Outdoor Markets.\",\"potentialAction\":[{\"@type\":\"SearchAction\",\"target\":{\"@type\":\"EntryPoint\",\"urlTemplate\":\"https:\/\/oceansignal.com\/hr\/?s={search_term_string}\"},\"query-input\":{\"@type\":\"PropertyValueSpecification\",\"valueRequired\":true,\"valueName\":\"search_term_string\"}}],\"inLanguage\":\"hr\"}]}<\/script>\n<!-- \/ Yoast SEO Premium plugin. -->","yoast_head_json":{"title":"EPIRB2 Komplet za sigurnost plovidbe - Ocean Signal","robots":{"index":"index","follow":"follow","max-snippet":"max-snippet:-1","max-image-preview":"max-image-preview:large","max-video-preview":"max-video-preview:-1"},"canonical":"https:\/\/oceansignal.com\/hr\/products\/epirb2-sigurnosni-komplet\/","og_locale":"hr_HR","og_type":"article","og_title":"EPIRB2 Komplet za sigurnost plovidbe","og_description":"\u010cvrst ulazak u ozbiljnu sigurnost. EPIRB2 komplet je pametna, pojednostavljena torba za jedrili\u010dare koji \u017eele jednostavnu, propisno uskla\u0111enu konfiguraciju za hitne slu\u010dajeve izgra\u0111enu oko najnovijeg EPIRB-a tvrtke Ocean Signal s NFC povezivo\u0161\u0107u. Bez obzira pripremate li se za svoje prvo putovanje na otvoreno more ili nadogra\u0111ujete zastarjeli sustav, ovaj komplet pokriva osnovne stvari - bez prekomjernog kompliciranja stvari.  Ukupna vrijednost kompleta po preporu\u010denoj maloprodajnoj cijeni: 690,97 \u00a3 U\u0161tedite 110 \u00a3 s ovim kompletom!","og_url":"https:\/\/oceansignal.com\/hr\/products\/epirb2-sigurnosni-komplet\/","og_site_name":"Ocean Signal","article_modified_time":"2025-10-01T07:56:39+00:00","og_image":[{"width":911,"height":805,"url":"https:\/\/oceansignal.com\/wp-content\/uploads\/2025\/06\/Grab_Bag_EPIRB2_Kit-1.jpg","type":"image\/jpeg"}],"twitter_card":"summary_large_image","twitter_misc":{"Procijenjeno vrijeme \u010ditanja":"2 minute"},"schema":{"@context":"https:\/\/schema.org","@graph":[{"@type":"WebPage","@id":"https:\/\/oceansignal.com\/hr\/products\/epirb2-sigurnosni-komplet\/","url":"https:\/\/oceansignal.com\/hr\/products\/epirb2-sigurnosni-komplet\/","name":"EPIRB2 Komplet za sigurnost plovidbe - Ocean Signal","isPartOf":{"@id":"https:\/\/oceansignal.com\/hr\/#website"},"primaryImageOfPage":{"@id":"https:\/\/oceansignal.com\/hr\/products\/epirb2-sigurnosni-komplet\/#primaryimage"},"image":{"@id":"https:\/\/oceansignal.com\/hr\/products\/epirb2-sigurnosni-komplet\/#primaryimage"},"thumbnailUrl":"https:\/\/oceansignal.com\/wp-content\/uploads\/2025\/06\/Grab_Bag_EPIRB2_Kit-1.jpg","datePublished":"2025-06-24T09:45:57+00:00","dateModified":"2025-10-01T07:56:39+00:00","breadcrumb":{"@id":"https:\/\/oceansignal.com\/hr\/products\/epirb2-sigurnosni-komplet\/#breadcrumb"},"inLanguage":"hr","potentialAction":[{"@type":"ReadAction","target":["https:\/\/oceansignal.com\/hr\/products\/epirb2-sigurnosni-komplet\/"]}]},{"@type":"ImageObject","inLanguage":"hr","@id":"https:\/\/oceansignal.com\/hr\/products\/epirb2-sigurnosni-komplet\/#primaryimage","url":"https:\/\/oceansignal.com\/wp-content\/uploads\/2025\/06\/Grab_Bag_EPIRB2_Kit-1.jpg","contentUrl":"https:\/\/oceansignal.com\/wp-content\/uploads\/2025\/06\/Grab_Bag_EPIRB2_Kit-1.jpg","width":911,"height":805},{"@type":"BreadcrumbList","@id":"https:\/\/oceansignal.com\/hr\/products\/epirb2-sigurnosni-komplet\/#breadcrumb","itemListElement":[{"@type":"ListItem","position":1,"name":"Prera\u0111evina","item":"https:\/\/oceansignal.com\/hr\/preradevina\/"},{"@type":"ListItem","position":2,"name":"EPIRB2 Komplet za sigurnost plovidbe"}]},{"@type":"WebSite","@id":"https:\/\/oceansignal.com\/hr\/#website","url":"https:\/\/oceansignal.com\/hr\/","name":"Ocean Signal","description":"A leading manufacturer of EPIRBs, AIS, SARTs, Personal Locator Beacons, Man Overboard Beacon for the Marine and Outdoor Markets.","potentialAction":[{"@type":"SearchAction","target":{"@type":"EntryPoint","urlTemplate":"https:\/\/oceansignal.com\/hr\/?s={search_term_string}"},"query-input":{"@type":"PropertyValueSpecification","valueRequired":true,"valueName":"search_term_string"}}],"inLanguage":"hr"}]}},"_links":{"self":[{"href":"https:\/\/oceansignal.com\/hr\/wp-json\/wp\/v2\/product\/31972","targetHints":{"allow":["GET"]}}],"collection":[{"href":"https:\/\/oceansignal.com\/hr\/wp-json\/wp\/v2\/product"}],"about":[{"href":"https:\/\/oceansignal.com\/hr\/wp-json\/wp\/v2\/types\/product"}],"wp:featuredmedia":[{"embeddable":true,"href":"https:\/\/oceansignal.com\/hr\/wp-json\/wp\/v2\/media\/31370"}],"wp:attachment":[{"href":"https:\/\/oceansignal.com\/hr\/wp-json\/wp\/v2\/media?parent=31972"}],"wp:term":[{"taxonomy":"product_brand","embeddable":true,"href":"https:\/\/oceansignal.com\/hr\/wp-json\/wp\/v2\/product_brand?post=31972"},{"taxonomy":"product_cat","embeddable":true,"href":"https:\/\/oceansignal.com\/hr\/wp-json\/wp\/v2\/product_cat?post=31972"},{"taxonomy":"product_tag","embeddable":true,"href":"https:\/\/oceansignal.com\/hr\/wp-json\/wp\/v2\/product_tag?post=31972"}],"curies":[{"name":"wp","href":"https:\/\/api.w.org\/{rel}","templated":true}]}}