{"id":34632,"date":"2025-09-09T07:40:07","date_gmt":"2025-09-09T07:40:07","guid":{"rendered":"https:\/\/oceansignal.com\/products\/plb1-plutajuca-torbica\/"},"modified":"2025-09-09T07:40:07","modified_gmt":"2025-09-09T07:40:07","slug":"plb1-plutajuca-torbica","status":"publish","type":"product","link":"https:\/\/oceansignal.com\/hr\/products\/plb1-plutajuca-torbica\/","title":{"rendered":"PLB1 plutaju\u0107a torbica"},"content":{"rendered":"<ul>\n<li>Pove\u0107ava uzgon rescueME PLB1 kada je postavljen.<\/li>\n<li>Udobno prianja i odr\u017eava va\u0161 PLB1 operativnim<\/li>\n<li>Kompatibilan s Ocean Signal rescueME PLB1 (730S-01261)<\/li>\n<\/ul>\n","protected":false},"excerpt":{"rendered":"<p>rescueME PLB1 plutaju\u0107a torba* dodaje uzgon va\u0161em PLB1 tako da pluta, omogu\u0107uju\u0107i oporavak kada padne u vodu. S postavljenom plutaju\u0107om torbicom, va\u0161 PLB1 ostaje u potpunosti operativan. <\/p>\n<p><em>*rescueMe PLB1 prikazan na slici nije uklju\u010den i prodaje se zasebno.<\/em><\/p>\n","protected":false},"featured_media":34207,"template":"","meta":{"_acf_changed":false,"om_disable_all_campaigns":false},"product_brand":[],"product_cat":[1805,476],"product_tag":[849,1806,1807],"class_list":{"0":"post-34632","1":"product","2":"type-product","3":"status-publish","4":"has-post-thumbnail","6":"product_cat-pribor","7":"product_cat-rescueme-hr","8":"product_tag-plb1-hr","9":"product_tag-plb1-torbica","10":"product_tag-plutajuca-vrecica","12":"first","13":"instock","14":"taxable","15":"shipping-taxable","16":"purchasable","17":"product-type-simple"},"acf":[],"yoast_head":"<!-- This site is optimized with the Yoast SEO Premium plugin v25.2 (Yoast SEO v26.4) - https:\/\/yoast.com\/wordpress\/plugins\/seo\/ -->\n<title>PLB1 plutaju\u0107a torbica - Ocean Signal<\/title>\n<meta name=\"robots\" content=\"index, follow, max-snippet:-1, max-image-preview:large, max-video-preview:-1\" \/>\n<link rel=\"canonical\" href=\"https:\/\/oceansignal.com\/hr\/products\/plb1-plutajuca-torbica\/\" \/>\n<meta property=\"og:locale\" content=\"hr_HR\" \/>\n<meta property=\"og:type\" content=\"article\" \/>\n<meta property=\"og:title\" content=\"PLB1 plutaju\u0107a torbica\" \/>\n<meta property=\"og:description\" content=\"rescueME PLB1 plutaju\u0107a torba* dodaje uzgon va\u0161em PLB1 tako da pluta, omogu\u0107uju\u0107i oporavak kada padne u vodu. S postavljenom plutaju\u0107om torbicom, va\u0161 PLB1 ostaje u potpunosti operativan.  *rescueMe PLB1 prikazan na slici nije uklju\u010den i prodaje se zasebno.\" \/>\n<meta property=\"og:url\" content=\"https:\/\/oceansignal.com\/hr\/products\/plb1-plutajuca-torbica\/\" \/>\n<meta property=\"og:site_name\" content=\"Ocean Signal\" \/>\n<meta property=\"og:image\" content=\"https:\/\/oceansignal.com\/wp-content\/uploads\/2025\/09\/OSL-PLB1-Pouch-Left-Angle.jpg\" \/>\n\t<meta property=\"og:image:width\" content=\"2000\" \/>\n\t<meta property=\"og:image:height\" content=\"2000\" \/>\n\t<meta property=\"og:image:type\" content=\"image\/jpeg\" \/>\n<meta name=\"twitter:card\" content=\"summary_large_image\" \/>\n<script type=\"application\/ld+json\" class=\"yoast-schema-graph\">{\"@context\":\"https:\/\/schema.org\",\"@graph\":[{\"@type\":\"WebPage\",\"@id\":\"https:\/\/oceansignal.com\/hr\/products\/plb1-plutajuca-torbica\/\",\"url\":\"https:\/\/oceansignal.com\/hr\/products\/plb1-plutajuca-torbica\/\",\"name\":\"PLB1 plutaju\u0107a torbica - Ocean Signal\",\"isPartOf\":{\"@id\":\"https:\/\/oceansignal.com\/hr\/#website\"},\"primaryImageOfPage\":{\"@id\":\"https:\/\/oceansignal.com\/hr\/products\/plb1-plutajuca-torbica\/#primaryimage\"},\"image\":{\"@id\":\"https:\/\/oceansignal.com\/hr\/products\/plb1-plutajuca-torbica\/#primaryimage\"},\"thumbnailUrl\":\"https:\/\/oceansignal.com\/wp-content\/uploads\/2025\/09\/OSL-PLB1-Pouch-Left-Angle.jpg\",\"datePublished\":\"2025-09-09T07:40:07+00:00\",\"breadcrumb\":{\"@id\":\"https:\/\/oceansignal.com\/hr\/products\/plb1-plutajuca-torbica\/#breadcrumb\"},\"inLanguage\":\"hr\",\"potentialAction\":[{\"@type\":\"ReadAction\",\"target\":[\"https:\/\/oceansignal.com\/hr\/products\/plb1-plutajuca-torbica\/\"]}]},{\"@type\":\"ImageObject\",\"inLanguage\":\"hr\",\"@id\":\"https:\/\/oceansignal.com\/hr\/products\/plb1-plutajuca-torbica\/#primaryimage\",\"url\":\"https:\/\/oceansignal.com\/wp-content\/uploads\/2025\/09\/OSL-PLB1-Pouch-Left-Angle.jpg\",\"contentUrl\":\"https:\/\/oceansignal.com\/wp-content\/uploads\/2025\/09\/OSL-PLB1-Pouch-Left-Angle.jpg\",\"width\":2000,\"height\":2000},{\"@type\":\"BreadcrumbList\",\"@id\":\"https:\/\/oceansignal.com\/hr\/products\/plb1-plutajuca-torbica\/#breadcrumb\",\"itemListElement\":[{\"@type\":\"ListItem\",\"position\":1,\"name\":\"Prera\u0111evina\",\"item\":\"https:\/\/oceansignal.com\/hr\/preradevina\/\"},{\"@type\":\"ListItem\",\"position\":2,\"name\":\"PLB1 plutaju\u0107a torbica\"}]},{\"@type\":\"WebSite\",\"@id\":\"https:\/\/oceansignal.com\/hr\/#website\",\"url\":\"https:\/\/oceansignal.com\/hr\/\",\"name\":\"Ocean Signal\",\"description\":\"A leading manufacturer of EPIRBs, AIS, SARTs, Personal Locator Beacons, Man Overboard Beacon for the Marine and Outdoor Markets.\",\"potentialAction\":[{\"@type\":\"SearchAction\",\"target\":{\"@type\":\"EntryPoint\",\"urlTemplate\":\"https:\/\/oceansignal.com\/hr\/?s={search_term_string}\"},\"query-input\":{\"@type\":\"PropertyValueSpecification\",\"valueRequired\":true,\"valueName\":\"search_term_string\"}}],\"inLanguage\":\"hr\"}]}<\/script>\n<!-- \/ Yoast SEO Premium plugin. -->","yoast_head_json":{"title":"PLB1 plutaju\u0107a torbica - Ocean Signal","robots":{"index":"index","follow":"follow","max-snippet":"max-snippet:-1","max-image-preview":"max-image-preview:large","max-video-preview":"max-video-preview:-1"},"canonical":"https:\/\/oceansignal.com\/hr\/products\/plb1-plutajuca-torbica\/","og_locale":"hr_HR","og_type":"article","og_title":"PLB1 plutaju\u0107a torbica","og_description":"rescueME PLB1 plutaju\u0107a torba* dodaje uzgon va\u0161em PLB1 tako da pluta, omogu\u0107uju\u0107i oporavak kada padne u vodu. S postavljenom plutaju\u0107om torbicom, va\u0161 PLB1 ostaje u potpunosti operativan.  *rescueMe PLB1 prikazan na slici nije uklju\u010den i prodaje se zasebno.","og_url":"https:\/\/oceansignal.com\/hr\/products\/plb1-plutajuca-torbica\/","og_site_name":"Ocean Signal","og_image":[{"width":2000,"height":2000,"url":"https:\/\/oceansignal.com\/wp-content\/uploads\/2025\/09\/OSL-PLB1-Pouch-Left-Angle.jpg","type":"image\/jpeg"}],"twitter_card":"summary_large_image","schema":{"@context":"https:\/\/schema.org","@graph":[{"@type":"WebPage","@id":"https:\/\/oceansignal.com\/hr\/products\/plb1-plutajuca-torbica\/","url":"https:\/\/oceansignal.com\/hr\/products\/plb1-plutajuca-torbica\/","name":"PLB1 plutaju\u0107a torbica - Ocean Signal","isPartOf":{"@id":"https:\/\/oceansignal.com\/hr\/#website"},"primaryImageOfPage":{"@id":"https:\/\/oceansignal.com\/hr\/products\/plb1-plutajuca-torbica\/#primaryimage"},"image":{"@id":"https:\/\/oceansignal.com\/hr\/products\/plb1-plutajuca-torbica\/#primaryimage"},"thumbnailUrl":"https:\/\/oceansignal.com\/wp-content\/uploads\/2025\/09\/OSL-PLB1-Pouch-Left-Angle.jpg","datePublished":"2025-09-09T07:40:07+00:00","breadcrumb":{"@id":"https:\/\/oceansignal.com\/hr\/products\/plb1-plutajuca-torbica\/#breadcrumb"},"inLanguage":"hr","potentialAction":[{"@type":"ReadAction","target":["https:\/\/oceansignal.com\/hr\/products\/plb1-plutajuca-torbica\/"]}]},{"@type":"ImageObject","inLanguage":"hr","@id":"https:\/\/oceansignal.com\/hr\/products\/plb1-plutajuca-torbica\/#primaryimage","url":"https:\/\/oceansignal.com\/wp-content\/uploads\/2025\/09\/OSL-PLB1-Pouch-Left-Angle.jpg","contentUrl":"https:\/\/oceansignal.com\/wp-content\/uploads\/2025\/09\/OSL-PLB1-Pouch-Left-Angle.jpg","width":2000,"height":2000},{"@type":"BreadcrumbList","@id":"https:\/\/oceansignal.com\/hr\/products\/plb1-plutajuca-torbica\/#breadcrumb","itemListElement":[{"@type":"ListItem","position":1,"name":"Prera\u0111evina","item":"https:\/\/oceansignal.com\/hr\/preradevina\/"},{"@type":"ListItem","position":2,"name":"PLB1 plutaju\u0107a torbica"}]},{"@type":"WebSite","@id":"https:\/\/oceansignal.com\/hr\/#website","url":"https:\/\/oceansignal.com\/hr\/","name":"Ocean Signal","description":"A leading manufacturer of EPIRBs, AIS, SARTs, Personal Locator Beacons, Man Overboard Beacon for the Marine and Outdoor Markets.","potentialAction":[{"@type":"SearchAction","target":{"@type":"EntryPoint","urlTemplate":"https:\/\/oceansignal.com\/hr\/?s={search_term_string}"},"query-input":{"@type":"PropertyValueSpecification","valueRequired":true,"valueName":"search_term_string"}}],"inLanguage":"hr"}]}},"_links":{"self":[{"href":"https:\/\/oceansignal.com\/hr\/wp-json\/wp\/v2\/product\/34632","targetHints":{"allow":["GET"]}}],"collection":[{"href":"https:\/\/oceansignal.com\/hr\/wp-json\/wp\/v2\/product"}],"about":[{"href":"https:\/\/oceansignal.com\/hr\/wp-json\/wp\/v2\/types\/product"}],"wp:featuredmedia":[{"embeddable":true,"href":"https:\/\/oceansignal.com\/hr\/wp-json\/wp\/v2\/media\/34207"}],"wp:attachment":[{"href":"https:\/\/oceansignal.com\/hr\/wp-json\/wp\/v2\/media?parent=34632"}],"wp:term":[{"taxonomy":"product_brand","embeddable":true,"href":"https:\/\/oceansignal.com\/hr\/wp-json\/wp\/v2\/product_brand?post=34632"},{"taxonomy":"product_cat","embeddable":true,"href":"https:\/\/oceansignal.com\/hr\/wp-json\/wp\/v2\/product_cat?post=34632"},{"taxonomy":"product_tag","embeddable":true,"href":"https:\/\/oceansignal.com\/hr\/wp-json\/wp\/v2\/product_tag?post=34632"}],"curies":[{"name":"wp","href":"https:\/\/api.w.org\/{rel}","templated":true}]}}