{"id":34714,"date":"2025-09-18T12:42:18","date_gmt":"2025-09-18T12:42:18","guid":{"rendered":"https:\/\/oceansignal.com\/?post_type=product&#038;p=34714"},"modified":"2026-04-01T15:59:56","modified_gmt":"2026-04-01T15:59:56","slug":"plb1-plutajuca-torbica-copy","status":"publish","type":"product","link":"https:\/\/oceansignal.com\/hr\/products\/plb1-plutajuca-torbica-copy\/","title":{"rendered":"PLB3 plutaju\u0107a torbica"},"content":{"rendered":"<ul>\n<li>Pove\u0107ava uzgon rescueME PLB3 kada je postavljen.<\/li>\n<li>Udobno prianja i odr\u017eava va\u0161 PLB3 operativnim<\/li>\n<li>Kompatibilan s Ocean Signal rescueME PLB3 (730S-01261)<\/li>\n<\/ul>\n","protected":false},"excerpt":{"rendered":"<p>RescueME PLB3 plutaju\u0107a torba* dodaje uzgon va\u0161em PLB3 tako da pluta, omogu\u0107uju\u0107i oporavak kada padne u vodu. S postavljenom plutaju\u0107om torbicom, va\u0161 PLB3 ostaje u potpunosti operativan. <\/p>\n<p><em>*rescueMe PLB3 prikazan na slici nije uklju\u010den i prodaje se zasebno.<\/em><\/p>\n","protected":false},"featured_media":34802,"template":"","meta":{"_acf_changed":false,"om_disable_all_campaigns":false},"product_brand":[],"product_cat":[1805,476],"product_tag":[1056,1841,1807],"class_list":{"0":"post-34714","1":"product","2":"type-product","3":"status-publish","4":"has-post-thumbnail","6":"product_cat-pribor","7":"product_cat-rescueme-hr","8":"product_tag-plb3-hr","9":"product_tag-plb3-torbica","10":"product_tag-plutajuca-vrecica","12":"first","13":"instock","14":"taxable","15":"shipping-taxable","16":"purchasable","17":"product-type-simple"},"acf":[],"yoast_head":"<!-- This site is optimized with the Yoast SEO Premium plugin v25.2 (Yoast SEO v26.4) - https:\/\/yoast.com\/wordpress\/plugins\/seo\/ -->\n<title>PLB3 plutaju\u0107a torbica - Ocean Signal<\/title>\n<meta name=\"robots\" content=\"index, follow, max-snippet:-1, max-image-preview:large, max-video-preview:-1\" \/>\n<link rel=\"canonical\" href=\"https:\/\/oceansignal.com\/hr\/products\/plb1-plutajuca-torbica-copy\/\" \/>\n<meta property=\"og:locale\" content=\"hr_HR\" \/>\n<meta property=\"og:type\" content=\"article\" \/>\n<meta property=\"og:title\" content=\"PLB3 plutaju\u0107a torbica\" \/>\n<meta property=\"og:description\" content=\"RescueME PLB3 plutaju\u0107a torba* dodaje uzgon va\u0161em PLB3 tako da pluta, omogu\u0107uju\u0107i oporavak kada padne u vodu. S postavljenom plutaju\u0107om torbicom, va\u0161 PLB3 ostaje u potpunosti operativan.  *rescueMe PLB3 prikazan na slici nije uklju\u010den i prodaje se zasebno.\" \/>\n<meta property=\"og:url\" content=\"https:\/\/oceansignal.com\/hr\/products\/plb1-plutajuca-torbica-copy\/\" \/>\n<meta property=\"og:site_name\" content=\"Ocean Signal\" \/>\n<meta property=\"article:modified_time\" content=\"2026-04-01T15:59:56+00:00\" \/>\n<meta property=\"og:image\" content=\"https:\/\/oceansignal.com\/wp-content\/uploads\/2025\/09\/OSL-PLB3-Pouch-Right-Angle.jpg\" \/>\n\t<meta property=\"og:image:width\" content=\"2000\" \/>\n\t<meta property=\"og:image:height\" content=\"2000\" \/>\n\t<meta property=\"og:image:type\" content=\"image\/jpeg\" \/>\n<meta name=\"twitter:card\" content=\"summary_large_image\" \/>\n<script type=\"application\/ld+json\" class=\"yoast-schema-graph\">{\"@context\":\"https:\/\/schema.org\",\"@graph\":[{\"@type\":\"WebPage\",\"@id\":\"https:\/\/oceansignal.com\/hr\/products\/plb1-plutajuca-torbica-copy\/\",\"url\":\"https:\/\/oceansignal.com\/hr\/products\/plb1-plutajuca-torbica-copy\/\",\"name\":\"PLB3 plutaju\u0107a torbica - Ocean Signal\",\"isPartOf\":{\"@id\":\"https:\/\/oceansignal.com\/hr\/#website\"},\"primaryImageOfPage\":{\"@id\":\"https:\/\/oceansignal.com\/hr\/products\/plb1-plutajuca-torbica-copy\/#primaryimage\"},\"image\":{\"@id\":\"https:\/\/oceansignal.com\/hr\/products\/plb1-plutajuca-torbica-copy\/#primaryimage\"},\"thumbnailUrl\":\"https:\/\/oceansignal.com\/wp-content\/uploads\/2025\/09\/OSL-PLB3-Pouch-Right-Angle.jpg\",\"datePublished\":\"2025-09-18T12:42:18+00:00\",\"dateModified\":\"2026-04-01T15:59:56+00:00\",\"breadcrumb\":{\"@id\":\"https:\/\/oceansignal.com\/hr\/products\/plb1-plutajuca-torbica-copy\/#breadcrumb\"},\"inLanguage\":\"hr\",\"potentialAction\":[{\"@type\":\"ReadAction\",\"target\":[\"https:\/\/oceansignal.com\/hr\/products\/plb1-plutajuca-torbica-copy\/\"]}]},{\"@type\":\"ImageObject\",\"inLanguage\":\"hr\",\"@id\":\"https:\/\/oceansignal.com\/hr\/products\/plb1-plutajuca-torbica-copy\/#primaryimage\",\"url\":\"https:\/\/oceansignal.com\/wp-content\/uploads\/2025\/09\/OSL-PLB3-Pouch-Right-Angle.jpg\",\"contentUrl\":\"https:\/\/oceansignal.com\/wp-content\/uploads\/2025\/09\/OSL-PLB3-Pouch-Right-Angle.jpg\",\"width\":2000,\"height\":2000},{\"@type\":\"BreadcrumbList\",\"@id\":\"https:\/\/oceansignal.com\/hr\/products\/plb1-plutajuca-torbica-copy\/#breadcrumb\",\"itemListElement\":[{\"@type\":\"ListItem\",\"position\":1,\"name\":\"Prera\u0111evina\",\"item\":\"https:\/\/oceansignal.com\/hr\/preradevina\/\"},{\"@type\":\"ListItem\",\"position\":2,\"name\":\"PLB3 plutaju\u0107a torbica\"}]},{\"@type\":\"WebSite\",\"@id\":\"https:\/\/oceansignal.com\/hr\/#website\",\"url\":\"https:\/\/oceansignal.com\/hr\/\",\"name\":\"Ocean Signal\",\"description\":\"A leading manufacturer of EPIRBs, AIS, SARTs, Personal Locator Beacons, Man Overboard Beacon for the Marine and Outdoor Markets.\",\"potentialAction\":[{\"@type\":\"SearchAction\",\"target\":{\"@type\":\"EntryPoint\",\"urlTemplate\":\"https:\/\/oceansignal.com\/hr\/?s={search_term_string}\"},\"query-input\":{\"@type\":\"PropertyValueSpecification\",\"valueRequired\":true,\"valueName\":\"search_term_string\"}}],\"inLanguage\":\"hr\"}]}<\/script>\n<!-- \/ Yoast SEO Premium plugin. -->","yoast_head_json":{"title":"PLB3 plutaju\u0107a torbica - Ocean Signal","robots":{"index":"index","follow":"follow","max-snippet":"max-snippet:-1","max-image-preview":"max-image-preview:large","max-video-preview":"max-video-preview:-1"},"canonical":"https:\/\/oceansignal.com\/hr\/products\/plb1-plutajuca-torbica-copy\/","og_locale":"hr_HR","og_type":"article","og_title":"PLB3 plutaju\u0107a torbica","og_description":"RescueME PLB3 plutaju\u0107a torba* dodaje uzgon va\u0161em PLB3 tako da pluta, omogu\u0107uju\u0107i oporavak kada padne u vodu. S postavljenom plutaju\u0107om torbicom, va\u0161 PLB3 ostaje u potpunosti operativan.  *rescueMe PLB3 prikazan na slici nije uklju\u010den i prodaje se zasebno.","og_url":"https:\/\/oceansignal.com\/hr\/products\/plb1-plutajuca-torbica-copy\/","og_site_name":"Ocean Signal","article_modified_time":"2026-04-01T15:59:56+00:00","og_image":[{"width":2000,"height":2000,"url":"https:\/\/oceansignal.com\/wp-content\/uploads\/2025\/09\/OSL-PLB3-Pouch-Right-Angle.jpg","type":"image\/jpeg"}],"twitter_card":"summary_large_image","schema":{"@context":"https:\/\/schema.org","@graph":[{"@type":"WebPage","@id":"https:\/\/oceansignal.com\/hr\/products\/plb1-plutajuca-torbica-copy\/","url":"https:\/\/oceansignal.com\/hr\/products\/plb1-plutajuca-torbica-copy\/","name":"PLB3 plutaju\u0107a torbica - Ocean Signal","isPartOf":{"@id":"https:\/\/oceansignal.com\/hr\/#website"},"primaryImageOfPage":{"@id":"https:\/\/oceansignal.com\/hr\/products\/plb1-plutajuca-torbica-copy\/#primaryimage"},"image":{"@id":"https:\/\/oceansignal.com\/hr\/products\/plb1-plutajuca-torbica-copy\/#primaryimage"},"thumbnailUrl":"https:\/\/oceansignal.com\/wp-content\/uploads\/2025\/09\/OSL-PLB3-Pouch-Right-Angle.jpg","datePublished":"2025-09-18T12:42:18+00:00","dateModified":"2026-04-01T15:59:56+00:00","breadcrumb":{"@id":"https:\/\/oceansignal.com\/hr\/products\/plb1-plutajuca-torbica-copy\/#breadcrumb"},"inLanguage":"hr","potentialAction":[{"@type":"ReadAction","target":["https:\/\/oceansignal.com\/hr\/products\/plb1-plutajuca-torbica-copy\/"]}]},{"@type":"ImageObject","inLanguage":"hr","@id":"https:\/\/oceansignal.com\/hr\/products\/plb1-plutajuca-torbica-copy\/#primaryimage","url":"https:\/\/oceansignal.com\/wp-content\/uploads\/2025\/09\/OSL-PLB3-Pouch-Right-Angle.jpg","contentUrl":"https:\/\/oceansignal.com\/wp-content\/uploads\/2025\/09\/OSL-PLB3-Pouch-Right-Angle.jpg","width":2000,"height":2000},{"@type":"BreadcrumbList","@id":"https:\/\/oceansignal.com\/hr\/products\/plb1-plutajuca-torbica-copy\/#breadcrumb","itemListElement":[{"@type":"ListItem","position":1,"name":"Prera\u0111evina","item":"https:\/\/oceansignal.com\/hr\/preradevina\/"},{"@type":"ListItem","position":2,"name":"PLB3 plutaju\u0107a torbica"}]},{"@type":"WebSite","@id":"https:\/\/oceansignal.com\/hr\/#website","url":"https:\/\/oceansignal.com\/hr\/","name":"Ocean Signal","description":"A leading manufacturer of EPIRBs, AIS, SARTs, Personal Locator Beacons, Man Overboard Beacon for the Marine and Outdoor Markets.","potentialAction":[{"@type":"SearchAction","target":{"@type":"EntryPoint","urlTemplate":"https:\/\/oceansignal.com\/hr\/?s={search_term_string}"},"query-input":{"@type":"PropertyValueSpecification","valueRequired":true,"valueName":"search_term_string"}}],"inLanguage":"hr"}]}},"_links":{"self":[{"href":"https:\/\/oceansignal.com\/hr\/wp-json\/wp\/v2\/product\/34714","targetHints":{"allow":["GET"]}}],"collection":[{"href":"https:\/\/oceansignal.com\/hr\/wp-json\/wp\/v2\/product"}],"about":[{"href":"https:\/\/oceansignal.com\/hr\/wp-json\/wp\/v2\/types\/product"}],"wp:featuredmedia":[{"embeddable":true,"href":"https:\/\/oceansignal.com\/hr\/wp-json\/wp\/v2\/media\/34802"}],"wp:attachment":[{"href":"https:\/\/oceansignal.com\/hr\/wp-json\/wp\/v2\/media?parent=34714"}],"wp:term":[{"taxonomy":"product_brand","embeddable":true,"href":"https:\/\/oceansignal.com\/hr\/wp-json\/wp\/v2\/product_brand?post=34714"},{"taxonomy":"product_cat","embeddable":true,"href":"https:\/\/oceansignal.com\/hr\/wp-json\/wp\/v2\/product_cat?post=34714"},{"taxonomy":"product_tag","embeddable":true,"href":"https:\/\/oceansignal.com\/hr\/wp-json\/wp\/v2\/product_tag?post=34714"}],"curies":[{"name":"wp","href":"https:\/\/api.w.org\/{rel}","templated":true}]}}