{"id":34969,"date":"2025-09-18T15:31:56","date_gmt":"2025-09-18T15:31:56","guid":{"rendered":"https:\/\/oceansignal.com\/?post_type=product&#038;p=34969"},"modified":"2025-09-18T16:12:27","modified_gmt":"2025-09-18T16:12:27","slug":"mob1-paket-okova-copy","status":"publish","type":"product","link":"https:\/\/oceansignal.com\/hr\/products\/mob1-paket-okova-copy\/","title":{"rendered":"MOB2 paket okova"},"content":{"rendered":"<p>MOB2 paket opreme uklju\u010duje:<\/p>\n<ul>\n<li><span data-teams=\"true\">Za\u0161titna navlaka &#8216;ARMED&#8217;<\/span><\/li>\n<li><span data-teams=\"true\">  Nosa\u010d oralne cijevi<\/span><\/li>\n<li><span data-teams=\"true\">  Aktivacijska traka<\/span><\/li>\n<li><span data-teams=\"true\">  Kabel<\/span><\/li>\n<li><span data-teams=\"true\">  Ljepljiva kop\u010da<\/span><\/li>\n<li><span data-teams=\"true\">  Kop\u010da za pri\u010dvr\u0161\u0107ivanje<\/span><\/li>\n<li><span data-teams=\"true\">  Namota\u010d antene<\/span><\/li>\n<\/ul>\n<p>Za kori\u0161tenje s proizvodom SKU: 744S-05485 <span class=\"sku\">(Ocean Signal rescueME MOB2)<\/span><\/p>\n","protected":false},"excerpt":{"rendered":"<p>Paket opreme za MOB2 sadr\u017ei sve bitne dijelove koji su vam potrebni za odr\u017eavanje va\u0161eg MOB2 u ispravnom stanju.<\/p>\n<p> Za kori\u0161tenje s <a href=\"https:\/\/oceansignal.com\/products\/mob2\/\">rescueME MOB2-744S-05485<\/a> <\/p>\n","protected":false},"featured_media":34977,"template":"","meta":{"_acf_changed":false,"om_disable_all_campaigns":false},"product_brand":[],"product_cat":[1805,476],"product_tag":[1056,1841,1807],"class_list":{"0":"post-34969","1":"product","2":"type-product","3":"status-publish","4":"has-post-thumbnail","6":"product_cat-pribor","7":"product_cat-rescueme-hr","8":"product_tag-plb3-hr","9":"product_tag-plb3-torbica","10":"product_tag-plutajuca-vrecica","12":"first","13":"instock","14":"taxable","15":"shipping-taxable","16":"purchasable","17":"product-type-simple"},"acf":[],"yoast_head":"<!-- This site is optimized with the Yoast SEO Premium plugin v25.2 (Yoast SEO v26.4) - https:\/\/yoast.com\/wordpress\/plugins\/seo\/ -->\n<title>MOB2 paket okova - Ocean Signal<\/title>\n<meta name=\"robots\" content=\"index, follow, max-snippet:-1, max-image-preview:large, max-video-preview:-1\" \/>\n<link rel=\"canonical\" href=\"https:\/\/oceansignal.com\/hr\/products\/mob1-paket-okova-copy\/\" \/>\n<meta property=\"og:locale\" content=\"hr_HR\" \/>\n<meta property=\"og:type\" content=\"article\" \/>\n<meta property=\"og:title\" content=\"MOB2 paket okova\" \/>\n<meta property=\"og:description\" content=\"Paket opreme za MOB2 sadr\u017ei sve bitne dijelove koji su vam potrebni za odr\u017eavanje va\u0161eg MOB2 u ispravnom stanju.  Za kori\u0161tenje s rescueME MOB2-744S-05485\" \/>\n<meta property=\"og:url\" content=\"https:\/\/oceansignal.com\/hr\/products\/mob1-paket-okova-copy\/\" \/>\n<meta property=\"og:site_name\" content=\"Ocean Signal\" \/>\n<meta property=\"article:modified_time\" content=\"2025-09-18T16:12:27+00:00\" \/>\n<meta property=\"og:image\" content=\"https:\/\/oceansignal.com\/wp-content\/uploads\/2025\/09\/OSL-MOB1-Accessory-Kit.jpg\" \/>\n\t<meta property=\"og:image:width\" content=\"2000\" \/>\n\t<meta property=\"og:image:height\" content=\"2000\" \/>\n\t<meta property=\"og:image:type\" content=\"image\/jpeg\" \/>\n<meta name=\"twitter:card\" content=\"summary_large_image\" \/>\n<script type=\"application\/ld+json\" class=\"yoast-schema-graph\">{\"@context\":\"https:\/\/schema.org\",\"@graph\":[{\"@type\":\"WebPage\",\"@id\":\"https:\/\/oceansignal.com\/hr\/products\/mob1-paket-okova-copy\/\",\"url\":\"https:\/\/oceansignal.com\/hr\/products\/mob1-paket-okova-copy\/\",\"name\":\"MOB2 paket okova - Ocean Signal\",\"isPartOf\":{\"@id\":\"https:\/\/oceansignal.com\/hr\/#website\"},\"primaryImageOfPage\":{\"@id\":\"https:\/\/oceansignal.com\/hr\/products\/mob1-paket-okova-copy\/#primaryimage\"},\"image\":{\"@id\":\"https:\/\/oceansignal.com\/hr\/products\/mob1-paket-okova-copy\/#primaryimage\"},\"thumbnailUrl\":\"https:\/\/oceansignal.com\/wp-content\/uploads\/2025\/09\/OSL-MOB2-Accessory-Kit.jpg\",\"datePublished\":\"2025-09-18T15:31:56+00:00\",\"dateModified\":\"2025-09-18T16:12:27+00:00\",\"breadcrumb\":{\"@id\":\"https:\/\/oceansignal.com\/hr\/products\/mob1-paket-okova-copy\/#breadcrumb\"},\"inLanguage\":\"hr\",\"potentialAction\":[{\"@type\":\"ReadAction\",\"target\":[\"https:\/\/oceansignal.com\/hr\/products\/mob1-paket-okova-copy\/\"]}]},{\"@type\":\"ImageObject\",\"inLanguage\":\"hr\",\"@id\":\"https:\/\/oceansignal.com\/hr\/products\/mob1-paket-okova-copy\/#primaryimage\",\"url\":\"https:\/\/oceansignal.com\/wp-content\/uploads\/2025\/09\/OSL-MOB2-Accessory-Kit.jpg\",\"contentUrl\":\"https:\/\/oceansignal.com\/wp-content\/uploads\/2025\/09\/OSL-MOB2-Accessory-Kit.jpg\",\"width\":2000,\"height\":2000},{\"@type\":\"BreadcrumbList\",\"@id\":\"https:\/\/oceansignal.com\/hr\/products\/mob1-paket-okova-copy\/#breadcrumb\",\"itemListElement\":[{\"@type\":\"ListItem\",\"position\":1,\"name\":\"Prera\u0111evina\",\"item\":\"https:\/\/oceansignal.com\/hr\/preradevina\/\"},{\"@type\":\"ListItem\",\"position\":2,\"name\":\"MOB2 paket okova\"}]},{\"@type\":\"WebSite\",\"@id\":\"https:\/\/oceansignal.com\/hr\/#website\",\"url\":\"https:\/\/oceansignal.com\/hr\/\",\"name\":\"Ocean Signal\",\"description\":\"A leading manufacturer of EPIRBs, AIS, SARTs, Personal Locator Beacons, Man Overboard Beacon for the Marine and Outdoor Markets.\",\"potentialAction\":[{\"@type\":\"SearchAction\",\"target\":{\"@type\":\"EntryPoint\",\"urlTemplate\":\"https:\/\/oceansignal.com\/hr\/?s={search_term_string}\"},\"query-input\":{\"@type\":\"PropertyValueSpecification\",\"valueRequired\":true,\"valueName\":\"search_term_string\"}}],\"inLanguage\":\"hr\"}]}<\/script>\n<!-- \/ Yoast SEO Premium plugin. -->","yoast_head_json":{"title":"MOB2 paket okova - Ocean Signal","robots":{"index":"index","follow":"follow","max-snippet":"max-snippet:-1","max-image-preview":"max-image-preview:large","max-video-preview":"max-video-preview:-1"},"canonical":"https:\/\/oceansignal.com\/hr\/products\/mob1-paket-okova-copy\/","og_locale":"hr_HR","og_type":"article","og_title":"MOB2 paket okova","og_description":"Paket opreme za MOB2 sadr\u017ei sve bitne dijelove koji su vam potrebni za odr\u017eavanje va\u0161eg MOB2 u ispravnom stanju.  Za kori\u0161tenje s rescueME MOB2-744S-05485","og_url":"https:\/\/oceansignal.com\/hr\/products\/mob1-paket-okova-copy\/","og_site_name":"Ocean Signal","article_modified_time":"2025-09-18T16:12:27+00:00","og_image":[{"width":2000,"height":2000,"url":"https:\/\/oceansignal.com\/wp-content\/uploads\/2025\/09\/OSL-MOB1-Accessory-Kit.jpg","type":"image\/jpeg"}],"twitter_card":"summary_large_image","schema":{"@context":"https:\/\/schema.org","@graph":[{"@type":"WebPage","@id":"https:\/\/oceansignal.com\/hr\/products\/mob1-paket-okova-copy\/","url":"https:\/\/oceansignal.com\/hr\/products\/mob1-paket-okova-copy\/","name":"MOB2 paket okova - Ocean Signal","isPartOf":{"@id":"https:\/\/oceansignal.com\/hr\/#website"},"primaryImageOfPage":{"@id":"https:\/\/oceansignal.com\/hr\/products\/mob1-paket-okova-copy\/#primaryimage"},"image":{"@id":"https:\/\/oceansignal.com\/hr\/products\/mob1-paket-okova-copy\/#primaryimage"},"thumbnailUrl":"https:\/\/oceansignal.com\/wp-content\/uploads\/2025\/09\/OSL-MOB2-Accessory-Kit.jpg","datePublished":"2025-09-18T15:31:56+00:00","dateModified":"2025-09-18T16:12:27+00:00","breadcrumb":{"@id":"https:\/\/oceansignal.com\/hr\/products\/mob1-paket-okova-copy\/#breadcrumb"},"inLanguage":"hr","potentialAction":[{"@type":"ReadAction","target":["https:\/\/oceansignal.com\/hr\/products\/mob1-paket-okova-copy\/"]}]},{"@type":"ImageObject","inLanguage":"hr","@id":"https:\/\/oceansignal.com\/hr\/products\/mob1-paket-okova-copy\/#primaryimage","url":"https:\/\/oceansignal.com\/wp-content\/uploads\/2025\/09\/OSL-MOB2-Accessory-Kit.jpg","contentUrl":"https:\/\/oceansignal.com\/wp-content\/uploads\/2025\/09\/OSL-MOB2-Accessory-Kit.jpg","width":2000,"height":2000},{"@type":"BreadcrumbList","@id":"https:\/\/oceansignal.com\/hr\/products\/mob1-paket-okova-copy\/#breadcrumb","itemListElement":[{"@type":"ListItem","position":1,"name":"Prera\u0111evina","item":"https:\/\/oceansignal.com\/hr\/preradevina\/"},{"@type":"ListItem","position":2,"name":"MOB2 paket okova"}]},{"@type":"WebSite","@id":"https:\/\/oceansignal.com\/hr\/#website","url":"https:\/\/oceansignal.com\/hr\/","name":"Ocean Signal","description":"A leading manufacturer of EPIRBs, AIS, SARTs, Personal Locator Beacons, Man Overboard Beacon for the Marine and Outdoor Markets.","potentialAction":[{"@type":"SearchAction","target":{"@type":"EntryPoint","urlTemplate":"https:\/\/oceansignal.com\/hr\/?s={search_term_string}"},"query-input":{"@type":"PropertyValueSpecification","valueRequired":true,"valueName":"search_term_string"}}],"inLanguage":"hr"}]}},"_links":{"self":[{"href":"https:\/\/oceansignal.com\/hr\/wp-json\/wp\/v2\/product\/34969","targetHints":{"allow":["GET"]}}],"collection":[{"href":"https:\/\/oceansignal.com\/hr\/wp-json\/wp\/v2\/product"}],"about":[{"href":"https:\/\/oceansignal.com\/hr\/wp-json\/wp\/v2\/types\/product"}],"wp:featuredmedia":[{"embeddable":true,"href":"https:\/\/oceansignal.com\/hr\/wp-json\/wp\/v2\/media\/34977"}],"wp:attachment":[{"href":"https:\/\/oceansignal.com\/hr\/wp-json\/wp\/v2\/media?parent=34969"}],"wp:term":[{"taxonomy":"product_brand","embeddable":true,"href":"https:\/\/oceansignal.com\/hr\/wp-json\/wp\/v2\/product_brand?post=34969"},{"taxonomy":"product_cat","embeddable":true,"href":"https:\/\/oceansignal.com\/hr\/wp-json\/wp\/v2\/product_cat?post=34969"},{"taxonomy":"product_tag","embeddable":true,"href":"https:\/\/oceansignal.com\/hr\/wp-json\/wp\/v2\/product_tag?post=34969"}],"curies":[{"name":"wp","href":"https:\/\/api.w.org\/{rel}","templated":true}]}}