{"id":38014,"date":"2025-11-07T11:01:43","date_gmt":"2025-11-07T11:01:43","guid":{"rendered":"https:\/\/oceansignal.com\/?post_type=product&#038;p=38014"},"modified":"2026-03-17T17:02:04","modified_gmt":"2026-03-17T17:02:04","slug":"epirb3-komplet-za-sigurnost-plovidbe-copy-2","status":"publish","type":"product","link":"https:\/\/oceansignal.com\/hr\/products\/epirb3-komplet-za-sigurnost-plovidbe-copy-2\/","title":{"rendered":"PLB3 Komplet za sigurnost jedrenja"},"content":{"rendered":"<h3 data-start=\"3285\" data-end=\"3337\"><strong data-start=\"3292\" data-end=\"3337\"><img loading=\"lazy\" decoding=\"async\" class=\"alignnone size-full wp-image-32359\" src=\"https:\/\/oceansignal.com\/wp-content\/uploads\/2025\/07\/View-New-Safety-Kits.png\" alt=\"\" width=\"300\" height=\"75\" srcset=\"https:\/\/oceansignal.com\/wp-content\/uploads\/2025\/07\/View-New-Safety-Kits.png 300w, https:\/\/oceansignal.com\/wp-content\/uploads\/2025\/07\/View-New-Safety-Kits-60x15.png 60w, https:\/\/oceansignal.com\/wp-content\/uploads\/2025\/07\/View-New-Safety-Kits-110x28.png 110w\" sizes=\"auto, (max-width: 300px) 100vw, 300px\" \/><\/strong><\/h3>\n<h3 data-start=\"2673\" data-end=\"2727\"><strong data-start=\"2680\" data-end=\"2727\">Za\u0161to odabrati PLB3 komplet?<\/strong><\/h3>\n<ul>\n<li data-start=\"308\" data-end=\"559\">Izgra\u0111eno za samostalne jedrili\u010dare &#8211; Kada plovite sami ili s malom posadom, svaki dio opreme mora besprijekorno funkcionirati. PLB3 komplet pru\u017ea profesionalnu za\u0161titu dizajniranu za one koji se oslanjaju isklju\u010divo na sebe i svoju opremu. <\/li>\n<li data-start=\"308\" data-end=\"559\">Najnapredniji osobni signalni ure\u0111aj na svijetu rescueME PLB3 kombinira satelitsko slanje poziva u pomo\u0107 od 406 MHz, AIS lokalno uzbunjivanje i potvrdu povratne veze (RLS) &#8211; tako da znate da je va\u0161 poziv u pomo\u0107 primljen. AIS emitira va\u0161u poziciju obli\u017enjim plovilima za trenutno lokalno upozorenje. <\/li>\n<li data-start=\"308\" data-end=\"559\">Kompletno, kompaktno sigurnosno rje\u0161enje. Torba za hvatanje oceanskih signala s trakom odobrenom od strane SOLAS-a i setom zrcala i zvi\u017edaljki ACR-a, komplet osigurava da ispunjavate zahtjeve za kori\u0161tenje na moru, a istovremeno ostajete lagani, organizirani i spremni za trenutno raspore\u0111ivanje.<\/li>\n<li data-start=\"308\" data-end=\"559\">Dokazana tehnologija tvrtki Ocean Signal i ACR Electronics. Vjeruju joj oceanski regata\u0161i, dostavni brodovi i krstarice dugih dometa diljem svijeta &#8211; ovaj komplet predstavlja znanost pre\u017eivljavanja u svom najpouzdanijem obliku.<\/li>\n<\/ul>\n<h3 data-start=\"2313\" data-end=\"2334\"><strong data-start=\"2320\" data-end=\"2334\">Idealno za:<\/strong><\/h3>\n<ul>\n<li data-start=\"181\" data-end=\"379\">Samostalni jedrili\u010dari i posade s manjkom posade Osmi\u0161ljeno za one koji plove samostalno ili s minimalnom posadom \u2014 nudi pouzdanu, dvoslojnu komunikaciju i povjerenje u spa\u0161avanje bilo gdje u svijetu.<\/li>\n<li data-start=\"181\" data-end=\"379\">Avanturisti na otvorenom moru i u moru Idealno za jedrili\u010dare koji prelaze oceane ili istra\u017euju udaljene obale gdje su samostalnost i kompaktna, SOLAS odobrena sigurnosna oprema neophodni.<\/li>\n<li data-start=\"181\" data-end=\"379\">Skiperi i instruktori dostave Idealno za profesionalne skipere odgovorne za transfere plovila ili obuku &#8211; osiguravaju\u0107i uskla\u0111enost i osobnu za\u0161titu u svakom trenutku.<\/li>\n<\/ul>\n<p>&nbsp;<\/p>\n<h3 data-start=\"673\" data-end=\"726\"><strong data-start=\"680\" data-end=\"726\">\u0160to je uklju\u010deno i kako podr\u017eava spa\u0161avanje?<\/strong><\/h3>\n<h4 data-start=\"728\" data-end=\"762\"><strong data-start=\"733\" data-end=\"760\">2 \u00d7 Ocean Signal rescueME PLB3<\/strong><\/h4>\n<p data-start=\"763\" data-end=\"786\">Mo\u017ee se vidjeti lokalno (plovila s AIS primopredajnicima) i globalno (poruka od 406 MHz dostavljena traganju i spa\u0161avanju), precizno pratiti (AIS) i umiriti potvrdom u stvarnom vremenu (RLS) &#8211; sve u jednom ure\u0111aju.<br \/>\n Maloprodajna vrijednost: 849,99 \u00a3<\/p>\n<p data-start=\"763\" data-end=\"786\"><img loading=\"lazy\" decoding=\"async\" class=\"alignnone size-medium wp-image-11815\" src=\"https:\/\/oceansignal.com\/wp-content\/uploads\/2023\/09\/OSL-PLB3-Front-Antenna-Deployed-300x300.png\" alt=\"\" width=\"300\" height=\"300\" srcset=\"https:\/\/oceansignal.com\/wp-content\/uploads\/2023\/09\/OSL-PLB3-Front-Antenna-Deployed-300x300.png 300w, https:\/\/oceansignal.com\/wp-content\/uploads\/2023\/09\/OSL-PLB3-Front-Antenna-Deployed-1024x1024.png 1024w, https:\/\/oceansignal.com\/wp-content\/uploads\/2023\/09\/OSL-PLB3-Front-Antenna-Deployed-150x150.png 150w, https:\/\/oceansignal.com\/wp-content\/uploads\/2023\/09\/OSL-PLB3-Front-Antenna-Deployed-768x768.png 768w, https:\/\/oceansignal.com\/wp-content\/uploads\/2023\/09\/OSL-PLB3-Front-Antenna-Deployed-1536x1536.png 1536w, https:\/\/oceansignal.com\/wp-content\/uploads\/2023\/09\/OSL-PLB3-Front-Antenna-Deployed-600x600.png 600w, https:\/\/oceansignal.com\/wp-content\/uploads\/2023\/09\/OSL-PLB3-Front-Antenna-Deployed-100x100.png 100w, https:\/\/oceansignal.com\/wp-content\/uploads\/2023\/09\/OSL-PLB3-Front-Antenna-Deployed-60x60.png 60w, https:\/\/oceansignal.com\/wp-content\/uploads\/2023\/09\/OSL-PLB3-Front-Antenna-Deployed-110x110.png 110w, https:\/\/oceansignal.com\/wp-content\/uploads\/2023\/09\/OSL-PLB3-Front-Antenna-Deployed.png 2000w\" sizes=\"auto, (max-width: 300px) 100vw, 300px\" \/><\/p>\n<ul data-start=\"917\" data-end=\"1359\">\n<li data-start=\"917\" data-end=\"965\">PRVI PLB na svijetu s AIS-om i PRVI PLB na svijetu koji uklju\u010duje NFC i mobilnu aplikaciju\n<ul>\n<li data-start=\"71\" data-end=\"199\">\n<p data-start=\"73\" data-end=\"199\">Trostruki sustav uzbunjivanja: \u0160alje globalni signal za pomo\u0107 od 406 MHz, AIS za obli\u017enja plovila i navo\u0111enje od 121,5 MHz za globalne spasila\u010dke timove<\/p>\n<\/li>\n<li data-start=\"71\" data-end=\"199\">Dizajn spreman za PFD: Uklju\u010duje vi\u0161enamjensku kop\u010du i dizajniran je za besprijekornu integraciju s ve\u0107inom napuhanih prsluka za spa\u0161avanje<\/li>\n<li data-start=\"200\" data-end=\"302\">\n<p data-start=\"202\" data-end=\"302\">Pametno i povezano: NFC omogu\u0107en za postavljanje i provjeru statusa putem besplatne mobilne aplikacije (iOS i Android)<\/p>\n<\/li>\n<li data-start=\"303\" data-end=\"403\">\n<p data-start=\"305\" data-end=\"403\">Bez pretplata: Jednokratna kupnja sa 6-godi\u0161njim vijekom trajanja baterije i vi\u0161e od 24 sata trajanja aktivacije<\/p>\n<\/li>\n<li data-start=\"303\" data-end=\"403\"><a href=\"https:\/\/oceansignal.com\/hr\/news\/ocean-signal-osvaja-nagradu-za-ukupni-dizajn-dame-2022-za-osobni-lokator-svjetionik-rescueme-plb3-ais\/\">Dobitnik: Sveukupna nagrada DAME Design Award 2022<\/a><\/li>\n<\/ul>\n<p data-start=\"919\" data-end=\"965\">\n<\/li>\n<\/ul>\n<h4 data-start=\"1516\" data-end=\"1558\"><strong data-start=\"1521\" data-end=\"1556\">1 \u00d7 ACR signalno ogledalo i zvi\u017edaljka<\/strong><\/h4>\n<p data-start=\"1559\" data-end=\"1581\">Idealno kada su SAR timovi u blizini i trebate brzo i jasno privu\u0107i njihovu pozornost.<br \/>\n Maloprodajna vrijednost: 10,99 \u00a3<\/p>\n<p data-start=\"1559\" data-end=\"1581\"><img loading=\"lazy\" decoding=\"async\" class=\"alignnone wp-image-31407 size-medium\" src=\"https:\/\/oceansignal.com\/wp-content\/uploads\/2025\/06\/Grab_Bag_EPIRB1_Kit-e1752085331562-300x131.png\" alt=\"\" width=\"300\" height=\"131\" srcset=\"https:\/\/oceansignal.com\/wp-content\/uploads\/2025\/06\/Grab_Bag_EPIRB1_Kit-e1752085331562-300x131.png 300w, https:\/\/oceansignal.com\/wp-content\/uploads\/2025\/06\/Grab_Bag_EPIRB1_Kit-e1752085331562-60x26.png 60w, https:\/\/oceansignal.com\/wp-content\/uploads\/2025\/06\/Grab_Bag_EPIRB1_Kit-e1752085331562-110x48.png 110w, https:\/\/oceansignal.com\/wp-content\/uploads\/2025\/06\/Grab_Bag_EPIRB1_Kit-e1752085331562.png 344w\" sizes=\"auto, (max-width: 300px) 100vw, 300px\" \/><\/p>\n<p data-start=\"1583\" data-end=\"1691\">Ovi alati koji ne zahtijevaju odr\u017eavanje pru\u017eaju vrijednu dodatnu vidljivost i zvu\u010dnu signalizaciju u zavr\u0161nim fazama spa\u0161avanja.<\/p>\n<ul data-start=\"1693\" data-end=\"1791\">\n<li data-start=\"1693\" data-end=\"1734\">\n<p data-start=\"1695\" data-end=\"1734\"><strong>Visoko reflektiraju\u0107e kompaktno zrcalo za dnevne vizualne signale &#8211; Dizajnirano za reflektiranje sun\u010deve svjetlosti na velike udaljenosti, idealno za privla\u010denje pa\u017enje prolaze\u0107ih plovila ili zrakoplova<\/strong><\/p>\n<\/li>\n<li data-start=\"1735\" data-end=\"1791\">\n<p data-start=\"1737\" data-end=\"1791\"><strong>Glasan, tihi zvi\u017eduk za privla\u010denje pa\u017enje iz neposredne blizine<\/strong><\/p>\n<\/li>\n<\/ul>\n<h4 data-start=\"1914\" data-end=\"1961\"><\/h4>\n<h4 data-start=\"1914\" data-end=\"1961\"><strong data-start=\"1919\" data-end=\"1959\">1 \u00d7 Vodootporna torba za hvatanje Ocean Signal<\/strong><\/h4>\n<p data-start=\"1962\" data-end=\"1985\"><em data-start=\"1962\" data-end=\"1985\">Kada je svaka sekunda va\u017ena, klju\u010dno je imati sve na jednom suhom i vidljivom mjestu.<br \/>\n Maloprodajna vrijednost: 129,99 \u00a3<\/em><\/p>\n<p data-start=\"1962\" data-end=\"1985\"><img loading=\"lazy\" decoding=\"async\" class=\"alignnone wp-image-31488 size-medium\" src=\"https:\/\/oceansignal.com\/wp-content\/uploads\/2025\/06\/Grab_Bag-1-241x300.webp\" alt=\"\" width=\"241\" height=\"300\" srcset=\"https:\/\/oceansignal.com\/wp-content\/uploads\/2025\/06\/Grab_Bag-1-241x300.webp 241w, https:\/\/oceansignal.com\/wp-content\/uploads\/2025\/06\/Grab_Bag-1-60x75.webp 60w, https:\/\/oceansignal.com\/wp-content\/uploads\/2025\/06\/Grab_Bag-1-110x137.webp 110w, https:\/\/oceansignal.com\/wp-content\/uploads\/2025\/06\/Grab_Bag-1.webp 489w\" sizes=\"auto, (max-width: 241px) 100vw, 241px\" \/><\/p>\n<p data-start=\"1987\" data-end=\"2079\">Ova \u010dvrsta, plutaju\u0107a torba dr\u017ei va\u0161u osnovnu opremu na okupu &#8211; suhu, za\u0161ti\u0107enu i spremnu za upotrebu.<\/p>\n<ul data-start=\"2081\" data-end=\"2190\">\n<li data-start=\"2081\" data-end=\"2107\">\n<p data-start=\"2083\" data-end=\"2107\"><strong>Visoko vidljiva boja<\/strong><\/p>\n<\/li>\n<li data-start=\"2108\" data-end=\"2131\">\n<p data-start=\"2110\" data-end=\"2131\"><strong>plovan<\/strong><\/p>\n<\/li>\n<li data-start=\"2132\" data-end=\"2190\">\n<p data-start=\"2134\" data-end=\"2190\"><strong>Idealna veli\u010dina za EPIRB, svu dodatnu sigurnosnu opremu i klju\u010dne dokumente<\/strong><\/p>\n<\/li>\n<\/ul>\n","protected":false},"excerpt":{"rendered":"<ul>\n<li data-start=\"250\" data-end=\"437\">Dizajnirano za samostalne jedrilice i jedrilice s malom posadom: Dva Ocean Signal PLB3 signalna ure\u0111aja isporu\u010duju dvostruka upozorenja o nevolji od 406 MHz + AIS, osiguravaju\u0107i globalni odgovor na spa\u0161avanje i trenutnu lokalnu vidljivost.<\/li>\n<li data-start=\"250\" data-end=\"437\">Kompaktan dizajn spreman za kori\u0161tenje na moru uklju\u010duje torbu za hvatanje oceanskih signala s trakom odobrenom od strane SOLAS-a, plus ACR ogledala i zvi\u017edaljke za bitnu signalizaciju i uskla\u0111enost na moru<\/li>\n<li data-start=\"250\" data-end=\"437\">Pouzdana pouzdanost: Razvijeno od strane Ocean Signal i ACR Electronics \u2014 profesionalna sigurnost kojoj vjeruju skiperi na otvorenim vodama i avanturisti diljem svijeta<\/li>\n<\/ul>\n<p>Ukupna vrijednost kompleta po preporu\u010denoj maloprodajnoj cijeni: 1201 GBP. U\u0161tedite 160 GBP s ovim kompletom! <\/p>\n","protected":false},"featured_media":38038,"template":"","meta":{"_acf_changed":false,"om_disable_all_campaigns":false},"product_brand":[],"product_cat":[476,1652],"product_tag":[1699,1654],"class_list":{"0":"post-38014","1":"product","2":"type-product","3":"status-publish","4":"has-post-thumbnail","6":"product_cat-rescueme-hr","7":"product_cat-sigurnosni-setovi","8":"product_tag-sigurnosni-setovi","9":"product_tag-vreca-za-grabljenje","11":"first","12":"instock","13":"taxable","14":"shipping-taxable","15":"purchasable","16":"product-type-simple"},"acf":[],"yoast_head":"<!-- This site is optimized with the Yoast SEO Premium plugin v25.2 (Yoast SEO v26.4) - https:\/\/yoast.com\/wordpress\/plugins\/seo\/ -->\n<title>PLB3 Komplet za sigurnost jedrenja - Ocean Signal<\/title>\n<meta name=\"robots\" content=\"index, follow, max-snippet:-1, max-image-preview:large, max-video-preview:-1\" \/>\n<link rel=\"canonical\" href=\"https:\/\/oceansignal.com\/hr\/products\/epirb3-komplet-za-sigurnost-plovidbe-copy-2\/\" \/>\n<meta property=\"og:locale\" content=\"hr_HR\" \/>\n<meta property=\"og:type\" content=\"article\" \/>\n<meta property=\"og:title\" content=\"PLB3 Komplet za sigurnost jedrenja\" \/>\n<meta property=\"og:description\" content=\"Dizajnirano za samostalne jedrilice i jedrilice s malom posadom: Dva Ocean Signal PLB3 signalna ure\u0111aja isporu\u010duju dvostruka upozorenja o nevolji od 406 MHz + AIS, osiguravaju\u0107i globalni odgovor na spa\u0161avanje i trenutnu lokalnu vidljivost.  Kompaktan dizajn spreman za kori\u0161tenje na moru uklju\u010duje torbu za hvatanje oceanskih signala s trakom odobrenom od strane SOLAS-a, plus ACR ogledala i zvi\u017edaljke za bitnu signalizaciju i uskla\u0111enost na moru  Pouzdana pouzdanost: Razvijeno od strane Ocean Signal i ACR Electronics \u2014 profesionalna sigurnost kojoj vjeruju skiperi na otvorenim vodama i avanturisti diljem svijeta Ukupna vrijednost kompleta po preporu\u010denoj maloprodajnoj cijeni: 1201 GBP. U\u0161tedite 160 GBP s ovim kompletom!\" \/>\n<meta property=\"og:url\" content=\"https:\/\/oceansignal.com\/hr\/products\/epirb3-komplet-za-sigurnost-plovidbe-copy-2\/\" \/>\n<meta property=\"og:site_name\" content=\"Ocean Signal\" \/>\n<meta property=\"article:modified_time\" content=\"2026-03-17T17:02:04+00:00\" \/>\n<meta property=\"og:image\" content=\"https:\/\/oceansignal.com\/wp-content\/uploads\/2025\/11\/Grab_Bag_PLB3_Safety_Kit.jpg\" \/>\n\t<meta property=\"og:image:width\" content=\"504\" \/>\n\t<meta property=\"og:image:height\" content=\"497\" \/>\n\t<meta property=\"og:image:type\" content=\"image\/jpeg\" \/>\n<meta name=\"twitter:card\" content=\"summary_large_image\" \/>\n<meta name=\"twitter:label1\" content=\"Procijenjeno vrijeme \u010ditanja\" \/>\n\t<meta name=\"twitter:data1\" content=\"3 minute\" \/>\n<script type=\"application\/ld+json\" class=\"yoast-schema-graph\">{\"@context\":\"https:\/\/schema.org\",\"@graph\":[{\"@type\":\"WebPage\",\"@id\":\"https:\/\/oceansignal.com\/hr\/products\/epirb3-komplet-za-sigurnost-plovidbe-copy-2\/\",\"url\":\"https:\/\/oceansignal.com\/hr\/products\/epirb3-komplet-za-sigurnost-plovidbe-copy-2\/\",\"name\":\"PLB3 Komplet za sigurnost jedrenja - Ocean Signal\",\"isPartOf\":{\"@id\":\"https:\/\/oceansignal.com\/hr\/#website\"},\"primaryImageOfPage\":{\"@id\":\"https:\/\/oceansignal.com\/hr\/products\/epirb3-komplet-za-sigurnost-plovidbe-copy-2\/#primaryimage\"},\"image\":{\"@id\":\"https:\/\/oceansignal.com\/hr\/products\/epirb3-komplet-za-sigurnost-plovidbe-copy-2\/#primaryimage\"},\"thumbnailUrl\":\"https:\/\/oceansignal.com\/wp-content\/uploads\/2025\/11\/Grab_Bag_PLB3_Safety_Kit.jpg\",\"datePublished\":\"2025-11-07T11:01:43+00:00\",\"dateModified\":\"2026-03-17T17:02:04+00:00\",\"breadcrumb\":{\"@id\":\"https:\/\/oceansignal.com\/hr\/products\/epirb3-komplet-za-sigurnost-plovidbe-copy-2\/#breadcrumb\"},\"inLanguage\":\"hr\",\"potentialAction\":[{\"@type\":\"ReadAction\",\"target\":[\"https:\/\/oceansignal.com\/hr\/products\/epirb3-komplet-za-sigurnost-plovidbe-copy-2\/\"]}]},{\"@type\":\"ImageObject\",\"inLanguage\":\"hr\",\"@id\":\"https:\/\/oceansignal.com\/hr\/products\/epirb3-komplet-za-sigurnost-plovidbe-copy-2\/#primaryimage\",\"url\":\"https:\/\/oceansignal.com\/wp-content\/uploads\/2025\/11\/Grab_Bag_PLB3_Safety_Kit.jpg\",\"contentUrl\":\"https:\/\/oceansignal.com\/wp-content\/uploads\/2025\/11\/Grab_Bag_PLB3_Safety_Kit.jpg\",\"width\":504,\"height\":497},{\"@type\":\"BreadcrumbList\",\"@id\":\"https:\/\/oceansignal.com\/hr\/products\/epirb3-komplet-za-sigurnost-plovidbe-copy-2\/#breadcrumb\",\"itemListElement\":[{\"@type\":\"ListItem\",\"position\":1,\"name\":\"Prera\u0111evina\",\"item\":\"https:\/\/oceansignal.com\/hr\/preradevina\/\"},{\"@type\":\"ListItem\",\"position\":2,\"name\":\"PLB3 Komplet za sigurnost jedrenja\"}]},{\"@type\":\"WebSite\",\"@id\":\"https:\/\/oceansignal.com\/hr\/#website\",\"url\":\"https:\/\/oceansignal.com\/hr\/\",\"name\":\"Ocean Signal\",\"description\":\"A leading manufacturer of EPIRBs, AIS, SARTs, Personal Locator Beacons, Man Overboard Beacon for the Marine and Outdoor Markets.\",\"potentialAction\":[{\"@type\":\"SearchAction\",\"target\":{\"@type\":\"EntryPoint\",\"urlTemplate\":\"https:\/\/oceansignal.com\/hr\/?s={search_term_string}\"},\"query-input\":{\"@type\":\"PropertyValueSpecification\",\"valueRequired\":true,\"valueName\":\"search_term_string\"}}],\"inLanguage\":\"hr\"}]}<\/script>\n<!-- \/ Yoast SEO Premium plugin. -->","yoast_head_json":{"title":"PLB3 Komplet za sigurnost jedrenja - Ocean Signal","robots":{"index":"index","follow":"follow","max-snippet":"max-snippet:-1","max-image-preview":"max-image-preview:large","max-video-preview":"max-video-preview:-1"},"canonical":"https:\/\/oceansignal.com\/hr\/products\/epirb3-komplet-za-sigurnost-plovidbe-copy-2\/","og_locale":"hr_HR","og_type":"article","og_title":"PLB3 Komplet za sigurnost jedrenja","og_description":"Dizajnirano za samostalne jedrilice i jedrilice s malom posadom: Dva Ocean Signal PLB3 signalna ure\u0111aja isporu\u010duju dvostruka upozorenja o nevolji od 406 MHz + AIS, osiguravaju\u0107i globalni odgovor na spa\u0161avanje i trenutnu lokalnu vidljivost.  Kompaktan dizajn spreman za kori\u0161tenje na moru uklju\u010duje torbu za hvatanje oceanskih signala s trakom odobrenom od strane SOLAS-a, plus ACR ogledala i zvi\u017edaljke za bitnu signalizaciju i uskla\u0111enost na moru  Pouzdana pouzdanost: Razvijeno od strane Ocean Signal i ACR Electronics \u2014 profesionalna sigurnost kojoj vjeruju skiperi na otvorenim vodama i avanturisti diljem svijeta Ukupna vrijednost kompleta po preporu\u010denoj maloprodajnoj cijeni: 1201 GBP. U\u0161tedite 160 GBP s ovim kompletom!","og_url":"https:\/\/oceansignal.com\/hr\/products\/epirb3-komplet-za-sigurnost-plovidbe-copy-2\/","og_site_name":"Ocean Signal","article_modified_time":"2026-03-17T17:02:04+00:00","og_image":[{"width":504,"height":497,"url":"https:\/\/oceansignal.com\/wp-content\/uploads\/2025\/11\/Grab_Bag_PLB3_Safety_Kit.jpg","type":"image\/jpeg"}],"twitter_card":"summary_large_image","twitter_misc":{"Procijenjeno vrijeme \u010ditanja":"3 minute"},"schema":{"@context":"https:\/\/schema.org","@graph":[{"@type":"WebPage","@id":"https:\/\/oceansignal.com\/hr\/products\/epirb3-komplet-za-sigurnost-plovidbe-copy-2\/","url":"https:\/\/oceansignal.com\/hr\/products\/epirb3-komplet-za-sigurnost-plovidbe-copy-2\/","name":"PLB3 Komplet za sigurnost jedrenja - Ocean Signal","isPartOf":{"@id":"https:\/\/oceansignal.com\/hr\/#website"},"primaryImageOfPage":{"@id":"https:\/\/oceansignal.com\/hr\/products\/epirb3-komplet-za-sigurnost-plovidbe-copy-2\/#primaryimage"},"image":{"@id":"https:\/\/oceansignal.com\/hr\/products\/epirb3-komplet-za-sigurnost-plovidbe-copy-2\/#primaryimage"},"thumbnailUrl":"https:\/\/oceansignal.com\/wp-content\/uploads\/2025\/11\/Grab_Bag_PLB3_Safety_Kit.jpg","datePublished":"2025-11-07T11:01:43+00:00","dateModified":"2026-03-17T17:02:04+00:00","breadcrumb":{"@id":"https:\/\/oceansignal.com\/hr\/products\/epirb3-komplet-za-sigurnost-plovidbe-copy-2\/#breadcrumb"},"inLanguage":"hr","potentialAction":[{"@type":"ReadAction","target":["https:\/\/oceansignal.com\/hr\/products\/epirb3-komplet-za-sigurnost-plovidbe-copy-2\/"]}]},{"@type":"ImageObject","inLanguage":"hr","@id":"https:\/\/oceansignal.com\/hr\/products\/epirb3-komplet-za-sigurnost-plovidbe-copy-2\/#primaryimage","url":"https:\/\/oceansignal.com\/wp-content\/uploads\/2025\/11\/Grab_Bag_PLB3_Safety_Kit.jpg","contentUrl":"https:\/\/oceansignal.com\/wp-content\/uploads\/2025\/11\/Grab_Bag_PLB3_Safety_Kit.jpg","width":504,"height":497},{"@type":"BreadcrumbList","@id":"https:\/\/oceansignal.com\/hr\/products\/epirb3-komplet-za-sigurnost-plovidbe-copy-2\/#breadcrumb","itemListElement":[{"@type":"ListItem","position":1,"name":"Prera\u0111evina","item":"https:\/\/oceansignal.com\/hr\/preradevina\/"},{"@type":"ListItem","position":2,"name":"PLB3 Komplet za sigurnost jedrenja"}]},{"@type":"WebSite","@id":"https:\/\/oceansignal.com\/hr\/#website","url":"https:\/\/oceansignal.com\/hr\/","name":"Ocean Signal","description":"A leading manufacturer of EPIRBs, AIS, SARTs, Personal Locator Beacons, Man Overboard Beacon for the Marine and Outdoor Markets.","potentialAction":[{"@type":"SearchAction","target":{"@type":"EntryPoint","urlTemplate":"https:\/\/oceansignal.com\/hr\/?s={search_term_string}"},"query-input":{"@type":"PropertyValueSpecification","valueRequired":true,"valueName":"search_term_string"}}],"inLanguage":"hr"}]}},"_links":{"self":[{"href":"https:\/\/oceansignal.com\/hr\/wp-json\/wp\/v2\/product\/38014","targetHints":{"allow":["GET"]}}],"collection":[{"href":"https:\/\/oceansignal.com\/hr\/wp-json\/wp\/v2\/product"}],"about":[{"href":"https:\/\/oceansignal.com\/hr\/wp-json\/wp\/v2\/types\/product"}],"wp:featuredmedia":[{"embeddable":true,"href":"https:\/\/oceansignal.com\/hr\/wp-json\/wp\/v2\/media\/38038"}],"wp:attachment":[{"href":"https:\/\/oceansignal.com\/hr\/wp-json\/wp\/v2\/media?parent=38014"}],"wp:term":[{"taxonomy":"product_brand","embeddable":true,"href":"https:\/\/oceansignal.com\/hr\/wp-json\/wp\/v2\/product_brand?post=38014"},{"taxonomy":"product_cat","embeddable":true,"href":"https:\/\/oceansignal.com\/hr\/wp-json\/wp\/v2\/product_cat?post=38014"},{"taxonomy":"product_tag","embeddable":true,"href":"https:\/\/oceansignal.com\/hr\/wp-json\/wp\/v2\/product_tag?post=38014"}],"curies":[{"name":"wp","href":"https:\/\/api.w.org\/{rel}","templated":true}]}}