{"id":38772,"date":"2025-10-23T12:51:41","date_gmt":"2025-10-23T12:51:41","guid":{"rendered":"https:\/\/oceansignal.com\/products\/suha-torba-ocean-signal\/"},"modified":"2025-10-23T12:51:41","modified_gmt":"2025-10-23T12:51:41","slug":"suha-torba-ocean-signal","status":"publish","type":"product","link":"https:\/\/oceansignal.com\/hr\/products\/suha-torba-ocean-signal\/","title":{"rendered":"Suha torba Ocean Signal"},"content":{"rendered":"<p><strong>Kompaktna vodootporna torba za suho<\/strong><\/p>\n<p data-start=\"201\" data-end=\"599\">Savr\u0161ena za veslanje na dasci, kajakarenje, izlete na pla\u017eu ili bilo koju avanturu na otvorenom, ova mala vodootporna torba \u010duva va\u0161e potrep\u0161tine na sigurnom, suhom i za\u0161ti\u0107enom od vremenskih uvjeta. Izra\u0111ena je od izdr\u017eljivih, vodootpornih materijala, a ima roll-top zatvara\u010d koji ne propu\u0161ta vodu, pijesak i prljav\u0161tinu. Lagana je i pluta, \u010dak pluta i ako padne u vodu &#8211; \u0161to je \u010dini idealnom za kori\u0161tenje na jezerima, rijekama ili oceanu.  <\/p>\n<p data-start=\"601\" data-end=\"838\">Bez obzira pakirate li telefon, klju\u010deve, grickalice ili presvlaku za odje\u0107u, ova vodootporna vre\u0107a dizajnirana je za prakti\u010dnost i bezbri\u017enost. Pri\u010dvrstite je na svoju opremu ili je nosite samostalno &#8211; va\u0161e stvari ostaju suhe, bez obzira kamo vas putovanje odvede. <\/p>\n<p data-start=\"840\" data-end=\"857\"><strong data-start=\"840\" data-end=\"857\">Klju\u010dne zna\u010dajke:<\/strong><\/p>\n<ul data-start=\"858\" data-end=\"1135\">\n<li data-start=\"858\" data-end=\"913\">\n<p data-start=\"860\" data-end=\"913\">100% vodootporni dizajn s sigurnim zatvaranjem na roll-top<\/p>\n<\/li>\n<li data-start=\"981\" data-end=\"1024\">\n<p data-start=\"983\" data-end=\"1024\">Lagan i kompaktan za jednostavno putovanje<\/p>\n<\/li>\n<li data-start=\"1025\" data-end=\"1078\">\n<p data-start=\"1027\" data-end=\"1078\">Izdr\u017eljiva konstrukcija izra\u0111ena za vanjske uvjete<\/p>\n<\/li>\n<li data-start=\"1079\" data-end=\"1135\">\n<p data-start=\"1081\" data-end=\"1135\">Idealno za \u010duvanje dragocjenosti suhima tijekom bilo koje avanture<\/p>\n<\/li>\n<li data-start=\"1079\" data-end=\"1135\">Dimenzije: 7,5 x 14,75 (IN\u010cA)<\/li>\n<\/ul>\n","protected":false},"excerpt":{"rendered":"<p>\u010cuvajte svoje osnovne stvari suhima i sigurnima u ovoj kompaktnoj, <strong>vodootpornoj<\/strong> suhoj torbi &#8211; savr\u0161enoj za veslanje na dasci, kajakarenje, izlete na pla\u017eu i sve va\u0161e avanture na otvorenom. Ovo vodootporno rje\u0161enje za pohranu ujedno slu\u017ei i kao plutaju\u0107a torba za opremu, nude\u0107i laganu za\u0161titu bez ve\u0107eg tereta. Izra\u0111ena za svako putovanje, ovo je izdr\u017eljiv suputnik na kojeg se mo\u017eete osloniti. Bez obzira idete li na vodu ili staze, ovo je neophodan komad avanturisti\u010dke opreme koji pluta za dodatni mir.   <\/p>\n","protected":false},"featured_media":37434,"template":"","meta":{"_acf_changed":false,"om_disable_all_campaigns":false},"product_brand":[],"product_cat":[1805],"product_tag":[1704,1956],"class_list":{"0":"post-38772","1":"product","2":"type-product","3":"status-publish","4":"has-post-thumbnail","6":"product_cat-pribor","7":"product_tag-ditch-bag-hr","8":"product_tag-suha-torba","10":"first","11":"outofstock","12":"taxable","13":"shipping-taxable","14":"purchasable","15":"product-type-simple"},"acf":[],"yoast_head":"<!-- This site is optimized with the Yoast SEO Premium plugin v25.2 (Yoast SEO v26.4) - https:\/\/yoast.com\/wordpress\/plugins\/seo\/ -->\n<title>Suha torba Ocean Signal - Ocean Signal<\/title>\n<meta name=\"robots\" content=\"index, follow, max-snippet:-1, max-image-preview:large, max-video-preview:-1\" \/>\n<link rel=\"canonical\" href=\"https:\/\/oceansignal.com\/hr\/products\/suha-torba-ocean-signal\/\" \/>\n<meta property=\"og:locale\" content=\"hr_HR\" \/>\n<meta property=\"og:type\" content=\"article\" \/>\n<meta property=\"og:title\" content=\"Suha torba Ocean Signal\" \/>\n<meta property=\"og:description\" content=\"\u010cuvajte svoje osnovne stvari suhima i sigurnima u ovoj kompaktnoj, vodootpornoj suhoj torbi - savr\u0161enoj za veslanje na dasci, kajakarenje, izlete na pla\u017eu i sve va\u0161e avanture na otvorenom. Ovo vodootporno rje\u0161enje za pohranu ujedno slu\u017ei i kao plutaju\u0107a torba za opremu, nude\u0107i laganu za\u0161titu bez ve\u0107eg tereta. Izra\u0111ena za svako putovanje, ovo je izdr\u017eljiv suputnik na kojeg se mo\u017eete osloniti. Bez obzira idete li na vodu ili staze, ovo je neophodan komad avanturisti\u010dke opreme koji pluta za dodatni mir.\" \/>\n<meta property=\"og:url\" content=\"https:\/\/oceansignal.com\/hr\/products\/suha-torba-ocean-signal\/\" \/>\n<meta property=\"og:site_name\" content=\"Ocean Signal\" \/>\n<meta property=\"og:image\" content=\"https:\/\/oceansignal.com\/wp-content\/uploads\/2025\/10\/Multi-Brand-Dry-Bag-Front-Closed.jpg\" \/>\n\t<meta property=\"og:image:width\" content=\"2000\" \/>\n\t<meta property=\"og:image:height\" content=\"2000\" \/>\n\t<meta property=\"og:image:type\" content=\"image\/jpeg\" \/>\n<meta name=\"twitter:card\" content=\"summary_large_image\" \/>\n<meta name=\"twitter:label1\" content=\"Procijenjeno vrijeme \u010ditanja\" \/>\n\t<meta name=\"twitter:data1\" content=\"1 minuta\" \/>\n<script type=\"application\/ld+json\" class=\"yoast-schema-graph\">{\"@context\":\"https:\/\/schema.org\",\"@graph\":[{\"@type\":\"WebPage\",\"@id\":\"https:\/\/oceansignal.com\/hr\/products\/suha-torba-ocean-signal\/\",\"url\":\"https:\/\/oceansignal.com\/hr\/products\/suha-torba-ocean-signal\/\",\"name\":\"Suha torba Ocean Signal - Ocean Signal\",\"isPartOf\":{\"@id\":\"https:\/\/oceansignal.com\/hr\/#website\"},\"primaryImageOfPage\":{\"@id\":\"https:\/\/oceansignal.com\/hr\/products\/suha-torba-ocean-signal\/#primaryimage\"},\"image\":{\"@id\":\"https:\/\/oceansignal.com\/hr\/products\/suha-torba-ocean-signal\/#primaryimage\"},\"thumbnailUrl\":\"https:\/\/oceansignal.com\/wp-content\/uploads\/2025\/10\/Multi-Brand-Dry-Bag-Front-Closed.jpg\",\"datePublished\":\"2025-10-23T12:51:41+00:00\",\"breadcrumb\":{\"@id\":\"https:\/\/oceansignal.com\/hr\/products\/suha-torba-ocean-signal\/#breadcrumb\"},\"inLanguage\":\"hr\",\"potentialAction\":[{\"@type\":\"ReadAction\",\"target\":[\"https:\/\/oceansignal.com\/hr\/products\/suha-torba-ocean-signal\/\"]}]},{\"@type\":\"ImageObject\",\"inLanguage\":\"hr\",\"@id\":\"https:\/\/oceansignal.com\/hr\/products\/suha-torba-ocean-signal\/#primaryimage\",\"url\":\"https:\/\/oceansignal.com\/wp-content\/uploads\/2025\/10\/Multi-Brand-Dry-Bag-Front-Closed.jpg\",\"contentUrl\":\"https:\/\/oceansignal.com\/wp-content\/uploads\/2025\/10\/Multi-Brand-Dry-Bag-Front-Closed.jpg\",\"width\":2000,\"height\":2000},{\"@type\":\"BreadcrumbList\",\"@id\":\"https:\/\/oceansignal.com\/hr\/products\/suha-torba-ocean-signal\/#breadcrumb\",\"itemListElement\":[{\"@type\":\"ListItem\",\"position\":1,\"name\":\"Prera\u0111evina\",\"item\":\"https:\/\/oceansignal.com\/hr\/preradevina\/\"},{\"@type\":\"ListItem\",\"position\":2,\"name\":\"Suha torba Ocean Signal\"}]},{\"@type\":\"WebSite\",\"@id\":\"https:\/\/oceansignal.com\/hr\/#website\",\"url\":\"https:\/\/oceansignal.com\/hr\/\",\"name\":\"Ocean Signal\",\"description\":\"A leading manufacturer of EPIRBs, AIS, SARTs, Personal Locator Beacons, Man Overboard Beacon for the Marine and Outdoor Markets.\",\"potentialAction\":[{\"@type\":\"SearchAction\",\"target\":{\"@type\":\"EntryPoint\",\"urlTemplate\":\"https:\/\/oceansignal.com\/hr\/?s={search_term_string}\"},\"query-input\":{\"@type\":\"PropertyValueSpecification\",\"valueRequired\":true,\"valueName\":\"search_term_string\"}}],\"inLanguage\":\"hr\"}]}<\/script>\n<!-- \/ Yoast SEO Premium plugin. -->","yoast_head_json":{"title":"Suha torba Ocean Signal - Ocean Signal","robots":{"index":"index","follow":"follow","max-snippet":"max-snippet:-1","max-image-preview":"max-image-preview:large","max-video-preview":"max-video-preview:-1"},"canonical":"https:\/\/oceansignal.com\/hr\/products\/suha-torba-ocean-signal\/","og_locale":"hr_HR","og_type":"article","og_title":"Suha torba Ocean Signal","og_description":"\u010cuvajte svoje osnovne stvari suhima i sigurnima u ovoj kompaktnoj, vodootpornoj suhoj torbi - savr\u0161enoj za veslanje na dasci, kajakarenje, izlete na pla\u017eu i sve va\u0161e avanture na otvorenom. Ovo vodootporno rje\u0161enje za pohranu ujedno slu\u017ei i kao plutaju\u0107a torba za opremu, nude\u0107i laganu za\u0161titu bez ve\u0107eg tereta. Izra\u0111ena za svako putovanje, ovo je izdr\u017eljiv suputnik na kojeg se mo\u017eete osloniti. Bez obzira idete li na vodu ili staze, ovo je neophodan komad avanturisti\u010dke opreme koji pluta za dodatni mir.","og_url":"https:\/\/oceansignal.com\/hr\/products\/suha-torba-ocean-signal\/","og_site_name":"Ocean Signal","og_image":[{"width":2000,"height":2000,"url":"https:\/\/oceansignal.com\/wp-content\/uploads\/2025\/10\/Multi-Brand-Dry-Bag-Front-Closed.jpg","type":"image\/jpeg"}],"twitter_card":"summary_large_image","twitter_misc":{"Procijenjeno vrijeme \u010ditanja":"1 minuta"},"schema":{"@context":"https:\/\/schema.org","@graph":[{"@type":"WebPage","@id":"https:\/\/oceansignal.com\/hr\/products\/suha-torba-ocean-signal\/","url":"https:\/\/oceansignal.com\/hr\/products\/suha-torba-ocean-signal\/","name":"Suha torba Ocean Signal - Ocean Signal","isPartOf":{"@id":"https:\/\/oceansignal.com\/hr\/#website"},"primaryImageOfPage":{"@id":"https:\/\/oceansignal.com\/hr\/products\/suha-torba-ocean-signal\/#primaryimage"},"image":{"@id":"https:\/\/oceansignal.com\/hr\/products\/suha-torba-ocean-signal\/#primaryimage"},"thumbnailUrl":"https:\/\/oceansignal.com\/wp-content\/uploads\/2025\/10\/Multi-Brand-Dry-Bag-Front-Closed.jpg","datePublished":"2025-10-23T12:51:41+00:00","breadcrumb":{"@id":"https:\/\/oceansignal.com\/hr\/products\/suha-torba-ocean-signal\/#breadcrumb"},"inLanguage":"hr","potentialAction":[{"@type":"ReadAction","target":["https:\/\/oceansignal.com\/hr\/products\/suha-torba-ocean-signal\/"]}]},{"@type":"ImageObject","inLanguage":"hr","@id":"https:\/\/oceansignal.com\/hr\/products\/suha-torba-ocean-signal\/#primaryimage","url":"https:\/\/oceansignal.com\/wp-content\/uploads\/2025\/10\/Multi-Brand-Dry-Bag-Front-Closed.jpg","contentUrl":"https:\/\/oceansignal.com\/wp-content\/uploads\/2025\/10\/Multi-Brand-Dry-Bag-Front-Closed.jpg","width":2000,"height":2000},{"@type":"BreadcrumbList","@id":"https:\/\/oceansignal.com\/hr\/products\/suha-torba-ocean-signal\/#breadcrumb","itemListElement":[{"@type":"ListItem","position":1,"name":"Prera\u0111evina","item":"https:\/\/oceansignal.com\/hr\/preradevina\/"},{"@type":"ListItem","position":2,"name":"Suha torba Ocean Signal"}]},{"@type":"WebSite","@id":"https:\/\/oceansignal.com\/hr\/#website","url":"https:\/\/oceansignal.com\/hr\/","name":"Ocean Signal","description":"A leading manufacturer of EPIRBs, AIS, SARTs, Personal Locator Beacons, Man Overboard Beacon for the Marine and Outdoor Markets.","potentialAction":[{"@type":"SearchAction","target":{"@type":"EntryPoint","urlTemplate":"https:\/\/oceansignal.com\/hr\/?s={search_term_string}"},"query-input":{"@type":"PropertyValueSpecification","valueRequired":true,"valueName":"search_term_string"}}],"inLanguage":"hr"}]}},"_links":{"self":[{"href":"https:\/\/oceansignal.com\/hr\/wp-json\/wp\/v2\/product\/38772","targetHints":{"allow":["GET"]}}],"collection":[{"href":"https:\/\/oceansignal.com\/hr\/wp-json\/wp\/v2\/product"}],"about":[{"href":"https:\/\/oceansignal.com\/hr\/wp-json\/wp\/v2\/types\/product"}],"wp:featuredmedia":[{"embeddable":true,"href":"https:\/\/oceansignal.com\/hr\/wp-json\/wp\/v2\/media\/37434"}],"wp:attachment":[{"href":"https:\/\/oceansignal.com\/hr\/wp-json\/wp\/v2\/media?parent=38772"}],"wp:term":[{"taxonomy":"product_brand","embeddable":true,"href":"https:\/\/oceansignal.com\/hr\/wp-json\/wp\/v2\/product_brand?post=38772"},{"taxonomy":"product_cat","embeddable":true,"href":"https:\/\/oceansignal.com\/hr\/wp-json\/wp\/v2\/product_cat?post=38772"},{"taxonomy":"product_tag","embeddable":true,"href":"https:\/\/oceansignal.com\/hr\/wp-json\/wp\/v2\/product_tag?post=38772"}],"curies":[{"name":"wp","href":"https:\/\/api.w.org\/{rel}","templated":true}]}}