{"id":6547,"date":"2024-03-15T17:33:28","date_gmt":"2024-03-15T17:33:28","guid":{"rendered":"https:\/\/oceansignal.com\/products\/ocean-signal-hr1e-zamjenska-hidrostatska-jedinica-za-otpustanje\/"},"modified":"2025-07-08T09:36:32","modified_gmt":"2025-07-08T09:36:32","slug":"ocean-signal-hr1e-zamjenska-hidrostatska-jedinica-za-otpustanje","status":"publish","type":"product","link":"https:\/\/oceansignal.com\/hr\/products\/ocean-signal-hr1e-zamjenska-hidrostatska-jedinica-za-otpustanje\/","title":{"rendered":"Ocean Signal HR1E Replacement Hydrostatic Release Unit"},"content":{"rendered":"<p id=\"title\" class=\"a-size-large a-spacing-none\"><span id=\"productTitle\" class=\"a-size-large product-title-word-break\">Ocean Signal HR1E Replacement Hydrostatic Release Unit (HRU) Nosa\u010di EPIRB a bez plovka<\/span> .<\/p>\n<p class=\"a-size-large a-spacing-none\">Dizajniran za automatsko osloba\u0111anje Ocean Signal koji pokazuje polo\u017eaj u nu\u017edi ( EPIRB ) s nosa\u010da za ugradnju bez plutanja (kategorija 1) nakon uranjanja u vodu, ovaj ure\u0111aj osigurava brzu aktivaciju signala za pomo\u0107 u hitnim situacijama.<\/p>\n<p>Evo kako to radi: HR1E je opremljen hidrostatskim mehanizmom koji reagira na pritisak vode. Kada je uronjen na odre\u0111enu dubinu, obi\u010dno oko 1,5 do 4 metra, hidrostatski tlak pokre\u0107e mehanizam za otpu\u0161tanje, dopu\u0161taju\u0107i EPIRB u da slobodno pluta iz svog nosa\u010da za ugradnju. Nakon \u0161to se oslobodi, EPIRB po\u010dinje oda\u0161iljati svoj signal za pomo\u0107, koji hvataju obli\u017enje slu\u017ebe za potragu i spa\u0161avanje, omogu\u0107uju\u0107i im da brzo lociraju i pomognu onima kojima je potrebna.  <\/p>\n<p>HR1E je projektiran s precizno\u0161\u0107u i pouzdano\u0161\u0107u i proizveden u Ujedinjenom Kraljevstvu, osiguravaju\u0107i da u\u010dinkovito funkcionira \u010dak iu najizazovnijim pomorskim uvjetima. Automatskim aktiviranjem EPIRB nakon uranjanja, HR1E zna\u010dajno pove\u0107ava \u0161anse za brz odgovor na situacije u nevolji, \u010dime se u kona\u010dnici spa\u0161avaju \u017eivoti na moru. <\/p>\n<p>Nosa\u010di bez plovka kategorije 1 potrebni su za zamjenu hidrostatske jedinice za otpu\u0161tanje <strong>svake 2 godine.<\/strong><\/p>\n<ul class=\"a-unordered-list a-vertical a-spacing-mini\">\n<li class=\"a-spacing-mini\"><span class=\"a-list-item\">Izravna zamjena za sva ku\u0107i\u0161ta s automatskim otpu\u0161tanjem <a href=\"https:\/\/www.cospas-sarsat.int\/en\/\">EPIRB<\/a> Ocean Signal (Nosa\u010di bez plovka kategorije 1)<\/span><\/li>\n<li class=\"a-spacing-mini\"><span class=\"a-list-item\">Uklju\u010duje HR1E HRU, upute i zamjenski hardver<\/span><\/li>\n<li class=\"a-spacing-mini\"><span class=\"a-list-item\">Ponosno dizajniran i proizveden u Ujedinjenom Kraljevstvu<\/span><\/li>\n<li class=\"a-spacing-mini\"><span class=\"a-list-item\">Instalacija je brza i jednostavna<\/span><\/li>\n<\/ul>\n<p>Kompatibilan sa sljede\u0107im EPIRB-ovima kategorije 1 bez plutanja<\/p>\n<ul>\n<li><a href=\"https:\/\/oceansignal.com\/hr\/products\/e100-e100g\/\">SafeSea E100<\/a><\/li>\n<li><a href=\"https:\/\/oceansignal.com\/hr\/products\/e100-e100g\/\">SafeSea E100G<\/a><\/li>\n<li><a href=\"https:\/\/oceansignal.com\/hr\/products\/rescueme-epirb1-pro\/\">rescueME EPIRB1 Pro (ranije pod oznakom SafeSea EPIRB1 Pro )<\/a><\/li>\n<li><a href=\"https:\/\/oceansignal.com\/hr\/products\/rescueme-epirb2-pro\/\">rescueME EPIRB2 Pro<\/a><\/li>\n<li><a href=\"https:\/\/oceansignal.com\/hr\/products\/safesea-epirb3-pro\/\">SafeSea EPIRB3 Pro<\/a><\/li>\n<li><a href=\"https:\/\/oceansignal.com\/hr\/products\/e101v\/\">SafeSea E101V VDR<\/a><\/li>\n<\/ul>\n","protected":false},"excerpt":{"rendered":"<p>Predstavljamo SafeSea HR1E hidrostatsku jedinicu za otpu\u0161tanje za EPIRB Ocean Signal \u2013 va\u0161u nezamjenjivu za\u0161titu za pomorske hitne slu\u010dajeve. Dizajniran za automatsko osloba\u0111anje radiofara za ozna\u010davanje polo\u017eaja u nu\u017edi ( EPIRB ) iz nosa\u010da za ugradnju nakon uranjanja u vodu, ovaj ure\u0111aj osigurava brzu aktivaciju signala za pomo\u0107 kada je svaka sekunda va\u017ena. Projektiran s precizno\u0161\u0107u i pouzdano\u0161\u0107u, HR1E nudi bezbri\u017enost mornarima i pomorcima, pove\u0107avaju\u0107i \u0161anse za brz odgovor u kriti\u010dnim situacijama. Ne pristajte na kompromis po pitanju sigurnosti \u2013 opremite svoje plovilo jedinicom za hidrostatsko otpu\u0161tanje Ocean Signal SafeSea HR1E za EPIRB i plovite s povjerenjem, znaju\u0107i da je pomo\u0107 samo jedan signal kada vam je najpotrebnija.   <\/p>\n<p><a href=\"https:\/\/www.dropbox.com\/s\/fk04stqsp2hgk5f\/Prop%2065%20-%20DEHP.pdf?dl=0\">UPOZORENJE: PROP 65<\/a><\/p>\n","protected":false},"featured_media":22871,"template":"","meta":{"_acf_changed":false,"om_disable_all_campaigns":false},"product_brand":[],"product_cat":[704,334],"product_tag":[],"class_list":{"0":"post-6547","1":"product","2":"type-product","3":"status-publish","4":"has-post-thumbnail","6":"product_cat-epirb-hr","7":"product_cat-safesea-hr","9":"first","10":"instock","11":"taxable","12":"shipping-taxable","13":"purchasable","14":"product-type-simple"},"acf":[],"yoast_head":"<!-- This site is optimized with the Yoast SEO Premium plugin v25.2 (Yoast SEO v26.4) - https:\/\/yoast.com\/wordpress\/plugins\/seo\/ -->\n<title>Ocean Signal HR1E Replacement Hydrostatic Release Unit - Ocean Signal<\/title>\n<meta name=\"description\" content=\"Zamjenski Ocean Signal SafeSea HR1E hidrostatska jedinica za otpu\u0161tanje ili HRU za SafeSea i rescueME EPIRB. Kupite svoj EPIRB HRU zamjenski danas.\" \/>\n<meta name=\"robots\" content=\"index, follow, max-snippet:-1, max-image-preview:large, max-video-preview:-1\" \/>\n<link rel=\"canonical\" href=\"https:\/\/oceansignal.com\/hr\/products\/ocean-signal-hr1e-zamjenska-hidrostatska-jedinica-za-otpustanje\/\" \/>\n<meta property=\"og:locale\" content=\"hr_HR\" \/>\n<meta property=\"og:type\" content=\"article\" \/>\n<meta property=\"og:title\" content=\"Ocean Signal HR1E Replacement Hydrostatic Release Unit\" \/>\n<meta property=\"og:description\" content=\"Zamjenski Ocean Signal SafeSea HR1E hidrostatska jedinica za otpu\u0161tanje ili HRU za SafeSea i rescueME EPIRB. Kupite svoj EPIRB HRU zamjenski danas.\" \/>\n<meta property=\"og:url\" content=\"https:\/\/oceansignal.com\/hr\/products\/ocean-signal-hr1e-zamjenska-hidrostatska-jedinica-za-otpustanje\/\" \/>\n<meta property=\"og:site_name\" content=\"Ocean Signal\" \/>\n<meta property=\"article:modified_time\" content=\"2025-07-08T09:36:32+00:00\" \/>\n<meta property=\"og:image\" content=\"https:\/\/oceansignal.com\/wp-content\/uploads\/2024\/03\/HR1E_Front-1024x1024.png\" \/>\n\t<meta property=\"og:image:width\" content=\"1024\" \/>\n\t<meta property=\"og:image:height\" content=\"1024\" \/>\n\t<meta property=\"og:image:type\" content=\"image\/png\" \/>\n<meta name=\"twitter:card\" content=\"summary_large_image\" \/>\n<meta name=\"twitter:label1\" content=\"Procijenjeno vrijeme \u010ditanja\" \/>\n\t<meta name=\"twitter:data1\" content=\"1 minuta\" \/>\n<script type=\"application\/ld+json\" class=\"yoast-schema-graph\">{\"@context\":\"https:\/\/schema.org\",\"@graph\":[{\"@type\":\"WebPage\",\"@id\":\"https:\/\/oceansignal.com\/hr\/products\/ocean-signal-hr1e-zamjenska-hidrostatska-jedinica-za-otpustanje\/\",\"url\":\"https:\/\/oceansignal.com\/hr\/products\/ocean-signal-hr1e-zamjenska-hidrostatska-jedinica-za-otpustanje\/\",\"name\":\"Ocean Signal HR1E Replacement Hydrostatic Release Unit - Ocean Signal\",\"isPartOf\":{\"@id\":\"https:\/\/oceansignal.com\/hr\/#website\"},\"primaryImageOfPage\":{\"@id\":\"https:\/\/oceansignal.com\/hr\/products\/ocean-signal-hr1e-zamjenska-hidrostatska-jedinica-za-otpustanje\/#primaryimage\"},\"image\":{\"@id\":\"https:\/\/oceansignal.com\/hr\/products\/ocean-signal-hr1e-zamjenska-hidrostatska-jedinica-za-otpustanje\/#primaryimage\"},\"thumbnailUrl\":\"https:\/\/oceansignal.com\/wp-content\/uploads\/2024\/03\/HR1E_Front.png\",\"datePublished\":\"2024-03-15T17:33:28+00:00\",\"dateModified\":\"2025-07-08T09:36:32+00:00\",\"description\":\"Zamjenski Ocean Signal SafeSea HR1E hidrostatska jedinica za otpu\u0161tanje ili HRU za SafeSea i rescueME EPIRB. Kupite svoj EPIRB HRU zamjenski danas.\",\"breadcrumb\":{\"@id\":\"https:\/\/oceansignal.com\/hr\/products\/ocean-signal-hr1e-zamjenska-hidrostatska-jedinica-za-otpustanje\/#breadcrumb\"},\"inLanguage\":\"hr\",\"potentialAction\":[{\"@type\":\"ReadAction\",\"target\":[\"https:\/\/oceansignal.com\/hr\/products\/ocean-signal-hr1e-zamjenska-hidrostatska-jedinica-za-otpustanje\/\"]}]},{\"@type\":\"ImageObject\",\"inLanguage\":\"hr\",\"@id\":\"https:\/\/oceansignal.com\/hr\/products\/ocean-signal-hr1e-zamjenska-hidrostatska-jedinica-za-otpustanje\/#primaryimage\",\"url\":\"https:\/\/oceansignal.com\/wp-content\/uploads\/2024\/03\/HR1E_Front.png\",\"contentUrl\":\"https:\/\/oceansignal.com\/wp-content\/uploads\/2024\/03\/HR1E_Front.png\",\"width\":2147,\"height\":2147,\"caption\":\"Ocean Signal SafeSea HR1E hidrostatska jedinica za otpu\u0161tanje - bitna pomorska sigurnosna oprema za automatsko aktiviranje splavi za spa\u0161avanje\"},{\"@type\":\"BreadcrumbList\",\"@id\":\"https:\/\/oceansignal.com\/hr\/products\/ocean-signal-hr1e-zamjenska-hidrostatska-jedinica-za-otpustanje\/#breadcrumb\",\"itemListElement\":[{\"@type\":\"ListItem\",\"position\":1,\"name\":\"Prera\u0111evina\",\"item\":\"https:\/\/oceansignal.com\/hr\/preradevina\/\"},{\"@type\":\"ListItem\",\"position\":2,\"name\":\"Ocean Signal HR1E Replacement Hydrostatic Release Unit\"}]},{\"@type\":\"WebSite\",\"@id\":\"https:\/\/oceansignal.com\/hr\/#website\",\"url\":\"https:\/\/oceansignal.com\/hr\/\",\"name\":\"Ocean Signal\",\"description\":\"A leading manufacturer of EPIRBs, AIS, SARTs, Personal Locator Beacons, Man Overboard Beacon for the Marine and Outdoor Markets.\",\"potentialAction\":[{\"@type\":\"SearchAction\",\"target\":{\"@type\":\"EntryPoint\",\"urlTemplate\":\"https:\/\/oceansignal.com\/hr\/?s={search_term_string}\"},\"query-input\":{\"@type\":\"PropertyValueSpecification\",\"valueRequired\":true,\"valueName\":\"search_term_string\"}}],\"inLanguage\":\"hr\"}]}<\/script>\n<!-- \/ Yoast SEO Premium plugin. -->","yoast_head_json":{"title":"Ocean Signal HR1E Replacement Hydrostatic Release Unit - Ocean Signal","description":"Zamjenski Ocean Signal SafeSea HR1E hidrostatska jedinica za otpu\u0161tanje ili HRU za SafeSea i rescueME EPIRB. Kupite svoj EPIRB HRU zamjenski danas.","robots":{"index":"index","follow":"follow","max-snippet":"max-snippet:-1","max-image-preview":"max-image-preview:large","max-video-preview":"max-video-preview:-1"},"canonical":"https:\/\/oceansignal.com\/hr\/products\/ocean-signal-hr1e-zamjenska-hidrostatska-jedinica-za-otpustanje\/","og_locale":"hr_HR","og_type":"article","og_title":"Ocean Signal HR1E Replacement Hydrostatic Release Unit","og_description":"Zamjenski Ocean Signal SafeSea HR1E hidrostatska jedinica za otpu\u0161tanje ili HRU za SafeSea i rescueME EPIRB. Kupite svoj EPIRB HRU zamjenski danas.","og_url":"https:\/\/oceansignal.com\/hr\/products\/ocean-signal-hr1e-zamjenska-hidrostatska-jedinica-za-otpustanje\/","og_site_name":"Ocean Signal","article_modified_time":"2025-07-08T09:36:32+00:00","og_image":[{"width":1024,"height":1024,"url":"https:\/\/oceansignal.com\/wp-content\/uploads\/2024\/03\/HR1E_Front-1024x1024.png","type":"image\/png"}],"twitter_card":"summary_large_image","twitter_misc":{"Procijenjeno vrijeme \u010ditanja":"1 minuta"},"schema":{"@context":"https:\/\/schema.org","@graph":[{"@type":"WebPage","@id":"https:\/\/oceansignal.com\/hr\/products\/ocean-signal-hr1e-zamjenska-hidrostatska-jedinica-za-otpustanje\/","url":"https:\/\/oceansignal.com\/hr\/products\/ocean-signal-hr1e-zamjenska-hidrostatska-jedinica-za-otpustanje\/","name":"Ocean Signal HR1E Replacement Hydrostatic Release Unit - Ocean Signal","isPartOf":{"@id":"https:\/\/oceansignal.com\/hr\/#website"},"primaryImageOfPage":{"@id":"https:\/\/oceansignal.com\/hr\/products\/ocean-signal-hr1e-zamjenska-hidrostatska-jedinica-za-otpustanje\/#primaryimage"},"image":{"@id":"https:\/\/oceansignal.com\/hr\/products\/ocean-signal-hr1e-zamjenska-hidrostatska-jedinica-za-otpustanje\/#primaryimage"},"thumbnailUrl":"https:\/\/oceansignal.com\/wp-content\/uploads\/2024\/03\/HR1E_Front.png","datePublished":"2024-03-15T17:33:28+00:00","dateModified":"2025-07-08T09:36:32+00:00","description":"Zamjenski Ocean Signal SafeSea HR1E hidrostatska jedinica za otpu\u0161tanje ili HRU za SafeSea i rescueME EPIRB. Kupite svoj EPIRB HRU zamjenski danas.","breadcrumb":{"@id":"https:\/\/oceansignal.com\/hr\/products\/ocean-signal-hr1e-zamjenska-hidrostatska-jedinica-za-otpustanje\/#breadcrumb"},"inLanguage":"hr","potentialAction":[{"@type":"ReadAction","target":["https:\/\/oceansignal.com\/hr\/products\/ocean-signal-hr1e-zamjenska-hidrostatska-jedinica-za-otpustanje\/"]}]},{"@type":"ImageObject","inLanguage":"hr","@id":"https:\/\/oceansignal.com\/hr\/products\/ocean-signal-hr1e-zamjenska-hidrostatska-jedinica-za-otpustanje\/#primaryimage","url":"https:\/\/oceansignal.com\/wp-content\/uploads\/2024\/03\/HR1E_Front.png","contentUrl":"https:\/\/oceansignal.com\/wp-content\/uploads\/2024\/03\/HR1E_Front.png","width":2147,"height":2147,"caption":"Ocean Signal SafeSea HR1E hidrostatska jedinica za otpu\u0161tanje - bitna pomorska sigurnosna oprema za automatsko aktiviranje splavi za spa\u0161avanje"},{"@type":"BreadcrumbList","@id":"https:\/\/oceansignal.com\/hr\/products\/ocean-signal-hr1e-zamjenska-hidrostatska-jedinica-za-otpustanje\/#breadcrumb","itemListElement":[{"@type":"ListItem","position":1,"name":"Prera\u0111evina","item":"https:\/\/oceansignal.com\/hr\/preradevina\/"},{"@type":"ListItem","position":2,"name":"Ocean Signal HR1E Replacement Hydrostatic Release Unit"}]},{"@type":"WebSite","@id":"https:\/\/oceansignal.com\/hr\/#website","url":"https:\/\/oceansignal.com\/hr\/","name":"Ocean Signal","description":"A leading manufacturer of EPIRBs, AIS, SARTs, Personal Locator Beacons, Man Overboard Beacon for the Marine and Outdoor Markets.","potentialAction":[{"@type":"SearchAction","target":{"@type":"EntryPoint","urlTemplate":"https:\/\/oceansignal.com\/hr\/?s={search_term_string}"},"query-input":{"@type":"PropertyValueSpecification","valueRequired":true,"valueName":"search_term_string"}}],"inLanguage":"hr"}]}},"_links":{"self":[{"href":"https:\/\/oceansignal.com\/hr\/wp-json\/wp\/v2\/product\/6547","targetHints":{"allow":["GET"]}}],"collection":[{"href":"https:\/\/oceansignal.com\/hr\/wp-json\/wp\/v2\/product"}],"about":[{"href":"https:\/\/oceansignal.com\/hr\/wp-json\/wp\/v2\/types\/product"}],"wp:featuredmedia":[{"embeddable":true,"href":"https:\/\/oceansignal.com\/hr\/wp-json\/wp\/v2\/media\/22871"}],"wp:attachment":[{"href":"https:\/\/oceansignal.com\/hr\/wp-json\/wp\/v2\/media?parent=6547"}],"wp:term":[{"taxonomy":"product_brand","embeddable":true,"href":"https:\/\/oceansignal.com\/hr\/wp-json\/wp\/v2\/product_brand?post=6547"},{"taxonomy":"product_cat","embeddable":true,"href":"https:\/\/oceansignal.com\/hr\/wp-json\/wp\/v2\/product_cat?post=6547"},{"taxonomy":"product_tag","embeddable":true,"href":"https:\/\/oceansignal.com\/hr\/wp-json\/wp\/v2\/product_tag?post=6547"}],"curies":[{"name":"wp","href":"https:\/\/api.w.org\/{rel}","templated":true}]}}