{"id":6903,"date":"2023-09-08T13:57:50","date_gmt":"2023-09-08T13:57:50","guid":{"rendered":"https:\/\/oceansignal.com\/products\/e100-e100g\/"},"modified":"2026-01-21T20:27:28","modified_gmt":"2026-01-21T20:27:28","slug":"e100-e100g","status":"publish","type":"product","link":"https:\/\/oceansignal.com\/hr\/products\/e100-e100g\/","title":{"rendered":"safeSEA E100\/E100G"},"content":{"rendered":"<p>safeSEA EPIRB-ovi rade u satelitskom pojasu od 406 MHz koji nadzire Cospas-Sarsat, me\u0111unarodni satelitski operater, osiguravaju\u0107i da se signal mo\u017ee locirati gdje god se aktivira diljem svijeta. safeSEA EPIRB-ovi tako\u0111er su opremljeni signalom za navo\u0111enje od 121,5 MHz i LED stroboskopskim svjetlom visoke svjetline za brzo lociranje na mjestu doga\u0111aja. <\/p>\n<p>&nbsp;<\/p>\n<p>safeSEA E100G EPIRB ima ugra\u0111eni GPS koji \u0161alje vrlo to\u010dnu poziciju, znatno smanjuju\u0107i vrijeme pretra\u017eivanja.<\/p>\n<p>&nbsp;<\/p>\n<p>S obzirom na to da je vijek trajanja baterije safeSEA EPIRB-a najdu\u017ei u industriji, Ocean Signal EPIRB dulje odr\u017eava informacije o va\u0161oj lokaciji u spasila\u010dkim slu\u017ebama.<\/p>\n<p>&nbsp;<\/p>\n<p><strong>Zna\u010dajkama:<\/strong><\/p>\n<p>&nbsp;<\/p>\n<ul>\n<li>Izbor GPS i ne-GPS modela\n<ul>\n<li>E100G EPIRB uklju\u010duje najsuvremeniji 50-kanalni GPS prijemnik za brzo i to\u010dno pozicioniranje.<\/li>\n<\/ul>\n<\/li>\n<li>Opcije ru\u010dnog nosa\u010da, ku\u0107i\u0161ta s ru\u010dnim otpu\u0161tanjem i ku\u0107i\u0161ta bez plutaju\u0107eg mehanizma<\/li>\n<li>Ekstremno trajanje baterije \u010dak i na niskim temperaturama\n<ul>\n<li>Vi\u0161e od 96 sati rada<\/li>\n<\/ul>\n<\/li>\n<li>Zamjenjive baterije od strane korisnika s intervalom zamjene od pet godina<\/li>\n<li>Intuitivne kontrole za\u0161ti\u0107ene od slu\u010dajnog aktiviranja<\/li>\n<li>Ispunjava ili prema\u0161uje sve me\u0111unarodne standarde<\/li>\n<li>EPIRB klase 2 (-20\u00b0C \u2013 +55\u00b0C) za op\u0107u upotrebu<\/li>\n<li>Neopasna baterija<\/li>\n<\/ul>\n<p>&nbsp;<\/p>\n<p><strong>Va\u017eno:<\/strong> Molimo pro\u010ditajte ovaj <a href=\"http:\/\/oceansignal.com\/wp-content\/uploads\/2023\/09\/Service-Information-Letter-Ocean-Signal-E100-Self-Test-and-exchange.pdf\">servisni bilten<\/a> u kojem se savjetuje provo\u0111enje samoprovjere va\u0161eg safeSEA EPIRB-a.<\/p>\n<p>&nbsp;<\/p>\n<p><strong>Va\u017eno:<\/strong> Veuillez lire svp ce <a href=\"http:\/\/oceansignal.com\/wp-content\/uploads\/2023\/09\/Bulletin-Technique-DInformation-Auto-Test-EPIRB-Ocean-Signal-E100-June.pdf\">bulletin d&#8217;information<\/a> qui recommande de faire un auto-test de la balise Ocean Signal E100\/E100G de la gamme safeSEA.<\/p>\n","protected":false},"excerpt":{"rendered":"<p>EPIRB-ovi safeSEA E100 i E100G dizajnirani su i konstruirani kako bi zadovoljili potrebe svih komercijalnih, ribarskih i rekreacijskih plovila na otvorenom moru.<\/p>\n<p> <strong>EPIRBS ure\u0111aji safeSEA E100 i E100G vi\u0161e se ne proizvode<\/strong><\/p>\n","protected":false},"featured_media":20800,"template":"","meta":{"_acf_changed":false,"om_disable_all_campaigns":false},"product_brand":[],"product_cat":[350],"product_tag":[],"class_list":{"0":"post-6903","1":"product","2":"type-product","3":"status-publish","4":"has-post-thumbnail","6":"product_cat-prekinuti","8":"first","9":"outofstock","10":"taxable","11":"shipping-taxable","12":"product-type-simple"},"acf":[],"yoast_head":"<!-- This site is optimized with the Yoast SEO Premium plugin v25.2 (Yoast SEO v26.4) - https:\/\/yoast.com\/wordpress\/plugins\/seo\/ -->\n<title>safeSEA E100\/E100G - Ocean Signal<\/title>\n<meta name=\"description\" content=\"Ocean Signal E100 EPIRB: Neophodan za pomorsku sigurnost. Trenuta\u010dno signaliziranje opasnosti za brzi odgovor. Pobolj\u0161ajte sigurnost na brodu.\" \/>\n<meta name=\"robots\" content=\"index, follow, max-snippet:-1, max-image-preview:large, max-video-preview:-1\" \/>\n<link rel=\"canonical\" href=\"https:\/\/oceansignal.com\/hr\/products\/e100-e100g\/\" \/>\n<meta property=\"og:locale\" content=\"hr_HR\" \/>\n<meta property=\"og:type\" content=\"article\" \/>\n<meta property=\"og:title\" content=\"safeSEA E100\/E100G\" \/>\n<meta property=\"og:description\" content=\"Ocean Signal E100 EPIRB: Neophodan za pomorsku sigurnost. Trenuta\u010dno signaliziranje opasnosti za brzi odgovor. Pobolj\u0161ajte sigurnost na brodu.\" \/>\n<meta property=\"og:url\" content=\"https:\/\/oceansignal.com\/hr\/products\/e100-e100g\/\" \/>\n<meta property=\"og:site_name\" content=\"Ocean Signal\" \/>\n<meta property=\"article:modified_time\" content=\"2026-01-21T20:27:28+00:00\" \/>\n<meta property=\"og:image\" content=\"https:\/\/oceansignal.com\/wp-content\/uploads\/2023\/09\/OSL-E100-360_600x600.gif\" \/>\n\t<meta property=\"og:image:width\" content=\"600\" \/>\n\t<meta property=\"og:image:height\" content=\"600\" \/>\n\t<meta property=\"og:image:type\" content=\"image\/gif\" \/>\n<meta name=\"twitter:card\" content=\"summary_large_image\" \/>\n<meta name=\"twitter:label1\" content=\"Procijenjeno vrijeme \u010ditanja\" \/>\n\t<meta name=\"twitter:data1\" content=\"1 minuta\" \/>\n<script type=\"application\/ld+json\" class=\"yoast-schema-graph\">{\"@context\":\"https:\/\/schema.org\",\"@graph\":[{\"@type\":\"WebPage\",\"@id\":\"https:\/\/oceansignal.com\/hr\/products\/e100-e100g\/\",\"url\":\"https:\/\/oceansignal.com\/hr\/products\/e100-e100g\/\",\"name\":\"safeSEA E100\/E100G - Ocean Signal\",\"isPartOf\":{\"@id\":\"https:\/\/oceansignal.com\/hr\/#website\"},\"primaryImageOfPage\":{\"@id\":\"https:\/\/oceansignal.com\/hr\/products\/e100-e100g\/#primaryimage\"},\"image\":{\"@id\":\"https:\/\/oceansignal.com\/hr\/products\/e100-e100g\/#primaryimage\"},\"thumbnailUrl\":\"https:\/\/oceansignal.com\/wp-content\/uploads\/2023\/09\/OSL-E100-360_600x600.gif\",\"datePublished\":\"2023-09-08T13:57:50+00:00\",\"dateModified\":\"2026-01-21T20:27:28+00:00\",\"description\":\"Ocean Signal E100 EPIRB: Neophodan za pomorsku sigurnost. Trenuta\u010dno signaliziranje opasnosti za brzi odgovor. Pobolj\u0161ajte sigurnost na brodu.\",\"breadcrumb\":{\"@id\":\"https:\/\/oceansignal.com\/hr\/products\/e100-e100g\/#breadcrumb\"},\"inLanguage\":\"hr\",\"potentialAction\":[{\"@type\":\"ReadAction\",\"target\":[\"https:\/\/oceansignal.com\/hr\/products\/e100-e100g\/\"]}]},{\"@type\":\"ImageObject\",\"inLanguage\":\"hr\",\"@id\":\"https:\/\/oceansignal.com\/hr\/products\/e100-e100g\/#primaryimage\",\"url\":\"https:\/\/oceansignal.com\/wp-content\/uploads\/2023\/09\/OSL-E100-360_600x600.gif\",\"contentUrl\":\"https:\/\/oceansignal.com\/wp-content\/uploads\/2023\/09\/OSL-E100-360_600x600.gif\",\"width\":600,\"height\":600},{\"@type\":\"BreadcrumbList\",\"@id\":\"https:\/\/oceansignal.com\/hr\/products\/e100-e100g\/#breadcrumb\",\"itemListElement\":[{\"@type\":\"ListItem\",\"position\":1,\"name\":\"Prera\u0111evina\",\"item\":\"https:\/\/oceansignal.com\/hr\/preradevina\/\"},{\"@type\":\"ListItem\",\"position\":2,\"name\":\"safeSEA E100\/E100G\"}]},{\"@type\":\"WebSite\",\"@id\":\"https:\/\/oceansignal.com\/hr\/#website\",\"url\":\"https:\/\/oceansignal.com\/hr\/\",\"name\":\"Ocean Signal\",\"description\":\"A leading manufacturer of EPIRBs, AIS, SARTs, Personal Locator Beacons, Man Overboard Beacon for the Marine and Outdoor Markets.\",\"potentialAction\":[{\"@type\":\"SearchAction\",\"target\":{\"@type\":\"EntryPoint\",\"urlTemplate\":\"https:\/\/oceansignal.com\/hr\/?s={search_term_string}\"},\"query-input\":{\"@type\":\"PropertyValueSpecification\",\"valueRequired\":true,\"valueName\":\"search_term_string\"}}],\"inLanguage\":\"hr\"}]}<\/script>\n<!-- \/ Yoast SEO Premium plugin. -->","yoast_head_json":{"title":"safeSEA E100\/E100G - Ocean Signal","description":"Ocean Signal E100 EPIRB: Neophodan za pomorsku sigurnost. Trenuta\u010dno signaliziranje opasnosti za brzi odgovor. Pobolj\u0161ajte sigurnost na brodu.","robots":{"index":"index","follow":"follow","max-snippet":"max-snippet:-1","max-image-preview":"max-image-preview:large","max-video-preview":"max-video-preview:-1"},"canonical":"https:\/\/oceansignal.com\/hr\/products\/e100-e100g\/","og_locale":"hr_HR","og_type":"article","og_title":"safeSEA E100\/E100G","og_description":"Ocean Signal E100 EPIRB: Neophodan za pomorsku sigurnost. Trenuta\u010dno signaliziranje opasnosti za brzi odgovor. Pobolj\u0161ajte sigurnost na brodu.","og_url":"https:\/\/oceansignal.com\/hr\/products\/e100-e100g\/","og_site_name":"Ocean Signal","article_modified_time":"2026-01-21T20:27:28+00:00","og_image":[{"url":"https:\/\/oceansignal.com\/wp-content\/uploads\/2023\/09\/OSL-E100-360_600x600.gif","width":600,"height":600,"type":"image\/gif"}],"twitter_card":"summary_large_image","twitter_misc":{"Procijenjeno vrijeme \u010ditanja":"1 minuta"},"schema":{"@context":"https:\/\/schema.org","@graph":[{"@type":"WebPage","@id":"https:\/\/oceansignal.com\/hr\/products\/e100-e100g\/","url":"https:\/\/oceansignal.com\/hr\/products\/e100-e100g\/","name":"safeSEA E100\/E100G - Ocean Signal","isPartOf":{"@id":"https:\/\/oceansignal.com\/hr\/#website"},"primaryImageOfPage":{"@id":"https:\/\/oceansignal.com\/hr\/products\/e100-e100g\/#primaryimage"},"image":{"@id":"https:\/\/oceansignal.com\/hr\/products\/e100-e100g\/#primaryimage"},"thumbnailUrl":"https:\/\/oceansignal.com\/wp-content\/uploads\/2023\/09\/OSL-E100-360_600x600.gif","datePublished":"2023-09-08T13:57:50+00:00","dateModified":"2026-01-21T20:27:28+00:00","description":"Ocean Signal E100 EPIRB: Neophodan za pomorsku sigurnost. Trenuta\u010dno signaliziranje opasnosti za brzi odgovor. Pobolj\u0161ajte sigurnost na brodu.","breadcrumb":{"@id":"https:\/\/oceansignal.com\/hr\/products\/e100-e100g\/#breadcrumb"},"inLanguage":"hr","potentialAction":[{"@type":"ReadAction","target":["https:\/\/oceansignal.com\/hr\/products\/e100-e100g\/"]}]},{"@type":"ImageObject","inLanguage":"hr","@id":"https:\/\/oceansignal.com\/hr\/products\/e100-e100g\/#primaryimage","url":"https:\/\/oceansignal.com\/wp-content\/uploads\/2023\/09\/OSL-E100-360_600x600.gif","contentUrl":"https:\/\/oceansignal.com\/wp-content\/uploads\/2023\/09\/OSL-E100-360_600x600.gif","width":600,"height":600},{"@type":"BreadcrumbList","@id":"https:\/\/oceansignal.com\/hr\/products\/e100-e100g\/#breadcrumb","itemListElement":[{"@type":"ListItem","position":1,"name":"Prera\u0111evina","item":"https:\/\/oceansignal.com\/hr\/preradevina\/"},{"@type":"ListItem","position":2,"name":"safeSEA E100\/E100G"}]},{"@type":"WebSite","@id":"https:\/\/oceansignal.com\/hr\/#website","url":"https:\/\/oceansignal.com\/hr\/","name":"Ocean Signal","description":"A leading manufacturer of EPIRBs, AIS, SARTs, Personal Locator Beacons, Man Overboard Beacon for the Marine and Outdoor Markets.","potentialAction":[{"@type":"SearchAction","target":{"@type":"EntryPoint","urlTemplate":"https:\/\/oceansignal.com\/hr\/?s={search_term_string}"},"query-input":{"@type":"PropertyValueSpecification","valueRequired":true,"valueName":"search_term_string"}}],"inLanguage":"hr"}]}},"_links":{"self":[{"href":"https:\/\/oceansignal.com\/hr\/wp-json\/wp\/v2\/product\/6903","targetHints":{"allow":["GET"]}}],"collection":[{"href":"https:\/\/oceansignal.com\/hr\/wp-json\/wp\/v2\/product"}],"about":[{"href":"https:\/\/oceansignal.com\/hr\/wp-json\/wp\/v2\/types\/product"}],"wp:featuredmedia":[{"embeddable":true,"href":"https:\/\/oceansignal.com\/hr\/wp-json\/wp\/v2\/media\/20800"}],"wp:attachment":[{"href":"https:\/\/oceansignal.com\/hr\/wp-json\/wp\/v2\/media?parent=6903"}],"wp:term":[{"taxonomy":"product_brand","embeddable":true,"href":"https:\/\/oceansignal.com\/hr\/wp-json\/wp\/v2\/product_brand?post=6903"},{"taxonomy":"product_cat","embeddable":true,"href":"https:\/\/oceansignal.com\/hr\/wp-json\/wp\/v2\/product_cat?post=6903"},{"taxonomy":"product_tag","embeddable":true,"href":"https:\/\/oceansignal.com\/hr\/wp-json\/wp\/v2\/product_tag?post=6903"}],"curies":[{"name":"wp","href":"https:\/\/api.w.org\/{rel}","templated":true}]}}