{"id":7053,"date":"2023-09-08T12:03:59","date_gmt":"2023-09-08T12:03:59","guid":{"rendered":"https:\/\/oceansignal.com\/products\/ais-atb1-klasa-b-ais-primopredajnik\/"},"modified":"2025-09-23T15:44:12","modified_gmt":"2025-09-23T15:44:12","slug":"ais-atb1-klasa-b-ais-primopredajnik","status":"publish","type":"product","link":"https:\/\/oceansignal.com\/hr\/products\/ais-atb1-klasa-b-ais-primopredajnik\/","title":{"rendered":"AIS ATB1 klasa B+ AIS primopredajnik"},"content":{"rendered":"<p><strong><span class=\"fontstyle0\">Korisnik mora konfigurirati ATB1 za unos MMSI broja plovila i drugih detalja.<\/span><\/strong><br \/>\n<strong><span class=\"fontstyle0\">To se mo\u017ee izvesti pomo\u0107u mobilne aplikacije ili programa temeljenog na webu, odaberite vezu za programiranje proizvoda ispod naziva proizvoda kako biste zapo\u010deli konfiguraciju.<br \/>\n<\/span><\/strong><\/p>\n<p>&nbsp;<\/p>\n<ul>\n<li>Informativni \u010dlanci AIS-a: <a href=\"http:\/\/oceansignal.com\/wp-content\/uploads\/2023\/09\/AIS_Message_Structure.pdf\" target=\"_blank\" rel=\"noopener\">Struktura poruka AIS-a<\/a>, <a href=\"http:\/\/oceansignal.com\/wp-content\/uploads\/2023\/09\/AIS_Multiplexing.pdf\" target=\"_blank\" rel=\"noopener\">AIS multipleksiranje<\/a>, <a href=\"http:\/\/oceansignal.com\/wp-content\/uploads\/2023\/09\/AIS_with_LRM_Explained.pdf\" target=\"_blank\" rel=\"noopener\">AIS s LRM-om<\/a><\/li>\n<\/ul>\n<p>&nbsp;<\/p>\n<p><span class=\"fontstyle0\">Informacije o va\u0161em plovilu kao \u0161to su polo\u017eaj, brzina, kurs i smjer utvr\u0111uju se automatski i kontinuirano kori\u0161tenjem impresivnog internog multi-GPS prijemnika za precizno globalno<\/span> pozicioniranje. S 99 kanala za prikupljanje i 33 kanala za pra\u0107enje, ova napredna tehnologija osigurava da AIS prijenosi pru\u017eaju najto\u010dniju indikaciju polo\u017eaja va\u0161eg plovila u svakom trenutku. <\/p>\n<p>&nbsp;<\/p>\n<p><span class=\"fontstyle0\">Ostali podaci o plovilu kao \u0161to su naziv plovila, pozivni znak, vrsta i dimenzije kao i MMSI tako\u0111er se automatski prenose iz ATB1. Ove se informacije prenose na ATB1 putem WiFi-a izravno s mobilne aplikacije ili web-mjesta tvrtke Ocean Signal . Nakon \u0161to se ove informacije u\u010ditaju, one ostaju pohranjene u trajnoj memoriji jedinice \u010dak i ako je isklju\u010dena na du\u017ee vrijeme.  <\/span><\/p>\n<p>&nbsp;<\/p>\n<p><span class=\"fontstyle0\">ATB1 tako\u0111er prima i tuma\u010di AIS poruke s drugih plovila opremljenih AIS-om u dometu, koje se zatim mogu bez napora prenijeti na druge navigacijske ure\u0111aje kao \u0161to su ploteri, prijenosna ra\u010dunala ili mobiteli koriste\u0107i ATB1 NMEA 0183, NMEA 2000<\/span><span class=\"fontstyle0\">\u00ae<\/span><span class=\"fontstyle0\">, USB ili WiFi izlaze.<\/span><\/p>\n<p>&nbsp;<\/p>\n<p><span class=\"fontstyle0\">Kori\u0161tenje superiorne SOTDMA* sheme pristupa izdvaja ATB1 od dostupnih CSTDMA** proizvoda klase B. Ova jedinica Ocean Signal klase B+ ima isti prioritet AIS prijenosa kao jedinica klase A, daju\u0107i dodatno jamstvo da ne\u0107e biti gubitka ili ka\u0161njenja prijenosa, \u010dak ni u podru\u010djima s velikim prometom. <\/span><\/p>\n<p>&nbsp;<\/p>\n<p><span class=\"fontstyle0\">ATB1 tako\u0111er ima br\u017eu stopu izvje\u0161\u0107ivanja i ve\u0107u izlaznu snagu od CSTDMA jedinica klase B.  <\/span><span class=\"fontstyle0\">\u0160alje AIS prijenose svakih 5 sekundi umjesto maksimalno dva prijenosa u minuti, a izlazna snaga od 5 W umjesto 2 W omogu\u0107uje va\u0161im prijenosima da dosegnu dalje.<\/span><\/p>\n<p>&nbsp;<\/p>\n<p><span class=\"fontstyle0\">LED indikator u vi\u0161e boja na ATB1 signalizira teku\u0107i radni status jedinice. Ova dodatna sigurnosna zna\u010dajka daje vam sigurnost da ATB1 ima kontinuirani AIS prijenos i optimalne performanse. ATB1 ima elegantan, ali robustan vodootporan dizajn koji ima visoku u\u010dinkovitost i malu potro\u0161nju energije.    <\/span><\/p>\n<p>&nbsp;<\/p>\n<p><span class=\"fontstyle0\">Brzo se i jednostavno postavlja i dolazi u kompletu s vanjskom<\/span> <span class=\"fontstyle0\">GPS antenom, \u0161to zna\u010di da sve \u0161to trebate je kori\u0161tenje prikladnog ure\u0111aja (mobilnog telefona, tableta ili osobnog ra\u010dunala) za u\u010ditavanje podataka o va\u0161em plovilu i mo\u017eete zapo\u010deti<\/span> <span class=\"fontstyle0\">slanje svojih AIS poruka u roku od nekoliko minuta.<\/span><\/p>\n<p>&nbsp;<\/p>\n<p><span class=\"fontstyle0\">Lider u pomorskim proizvodima za spa\u0161avanje \u017eivota za profesionalna tr\u017ei\u0161ta i tr\u017ei\u0161te za slobodno vrijeme, Ocean Signal opet pru\u017ea vrhunsku sigurnost i bezbri\u017enost s ATB1 primopredajnikom klase B.<\/span><\/p>\n<p>&nbsp;<\/p>\n<p><em><span class=\"fontstyle0\">* Samoorganizirani vi\u0161estruki pristup vremenskom podjelom<br \/>\n ** Vi\u0161estruki pristup s vremenskim dijeljenjem senzora nositelja<\/span><\/em><\/p>\n<p>&nbsp;<\/p>\n<p>Za a\u017euriranja firmvera ATB1 i povijest revizija pogledajte <strong><a href=\"http:\/\/oceansignal.com\/support\/product-programming\/atb1-class-b-ais-transceiver-programming\/software-updates\/\">ovu stranicu<\/a><\/strong> .<\/p>\n","protected":false},"excerpt":{"rendered":"<p><span class=\"fontstyle0\">Ocean Signal <span class=\"fontstyle2\">ATB1<\/span> klasa B+ AIS primopredajnik koji uklju\u010duje superiornu <span class=\"fontstyle2\">SOTDMA<\/span> pristupnu shemu pru\u017ea pove\u0107anu vidljivost i sigurnost na moru.<\/span><\/p>\n<p> <span class=\"fontstyle0\">Potpuno sukladan ATB1 klase B+ (SOTDMA) AIS primopredajnik tvrtke Ocean Signal najnoviji je u dugom nizu bitne opreme za sigurnost na moru razvijene i proizvedene u Ujedinjenom Kraljevstvu za<\/span> pomorsko tr\u017ei\u0161te.<\/p>\n<p> <span class=\"fontstyle0\">Dizajniran kao pomo\u0107 pri izbjegavanju sudara, pru\u017ea zna\u010dajnu prednost u sigurnosti plovidbe daju\u0107i vam mir da \u0107e va\u0161e plovilo biti vidljivo danju ili no\u0107u, bez obzira na vremenske prilike, na dana\u0161njim prometnim plovnim putovima.<\/span><\/p>\n","protected":false},"featured_media":20883,"template":"","meta":{"_acf_changed":false,"om_disable_all_campaigns":false},"product_brand":[],"product_cat":[350],"product_tag":[],"class_list":{"0":"post-7053","1":"product","2":"type-product","3":"status-publish","4":"has-post-thumbnail","6":"product_cat-prekinuti","8":"first","9":"outofstock","10":"taxable","11":"shipping-taxable","12":"product-type-simple"},"acf":[],"yoast_head":"<!-- This site is optimized with the Yoast SEO Premium plugin v25.2 (Yoast SEO v26.4) - https:\/\/yoast.com\/wordpress\/plugins\/seo\/ -->\n<title>AIS ATB1 klasa B+ AIS primopredajnik - Ocean Signal<\/title>\n<meta name=\"robots\" content=\"index, follow, max-snippet:-1, max-image-preview:large, max-video-preview:-1\" \/>\n<link rel=\"canonical\" href=\"https:\/\/oceansignal.com\/hr\/products\/ais-atb1-klasa-b-ais-primopredajnik\/\" \/>\n<meta property=\"og:locale\" content=\"hr_HR\" \/>\n<meta property=\"og:type\" content=\"article\" \/>\n<meta property=\"og:title\" content=\"AIS ATB1 klasa B+ AIS primopredajnik\" \/>\n<meta property=\"og:description\" content=\"Ocean Signal ATB1 klasa B+ AIS primopredajnik koji uklju\u010duje superiornu SOTDMA pristupnu shemu pru\u017ea pove\u0107anu vidljivost i sigurnost na moru.  Potpuno sukladan ATB1 klase B+ (SOTDMA) AIS primopredajnik tvrtke Ocean Signal najnoviji je u dugom nizu bitne opreme za sigurnost na moru razvijene i proizvedene u Ujedinjenom Kraljevstvu za pomorsko tr\u017ei\u0161te.  Dizajniran kao pomo\u0107 pri izbjegavanju sudara, pru\u017ea zna\u010dajnu prednost u sigurnosti plovidbe daju\u0107i vam mir da \u0107e va\u0161e plovilo biti vidljivo danju ili no\u0107u, bez obzira na vremenske prilike, na dana\u0161njim prometnim plovnim putovima.\" \/>\n<meta property=\"og:url\" content=\"https:\/\/oceansignal.com\/hr\/products\/ais-atb1-klasa-b-ais-primopredajnik\/\" \/>\n<meta property=\"og:site_name\" content=\"Ocean Signal\" \/>\n<meta property=\"article:modified_time\" content=\"2025-09-23T15:44:12+00:00\" \/>\n<meta property=\"og:image\" content=\"https:\/\/oceansignal.com\/wp-content\/uploads\/2023\/09\/OSL-ATB1-Bundle-360_600x600-1.gif\" \/>\n\t<meta property=\"og:image:width\" content=\"600\" \/>\n\t<meta property=\"og:image:height\" content=\"600\" \/>\n\t<meta property=\"og:image:type\" content=\"image\/gif\" \/>\n<meta name=\"twitter:card\" content=\"summary_large_image\" \/>\n<meta name=\"twitter:label1\" content=\"Procijenjeno vrijeme \u010ditanja\" \/>\n\t<meta name=\"twitter:data1\" content=\"2 minute\" \/>\n<script type=\"application\/ld+json\" class=\"yoast-schema-graph\">{\"@context\":\"https:\/\/schema.org\",\"@graph\":[{\"@type\":\"WebPage\",\"@id\":\"https:\/\/oceansignal.com\/hr\/products\/ais-atb1-klasa-b-ais-primopredajnik\/\",\"url\":\"https:\/\/oceansignal.com\/hr\/products\/ais-atb1-klasa-b-ais-primopredajnik\/\",\"name\":\"AIS ATB1 klasa B+ AIS primopredajnik - Ocean Signal\",\"isPartOf\":{\"@id\":\"https:\/\/oceansignal.com\/hr\/#website\"},\"primaryImageOfPage\":{\"@id\":\"https:\/\/oceansignal.com\/hr\/products\/ais-atb1-klasa-b-ais-primopredajnik\/#primaryimage\"},\"image\":{\"@id\":\"https:\/\/oceansignal.com\/hr\/products\/ais-atb1-klasa-b-ais-primopredajnik\/#primaryimage\"},\"thumbnailUrl\":\"https:\/\/oceansignal.com\/wp-content\/uploads\/2023\/09\/OSL-ATB1-Bundle-360_600x600-1.gif\",\"datePublished\":\"2023-09-08T12:03:59+00:00\",\"dateModified\":\"2025-09-23T15:44:12+00:00\",\"breadcrumb\":{\"@id\":\"https:\/\/oceansignal.com\/hr\/products\/ais-atb1-klasa-b-ais-primopredajnik\/#breadcrumb\"},\"inLanguage\":\"hr\",\"potentialAction\":[{\"@type\":\"ReadAction\",\"target\":[\"https:\/\/oceansignal.com\/hr\/products\/ais-atb1-klasa-b-ais-primopredajnik\/\"]}]},{\"@type\":\"ImageObject\",\"inLanguage\":\"hr\",\"@id\":\"https:\/\/oceansignal.com\/hr\/products\/ais-atb1-klasa-b-ais-primopredajnik\/#primaryimage\",\"url\":\"https:\/\/oceansignal.com\/wp-content\/uploads\/2023\/09\/OSL-ATB1-Bundle-360_600x600-1.gif\",\"contentUrl\":\"https:\/\/oceansignal.com\/wp-content\/uploads\/2023\/09\/OSL-ATB1-Bundle-360_600x600-1.gif\",\"width\":600,\"height\":600},{\"@type\":\"BreadcrumbList\",\"@id\":\"https:\/\/oceansignal.com\/hr\/products\/ais-atb1-klasa-b-ais-primopredajnik\/#breadcrumb\",\"itemListElement\":[{\"@type\":\"ListItem\",\"position\":1,\"name\":\"Prera\u0111evina\",\"item\":\"https:\/\/oceansignal.com\/hr\/preradevina\/\"},{\"@type\":\"ListItem\",\"position\":2,\"name\":\"AIS ATB1 klasa B+ AIS primopredajnik\"}]},{\"@type\":\"WebSite\",\"@id\":\"https:\/\/oceansignal.com\/hr\/#website\",\"url\":\"https:\/\/oceansignal.com\/hr\/\",\"name\":\"Ocean Signal\",\"description\":\"A leading manufacturer of EPIRBs, AIS, SARTs, Personal Locator Beacons, Man Overboard Beacon for the Marine and Outdoor Markets.\",\"potentialAction\":[{\"@type\":\"SearchAction\",\"target\":{\"@type\":\"EntryPoint\",\"urlTemplate\":\"https:\/\/oceansignal.com\/hr\/?s={search_term_string}\"},\"query-input\":{\"@type\":\"PropertyValueSpecification\",\"valueRequired\":true,\"valueName\":\"search_term_string\"}}],\"inLanguage\":\"hr\"}]}<\/script>\n<!-- \/ Yoast SEO Premium plugin. -->","yoast_head_json":{"title":"AIS ATB1 klasa B+ AIS primopredajnik - Ocean Signal","robots":{"index":"index","follow":"follow","max-snippet":"max-snippet:-1","max-image-preview":"max-image-preview:large","max-video-preview":"max-video-preview:-1"},"canonical":"https:\/\/oceansignal.com\/hr\/products\/ais-atb1-klasa-b-ais-primopredajnik\/","og_locale":"hr_HR","og_type":"article","og_title":"AIS ATB1 klasa B+ AIS primopredajnik","og_description":"Ocean Signal ATB1 klasa B+ AIS primopredajnik koji uklju\u010duje superiornu SOTDMA pristupnu shemu pru\u017ea pove\u0107anu vidljivost i sigurnost na moru.  Potpuno sukladan ATB1 klase B+ (SOTDMA) AIS primopredajnik tvrtke Ocean Signal najnoviji je u dugom nizu bitne opreme za sigurnost na moru razvijene i proizvedene u Ujedinjenom Kraljevstvu za pomorsko tr\u017ei\u0161te.  Dizajniran kao pomo\u0107 pri izbjegavanju sudara, pru\u017ea zna\u010dajnu prednost u sigurnosti plovidbe daju\u0107i vam mir da \u0107e va\u0161e plovilo biti vidljivo danju ili no\u0107u, bez obzira na vremenske prilike, na dana\u0161njim prometnim plovnim putovima.","og_url":"https:\/\/oceansignal.com\/hr\/products\/ais-atb1-klasa-b-ais-primopredajnik\/","og_site_name":"Ocean Signal","article_modified_time":"2025-09-23T15:44:12+00:00","og_image":[{"url":"https:\/\/oceansignal.com\/wp-content\/uploads\/2023\/09\/OSL-ATB1-Bundle-360_600x600-1.gif","width":600,"height":600,"type":"image\/gif"}],"twitter_card":"summary_large_image","twitter_misc":{"Procijenjeno vrijeme \u010ditanja":"2 minute"},"schema":{"@context":"https:\/\/schema.org","@graph":[{"@type":"WebPage","@id":"https:\/\/oceansignal.com\/hr\/products\/ais-atb1-klasa-b-ais-primopredajnik\/","url":"https:\/\/oceansignal.com\/hr\/products\/ais-atb1-klasa-b-ais-primopredajnik\/","name":"AIS ATB1 klasa B+ AIS primopredajnik - Ocean Signal","isPartOf":{"@id":"https:\/\/oceansignal.com\/hr\/#website"},"primaryImageOfPage":{"@id":"https:\/\/oceansignal.com\/hr\/products\/ais-atb1-klasa-b-ais-primopredajnik\/#primaryimage"},"image":{"@id":"https:\/\/oceansignal.com\/hr\/products\/ais-atb1-klasa-b-ais-primopredajnik\/#primaryimage"},"thumbnailUrl":"https:\/\/oceansignal.com\/wp-content\/uploads\/2023\/09\/OSL-ATB1-Bundle-360_600x600-1.gif","datePublished":"2023-09-08T12:03:59+00:00","dateModified":"2025-09-23T15:44:12+00:00","breadcrumb":{"@id":"https:\/\/oceansignal.com\/hr\/products\/ais-atb1-klasa-b-ais-primopredajnik\/#breadcrumb"},"inLanguage":"hr","potentialAction":[{"@type":"ReadAction","target":["https:\/\/oceansignal.com\/hr\/products\/ais-atb1-klasa-b-ais-primopredajnik\/"]}]},{"@type":"ImageObject","inLanguage":"hr","@id":"https:\/\/oceansignal.com\/hr\/products\/ais-atb1-klasa-b-ais-primopredajnik\/#primaryimage","url":"https:\/\/oceansignal.com\/wp-content\/uploads\/2023\/09\/OSL-ATB1-Bundle-360_600x600-1.gif","contentUrl":"https:\/\/oceansignal.com\/wp-content\/uploads\/2023\/09\/OSL-ATB1-Bundle-360_600x600-1.gif","width":600,"height":600},{"@type":"BreadcrumbList","@id":"https:\/\/oceansignal.com\/hr\/products\/ais-atb1-klasa-b-ais-primopredajnik\/#breadcrumb","itemListElement":[{"@type":"ListItem","position":1,"name":"Prera\u0111evina","item":"https:\/\/oceansignal.com\/hr\/preradevina\/"},{"@type":"ListItem","position":2,"name":"AIS ATB1 klasa B+ AIS primopredajnik"}]},{"@type":"WebSite","@id":"https:\/\/oceansignal.com\/hr\/#website","url":"https:\/\/oceansignal.com\/hr\/","name":"Ocean Signal","description":"A leading manufacturer of EPIRBs, AIS, SARTs, Personal Locator Beacons, Man Overboard Beacon for the Marine and Outdoor Markets.","potentialAction":[{"@type":"SearchAction","target":{"@type":"EntryPoint","urlTemplate":"https:\/\/oceansignal.com\/hr\/?s={search_term_string}"},"query-input":{"@type":"PropertyValueSpecification","valueRequired":true,"valueName":"search_term_string"}}],"inLanguage":"hr"}]}},"_links":{"self":[{"href":"https:\/\/oceansignal.com\/hr\/wp-json\/wp\/v2\/product\/7053","targetHints":{"allow":["GET"]}}],"collection":[{"href":"https:\/\/oceansignal.com\/hr\/wp-json\/wp\/v2\/product"}],"about":[{"href":"https:\/\/oceansignal.com\/hr\/wp-json\/wp\/v2\/types\/product"}],"wp:featuredmedia":[{"embeddable":true,"href":"https:\/\/oceansignal.com\/hr\/wp-json\/wp\/v2\/media\/20883"}],"wp:attachment":[{"href":"https:\/\/oceansignal.com\/hr\/wp-json\/wp\/v2\/media?parent=7053"}],"wp:term":[{"taxonomy":"product_brand","embeddable":true,"href":"https:\/\/oceansignal.com\/hr\/wp-json\/wp\/v2\/product_brand?post=7053"},{"taxonomy":"product_cat","embeddable":true,"href":"https:\/\/oceansignal.com\/hr\/wp-json\/wp\/v2\/product_cat?post=7053"},{"taxonomy":"product_tag","embeddable":true,"href":"https:\/\/oceansignal.com\/hr\/wp-json\/wp\/v2\/product_tag?post=7053"}],"curies":[{"name":"wp","href":"https:\/\/api.w.org\/{rel}","templated":true}]}}