{"id":7065,"date":"2023-09-08T12:12:42","date_gmt":"2023-09-08T12:12:42","guid":{"rendered":"https:\/\/oceansignal.com\/products\/ais-atb1-klasa-b-ais-paket\/"},"modified":"2025-07-30T12:31:53","modified_gmt":"2025-07-30T12:31:53","slug":"ais-atb1-klasa-b-ais-paket","status":"publish","type":"product","link":"https:\/\/oceansignal.com\/hr\/products\/ais-atb1-klasa-b-ais-paket\/","title":{"rendered":"AIS ATB1 klasa B+ AIS paket"},"content":{"rendered":"<p>&nbsp;<\/p>\n<table>\n<tbody>\n<tr>\n<th><\/th>\n<th class=\"content-entry\">Lako integriran u prsluk za spa\u0161avanje, kompaktni MOB1 komunicira s ATB1, kao i s \u010damcima opremljenim AIS-om unutar dometa od oko pet milja, te \u0107e pru\u017eiti dvije metode brzog prijenosa polo\u017eaja \u010dovjeka u moru u hitnim slu\u010dajevima. Prvo, \u0161alje upozorenje svim AIS prijamnicima i AIS-omogu\u0107enim crta\u010dima u blizini. Drugo, MOB1 \u0107e aktivirati DSC alarm na VHF radiju plovila kako bi upozorio druge \u010dlanove posade. Uz pomo\u0107 posade koja mo\u017ee pratiti polo\u017eaj osobe tijekom izvla\u010denja, integrirano stroboskopsko svjetlo s oblikovanom le\u0107om osigurava lako uo\u010davanje pre\u017eivjelog u uvjetima lo\u0161eg osvjetljenja.   <\/th>\n<\/tr>\n<tr>\n<th><\/th>\n<th><a href=\"https:\/\/oceansignal.com\/hr\/products\/rescueme-mob1\/\">Kliknite ovdje za vi\u0161e detalja o MOB1<\/a><\/p>\n<p>&nbsp;<\/th>\n<\/tr>\n<tr>\n<th><\/th>\n<th><\/th>\n<\/tr>\n<tr>\n<th><\/th>\n<th>Napredni ATB1 AIS transponder klase B+ (SOTDMA) tvrtke Ocean Signal dizajniran je kako bi vlasnicima plovila ponudio pove\u0107anu vidljivost i navigacijsku sigurnost. Uklju\u010duju\u0107i vrhunsku SOTDMA tehnologiju, ATB1 nudi zna\u010dajne prednosti uklju\u010duju\u0107i pove\u0107ani prioritet za izvje\u0161\u0107a o polo\u017eaju bez gubitka ili ka\u0161njenja prijenosa, pobolj\u0161avaju\u0107i sposobnost korisnika da ga vide druga plovila u prometnim vodama i izbjegne sudar danju ili no\u0107u bez obzira na uvjete. Ima br\u017eu stopu izvje\u0161tavanja i ve\u0107u izlaznu snagu od standardnih CSTDMA jedinica klase B, \u0161alju\u0107i AIS prijenose svakih pet sekundi umjesto CSTDMA dva prijenosa u minuti. Izlazna snaga jedinice od 5 W, u usporedbi sa standardnih 2 W, omogu\u0107uje prijenosima da dosegnu dalje.   <\/th>\n<\/tr>\n<tr>\n<th><\/th>\n<th><a href=\"https:\/\/oceansignal.com\/products\/atb1\/\">Kliknite ovdje za vi\u0161e detalja o ATB1<\/a><\/th>\n<\/tr>\n<\/tbody>\n<\/table>\n","protected":false},"excerpt":{"rendered":"<p>Novi Ocean Signal ATB1 AIS paket ujedinjuje najnoviju AIS tehnologiju klase B+ u ATB1 transponderu s dva nagra\u0111ivana rescueME MOB1 svjetionika za \u010dovjeka u moru kako bi se osigurala najbolja mogu\u0107nost brzog spa\u0161avanja bilo s vlastitog plovila pre\u017eivjelog ili drugih plovila u blizini ako netko padne u vodu, AIS komplet dovodi sigurnost na brodu na novu razinu.<\/p>\n","protected":false},"featured_media":19204,"template":"","meta":{"_acf_changed":false,"om_disable_all_campaigns":false},"product_brand":[],"product_cat":[350],"product_tag":[],"class_list":{"0":"post-7065","1":"product","2":"type-product","3":"status-publish","4":"has-post-thumbnail","6":"product_cat-prekinuti","8":"first","9":"instock","10":"taxable","11":"shipping-taxable","12":"product-type-simple"},"acf":[],"yoast_head":"<!-- This site is optimized with the Yoast SEO Premium plugin v25.2 (Yoast SEO v26.4) - https:\/\/yoast.com\/wordpress\/plugins\/seo\/ -->\n<title>AIS ATB1 klasa B+ AIS paket - Ocean Signal<\/title>\n<meta name=\"robots\" content=\"index, follow, max-snippet:-1, max-image-preview:large, max-video-preview:-1\" \/>\n<link rel=\"canonical\" href=\"https:\/\/oceansignal.com\/hr\/products\/ais-atb1-klasa-b-ais-paket\/\" \/>\n<meta property=\"og:locale\" content=\"hr_HR\" \/>\n<meta property=\"og:type\" content=\"article\" \/>\n<meta property=\"og:title\" content=\"AIS ATB1 klasa B+ AIS paket\" \/>\n<meta property=\"og:description\" content=\"Novi Ocean Signal ATB1 AIS paket ujedinjuje najnoviju AIS tehnologiju klase B+ u ATB1 transponderu s dva nagra\u0111ivana rescueME MOB1 svjetionika za \u010dovjeka u moru kako bi se osigurala najbolja mogu\u0107nost brzog spa\u0161avanja bilo s vlastitog plovila pre\u017eivjelog ili drugih plovila u blizini ako netko padne u vodu, AIS komplet dovodi sigurnost na brodu na novu razinu.\" \/>\n<meta property=\"og:url\" content=\"https:\/\/oceansignal.com\/hr\/products\/ais-atb1-klasa-b-ais-paket\/\" \/>\n<meta property=\"og:site_name\" content=\"Ocean Signal\" \/>\n<meta property=\"article:modified_time\" content=\"2025-07-30T12:31:53+00:00\" \/>\n<meta property=\"og:image\" content=\"https:\/\/oceansignal.com\/wp-content\/uploads\/2023\/09\/OSL-ATB1-MOB-Bundle1-Left-Angle.png\" \/>\n\t<meta property=\"og:image:width\" content=\"720\" \/>\n\t<meta property=\"og:image:height\" content=\"720\" \/>\n\t<meta property=\"og:image:type\" content=\"image\/png\" \/>\n<meta name=\"twitter:card\" content=\"summary_large_image\" \/>\n<meta name=\"twitter:label1\" content=\"Procijenjeno vrijeme \u010ditanja\" \/>\n\t<meta name=\"twitter:data1\" content=\"1 minuta\" \/>\n<script type=\"application\/ld+json\" class=\"yoast-schema-graph\">{\"@context\":\"https:\/\/schema.org\",\"@graph\":[{\"@type\":\"WebPage\",\"@id\":\"https:\/\/oceansignal.com\/hr\/products\/ais-atb1-klasa-b-ais-paket\/\",\"url\":\"https:\/\/oceansignal.com\/hr\/products\/ais-atb1-klasa-b-ais-paket\/\",\"name\":\"AIS ATB1 klasa B+ AIS paket - Ocean Signal\",\"isPartOf\":{\"@id\":\"https:\/\/oceansignal.com\/hr\/#website\"},\"primaryImageOfPage\":{\"@id\":\"https:\/\/oceansignal.com\/hr\/products\/ais-atb1-klasa-b-ais-paket\/#primaryimage\"},\"image\":{\"@id\":\"https:\/\/oceansignal.com\/hr\/products\/ais-atb1-klasa-b-ais-paket\/#primaryimage\"},\"thumbnailUrl\":\"https:\/\/oceansignal.com\/wp-content\/uploads\/2023\/09\/OSL-ATB1-MOB-Bundle1-Left-Angle.png\",\"datePublished\":\"2023-09-08T12:12:42+00:00\",\"dateModified\":\"2025-07-30T12:31:53+00:00\",\"breadcrumb\":{\"@id\":\"https:\/\/oceansignal.com\/hr\/products\/ais-atb1-klasa-b-ais-paket\/#breadcrumb\"},\"inLanguage\":\"hr\",\"potentialAction\":[{\"@type\":\"ReadAction\",\"target\":[\"https:\/\/oceansignal.com\/hr\/products\/ais-atb1-klasa-b-ais-paket\/\"]}]},{\"@type\":\"ImageObject\",\"inLanguage\":\"hr\",\"@id\":\"https:\/\/oceansignal.com\/hr\/products\/ais-atb1-klasa-b-ais-paket\/#primaryimage\",\"url\":\"https:\/\/oceansignal.com\/wp-content\/uploads\/2023\/09\/OSL-ATB1-MOB-Bundle1-Left-Angle.png\",\"contentUrl\":\"https:\/\/oceansignal.com\/wp-content\/uploads\/2023\/09\/OSL-ATB1-MOB-Bundle1-Left-Angle.png\",\"width\":720,\"height\":720},{\"@type\":\"BreadcrumbList\",\"@id\":\"https:\/\/oceansignal.com\/hr\/products\/ais-atb1-klasa-b-ais-paket\/#breadcrumb\",\"itemListElement\":[{\"@type\":\"ListItem\",\"position\":1,\"name\":\"Prera\u0111evina\",\"item\":\"https:\/\/oceansignal.com\/hr\/preradevina\/\"},{\"@type\":\"ListItem\",\"position\":2,\"name\":\"AIS ATB1 klasa B+ AIS paket\"}]},{\"@type\":\"WebSite\",\"@id\":\"https:\/\/oceansignal.com\/hr\/#website\",\"url\":\"https:\/\/oceansignal.com\/hr\/\",\"name\":\"Ocean Signal\",\"description\":\"A leading manufacturer of EPIRBs, AIS, SARTs, Personal Locator Beacons, Man Overboard Beacon for the Marine and Outdoor Markets.\",\"potentialAction\":[{\"@type\":\"SearchAction\",\"target\":{\"@type\":\"EntryPoint\",\"urlTemplate\":\"https:\/\/oceansignal.com\/hr\/?s={search_term_string}\"},\"query-input\":{\"@type\":\"PropertyValueSpecification\",\"valueRequired\":true,\"valueName\":\"search_term_string\"}}],\"inLanguage\":\"hr\"}]}<\/script>\n<!-- \/ Yoast SEO Premium plugin. -->","yoast_head_json":{"title":"AIS ATB1 klasa B+ AIS paket - Ocean Signal","robots":{"index":"index","follow":"follow","max-snippet":"max-snippet:-1","max-image-preview":"max-image-preview:large","max-video-preview":"max-video-preview:-1"},"canonical":"https:\/\/oceansignal.com\/hr\/products\/ais-atb1-klasa-b-ais-paket\/","og_locale":"hr_HR","og_type":"article","og_title":"AIS ATB1 klasa B+ AIS paket","og_description":"Novi Ocean Signal ATB1 AIS paket ujedinjuje najnoviju AIS tehnologiju klase B+ u ATB1 transponderu s dva nagra\u0111ivana rescueME MOB1 svjetionika za \u010dovjeka u moru kako bi se osigurala najbolja mogu\u0107nost brzog spa\u0161avanja bilo s vlastitog plovila pre\u017eivjelog ili drugih plovila u blizini ako netko padne u vodu, AIS komplet dovodi sigurnost na brodu na novu razinu.","og_url":"https:\/\/oceansignal.com\/hr\/products\/ais-atb1-klasa-b-ais-paket\/","og_site_name":"Ocean Signal","article_modified_time":"2025-07-30T12:31:53+00:00","og_image":[{"width":720,"height":720,"url":"https:\/\/oceansignal.com\/wp-content\/uploads\/2023\/09\/OSL-ATB1-MOB-Bundle1-Left-Angle.png","type":"image\/png"}],"twitter_card":"summary_large_image","twitter_misc":{"Procijenjeno vrijeme \u010ditanja":"1 minuta"},"schema":{"@context":"https:\/\/schema.org","@graph":[{"@type":"WebPage","@id":"https:\/\/oceansignal.com\/hr\/products\/ais-atb1-klasa-b-ais-paket\/","url":"https:\/\/oceansignal.com\/hr\/products\/ais-atb1-klasa-b-ais-paket\/","name":"AIS ATB1 klasa B+ AIS paket - Ocean Signal","isPartOf":{"@id":"https:\/\/oceansignal.com\/hr\/#website"},"primaryImageOfPage":{"@id":"https:\/\/oceansignal.com\/hr\/products\/ais-atb1-klasa-b-ais-paket\/#primaryimage"},"image":{"@id":"https:\/\/oceansignal.com\/hr\/products\/ais-atb1-klasa-b-ais-paket\/#primaryimage"},"thumbnailUrl":"https:\/\/oceansignal.com\/wp-content\/uploads\/2023\/09\/OSL-ATB1-MOB-Bundle1-Left-Angle.png","datePublished":"2023-09-08T12:12:42+00:00","dateModified":"2025-07-30T12:31:53+00:00","breadcrumb":{"@id":"https:\/\/oceansignal.com\/hr\/products\/ais-atb1-klasa-b-ais-paket\/#breadcrumb"},"inLanguage":"hr","potentialAction":[{"@type":"ReadAction","target":["https:\/\/oceansignal.com\/hr\/products\/ais-atb1-klasa-b-ais-paket\/"]}]},{"@type":"ImageObject","inLanguage":"hr","@id":"https:\/\/oceansignal.com\/hr\/products\/ais-atb1-klasa-b-ais-paket\/#primaryimage","url":"https:\/\/oceansignal.com\/wp-content\/uploads\/2023\/09\/OSL-ATB1-MOB-Bundle1-Left-Angle.png","contentUrl":"https:\/\/oceansignal.com\/wp-content\/uploads\/2023\/09\/OSL-ATB1-MOB-Bundle1-Left-Angle.png","width":720,"height":720},{"@type":"BreadcrumbList","@id":"https:\/\/oceansignal.com\/hr\/products\/ais-atb1-klasa-b-ais-paket\/#breadcrumb","itemListElement":[{"@type":"ListItem","position":1,"name":"Prera\u0111evina","item":"https:\/\/oceansignal.com\/hr\/preradevina\/"},{"@type":"ListItem","position":2,"name":"AIS ATB1 klasa B+ AIS paket"}]},{"@type":"WebSite","@id":"https:\/\/oceansignal.com\/hr\/#website","url":"https:\/\/oceansignal.com\/hr\/","name":"Ocean Signal","description":"A leading manufacturer of EPIRBs, AIS, SARTs, Personal Locator Beacons, Man Overboard Beacon for the Marine and Outdoor Markets.","potentialAction":[{"@type":"SearchAction","target":{"@type":"EntryPoint","urlTemplate":"https:\/\/oceansignal.com\/hr\/?s={search_term_string}"},"query-input":{"@type":"PropertyValueSpecification","valueRequired":true,"valueName":"search_term_string"}}],"inLanguage":"hr"}]}},"_links":{"self":[{"href":"https:\/\/oceansignal.com\/hr\/wp-json\/wp\/v2\/product\/7065","targetHints":{"allow":["GET"]}}],"collection":[{"href":"https:\/\/oceansignal.com\/hr\/wp-json\/wp\/v2\/product"}],"about":[{"href":"https:\/\/oceansignal.com\/hr\/wp-json\/wp\/v2\/types\/product"}],"wp:featuredmedia":[{"embeddable":true,"href":"https:\/\/oceansignal.com\/hr\/wp-json\/wp\/v2\/media\/19204"}],"wp:attachment":[{"href":"https:\/\/oceansignal.com\/hr\/wp-json\/wp\/v2\/media?parent=7065"}],"wp:term":[{"taxonomy":"product_brand","embeddable":true,"href":"https:\/\/oceansignal.com\/hr\/wp-json\/wp\/v2\/product_brand?post=7065"},{"taxonomy":"product_cat","embeddable":true,"href":"https:\/\/oceansignal.com\/hr\/wp-json\/wp\/v2\/product_cat?post=7065"},{"taxonomy":"product_tag","embeddable":true,"href":"https:\/\/oceansignal.com\/hr\/wp-json\/wp\/v2\/product_tag?post=7065"}],"curies":[{"name":"wp","href":"https:\/\/api.w.org\/{rel}","templated":true}]}}