{"id":7177,"date":"2023-09-08T12:47:59","date_gmt":"2023-09-08T12:47:59","guid":{"rendered":"https:\/\/oceansignal.com\/products\/ais-alarm\/"},"modified":"2025-11-26T08:54:57","modified_gmt":"2025-11-26T08:54:57","slug":"ais-alarm","status":"publish","type":"product","link":"https:\/\/oceansignal.com\/hr\/products\/ais-alarm\/","title":{"rendered":"AIS Alarm"},"content":{"rendered":"<p>Ocean Signal AIS Alarm je vodootporan \u0161to omogu\u0107uje vanjsku monta\u017eu po \u017eelji i ima mogu\u0107nost programiranja od strane korisnika s do 30 pojedina\u010dnih MMSI brojeva za pru\u017eanje vizualnih i zvu\u010dnih alarma (zvu\u010dni alarmi imaju vi\u0161e tonova za identifikaciju izvora AIS signala &#8211; MOB ili SART).  <span class=\"fontstyle0\">Opcija integriranog releja omogu\u0107uje povezivanje s vanjskim alarmom ili prekida\u010dem za isklju\u010divanje motora plovila. Relej se mo\u017ee programirati da se aktivira ako je potrebno. <\/span><\/p>\n<p>Uparite se s Ocean Signal AIS <a href=\"https:\/\/oceansignal.com\/hr\/products\/rescueme-mob1\/\">MOB1<\/a> ili <a href=\"https:\/\/oceansignal.com\/products\/rescueme-plb3-ais-plb\/\">PLB3<\/a> kako biste upozorili posadu unutar kabine va\u0161eg alarma za \u010dovjeka u moru.<\/p>\n<p>Konfiguracija AIS Alarm mo\u017ee se posti\u0107i preuzimanjem softvera na donjoj poveznici:<\/p>\n<p>&nbsp;<\/p>\n<p><a href=\"https:\/\/oceansignal.com\/hr\/podrska\/programiranje-proizvoda\/programiranje-ais-alarmne-kutije\/\">Konfiguracija AIS Alarm<\/a><\/p>\n<p>&nbsp;<\/p>\n<p><em>Iako su u\u010dinjeni svi napori kako bi se osigurala to\u010dnost informacija na ovoj stranici, proizvodi i specifikacije mogu se promijeniti bez prethodne najave.<\/em><\/p>\n","protected":false},"excerpt":{"rendered":"<p><strong>AIS alarmna kutija<\/strong> dizajnirana je kako bi osigurala da se u trenutku prijema bilo kojeg AIS MOB ili AIS SART signala oglasi zvu\u010dni alarm od 87 dB \u010dime se osigurava da su svi na plovilu upozoreni na mogu\u0107i MOB ili posadu kojoj je potrebno spa\u0161avanje. Njegov jednostavan dizajn, kompaktna priroda i kori\u0161tenje NMEA 0183 zna\u010di da je integracija AIS Alarm kutije u va\u0161 AIS prijamnik i postoje\u0107u mre\u017eu jednostavna. <\/p>\n<p><a href=\"https:\/\/www.dropbox.com\/s\/fk04stqsp2hgk5f\/Prop%2065%20-%20DEHP.pdf?dl=0\">UPOZORENJE: PROP 65<\/a><\/p>\n","protected":false},"featured_media":20772,"template":"","meta":{"_acf_changed":false,"om_disable_all_campaigns":false},"product_brand":[],"product_cat":[390],"product_tag":[],"class_list":{"0":"post-7177","1":"product","2":"type-product","3":"status-publish","4":"has-post-thumbnail","6":"product_cat-ais-hr-2","8":"first","9":"instock","10":"taxable","11":"shipping-taxable","12":"purchasable","13":"product-type-simple"},"acf":[],"yoast_head":"<!-- This site is optimized with the Yoast SEO Premium plugin v25.2 (Yoast SEO v26.4) - https:\/\/yoast.com\/wordpress\/plugins\/seo\/ -->\n<title>AIS Alarm - Ocean Signal<\/title>\n<meta name=\"description\" content=\"Ocean Signal Alarm Box: Pouzdano pomorsko sigurnosno rje\u0161enje za trenutna upozorenja o hitnom slu\u010daju AIS \u010dovjeka u moru. Osigurajte brzu reakciju u hitnim slu\u010dajevima.\" \/>\n<meta name=\"robots\" content=\"index, follow, max-snippet:-1, max-image-preview:large, max-video-preview:-1\" \/>\n<link rel=\"canonical\" href=\"https:\/\/oceansignal.com\/hr\/products\/ais-alarm\/\" \/>\n<meta property=\"og:locale\" content=\"hr_HR\" \/>\n<meta property=\"og:type\" content=\"article\" \/>\n<meta property=\"og:title\" content=\"AIS Alarm\" \/>\n<meta property=\"og:description\" content=\"Ocean Signal Alarm Box: Pouzdano pomorsko sigurnosno rje\u0161enje za trenutna upozorenja o hitnom slu\u010daju AIS \u010dovjeka u moru. Osigurajte brzu reakciju u hitnim slu\u010dajevima.\" \/>\n<meta property=\"og:url\" content=\"https:\/\/oceansignal.com\/hr\/products\/ais-alarm\/\" \/>\n<meta property=\"og:site_name\" content=\"Ocean Signal\" \/>\n<meta property=\"article:modified_time\" content=\"2025-11-26T08:54:57+00:00\" \/>\n<meta property=\"og:image\" content=\"https:\/\/oceansignal.com\/wp-content\/uploads\/2023\/09\/OSL-AIS-Alarm-360_600x600.gif\" \/>\n\t<meta property=\"og:image:width\" content=\"600\" \/>\n\t<meta property=\"og:image:height\" content=\"600\" \/>\n\t<meta property=\"og:image:type\" content=\"image\/gif\" \/>\n<meta name=\"twitter:card\" content=\"summary_large_image\" \/>\n<meta name=\"twitter:label1\" content=\"Procijenjeno vrijeme \u010ditanja\" \/>\n\t<meta name=\"twitter:data1\" content=\"1 minuta\" \/>\n<script type=\"application\/ld+json\" class=\"yoast-schema-graph\">{\"@context\":\"https:\/\/schema.org\",\"@graph\":[{\"@type\":\"WebPage\",\"@id\":\"https:\/\/oceansignal.com\/hr\/products\/ais-alarm\/\",\"url\":\"https:\/\/oceansignal.com\/hr\/products\/ais-alarm\/\",\"name\":\"AIS Alarm - Ocean Signal\",\"isPartOf\":{\"@id\":\"https:\/\/oceansignal.com\/hr\/#website\"},\"primaryImageOfPage\":{\"@id\":\"https:\/\/oceansignal.com\/hr\/products\/ais-alarm\/#primaryimage\"},\"image\":{\"@id\":\"https:\/\/oceansignal.com\/hr\/products\/ais-alarm\/#primaryimage\"},\"thumbnailUrl\":\"https:\/\/oceansignal.com\/wp-content\/uploads\/2023\/09\/OSL-AIS-Alarm-360_600x600.gif\",\"datePublished\":\"2023-09-08T12:47:59+00:00\",\"dateModified\":\"2025-11-26T08:54:57+00:00\",\"description\":\"Ocean Signal Alarm Box: Pouzdano pomorsko sigurnosno rje\u0161enje za trenutna upozorenja o hitnom slu\u010daju AIS \u010dovjeka u moru. Osigurajte brzu reakciju u hitnim slu\u010dajevima.\",\"breadcrumb\":{\"@id\":\"https:\/\/oceansignal.com\/hr\/products\/ais-alarm\/#breadcrumb\"},\"inLanguage\":\"hr\",\"potentialAction\":[{\"@type\":\"ReadAction\",\"target\":[\"https:\/\/oceansignal.com\/hr\/products\/ais-alarm\/\"]}]},{\"@type\":\"ImageObject\",\"inLanguage\":\"hr\",\"@id\":\"https:\/\/oceansignal.com\/hr\/products\/ais-alarm\/#primaryimage\",\"url\":\"https:\/\/oceansignal.com\/wp-content\/uploads\/2023\/09\/OSL-AIS-Alarm-360_600x600.gif\",\"contentUrl\":\"https:\/\/oceansignal.com\/wp-content\/uploads\/2023\/09\/OSL-AIS-Alarm-360_600x600.gif\",\"width\":600,\"height\":600},{\"@type\":\"BreadcrumbList\",\"@id\":\"https:\/\/oceansignal.com\/hr\/products\/ais-alarm\/#breadcrumb\",\"itemListElement\":[{\"@type\":\"ListItem\",\"position\":1,\"name\":\"Prera\u0111evina\",\"item\":\"https:\/\/oceansignal.com\/hr\/preradevina\/\"},{\"@type\":\"ListItem\",\"position\":2,\"name\":\"AIS Alarm\"}]},{\"@type\":\"WebSite\",\"@id\":\"https:\/\/oceansignal.com\/hr\/#website\",\"url\":\"https:\/\/oceansignal.com\/hr\/\",\"name\":\"Ocean Signal\",\"description\":\"A leading manufacturer of EPIRBs, AIS, SARTs, Personal Locator Beacons, Man Overboard Beacon for the Marine and Outdoor Markets.\",\"potentialAction\":[{\"@type\":\"SearchAction\",\"target\":{\"@type\":\"EntryPoint\",\"urlTemplate\":\"https:\/\/oceansignal.com\/hr\/?s={search_term_string}\"},\"query-input\":{\"@type\":\"PropertyValueSpecification\",\"valueRequired\":true,\"valueName\":\"search_term_string\"}}],\"inLanguage\":\"hr\"}]}<\/script>\n<!-- \/ Yoast SEO Premium plugin. -->","yoast_head_json":{"title":"AIS Alarm - Ocean Signal","description":"Ocean Signal Alarm Box: Pouzdano pomorsko sigurnosno rje\u0161enje za trenutna upozorenja o hitnom slu\u010daju AIS \u010dovjeka u moru. Osigurajte brzu reakciju u hitnim slu\u010dajevima.","robots":{"index":"index","follow":"follow","max-snippet":"max-snippet:-1","max-image-preview":"max-image-preview:large","max-video-preview":"max-video-preview:-1"},"canonical":"https:\/\/oceansignal.com\/hr\/products\/ais-alarm\/","og_locale":"hr_HR","og_type":"article","og_title":"AIS Alarm","og_description":"Ocean Signal Alarm Box: Pouzdano pomorsko sigurnosno rje\u0161enje za trenutna upozorenja o hitnom slu\u010daju AIS \u010dovjeka u moru. Osigurajte brzu reakciju u hitnim slu\u010dajevima.","og_url":"https:\/\/oceansignal.com\/hr\/products\/ais-alarm\/","og_site_name":"Ocean Signal","article_modified_time":"2025-11-26T08:54:57+00:00","og_image":[{"url":"https:\/\/oceansignal.com\/wp-content\/uploads\/2023\/09\/OSL-AIS-Alarm-360_600x600.gif","width":600,"height":600,"type":"image\/gif"}],"twitter_card":"summary_large_image","twitter_misc":{"Procijenjeno vrijeme \u010ditanja":"1 minuta"},"schema":{"@context":"https:\/\/schema.org","@graph":[{"@type":"WebPage","@id":"https:\/\/oceansignal.com\/hr\/products\/ais-alarm\/","url":"https:\/\/oceansignal.com\/hr\/products\/ais-alarm\/","name":"AIS Alarm - Ocean Signal","isPartOf":{"@id":"https:\/\/oceansignal.com\/hr\/#website"},"primaryImageOfPage":{"@id":"https:\/\/oceansignal.com\/hr\/products\/ais-alarm\/#primaryimage"},"image":{"@id":"https:\/\/oceansignal.com\/hr\/products\/ais-alarm\/#primaryimage"},"thumbnailUrl":"https:\/\/oceansignal.com\/wp-content\/uploads\/2023\/09\/OSL-AIS-Alarm-360_600x600.gif","datePublished":"2023-09-08T12:47:59+00:00","dateModified":"2025-11-26T08:54:57+00:00","description":"Ocean Signal Alarm Box: Pouzdano pomorsko sigurnosno rje\u0161enje za trenutna upozorenja o hitnom slu\u010daju AIS \u010dovjeka u moru. Osigurajte brzu reakciju u hitnim slu\u010dajevima.","breadcrumb":{"@id":"https:\/\/oceansignal.com\/hr\/products\/ais-alarm\/#breadcrumb"},"inLanguage":"hr","potentialAction":[{"@type":"ReadAction","target":["https:\/\/oceansignal.com\/hr\/products\/ais-alarm\/"]}]},{"@type":"ImageObject","inLanguage":"hr","@id":"https:\/\/oceansignal.com\/hr\/products\/ais-alarm\/#primaryimage","url":"https:\/\/oceansignal.com\/wp-content\/uploads\/2023\/09\/OSL-AIS-Alarm-360_600x600.gif","contentUrl":"https:\/\/oceansignal.com\/wp-content\/uploads\/2023\/09\/OSL-AIS-Alarm-360_600x600.gif","width":600,"height":600},{"@type":"BreadcrumbList","@id":"https:\/\/oceansignal.com\/hr\/products\/ais-alarm\/#breadcrumb","itemListElement":[{"@type":"ListItem","position":1,"name":"Prera\u0111evina","item":"https:\/\/oceansignal.com\/hr\/preradevina\/"},{"@type":"ListItem","position":2,"name":"AIS Alarm"}]},{"@type":"WebSite","@id":"https:\/\/oceansignal.com\/hr\/#website","url":"https:\/\/oceansignal.com\/hr\/","name":"Ocean Signal","description":"A leading manufacturer of EPIRBs, AIS, SARTs, Personal Locator Beacons, Man Overboard Beacon for the Marine and Outdoor Markets.","potentialAction":[{"@type":"SearchAction","target":{"@type":"EntryPoint","urlTemplate":"https:\/\/oceansignal.com\/hr\/?s={search_term_string}"},"query-input":{"@type":"PropertyValueSpecification","valueRequired":true,"valueName":"search_term_string"}}],"inLanguage":"hr"}]}},"_links":{"self":[{"href":"https:\/\/oceansignal.com\/hr\/wp-json\/wp\/v2\/product\/7177","targetHints":{"allow":["GET"]}}],"collection":[{"href":"https:\/\/oceansignal.com\/hr\/wp-json\/wp\/v2\/product"}],"about":[{"href":"https:\/\/oceansignal.com\/hr\/wp-json\/wp\/v2\/types\/product"}],"wp:featuredmedia":[{"embeddable":true,"href":"https:\/\/oceansignal.com\/hr\/wp-json\/wp\/v2\/media\/20772"}],"wp:attachment":[{"href":"https:\/\/oceansignal.com\/hr\/wp-json\/wp\/v2\/media?parent=7177"}],"wp:term":[{"taxonomy":"product_brand","embeddable":true,"href":"https:\/\/oceansignal.com\/hr\/wp-json\/wp\/v2\/product_brand?post=7177"},{"taxonomy":"product_cat","embeddable":true,"href":"https:\/\/oceansignal.com\/hr\/wp-json\/wp\/v2\/product_cat?post=7177"},{"taxonomy":"product_tag","embeddable":true,"href":"https:\/\/oceansignal.com\/hr\/wp-json\/wp\/v2\/product_tag?post=7177"}],"curies":[{"name":"wp","href":"https:\/\/api.w.org\/{rel}","templated":true}]}}