{"id":7335,"date":"2023-09-08T13:06:06","date_gmt":"2023-09-08T13:06:06","guid":{"rendered":"https:\/\/oceansignal.com\/products\/m100-m100x\/"},"modified":"2026-02-25T13:51:44","modified_gmt":"2026-02-25T13:51:44","slug":"m100-m100x","status":"publish","type":"product","link":"https:\/\/oceansignal.com\/hr\/products\/m100-m100x\/","title":{"rendered":"M100\/M100X"},"content":{"rendered":"<p class=\"ai-optimize-36 ai-optimize-introduction\">Integrirani 66-kanalni GPS osigurava a\u017euriranje polo\u017eaja svake minute putem AIS-a. Razlika izme\u0111u Ocean Signal M100 i M100X je u tome \u0161to je M100X dizajniran da zadovolji europsku ATEX direktivu i ima IECEx odobrenje za upotrebu u zoni 2 eksplozivne atmosfere. <\/p>\n<p class=\"ai-optimize-37\">\u017delite MOB s 406 MHz? Pogledajte novi <a href=\"https:\/\/oceansignal.com\/products\/rescueme-plb3-ais-plb\/\">rescueME PLB3<\/a> <\/p>\n<p class=\"ai-optimize-38\"><em>Sljede\u0107a izjava je samo za kupce iz SAD-a: Ovaj ure\u0111aj nije odobren prema pravilima Savezne komisije za komunikacije. Ovaj ure\u0111aj nije, i ne smije biti, ponu\u0111en na prodaju ili najam, ili prodan ili iznajmljen, dok se ne dobije ovla\u0161tenje. <\/em><\/p>\n<p>&nbsp;<\/p>\n<p class=\"ai-optimize-46\"><strong>Integracija prsluka za spa\u0161avanje<\/strong><\/p>\n<p class=\"ai-optimize-47\">safeSEA M100 AIS mo\u017ee se aktivirati ru\u010dno ili automatski kada se ugradi unutar napuhanog prsluka za spa\u0161avanje koji se automatski napuhuje. Ugradnja je jednostavna pomo\u0107u prilo\u017eene kop\u010de za cijev za napuhavanje u ustima kako bi se M100 pri\u010dvrstio na prsluk za spa\u0161avanje u kombinaciji s aktivacijskom trakom pri\u010dvr\u0161\u0107enom oko mjehura prsluka za spa\u0161avanje**. Nakon ispravne ugradnje, napuhavanje mjehura prsluka za spa\u0161avanje pokre\u0107e otvaranje antene i aktivaciju signalnog ure\u0111aja.  <\/p>\n<p class=\"ai-optimize-48\">* Funkcionalnost DSC-a podlije\u017ee propisima zemlje.<\/p>\n<p class=\"ai-optimize-49\"><strong>** <i data-olk-copy-source=\"MailCompose\">Preporu\u010duje se konzultacija s proizvo\u0111a\u010dem prsluka za spa\u0161avanje prije ugradnje, jer odre\u0111eni modeli mogu imati vlastite preferirane na\u010dine postavljanja ili preporuke za integraciju.<\/i><\/strong><\/p>\n<p>&nbsp;<\/p>\n<p>&nbsp;<\/p>\n","protected":false},"excerpt":{"rendered":"<p>Ocean Signal M100 i M100X MSLD (ure\u0111aj za lociranje pre\u017eivjelih u moru) dizajnirani su kako bi zadovoljili potrebe profesionalnog pomorskog tr\u017ei\u0161ta i njegovih radnika na moru. M100 i M100X mogu se postaviti na prsluk za spa\u0161avanje* i automatski \u0107e se aktivirati kada se prsluk napuha. Nakon \u0161to se aktiviraju, M100 i M100X odaslat \u0107e upozorenje svim AIS prijamnicima i AIS omogu\u0107enim crta\u010dima u blizini. M100 i M100X tako\u0111er oda\u0161ilju signal za samonavo\u0111enje od 121,5 MHz uz AIS.   <\/p>\n<p><strong>NAPOMENA:<\/strong> ECC\/DEC\/(22)02, tako\u0111er poznat kao AIS propis klase M, implementiran je u nizu europskih zemalja. Zna\u010daj implementacije ovog propisa za postoje\u0107e vlasnike M100\/M100X je u tome \u0161to se M100\/M100X ure\u0111aji vi\u0161e ne smiju koristiti u zemljama koje su implementirale novi propis. <u><a id=\"OWA2977fb01-e554-25c9-9cd1-9f900cdee827\" class=\"OWAAutoLink\" title=\"https:\/\/docdb.cept.org\/implementation\/28560\" href=\"https:\/\/nam11.safelinks.protection.outlook.com\/?url=https%3A%2F%2Fdocdb.cept.org%2Fimplementation%2F28560&amp;data=05%7C02%7CShawn.Pariaug%40acrartex.com%7Cfac5ae1571d7439f772608de6eeddfec%7Ce41f30dccabc4c87b052e2df2064afce%7C0%7C0%7C639070165436538226%7CUnknown%7CTWFpbGZsb3d8eyJFbXB0eU1hcGkiOnRydWUsIlYiOiIwLjAuMDAwMCIsIlAiOiJXaW4zMiIsIkFOIjoiTWFpbCIsIldUIjoyfQ%3D%3D%7C0%7C%7C%7C&amp;sdata=lN5EEnoNasBM5aShoSlvMT1BCE61no1Ff9nSDKwp0Ko%3D&amp;reserved=0\" data-auth=\"NotApplicable\">Kliknite ovdje<\/a><\/u> za pristup popisu europskih zemalja koji prikazuje gdje je implementiran ECC\/DEC\/(22)02. Va\u017eno je napomenuti da ograni\u010denje upotrebe M100\/M100X u odre\u0111enim europskim zemljama nije rezultat nedostataka proizvoda, ve\u0107 je izravna posljedica promjena propisa koje je pokrenulo neovisno regulatorno tijelo.  <\/p>\n<p>&nbsp;<\/p>\n<p><span style=\"color: #c22f2f;\"><em>* Uvijek se obratite proizvo\u0111a\u010du za posebne upute prije nego \u0161to instalirate ovaj proizvod izravno na prsluk za spa\u0161avanje.<\/em><\/span><\/p>\n","protected":false},"featured_media":12480,"template":"","meta":{"_acf_changed":false,"om_disable_all_campaigns":false},"product_brand":[],"product_cat":[396],"product_tag":[1221],"class_list":{"0":"post-7335","1":"product","2":"type-product","3":"status-publish","4":"has-post-thumbnail","6":"product_cat-professional-hr","7":"product_tag-m100-hr","9":"first","10":"outofstock","11":"taxable","12":"shipping-taxable","13":"product-type-simple"},"acf":[],"yoast_head":"<!-- This site is optimized with the Yoast SEO Premium plugin v25.2 (Yoast SEO v26.4) - https:\/\/yoast.com\/wordpress\/plugins\/seo\/ -->\n<title>M100\/M100X - Ocean Signal<\/title>\n<meta name=\"description\" content=\"Ocean Signal M100 i M100X AIS i 121.5 Man Overboard Beacon: Pouzdan komercijalni MOB za brzo spa\u0161avanje. Osnovni pomorski sigurnosni ure\u0111aji.\" \/>\n<meta name=\"robots\" content=\"index, follow, max-snippet:-1, max-image-preview:large, max-video-preview:-1\" \/>\n<link rel=\"canonical\" href=\"https:\/\/oceansignal.com\/hr\/products\/m100-m100x\/\" \/>\n<meta property=\"og:locale\" content=\"hr_HR\" \/>\n<meta property=\"og:type\" content=\"article\" \/>\n<meta property=\"og:title\" content=\"M100\/M100X\" \/>\n<meta property=\"og:description\" content=\"Ocean Signal M100 i M100X AIS i 121.5 Man Overboard Beacon: Pouzdan komercijalni MOB za brzo spa\u0161avanje. Osnovni pomorski sigurnosni ure\u0111aji.\" \/>\n<meta property=\"og:url\" content=\"https:\/\/oceansignal.com\/hr\/products\/m100-m100x\/\" \/>\n<meta property=\"og:site_name\" content=\"Ocean Signal\" \/>\n<meta property=\"article:modified_time\" content=\"2026-02-25T13:51:44+00:00\" \/>\n<meta property=\"og:image\" content=\"https:\/\/oceansignal.com\/wp-content\/uploads\/2023\/09\/M100-Front.png\" \/>\n\t<meta property=\"og:image:width\" content=\"800\" \/>\n\t<meta property=\"og:image:height\" content=\"800\" \/>\n\t<meta property=\"og:image:type\" content=\"image\/png\" \/>\n<meta name=\"twitter:card\" content=\"summary_large_image\" \/>\n<meta name=\"twitter:label1\" content=\"Procijenjeno vrijeme \u010ditanja\" \/>\n\t<meta name=\"twitter:data1\" content=\"1 minuta\" \/>\n<script type=\"application\/ld+json\" class=\"yoast-schema-graph\">{\"@context\":\"https:\/\/schema.org\",\"@graph\":[{\"@type\":\"WebPage\",\"@id\":\"https:\/\/oceansignal.com\/hr\/products\/m100-m100x\/\",\"url\":\"https:\/\/oceansignal.com\/hr\/products\/m100-m100x\/\",\"name\":\"M100\/M100X - Ocean Signal\",\"isPartOf\":{\"@id\":\"https:\/\/oceansignal.com\/hr\/#website\"},\"primaryImageOfPage\":{\"@id\":\"https:\/\/oceansignal.com\/hr\/products\/m100-m100x\/#primaryimage\"},\"image\":{\"@id\":\"https:\/\/oceansignal.com\/hr\/products\/m100-m100x\/#primaryimage\"},\"thumbnailUrl\":\"https:\/\/oceansignal.com\/wp-content\/uploads\/2023\/09\/M100-Front.png\",\"datePublished\":\"2023-09-08T13:06:06+00:00\",\"dateModified\":\"2026-02-25T13:51:44+00:00\",\"description\":\"Ocean Signal M100 i M100X AIS i 121.5 Man Overboard Beacon: Pouzdan komercijalni MOB za brzo spa\u0161avanje. Osnovni pomorski sigurnosni ure\u0111aji.\",\"breadcrumb\":{\"@id\":\"https:\/\/oceansignal.com\/hr\/products\/m100-m100x\/#breadcrumb\"},\"inLanguage\":\"hr\",\"potentialAction\":[{\"@type\":\"ReadAction\",\"target\":[\"https:\/\/oceansignal.com\/hr\/products\/m100-m100x\/\"]}]},{\"@type\":\"ImageObject\",\"inLanguage\":\"hr\",\"@id\":\"https:\/\/oceansignal.com\/hr\/products\/m100-m100x\/#primaryimage\",\"url\":\"https:\/\/oceansignal.com\/wp-content\/uploads\/2023\/09\/M100-Front.png\",\"contentUrl\":\"https:\/\/oceansignal.com\/wp-content\/uploads\/2023\/09\/M100-Front.png\",\"width\":800,\"height\":800},{\"@type\":\"BreadcrumbList\",\"@id\":\"https:\/\/oceansignal.com\/hr\/products\/m100-m100x\/#breadcrumb\",\"itemListElement\":[{\"@type\":\"ListItem\",\"position\":1,\"name\":\"Prera\u0111evina\",\"item\":\"https:\/\/oceansignal.com\/hr\/preradevina\/\"},{\"@type\":\"ListItem\",\"position\":2,\"name\":\"M100\/M100X\"}]},{\"@type\":\"WebSite\",\"@id\":\"https:\/\/oceansignal.com\/hr\/#website\",\"url\":\"https:\/\/oceansignal.com\/hr\/\",\"name\":\"Ocean Signal\",\"description\":\"A leading manufacturer of EPIRBs, AIS, SARTs, Personal Locator Beacons, Man Overboard Beacon for the Marine and Outdoor Markets.\",\"potentialAction\":[{\"@type\":\"SearchAction\",\"target\":{\"@type\":\"EntryPoint\",\"urlTemplate\":\"https:\/\/oceansignal.com\/hr\/?s={search_term_string}\"},\"query-input\":{\"@type\":\"PropertyValueSpecification\",\"valueRequired\":true,\"valueName\":\"search_term_string\"}}],\"inLanguage\":\"hr\"}]}<\/script>\n<!-- \/ Yoast SEO Premium plugin. -->","yoast_head_json":{"title":"M100\/M100X - Ocean Signal","description":"Ocean Signal M100 i M100X AIS i 121.5 Man Overboard Beacon: Pouzdan komercijalni MOB za brzo spa\u0161avanje. Osnovni pomorski sigurnosni ure\u0111aji.","robots":{"index":"index","follow":"follow","max-snippet":"max-snippet:-1","max-image-preview":"max-image-preview:large","max-video-preview":"max-video-preview:-1"},"canonical":"https:\/\/oceansignal.com\/hr\/products\/m100-m100x\/","og_locale":"hr_HR","og_type":"article","og_title":"M100\/M100X","og_description":"Ocean Signal M100 i M100X AIS i 121.5 Man Overboard Beacon: Pouzdan komercijalni MOB za brzo spa\u0161avanje. Osnovni pomorski sigurnosni ure\u0111aji.","og_url":"https:\/\/oceansignal.com\/hr\/products\/m100-m100x\/","og_site_name":"Ocean Signal","article_modified_time":"2026-02-25T13:51:44+00:00","og_image":[{"width":800,"height":800,"url":"https:\/\/oceansignal.com\/wp-content\/uploads\/2023\/09\/M100-Front.png","type":"image\/png"}],"twitter_card":"summary_large_image","twitter_misc":{"Procijenjeno vrijeme \u010ditanja":"1 minuta"},"schema":{"@context":"https:\/\/schema.org","@graph":[{"@type":"WebPage","@id":"https:\/\/oceansignal.com\/hr\/products\/m100-m100x\/","url":"https:\/\/oceansignal.com\/hr\/products\/m100-m100x\/","name":"M100\/M100X - Ocean Signal","isPartOf":{"@id":"https:\/\/oceansignal.com\/hr\/#website"},"primaryImageOfPage":{"@id":"https:\/\/oceansignal.com\/hr\/products\/m100-m100x\/#primaryimage"},"image":{"@id":"https:\/\/oceansignal.com\/hr\/products\/m100-m100x\/#primaryimage"},"thumbnailUrl":"https:\/\/oceansignal.com\/wp-content\/uploads\/2023\/09\/M100-Front.png","datePublished":"2023-09-08T13:06:06+00:00","dateModified":"2026-02-25T13:51:44+00:00","description":"Ocean Signal M100 i M100X AIS i 121.5 Man Overboard Beacon: Pouzdan komercijalni MOB za brzo spa\u0161avanje. Osnovni pomorski sigurnosni ure\u0111aji.","breadcrumb":{"@id":"https:\/\/oceansignal.com\/hr\/products\/m100-m100x\/#breadcrumb"},"inLanguage":"hr","potentialAction":[{"@type":"ReadAction","target":["https:\/\/oceansignal.com\/hr\/products\/m100-m100x\/"]}]},{"@type":"ImageObject","inLanguage":"hr","@id":"https:\/\/oceansignal.com\/hr\/products\/m100-m100x\/#primaryimage","url":"https:\/\/oceansignal.com\/wp-content\/uploads\/2023\/09\/M100-Front.png","contentUrl":"https:\/\/oceansignal.com\/wp-content\/uploads\/2023\/09\/M100-Front.png","width":800,"height":800},{"@type":"BreadcrumbList","@id":"https:\/\/oceansignal.com\/hr\/products\/m100-m100x\/#breadcrumb","itemListElement":[{"@type":"ListItem","position":1,"name":"Prera\u0111evina","item":"https:\/\/oceansignal.com\/hr\/preradevina\/"},{"@type":"ListItem","position":2,"name":"M100\/M100X"}]},{"@type":"WebSite","@id":"https:\/\/oceansignal.com\/hr\/#website","url":"https:\/\/oceansignal.com\/hr\/","name":"Ocean Signal","description":"A leading manufacturer of EPIRBs, AIS, SARTs, Personal Locator Beacons, Man Overboard Beacon for the Marine and Outdoor Markets.","potentialAction":[{"@type":"SearchAction","target":{"@type":"EntryPoint","urlTemplate":"https:\/\/oceansignal.com\/hr\/?s={search_term_string}"},"query-input":{"@type":"PropertyValueSpecification","valueRequired":true,"valueName":"search_term_string"}}],"inLanguage":"hr"}]}},"_links":{"self":[{"href":"https:\/\/oceansignal.com\/hr\/wp-json\/wp\/v2\/product\/7335","targetHints":{"allow":["GET"]}}],"collection":[{"href":"https:\/\/oceansignal.com\/hr\/wp-json\/wp\/v2\/product"}],"about":[{"href":"https:\/\/oceansignal.com\/hr\/wp-json\/wp\/v2\/types\/product"}],"wp:featuredmedia":[{"embeddable":true,"href":"https:\/\/oceansignal.com\/hr\/wp-json\/wp\/v2\/media\/12480"}],"wp:attachment":[{"href":"https:\/\/oceansignal.com\/hr\/wp-json\/wp\/v2\/media?parent=7335"}],"wp:term":[{"taxonomy":"product_brand","embeddable":true,"href":"https:\/\/oceansignal.com\/hr\/wp-json\/wp\/v2\/product_brand?post=7335"},{"taxonomy":"product_cat","embeddable":true,"href":"https:\/\/oceansignal.com\/hr\/wp-json\/wp\/v2\/product_cat?post=7335"},{"taxonomy":"product_tag","embeddable":true,"href":"https:\/\/oceansignal.com\/hr\/wp-json\/wp\/v2\/product_tag?post=7335"}],"curies":[{"name":"wp","href":"https:\/\/api.w.org\/{rel}","templated":true}]}}