{"id":7496,"date":"2023-09-08T13:27:28","date_gmt":"2023-09-08T13:27:28","guid":{"rendered":"https:\/\/oceansignal.com\/products\/e101v\/"},"modified":"2025-03-06T13:41:17","modified_gmt":"2025-03-06T13:41:17","slug":"e101v","status":"publish","type":"product","link":"https:\/\/oceansignal.com\/hr\/products\/e101v\/","title":{"rendered":"E101V"},"content":{"rendered":"<div class=\"flex-1 overflow-hidden\">\n<div class=\"react-scroll-to-bottom--css-zrcmn-79elbk h-full\">\n<div class=\"react-scroll-to-bottom--css-zrcmn-1n7m0yu\">\n<div class=\"flex flex-col text-sm pb-9\">\n<div class=\"w-full text-token-text-primary\" data-testid=\"conversation-turn-15\">\n<div class=\"px-4 py-2 justify-center text-base md:gap-6 m-auto\">\n<div class=\"flex flex-1 text-base mx-auto gap-3 md:px-5 lg:px-1 xl:px-5 md:max-w-3xl lg:max-w-[40rem] xl:max-w-[48rem] group final-completion\">\n<div class=\"relative flex w-full flex-col agent-turn\">\n<div class=\"flex-col gap-1 md:gap-3\">\n<div class=\"flex flex-grow flex-col max-w-full\">\n<div class=\"min-h-[20px] text-message flex flex-col items-start gap-3 whitespace-pre-wrap break-words [.text-message+&amp;]:mt-5 overflow-x-auto\" data-message-author-role=\"assistant\" data-message-id=\"4b317025-e2b7-4139-8616-da7404b62033\">\n<div class=\"markdown prose w-full break-words dark:prose-invert light\">\n<p>Predstavljamo Ocean Signal E101V Voyage Data Recorder, vrhunsko pomorsko sigurnosno rje\u0161enje dizajnirano za pobolj\u0161anje nadzora plovila i sposobnosti odgovora u hitnim slu\u010dajevima. Ovaj najsuvremeniji ure\u0111aj radi na pouzdanim <a href=\"https:\/\/www.cospas-sarsat.int\/en\/\">satelitima Cospas Sarsat<\/a> od 406 MHz, osiguravaju\u0107i trenutno signaliziranje opasnosti u slu\u010daju opasnosti na moru. Sa svojom naprednom funkcijom snimanja podataka, E101V omogu\u0107uje sveobuhvatno pra\u0107enje klju\u010dnih podataka o putovanju, uklju\u010duju\u0107i lokaciju plovila, brzinu i kurs.  <\/p>\n<\/div>\n<\/div>\n<\/div>\n<\/div>\n<\/div>\n<\/div>\n<\/div>\n<\/div>\n<\/div>\n<\/div>\n<\/div>\n<\/div>\n<p>E101V uklju\u010duje potrebni memorijski format od 64 GB u kompaktnom laganom <a href=\"https:\/\/oceansignal.com\/hr\/products\/safesea-epirb3-pro\/\">EPIRB<\/a> u koji \u0107e, kada se aktivira, kontinuirano oda\u0161iljati podatke o polo\u017eaju dulje od 168 sati.<\/p>\n<p>&nbsp;<\/p>\n<p>Ocean Signal E101V dostupan je na OEM osnovi odabranim VDR proizvo\u0111a\u010dima i dobavlja\u010dima za integraciju s njihovim VDR sustavima.<\/p>\n<p>&nbsp;<\/p>\n<p>&nbsp;<\/p>\n","protected":false},"excerpt":{"rendered":"<p>E101V Cospas Sarsat i MED odobrili su \ufb02oat free radio beacon za indikaciju polo\u017eaja u slu\u010daju nu\u017ede koji uklju\u010duje memorijsku kapsulu za snimanje podataka o putovanju prema zahtjevima IMO Rezolucije MSC.333(90).<\/p>\n<p>&nbsp;<\/p>\n<p><strong><em>E101V je samo OEM proizvod. Zainteresirani proizvo\u0111a\u010di VDR-a trebali bi izravno kontaktirati Ocean Signal za vi\u0161e informacija. <\/em><\/strong><\/p>\n<p>&nbsp;<\/p>\n<p>&nbsp;<\/p>\n","protected":false},"featured_media":19764,"template":"","meta":{"_acf_changed":false,"om_disable_all_campaigns":false},"product_brand":[],"product_cat":[350],"product_tag":[],"class_list":{"0":"post-7496","1":"product","2":"type-product","3":"status-publish","4":"has-post-thumbnail","6":"product_cat-prekinuti","8":"first","9":"instock","10":"taxable","11":"shipping-taxable","12":"product-type-simple"},"acf":[],"yoast_head":"<!-- This site is optimized with the Yoast SEO Premium plugin v25.2 (Yoast SEO v26.4) - https:\/\/yoast.com\/wordpress\/plugins\/seo\/ -->\n<title>E101V - Ocean Signal<\/title>\n<meta name=\"description\" content=\"Ocean Signal E101V VDR: Bitno snimanje pomorskih podataka za sigurnost plovila. Pobolj\u0161ajte pra\u0107enje putovanja i hitne reakcije.\" \/>\n<meta name=\"robots\" content=\"index, follow, max-snippet:-1, max-image-preview:large, max-video-preview:-1\" \/>\n<link rel=\"canonical\" href=\"https:\/\/oceansignal.com\/hr\/products\/e101v\/\" \/>\n<meta property=\"og:locale\" content=\"hr_HR\" \/>\n<meta property=\"og:type\" content=\"article\" \/>\n<meta property=\"og:title\" content=\"E101V\" \/>\n<meta property=\"og:description\" content=\"Ocean Signal E101V VDR: Bitno snimanje pomorskih podataka za sigurnost plovila. Pobolj\u0161ajte pra\u0107enje putovanja i hitne reakcije.\" \/>\n<meta property=\"og:url\" content=\"https:\/\/oceansignal.com\/hr\/products\/e101v\/\" \/>\n<meta property=\"og:site_name\" content=\"Ocean Signal\" \/>\n<meta property=\"article:modified_time\" content=\"2025-03-06T13:41:17+00:00\" \/>\n<meta property=\"og:image\" content=\"https:\/\/oceansignal.com\/wp-content\/uploads\/2023\/09\/EPIRB-VDR-in-Housing-1-687x1024-1.jpg\" \/>\n\t<meta property=\"og:image:width\" content=\"687\" \/>\n\t<meta property=\"og:image:height\" content=\"1024\" \/>\n\t<meta property=\"og:image:type\" content=\"image\/jpeg\" \/>\n<meta name=\"twitter:card\" content=\"summary_large_image\" \/>\n<meta name=\"twitter:label1\" content=\"Procijenjeno vrijeme \u010ditanja\" \/>\n\t<meta name=\"twitter:data1\" content=\"1 minuta\" \/>\n<script type=\"application\/ld+json\" class=\"yoast-schema-graph\">{\"@context\":\"https:\/\/schema.org\",\"@graph\":[{\"@type\":\"WebPage\",\"@id\":\"https:\/\/oceansignal.com\/hr\/products\/e101v\/\",\"url\":\"https:\/\/oceansignal.com\/hr\/products\/e101v\/\",\"name\":\"E101V - Ocean Signal\",\"isPartOf\":{\"@id\":\"https:\/\/oceansignal.com\/hr\/#website\"},\"primaryImageOfPage\":{\"@id\":\"https:\/\/oceansignal.com\/hr\/products\/e101v\/#primaryimage\"},\"image\":{\"@id\":\"https:\/\/oceansignal.com\/hr\/products\/e101v\/#primaryimage\"},\"thumbnailUrl\":\"https:\/\/oceansignal.com\/wp-content\/uploads\/2023\/09\/EPIRB-VDR-in-Housing-1-687x1024-1.jpg\",\"datePublished\":\"2023-09-08T13:27:28+00:00\",\"dateModified\":\"2025-03-06T13:41:17+00:00\",\"description\":\"Ocean Signal E101V VDR: Bitno snimanje pomorskih podataka za sigurnost plovila. Pobolj\u0161ajte pra\u0107enje putovanja i hitne reakcije.\",\"breadcrumb\":{\"@id\":\"https:\/\/oceansignal.com\/hr\/products\/e101v\/#breadcrumb\"},\"inLanguage\":\"hr\",\"potentialAction\":[{\"@type\":\"ReadAction\",\"target\":[\"https:\/\/oceansignal.com\/hr\/products\/e101v\/\"]}]},{\"@type\":\"ImageObject\",\"inLanguage\":\"hr\",\"@id\":\"https:\/\/oceansignal.com\/hr\/products\/e101v\/#primaryimage\",\"url\":\"https:\/\/oceansignal.com\/wp-content\/uploads\/2023\/09\/EPIRB-VDR-in-Housing-1-687x1024-1.jpg\",\"contentUrl\":\"https:\/\/oceansignal.com\/wp-content\/uploads\/2023\/09\/EPIRB-VDR-in-Housing-1-687x1024-1.jpg\",\"width\":687,\"height\":1024,\"caption\":\"Ocean Signal E101V 406 MHz snima\u010d podataka o putovanju koriste\u0107i Cospas-Sarsat\"},{\"@type\":\"BreadcrumbList\",\"@id\":\"https:\/\/oceansignal.com\/hr\/products\/e101v\/#breadcrumb\",\"itemListElement\":[{\"@type\":\"ListItem\",\"position\":1,\"name\":\"Prera\u0111evina\",\"item\":\"https:\/\/oceansignal.com\/hr\/preradevina\/\"},{\"@type\":\"ListItem\",\"position\":2,\"name\":\"E101V\"}]},{\"@type\":\"WebSite\",\"@id\":\"https:\/\/oceansignal.com\/hr\/#website\",\"url\":\"https:\/\/oceansignal.com\/hr\/\",\"name\":\"Ocean Signal\",\"description\":\"A leading manufacturer of EPIRBs, AIS, SARTs, Personal Locator Beacons, Man Overboard Beacon for the Marine and Outdoor Markets.\",\"potentialAction\":[{\"@type\":\"SearchAction\",\"target\":{\"@type\":\"EntryPoint\",\"urlTemplate\":\"https:\/\/oceansignal.com\/hr\/?s={search_term_string}\"},\"query-input\":{\"@type\":\"PropertyValueSpecification\",\"valueRequired\":true,\"valueName\":\"search_term_string\"}}],\"inLanguage\":\"hr\"}]}<\/script>\n<!-- \/ Yoast SEO Premium plugin. -->","yoast_head_json":{"title":"E101V - Ocean Signal","description":"Ocean Signal E101V VDR: Bitno snimanje pomorskih podataka za sigurnost plovila. Pobolj\u0161ajte pra\u0107enje putovanja i hitne reakcije.","robots":{"index":"index","follow":"follow","max-snippet":"max-snippet:-1","max-image-preview":"max-image-preview:large","max-video-preview":"max-video-preview:-1"},"canonical":"https:\/\/oceansignal.com\/hr\/products\/e101v\/","og_locale":"hr_HR","og_type":"article","og_title":"E101V","og_description":"Ocean Signal E101V VDR: Bitno snimanje pomorskih podataka za sigurnost plovila. Pobolj\u0161ajte pra\u0107enje putovanja i hitne reakcije.","og_url":"https:\/\/oceansignal.com\/hr\/products\/e101v\/","og_site_name":"Ocean Signal","article_modified_time":"2025-03-06T13:41:17+00:00","og_image":[{"width":687,"height":1024,"url":"https:\/\/oceansignal.com\/wp-content\/uploads\/2023\/09\/EPIRB-VDR-in-Housing-1-687x1024-1.jpg","type":"image\/jpeg"}],"twitter_card":"summary_large_image","twitter_misc":{"Procijenjeno vrijeme \u010ditanja":"1 minuta"},"schema":{"@context":"https:\/\/schema.org","@graph":[{"@type":"WebPage","@id":"https:\/\/oceansignal.com\/hr\/products\/e101v\/","url":"https:\/\/oceansignal.com\/hr\/products\/e101v\/","name":"E101V - Ocean Signal","isPartOf":{"@id":"https:\/\/oceansignal.com\/hr\/#website"},"primaryImageOfPage":{"@id":"https:\/\/oceansignal.com\/hr\/products\/e101v\/#primaryimage"},"image":{"@id":"https:\/\/oceansignal.com\/hr\/products\/e101v\/#primaryimage"},"thumbnailUrl":"https:\/\/oceansignal.com\/wp-content\/uploads\/2023\/09\/EPIRB-VDR-in-Housing-1-687x1024-1.jpg","datePublished":"2023-09-08T13:27:28+00:00","dateModified":"2025-03-06T13:41:17+00:00","description":"Ocean Signal E101V VDR: Bitno snimanje pomorskih podataka za sigurnost plovila. Pobolj\u0161ajte pra\u0107enje putovanja i hitne reakcije.","breadcrumb":{"@id":"https:\/\/oceansignal.com\/hr\/products\/e101v\/#breadcrumb"},"inLanguage":"hr","potentialAction":[{"@type":"ReadAction","target":["https:\/\/oceansignal.com\/hr\/products\/e101v\/"]}]},{"@type":"ImageObject","inLanguage":"hr","@id":"https:\/\/oceansignal.com\/hr\/products\/e101v\/#primaryimage","url":"https:\/\/oceansignal.com\/wp-content\/uploads\/2023\/09\/EPIRB-VDR-in-Housing-1-687x1024-1.jpg","contentUrl":"https:\/\/oceansignal.com\/wp-content\/uploads\/2023\/09\/EPIRB-VDR-in-Housing-1-687x1024-1.jpg","width":687,"height":1024,"caption":"Ocean Signal E101V 406 MHz snima\u010d podataka o putovanju koriste\u0107i Cospas-Sarsat"},{"@type":"BreadcrumbList","@id":"https:\/\/oceansignal.com\/hr\/products\/e101v\/#breadcrumb","itemListElement":[{"@type":"ListItem","position":1,"name":"Prera\u0111evina","item":"https:\/\/oceansignal.com\/hr\/preradevina\/"},{"@type":"ListItem","position":2,"name":"E101V"}]},{"@type":"WebSite","@id":"https:\/\/oceansignal.com\/hr\/#website","url":"https:\/\/oceansignal.com\/hr\/","name":"Ocean Signal","description":"A leading manufacturer of EPIRBs, AIS, SARTs, Personal Locator Beacons, Man Overboard Beacon for the Marine and Outdoor Markets.","potentialAction":[{"@type":"SearchAction","target":{"@type":"EntryPoint","urlTemplate":"https:\/\/oceansignal.com\/hr\/?s={search_term_string}"},"query-input":{"@type":"PropertyValueSpecification","valueRequired":true,"valueName":"search_term_string"}}],"inLanguage":"hr"}]}},"_links":{"self":[{"href":"https:\/\/oceansignal.com\/hr\/wp-json\/wp\/v2\/product\/7496","targetHints":{"allow":["GET"]}}],"collection":[{"href":"https:\/\/oceansignal.com\/hr\/wp-json\/wp\/v2\/product"}],"about":[{"href":"https:\/\/oceansignal.com\/hr\/wp-json\/wp\/v2\/types\/product"}],"wp:featuredmedia":[{"embeddable":true,"href":"https:\/\/oceansignal.com\/hr\/wp-json\/wp\/v2\/media\/19764"}],"wp:attachment":[{"href":"https:\/\/oceansignal.com\/hr\/wp-json\/wp\/v2\/media?parent=7496"}],"wp:term":[{"taxonomy":"product_brand","embeddable":true,"href":"https:\/\/oceansignal.com\/hr\/wp-json\/wp\/v2\/product_brand?post=7496"},{"taxonomy":"product_cat","embeddable":true,"href":"https:\/\/oceansignal.com\/hr\/wp-json\/wp\/v2\/product_cat?post=7496"},{"taxonomy":"product_tag","embeddable":true,"href":"https:\/\/oceansignal.com\/hr\/wp-json\/wp\/v2\/product_tag?post=7496"}],"curies":[{"name":"wp","href":"https:\/\/api.w.org\/{rel}","templated":true}]}}