{"id":7741,"date":"2023-07-11T19:29:27","date_gmt":"2023-07-11T19:29:27","guid":{"rendered":"https:\/\/oceansignal.com\/products\/safesea-epirb3-pro\/"},"modified":"2026-01-21T19:49:19","modified_gmt":"2026-01-21T19:49:19","slug":"safesea-epirb3-pro","status":"publish","type":"product","link":"https:\/\/oceansignal.com\/hr\/products\/safesea-epirb3-pro\/","title":{"rendered":"safeSEA EPIRB3 Pro"},"content":{"rendered":"<p>Sa\u017eetak:<\/p>\n<p>Novi Ocean Signal EPIRB3 Pro je potpuno opremljeni globalni spasila\u010dki radio-oda\u0161ilja\u010d od 406 MHz koji dolazi s automatskim nosa\u010dem bez pluta\u010da i sadr\u017ei mno\u0161tvo zna\u010dajki u kompaktnom modernom dizajnu koji uklju\u010duje AIS tehnologiju. AIS pru\u017ea lokalnim spasiocima precizne i pouzdane informacije o trenutnom polo\u017eaju radio-oda\u0161ilja\u010da, \u010dime se ubrzavaju operacije spa\u0161avanja. Osim toga, Return Link Service (RLS) pru\u017ea udobnost onima koji aktiviraju radio-oda\u0161ilja\u010d potvr\u0111uju\u0107i da je njihova poruka o nevolji primljena. Uklju\u010divanje mogu\u0107nosti komunikacije bliskog polja (NFC) omogu\u0107uje kori\u0161tenje aplikacije za pametne telefone za pra\u0107enje baterije EPIRB a i drugih funkcija osiguravaju\u0107i njegov ispravan rad. Svojim tankim dizajnom i naprednim zna\u010dajkama, EPIRB3 Pro idealan je za razne pomorce, bez obzira krstare li Mediteranom, kre\u0107u li se kroz moreuz, pecaju, rade ili plove na otvorenom moru.    <\/p>\n<p>Predlo\u017eeni blog: <a href=\"https:\/\/oceansignal.com\/hr\/news\/sto-je-radio-svjetionik-koji-oznacava-polozaj-u-nuzdi-ili-epirb\/\">\u0160to je EPRIB<\/a><\/p>\n<p>Opis:<\/p>\n<p>Ocean Signal -ov novi EPIRB3 Pro (Emergency Positioning Radio Beacon) pove\u0107ava pouzdanost i olak\u0161ava operacije spa\u0161avanja s novim naprednim zna\u010dajkama. Ovaj novi EPIRB oda\u0161ilje digitalni signal za pomo\u0107 na 406 MHz obavje\u0161tavaju\u0107i spasioce diljem svijeta putem satelita i lokalno emitira VHF signale Automatskog identifikacijskog sustava (AIS) kako bi pomogao spasiocima da br\u017ee prona\u0111u svjetionik. Nakon aktiviranja, EPIRB3 Pro oda\u0161ilje signal za pomo\u0107 globalnom satelitskom sustavu za spa\u0161avanje <a href=\"https:\/\/www.cospas-sarsat.int\/en\/\">Cospas-Sarsat<\/a> i istovremeno \u0161alje AIS upozorenje na VHF frekvencijama koje odmah mo\u017ee vidjeti bilo koje obli\u017enje plovilo opremljeno AIS-om. Usluga povratne veze (RLS) pru\u017ea vizualnu potvrdu korisniku da je primljena njegova poruka o nevolji. Kombinacija AIS-a, signala za navo\u0111enje od 121,5 MHz i vidljivih i infracrvenih stroboskopskih svjetala ubrzava vrijeme oporavka omogu\u0107uju\u0107i spasiocima da to\u010dno odrede lokaciju svjetionika, \u010dak i ako je zalutao, bez obzira na doba dana ili no\u0107i. Komunikacija bliskog polja (NFC) je izvrsna nova zna\u010dajka koja korisnicima omogu\u0107uje pra\u0107enje EPIRB3 Pro pomo\u0107u besplatne mobilne aplikacije za pametne telefone, osiguravaju\u0107i da baterija ima dovoljno snage i da svjetionik ispravno funkcionira prije polaska.     <\/p>\n<p>&nbsp;<\/p>\n<p>Napredna tehnologija pomorske sigurnosti i spa\u0161avanja tvrtke Ocean Signal u novom EPIRB3 Pro s AIS-om kombinira inovativne nove zna\u010dajke u kompaktnom, ergonomski dizajniranom ku\u0107i\u0161tu koje je idealno za sve vrste i veli\u010dine rekreacijskih i komercijalnih plovila.<\/p>\n<p>&nbsp;<\/p>\n<p><strong>Vrijeme spa\u0161avanja mo\u017ee se pobolj\u0161ati globalnom aktivacijom u kombinaciji s AIS lokalnim emitiranjem svjetionika.<\/strong><\/p>\n<p>&nbsp;<\/p>\n<p>EPIRB3 Pro koristi GNSS (GPS, Galileo, Glonass) mre\u017ee za pozicioniranje kako bi odredio svoju lokaciju globalno. Kada se svjetionik aktivira, prijenos u slu\u010daju opasnosti od 406 MHz prenosi ovu GPS EPIRB (GPIRB) poziciju, to\u010dnu unutar 100 metara, svjetskoj satelitskoj mre\u017ei za potragu i spa\u0161avanje Cospas-Sarsat. Zemaljske stanice povezane sa satelitskim sustavom primaju EPIRB identifikaciju i informacije o polo\u017eaju raspore\u0111ivanja kako bi se operacije spa\u0161avanja mogle koordinirati i pokrenuti. S naprednom AIS tehnologijom koja je sada ugra\u0111ena u EPIRB , odmah nakon aktivacije, svjetionik po\u010dinje oda\u0161iljati AIS signale tako da su obli\u017enja plovila opremljena AIS-om odmah obavije\u0161tena o situaciji s nevoljom i dobivaju lokaciju svjetionika. Plovila opremljena AIS-om unutar VHF dometa vidjet \u0107e sigurnosnu poruku na svojim ekranima koja uklju\u010duje MMSI identifikaciju plovila. Lokalna plovila mogu odmah zapo\u010deti operacije spa\u0161avanja i spa\u0161avanja, potencijalno ubrzavaju\u0107i vrijeme spa\u0161avanja i spa\u0161avaju\u0107i \u017eivote. Budu\u0107i da se AIS cilj prikazuje na brodskom zaslonu bilo kojeg obli\u017enjeg plovila opremljenog AIS-om, mogu lako navigirati izravno do EPIRB odabirom AIS cilja. \u010cak i kada nisu dostupna lokalna plovila, AIS \u0107e ubrzati vrijeme spa\u0161avanja omogu\u0107uju\u0107i pomorskim SAR operaterima da precizno odrede lokaciju EPIRB -a dok se pribli\u017eavaju. Kombinacija globalnog satelitskog poziva u nevolji, preciznog prijenosa lokacije GPIRB-a i lokalnih AIS sigurnosnih poruka uvelike \u0107e pobolj\u0161ati vrijeme spa\u0161avanja i uspjeh.        <\/p>\n<p>&nbsp;<\/p>\n<p><strong>Near Field Communication (NFC) pru\u017ea EPIRB dijagnostiku pomo\u0107u pametnog telefona.<\/strong><\/p>\n<p>&nbsp;<\/p>\n<p>Korisnici beacon-a sada mogu provjeriti svoj EPIRB povezivanjem pametnog telefona s njim putem <a href=\"https:\/\/www.youtube.com\/watch?v=MRXLii6r3n4&amp;t=35s\">NFC-a (Near Field Communication)<\/a> . Ova tehnologija povezuje pametni telefon postavljen uz EPIRB3 automatskim pokretanjem besplatne aplikacije Ocean Signal Product. U aplikaciji je dostupna potpuna dijagnostika koja korisniku prikazuje trenutno trajanje baterije, broj dovr\u0161enih samotestiranja, broj dovr\u0161enih GNSS testova i koliko dugo je EPIRB aktiviran. Detaljne informacije, uklju\u010duju\u0107i prikaz karte koja pokazuje gdje je proveden GNSS test, datum i vrijeme testa, vrijeme potrebno EPIRB-u da odredi GNSS koordinate, broj satelita kori\u0161tenih za dobivanje te lokacije i to\u010dnost lokacije, sve je prakti\u010dno prikazano. Besplatna mobilna aplikacija i NFC funkcionalnost tvrtke Ocean Signal pru\u017eaju korisnicima sve potrebne informacije kako bi potvrdili da je njihov EPIRB u potpunosti funkcionalan i spreman za kori\u0161tenje u slu\u010daju nu\u017ede.<\/p>\n<p>&nbsp;<\/p>\n<p><strong>Prakti\u010dna usluga povratne veze (RLS) govori korisnicima da je njihov poziv u pomo\u0107 primljen.<\/strong><\/p>\n<p>&nbsp;<\/p>\n<p>EPIRB-ovi se koriste u vrijeme nevolje, a spasila\u010dke operacije mogu potrajati, posebno ako se plovilo u nevolji nalazi daleko od obale. EPIRB3 Pro opremljen je uslugom povratne veze koja obavje\u0161tava korisnike da je signal za pomo\u0107 od radio-svjetionika poslan. RLS signal \u0161alje se natrag putem <a href=\"https:\/\/www.euspa.europa.eu\/european-space\/galileo\/services\/search-and-rescue-sar-galileo-service\">satelitske mre\u017ee Galileo<\/a> kako bi se potvrdilo da je primljena poruka o nevolji, zajedno s preciznom lokacijom EPIRB i identifikatorima. Jednostavno trep\u0107u\u0107e plavo svjetlo obavje\u0161tava korisnike da se EPIRB uspje\u0161no povezao putem satelitske mre\u017ee i da \u0107e spasioci biti obavije\u0161teni. Znanje da je digitalni poziv u pomo\u0107 uspje\u0161no komuniciran, zajedno s identifikacijom EPIRB i lokacijom radio-svjetionika, poma\u017ee onima u nevolji da ostanu mirni dok \u010dekaju spasila\u010dke operacije.    <\/p>\n<p>&nbsp;<\/p>\n<p><strong>Monta\u017eni nosa\u010d<\/strong><\/p>\n<p>&nbsp;<\/p>\n<p>EPIRB3 Pro dolazi s nosa\u010dem za monta\u017eu kategorije jedan s automatskim otpu\u0161tanjem i bez plutanja. Ovaj nosa\u010d sigurno pohranjuje EPIRB3 Pro tijekom cijelog putovanja, bez obzira na uvjete tijekom putovanja. Tako\u0111er pru\u017ea najbolju mogu\u0107nost aktiviranja u nevolji kada je \u010dlanu posade te\u0161ko do\u0107i do EPIRB .  <\/p>\n<p>Ocean Signal koristi naprednu tehnologiju i kvalitetne proizvodne procese za razvoj i proizvodnju kvalitetnih elektroni\u010dkih ure\u0111aja za spa\u0161avanje i drugih proizvoda za spa\u0161avanje \u017eivota. Novi EPIRB3 Pro sa svojim konturnim profilom jednako je prikladan i za jedrilice i za motorne brodove. I rekreacijski i komercijalni korisnici mogu biti sigurni da zna\u010dajke ovog novog EPIRB pru\u017eaju najve\u0107u \u0161ansu za u\u010dinkovito i uspje\u0161no spa\u0161avanje bez obzira kamo idu. Mno\u0161tvo visokotehnolo\u0161kih zna\u010dajki u EPIRB3 Pro kombinira se s jedinstvenim dizajnom koji omogu\u0107uje u\u010dinkovitu upotrebu na svim vrstama plovila, bez obzira rade li ili se igraju blizu obale, na otvorenom moru ili putuju svijetom.   <\/p>\n<p>Za verziju priru\u010dnika kategorije 2: <a href=\"https:\/\/oceansignal.com\/products\/safesea-epirb3-pro\/\">rescueME EPIRB3<\/a><\/p>\n<p><strong>Zna\u010dajkama:<\/strong><\/p>\n<p>&nbsp;<\/p>\n<ul>\n<li>Odobreno za uporabu na plovilima Konvencije SOLAS<\/li>\n<li>30% (tip) manji<\/li>\n<li>AIS upozorenje za pomo\u0107<\/li>\n<li>Usluga povratne veze (RLS)<\/li>\n<li>Mobilna povezivost pomo\u0107u NFC komunikacije bliskog polja (NFC)<\/li>\n<li>Besplatna aplikacija (Apple i Android)<\/li>\n<li>10 godina trajanja baterije<\/li>\n<li>48+ sati radnog vijeka<\/li>\n<li>2 godine jamstva (mo\u017ee se produljiti jamstvo na 5 godina putem registracije proizvoda kod Ocean Signal )<\/li>\n<li>Brzo i precizno pozicioniranje sa 72-kanalnim GPS-om<\/li>\n<li>Kategorija I s automatskim otpu\u0161tanjem slobodnog plutaju\u0107eg nosa\u010da<\/li>\n<li>Sigurna vrpca<\/li>\n<\/ul>\n<p>&nbsp;<\/p>\n","protected":false},"excerpt":{"rendered":"<p>Na\u0161 sveobuhvatni globalni svjetionik za spa\u0161avanje od 406 MHz koji dolazi s automatskim otpu\u0161taju\u0107im slobodnim nosa\u010dem<\/p>\n<ul>\n<li>Odobreno za uporabu na plovilima Konvencije SOLAS<\/li>\n<li>30% (tip) manji<\/li>\n<li>AIS upozorenje za pomo\u0107<\/li>\n<li>Usluga povratne veze (RLS)<\/li>\n<li>Mobilna povezivost pomo\u0107u NFC komunikacije bliskog polja (NFC)<\/li>\n<li>Besplatna aplikacija (Apple i Android)<\/li>\n<li>10 godina trajanja baterije<\/li>\n<li>48+ sati radnog vijeka<\/li>\n<li>2 godine jamstva (mo\u017ee se produljiti jamstvo na 5 godina putem registracije proizvoda kod Ocean Signal )<\/li>\n<li>Brzo i precizno pozicioniranje sa 72-kanalnim GPS-om<\/li>\n<li>Kategorija I s automatskim otpu\u0161tanjem slobodnog plutaju\u0107eg nosa\u010da<\/li>\n<li>Sigurna vrpca<\/li>\n<\/ul>\n<p><a href=\"https:\/\/www.dropbox.com\/s\/8343nj28z0d7bxa\/Prop%2065%20-%20BPA.pdf?dl=0\" data-cke-saved-href=\"https:\/\/www.dropbox.com\/s\/8343nj28z0d7bxa\/Prop%2065%20-%20BPA.pdf?dl=0\">UPOZORENJE: PROP 65<\/a><\/p>\n<p>&nbsp;<\/p>\n","protected":false},"featured_media":11979,"template":"","meta":{"_acf_changed":false,"om_disable_all_campaigns":false},"product_brand":[],"product_cat":[704,334],"product_tag":[530,705,1004,1005,706,1007,707,1006],"class_list":{"0":"post-7741","1":"product","2":"type-product","3":"status-publish","4":"has-post-thumbnail","6":"product_cat-epirb-hr","7":"product_cat-safesea-hr","8":"product_tag-ais-hr","9":"product_tag-epirb-hr","10":"product_tag-epirb3-pro-hr","11":"product_tag-jedinica-za-hidrostaticko-otpustanje","12":"product_tag-nfc-hr","13":"product_tag-pozicijski-svjetionik-za-spasavanje-u-slucaju-nuzde","14":"product_tag-rls-hr","15":"product_tag-usluga-povratne-veze","17":"first","18":"instock","19":"taxable","20":"shipping-taxable","21":"purchasable","22":"product-type-simple"},"acf":[],"yoast_head":"<!-- This site is optimized with the Yoast SEO Premium plugin v25.2 (Yoast SEO v26.4) - https:\/\/yoast.com\/wordpress\/plugins\/seo\/ -->\n<title>safeSEA EPIRB3 Pro - Ocean Signal<\/title>\n<meta name=\"description\" content=\"Ocean Signal safeSEA EPIRB3 Pro : Napredni GMDSS radio-far za ozna\u010davanje polo\u017eaja u nu\u017edi s AIS-om za SOLAS i rekreacijska plovila. Kupite odmah\" \/>\n<meta name=\"robots\" content=\"index, follow, max-snippet:-1, max-image-preview:large, max-video-preview:-1\" \/>\n<link rel=\"canonical\" href=\"https:\/\/oceansignal.com\/hr\/products\/safesea-epirb3-pro\/\" \/>\n<meta property=\"og:locale\" content=\"hr_HR\" \/>\n<meta property=\"og:type\" content=\"article\" \/>\n<meta property=\"og:title\" content=\"safeSEA EPIRB3 Pro\" \/>\n<meta property=\"og:description\" content=\"Ocean Signal safeSEA EPIRB3 Pro : Napredni GMDSS radio-far za ozna\u010davanje polo\u017eaja u nu\u017edi s AIS-om za SOLAS i rekreacijska plovila. Kupite odmah\" \/>\n<meta property=\"og:url\" content=\"https:\/\/oceansignal.com\/hr\/products\/safesea-epirb3-pro\/\" \/>\n<meta property=\"og:site_name\" content=\"Ocean Signal\" \/>\n<meta property=\"article:modified_time\" content=\"2026-01-21T19:49:19+00:00\" \/>\n<meta property=\"og:image\" content=\"https:\/\/oceansignal.com\/wp-content\/uploads\/2023\/07\/EPIRB3-Pro.png\" \/>\n\t<meta property=\"og:image:width\" content=\"800\" \/>\n\t<meta property=\"og:image:height\" content=\"800\" \/>\n\t<meta property=\"og:image:type\" content=\"image\/png\" \/>\n<meta name=\"twitter:card\" content=\"summary_large_image\" \/>\n<meta name=\"twitter:label1\" content=\"Procijenjeno vrijeme \u010ditanja\" \/>\n\t<meta name=\"twitter:data1\" content=\"6 minuta\" \/>\n<script type=\"application\/ld+json\" class=\"yoast-schema-graph\">{\"@context\":\"https:\/\/schema.org\",\"@graph\":[{\"@type\":\"WebPage\",\"@id\":\"https:\/\/oceansignal.com\/hr\/products\/safesea-epirb3-pro\/\",\"url\":\"https:\/\/oceansignal.com\/hr\/products\/safesea-epirb3-pro\/\",\"name\":\"safeSEA EPIRB3 Pro - Ocean Signal\",\"isPartOf\":{\"@id\":\"https:\/\/oceansignal.com\/hr\/#website\"},\"primaryImageOfPage\":{\"@id\":\"https:\/\/oceansignal.com\/hr\/products\/safesea-epirb3-pro\/#primaryimage\"},\"image\":{\"@id\":\"https:\/\/oceansignal.com\/hr\/products\/safesea-epirb3-pro\/#primaryimage\"},\"thumbnailUrl\":\"https:\/\/oceansignal.com\/wp-content\/uploads\/2023\/07\/EPIRB3-Pro.png\",\"datePublished\":\"2023-07-11T19:29:27+00:00\",\"dateModified\":\"2026-01-21T19:49:19+00:00\",\"description\":\"Ocean Signal safeSEA EPIRB3 Pro : Napredni GMDSS radio-far za ozna\u010davanje polo\u017eaja u nu\u017edi s AIS-om za SOLAS i rekreacijska plovila. Kupite odmah\",\"breadcrumb\":{\"@id\":\"https:\/\/oceansignal.com\/hr\/products\/safesea-epirb3-pro\/#breadcrumb\"},\"inLanguage\":\"hr\",\"potentialAction\":[{\"@type\":\"ReadAction\",\"target\":[\"https:\/\/oceansignal.com\/hr\/products\/safesea-epirb3-pro\/\"]}]},{\"@type\":\"ImageObject\",\"inLanguage\":\"hr\",\"@id\":\"https:\/\/oceansignal.com\/hr\/products\/safesea-epirb3-pro\/#primaryimage\",\"url\":\"https:\/\/oceansignal.com\/wp-content\/uploads\/2023\/07\/EPIRB3-Pro.png\",\"contentUrl\":\"https:\/\/oceansignal.com\/wp-content\/uploads\/2023\/07\/EPIRB3-Pro.png\",\"width\":800,\"height\":800},{\"@type\":\"BreadcrumbList\",\"@id\":\"https:\/\/oceansignal.com\/hr\/products\/safesea-epirb3-pro\/#breadcrumb\",\"itemListElement\":[{\"@type\":\"ListItem\",\"position\":1,\"name\":\"Prera\u0111evina\",\"item\":\"https:\/\/oceansignal.com\/hr\/preradevina\/\"},{\"@type\":\"ListItem\",\"position\":2,\"name\":\"safeSEA EPIRB3 Pro\"}]},{\"@type\":\"WebSite\",\"@id\":\"https:\/\/oceansignal.com\/hr\/#website\",\"url\":\"https:\/\/oceansignal.com\/hr\/\",\"name\":\"Ocean Signal\",\"description\":\"A leading manufacturer of EPIRBs, AIS, SARTs, Personal Locator Beacons, Man Overboard Beacon for the Marine and Outdoor Markets.\",\"potentialAction\":[{\"@type\":\"SearchAction\",\"target\":{\"@type\":\"EntryPoint\",\"urlTemplate\":\"https:\/\/oceansignal.com\/hr\/?s={search_term_string}\"},\"query-input\":{\"@type\":\"PropertyValueSpecification\",\"valueRequired\":true,\"valueName\":\"search_term_string\"}}],\"inLanguage\":\"hr\"}]}<\/script>\n<!-- \/ Yoast SEO Premium plugin. -->","yoast_head_json":{"title":"safeSEA EPIRB3 Pro - Ocean Signal","description":"Ocean Signal safeSEA EPIRB3 Pro : Napredni GMDSS radio-far za ozna\u010davanje polo\u017eaja u nu\u017edi s AIS-om za SOLAS i rekreacijska plovila. Kupite odmah","robots":{"index":"index","follow":"follow","max-snippet":"max-snippet:-1","max-image-preview":"max-image-preview:large","max-video-preview":"max-video-preview:-1"},"canonical":"https:\/\/oceansignal.com\/hr\/products\/safesea-epirb3-pro\/","og_locale":"hr_HR","og_type":"article","og_title":"safeSEA EPIRB3 Pro","og_description":"Ocean Signal safeSEA EPIRB3 Pro : Napredni GMDSS radio-far za ozna\u010davanje polo\u017eaja u nu\u017edi s AIS-om za SOLAS i rekreacijska plovila. Kupite odmah","og_url":"https:\/\/oceansignal.com\/hr\/products\/safesea-epirb3-pro\/","og_site_name":"Ocean Signal","article_modified_time":"2026-01-21T19:49:19+00:00","og_image":[{"width":800,"height":800,"url":"https:\/\/oceansignal.com\/wp-content\/uploads\/2023\/07\/EPIRB3-Pro.png","type":"image\/png"}],"twitter_card":"summary_large_image","twitter_misc":{"Procijenjeno vrijeme \u010ditanja":"6 minuta"},"schema":{"@context":"https:\/\/schema.org","@graph":[{"@type":"WebPage","@id":"https:\/\/oceansignal.com\/hr\/products\/safesea-epirb3-pro\/","url":"https:\/\/oceansignal.com\/hr\/products\/safesea-epirb3-pro\/","name":"safeSEA EPIRB3 Pro - Ocean Signal","isPartOf":{"@id":"https:\/\/oceansignal.com\/hr\/#website"},"primaryImageOfPage":{"@id":"https:\/\/oceansignal.com\/hr\/products\/safesea-epirb3-pro\/#primaryimage"},"image":{"@id":"https:\/\/oceansignal.com\/hr\/products\/safesea-epirb3-pro\/#primaryimage"},"thumbnailUrl":"https:\/\/oceansignal.com\/wp-content\/uploads\/2023\/07\/EPIRB3-Pro.png","datePublished":"2023-07-11T19:29:27+00:00","dateModified":"2026-01-21T19:49:19+00:00","description":"Ocean Signal safeSEA EPIRB3 Pro : Napredni GMDSS radio-far za ozna\u010davanje polo\u017eaja u nu\u017edi s AIS-om za SOLAS i rekreacijska plovila. Kupite odmah","breadcrumb":{"@id":"https:\/\/oceansignal.com\/hr\/products\/safesea-epirb3-pro\/#breadcrumb"},"inLanguage":"hr","potentialAction":[{"@type":"ReadAction","target":["https:\/\/oceansignal.com\/hr\/products\/safesea-epirb3-pro\/"]}]},{"@type":"ImageObject","inLanguage":"hr","@id":"https:\/\/oceansignal.com\/hr\/products\/safesea-epirb3-pro\/#primaryimage","url":"https:\/\/oceansignal.com\/wp-content\/uploads\/2023\/07\/EPIRB3-Pro.png","contentUrl":"https:\/\/oceansignal.com\/wp-content\/uploads\/2023\/07\/EPIRB3-Pro.png","width":800,"height":800},{"@type":"BreadcrumbList","@id":"https:\/\/oceansignal.com\/hr\/products\/safesea-epirb3-pro\/#breadcrumb","itemListElement":[{"@type":"ListItem","position":1,"name":"Prera\u0111evina","item":"https:\/\/oceansignal.com\/hr\/preradevina\/"},{"@type":"ListItem","position":2,"name":"safeSEA EPIRB3 Pro"}]},{"@type":"WebSite","@id":"https:\/\/oceansignal.com\/hr\/#website","url":"https:\/\/oceansignal.com\/hr\/","name":"Ocean Signal","description":"A leading manufacturer of EPIRBs, AIS, SARTs, Personal Locator Beacons, Man Overboard Beacon for the Marine and Outdoor Markets.","potentialAction":[{"@type":"SearchAction","target":{"@type":"EntryPoint","urlTemplate":"https:\/\/oceansignal.com\/hr\/?s={search_term_string}"},"query-input":{"@type":"PropertyValueSpecification","valueRequired":true,"valueName":"search_term_string"}}],"inLanguage":"hr"}]}},"_links":{"self":[{"href":"https:\/\/oceansignal.com\/hr\/wp-json\/wp\/v2\/product\/7741","targetHints":{"allow":["GET"]}}],"collection":[{"href":"https:\/\/oceansignal.com\/hr\/wp-json\/wp\/v2\/product"}],"about":[{"href":"https:\/\/oceansignal.com\/hr\/wp-json\/wp\/v2\/types\/product"}],"wp:featuredmedia":[{"embeddable":true,"href":"https:\/\/oceansignal.com\/hr\/wp-json\/wp\/v2\/media\/11979"}],"wp:attachment":[{"href":"https:\/\/oceansignal.com\/hr\/wp-json\/wp\/v2\/media?parent=7741"}],"wp:term":[{"taxonomy":"product_brand","embeddable":true,"href":"https:\/\/oceansignal.com\/hr\/wp-json\/wp\/v2\/product_brand?post=7741"},{"taxonomy":"product_cat","embeddable":true,"href":"https:\/\/oceansignal.com\/hr\/wp-json\/wp\/v2\/product_cat?post=7741"},{"taxonomy":"product_tag","embeddable":true,"href":"https:\/\/oceansignal.com\/hr\/wp-json\/wp\/v2\/product_tag?post=7741"}],"curies":[{"name":"wp","href":"https:\/\/api.w.org\/{rel}","templated":true}]}}