{"id":7778,"date":"2023-09-07T14:09:53","date_gmt":"2023-09-07T14:09:53","guid":{"rendered":"https:\/\/oceansignal.com\/products\/rescueme-plb3\/"},"modified":"2026-03-26T11:52:02","modified_gmt":"2026-03-26T11:52:02","slug":"rescueme-plb3","status":"publish","type":"product","link":"https:\/\/oceansignal.com\/hr\/products\/rescueme-plb3\/","title":{"rendered":"rescueME PLB3"},"content":{"rendered":"<p class=\"ai-optimize-42 ai-optimize-introduction\">Predstavljamo <a href=\"https:\/\/oceansignal.com\/hr\/news\/ocean-signal-osvaja-nagradu-za-ukupni-dizajn-dame-2022-za-osobni-lokator-svjetionik-rescueme-plb3-ais\/\">nagra\u0111ivani<\/a> Ocean Signal rescueME PLB3 AIS Personal Locator Beacon, sada besplatnu mobilnu aplikaciju. PLB3 oda\u0161ilje preko svjetskog satelitskog sustava <a href=\"https:\/\/www.cospas-sarsat.int\/en\/\">Cospas Sarsat<\/a> koji uklju\u010duje 3 razli\u010dite konstelacije kako bi se osiguralo da va\u0161 signal za pomo\u0107 od 406 MHz odmah stigne do globalne mre\u017ee snaga za potragu i spa\u0161avanje s va\u0161om lokacijom to\u010dnom unutar 100 metara. S vi\u0161estrukim razinama integrirane signalne tehnologije uklju\u010duju\u0107i 406 MHz i GNSS (GPS, <a href=\"https:\/\/www.euspa.europa.eu\/european-space\/galileo\/services\/search-and-rescue-sar-galileo-service\">Galileo<\/a> , Glonass) pozicioniranje, PLB3 tako\u0111er oda\u0161ilje signal za samonavo\u0111enje od 121,5 MHz koji vodi usluge potrage i spa\u0161avanja do trenutne lokacije lokatora kada stignu na mjesto doga\u0111aja, budu\u0107i da je lokator mo\u017eda skrenuo s izvorno odaslanog polo\u017eaja. Dodavanje AIS (Automatic Identification System) prijenosa zna\u010di da PLB3 AIS Personal Locator Beacon istovremeno upozorava sva plovila opremljena AIS transponderima unutar VHF radijskog dometa o poziciji za pomo\u0107 PLB -a. Ovo uvelike pove\u0107ava i vjerojatnost i brzinu spa\u0161avanja budu\u0107i da obli\u017enja plovila primaju upozorenja. Odmah nakon postavljanja fara, AIS sigurnosna poruka ili MOB alarm s MMSI-om i lokacijom fara prikazuje se na bilo kojem AIS zaslonu u dometu. To olak\u0161ava obli\u017enjim plovilima da se usmjere na far budu\u0107i da je to aktivna AIS meta na njihovim zaslonima.      <\/p>\n<p class=\"ai-optimize-44\">PLB3 \u0107e osvijetliti put kad spasioci stignu na lice mjesta s bijelim vidljivim stroboskopom i infracrvenim stroboskopom pru\u017eaju\u0107i spasiocima vizualnu referencu koja im je potrebna tijekom no\u0107nih ili drugih operacija spa\u0161avanja pri slaboj vidljivosti.<\/p>\n<p class=\"ai-optimize-45\"><strong>Povezivanje pametnog telefona pomo\u0107u NFC komunikacije bliskog polja (NFC)<\/strong><\/p>\n<p class=\"ai-optimize-46\">Integracija <a href=\"https:\/\/www.youtube.com\/watch?v=MRXLii6r3n4\">NFC tehnologije<\/a> pru\u017ea korisnicima mogu\u0107nost prikladnog pristupa beacon podacima sa svojih mobilnih telefona. Jednostavan \u010din postavljanja telefona u blizinu svjetionika automatski otvara aplikaciju proizvoda Ocean Signal i omogu\u0107uje pristup mno\u0161tvu podataka o kori\u0161tenju, uklju\u010duju\u0107i trenuta\u010dno trajanje baterije, broj dovr\u0161enih samotestiranja, broj dovr\u0161enih GNSS testova i, ako je primjenjivo, vrijeme u kojem je beacon bio aktiviran. Detaljne informacije o svakom samotestiranju i testu GNSS-a koje provodi beacon tako\u0111er su dostupne po \u017eelji. Za svaki uspje\u0161an GNSS test, korisnici mogu vidjeti kartu koja prikazuje to\u010dno gdje je test obavljen, datum i vrijeme testa, vrijeme koje je lokatoru trebalo da fiksira va\u0161e GNSS koordinate, broj satelita koje je lokator upotrijebio da dobije taj fiks i to\u010dnost lokacije.   <\/p>\n<p class=\"ai-optimize-47\"><strong> <\/strong><\/p>\n<p class=\"ai-optimize-48\"><strong>Usluga povratne veze<\/strong><\/p>\n<p class=\"ai-optimize-49\">Return Link Service ili RLS funkcija radi kada Search and Rescue \u0161alje signal natrag kroz <a href=\"https:\/\/www.euspa.europa.eu\/european-space\/galileo\/services\/search-and-rescue-sar-galileo-service\">satelitsku mre\u017eu Galileo<\/a> kako bi potvrdio korisniku signala da je njegova poruka u nevolji primljena i da je njihova lokacija otkrivena. Korisni\u010dka potvrda je jasno nazna\u010dena treptaju\u0107im plavim svjetlom na PLB3 . Uz uklju\u010divanje sveobuhvatnog skupa zna\u010dajki, PLB3 AIS osobni lokator je napravljen za udobnost. U\u017eivajte u miru znaju\u0107i da je va\u0161a poruka u nevolji uspje\u0161no isporu\u010dena i da je pomo\u0107 na putu.   <\/p>\n<p>&nbsp;<\/p>\n<p class=\"ai-optimize-50\"><strong>Integracija prsluka za spa\u0161avanje<\/strong><\/p>\n<p class=\"ai-optimize-51\">PLB3 je dizajniran za ugradnju unutar prsluka za spa\u0161avanje i aktiviranje nakon napuhavanja prsluka (poluautomatski). <a href=\"https:\/\/www.youtube.com\/watch?v=eeTKOFMkfxM\">Instalacija je jednostavna<\/a> upotrebom uklju\u010dene kop\u010de cijevi za oralno napuhavanje za pri\u010dvr\u0161\u0107ivanje PLB3 na prsluk za spa\u0161avanje pomo\u0107u vrpce spojene oko mjehura prsluka za spa\u0161avanje. Jednom kada se pravilno postavi, napuhavanje prsluka za spa\u0161avanje pokre\u0107e aktiviranje antene i aktivaciju svjetionika. <\/p>\n<p class=\"ai-optimize-36\"><strong>Preporu\u010duje se konzultacija s proizvo\u0111a\u010dem prsluka za spa\u0161avanje prije ugradnje, jer odre\u0111eni modeli mogu imati vlastite preferirane na\u010dine postavljanja ili preporuke za integraciju.<\/strong><\/p>\n<p class=\"ai-optimize-52\">Korisnici koji ne \u017eele instalirati PLB3 unutar prsluka za spa\u0161avanje imaju opciju kori\u0161tenja prilo\u017eene kop\u010de za remen za pri\u010dvr\u0161\u0107ivanje svjetionika na pojas odgovaraju\u0107e veli\u010dine ili za remen inherentno plutaju\u0107eg prsluka za spa\u0161avanje.<\/p>\n<p>&nbsp;<\/p>\n<p class=\"ai-optimize-53\"><strong>Zna\u010dajkama:<\/strong><\/p>\n<ul>\n<li class=\"ai-optimize-54\">Nije potrebna pretplata<\/li>\n<li class=\"ai-optimize-55\">406 MHz <a href=\"https:\/\/www.cospas-sarsat.int\/en\/\">Cospas Sarsat<\/a> signal za pomo\u0107 (kompatibilan s MEOSAR-om)<\/li>\n<li class=\"ai-optimize-56\">121.5 MHz lokalni signal za navo\u0111enje<\/li>\n<li class=\"ai-optimize-57\">AIS (sustav automatske identifikacije) Signal za lociranje<\/li>\n<li class=\"ai-optimize-58\">Povezivanje pametnog telefona putem NFC-a (komunikacija bliskog polja)<\/li>\n<li class=\"ai-optimize-59\">Besplatna mobilna aplikacija Ocean Signal Beacon (IOS i Android)<\/li>\n<li class=\"ai-optimize-60\">Funkcionalnost usluge povratne veze (RLS)<\/li>\n<li class=\"ai-optimize-61\">GNSS putem GPS i <a href=\"https:\/\/www.euspa.europa.eu\/european-space\/galileo\/services\/search-and-rescue-sar-galileo-service\">Galileo<\/a> satelita<\/li>\n<li class=\"ai-optimize-62\">Stroboskopsko i infracrveno stroboskopsko svjetlo<\/li>\n<li class=\"ai-optimize-63\">Globalna pokrivenost<\/li>\n<li class=\"ai-optimize-64\">Jednostavan PFD dodatak<\/li>\n<li class=\"ai-optimize-65\">Dizajniran za integraciju s uobi\u010dajenim PFD-ovima na napuhavanje<\/li>\n<li class=\"ai-optimize-66\">Uklju\u010den vi\u0161enamjenski sustav kop\u010da<\/li>\n<li class=\"ai-optimize-67\">Mali i lagani<\/li>\n<li class=\"ai-optimize-68\">Trajanje baterije: 6 godina od datuma proizvodnje ili 5 godina nakon pu\u0161tanja svjetionika u rad.<\/li>\n<li class=\"ai-optimize-69\">Preko 24 sata radnog vijeka<\/li>\n<\/ul>\n<p>&nbsp;<\/p>\n","protected":false},"excerpt":{"rendered":"<p class=\"ai-optimize-37\"><strong>PRVI<\/strong> PLB na svijetu s AIS-om i <strong>PRVI<\/strong> PLB na svijetu koji uklju\u010duje NFC i mobilnu aplikaciju<\/p>\n<ul>\n<li class=\"ai-optimize-38\" data-start=\"71\" data-end=\"199\">\n<p class=\"ai-optimize-39\" data-start=\"73\" data-end=\"199\"><strong data-start=\"73\" data-end=\"97\">Trostruki sustav uzbunjivanja:<\/strong> \u0160alje globalni signal za pomo\u0107 od 406 MHz, AIS za obli\u017enja plovila i navo\u0111enje od 121,5 MHz za globalne spasila\u010dke timove<\/p>\n<\/li>\n<li class=\"ai-optimize-40\" data-start=\"71\" data-end=\"199\"><strong data-start=\"406\" data-end=\"427\">Dizajn spreman za prsluk za spa\u0161avanje:<\/strong> Uklju\u010duje vi\u0161enamjensku kop\u010du i dizajniran je za besprijekornu integraciju s ve\u0107inom napuhanih prsluka za spa\u0161avanje<\/li>\n<li class=\"ai-optimize-41\" data-start=\"200\" data-end=\"302\">\n<p class=\"ai-optimize-42\" data-start=\"202\" data-end=\"302\"><strong data-start=\"202\" data-end=\"224\">Pametno i povezano:<\/strong> NFC omogu\u0107en za postavljanje i provjeru statusa putem besplatne mobilne aplikacije (iOS i Android)<\/p>\n<\/li>\n<li class=\"ai-optimize-43\" data-start=\"303\" data-end=\"403\">\n<p class=\"ai-optimize-44\" data-start=\"305\" data-end=\"403\"><strong data-start=\"305\" data-end=\"326\">Bez pretplata:<\/strong> Jednokratna kupnja sa 6-godi\u0161njim vijekom trajanja baterije i vi\u0161e od 24 sata trajanja aktivacije<\/p>\n<\/li>\n<li class=\"ai-optimize-45\" data-start=\"303\" data-end=\"403\"><strong>Ponuda: BESPLATNA <a href=\"https:\/\/oceansignal.com\/hr\/products\/plb1-plutajuca-torbica-copy\/\">PLB3 plutaju\u0107a torbica<\/a><\/strong> uz svaki PLB3. Iskoristite kod: PLB3Pouch prilikom pla\u0107anja <\/li>\n<\/ul>\n","protected":false},"featured_media":11864,"template":"","meta":{"_acf_changed":false,"om_disable_all_campaigns":false},"product_brand":[],"product_cat":[1977,476,846],"product_tag":[1057,706,848,847,1056,707],"class_list":{"0":"post-7778","1":"product","2":"type-product","3":"status-publish","4":"has-post-thumbnail","6":"product_cat-kompatibilno-s-prslukom-za-spasavanje","7":"product_cat-rescueme-hr","8":"product_cat-svjetionici-za-osobni-lokator","9":"product_tag-406-mhz-hr","10":"product_tag-nfc-hr","11":"product_tag-osobni-lokator-beacon","12":"product_tag-plb-hr","13":"product_tag-plb3-hr","14":"product_tag-rls-hr","16":"first","17":"instock","18":"taxable","19":"shipping-taxable","20":"purchasable","21":"product-type-simple"},"acf":[],"yoast_head":"<!-- This site is optimized with the Yoast SEO Premium plugin v25.2 (Yoast SEO v26.4) - https:\/\/yoast.com\/wordpress\/plugins\/seo\/ -->\n<title>rescueME PLB3 - Ocean Signal<\/title>\n<meta name=\"description\" content=\"Ocean Signal rescueME PLB3 AIS Personal Locator Beacon prvi je i jedini PLB s 406 MHz, uslugom povratne veze i mobilnom aplikacijom. Kupi sada.\" \/>\n<meta name=\"robots\" content=\"index, follow, max-snippet:-1, max-image-preview:large, max-video-preview:-1\" \/>\n<link rel=\"canonical\" href=\"https:\/\/oceansignal.com\/hr\/products\/rescueme-plb3\/\" \/>\n<meta property=\"og:locale\" content=\"hr_HR\" \/>\n<meta property=\"og:type\" content=\"article\" \/>\n<meta property=\"og:title\" content=\"rescueME PLB3\" \/>\n<meta property=\"og:description\" content=\"Ocean Signal rescueME PLB3 AIS Personal Locator Beacon prvi je i jedini PLB s 406 MHz, uslugom povratne veze i mobilnom aplikacijom. Kupi sada.\" \/>\n<meta property=\"og:url\" content=\"https:\/\/oceansignal.com\/hr\/products\/rescueme-plb3\/\" \/>\n<meta property=\"og:site_name\" content=\"Ocean Signal\" \/>\n<meta property=\"article:modified_time\" content=\"2026-03-26T11:52:02+00:00\" \/>\n<meta property=\"og:image\" content=\"https:\/\/oceansignal.com\/wp-content\/uploads\/2023\/09\/OSL-PLB3-Front.png\" \/>\n\t<meta property=\"og:image:width\" content=\"2000\" \/>\n\t<meta property=\"og:image:height\" content=\"2000\" \/>\n\t<meta property=\"og:image:type\" content=\"image\/png\" \/>\n<meta name=\"twitter:card\" content=\"summary_large_image\" \/>\n<meta name=\"twitter:label1\" content=\"Procijenjeno vrijeme \u010ditanja\" \/>\n\t<meta name=\"twitter:data1\" content=\"4 minute\" \/>\n<script type=\"application\/ld+json\" class=\"yoast-schema-graph\">{\"@context\":\"https:\/\/schema.org\",\"@graph\":[{\"@type\":\"WebPage\",\"@id\":\"https:\/\/oceansignal.com\/hr\/products\/rescueme-plb3\/\",\"url\":\"https:\/\/oceansignal.com\/hr\/products\/rescueme-plb3\/\",\"name\":\"rescueME PLB3 - Ocean Signal\",\"isPartOf\":{\"@id\":\"https:\/\/oceansignal.com\/hr\/#website\"},\"primaryImageOfPage\":{\"@id\":\"https:\/\/oceansignal.com\/hr\/products\/rescueme-plb3\/#primaryimage\"},\"image\":{\"@id\":\"https:\/\/oceansignal.com\/hr\/products\/rescueme-plb3\/#primaryimage\"},\"thumbnailUrl\":\"https:\/\/oceansignal.com\/wp-content\/uploads\/2023\/09\/OSL-PLB3-Front.png\",\"datePublished\":\"2023-09-07T14:09:53+00:00\",\"dateModified\":\"2026-03-26T11:52:02+00:00\",\"description\":\"Ocean Signal rescueME PLB3 AIS Personal Locator Beacon prvi je i jedini PLB s 406 MHz, uslugom povratne veze i mobilnom aplikacijom. Kupi sada.\",\"breadcrumb\":{\"@id\":\"https:\/\/oceansignal.com\/hr\/products\/rescueme-plb3\/#breadcrumb\"},\"inLanguage\":\"hr\",\"potentialAction\":[{\"@type\":\"ReadAction\",\"target\":[\"https:\/\/oceansignal.com\/hr\/products\/rescueme-plb3\/\"]}]},{\"@type\":\"ImageObject\",\"inLanguage\":\"hr\",\"@id\":\"https:\/\/oceansignal.com\/hr\/products\/rescueme-plb3\/#primaryimage\",\"url\":\"https:\/\/oceansignal.com\/wp-content\/uploads\/2023\/09\/OSL-PLB3-Front.png\",\"contentUrl\":\"https:\/\/oceansignal.com\/wp-content\/uploads\/2023\/09\/OSL-PLB3-Front.png\",\"width\":2000,\"height\":2000},{\"@type\":\"BreadcrumbList\",\"@id\":\"https:\/\/oceansignal.com\/hr\/products\/rescueme-plb3\/#breadcrumb\",\"itemListElement\":[{\"@type\":\"ListItem\",\"position\":1,\"name\":\"Prera\u0111evina\",\"item\":\"https:\/\/oceansignal.com\/hr\/preradevina\/\"},{\"@type\":\"ListItem\",\"position\":2,\"name\":\"rescueME PLB3\"}]},{\"@type\":\"WebSite\",\"@id\":\"https:\/\/oceansignal.com\/hr\/#website\",\"url\":\"https:\/\/oceansignal.com\/hr\/\",\"name\":\"Ocean Signal\",\"description\":\"A leading manufacturer of EPIRBs, AIS, SARTs, Personal Locator Beacons, Man Overboard Beacon for the Marine and Outdoor Markets.\",\"potentialAction\":[{\"@type\":\"SearchAction\",\"target\":{\"@type\":\"EntryPoint\",\"urlTemplate\":\"https:\/\/oceansignal.com\/hr\/?s={search_term_string}\"},\"query-input\":{\"@type\":\"PropertyValueSpecification\",\"valueRequired\":true,\"valueName\":\"search_term_string\"}}],\"inLanguage\":\"hr\"}]}<\/script>\n<!-- \/ Yoast SEO Premium plugin. -->","yoast_head_json":{"title":"rescueME PLB3 - Ocean Signal","description":"Ocean Signal rescueME PLB3 AIS Personal Locator Beacon prvi je i jedini PLB s 406 MHz, uslugom povratne veze i mobilnom aplikacijom. Kupi sada.","robots":{"index":"index","follow":"follow","max-snippet":"max-snippet:-1","max-image-preview":"max-image-preview:large","max-video-preview":"max-video-preview:-1"},"canonical":"https:\/\/oceansignal.com\/hr\/products\/rescueme-plb3\/","og_locale":"hr_HR","og_type":"article","og_title":"rescueME PLB3","og_description":"Ocean Signal rescueME PLB3 AIS Personal Locator Beacon prvi je i jedini PLB s 406 MHz, uslugom povratne veze i mobilnom aplikacijom. Kupi sada.","og_url":"https:\/\/oceansignal.com\/hr\/products\/rescueme-plb3\/","og_site_name":"Ocean Signal","article_modified_time":"2026-03-26T11:52:02+00:00","og_image":[{"width":2000,"height":2000,"url":"https:\/\/oceansignal.com\/wp-content\/uploads\/2023\/09\/OSL-PLB3-Front.png","type":"image\/png"}],"twitter_card":"summary_large_image","twitter_misc":{"Procijenjeno vrijeme \u010ditanja":"4 minute"},"schema":{"@context":"https:\/\/schema.org","@graph":[{"@type":"WebPage","@id":"https:\/\/oceansignal.com\/hr\/products\/rescueme-plb3\/","url":"https:\/\/oceansignal.com\/hr\/products\/rescueme-plb3\/","name":"rescueME PLB3 - Ocean Signal","isPartOf":{"@id":"https:\/\/oceansignal.com\/hr\/#website"},"primaryImageOfPage":{"@id":"https:\/\/oceansignal.com\/hr\/products\/rescueme-plb3\/#primaryimage"},"image":{"@id":"https:\/\/oceansignal.com\/hr\/products\/rescueme-plb3\/#primaryimage"},"thumbnailUrl":"https:\/\/oceansignal.com\/wp-content\/uploads\/2023\/09\/OSL-PLB3-Front.png","datePublished":"2023-09-07T14:09:53+00:00","dateModified":"2026-03-26T11:52:02+00:00","description":"Ocean Signal rescueME PLB3 AIS Personal Locator Beacon prvi je i jedini PLB s 406 MHz, uslugom povratne veze i mobilnom aplikacijom. Kupi sada.","breadcrumb":{"@id":"https:\/\/oceansignal.com\/hr\/products\/rescueme-plb3\/#breadcrumb"},"inLanguage":"hr","potentialAction":[{"@type":"ReadAction","target":["https:\/\/oceansignal.com\/hr\/products\/rescueme-plb3\/"]}]},{"@type":"ImageObject","inLanguage":"hr","@id":"https:\/\/oceansignal.com\/hr\/products\/rescueme-plb3\/#primaryimage","url":"https:\/\/oceansignal.com\/wp-content\/uploads\/2023\/09\/OSL-PLB3-Front.png","contentUrl":"https:\/\/oceansignal.com\/wp-content\/uploads\/2023\/09\/OSL-PLB3-Front.png","width":2000,"height":2000},{"@type":"BreadcrumbList","@id":"https:\/\/oceansignal.com\/hr\/products\/rescueme-plb3\/#breadcrumb","itemListElement":[{"@type":"ListItem","position":1,"name":"Prera\u0111evina","item":"https:\/\/oceansignal.com\/hr\/preradevina\/"},{"@type":"ListItem","position":2,"name":"rescueME PLB3"}]},{"@type":"WebSite","@id":"https:\/\/oceansignal.com\/hr\/#website","url":"https:\/\/oceansignal.com\/hr\/","name":"Ocean Signal","description":"A leading manufacturer of EPIRBs, AIS, SARTs, Personal Locator Beacons, Man Overboard Beacon for the Marine and Outdoor Markets.","potentialAction":[{"@type":"SearchAction","target":{"@type":"EntryPoint","urlTemplate":"https:\/\/oceansignal.com\/hr\/?s={search_term_string}"},"query-input":{"@type":"PropertyValueSpecification","valueRequired":true,"valueName":"search_term_string"}}],"inLanguage":"hr"}]}},"_links":{"self":[{"href":"https:\/\/oceansignal.com\/hr\/wp-json\/wp\/v2\/product\/7778","targetHints":{"allow":["GET"]}}],"collection":[{"href":"https:\/\/oceansignal.com\/hr\/wp-json\/wp\/v2\/product"}],"about":[{"href":"https:\/\/oceansignal.com\/hr\/wp-json\/wp\/v2\/types\/product"}],"wp:featuredmedia":[{"embeddable":true,"href":"https:\/\/oceansignal.com\/hr\/wp-json\/wp\/v2\/media\/11864"}],"wp:attachment":[{"href":"https:\/\/oceansignal.com\/hr\/wp-json\/wp\/v2\/media?parent=7778"}],"wp:term":[{"taxonomy":"product_brand","embeddable":true,"href":"https:\/\/oceansignal.com\/hr\/wp-json\/wp\/v2\/product_brand?post=7778"},{"taxonomy":"product_cat","embeddable":true,"href":"https:\/\/oceansignal.com\/hr\/wp-json\/wp\/v2\/product_cat?post=7778"},{"taxonomy":"product_tag","embeddable":true,"href":"https:\/\/oceansignal.com\/hr\/wp-json\/wp\/v2\/product_tag?post=7778"}],"curies":[{"name":"wp","href":"https:\/\/api.w.org\/{rel}","templated":true}]}}