{"id":7789,"date":"2023-09-07T13:28:52","date_gmt":"2023-09-07T13:28:52","guid":{"rendered":"https:\/\/oceansignal.com\/products\/rescueme-plb1\/"},"modified":"2025-11-12T10:41:15","modified_gmt":"2025-11-12T10:41:15","slug":"rescueme-plb1","status":"publish","type":"product","link":"https:\/\/oceansignal.com\/hr\/products\/rescueme-plb1\/","title":{"rendered":"rescueME PLB1 Osobni lokator"},"content":{"rendered":"<p>ZA kupce iz SAD-a\/Kanade: <a href=\"https:\/\/www.dropbox.com\/s\/fk04stqsp2hgk5f\/Prop%2065%20-%20DEHP.pdf?dl=0\">UPOZORENJE: PROP 65<\/a><\/p>\n<h3>BESPLATNA <a href=\"https:\/\/oceansignal.com\/hr\/products\/plb1-plutajuca-torbica\/\">PLB1 plutaju\u0107a torbica<\/a> u vrijednosti od 19,99 uz svaku PLB1 narud\u017ebu. U ko\u0161arici koristite kod: Pouch2025. <\/h3>\n<p><img loading=\"lazy\" decoding=\"async\" class=\"\" src=\"https:\/\/oceansignal.com\/wp-content\/uploads\/2025\/10\/Free-PLB1-Floatation-Pouch-with-every-order-Ocean-Signal.png\" width=\"129\" height=\"179\"><\/p>\n<p>&nbsp;<\/p>\n<p><strong>RescueMe PLB1<\/strong> mo\u017ee se upravljati jednom rukom \u010dak i u najizazovnijim situacijama. Jednostavan poklopac s oprugom pokriva gumb za aktiviranje sprje\u010davaju\u0107i nenamjernu uporabu. Integrirano ultra-jarko stroboskopsko svjetlo osigurava maksimalnu vidljivost, a postavljanje antene ne mo\u017ee biti jednostavnije, laganim povla\u010denjem antena se osloba\u0111a.  <\/p>\n<p><strong>rescueME PLB1<\/strong> radi s jedinom slu\u017ebeno priznatom svjetskom satelitskom mre\u017eom za traganje i spa\u0161avanje (kojom upravlja Cospas Sarsat). Budu\u0107i da ovo financiraju vlade, kori\u0161tenje ove usluge BEZ NAKNADA. Kada se aktivira, Osobni lokator prenosi va\u0161 polo\u017eaj i va\u0161 ID Centru za koordinaciju spa\u0161avanja putem satelitske veze. Vama najbli\u017ee spasila\u010dke slu\u017ebe odmah se obavje\u0161tavaju o hitnom slu\u010daju i redovito se obavje\u0161tavaju o va\u0161oj trenutnoj lokaciji kako bi pomogle u brzom spa\u0161avanju.   <\/p>\n<p><strong>Zna\u010dajkama:<\/strong><\/p>\n<ul>\n<li>Besplatno za kori\u0161tenje, bez tro\u0161kova pretplate<\/li>\n<li>30% manji (tipi\u010dno) po volumenu<\/li>\n<li>Vodootporan do 15 metara<\/li>\n<li>Te\u017ei 116 grama<\/li>\n<li>Lako se uklapa u prsluk za spa\u0161avanje*<\/li>\n<li>Antena na uvla\u010denje<\/li>\n<li>7 godina trajanja baterije<\/li>\n<li>Radni vijek od 24+ sata<\/li>\n<li>Stroboskopsko svjetlo &gt;visoke svjetline 1kandela<\/li>\n<li>66-kanalni GPS prijemnik<\/li>\n<li>Jedinstvena kop\u010da za monta\u017eu<\/li>\n<li>Djeluje na globalnom sustavu spa\u0161avanja Cospas Sarsat<\/li>\n<\/ul>\n<p>rescueME PLB1 ima dodatnu torbicu za plutanje** koja mu omogu\u0107uje da pluta. Imajte na umu da PLB ne\u0107e plutati u radnom polo\u017eaju u vre\u0107ici. Molimo provjerite je li PLB \u010dvrsto pri\u010dvr\u0161\u0107en za torbicu s prilo\u017eenom uzicom, koriste\u0107i odgovaraju\u0107e samozaklju\u010davaju\u0107e \u010dvorove.  <\/p>\n<p><em>* Uvijek se obratite proizvo\u0111a\u010du za posebne upute prije nego \u0161to instalirate ovaj proizvod izravno na prsluk za spa\u0161avanje.<br \/>\n** Radi uskla\u0111ivanja s nacionalnim propisima PLB1 svjetionici koji se isporu\u010duju u Australiju i Novi Zeland imaju trajno pri\u010dvr\u0161\u0107enu plutaju\u0107u vre\u0107icu<br \/>\n<\/em><\/p>\n","protected":false},"excerpt":{"rendered":"<p>Najkompaktniji PLB na svijetu. Ponosno projektiran i proizveden u Ujedinjenom Kraljevstvu. <\/p>\n<ul>\n<li style=\"list-style-type: none;\">\n<ul>\n<li><strong>Besplatno kori\u0161tenje, bez pretplate. Globalna pokrivenost 24\/7\/365. <\/strong><\/li>\n<\/ul>\n<\/li>\n<\/ul>\n<ul>\n<li style=\"list-style-type: none;\">\n<ul>\n<li><strong>Prikladno za upotrebu u moru, zrakoplovstvu i na otvorenom<\/strong><\/li>\n<\/ul>\n<\/li>\n<\/ul>\n<ul>\n<li style=\"list-style-type: none;\">\n<ul>\n<li><strong>121,5 MHz signal za navo\u0111enje + Namjenski signal za pomo\u0107 od 406 MHz sa 66-kanalnim GPS-om<\/strong><\/li>\n<\/ul>\n<\/li>\n<\/ul>\n<ul>\n<li style=\"list-style-type: none;\">\n<ul>\n<li><strong>24+ sati rada nakon aktivacije<\/strong><\/li>\n<\/ul>\n<\/li>\n<\/ul>\n<ul>\n<li style=\"list-style-type: none;\">\n<ul>\n<li><strong>Robustan, vodootporan do 15 m<\/strong><\/li>\n<\/ul>\n<\/li>\n<\/ul>\n","protected":false},"featured_media":12447,"template":"","meta":{"_acf_changed":false,"om_disable_all_campaigns":false},"product_brand":[],"product_cat":[1977,476,846],"product_tag":[850,848,847,849],"class_list":{"0":"post-7789","1":"product","2":"type-product","3":"status-publish","4":"has-post-thumbnail","6":"product_cat-kompatibilno-s-prslukom-za-spasavanje","7":"product_cat-rescueme-hr","8":"product_cat-svjetionici-za-osobni-lokator","9":"product_tag-meosar-hr","10":"product_tag-osobni-lokator-beacon","11":"product_tag-plb-hr","12":"product_tag-plb1-hr","14":"first","15":"instock","16":"taxable","17":"shipping-taxable","18":"purchasable","19":"product-type-simple"},"acf":[],"yoast_head":"<!-- This site is optimized with the Yoast SEO Premium plugin v25.2 (Yoast SEO v26.4) - https:\/\/yoast.com\/wordpress\/plugins\/seo\/ -->\n<title>rescueME PLB1 Osobni lokator - Ocean Signal<\/title>\n<meta name=\"description\" content=\"Ocean Signal rescueME PLB1 : Va\u0161 kompaktni osobni lokator za avanture na otvorenom. Pouzdana tehnologija svjetionika za pouzdano signaliziranje opasnosti. Kupi sada!\" \/>\n<meta name=\"robots\" content=\"index, follow, max-snippet:-1, max-image-preview:large, max-video-preview:-1\" \/>\n<link rel=\"canonical\" href=\"https:\/\/oceansignal.com\/hr\/products\/rescueme-plb1\/\" \/>\n<meta property=\"og:locale\" content=\"hr_HR\" \/>\n<meta property=\"og:type\" content=\"article\" \/>\n<meta property=\"og:title\" content=\"rescueME PLB1 Osobni lokator\" \/>\n<meta property=\"og:description\" content=\"Ocean Signal rescueME PLB1 : Va\u0161 kompaktni osobni lokator za avanture na otvorenom. Pouzdana tehnologija svjetionika za pouzdano signaliziranje opasnosti. Kupi sada!\" \/>\n<meta property=\"og:url\" content=\"https:\/\/oceansignal.com\/hr\/products\/rescueme-plb1\/\" \/>\n<meta property=\"og:site_name\" content=\"Ocean Signal\" \/>\n<meta property=\"article:modified_time\" content=\"2025-11-12T10:41:15+00:00\" \/>\n<meta property=\"og:image\" content=\"https:\/\/oceansignal.com\/wp-content\/uploads\/2023\/09\/Ocean-Signal-PLB1-Front-2.png\" \/>\n\t<meta property=\"og:image:width\" content=\"800\" \/>\n\t<meta property=\"og:image:height\" content=\"800\" \/>\n\t<meta property=\"og:image:type\" content=\"image\/png\" \/>\n<meta name=\"twitter:card\" content=\"summary_large_image\" \/>\n<meta name=\"twitter:label1\" content=\"Procijenjeno vrijeme \u010ditanja\" \/>\n\t<meta name=\"twitter:data1\" content=\"2 minute\" \/>\n<script type=\"application\/ld+json\" class=\"yoast-schema-graph\">{\"@context\":\"https:\/\/schema.org\",\"@graph\":[{\"@type\":\"WebPage\",\"@id\":\"https:\/\/oceansignal.com\/hr\/products\/rescueme-plb1\/\",\"url\":\"https:\/\/oceansignal.com\/hr\/products\/rescueme-plb1\/\",\"name\":\"rescueME PLB1 Osobni lokator - Ocean Signal\",\"isPartOf\":{\"@id\":\"https:\/\/oceansignal.com\/hr\/#website\"},\"primaryImageOfPage\":{\"@id\":\"https:\/\/oceansignal.com\/hr\/products\/rescueme-plb1\/#primaryimage\"},\"image\":{\"@id\":\"https:\/\/oceansignal.com\/hr\/products\/rescueme-plb1\/#primaryimage\"},\"thumbnailUrl\":\"https:\/\/oceansignal.com\/wp-content\/uploads\/2023\/09\/Ocean-Signal-PLB1-Front-2.png\",\"datePublished\":\"2023-09-07T13:28:52+00:00\",\"dateModified\":\"2025-11-12T10:41:15+00:00\",\"description\":\"Ocean Signal rescueME PLB1 : Va\u0161 kompaktni osobni lokator za avanture na otvorenom. Pouzdana tehnologija svjetionika za pouzdano signaliziranje opasnosti. Kupi sada!\",\"breadcrumb\":{\"@id\":\"https:\/\/oceansignal.com\/hr\/products\/rescueme-plb1\/#breadcrumb\"},\"inLanguage\":\"hr\",\"potentialAction\":[{\"@type\":\"ReadAction\",\"target\":[\"https:\/\/oceansignal.com\/hr\/products\/rescueme-plb1\/\"]}]},{\"@type\":\"ImageObject\",\"inLanguage\":\"hr\",\"@id\":\"https:\/\/oceansignal.com\/hr\/products\/rescueme-plb1\/#primaryimage\",\"url\":\"https:\/\/oceansignal.com\/wp-content\/uploads\/2023\/09\/Ocean-Signal-PLB1-Front-2.png\",\"contentUrl\":\"https:\/\/oceansignal.com\/wp-content\/uploads\/2023\/09\/Ocean-Signal-PLB1-Front-2.png\",\"width\":800,\"height\":800},{\"@type\":\"BreadcrumbList\",\"@id\":\"https:\/\/oceansignal.com\/hr\/products\/rescueme-plb1\/#breadcrumb\",\"itemListElement\":[{\"@type\":\"ListItem\",\"position\":1,\"name\":\"Prera\u0111evina\",\"item\":\"https:\/\/oceansignal.com\/hr\/preradevina\/\"},{\"@type\":\"ListItem\",\"position\":2,\"name\":\"rescueME PLB1 Osobni lokator\"}]},{\"@type\":\"WebSite\",\"@id\":\"https:\/\/oceansignal.com\/hr\/#website\",\"url\":\"https:\/\/oceansignal.com\/hr\/\",\"name\":\"Ocean Signal\",\"description\":\"A leading manufacturer of EPIRBs, AIS, SARTs, Personal Locator Beacons, Man Overboard Beacon for the Marine and Outdoor Markets.\",\"potentialAction\":[{\"@type\":\"SearchAction\",\"target\":{\"@type\":\"EntryPoint\",\"urlTemplate\":\"https:\/\/oceansignal.com\/hr\/?s={search_term_string}\"},\"query-input\":{\"@type\":\"PropertyValueSpecification\",\"valueRequired\":true,\"valueName\":\"search_term_string\"}}],\"inLanguage\":\"hr\"}]}<\/script>\n<!-- \/ Yoast SEO Premium plugin. -->","yoast_head_json":{"title":"rescueME PLB1 Osobni lokator - Ocean Signal","description":"Ocean Signal rescueME PLB1 : Va\u0161 kompaktni osobni lokator za avanture na otvorenom. Pouzdana tehnologija svjetionika za pouzdano signaliziranje opasnosti. Kupi sada!","robots":{"index":"index","follow":"follow","max-snippet":"max-snippet:-1","max-image-preview":"max-image-preview:large","max-video-preview":"max-video-preview:-1"},"canonical":"https:\/\/oceansignal.com\/hr\/products\/rescueme-plb1\/","og_locale":"hr_HR","og_type":"article","og_title":"rescueME PLB1 Osobni lokator","og_description":"Ocean Signal rescueME PLB1 : Va\u0161 kompaktni osobni lokator za avanture na otvorenom. Pouzdana tehnologija svjetionika za pouzdano signaliziranje opasnosti. Kupi sada!","og_url":"https:\/\/oceansignal.com\/hr\/products\/rescueme-plb1\/","og_site_name":"Ocean Signal","article_modified_time":"2025-11-12T10:41:15+00:00","og_image":[{"width":800,"height":800,"url":"https:\/\/oceansignal.com\/wp-content\/uploads\/2023\/09\/Ocean-Signal-PLB1-Front-2.png","type":"image\/png"}],"twitter_card":"summary_large_image","twitter_misc":{"Procijenjeno vrijeme \u010ditanja":"2 minute"},"schema":{"@context":"https:\/\/schema.org","@graph":[{"@type":"WebPage","@id":"https:\/\/oceansignal.com\/hr\/products\/rescueme-plb1\/","url":"https:\/\/oceansignal.com\/hr\/products\/rescueme-plb1\/","name":"rescueME PLB1 Osobni lokator - Ocean Signal","isPartOf":{"@id":"https:\/\/oceansignal.com\/hr\/#website"},"primaryImageOfPage":{"@id":"https:\/\/oceansignal.com\/hr\/products\/rescueme-plb1\/#primaryimage"},"image":{"@id":"https:\/\/oceansignal.com\/hr\/products\/rescueme-plb1\/#primaryimage"},"thumbnailUrl":"https:\/\/oceansignal.com\/wp-content\/uploads\/2023\/09\/Ocean-Signal-PLB1-Front-2.png","datePublished":"2023-09-07T13:28:52+00:00","dateModified":"2025-11-12T10:41:15+00:00","description":"Ocean Signal rescueME PLB1 : Va\u0161 kompaktni osobni lokator za avanture na otvorenom. Pouzdana tehnologija svjetionika za pouzdano signaliziranje opasnosti. Kupi sada!","breadcrumb":{"@id":"https:\/\/oceansignal.com\/hr\/products\/rescueme-plb1\/#breadcrumb"},"inLanguage":"hr","potentialAction":[{"@type":"ReadAction","target":["https:\/\/oceansignal.com\/hr\/products\/rescueme-plb1\/"]}]},{"@type":"ImageObject","inLanguage":"hr","@id":"https:\/\/oceansignal.com\/hr\/products\/rescueme-plb1\/#primaryimage","url":"https:\/\/oceansignal.com\/wp-content\/uploads\/2023\/09\/Ocean-Signal-PLB1-Front-2.png","contentUrl":"https:\/\/oceansignal.com\/wp-content\/uploads\/2023\/09\/Ocean-Signal-PLB1-Front-2.png","width":800,"height":800},{"@type":"BreadcrumbList","@id":"https:\/\/oceansignal.com\/hr\/products\/rescueme-plb1\/#breadcrumb","itemListElement":[{"@type":"ListItem","position":1,"name":"Prera\u0111evina","item":"https:\/\/oceansignal.com\/hr\/preradevina\/"},{"@type":"ListItem","position":2,"name":"rescueME PLB1 Osobni lokator"}]},{"@type":"WebSite","@id":"https:\/\/oceansignal.com\/hr\/#website","url":"https:\/\/oceansignal.com\/hr\/","name":"Ocean Signal","description":"A leading manufacturer of EPIRBs, AIS, SARTs, Personal Locator Beacons, Man Overboard Beacon for the Marine and Outdoor Markets.","potentialAction":[{"@type":"SearchAction","target":{"@type":"EntryPoint","urlTemplate":"https:\/\/oceansignal.com\/hr\/?s={search_term_string}"},"query-input":{"@type":"PropertyValueSpecification","valueRequired":true,"valueName":"search_term_string"}}],"inLanguage":"hr"}]}},"_links":{"self":[{"href":"https:\/\/oceansignal.com\/hr\/wp-json\/wp\/v2\/product\/7789","targetHints":{"allow":["GET"]}}],"collection":[{"href":"https:\/\/oceansignal.com\/hr\/wp-json\/wp\/v2\/product"}],"about":[{"href":"https:\/\/oceansignal.com\/hr\/wp-json\/wp\/v2\/types\/product"}],"wp:featuredmedia":[{"embeddable":true,"href":"https:\/\/oceansignal.com\/hr\/wp-json\/wp\/v2\/media\/12447"}],"wp:attachment":[{"href":"https:\/\/oceansignal.com\/hr\/wp-json\/wp\/v2\/media?parent=7789"}],"wp:term":[{"taxonomy":"product_brand","embeddable":true,"href":"https:\/\/oceansignal.com\/hr\/wp-json\/wp\/v2\/product_brand?post=7789"},{"taxonomy":"product_cat","embeddable":true,"href":"https:\/\/oceansignal.com\/hr\/wp-json\/wp\/v2\/product_cat?post=7789"},{"taxonomy":"product_tag","embeddable":true,"href":"https:\/\/oceansignal.com\/hr\/wp-json\/wp\/v2\/product_tag?post=7789"}],"curies":[{"name":"wp","href":"https:\/\/api.w.org\/{rel}","templated":true}]}}