{"id":7803,"date":"2024-07-22T13:30:33","date_gmt":"2024-07-22T13:30:33","guid":{"rendered":"https:\/\/oceansignal.com\/products\/rescueme-mob2\/"},"modified":"2025-11-12T09:05:49","modified_gmt":"2025-11-12T09:05:49","slug":"rescueme-mob2","status":"publish","type":"product","link":"https:\/\/oceansignal.com\/hr\/products\/rescueme-mob2\/","title":{"rendered":"rescueME MOB2"},"content":{"rendered":"<p><strong>Ovaj ure\u0111aj nije odobren u skladu s pravilima Savezne komisije za komunikacije u SAD-u. Ovaj ure\u0111aj nije i ne smije biti ponu\u0111en na prodaju ili najam, niti prodan ili iznajmljen dok se ne dobije odobrenje. Odobreno za prodaju u zemljama koje su usvojile propis ECC\/DEC\/(22)02. <\/strong><\/p>\n<p>Sa\u017eetak:<\/p>\n<p>Obavje\u0161tavanje va\u0161eg plovila o \u010dovjeku u moru je najbr\u017ea i najpouzdanija opcija oporavka. Na umjerenom moru, gubitak vida \u010dovjeka u vodi mo\u017ee se dogoditi \u0161okantno brzo. Zato najnoviji rescueME MOB2 tvrtke Ocean Signal kombinira AIS i VHF DSC tehnologiju za hitne slu\u010dajeve u najnovijem rje\u0161enju uskla\u0111enom s AIS klasom M za pomorsko tr\u017ei\u0161te.  <\/p>\n<p>Nakon aktivacije, lokacija MOB2 se redovito a\u017eurira i prikazuje na ploterima koji podr\u017eavaju AIS. Sa svojim integriranim GPS-om, MOB2 daje precizne podatke o lokaciji va\u0161eg plovila i svih pomo\u0107nih plovila. Plovila u blizini automatski se upozoravaju na situacije s \u010dovjekom u moru putem VHF DSC-a. Ocean Signal MOB2 gotovo je upola manji od konkurentskih proizvoda i savr\u0161eno pristaje unutar prsluka za spa\u0161avanje na napuhavanje. Tako\u0111er se mo\u017ee pohvaliti duljim radnim vijekom, automatskom aktivacijom putem prsluka za spa\u0161avanje na napuhavanje, dvostrukim IR i bijelim stroboskopskim svjetlima te NFC vezom s mobilnom aplikacijom.    <\/p>\n<p>\u017delite saznati vi\u0161e o najnovijim zahtjevima klase M za AIS MOB ?  <a href=\"https:\/\/oceansignal.com\/hr\/news\/razumijevanje-utjecaja-propisa-ais-klase-m-na-mob-ove\/\">Kliknite ovdje<\/a><\/p>\n<p><a href=\"https:\/\/www.dropbox.com\/s\/8343nj28z0d7bxa\/Prop%2065%20-%20BPA.pdf?dl=0\">UPOZORENJE: PROP 65<\/a><\/p>\n<p>Samo za SAD: Ovaj ure\u0111aj nije odobren prema pravilima Savezne komisije za komunikacije. Ovaj ure\u0111aj nije i ne smije biti ponu\u0111en na prodaju ili najam, niti prodan ili iznajmljen, dok se ne dobije odobrenje. Odobreno za prodaju u zemljama koje su usvojile propis ECC\/DEC\/(22)02.  <\/p>\n<p>Opis:<\/p>\n<p>Predstavljamo najmanji AIS ure\u0111aj za \u010dovjeka u moru ( MOB ) na svijetu s integriranim VHF DSC \u2013 rescueME MOB2 AIS tvrtke Ocean Signal . Ova vitalna komponenta svakog pomorskog sigurnosnog pribora dizajnirana je za brzu reakciju u hitnim slu\u010dajevima s \u010dovjekom u moru. Kompaktan i lagan, MOB2 se neprimjetno integrira \u010dak i s najkompaktnijim prslucima za spa\u0161avanje na napuhavanje, osiguravaju\u0107i automatsku aktivaciju nakon napuhavanja.  <\/p>\n<p>MOB2 \u0161alje prvo upozorenje unutar 15 sekundi, emitiraju\u0107i va\u0161u preciznu lokaciju pomo\u0107u AIS tehnologije obli\u017enjim plovilima i navigacijskim sustavima na brodu. Komunicira s plovilom od kojeg ste odvojeni i drugim plovilima udaljenim do 5 milja, ovisno o uvjetima. Osim toga, obli\u017enja plovila trenutno su obavije\u0161tena o situaciji s \u010dovjekom u moru putem DSC tehnologije.  <\/p>\n<p>U hitnim slu\u010dajevima, rescueME MOB2 AIS pru\u017ea dvije metode brzog priop\u0107avanja va\u0161eg polo\u017eaja, to\u010dne do nekoliko metara, i nudi vizualnu indikaciju putem svojih ugra\u0111enih stroboskopskih svjetala. Njegova integrirana dvostruka infracrvena (IR) i bijela stroboskopska svjetla osiguravaju maksimalnu vidljivost u uvjetima slabog osvjetljenja, osiguravaju\u0107i bezbri\u017enost za nauti\u010dare i nauti\u010dare pove\u0107avaju\u0107i sigurnost na vodi i potencijalno spa\u0161avaju\u0107i \u017eivote u kriti\u010dnim situacijama. Vodootporan do 10 metara, MOB2 ima robusnu konstrukciju i dugotrajnu bateriju.  <\/p>\n<p><strong> <\/strong><\/p>\n<h3><strong>Povezivanje pametnog telefona pomo\u0107u NFC komunikacije bliskog polja (NFC)<\/strong><\/h3>\n<p>Integracija NFC tehnologije pru\u017ea korisnicima mogu\u0107nost prakti\u010dnog programiranja MOB2 MMSI i pristupa beacon podacima sa svog mobilnog telefona. Jednostavan \u010din postavljanja telefona u blizinu svjetionika automatski otvara aplikaciju proizvoda Ocean Signal i omogu\u0107uje pristup razli\u010ditim podacima o kori\u0161tenju, uklju\u010duju\u0107i trenutno trajanje baterije, broj dovr\u0161enih samotestiranja, broj dovr\u0161enih GNSS testova i, ako je primjenjivo, koli\u010dinu vremena u kojem je beacon bio aktiviran. <\/p>\n<p><strong> <\/strong><\/p>\n<h3><strong>Klasa M odobrena AIS Man Overboard Beacon s VHF DSC<\/strong><\/h3>\n<p>Projektiran kako bi prema\u0161io zahtjeve klase M, MOB2 je u skladu s regulativom ECC\/DEC\/(22)02 koja se odnosi na kori\u0161tenje MOB ure\u0111aja.<\/p>\n<p><strong> <\/strong><\/p>\n<h3><strong>Integracija prsluka za spa\u0161avanje<\/strong><\/h3>\n<p>MOB2 se mo\u017ee aktivirati ru\u010dno ili automatski kada se instalira unutar prsluka za spa\u0161avanje na napuhavanje (automatski). Instalacija je jednostavna pomo\u0107u prilo\u017eene kop\u010de cijevi za oralno napuhavanje za pri\u010dvr\u0161\u0107ivanje MOB2 na prsluk za spa\u0161avanje pomo\u0107u vrpce spojene oko mjehura prsluka za spa\u0161avanje. Nakon \u0161to je ispravno instaliran, napuhavanje prsluka za spa\u0161avanje pokre\u0107e postavljanje antene i aktivaciju svjetionika.  <\/p>\n<p>Ponosno <a href=\"https:\/\/oceansignal.com\/hr\/news\/ocean-signal-utrostrucuje-velicinu-tvornickih-objekata-kako-bi-zadovoljio-zahtjeve-proizvodnje\/\">proizvedeno u Ujedinjenom Kraljevstvu<\/a><\/p>\n<h4><strong>Klju\u010dne zna\u010dajke rescueME MOB AIS:<\/strong><\/h4>\n<ul>\n<li>AIS (sustav automatske identifikacije)<\/li>\n<li>U skladu s klasom M (Uredba: ECC\/DEC\/(22)02)<\/li>\n<li>Integrirani Tx i Rx DSC primopredajnik (digitalni selektivni poziv) *<\/li>\n<li>LED diode provjeravaju prijem DSC signala za pomo\u0107<\/li>\n<li>50% (tipi\u010dno) manji od konkurenata<\/li>\n<li>GNSS putem GPS-a i Galilea<\/li>\n<li>Brzo i precizno pozicioniranje<\/li>\n<li>IR i bijela stroboskopska svjetla<\/li>\n<li>Automatska aktivacija<\/li>\n<li>Jednostavna integracija prsluka za spa\u0161avanje**<\/li>\n<li>5-godi\u0161nje trajanje baterije<\/li>\n<li>24 sata radnog vijeka na -20\u00b0C<\/li>\n<li>2-godi\u0161nje jamstvo (mo\u017ee produljiti jamstvo na 5 godina putem registracije proizvoda kod Ocean Signal ) <sup>\u2020<\/sup><\/li>\n<li>Integrirana komunikacija bliskog polja (NFC)<\/li>\n<li>Povezivanje pametnog telefona putem NFC-a<\/li>\n<li>Mobilna aplikacija Ocean Signal (IOS i Android)<\/li>\n<\/ul>\n<p>&nbsp;<\/p>\n<p><em><strong>Kompatibilnost:<\/strong> Ve\u0107ina modernih AIS crta\u010da i DSC VHF uskla\u0111eni su sa standardima potrebnim za primanje MOB prijenosa. Ipak, preporu\u010duje se da provjerite kompatibilnost kod proizvo\u0111a\u010da opreme, osobito ako koristite stariju opremu. Za vi\u0161e informacija pogledajte FAQ u nastavku.<br \/>\n<\/em><\/p>\n<p>&nbsp;<\/p>\n<p>Korisnik mo\u017ee konfigurirati MOB2 za unos DSC MMSI broja plovila* preuzimanjem softvera na donjoj poveznici. DSC broj plovila mo\u017ee se programirati vi\u0161e puta. <\/p>\n<p>&nbsp;<\/p>\n<p><span style=\"color: #c22f00;\">* Funkcionalnost DSC-a podlije\u017ee propisima zemlje.<\/span><br \/>\n<span style=\"color: #c22f00;\"><em>** Uvijek se obratite proizvo\u0111a\u010du prsluka za spa\u0161avanje za posebne upute prije ugradnje ovog proizvoda izravno na va\u0161 prsluk za spa\u0161avanje.<\/em><\/span><br \/>\n<span style=\"color: #c22f00;\">\u2020 Podlo\u017eno izjavi o jamstvu. ( <em>Napomena: kada se koristi u komercijalnim aplikacijama, jamstveni rok je ograni\u010den na dvije godine.<\/em> )<\/span><\/p>\n<p>&nbsp;<\/p>\n","protected":false},"excerpt":{"rendered":"<p>Najmanji AIS ure\u0111aj na svijetu, kompatibilan s klasom M, s integriranim VHF DSC-om.<\/p>\n<ul>\n<li data-start=\"195\" data-end=\"420\">\n<p data-start=\"197\" data-end=\"420\"><strong data-start=\"197\" data-end=\"247\">Trenutna AIS i DSC upozorenja u slu\u010daju nu\u017ede MOB nesre\u0107i<\/strong><br data-start=\"247\" data-end=\"250\">MOB2 odmah oda\u0161ilje va\u0161u lokaciju putem AIS-a i aktivira DSC poziv u pomo\u0107 na VHF radiju va\u0161eg plovila \u2014 dostavljaju\u0107i brzo lokalno upozorenje posadi i obli\u017enjim plovilima.<\/p>\n<\/li>\n<li data-start=\"422\" data-end=\"637\">\n<p data-start=\"424\" data-end=\"637\"><strong data-start=\"424\" data-end=\"470\">Idealno za sigurnosne zahtjeve na otvorenom moru i jahta\u0161kim utrkama<\/strong><br data-start=\"470\" data-end=\"473\">MOB2 , koji vjeruju natjecateljski jedrili\u010dari i oceanski regata\u0161i, pru\u017ea za\u0161titu posade u moru koja zadovoljava zahtjeve brzih, visokorizi\u010dnih okru\u017eenja jedrenja.<\/p>\n<\/li>\n<li data-start=\"639\" data-end=\"858\">\n<p data-start=\"641\" data-end=\"858\"><strong data-start=\"641\" data-end=\"693\">GPS preciznost s automatskom aktivacijom prsluka za spa\u0161avanje<\/strong><br data-start=\"693\" data-end=\"696\">Integrirani GPS osigurava precizno pra\u0107enje, dok automatska aktivacija napuhivanje prsluka za spa\u0161avanje zna\u010di da ste za\u0161ti\u0107eni u trenutku kada udarite u vodu &#8211; bez upotrebe ruku.<\/p>\n<\/li>\n<\/ul>\n<p>U skladu s uredbom ECC\/DEC\/(22)02 u vezi s kori\u0161tenjem MOB ure\u0111aja. \u017delite saznati vi\u0161e o najnovijim zahtjevima klase M za AIS MOB ?  <a href=\"https:\/\/oceansignal.com\/hr\/news\/razumijevanje-utjecaja-propisa-ais-klase-m-na-mob-ove\/\">Kliknite ovdje<\/a><\/p>\n<p><a href=\"https:\/\/www.dropbox.com\/s\/8343nj28z0d7bxa\/Prop%2065%20-%20BPA.pdf?dl=0\">UPOZORENJE: PROP 65<\/a><br \/>\n NIJE ZA PRODAJU U SAD-u\/CA &#8211; isprobajte <a href=\"https:\/\/oceansignal.com\/hr\/products\/rescueme-mob1\/\">Ocean Signal MOB1 za SAD\/CA ovdje<\/a><\/p>\n","protected":false},"featured_media":23807,"template":"","meta":{"_acf_changed":false,"om_disable_all_campaigns":false},"product_brand":[],"product_cat":[1080,1977,476],"product_tag":[530,528,1081,529,527,531],"class_list":{"0":"post-7803","1":"product","2":"type-product","3":"status-publish","4":"has-post-thumbnail","6":"product_cat-covjek-u-moru","7":"product_cat-kompatibilno-s-prslukom-za-spasavanje","8":"product_cat-rescueme-hr","9":"product_tag-ais-hr","10":"product_tag-ais-mob-hr","11":"product_tag-covjek-preko-broda","12":"product_tag-mob2-hr","13":"product_tag-razred-m","14":"product_tag-rulja","16":"first","17":"instock","18":"taxable","19":"shipping-taxable","20":"purchasable","21":"product-type-simple"},"acf":[],"yoast_head":"<!-- This site is optimized with the Yoast SEO Premium plugin v25.2 (Yoast SEO v26.4) - https:\/\/yoast.com\/wordpress\/plugins\/seo\/ -->\n<title>rescueME MOB2 - Ocean Signal rescueME MOB2 AIS Class M Ocean Signal<\/title>\n<meta name=\"description\" content=\"Ocean Signal rescueME MOB2 AIS Man Overboard Beacon je vrhunsko rje\u0161enje za pomorsku sigurnost, posebno dizajnirano za pomo\u0107 u SOS situacijama.\" \/>\n<meta name=\"robots\" content=\"index, follow, max-snippet:-1, max-image-preview:large, max-video-preview:-1\" \/>\n<link rel=\"canonical\" href=\"https:\/\/oceansignal.com\/hr\/products\/rescueme-mob2\/\" \/>\n<meta property=\"og:locale\" content=\"hr_HR\" \/>\n<meta property=\"og:type\" content=\"article\" \/>\n<meta property=\"og:title\" content=\"rescueME MOB2\" \/>\n<meta property=\"og:description\" content=\"Ocean Signal rescueME MOB2 AIS Man Overboard Beacon je vrhunsko rje\u0161enje za pomorsku sigurnost, posebno dizajnirano za pomo\u0107 u SOS situacijama.\" \/>\n<meta property=\"og:url\" content=\"https:\/\/oceansignal.com\/hr\/products\/rescueme-mob2\/\" \/>\n<meta property=\"og:site_name\" content=\"Ocean Signal\" \/>\n<meta property=\"article:modified_time\" content=\"2025-11-12T09:05:49+00:00\" \/>\n<meta property=\"og:image\" content=\"https:\/\/oceansignal.com\/wp-content\/uploads\/2024\/07\/MOB2-22-07-24-A_Web.png\" \/>\n\t<meta property=\"og:image:width\" content=\"900\" \/>\n\t<meta property=\"og:image:height\" content=\"807\" \/>\n\t<meta property=\"og:image:type\" content=\"image\/png\" \/>\n<meta name=\"twitter:card\" content=\"summary_large_image\" \/>\n<meta name=\"twitter:label1\" content=\"Procijenjeno vrijeme \u010ditanja\" \/>\n\t<meta name=\"twitter:data1\" content=\"5 minuta\" \/>\n<script type=\"application\/ld+json\" class=\"yoast-schema-graph\">{\"@context\":\"https:\/\/schema.org\",\"@graph\":[{\"@type\":\"WebPage\",\"@id\":\"https:\/\/oceansignal.com\/hr\/products\/rescueme-mob2\/\",\"url\":\"https:\/\/oceansignal.com\/hr\/products\/rescueme-mob2\/\",\"name\":\"rescueME MOB2 - Ocean Signal rescueME MOB2 AIS Class M Ocean Signal\",\"isPartOf\":{\"@id\":\"https:\/\/oceansignal.com\/hr\/#website\"},\"primaryImageOfPage\":{\"@id\":\"https:\/\/oceansignal.com\/hr\/products\/rescueme-mob2\/#primaryimage\"},\"image\":{\"@id\":\"https:\/\/oceansignal.com\/hr\/products\/rescueme-mob2\/#primaryimage\"},\"thumbnailUrl\":\"https:\/\/oceansignal.com\/wp-content\/uploads\/2024\/07\/MOB2-22-07-24-A_Web.png\",\"datePublished\":\"2024-07-22T13:30:33+00:00\",\"dateModified\":\"2025-11-12T09:05:49+00:00\",\"description\":\"Ocean Signal rescueME MOB2 AIS Man Overboard Beacon je vrhunsko rje\u0161enje za pomorsku sigurnost, posebno dizajnirano za pomo\u0107 u SOS situacijama.\",\"breadcrumb\":{\"@id\":\"https:\/\/oceansignal.com\/hr\/products\/rescueme-mob2\/#breadcrumb\"},\"inLanguage\":\"hr\",\"potentialAction\":[{\"@type\":\"ReadAction\",\"target\":[\"https:\/\/oceansignal.com\/hr\/products\/rescueme-mob2\/\"]}]},{\"@type\":\"ImageObject\",\"inLanguage\":\"hr\",\"@id\":\"https:\/\/oceansignal.com\/hr\/products\/rescueme-mob2\/#primaryimage\",\"url\":\"https:\/\/oceansignal.com\/wp-content\/uploads\/2024\/07\/MOB2-22-07-24-A_Web.png\",\"contentUrl\":\"https:\/\/oceansignal.com\/wp-content\/uploads\/2024\/07\/MOB2-22-07-24-A_Web.png\",\"width\":900,\"height\":807,\"caption\":\"Ocean Signal rescueME MOB2 AIS ure\u0111aj za osobni lokator klase M odobren\"},{\"@type\":\"BreadcrumbList\",\"@id\":\"https:\/\/oceansignal.com\/hr\/products\/rescueme-mob2\/#breadcrumb\",\"itemListElement\":[{\"@type\":\"ListItem\",\"position\":1,\"name\":\"Prera\u0111evina\",\"item\":\"https:\/\/oceansignal.com\/hr\/preradevina\/\"},{\"@type\":\"ListItem\",\"position\":2,\"name\":\"rescueME MOB2\"}]},{\"@type\":\"WebSite\",\"@id\":\"https:\/\/oceansignal.com\/hr\/#website\",\"url\":\"https:\/\/oceansignal.com\/hr\/\",\"name\":\"Ocean Signal\",\"description\":\"A leading manufacturer of EPIRBs, AIS, SARTs, Personal Locator Beacons, Man Overboard Beacon for the Marine and Outdoor Markets.\",\"potentialAction\":[{\"@type\":\"SearchAction\",\"target\":{\"@type\":\"EntryPoint\",\"urlTemplate\":\"https:\/\/oceansignal.com\/hr\/?s={search_term_string}\"},\"query-input\":{\"@type\":\"PropertyValueSpecification\",\"valueRequired\":true,\"valueName\":\"search_term_string\"}}],\"inLanguage\":\"hr\"}]}<\/script>\n<!-- \/ Yoast SEO Premium plugin. -->","yoast_head_json":{"title":"rescueME MOB2 - Ocean Signal rescueME MOB2 AIS Class M Ocean Signal","description":"Ocean Signal rescueME MOB2 AIS Man Overboard Beacon je vrhunsko rje\u0161enje za pomorsku sigurnost, posebno dizajnirano za pomo\u0107 u SOS situacijama.","robots":{"index":"index","follow":"follow","max-snippet":"max-snippet:-1","max-image-preview":"max-image-preview:large","max-video-preview":"max-video-preview:-1"},"canonical":"https:\/\/oceansignal.com\/hr\/products\/rescueme-mob2\/","og_locale":"hr_HR","og_type":"article","og_title":"rescueME MOB2","og_description":"Ocean Signal rescueME MOB2 AIS Man Overboard Beacon je vrhunsko rje\u0161enje za pomorsku sigurnost, posebno dizajnirano za pomo\u0107 u SOS situacijama.","og_url":"https:\/\/oceansignal.com\/hr\/products\/rescueme-mob2\/","og_site_name":"Ocean Signal","article_modified_time":"2025-11-12T09:05:49+00:00","og_image":[{"width":900,"height":807,"url":"https:\/\/oceansignal.com\/wp-content\/uploads\/2024\/07\/MOB2-22-07-24-A_Web.png","type":"image\/png"}],"twitter_card":"summary_large_image","twitter_misc":{"Procijenjeno vrijeme \u010ditanja":"5 minuta"},"schema":{"@context":"https:\/\/schema.org","@graph":[{"@type":"WebPage","@id":"https:\/\/oceansignal.com\/hr\/products\/rescueme-mob2\/","url":"https:\/\/oceansignal.com\/hr\/products\/rescueme-mob2\/","name":"rescueME MOB2 - Ocean Signal rescueME MOB2 AIS Class M Ocean Signal","isPartOf":{"@id":"https:\/\/oceansignal.com\/hr\/#website"},"primaryImageOfPage":{"@id":"https:\/\/oceansignal.com\/hr\/products\/rescueme-mob2\/#primaryimage"},"image":{"@id":"https:\/\/oceansignal.com\/hr\/products\/rescueme-mob2\/#primaryimage"},"thumbnailUrl":"https:\/\/oceansignal.com\/wp-content\/uploads\/2024\/07\/MOB2-22-07-24-A_Web.png","datePublished":"2024-07-22T13:30:33+00:00","dateModified":"2025-11-12T09:05:49+00:00","description":"Ocean Signal rescueME MOB2 AIS Man Overboard Beacon je vrhunsko rje\u0161enje za pomorsku sigurnost, posebno dizajnirano za pomo\u0107 u SOS situacijama.","breadcrumb":{"@id":"https:\/\/oceansignal.com\/hr\/products\/rescueme-mob2\/#breadcrumb"},"inLanguage":"hr","potentialAction":[{"@type":"ReadAction","target":["https:\/\/oceansignal.com\/hr\/products\/rescueme-mob2\/"]}]},{"@type":"ImageObject","inLanguage":"hr","@id":"https:\/\/oceansignal.com\/hr\/products\/rescueme-mob2\/#primaryimage","url":"https:\/\/oceansignal.com\/wp-content\/uploads\/2024\/07\/MOB2-22-07-24-A_Web.png","contentUrl":"https:\/\/oceansignal.com\/wp-content\/uploads\/2024\/07\/MOB2-22-07-24-A_Web.png","width":900,"height":807,"caption":"Ocean Signal rescueME MOB2 AIS ure\u0111aj za osobni lokator klase M odobren"},{"@type":"BreadcrumbList","@id":"https:\/\/oceansignal.com\/hr\/products\/rescueme-mob2\/#breadcrumb","itemListElement":[{"@type":"ListItem","position":1,"name":"Prera\u0111evina","item":"https:\/\/oceansignal.com\/hr\/preradevina\/"},{"@type":"ListItem","position":2,"name":"rescueME MOB2"}]},{"@type":"WebSite","@id":"https:\/\/oceansignal.com\/hr\/#website","url":"https:\/\/oceansignal.com\/hr\/","name":"Ocean Signal","description":"A leading manufacturer of EPIRBs, AIS, SARTs, Personal Locator Beacons, Man Overboard Beacon for the Marine and Outdoor Markets.","potentialAction":[{"@type":"SearchAction","target":{"@type":"EntryPoint","urlTemplate":"https:\/\/oceansignal.com\/hr\/?s={search_term_string}"},"query-input":{"@type":"PropertyValueSpecification","valueRequired":true,"valueName":"search_term_string"}}],"inLanguage":"hr"}]}},"_links":{"self":[{"href":"https:\/\/oceansignal.com\/hr\/wp-json\/wp\/v2\/product\/7803","targetHints":{"allow":["GET"]}}],"collection":[{"href":"https:\/\/oceansignal.com\/hr\/wp-json\/wp\/v2\/product"}],"about":[{"href":"https:\/\/oceansignal.com\/hr\/wp-json\/wp\/v2\/types\/product"}],"wp:featuredmedia":[{"embeddable":true,"href":"https:\/\/oceansignal.com\/hr\/wp-json\/wp\/v2\/media\/23807"}],"wp:attachment":[{"href":"https:\/\/oceansignal.com\/hr\/wp-json\/wp\/v2\/media?parent=7803"}],"wp:term":[{"taxonomy":"product_brand","embeddable":true,"href":"https:\/\/oceansignal.com\/hr\/wp-json\/wp\/v2\/product_brand?post=7803"},{"taxonomy":"product_cat","embeddable":true,"href":"https:\/\/oceansignal.com\/hr\/wp-json\/wp\/v2\/product_cat?post=7803"},{"taxonomy":"product_tag","embeddable":true,"href":"https:\/\/oceansignal.com\/hr\/wp-json\/wp\/v2\/product_tag?post=7803"}],"curies":[{"name":"wp","href":"https:\/\/api.w.org\/{rel}","templated":true}]}}