{"id":7811,"date":"2023-09-07T14:40:28","date_gmt":"2023-09-07T14:40:28","guid":{"rendered":"https:\/\/oceansignal.com\/products\/rescueme-mob1\/"},"modified":"2025-09-23T14:58:44","modified_gmt":"2025-09-23T14:58:44","slug":"rescueme-mob1","status":"publish","type":"product","link":"https:\/\/oceansignal.com\/hr\/products\/rescueme-mob1\/","title":{"rendered":"rescueME MOB1"},"content":{"rendered":"<p>Najbolja \u0161ansa za brzo spa\u0161avanje ako padnete u more dolazi s va\u0161eg plovila. Va\u0161a posada mora odmah biti svjesna incidenta i pratiti va\u0161 polo\u017eaj dok se oporavak provodi. \u010cak iu najumjerenijem moru zabrinjavaju\u0107e je koliko se brzo mo\u017ee izgubiti vidljivost \u010dovjeka u moru.  <\/p>\n<p>Nakon \u0161to se aktivira, va\u0161 MOB1 \u0107e odaslati upozorenje svim AIS prijemnicima i AIS omogu\u0107enim crta\u010dima u blizini. Integrirani GPS osigurava da se to\u010dna lokacija \u0161alje va\u0161em plovilu i bilo kojem drugom koji mo\u017ee pomo\u0107i. <\/p>\n<p>Dodatna zna\u010dajka MOB1 je njegova sposobnost da aktivira DSC alarm na VHF va\u0161em plovilu, upozoravaju\u0107i va\u0161u posadu na situaciju.<\/p>\n<p>\u017delite saznati vi\u0161e o najnovijim zahtjevima klase M za AIS MOB ?  <a href=\"https:\/\/oceansignal.com\/hr\/news\/razumijevanje-utjecaja-propisa-ais-klase-m-na-mob-ove\/\">Kliknite ovdje<\/a><\/p>\n<p>Ocean Signal rescueME MOB1 vitalna je komponenta svakog pomorskog sigurnosnog pribora, osmi\u0161ljenog za pru\u017eanje brze reakcije u hitnim slu\u010dajevima s \u010dovjekom u moru. Kompaktan i lagan, ovaj svjetionik se neprimjetno integrira s prslucima za spa\u0161avanje, osiguravaju\u0107i automatsko aktiviranje nakon uranjanja u vodu. Koriste\u0107i AIS tehnologiju, on emitira va\u0161u preciznu lokaciju obli\u017enjim plovilima i navigacijskim sustavima na brodu, olak\u0161avaju\u0107i brze i u\u010dinkovite operacije spa\u0161avanja. Sa svojom robusnom konstrukcijom, dugotrajnom baterijom i jednostavnim postavljanjem, rescueME MOB1 nudi bezbri\u017enost za mornare i nauti\u010dare, pove\u0107ava sigurnost na vodi i potencijalno spa\u0161ava \u017eivote u kriti\u010dnim situacijama.   <\/p>\n<p>Predstavljamo najmanji AIS MOB ure\u0111aj na svijetu s integriranim DSC-om \u2013 rescueME MOB1 tvrtke Ocean Signal . MOB1 je kompatibilan \u010dak i s najkompaktnijim prslucima za spa\u0161avanje na napuhavanje.* MOB1 je namijenjen za ugradnju unutar prsluka za spa\u0161avanje* i automatski \u0107e se aktivirati nakon napuhavanja, \u0161alju\u0107i prvo upozorenje unutar 15 sekundi. MOB1 je vodootporan do 10 metara.<\/p>\n<p>MOB1 <a href=\"https:\/\/www.youtube.com\/watch?v=WH4S8yhDAuo\">komunicira<\/a> s plovilom od kojeg ste odvojeni i drugim plovilima u blizini (domet do 5 milja, ovisno o uvjetima). Kako bi upozorio slu\u017ebe za spa\u0161avanje, alternativni proizvod rescueME PLB1 komunicira izravno putem namjenske satelitske mre\u017ee za tra\u017eenje i spa\u0161avanje. U slu\u010daju nu\u017ede rescueME MOB1 pru\u017ea 2 metode brzog priop\u0107avanja va\u0161eg polo\u017eaja, to\u010dnog do nekoliko metara, natrag do plovila, uz pru\u017eanje vizualne indikacije putem ugra\u0111enog stroboskopskog svjetla. Integrirano stroboskopsko svjetlo osigurava maksimalnu vidljivost u uvjetima slabog osvjetljenja.   <\/p>\n<p><a href=\"https:\/\/oceansignal.com\/hr\/news\/razumijevanje-utjecaja-propisa-ais-klase-m-na-mob-ove\/\">Saznajte vi\u0161e o nadolaze\u0107im MOB propisima: Class M AIS<\/a><\/p>\n<p>Ponosno <a href=\"https:\/\/oceansignal.com\/hr\/news\/ocean-signal-utrostrucuje-velicinu-tvornickih-objekata-kako-bi-zadovoljio-zahtjeve-proizvodnje\/\">proizvedeno u Ujedinjenom Kraljevstvu<\/a><\/p>\n<p><strong>Zna\u010dajkama:<\/strong><\/p>\n<p>&nbsp;<\/p>\n<ul>\n<li>AIS (sustav automatske identifikacije)<\/li>\n<li>Integrirani DSC oda\u0161ilja\u010d (digitalni selektivni poziv)*<\/li>\n<li>30% (tipi\u010dno) manji od konkurenata<\/li>\n<li>Automatska aktivacija<\/li>\n<li>Jednostavna integracija prsluka za spa\u0161avanje**<\/li>\n<li>7 godina trajanja baterije<\/li>\n<li>24+ sati radnog vijeka<\/li>\n<li>5 godina jamstva\u2020<\/li>\n<li>Brzo i precizno pozicioniranje<\/li>\n<\/ul>\n<p>&nbsp;<\/p>\n<p><em><strong>Kompatibilnost:<\/strong> Ve\u0107ina modernih AIS crta\u010da i DSC VHF uskla\u0111eni su sa standardima potrebnim za primanje MOB prijenosa. Me\u0111utim, osobito ako koristite stariju opremu, preporu\u010duje se da provjerite kompatibilnost kod proizvo\u0111a\u010da opreme. Za vi\u0161e informacija pogledajte FAQ u nastavku.<br \/>\n<\/em><\/p>\n<p>&nbsp;<\/p>\n<p>Korisnik MOB1 mo\u017ee konfigurirati za unos DSC MMSI broja plovila* preuzimanjem softvera na donjoj poveznici. DSC broj plovila mo\u017ee se programirati vi\u0161e puta. <\/p>\n<p>&nbsp;<\/p>\n<p><span style=\"color: #c22f00\">* Funkcionalnost DSC-a podlije\u017ee propisima zemlje.<\/span><br \/>\n<span style=\"color: #c22f00\"><em>** Prije postavljanja ovog proizvoda izravno na svoj prsluk za spa\u0161avanje uvijek se obratite proizvo\u0111a\u010du za posebne upute.<\/em><\/span><br \/>\n<span style=\"color: #c22f00\">\u2020 Podlo\u017eno izjavi o jamstvu. ( <em>Napomena: kada se koristi u komercijalnim aplikacijama, jamstveni rok je ograni\u010den na dvije godine.<\/em> )<\/span><\/p>\n","protected":false},"excerpt":{"rendered":"<p>Najmanji AIS MOB ure\u0111aj na svijetu s integriranim DSC-om.<\/p>\n<ul>\n<li>AIS (sustav automatske identifikacije)<\/li>\n<li>Integrirani DSC oda\u0161ilja\u010d (digitalni selektivni poziv)*<\/li>\n<li>30% (tipi\u010dno) manji od konkurenata<\/li>\n<li>Automatska aktivacija<\/li>\n<li>Jednostavna integracija prsluka za spa\u0161avanje**<\/li>\n<li>7 godina trajanja baterije<\/li>\n<li>24+ sati radnog vijeka<\/li>\n<li>5 godina jamstva\u2020<\/li>\n<li>Brzo i precizno pozicioniranje<\/li>\n<\/ul>\n<p><img loading=\"lazy\" decoding=\"async\" class=\"alignnone size-medium wp-image-609\" src=\"http:\/\/oceansignal.com\/wp-content\/uploads\/2023\/09\/MT_Dame-logo_nominated_RGB-small-300x70.jpg\" alt=\"\" width=\"300\" height=\"70\" srcset=\"https:\/\/oceansignal.com\/wp-content\/uploads\/2023\/09\/MT_Dame-logo_nominated_RGB-small-300x70.jpg 300w, https:\/\/oceansignal.com\/wp-content\/uploads\/2023\/09\/MT_Dame-logo_nominated_RGB-small.jpg 323w\" sizes=\"auto, (max-width: 300px) 100vw, 300px\" \/><\/p>\n<p>Nalazi se u Velikoj Britaniji ili EU?  <a href=\"https:\/\/oceansignal.com\/hr\/products\/rescueme-mob2\/\">Pogledajte novi Ocean Signal MOB2 iz 2025. godine.<\/a><\/p>\n<p><a href=\"https:\/\/www.dropbox.com\/s\/8343nj28z0d7bxa\/Prop%2065%20-%20BPA.pdf?dl=0\">UPOZORENJE: PROP 65<\/a><\/p>\n","protected":false},"featured_media":19218,"template":"","meta":{"_acf_changed":false,"om_disable_all_campaigns":false},"product_brand":[],"product_cat":[1080,476],"product_tag":[528,1081,531],"class_list":{"0":"post-7811","1":"product","2":"type-product","3":"status-publish","4":"has-post-thumbnail","6":"product_cat-covjek-u-moru","7":"product_cat-rescueme-hr","8":"product_tag-ais-mob-hr","9":"product_tag-covjek-preko-broda","10":"product_tag-rulja","12":"first","13":"instock","14":"taxable","15":"shipping-taxable","16":"purchasable","17":"product-type-simple"},"acf":[],"yoast_head":"<!-- This site is optimized with the Yoast SEO Premium plugin v25.2 (Yoast SEO v26.4) - https:\/\/yoast.com\/wordpress\/plugins\/seo\/ -->\n<title>rescueME MOB1 - Ocean Signal<\/title>\n<meta name=\"description\" content=\"Ocean Signal rescueME MOB1 AIS Man Overboard Beacon je vrhunsko rje\u0161enje za sigurnost na moru, posebno dizajnirano za pomo\u0107 u SOS situacijama.\" \/>\n<meta name=\"robots\" content=\"index, follow, max-snippet:-1, max-image-preview:large, max-video-preview:-1\" \/>\n<link rel=\"canonical\" href=\"https:\/\/oceansignal.com\/hr\/products\/rescueme-mob1\/\" \/>\n<meta property=\"og:locale\" content=\"hr_HR\" \/>\n<meta property=\"og:type\" content=\"article\" \/>\n<meta property=\"og:title\" content=\"rescueME MOB1\" \/>\n<meta property=\"og:description\" content=\"Ocean Signal rescueME MOB1 AIS Man Overboard Beacon je vrhunsko rje\u0161enje za sigurnost na moru, posebno dizajnirano za pomo\u0107 u SOS situacijama.\" \/>\n<meta property=\"og:url\" content=\"https:\/\/oceansignal.com\/hr\/products\/rescueme-mob1\/\" \/>\n<meta property=\"og:site_name\" content=\"Ocean Signal\" \/>\n<meta property=\"article:modified_time\" content=\"2025-09-23T14:58:44+00:00\" \/>\n<meta property=\"og:image\" content=\"https:\/\/oceansignal.com\/wp-content\/uploads\/2023\/09\/MOB1-square-1.jpg\" \/>\n\t<meta property=\"og:image:width\" content=\"1000\" \/>\n\t<meta property=\"og:image:height\" content=\"1000\" \/>\n\t<meta property=\"og:image:type\" content=\"image\/jpeg\" \/>\n<meta name=\"twitter:card\" content=\"summary_large_image\" \/>\n<meta name=\"twitter:label1\" content=\"Procijenjeno vrijeme \u010ditanja\" \/>\n\t<meta name=\"twitter:data1\" content=\"3 minute\" \/>\n<script type=\"application\/ld+json\" class=\"yoast-schema-graph\">{\"@context\":\"https:\/\/schema.org\",\"@graph\":[{\"@type\":\"WebPage\",\"@id\":\"https:\/\/oceansignal.com\/hr\/products\/rescueme-mob1\/\",\"url\":\"https:\/\/oceansignal.com\/hr\/products\/rescueme-mob1\/\",\"name\":\"rescueME MOB1 - Ocean Signal\",\"isPartOf\":{\"@id\":\"https:\/\/oceansignal.com\/hr\/#website\"},\"primaryImageOfPage\":{\"@id\":\"https:\/\/oceansignal.com\/hr\/products\/rescueme-mob1\/#primaryimage\"},\"image\":{\"@id\":\"https:\/\/oceansignal.com\/hr\/products\/rescueme-mob1\/#primaryimage\"},\"thumbnailUrl\":\"https:\/\/oceansignal.com\/wp-content\/uploads\/2023\/09\/MOB1-square-1.jpg\",\"datePublished\":\"2023-09-07T14:40:28+00:00\",\"dateModified\":\"2025-09-23T14:58:44+00:00\",\"description\":\"Ocean Signal rescueME MOB1 AIS Man Overboard Beacon je vrhunsko rje\u0161enje za sigurnost na moru, posebno dizajnirano za pomo\u0107 u SOS situacijama.\",\"breadcrumb\":{\"@id\":\"https:\/\/oceansignal.com\/hr\/products\/rescueme-mob1\/#breadcrumb\"},\"inLanguage\":\"hr\",\"potentialAction\":[{\"@type\":\"ReadAction\",\"target\":[\"https:\/\/oceansignal.com\/hr\/products\/rescueme-mob1\/\"]}]},{\"@type\":\"ImageObject\",\"inLanguage\":\"hr\",\"@id\":\"https:\/\/oceansignal.com\/hr\/products\/rescueme-mob1\/#primaryimage\",\"url\":\"https:\/\/oceansignal.com\/wp-content\/uploads\/2023\/09\/MOB1-square-1.jpg\",\"contentUrl\":\"https:\/\/oceansignal.com\/wp-content\/uploads\/2023\/09\/MOB1-square-1.jpg\",\"width\":1000,\"height\":1000,\"caption\":\"Ocean Signal rescueME MOB1 AIS signal za \u010dovjeka u moru s DSC-om. Najmanji MOB na svijetu.\"},{\"@type\":\"BreadcrumbList\",\"@id\":\"https:\/\/oceansignal.com\/hr\/products\/rescueme-mob1\/#breadcrumb\",\"itemListElement\":[{\"@type\":\"ListItem\",\"position\":1,\"name\":\"Prera\u0111evina\",\"item\":\"https:\/\/oceansignal.com\/hr\/preradevina\/\"},{\"@type\":\"ListItem\",\"position\":2,\"name\":\"rescueME MOB1\"}]},{\"@type\":\"WebSite\",\"@id\":\"https:\/\/oceansignal.com\/hr\/#website\",\"url\":\"https:\/\/oceansignal.com\/hr\/\",\"name\":\"Ocean Signal\",\"description\":\"A leading manufacturer of EPIRBs, AIS, SARTs, Personal Locator Beacons, Man Overboard Beacon for the Marine and Outdoor Markets.\",\"potentialAction\":[{\"@type\":\"SearchAction\",\"target\":{\"@type\":\"EntryPoint\",\"urlTemplate\":\"https:\/\/oceansignal.com\/hr\/?s={search_term_string}\"},\"query-input\":{\"@type\":\"PropertyValueSpecification\",\"valueRequired\":true,\"valueName\":\"search_term_string\"}}],\"inLanguage\":\"hr\"}]}<\/script>\n<!-- \/ Yoast SEO Premium plugin. -->","yoast_head_json":{"title":"rescueME MOB1 - Ocean Signal","description":"Ocean Signal rescueME MOB1 AIS Man Overboard Beacon je vrhunsko rje\u0161enje za sigurnost na moru, posebno dizajnirano za pomo\u0107 u SOS situacijama.","robots":{"index":"index","follow":"follow","max-snippet":"max-snippet:-1","max-image-preview":"max-image-preview:large","max-video-preview":"max-video-preview:-1"},"canonical":"https:\/\/oceansignal.com\/hr\/products\/rescueme-mob1\/","og_locale":"hr_HR","og_type":"article","og_title":"rescueME MOB1","og_description":"Ocean Signal rescueME MOB1 AIS Man Overboard Beacon je vrhunsko rje\u0161enje za sigurnost na moru, posebno dizajnirano za pomo\u0107 u SOS situacijama.","og_url":"https:\/\/oceansignal.com\/hr\/products\/rescueme-mob1\/","og_site_name":"Ocean Signal","article_modified_time":"2025-09-23T14:58:44+00:00","og_image":[{"width":1000,"height":1000,"url":"https:\/\/oceansignal.com\/wp-content\/uploads\/2023\/09\/MOB1-square-1.jpg","type":"image\/jpeg"}],"twitter_card":"summary_large_image","twitter_misc":{"Procijenjeno vrijeme \u010ditanja":"3 minute"},"schema":{"@context":"https:\/\/schema.org","@graph":[{"@type":"WebPage","@id":"https:\/\/oceansignal.com\/hr\/products\/rescueme-mob1\/","url":"https:\/\/oceansignal.com\/hr\/products\/rescueme-mob1\/","name":"rescueME MOB1 - Ocean Signal","isPartOf":{"@id":"https:\/\/oceansignal.com\/hr\/#website"},"primaryImageOfPage":{"@id":"https:\/\/oceansignal.com\/hr\/products\/rescueme-mob1\/#primaryimage"},"image":{"@id":"https:\/\/oceansignal.com\/hr\/products\/rescueme-mob1\/#primaryimage"},"thumbnailUrl":"https:\/\/oceansignal.com\/wp-content\/uploads\/2023\/09\/MOB1-square-1.jpg","datePublished":"2023-09-07T14:40:28+00:00","dateModified":"2025-09-23T14:58:44+00:00","description":"Ocean Signal rescueME MOB1 AIS Man Overboard Beacon je vrhunsko rje\u0161enje za sigurnost na moru, posebno dizajnirano za pomo\u0107 u SOS situacijama.","breadcrumb":{"@id":"https:\/\/oceansignal.com\/hr\/products\/rescueme-mob1\/#breadcrumb"},"inLanguage":"hr","potentialAction":[{"@type":"ReadAction","target":["https:\/\/oceansignal.com\/hr\/products\/rescueme-mob1\/"]}]},{"@type":"ImageObject","inLanguage":"hr","@id":"https:\/\/oceansignal.com\/hr\/products\/rescueme-mob1\/#primaryimage","url":"https:\/\/oceansignal.com\/wp-content\/uploads\/2023\/09\/MOB1-square-1.jpg","contentUrl":"https:\/\/oceansignal.com\/wp-content\/uploads\/2023\/09\/MOB1-square-1.jpg","width":1000,"height":1000,"caption":"Ocean Signal rescueME MOB1 AIS signal za \u010dovjeka u moru s DSC-om. Najmanji MOB na svijetu."},{"@type":"BreadcrumbList","@id":"https:\/\/oceansignal.com\/hr\/products\/rescueme-mob1\/#breadcrumb","itemListElement":[{"@type":"ListItem","position":1,"name":"Prera\u0111evina","item":"https:\/\/oceansignal.com\/hr\/preradevina\/"},{"@type":"ListItem","position":2,"name":"rescueME MOB1"}]},{"@type":"WebSite","@id":"https:\/\/oceansignal.com\/hr\/#website","url":"https:\/\/oceansignal.com\/hr\/","name":"Ocean Signal","description":"A leading manufacturer of EPIRBs, AIS, SARTs, Personal Locator Beacons, Man Overboard Beacon for the Marine and Outdoor Markets.","potentialAction":[{"@type":"SearchAction","target":{"@type":"EntryPoint","urlTemplate":"https:\/\/oceansignal.com\/hr\/?s={search_term_string}"},"query-input":{"@type":"PropertyValueSpecification","valueRequired":true,"valueName":"search_term_string"}}],"inLanguage":"hr"}]}},"_links":{"self":[{"href":"https:\/\/oceansignal.com\/hr\/wp-json\/wp\/v2\/product\/7811","targetHints":{"allow":["GET"]}}],"collection":[{"href":"https:\/\/oceansignal.com\/hr\/wp-json\/wp\/v2\/product"}],"about":[{"href":"https:\/\/oceansignal.com\/hr\/wp-json\/wp\/v2\/types\/product"}],"wp:featuredmedia":[{"embeddable":true,"href":"https:\/\/oceansignal.com\/hr\/wp-json\/wp\/v2\/media\/19218"}],"wp:attachment":[{"href":"https:\/\/oceansignal.com\/hr\/wp-json\/wp\/v2\/media?parent=7811"}],"wp:term":[{"taxonomy":"product_brand","embeddable":true,"href":"https:\/\/oceansignal.com\/hr\/wp-json\/wp\/v2\/product_brand?post=7811"},{"taxonomy":"product_cat","embeddable":true,"href":"https:\/\/oceansignal.com\/hr\/wp-json\/wp\/v2\/product_cat?post=7811"},{"taxonomy":"product_tag","embeddable":true,"href":"https:\/\/oceansignal.com\/hr\/wp-json\/wp\/v2\/product_tag?post=7811"}],"curies":[{"name":"wp","href":"https:\/\/api.w.org\/{rel}","templated":true}]}}