{"id":7824,"date":"2023-03-27T07:28:36","date_gmt":"2023-03-27T07:28:36","guid":{"rendered":"https:\/\/oceansignal.com\/products\/rescueme-epirb3\/"},"modified":"2026-03-25T10:12:04","modified_gmt":"2026-03-25T10:12:04","slug":"rescueme-epirb3","status":"publish","type":"product","link":"https:\/\/oceansignal.com\/hr\/products\/rescueme-epirb3\/","title":{"rendered":"rescueME EPIRB3"},"content":{"rendered":"<p class=\"ai-optimize-38\"><a href=\"https:\/\/www.dropbox.com\/s\/8343nj28z0d7bxa\/Prop%2065%20-%20BPA.pdf?dl=0\" data-cke-saved-href=\"https:\/\/www.dropbox.com\/s\/8343nj28z0d7bxa\/Prop%2065%20-%20BPA.pdf?dl=0\">UPOZORENJE: PROP 65<\/a><\/p>\n<p class=\"ai-optimize-39\">Sa\u017eetak:<\/p>\n<p class=\"ai-optimize-40\">Novi Ocean Signal rescueME EPIRB3 je potpuno opremljeni 406 MHz globalni GMDSS odobreni radio-far za ozna\u010davanje polo\u017eaja u nu\u017edi koji dolazi s ru\u010dnim nosa\u010dem za otpu\u0161tanje i sadr\u017ei mno\u0161tvo zna\u010dajki u kompaktnom modernom dizajnu koji uklju\u010duje AIS tehnologiju. AIS pru\u017ea lokalnim spasiocima precizne i pouzdane informacije o trenutnom polo\u017eaju farnika, \u010dime se ubrzavaju operacije spa\u0161avanja. Osim toga, Return Link Service (RLS) pru\u017ea udobnost onima koji aktiviraju far potvr\u0111uju\u0107i da je njihova poruka o nevolji primljena. Uklju\u010divanje mogu\u0107nosti komunikacije bliskog polja (NFC) omogu\u0107uje kori\u0161tenje aplikacije za pametne telefone za pra\u0107enje baterije EPIRB -a i drugih funkcija osiguravaju\u0107i njegov ispravan rad. Svojim tankim dizajnom i naprednim zna\u010dajkama, EPIRB3 idealan je za razne pomorce, bez obzira krstare li Mediteranom, kre\u0107u li se kroz moreuz, love ribu, rade ili plove na otvorenom moru.    <\/p>\n<p class=\"ai-optimize-41\">Opis:<\/p>\n<p class=\"ai-optimize-42\">Ocean Signal -ov novi EPIRB3 (Emergency Position Indicating Radio Beacon) pove\u0107ava pouzdanost i olak\u0161ava operacije spa\u0161avanja s novim naprednim zna\u010dajkama. Ovaj novi GMDSS odobreni EPIRB oda\u0161ilje digitalni signal za pomo\u0107 na 406 MHz obavje\u0161tavaju\u0107i spasioce diljem svijeta putem satelita i lokalno emitira VHF signale Automatskog identifikacijskog sustava (AIS) kako bi pomogao spasiocima da br\u017ee prona\u0111u svjetionik. Nakon aktiviranja, EPIRB3 oda\u0161ilje signal za pomo\u0107 globalnom satelitskom sustavu za spa\u0161avanje <a href=\"https:\/\/www.cospas-sarsat.int\/en\/\">Cospas-Sarsat<\/a> i istovremeno \u0161alje AIS upozorenje na VHF frekvencijama koje odmah mo\u017ee vidjeti bilo koje obli\u017enje plovilo opremljeno AIS-om. Usluga povratne veze (RLS) pru\u017ea vizualnu potvrdu korisniku da je primljena njegova poruka o nevolji. Kombinacija AIS-a, signala za navo\u0111enje od 121,5 MHz i vidljivih i infracrvenih stroboskopskih svjetala ubrzava vrijeme oporavka omogu\u0107uju\u0107i spasiocima da to\u010dno odrede lokaciju svjetionika, \u010dak i ako je zalutao, bez obzira na doba dana ili no\u0107i. Komunikacija bliskog polja (NFC) je izvrsna nova zna\u010dajka koja korisnicima omogu\u0107uje pra\u0107enje EPIRB3 pomo\u0107u besplatne mobilne aplikacije za pametne telefone, osiguravaju\u0107i da baterija ima dovoljno snage i da svjetionik ispravno funkcionira prije polaska.     <\/p>\n<p>&nbsp;<\/p>\n<p class=\"ai-optimize-43\">Napredna tehnologija pomorske sigurnosti i spa\u0161avanja tvrtke Ocean Signal u novom EPIRB3 s AIS-om kombinira inovativne nove zna\u010dajke u kompaktnom, ergonomski dizajniranom ku\u0107i\u0161tu koje je idealno za sve vrste i veli\u010dine rekreacijskih i komercijalnih plovila.<\/p>\n<p>&nbsp;<\/p>\n<p class=\"ai-optimize-44\"><strong>Vrijeme spa\u0161avanja mo\u017ee se pobolj\u0161ati globalnom aktivacijom u kombinaciji s AIS lokalnim emitiranjem svjetionika.<\/strong><\/p>\n<p>&nbsp;<\/p>\n<p class=\"ai-optimize-45\">EPIRB3 koristi GNSS (GPS, Galileo, Glonass) mre\u017ee za pozicioniranje kako bi odredio svoju lokaciju globalno. Kada se svjetionik aktivira, prijenos u slu\u010daju opasnosti od 406 MHz prenosi ovu GPS EPIRB (GPIRB) poziciju, to\u010dnu unutar 100 metara, svjetskoj satelitskoj mre\u017ei za potragu i spa\u0161avanje <a href=\"https:\/\/www.cospas-sarsat.int\/en\/\">Cospas-Sarsat<\/a> . Zemaljske stanice povezane sa satelitskim sustavom primaju EPIRB identifikaciju i informacije o polo\u017eaju raspore\u0111ivanja kako bi se operacije spa\u0161avanja mogle koordinirati i pokrenuti. S naprednom AIS tehnologijom koja je sada ugra\u0111ena u EPIRB , odmah nakon aktivacije, svjetionik po\u010dinje oda\u0161iljati AIS signale tako da su obli\u017enja plovila opremljena AIS-om odmah obavije\u0161tena o situaciji s nevoljom i dobivaju lokaciju svjetionika. Plovila opremljena AIS-om unutar VHF dometa vidjet \u0107e sigurnosnu poruku na svojim ekranima koja uklju\u010duje MMSI identifikaciju plovila. Lokalna plovila mogu odmah zapo\u010deti operacije spa\u0161avanja i spa\u0161avanja, potencijalno ubrzavaju\u0107i vrijeme spa\u0161avanja i spa\u0161avaju\u0107i \u017eivote. Budu\u0107i da se AIS cilj prikazuje na brodskom zaslonu bilo kojeg obli\u017enjeg plovila opremljenog AIS-om, mogu lako navigirati izravno do EPIRB a odabirom AIS cilja. \u010cak i kada nisu dostupna lokalna plovila, AIS \u0107e ubrzati vrijeme spa\u0161avanja omogu\u0107uju\u0107i pomorskim SAR operaterima da precizno odrede lokaciju EPIRB -a dok se pribli\u017eavaju. Kombinacija globalnog satelitskog poziva u nevolji, preciznog prijenosa lokacije GPIRB-a i lokalnih AIS sigurnosnih poruka uvelike \u0107e pobolj\u0161ati vrijeme spa\u0161avanja i uspjeh.        <\/p>\n<p>&nbsp;<\/p>\n<p class=\"ai-optimize-46\"><strong>Near Field Communication (NFC) pru\u017ea EPIRB dijagnostiku pomo\u0107u pametnog telefona.<\/strong><\/p>\n<p>&nbsp;<\/p>\n<p class=\"ai-optimize-47\">Korisnici radio-farova za indikaciju polo\u017eaja u nu\u017edi sada mogu provjeriti svoj EPIRB povezivanjem pametnog telefona s njim putem <a href=\"https:\/\/www.youtube.com\/watch?v=MRXLii6r3n4&amp;t=10s\">NFC-a (komunikacija bliskog polja)<\/a> . Ova tehnologija povezuje pametni telefon postavljen uz EPIRB3 automatskim pokretanjem besplatne aplikacije Ocean Signal Product. U aplikaciji je dostupna potpuna dijagnostika koja korisniku prikazuje trenutno trajanje baterije, broj dovr\u0161enih samotestova, broj dovr\u0161enih GNSS testova i koliko je dugo EPIRB aktiviran. Detaljne informacije, uklju\u010duju\u0107i prikaz karte koji pokazuje gdje je proveden GNSS test, datum i vrijeme testa, vrijeme potrebno EPIRB u da dobije fiksaciju GNSS koordinata, broj satelita kori\u0161tenih za dobivanje te fiksacije i to\u010dnost fiksacije, sve se prakti\u010dno prikazuje. Besplatna mobilna aplikacija i NFC funkcionalnost Ocean Signal pru\u017eaju korisnicima sve informacije koje su im potrebne kako bi potvrdili da je njihov EPIRB u potpunosti funkcionalan i spreman za upotrebu u slu\u010daju nu\u017ede.    <\/p>\n<p>&nbsp;<\/p>\n<p class=\"ai-optimize-48\"><strong>Prakti\u010dna usluga povratne veze (RLS) govori korisnicima da je njihov poziv u pomo\u0107 primljen.<\/strong><\/p>\n<p>&nbsp;<\/p>\n<p class=\"ai-optimize-49\">EPIRB-ovi se koriste u vrijeme nevolje, a spasila\u010dke operacije mogu potrajati, posebno ako se plovilo u nevolji nalazi daleko od obale. EPIRB3 opremljen je uslugom povratne veze koja obavje\u0161tava korisnike da je signal za pomo\u0107 od radio-svjetionika poslan. RLS signal \u0161alje se natrag putem <a href=\"https:\/\/www.euspa.europa.eu\/european-space\/galileo\/services\/search-and-rescue-sar-galileo-service\">satelitske mre\u017ee Galileo<\/a> kako bi se potvrdilo da je primljena poruka o nevolji, zajedno s preciznom lokacijom EPIRB i identifikatorima. Jednostavno trep\u0107u\u0107e plavo svjetlo obavje\u0161tava korisnike da se EPIRB uspje\u0161no povezao putem satelitske mre\u017ee i da \u0107e spasioci biti obavije\u0161teni. Znanje da je digitalni poziv u pomo\u0107 uspje\u0161no prenesen, zajedno s identifikacijom EPIRB i lokacijom radio-svjetionika, poma\u017ee onima u nevolji da ostanu mirni dok \u010dekaju spasila\u010dke operacije.    <\/p>\n<p>&nbsp;<\/p>\n<p class=\"ai-optimize-50\"><strong>Monta\u017eni nosa\u010d<\/strong><\/p>\n<p>&nbsp;<\/p>\n<p class=\"ai-optimize-51\">EPIRB3 dolazi s nosa\u010dem za ru\u010dno otpu\u0161tanje kategorije dva. Ovaj nosa\u010d sigurno pohranjuje EPIRB3 tijekom cijelog putovanja, bez obzira na uvjete tijekom putovanja. Tako\u0111er omogu\u0107uje brzo otpu\u0161tanje tako da se EPIRB mo\u017ee brzo i jednostavno ukloniti kada je potrebno.  <\/p>\n<p>&nbsp;<\/p>\n<p class=\"ai-optimize-52\">Ocean Signal koristi naprednu tehnologiju i kvalitetne proizvodne procese za razvoj i proizvodnju kvalitetnih elektroni\u010dkih ure\u0111aja za spa\u0161avanje i drugih proizvoda za spa\u0161avanje \u017eivota. Novi EPIRB3 sa svojim konturnim profilom jednako je prikladan i za jedrilice i za motorne brodove. I rekreacijski i komercijalni korisnici mogu biti sigurni da zna\u010dajke ovog novog radio-fara za ozna\u010davanje polo\u017eaja u nu\u017edi pru\u017eaju najve\u0107u \u0161ansu za u\u010dinkovito i uspje\u0161no spa\u0161avanje bez obzira kamo idu. Mno\u0161tvo visokotehnolo\u0161kih zna\u010dajki u EPIRB3 kombinira se s jedinstvenim dizajnom koji omogu\u0107uje u\u010dinkovitu upotrebu na svim vrstama plovila, bez obzira rade li ili se igraju blizu obale, na otvorenom moru ili putuju svijetom.   <\/p>\n<p class=\"ai-optimize-53\">Za verziju bez plutanja kategorije 1: <a href=\"https:\/\/oceansignal.com\/products\/safesea-epirb3-pro\/\">safeSEA EPIRB3 Pro<\/a><\/p>\n<p class=\"ai-optimize-54\"><strong>Zna\u010dajkama:<\/strong><\/p>\n<p>&nbsp;<\/p>\n<ul>\n<li class=\"ai-optimize-55\">30% (tip) manji<\/li>\n<li class=\"ai-optimize-56\">AIS upozorenje za pomo\u0107<\/li>\n<li class=\"ai-optimize-57\">Usluga povratne veze (RLS)<\/li>\n<li class=\"ai-optimize-58\">Mobilna povezivost pomo\u0107u NFC komunikacije bliskog polja (NFC)<\/li>\n<li class=\"ai-optimize-59\">Besplatna aplikacija (Apple i Android)<\/li>\n<li class=\"ai-optimize-60\">10 godina trajanja baterije<\/li>\n<li class=\"ai-optimize-61\">48+ sati radnog vijeka<\/li>\n<li class=\"ai-optimize-62\">2 godine jamstva (mo\u017ee se produljiti jamstvo na 5 godina putem registracije proizvoda kod Ocean Signal )<\/li>\n<li class=\"ai-optimize-63\">Brzo i precizno pozicioniranje sa 72-kanalnim GPS-om<\/li>\n<li class=\"ai-optimize-64\">Uvla\u010diva antena<\/li>\n<li class=\"ai-optimize-65\">Nosa\u010d za brzo otpu\u0161tanje<\/li>\n<li class=\"ai-optimize-66\">Sigurna vrpca<\/li>\n<\/ul>\n<p>&nbsp;<\/p>\n","protected":false},"excerpt":{"rendered":"<p class=\"ai-optimize-14\" data-start=\"318\" data-end=\"494\">RescueME EPIRB3 kombinira globalnu pokrivenost spa\u0161avanjem i ima ugra\u0111eni AIS, za pametne lokalne zna\u010dajke spa\u0161avanja u jednoj kompaktnoj jedinici.<\/p>\n<ul>\n<li class=\"ai-optimize-15\" style=\"list-style-type: none;\">\n<ul data-start=\"496\" data-end=\"1135\">\n<li class=\"ai-optimize-16\" data-start=\"496\" data-end=\"748\">\n<p class=\"ai-optimize-17\" data-start=\"498\" data-end=\"748\"><strong data-start=\"498\" data-end=\"544\">Globalna SAR povezivost putem Cospas-Sarsata:<\/strong> \u0160alje va\u0161 signal za pomo\u0107 od 406 MHz izravno me\u0111unarodnim slu\u017ebama traganja i spa\u0161avanja \u2014 osiguravaju\u0107i <strong data-start=\"678\" data-end=\"725\">zajam\u010deni,<\/strong> vladino koordinirani odgovor bilo gdje u svijetu, 24\/7\/365.<\/p>\n<\/li>\n<li class=\"ai-optimize-18\" data-start=\"749\" data-end=\"929\">\n<p class=\"ai-optimize-19\" data-start=\"751\" data-end=\"929\"><strong data-start=\"751\" data-end=\"787\">Usluga povratne veze (RLS) + AIS:<\/strong> Potvr\u0111uje da je va\u0161 signal primljen vizualnim plavim svjetlom, dok AIS emitira va\u0161u lokaciju obli\u017enjim plovilima za <strong data-start=\"905\" data-end=\"928\">dvostruko spa\u0161avanje<\/strong> .<\/p>\n<\/li>\n<li class=\"ai-optimize-20\" data-start=\"930\" data-end=\"1135\">\n<p class=\"ai-optimize-21\" data-start=\"932\" data-end=\"1135\"><strong data-start=\"932\" data-end=\"968\">Pouzdane, dugotrajne performanse:<\/strong> Ima visokoprecizni GNSS prijemnik, vi\u0161e od 48 sati rada baterije nakon aktivacije i u potpunosti je uskla\u0111en sa zahtjevima <strong data-start=\"1091\" data-end=\"1098\">IMO<\/strong> i <strong data-start=\"1103\" data-end=\"1112\">SOLAS<\/strong> konvencija za prijevoz.<\/p>\n<\/li>\n<li class=\"ai-optimize-22\" data-start=\"930\" data-end=\"1135\"><strong>Nema pretplatni\u010dkih naknada<\/strong> .<\/li>\n<\/ul>\n<\/li>\n<\/ul>\n","protected":false},"featured_media":12412,"template":"","meta":{"_acf_changed":false,"om_disable_all_campaigns":false},"product_brand":[],"product_cat":[704,476],"product_tag":[530,705,708,706,707],"class_list":{"0":"post-7824","1":"product","2":"type-product","3":"status-publish","4":"has-post-thumbnail","6":"product_cat-epirb-hr","7":"product_cat-rescueme-hr","8":"product_tag-ais-hr","9":"product_tag-epirb-hr","10":"product_tag-epirb3-hr","11":"product_tag-nfc-hr","12":"product_tag-rls-hr","14":"first","15":"instock","16":"taxable","17":"shipping-taxable","18":"purchasable","19":"product-type-simple"},"acf":[],"yoast_head":"<!-- This site is optimized with the Yoast SEO Premium plugin v25.2 (Yoast SEO v26.4) - https:\/\/yoast.com\/wordpress\/plugins\/seo\/ -->\n<title>rescueME EPIRB3 - Ocean Signal<\/title>\n<meta name=\"description\" content=\"Ostanite sigurni na moru uz rescueME EPIRB3 : Ovaj radio-far za ozna\u010davanje polo\u017eaja u nu\u017edi ili EPIRB sada uklju\u010duje AIS i odobren je od strane GMDSS-a za nauti\u010dare. Kupite odmah!\" \/>\n<meta name=\"robots\" content=\"index, follow, max-snippet:-1, max-image-preview:large, max-video-preview:-1\" \/>\n<link rel=\"canonical\" href=\"https:\/\/oceansignal.com\/hr\/products\/rescueme-epirb3\/\" \/>\n<meta property=\"og:locale\" content=\"hr_HR\" \/>\n<meta property=\"og:type\" content=\"article\" \/>\n<meta property=\"og:title\" content=\"rescueME EPIRB3\" \/>\n<meta property=\"og:description\" content=\"Ostanite sigurni na moru uz rescueME EPIRB3 : Ovaj radio-far za ozna\u010davanje polo\u017eaja u nu\u017edi ili EPIRB sada uklju\u010duje AIS i odobren je od strane GMDSS-a za nauti\u010dare. Kupite odmah!\" \/>\n<meta property=\"og:url\" content=\"https:\/\/oceansignal.com\/hr\/products\/rescueme-epirb3\/\" \/>\n<meta property=\"og:site_name\" content=\"Ocean Signal\" \/>\n<meta property=\"article:modified_time\" content=\"2026-03-25T10:12:04+00:00\" \/>\n<meta property=\"og:image\" content=\"https:\/\/oceansignal.com\/wp-content\/uploads\/2023\/03\/EPIRB3-Front.png\" \/>\n\t<meta property=\"og:image:width\" content=\"800\" \/>\n\t<meta property=\"og:image:height\" content=\"800\" \/>\n\t<meta property=\"og:image:type\" content=\"image\/png\" \/>\n<meta name=\"twitter:card\" content=\"summary_large_image\" \/>\n<meta name=\"twitter:label1\" content=\"Procijenjeno vrijeme \u010ditanja\" \/>\n\t<meta name=\"twitter:data1\" content=\"6 minuta\" \/>\n<script type=\"application\/ld+json\" class=\"yoast-schema-graph\">{\"@context\":\"https:\/\/schema.org\",\"@graph\":[{\"@type\":\"WebPage\",\"@id\":\"https:\/\/oceansignal.com\/hr\/products\/rescueme-epirb3\/\",\"url\":\"https:\/\/oceansignal.com\/hr\/products\/rescueme-epirb3\/\",\"name\":\"rescueME EPIRB3 - Ocean Signal\",\"isPartOf\":{\"@id\":\"https:\/\/oceansignal.com\/hr\/#website\"},\"primaryImageOfPage\":{\"@id\":\"https:\/\/oceansignal.com\/hr\/products\/rescueme-epirb3\/#primaryimage\"},\"image\":{\"@id\":\"https:\/\/oceansignal.com\/hr\/products\/rescueme-epirb3\/#primaryimage\"},\"thumbnailUrl\":\"https:\/\/oceansignal.com\/wp-content\/uploads\/2023\/03\/EPIRB3-Front.png\",\"datePublished\":\"2023-03-27T07:28:36+00:00\",\"dateModified\":\"2026-03-25T10:12:04+00:00\",\"description\":\"Ostanite sigurni na moru uz rescueME EPIRB3 : Ovaj radio-far za ozna\u010davanje polo\u017eaja u nu\u017edi ili EPIRB sada uklju\u010duje AIS i odobren je od strane GMDSS-a za nauti\u010dare. Kupite odmah!\",\"breadcrumb\":{\"@id\":\"https:\/\/oceansignal.com\/hr\/products\/rescueme-epirb3\/#breadcrumb\"},\"inLanguage\":\"hr\",\"potentialAction\":[{\"@type\":\"ReadAction\",\"target\":[\"https:\/\/oceansignal.com\/hr\/products\/rescueme-epirb3\/\"]}]},{\"@type\":\"ImageObject\",\"inLanguage\":\"hr\",\"@id\":\"https:\/\/oceansignal.com\/hr\/products\/rescueme-epirb3\/#primaryimage\",\"url\":\"https:\/\/oceansignal.com\/wp-content\/uploads\/2023\/03\/EPIRB3-Front.png\",\"contentUrl\":\"https:\/\/oceansignal.com\/wp-content\/uploads\/2023\/03\/EPIRB3-Front.png\",\"width\":800,\"height\":800},{\"@type\":\"BreadcrumbList\",\"@id\":\"https:\/\/oceansignal.com\/hr\/products\/rescueme-epirb3\/#breadcrumb\",\"itemListElement\":[{\"@type\":\"ListItem\",\"position\":1,\"name\":\"Prera\u0111evina\",\"item\":\"https:\/\/oceansignal.com\/hr\/preradevina\/\"},{\"@type\":\"ListItem\",\"position\":2,\"name\":\"rescueME EPIRB3\"}]},{\"@type\":\"WebSite\",\"@id\":\"https:\/\/oceansignal.com\/hr\/#website\",\"url\":\"https:\/\/oceansignal.com\/hr\/\",\"name\":\"Ocean Signal\",\"description\":\"A leading manufacturer of EPIRBs, AIS, SARTs, Personal Locator Beacons, Man Overboard Beacon for the Marine and Outdoor Markets.\",\"potentialAction\":[{\"@type\":\"SearchAction\",\"target\":{\"@type\":\"EntryPoint\",\"urlTemplate\":\"https:\/\/oceansignal.com\/hr\/?s={search_term_string}\"},\"query-input\":{\"@type\":\"PropertyValueSpecification\",\"valueRequired\":true,\"valueName\":\"search_term_string\"}}],\"inLanguage\":\"hr\"}]}<\/script>\n<!-- \/ Yoast SEO Premium plugin. -->","yoast_head_json":{"title":"rescueME EPIRB3 - Ocean Signal","description":"Ostanite sigurni na moru uz rescueME EPIRB3 : Ovaj radio-far za ozna\u010davanje polo\u017eaja u nu\u017edi ili EPIRB sada uklju\u010duje AIS i odobren je od strane GMDSS-a za nauti\u010dare. Kupite odmah!","robots":{"index":"index","follow":"follow","max-snippet":"max-snippet:-1","max-image-preview":"max-image-preview:large","max-video-preview":"max-video-preview:-1"},"canonical":"https:\/\/oceansignal.com\/hr\/products\/rescueme-epirb3\/","og_locale":"hr_HR","og_type":"article","og_title":"rescueME EPIRB3","og_description":"Ostanite sigurni na moru uz rescueME EPIRB3 : Ovaj radio-far za ozna\u010davanje polo\u017eaja u nu\u017edi ili EPIRB sada uklju\u010duje AIS i odobren je od strane GMDSS-a za nauti\u010dare. Kupite odmah!","og_url":"https:\/\/oceansignal.com\/hr\/products\/rescueme-epirb3\/","og_site_name":"Ocean Signal","article_modified_time":"2026-03-25T10:12:04+00:00","og_image":[{"width":800,"height":800,"url":"https:\/\/oceansignal.com\/wp-content\/uploads\/2023\/03\/EPIRB3-Front.png","type":"image\/png"}],"twitter_card":"summary_large_image","twitter_misc":{"Procijenjeno vrijeme \u010ditanja":"6 minuta"},"schema":{"@context":"https:\/\/schema.org","@graph":[{"@type":"WebPage","@id":"https:\/\/oceansignal.com\/hr\/products\/rescueme-epirb3\/","url":"https:\/\/oceansignal.com\/hr\/products\/rescueme-epirb3\/","name":"rescueME EPIRB3 - Ocean Signal","isPartOf":{"@id":"https:\/\/oceansignal.com\/hr\/#website"},"primaryImageOfPage":{"@id":"https:\/\/oceansignal.com\/hr\/products\/rescueme-epirb3\/#primaryimage"},"image":{"@id":"https:\/\/oceansignal.com\/hr\/products\/rescueme-epirb3\/#primaryimage"},"thumbnailUrl":"https:\/\/oceansignal.com\/wp-content\/uploads\/2023\/03\/EPIRB3-Front.png","datePublished":"2023-03-27T07:28:36+00:00","dateModified":"2026-03-25T10:12:04+00:00","description":"Ostanite sigurni na moru uz rescueME EPIRB3 : Ovaj radio-far za ozna\u010davanje polo\u017eaja u nu\u017edi ili EPIRB sada uklju\u010duje AIS i odobren je od strane GMDSS-a za nauti\u010dare. Kupite odmah!","breadcrumb":{"@id":"https:\/\/oceansignal.com\/hr\/products\/rescueme-epirb3\/#breadcrumb"},"inLanguage":"hr","potentialAction":[{"@type":"ReadAction","target":["https:\/\/oceansignal.com\/hr\/products\/rescueme-epirb3\/"]}]},{"@type":"ImageObject","inLanguage":"hr","@id":"https:\/\/oceansignal.com\/hr\/products\/rescueme-epirb3\/#primaryimage","url":"https:\/\/oceansignal.com\/wp-content\/uploads\/2023\/03\/EPIRB3-Front.png","contentUrl":"https:\/\/oceansignal.com\/wp-content\/uploads\/2023\/03\/EPIRB3-Front.png","width":800,"height":800},{"@type":"BreadcrumbList","@id":"https:\/\/oceansignal.com\/hr\/products\/rescueme-epirb3\/#breadcrumb","itemListElement":[{"@type":"ListItem","position":1,"name":"Prera\u0111evina","item":"https:\/\/oceansignal.com\/hr\/preradevina\/"},{"@type":"ListItem","position":2,"name":"rescueME EPIRB3"}]},{"@type":"WebSite","@id":"https:\/\/oceansignal.com\/hr\/#website","url":"https:\/\/oceansignal.com\/hr\/","name":"Ocean Signal","description":"A leading manufacturer of EPIRBs, AIS, SARTs, Personal Locator Beacons, Man Overboard Beacon for the Marine and Outdoor Markets.","potentialAction":[{"@type":"SearchAction","target":{"@type":"EntryPoint","urlTemplate":"https:\/\/oceansignal.com\/hr\/?s={search_term_string}"},"query-input":{"@type":"PropertyValueSpecification","valueRequired":true,"valueName":"search_term_string"}}],"inLanguage":"hr"}]}},"_links":{"self":[{"href":"https:\/\/oceansignal.com\/hr\/wp-json\/wp\/v2\/product\/7824","targetHints":{"allow":["GET"]}}],"collection":[{"href":"https:\/\/oceansignal.com\/hr\/wp-json\/wp\/v2\/product"}],"about":[{"href":"https:\/\/oceansignal.com\/hr\/wp-json\/wp\/v2\/types\/product"}],"wp:featuredmedia":[{"embeddable":true,"href":"https:\/\/oceansignal.com\/hr\/wp-json\/wp\/v2\/media\/12412"}],"wp:attachment":[{"href":"https:\/\/oceansignal.com\/hr\/wp-json\/wp\/v2\/media?parent=7824"}],"wp:term":[{"taxonomy":"product_brand","embeddable":true,"href":"https:\/\/oceansignal.com\/hr\/wp-json\/wp\/v2\/product_brand?post=7824"},{"taxonomy":"product_cat","embeddable":true,"href":"https:\/\/oceansignal.com\/hr\/wp-json\/wp\/v2\/product_cat?post=7824"},{"taxonomy":"product_tag","embeddable":true,"href":"https:\/\/oceansignal.com\/hr\/wp-json\/wp\/v2\/product_tag?post=7824"}],"curies":[{"name":"wp","href":"https:\/\/api.w.org\/{rel}","templated":true}]}}