{"id":7835,"date":"2023-09-07T12:56:56","date_gmt":"2023-09-07T12:56:56","guid":{"rendered":"https:\/\/oceansignal.com\/products\/rescueme-epirb2-pro\/"},"modified":"2026-01-21T19:54:03","modified_gmt":"2026-01-21T19:54:03","slug":"rescueme-epirb2-pro","status":"publish","type":"product","link":"https:\/\/oceansignal.com\/hr\/products\/rescueme-epirb2-pro\/","title":{"rendered":"rescueME EPIRB2 Pro"},"content":{"rendered":"<p>Sa\u017eetak:<\/p>\n<p>Uvo\u0111enjem tehnologije Return Link Service (RLS) i mogu\u0107nosti komunikacije bliskog polja (NFC), EPIRB2 Pro pru\u017ea zna\u010dajne prednosti u odnosu na svoje prethodnike. RLS pru\u017ea udobnost onima koji aktiviraju svjetionik potvr\u0111uju\u0107i da je njihova poruka o pomo\u0107i primljena, a uklju\u010divanje NFC mogu\u0107nosti omogu\u0107uje kori\u0161tenje aplikacije za pametne telefone za pra\u0107enje baterije EPIRB -a i drugih funkcija osiguravaju\u0107i njegov ispravan rad. <\/p>\n<p>Inovativne nove zna\u010dajke EPIRB2 Pro i uklju\u010deni nosa\u010d za automatsko otpu\u0161tanje pluta\u010da \u010dine ga izvrsnim izborom za \u0161irok raspon pomorskih primjena specifi\u010dnih za rekreacijska i komercijalna plovila.<\/p>\n<p>Opis:<\/p>\n<p>Prilikom razvoja EPIRB2 Pro , Ocean Signal se oslonio na svoje zna\u010dajno iskustvo u projektiranju i proizvodnji visokokvalitetnih, RLS EPIRB-ova bogatih zna\u010dajkama, koriste\u0107i prakti\u010dno kompaktan oblik. Koriste\u0107i vi\u0161e razina integrirane signalne tehnologije, uklju\u010duju\u0107i 406 MHz, GNSS (GPS, Galileo, Glonass) pozicioniranje i signal za navo\u0111enje od 121,5 MHz, EPIRB2 Pro bez napora vodi snage za potragu i spa\u0161avanje do va\u0161e lokacije. Dodatak tehnologije Return Link Service (RLS) i mogu\u0107nosti komunikacije bliskog polja zaokru\u017euju impresivan skup zna\u010dajki EPIRB2 Pro .  <\/p>\n<p>&nbsp;<\/p>\n<p><strong>Povezivanje pametnog telefona kori\u0161tenjem Near Field Communication<\/strong><\/p>\n<p>&nbsp;<\/p>\n<p>Integracija NFC tehnologije pru\u017ea korisnicima mogu\u0107nost prikladnog pristupa beacon podacima sa svojih mobilnih telefona. Jednostavan \u010din postavljanja telefona u blizinu svjetionika automatski otvara aplikaciju proizvoda Ocean Signal i omogu\u0107uje pristup mno\u0161tvu podataka o kori\u0161tenju, uklju\u010duju\u0107i trenutno trajanje baterije, broj dovr\u0161enih samotestiranja, broj dovr\u0161enih GNSS testova i, ako je primjenjivo, koli\u010dinu vremena tijekom kojeg je beacon bio aktiviran. <\/p>\n<p>&nbsp;<\/p>\n<p>Dostupne su i detaljne informacije o svakom samotestiranju i testu GNSS-a koje provodi beacon. Informacije koje su dostupne za svaki uspje\u0161an GNSS test uklju\u010duju pristup karti koja pokazuje to\u010dno gdje je test obavljen, datum i vrijeme testa, vrijeme koje je lokatoru trebalo da odredi GNSS koordinatu, broj satelita koje je lokator upotrijebio da dobije taj fiks i to\u010dnost lokacije. <\/p>\n<p>&nbsp;<\/p>\n<p><strong>Globalna pokrivenost putem satelitske mre\u017ee Cospas-Sarsat<\/strong><\/p>\n<p>&nbsp;<\/p>\n<p>Koriste\u0107i globalni doseg <a href=\"https:\/\/www.cospas-sarsat.int\/en\/\">satelitske mre\u017ee Cospas-Sarsat<\/a> , EPIRB2 Pro se mo\u017ee aktivirati bilo gdje, u bilo koje vrijeme i prenosit \u0107e va\u0161u poruku o nevolji na 406 MHz. Prijenos u nevolji uklju\u010duje koordinate radio-svjetionika koje se dobivaju iz integriranog GNSS prijemnika EPIRB-a i to\u010dne su unutar 100 metara.<\/p>\n<p>&nbsp;<\/p>\n<p>RLS EPIRB-ovi pru\u017eaju sigurnost korisnicima slanjem povratnog signala putem satelitske mre\u017ee <a href=\"https:\/\/www.euspa.europa.eu\/european-space\/galileo\/services\/search-and-rescue-sar-galileo-service\">Galileo<\/a> izravno natrag do radio-svjetionika kako bi potvrdili da je poruka o nevolji primljena i da je lokacija radio-svjetionika otkrivena. Potvrda korisnika jasno je nazna\u010dena trepere\u0107im plavim svjetlom.<\/p>\n<p>&nbsp;<\/p>\n<p><strong>Usluga povratne veze (RLS)<\/strong><\/p>\n<p><strong> <\/strong><\/p>\n<p>Inherentni stres povezan s pomorskom hitnom situacijom izazovan je simptom s kojim se na\u017ealost moraju suo\u010diti svi nauti\u010dari ako se na\u0111u u nevolji. Sre\u0107om, uklju\u010divanje RLS zna\u010dajke u EPIRB2 Pro omogu\u0107uje minimiziranje stresa u takvim situacijama. RLS EPIRB-ovi pru\u017eaju izravnu potvrdu prema svjetioniku, obavje\u0161tavaju\u0107i korisnika da je primljena njihova poruka o nevolji i da je otkrivena njihova lokacija. Indikacija RLS funkcionalnosti predstavljena je prepoznatljivim plavim svjetlom, \u0161to korisnicima olak\u0161ava to\u010dno utvr\u0111ivanje kada je primljena RLS potvrda.   <\/p>\n<p>&nbsp;<\/p>\n<p><strong>Monta\u017eni nosa\u010d<\/strong><\/p>\n<p>&nbsp;<\/p>\n<p>EPIRB2 Pro dolazi s nosa\u010dem za monta\u017eu kategorije jedan s automatskim otpu\u0161tanjem i bez plutanja. Ovaj nosa\u010d sigurno pohranjuje EPIRB2 Pro tijekom cijelog putovanja, bez obzira na uvjete s kojima se susre\u0107ete. Tako\u0111er pru\u017ea najbolju mogu\u0107nost aktiviranja u nevolji kada je \u010dlanu posade te\u0161ko do\u0107i do EPIRB .  <\/p>\n<p>&nbsp;<\/p>\n<p>Ocean Signal se ponosi time \u0161to nastavlja nuditi nove i uzbudljive zna\u010dajke poput RLS-a i NFC-a kako bi odr\u017eao svoj cilj ponude najkvalitetnijih inovativnih sigurnosnih proizvoda. Bez obzira na razlog va\u0161eg sljede\u0107eg putovanja ili odabrano odredi\u0161te, zajam\u010dite svoju sigurnost no\u0161enjem EPIRB2 Pro . <\/p>\n<p>Trebate nadograditi na AIS EPIRB ? Pogledajte novi <a href=\"https:\/\/oceansignal.com\/products\/safesea-epirb3-pro\/\">EPIRB3<\/a> <\/p>\n<p><strong>Zna\u010dajkama:<\/strong><\/p>\n<p>&nbsp;<\/p>\n<ul>\n<li>30% (tip) manji<\/li>\n<li>Usluga povratne veze (RLS)<\/li>\n<li>Mobilna povezivost pomo\u0107u NFC komunikacije bliskog polja (NFC)<\/li>\n<li>Besplatna aplikacija (Apple i Android)<\/li>\n<li>10 godina trajanja baterije<\/li>\n<li>48+ sati radnog vijeka<\/li>\n<li>2 godine jamstva (mo\u017ee se produljiti jamstvo na 5 godina putem registracije proizvoda kod Ocean Signal )<\/li>\n<li>Brzo i precizno pozicioniranje sa 72-kanalnim GPS-om<\/li>\n<li>Uvla\u010diva antena<\/li>\n<li>Kategorija I s automatskim otpu\u0161tanjem slobodnog plutaju\u0107eg nosa\u010da<\/li>\n<li>Sigurna vrpca<\/li>\n<\/ul>\n","protected":false},"excerpt":{"rendered":"<p>Najkompaktniji EPIRB na svijetu, s RLS i NFC (Inc. Cat 1 Float Free Bracket)<\/p>\n<ul>\n<li>30% (tip) manji<\/li>\n<li>Uklju\u010duje automatski otpu\u0161taju\u0107i nosa\u010d kategorije I<\/li>\n<li>Sigurna vrpca<\/li>\n<li>Usluga povratne veze (RLS)<\/li>\n<li>Mobilna povezivost pomo\u0107u NFC komunikacije bliskog polja (NFC)<\/li>\n<li>Besplatna aplikacija (Apple i Android)<\/li>\n<li>Trajanje baterije 10 godina<\/li>\n<li>48+ sati radnog vijeka<\/li>\n<li>2-godi\u0161nje jamstvo (mo\u017ee produljiti jamstvo na 5 godina putem registracije proizvoda kod Ocean Signal ) \u2020<\/li>\n<li>Brzo i precizno pozicioniranje sa 72-kanalnim GPS-om<\/li>\n<li>Uvla\u010diva antena<\/li>\n<li>Nosa\u010d za brzo otpu\u0161tanje<\/li>\n<\/ul>\n<p><a href=\"https:\/\/www.dropbox.com\/s\/8343nj28z0d7bxa\/Prop%2065%20-%20BPA.pdf?dl=0\" data-cke-saved-href=\"https:\/\/www.dropbox.com\/s\/8343nj28z0d7bxa\/Prop%2065%20-%20BPA.pdf?dl=0\">UPOZORENJE: PROP 65<\/a><\/p>\n","protected":false},"featured_media":12464,"template":"","meta":{"_acf_changed":false,"om_disable_all_campaigns":false},"product_brand":[],"product_cat":[704,476],"product_tag":[705,1033,706,707],"class_list":{"0":"post-7835","1":"product","2":"type-product","3":"status-publish","4":"has-post-thumbnail","6":"product_cat-epirb-hr","7":"product_cat-rescueme-hr","8":"product_tag-epirb-hr","9":"product_tag-epirb2-pro-hr","10":"product_tag-nfc-hr","11":"product_tag-rls-hr","13":"first","14":"outofstock","15":"taxable","16":"shipping-taxable","17":"purchasable","18":"product-type-simple"},"acf":[],"yoast_head":"<!-- This site is optimized with the Yoast SEO Premium plugin v25.2 (Yoast SEO v26.4) - https:\/\/yoast.com\/wordpress\/plugins\/seo\/ -->\n<title>rescueME EPIRB2 Pro - Ocean Signal<\/title>\n<meta name=\"description\" content=\"Ocean Signal rescueME EPIRB2 s uslugom povratne veze: Brzo signaliziranje opasnosti za pomorsku sigurnost. Ne plovite bez RLS EPIRB .\" \/>\n<meta name=\"robots\" content=\"index, follow, max-snippet:-1, max-image-preview:large, max-video-preview:-1\" \/>\n<link rel=\"canonical\" href=\"https:\/\/oceansignal.com\/hr\/products\/rescueme-epirb2-pro\/\" \/>\n<meta property=\"og:locale\" content=\"hr_HR\" \/>\n<meta property=\"og:type\" content=\"article\" \/>\n<meta property=\"og:title\" content=\"rescueME EPIRB2 Pro\" \/>\n<meta property=\"og:description\" content=\"Ocean Signal rescueME EPIRB2 s uslugom povratne veze: Brzo signaliziranje opasnosti za pomorsku sigurnost. Ne plovite bez RLS EPIRB .\" \/>\n<meta property=\"og:url\" content=\"https:\/\/oceansignal.com\/hr\/products\/rescueme-epirb2-pro\/\" \/>\n<meta property=\"og:site_name\" content=\"Ocean Signal\" \/>\n<meta property=\"article:modified_time\" content=\"2026-01-21T19:54:03+00:00\" \/>\n<meta property=\"og:image\" content=\"https:\/\/oceansignal.com\/wp-content\/uploads\/2023\/09\/Ocean-Signal-EPIRB2-Pro-Front.png\" \/>\n\t<meta property=\"og:image:width\" content=\"800\" \/>\n\t<meta property=\"og:image:height\" content=\"800\" \/>\n\t<meta property=\"og:image:type\" content=\"image\/png\" \/>\n<meta name=\"twitter:card\" content=\"summary_large_image\" \/>\n<meta name=\"twitter:label1\" content=\"Procijenjeno vrijeme \u010ditanja\" \/>\n\t<meta name=\"twitter:data1\" content=\"4 minute\" \/>\n<script type=\"application\/ld+json\" class=\"yoast-schema-graph\">{\"@context\":\"https:\/\/schema.org\",\"@graph\":[{\"@type\":\"WebPage\",\"@id\":\"https:\/\/oceansignal.com\/hr\/products\/rescueme-epirb2-pro\/\",\"url\":\"https:\/\/oceansignal.com\/hr\/products\/rescueme-epirb2-pro\/\",\"name\":\"rescueME EPIRB2 Pro - Ocean Signal\",\"isPartOf\":{\"@id\":\"https:\/\/oceansignal.com\/hr\/#website\"},\"primaryImageOfPage\":{\"@id\":\"https:\/\/oceansignal.com\/hr\/products\/rescueme-epirb2-pro\/#primaryimage\"},\"image\":{\"@id\":\"https:\/\/oceansignal.com\/hr\/products\/rescueme-epirb2-pro\/#primaryimage\"},\"thumbnailUrl\":\"https:\/\/oceansignal.com\/wp-content\/uploads\/2023\/09\/Ocean-Signal-EPIRB2-Pro-Front.png\",\"datePublished\":\"2023-09-07T12:56:56+00:00\",\"dateModified\":\"2026-01-21T19:54:03+00:00\",\"description\":\"Ocean Signal rescueME EPIRB2 s uslugom povratne veze: Brzo signaliziranje opasnosti za pomorsku sigurnost. Ne plovite bez RLS EPIRB .\",\"breadcrumb\":{\"@id\":\"https:\/\/oceansignal.com\/hr\/products\/rescueme-epirb2-pro\/#breadcrumb\"},\"inLanguage\":\"hr\",\"potentialAction\":[{\"@type\":\"ReadAction\",\"target\":[\"https:\/\/oceansignal.com\/hr\/products\/rescueme-epirb2-pro\/\"]}]},{\"@type\":\"ImageObject\",\"inLanguage\":\"hr\",\"@id\":\"https:\/\/oceansignal.com\/hr\/products\/rescueme-epirb2-pro\/#primaryimage\",\"url\":\"https:\/\/oceansignal.com\/wp-content\/uploads\/2023\/09\/Ocean-Signal-EPIRB2-Pro-Front.png\",\"contentUrl\":\"https:\/\/oceansignal.com\/wp-content\/uploads\/2023\/09\/Ocean-Signal-EPIRB2-Pro-Front.png\",\"width\":800,\"height\":800},{\"@type\":\"BreadcrumbList\",\"@id\":\"https:\/\/oceansignal.com\/hr\/products\/rescueme-epirb2-pro\/#breadcrumb\",\"itemListElement\":[{\"@type\":\"ListItem\",\"position\":1,\"name\":\"Prera\u0111evina\",\"item\":\"https:\/\/oceansignal.com\/hr\/preradevina\/\"},{\"@type\":\"ListItem\",\"position\":2,\"name\":\"rescueME EPIRB2 Pro\"}]},{\"@type\":\"WebSite\",\"@id\":\"https:\/\/oceansignal.com\/hr\/#website\",\"url\":\"https:\/\/oceansignal.com\/hr\/\",\"name\":\"Ocean Signal\",\"description\":\"A leading manufacturer of EPIRBs, AIS, SARTs, Personal Locator Beacons, Man Overboard Beacon for the Marine and Outdoor Markets.\",\"potentialAction\":[{\"@type\":\"SearchAction\",\"target\":{\"@type\":\"EntryPoint\",\"urlTemplate\":\"https:\/\/oceansignal.com\/hr\/?s={search_term_string}\"},\"query-input\":{\"@type\":\"PropertyValueSpecification\",\"valueRequired\":true,\"valueName\":\"search_term_string\"}}],\"inLanguage\":\"hr\"}]}<\/script>\n<!-- \/ Yoast SEO Premium plugin. -->","yoast_head_json":{"title":"rescueME EPIRB2 Pro - Ocean Signal","description":"Ocean Signal rescueME EPIRB2 s uslugom povratne veze: Brzo signaliziranje opasnosti za pomorsku sigurnost. Ne plovite bez RLS EPIRB .","robots":{"index":"index","follow":"follow","max-snippet":"max-snippet:-1","max-image-preview":"max-image-preview:large","max-video-preview":"max-video-preview:-1"},"canonical":"https:\/\/oceansignal.com\/hr\/products\/rescueme-epirb2-pro\/","og_locale":"hr_HR","og_type":"article","og_title":"rescueME EPIRB2 Pro","og_description":"Ocean Signal rescueME EPIRB2 s uslugom povratne veze: Brzo signaliziranje opasnosti za pomorsku sigurnost. Ne plovite bez RLS EPIRB .","og_url":"https:\/\/oceansignal.com\/hr\/products\/rescueme-epirb2-pro\/","og_site_name":"Ocean Signal","article_modified_time":"2026-01-21T19:54:03+00:00","og_image":[{"width":800,"height":800,"url":"https:\/\/oceansignal.com\/wp-content\/uploads\/2023\/09\/Ocean-Signal-EPIRB2-Pro-Front.png","type":"image\/png"}],"twitter_card":"summary_large_image","twitter_misc":{"Procijenjeno vrijeme \u010ditanja":"4 minute"},"schema":{"@context":"https:\/\/schema.org","@graph":[{"@type":"WebPage","@id":"https:\/\/oceansignal.com\/hr\/products\/rescueme-epirb2-pro\/","url":"https:\/\/oceansignal.com\/hr\/products\/rescueme-epirb2-pro\/","name":"rescueME EPIRB2 Pro - Ocean Signal","isPartOf":{"@id":"https:\/\/oceansignal.com\/hr\/#website"},"primaryImageOfPage":{"@id":"https:\/\/oceansignal.com\/hr\/products\/rescueme-epirb2-pro\/#primaryimage"},"image":{"@id":"https:\/\/oceansignal.com\/hr\/products\/rescueme-epirb2-pro\/#primaryimage"},"thumbnailUrl":"https:\/\/oceansignal.com\/wp-content\/uploads\/2023\/09\/Ocean-Signal-EPIRB2-Pro-Front.png","datePublished":"2023-09-07T12:56:56+00:00","dateModified":"2026-01-21T19:54:03+00:00","description":"Ocean Signal rescueME EPIRB2 s uslugom povratne veze: Brzo signaliziranje opasnosti za pomorsku sigurnost. Ne plovite bez RLS EPIRB .","breadcrumb":{"@id":"https:\/\/oceansignal.com\/hr\/products\/rescueme-epirb2-pro\/#breadcrumb"},"inLanguage":"hr","potentialAction":[{"@type":"ReadAction","target":["https:\/\/oceansignal.com\/hr\/products\/rescueme-epirb2-pro\/"]}]},{"@type":"ImageObject","inLanguage":"hr","@id":"https:\/\/oceansignal.com\/hr\/products\/rescueme-epirb2-pro\/#primaryimage","url":"https:\/\/oceansignal.com\/wp-content\/uploads\/2023\/09\/Ocean-Signal-EPIRB2-Pro-Front.png","contentUrl":"https:\/\/oceansignal.com\/wp-content\/uploads\/2023\/09\/Ocean-Signal-EPIRB2-Pro-Front.png","width":800,"height":800},{"@type":"BreadcrumbList","@id":"https:\/\/oceansignal.com\/hr\/products\/rescueme-epirb2-pro\/#breadcrumb","itemListElement":[{"@type":"ListItem","position":1,"name":"Prera\u0111evina","item":"https:\/\/oceansignal.com\/hr\/preradevina\/"},{"@type":"ListItem","position":2,"name":"rescueME EPIRB2 Pro"}]},{"@type":"WebSite","@id":"https:\/\/oceansignal.com\/hr\/#website","url":"https:\/\/oceansignal.com\/hr\/","name":"Ocean Signal","description":"A leading manufacturer of EPIRBs, AIS, SARTs, Personal Locator Beacons, Man Overboard Beacon for the Marine and Outdoor Markets.","potentialAction":[{"@type":"SearchAction","target":{"@type":"EntryPoint","urlTemplate":"https:\/\/oceansignal.com\/hr\/?s={search_term_string}"},"query-input":{"@type":"PropertyValueSpecification","valueRequired":true,"valueName":"search_term_string"}}],"inLanguage":"hr"}]}},"_links":{"self":[{"href":"https:\/\/oceansignal.com\/hr\/wp-json\/wp\/v2\/product\/7835","targetHints":{"allow":["GET"]}}],"collection":[{"href":"https:\/\/oceansignal.com\/hr\/wp-json\/wp\/v2\/product"}],"about":[{"href":"https:\/\/oceansignal.com\/hr\/wp-json\/wp\/v2\/types\/product"}],"wp:featuredmedia":[{"embeddable":true,"href":"https:\/\/oceansignal.com\/hr\/wp-json\/wp\/v2\/media\/12464"}],"wp:attachment":[{"href":"https:\/\/oceansignal.com\/hr\/wp-json\/wp\/v2\/media?parent=7835"}],"wp:term":[{"taxonomy":"product_brand","embeddable":true,"href":"https:\/\/oceansignal.com\/hr\/wp-json\/wp\/v2\/product_brand?post=7835"},{"taxonomy":"product_cat","embeddable":true,"href":"https:\/\/oceansignal.com\/hr\/wp-json\/wp\/v2\/product_cat?post=7835"},{"taxonomy":"product_tag","embeddable":true,"href":"https:\/\/oceansignal.com\/hr\/wp-json\/wp\/v2\/product_tag?post=7835"}],"curies":[{"name":"wp","href":"https:\/\/api.w.org\/{rel}","templated":true}]}}