{"id":7838,"date":"2023-09-07T12:44:22","date_gmt":"2023-09-07T12:44:22","guid":{"rendered":"https:\/\/oceansignal.com\/products\/rescueme-epirb2\/"},"modified":"2026-01-21T19:54:46","modified_gmt":"2026-01-21T19:54:46","slug":"rescueme-epirb2","status":"publish","type":"product","link":"https:\/\/oceansignal.com\/hr\/products\/rescueme-epirb2\/","title":{"rendered":"rescueME EPIRB2"},"content":{"rendered":"<p>Uz uvo\u0111enje Return Link Service (RLS) tehnologije i Near Field Communication (NFC) mogu\u0107nosti, EPIRB2 pru\u017ea zna\u010dajne prednosti u odnosu na svoje prethodnike. Usluga povratne veze EPIRB-ovi tje\u0161e one koji aktiviraju svjetionik potvr\u0111uju\u0107i da je njihova poruka za pomo\u0107 primljena, a uklju\u010divanje NFC mogu\u0107nosti omogu\u0107uje upotrebu aplikacije za pametni telefon za pra\u0107enje baterije EPIRB a i drugih funkcija osiguravaju\u0107i njegov ispravan rad. Inovativne nove zna\u010dajke EPIRB2 \u010dine ga izvrsnim izborom za \u0161iroku paletu morskih aplikacija specifi\u010dnih za rekreacijska i komercijalna plovila.  <\/p>\n<p><iframe loading=\"lazy\" title=\"EPIRB3 and EPIRB2  | Activation\" width=\"500\" height=\"281\" src=\"https:\/\/www.youtube.com\/embed\/P5KBMhmPYjQ?feature=oembed\" frameborder=\"0\" allow=\"accelerometer; autoplay; clipboard-write; encrypted-media; gyroscope; picture-in-picture; web-share\" referrerpolicy=\"strict-origin-when-cross-origin\" allowfullscreen><\/iframe><\/p>\n<p>Opis:<\/p>\n<p>Prilikom razvoja <a href=\"https:\/\/oceansignal.com\/hr\/news\/ocean-signal-lansira-novu-seriju-epirb2\/\">EPIRB2<\/a> , Ocean Signal se oslonio na svoje zna\u010dajno iskustvo u projektiranju i proizvodnji visokokvalitetnih, zna\u010dajkama bogatih EPIRB-ova za povratnu vezu, koriste\u0107i prikladno kompaktan oblik. Koriste\u0107i vi\u0161e razina integrirane signalizacijske tehnologije, uklju\u010duju\u0107i pozicioniranje od 406 MHz, GNSS (GPS, Galileo, Glonass) i signal za navo\u0111enje od 121,5 MHz, EPIRB2 bez napora vodi snage za traganje i spa\u0161avanje do va\u0161e lokacije. Dodatak tehnologije Return Link Service (RLS) i mogu\u0107nosti komunikacije bliskog polja zaokru\u017euju impresivan skup zna\u010dajki EPIRB2.<\/p>\n<p>&nbsp;<\/p>\n<p><strong>Povezivanje pametnog telefona kori\u0161tenjem Near Field Communication (NFC)<\/strong><\/p>\n<p>&nbsp;<\/p>\n<p>Integracija <a href=\"https:\/\/www.youtube.com\/watch?v=MRXLii6r3n4&amp;t=42s\">NFC tehnologije<\/a> korisnicima omogu\u0107uje prakti\u010dan pristup beacon podacima s mobilnih telefona. Jednostavnim prislanjanjem telefona blizu svjetionika automatski se otvara aplikacija Ocean Signal Product i pru\u017ea pristup mno\u0161tvu podataka o kori\u0161tenju, uklju\u010duju\u0107i trenutno trajanje baterije, broj dovr\u0161enih samotestiranja, broj dovr\u0161enih GNSS testova i, ako je primjenjivo, vrijeme aktiviranja svjetionika.<\/p>\n<p>&nbsp;<\/p>\n<p>Dostupne su i detaljne informacije o svakom samotestiranju i testu GNSS-a koje provodi beacon. Informacije koje su dostupne za svaki uspje\u0161an GNSS test uklju\u010duju pristup karti koja pokazuje to\u010dno gdje je test obavljen, datum i vrijeme testa, vrijeme koje je lokatoru trebalo da odredi GNSS koordinatu, broj satelita koje je lokator upotrijebio da dobije taj fiks i to\u010dnost lokacije. <\/p>\n<p>&nbsp;<\/p>\n<p><strong>Globalna pokrivenost putem satelitske mre\u017ee Cospas-Sarsat<\/strong><\/p>\n<p>&nbsp;<\/p>\n<p>Koriste\u0107i globalni doseg <a href=\"https:\/\/www.cospas-sarsat.int\/en\/\">satelitske mre\u017ee Cospas-Sarsat<\/a> , EPIRB2 se mo\u017ee aktivirati bilo gdje, u bilo koje vrijeme i prenosit \u0107e va\u0161u poruku o nevolji na 406 MHz. Prijenos u nevolji uklju\u010duje koordinate radio-svjetionika koje se dobivaju iz integriranog GNSS prijemnika EPIRB-a i to\u010dne su unutar 100 metara.<\/p>\n<p>&nbsp;<\/p>\n<p>RLS pru\u017ea sigurnost korisnicima slanjem povratnog signala putem satelitske mre\u017ee <a href=\"https:\/\/www.euspa.europa.eu\/european-space\/galileo\/services\/search-and-rescue-sar-galileo-service\">Galileo<\/a> izravno natrag do svjetionika kako bi potvrdio da je poruka o nevolji primljena i da je lokacija svjetionika otkrivena. Potvrda korisnika jasno je nazna\u010dena trepere\u0107im plavim svjetlom.<\/p>\n<p>&nbsp;<\/p>\n<p><strong>Usluga povratne veze (RLS)<\/strong><\/p>\n<p><strong> <\/strong><\/p>\n<p>Inherentni stres povezan s izvanrednom pomorskom situacijom izazovan je simptom s kojim se svi nauti\u010dari na\u017ealost moraju suo\u010diti ako se na\u0111u u scenariju nevolje. Sre\u0107om, uklju\u010divanje zna\u010dajke RLS u EPIRB2 omogu\u0107uje smanjenje stresa u takvim situacijama. Return Link Service EPIRB-ovi pru\u017eaju izravnu potvrdu do beacona daju\u0107i korisniku do znanja da je njegova poruka za pomo\u0107 primljena i da je njihova lokacija otkrivena. Indikacija RLS funkcionalnosti predstavljena je karakteristi\u010dnim plavim svjetlom, \u0161to korisnicima olak\u0161ava utvr\u0111ivanje kada je RLS potvrda primljena.   <\/p>\n<p>&nbsp;<\/p>\n<p>Ocean Signal se ponosi time \u0161to nastavlja nuditi nove i uzbudljive zna\u010dajke kao \u0161to su RLS i NFC jer odr\u017eava svoj cilj ponude najkvalitetnijih inovativnih sigurnosnih proizvoda. Bez obzira na razlog va\u0161eg sljede\u0107eg putovanja ili odabranu destinaciju, zajam\u010dite svoju sigurnost uz prijevoz EPIRB2 . <\/p>\n<p>&nbsp;<\/p>\n<p><strong>Zna\u010dajkama:<\/strong><\/p>\n<p>&nbsp;<\/p>\n<ul>\n<li>30% (tip) manji<\/li>\n<li>Usluga povratne veze (RLS)<\/li>\n<li>Mobilna povezivost pomo\u0107u NFC komunikacije bliskog polja (NFC)<\/li>\n<li>Besplatna aplikacija (Apple i Android)<\/li>\n<li>Trajanje baterije 10 godina<\/li>\n<li>48+ sati radnog vijeka<\/li>\n<li>2-godi\u0161nje jamstvo (mo\u017ee produljiti jamstvo na 5 godina putem registracije proizvoda kod Ocean Signal ) \u2020<\/li>\n<li>Brzo i precizno pozicioniranje sa 72-kanalnim GPS-om<\/li>\n<li>Uvla\u010diva antena<\/li>\n<li>Nosa\u010d za brzo otpu\u0161tanje<\/li>\n<li>Sigurna vrpca<\/li>\n<\/ul>\n<p>&nbsp;<\/p>\n<p>\u2020 Podlo\u017eno izjavi o jamstvu<\/p>\n","protected":false},"excerpt":{"rendered":"<p>Najkompaktniji EPIRB na svijetu, sada s RLS-om i NFC-om<\/p>\n<ul>\n<li>Jednokratna kupnja. Nema pretplate <\/li>\n<li>Usluga povratne veze (RLS)<\/li>\n<li>Mobilna povezivost pomo\u0107u NFC komunikacije bliskog polja (NFC)<\/li>\n<li>Besplatna aplikacija (Apple i Android)<\/li>\n<li>Trajanje baterije 10 godina<\/li>\n<li>48+ sati radnog vijeka<\/li>\n<li>2-godi\u0161nje jamstvo (mo\u017ee produljiti jamstvo na 5 godina putem registracije proizvoda kod Ocean Signal ) \u2020<\/li>\n<li>Brzo i precizno pozicioniranje sa 72-kanalnim GPS-om<\/li>\n<li>Uvla\u010diva antena<\/li>\n<li>Nosa\u010d za brzo otpu\u0161tanje<\/li>\n<li>Sigurna vrpca<\/li>\n<\/ul>\n<p><a href=\"https:\/\/www.dropbox.com\/s\/8343nj28z0d7bxa\/Prop%2065%20-%20BPA.pdf?dl=0\" data-cke-saved-href=\"https:\/\/www.dropbox.com\/s\/8343nj28z0d7bxa\/Prop%2065%20-%20BPA.pdf?dl=0\">UPOZORENJE: PROP 65<\/a><\/p>\n","protected":false},"featured_media":20464,"template":"","meta":{"_acf_changed":false,"om_disable_all_campaigns":false},"product_brand":[],"product_cat":[704,476],"product_tag":[705,812,706,779,707],"class_list":{"0":"post-7838","1":"product","2":"type-product","3":"status-publish","4":"has-post-thumbnail","6":"product_cat-epirb-hr","7":"product_cat-rescueme-hr","8":"product_tag-epirb-hr","9":"product_tag-epirb2-hr","10":"product_tag-nfc-hr","11":"product_tag-radio-becaon-koji-pokazuje-polozaj-u-nuzdi","12":"product_tag-rls-hr","14":"first","15":"instock","16":"taxable","17":"shipping-taxable","18":"purchasable","19":"product-type-simple"},"acf":[],"yoast_head":"<!-- This site is optimized with the Yoast SEO Premium plugin v25.2 (Yoast SEO v26.4) - https:\/\/yoast.com\/wordpress\/plugins\/seo\/ -->\n<title>rescueME EPIRB2 - Ocean Signal<\/title>\n<meta name=\"description\" content=\"Ocean Signal rescueME EPIRB2 : Osnovna usluga povratne veze EPIRB za pomorsku sigurnost. Vjerujte u pouzdanu signalizaciju za hitne slu\u010dajeve. Kupite sada za mir!\" \/>\n<meta name=\"robots\" content=\"index, follow, max-snippet:-1, max-image-preview:large, max-video-preview:-1\" \/>\n<link rel=\"canonical\" href=\"https:\/\/oceansignal.com\/hr\/products\/rescueme-epirb2\/\" \/>\n<meta property=\"og:locale\" content=\"hr_HR\" \/>\n<meta property=\"og:type\" content=\"article\" \/>\n<meta property=\"og:title\" content=\"rescueME EPIRB2\" \/>\n<meta property=\"og:description\" content=\"Ocean Signal rescueME EPIRB2 : Osnovna usluga povratne veze EPIRB za pomorsku sigurnost. Vjerujte u pouzdanu signalizaciju za hitne slu\u010dajeve. Kupite sada za mir!\" \/>\n<meta property=\"og:url\" content=\"https:\/\/oceansignal.com\/hr\/products\/rescueme-epirb2\/\" \/>\n<meta property=\"og:site_name\" content=\"Ocean Signal\" \/>\n<meta property=\"article:modified_time\" content=\"2026-01-21T19:54:46+00:00\" \/>\n<meta property=\"og:image\" content=\"https:\/\/oceansignal.com\/wp-content\/uploads\/2023\/09\/OSL-Phone-App-EPERB2-PRO-001-1.png\" \/>\n\t<meta property=\"og:image:width\" content=\"432\" \/>\n\t<meta property=\"og:image:height\" content=\"432\" \/>\n\t<meta property=\"og:image:type\" content=\"image\/png\" \/>\n<meta name=\"twitter:card\" content=\"summary_large_image\" \/>\n<meta name=\"twitter:label1\" content=\"Procijenjeno vrijeme \u010ditanja\" \/>\n\t<meta name=\"twitter:data1\" content=\"3 minute\" \/>\n<script type=\"application\/ld+json\" class=\"yoast-schema-graph\">{\"@context\":\"https:\/\/schema.org\",\"@graph\":[{\"@type\":\"WebPage\",\"@id\":\"https:\/\/oceansignal.com\/hr\/products\/rescueme-epirb2\/\",\"url\":\"https:\/\/oceansignal.com\/hr\/products\/rescueme-epirb2\/\",\"name\":\"rescueME EPIRB2 - Ocean Signal\",\"isPartOf\":{\"@id\":\"https:\/\/oceansignal.com\/hr\/#website\"},\"primaryImageOfPage\":{\"@id\":\"https:\/\/oceansignal.com\/hr\/products\/rescueme-epirb2\/#primaryimage\"},\"image\":{\"@id\":\"https:\/\/oceansignal.com\/hr\/products\/rescueme-epirb2\/#primaryimage\"},\"thumbnailUrl\":\"https:\/\/oceansignal.com\/wp-content\/uploads\/2023\/09\/OSL-Phone-App-EPERB2-PRO-001-1.png\",\"datePublished\":\"2023-09-07T12:44:22+00:00\",\"dateModified\":\"2026-01-21T19:54:46+00:00\",\"description\":\"Ocean Signal rescueME EPIRB2 : Osnovna usluga povratne veze EPIRB za pomorsku sigurnost. Vjerujte u pouzdanu signalizaciju za hitne slu\u010dajeve. Kupite sada za mir!\",\"breadcrumb\":{\"@id\":\"https:\/\/oceansignal.com\/hr\/products\/rescueme-epirb2\/#breadcrumb\"},\"inLanguage\":\"hr\",\"potentialAction\":[{\"@type\":\"ReadAction\",\"target\":[\"https:\/\/oceansignal.com\/hr\/products\/rescueme-epirb2\/\"]}]},{\"@type\":\"ImageObject\",\"inLanguage\":\"hr\",\"@id\":\"https:\/\/oceansignal.com\/hr\/products\/rescueme-epirb2\/#primaryimage\",\"url\":\"https:\/\/oceansignal.com\/wp-content\/uploads\/2023\/09\/OSL-Phone-App-EPERB2-PRO-001-1.png\",\"contentUrl\":\"https:\/\/oceansignal.com\/wp-content\/uploads\/2023\/09\/OSL-Phone-App-EPERB2-PRO-001-1.png\",\"width\":432,\"height\":432,\"caption\":\"Osigurajte svoje pomorske avanture uz Ocean Signal SafeSea EPIRB3 Pro : Pouzdan signal za pomo\u0107 za brz odgovor u hitnim slu\u010dajevima\"},{\"@type\":\"BreadcrumbList\",\"@id\":\"https:\/\/oceansignal.com\/hr\/products\/rescueme-epirb2\/#breadcrumb\",\"itemListElement\":[{\"@type\":\"ListItem\",\"position\":1,\"name\":\"Prera\u0111evina\",\"item\":\"https:\/\/oceansignal.com\/hr\/preradevina\/\"},{\"@type\":\"ListItem\",\"position\":2,\"name\":\"rescueME EPIRB2\"}]},{\"@type\":\"WebSite\",\"@id\":\"https:\/\/oceansignal.com\/hr\/#website\",\"url\":\"https:\/\/oceansignal.com\/hr\/\",\"name\":\"Ocean Signal\",\"description\":\"A leading manufacturer of EPIRBs, AIS, SARTs, Personal Locator Beacons, Man Overboard Beacon for the Marine and Outdoor Markets.\",\"potentialAction\":[{\"@type\":\"SearchAction\",\"target\":{\"@type\":\"EntryPoint\",\"urlTemplate\":\"https:\/\/oceansignal.com\/hr\/?s={search_term_string}\"},\"query-input\":{\"@type\":\"PropertyValueSpecification\",\"valueRequired\":true,\"valueName\":\"search_term_string\"}}],\"inLanguage\":\"hr\"}]}<\/script>\n<!-- \/ Yoast SEO Premium plugin. -->","yoast_head_json":{"title":"rescueME EPIRB2 - Ocean Signal","description":"Ocean Signal rescueME EPIRB2 : Osnovna usluga povratne veze EPIRB za pomorsku sigurnost. Vjerujte u pouzdanu signalizaciju za hitne slu\u010dajeve. Kupite sada za mir!","robots":{"index":"index","follow":"follow","max-snippet":"max-snippet:-1","max-image-preview":"max-image-preview:large","max-video-preview":"max-video-preview:-1"},"canonical":"https:\/\/oceansignal.com\/hr\/products\/rescueme-epirb2\/","og_locale":"hr_HR","og_type":"article","og_title":"rescueME EPIRB2","og_description":"Ocean Signal rescueME EPIRB2 : Osnovna usluga povratne veze EPIRB za pomorsku sigurnost. Vjerujte u pouzdanu signalizaciju za hitne slu\u010dajeve. Kupite sada za mir!","og_url":"https:\/\/oceansignal.com\/hr\/products\/rescueme-epirb2\/","og_site_name":"Ocean Signal","article_modified_time":"2026-01-21T19:54:46+00:00","og_image":[{"width":432,"height":432,"url":"https:\/\/oceansignal.com\/wp-content\/uploads\/2023\/09\/OSL-Phone-App-EPERB2-PRO-001-1.png","type":"image\/png"}],"twitter_card":"summary_large_image","twitter_misc":{"Procijenjeno vrijeme \u010ditanja":"3 minute"},"schema":{"@context":"https:\/\/schema.org","@graph":[{"@type":"WebPage","@id":"https:\/\/oceansignal.com\/hr\/products\/rescueme-epirb2\/","url":"https:\/\/oceansignal.com\/hr\/products\/rescueme-epirb2\/","name":"rescueME EPIRB2 - Ocean Signal","isPartOf":{"@id":"https:\/\/oceansignal.com\/hr\/#website"},"primaryImageOfPage":{"@id":"https:\/\/oceansignal.com\/hr\/products\/rescueme-epirb2\/#primaryimage"},"image":{"@id":"https:\/\/oceansignal.com\/hr\/products\/rescueme-epirb2\/#primaryimage"},"thumbnailUrl":"https:\/\/oceansignal.com\/wp-content\/uploads\/2023\/09\/OSL-Phone-App-EPERB2-PRO-001-1.png","datePublished":"2023-09-07T12:44:22+00:00","dateModified":"2026-01-21T19:54:46+00:00","description":"Ocean Signal rescueME EPIRB2 : Osnovna usluga povratne veze EPIRB za pomorsku sigurnost. Vjerujte u pouzdanu signalizaciju za hitne slu\u010dajeve. Kupite sada za mir!","breadcrumb":{"@id":"https:\/\/oceansignal.com\/hr\/products\/rescueme-epirb2\/#breadcrumb"},"inLanguage":"hr","potentialAction":[{"@type":"ReadAction","target":["https:\/\/oceansignal.com\/hr\/products\/rescueme-epirb2\/"]}]},{"@type":"ImageObject","inLanguage":"hr","@id":"https:\/\/oceansignal.com\/hr\/products\/rescueme-epirb2\/#primaryimage","url":"https:\/\/oceansignal.com\/wp-content\/uploads\/2023\/09\/OSL-Phone-App-EPERB2-PRO-001-1.png","contentUrl":"https:\/\/oceansignal.com\/wp-content\/uploads\/2023\/09\/OSL-Phone-App-EPERB2-PRO-001-1.png","width":432,"height":432,"caption":"Osigurajte svoje pomorske avanture uz Ocean Signal SafeSea EPIRB3 Pro : Pouzdan signal za pomo\u0107 za brz odgovor u hitnim slu\u010dajevima"},{"@type":"BreadcrumbList","@id":"https:\/\/oceansignal.com\/hr\/products\/rescueme-epirb2\/#breadcrumb","itemListElement":[{"@type":"ListItem","position":1,"name":"Prera\u0111evina","item":"https:\/\/oceansignal.com\/hr\/preradevina\/"},{"@type":"ListItem","position":2,"name":"rescueME EPIRB2"}]},{"@type":"WebSite","@id":"https:\/\/oceansignal.com\/hr\/#website","url":"https:\/\/oceansignal.com\/hr\/","name":"Ocean Signal","description":"A leading manufacturer of EPIRBs, AIS, SARTs, Personal Locator Beacons, Man Overboard Beacon for the Marine and Outdoor Markets.","potentialAction":[{"@type":"SearchAction","target":{"@type":"EntryPoint","urlTemplate":"https:\/\/oceansignal.com\/hr\/?s={search_term_string}"},"query-input":{"@type":"PropertyValueSpecification","valueRequired":true,"valueName":"search_term_string"}}],"inLanguage":"hr"}]}},"_links":{"self":[{"href":"https:\/\/oceansignal.com\/hr\/wp-json\/wp\/v2\/product\/7838","targetHints":{"allow":["GET"]}}],"collection":[{"href":"https:\/\/oceansignal.com\/hr\/wp-json\/wp\/v2\/product"}],"about":[{"href":"https:\/\/oceansignal.com\/hr\/wp-json\/wp\/v2\/types\/product"}],"wp:featuredmedia":[{"embeddable":true,"href":"https:\/\/oceansignal.com\/hr\/wp-json\/wp\/v2\/media\/20464"}],"wp:attachment":[{"href":"https:\/\/oceansignal.com\/hr\/wp-json\/wp\/v2\/media?parent=7838"}],"wp:term":[{"taxonomy":"product_brand","embeddable":true,"href":"https:\/\/oceansignal.com\/hr\/wp-json\/wp\/v2\/product_brand?post=7838"},{"taxonomy":"product_cat","embeddable":true,"href":"https:\/\/oceansignal.com\/hr\/wp-json\/wp\/v2\/product_cat?post=7838"},{"taxonomy":"product_tag","embeddable":true,"href":"https:\/\/oceansignal.com\/hr\/wp-json\/wp\/v2\/product_tag?post=7838"}],"curies":[{"name":"wp","href":"https:\/\/api.w.org\/{rel}","templated":true}]}}