{"id":7849,"date":"2023-09-07T12:15:25","date_gmt":"2023-09-07T12:15:25","guid":{"rendered":"https:\/\/oceansignal.com\/products\/rescueme-epirb1-pro\/"},"modified":"2026-01-21T19:36:26","modified_gmt":"2026-01-21T19:36:26","slug":"rescueme-epirb1-pro","status":"publish","type":"product","link":"https:\/\/oceansignal.com\/hr\/products\/rescueme-epirb1-pro\/","title":{"rendered":"rescueME EPIRB1 Pro"},"content":{"rendered":"<p class=\"ai-optimize-43 ai-optimize-introduction\">EPIRB1 Pro, najkompaktniji radio-far za ozna\u010davanje polo\u017eaja u nu\u017edi na svijetu, spaja svoju kompaktnu veli\u010dinu s izdr\u017eljivim dizajnom, \u0161to ga \u010dini prakti\u010dnom opcijom za potrebe svih komercijalnih, ribarskih i plovila za razonodu. Proizvod je dizajniran za maksimalnu u\u010dinkovitost i mo\u017ee se pohvaliti 10-godi\u0161njim vijekom trajanja baterije, uz izvrstan radni vijek kada je aktiviran, \u0161to spasila\u010dkim slu\u017ebama omogu\u0107uje dulje obavje\u0161tavanje o va\u0161oj lokaciji. <\/p>\n<p><iframe loading=\"lazy\" title=\"Ocean Signal GMDSS Suite: SafeSea EPIRB1Pro Overview\" width=\"500\" height=\"281\" src=\"https:\/\/www.youtube.com\/embed\/BRNTAX6pNq4?feature=oembed\" frameborder=\"0\" allow=\"accelerometer; autoplay; clipboard-write; encrypted-media; gyroscope; picture-in-picture; web-share\" referrerpolicy=\"strict-origin-when-cross-origin\" allowfullscreen><\/iframe><\/p>\n<p>&nbsp;<\/p>\n<p class=\"ai-optimize-44\">Opis:<\/p>\n<p class=\"ai-optimize-45\">RescueMe EPIRB1 Pro radi u satelitskom pojasu od 406MHz. Ovaj pojas uklju\u010duje me\u0111unarodne frekvencije za pomo\u0107 koje neprestano nadzire <a href=\"https:\/\/www.cospas-sarsat.int\/en\/\">Cospas-Sarsat<\/a> , me\u0111unarodni satelitski operater za potragu i spa\u0161avanje, osiguravaju\u0107i brz odgovor kada se primi signal, bez obzira gdje se nalazio u svijetu. <\/p>\n<p class=\"ai-optimize-46\">Ovaj EPIRB opremljen je farom za navo\u0111enje od 121,5 MHz koji koriste slu\u017ebe spa\u0161avanja za lociranje plovila u nevolji. Osim toga, EPIRB je opremljen LED stroboskopom visoke svjetline za dodatni u\u010dinak, posebno no\u0107u. Za hitne situacije kada korisnik fizi\u010dki nije u mogu\u0107nosti do\u0107i do EPIRB na vrijeme, EPIRB1 Pro tako\u0111er dolazi u kompletu s ku\u0107i\u0161tem za automatsko otpu\u0161tanje kategorije I (obi\u010dno se naziva &#8220;bez plutanja&#8221;). Ovo osigurava da se EPIRB automatski aktivira iz nosa\u010da pomo\u0107u interne hidrostatske jedinice za otpu\u0161tanje, a zatim se tako\u0111er automatski aktivira i pluta na povr\u0161ini kako bi poslao va\u0161u poruku upomo\u0107 satelitskoj mre\u017ei.   <\/p>\n<p class=\"ai-optimize-47\">Ku\u0107i\u0161te za automatsko otpu\u0161tanje (ARH) tako\u0111er uklju\u010duje prakti\u010dan adapter koji pru\u017ea vi\u0161estruke mogu\u0107nosti naknadne ugradnje. Upotrijebite adapter za jednostavnu monta\u017eu ARH koriste\u0107i iste rupe za monta\u017eu koje su se prethodno koristile za starije i ve\u0107e EPIRBS-ove kao \u0161to su Ocean Signal E100\/E100G, Jotron Tron 60s i McMurdo E5\/G5. <\/p>\n<p class=\"ai-optimize-48\">Trebate nadograditi na EPIRB s omogu\u0107enim AIS-om? Pogledajte novi <a href=\"https:\/\/oceansignal.com\/products\/safesea-epirb3-pro\/\">EPIRB3<\/a> <\/p>\n<p class=\"ai-optimize-49\"><strong>Zna\u010dajkama:<\/strong><\/p>\n<ul>\n<li class=\"ai-optimize-50\">U skladu s MED-om (2014\/90\/EU)<\/li>\n<li class=\"ai-optimize-51\">406 MHz (veza putem satelita s hitnim slu\u017ebama)<\/li>\n<li class=\"ai-optimize-52\">121.5 MHz signal za navo\u0111enje (za pomo\u0107 u kona\u010dnom lociranju potragom i spa\u0161avanjem)<\/li>\n<li class=\"ai-optimize-53\">Stroboskop visokog intenziteta<\/li>\n<li class=\"ai-optimize-54\">30% (tipi\u010dno) Manji<\/li>\n<li class=\"ai-optimize-55\">10 godina trajanja baterije<\/li>\n<li class=\"ai-optimize-56\">Dvogodi\u0161nje jamstvo (mo\u017ee se produljiti jamstvo na 5 godina putem registracije proizvoda kod Ocean Signal )<\/li>\n<li class=\"ai-optimize-57\">66-kanalni GPS (precizno pozicioniranje)<\/li>\n<\/ul>\n<h3 class=\"ai-optimize-58\">Zamjena va\u0161eg McMurdo EPIRB a s Ocean Signal EPIRB1<\/h3>\n<p><iframe loading=\"lazy\" title=\"Replacing your McMurdo with the EPIRB1\" width=\"500\" height=\"281\" src=\"https:\/\/www.youtube.com\/embed\/7o7i59BIpQs?feature=oembed\" frameborder=\"0\" allow=\"accelerometer; autoplay; clipboard-write; encrypted-media; gyroscope; picture-in-picture; web-share\" referrerpolicy=\"strict-origin-when-cross-origin\" allowfullscreen><\/iframe><\/p>\n","protected":false},"excerpt":{"rendered":"<p>Najkompaktniji EPIRB na svijetu s ku\u0107i\u0161tem za automatsko otpu\u0161tanje kategorije I<\/p>\n<ul>\n<li>Jednokratna kupnja. Bez pretplate <\/li>\n<li>Uklju\u010duje ku\u0107i\u0161te s automatskim otpu\u0161tanjem kategorije I (obi\u010dno se naziva &#8220;bez plutanja&#8221;)<\/li>\n<li>U skladu s Direktivom o radijskoj opremi: 2014 \/ 53 \/ EU<\/li>\n<li>406 MHz (veza putem satelita s hitnim slu\u017ebama)<\/li>\n<li>121.5 MHz signal za navo\u0111enje (za pomo\u0107 u kona\u010dnom lociranju potragom i spa\u0161avanjem)<\/li>\n<li>Stroboskop visokog intenziteta<\/li>\n<li>30% (tipi\u010dno) Manji<\/li>\n<li>10 godina trajanja baterije<\/li>\n<li>Dvogodi\u0161nje jamstvo (mo\u017ee se produljiti jamstvo na 5 godina putem registracije proizvoda kod Ocean Signal )<\/li>\n<li>66-kanalni GPS (precizno pozicioniranje)<\/li>\n<\/ul>\n<p><a href=\"https:\/\/www.dropbox.com\/s\/fk04stqsp2hgk5f\/Prop%2065%20-%20DEHP.pdf?dl=0\">UPOZORENJE (SAD\/CA): PROP 65<\/a><\/p>\n","protected":false},"featured_media":12430,"template":"","meta":{"_acf_changed":false,"om_disable_all_campaigns":false},"product_brand":[],"product_cat":[704,476],"product_tag":[1294,705,780,1018,1295],"class_list":{"0":"post-7849","1":"product","2":"type-product","3":"status-publish","4":"has-post-thumbnail","6":"product_cat-epirb-hr","7":"product_cat-rescueme-hr","8":"product_tag-1-kategorija","9":"product_tag-epirb-hr","10":"product_tag-epirb1-hr","11":"product_tag-epirb1-pro-hr","12":"product_tag-kuciste-s-automatskim-otpustanjem","14":"first","15":"instock","16":"taxable","17":"shipping-taxable","18":"purchasable","19":"product-type-simple"},"acf":[],"yoast_head":"<!-- This site is optimized with the Yoast SEO Premium plugin v25.2 (Yoast SEO v26.4) - https:\/\/yoast.com\/wordpress\/plugins\/seo\/ -->\n<title>rescueME EPIRB1 Pro - Ocean Signal<\/title>\n<meta name=\"description\" content=\"Ocean Signal EPIRB1 Pro s nosa\u010dem koji ne pluta: Va\u0161 pouzdani suputnik za sigurnost na moru, osiguravaju\u0107i brzo signaliziranje opasnosti na moru.\" \/>\n<meta name=\"robots\" content=\"index, follow, max-snippet:-1, max-image-preview:large, max-video-preview:-1\" \/>\n<link rel=\"canonical\" href=\"https:\/\/oceansignal.com\/hr\/products\/rescueme-epirb1-pro\/\" \/>\n<meta property=\"og:locale\" content=\"hr_HR\" \/>\n<meta property=\"og:type\" content=\"article\" \/>\n<meta property=\"og:title\" content=\"rescueME EPIRB1 Pro\" \/>\n<meta property=\"og:description\" content=\"Ocean Signal EPIRB1 Pro s nosa\u010dem koji ne pluta: Va\u0161 pouzdani suputnik za sigurnost na moru, osiguravaju\u0107i brzo signaliziranje opasnosti na moru.\" \/>\n<meta property=\"og:url\" content=\"https:\/\/oceansignal.com\/hr\/products\/rescueme-epirb1-pro\/\" \/>\n<meta property=\"og:site_name\" content=\"Ocean Signal\" \/>\n<meta property=\"article:modified_time\" content=\"2026-01-21T19:36:26+00:00\" \/>\n<meta property=\"og:image\" content=\"https:\/\/oceansignal.com\/wp-content\/uploads\/2023\/09\/EPRIB1-PRO-Front.png\" \/>\n\t<meta property=\"og:image:width\" content=\"800\" \/>\n\t<meta property=\"og:image:height\" content=\"800\" \/>\n\t<meta property=\"og:image:type\" content=\"image\/png\" \/>\n<meta name=\"twitter:card\" content=\"summary_large_image\" \/>\n<meta name=\"twitter:label1\" content=\"Procijenjeno vrijeme \u010ditanja\" \/>\n\t<meta name=\"twitter:data1\" content=\"2 minute\" \/>\n<script type=\"application\/ld+json\" class=\"yoast-schema-graph\">{\"@context\":\"https:\/\/schema.org\",\"@graph\":[{\"@type\":\"WebPage\",\"@id\":\"https:\/\/oceansignal.com\/hr\/products\/rescueme-epirb1-pro\/\",\"url\":\"https:\/\/oceansignal.com\/hr\/products\/rescueme-epirb1-pro\/\",\"name\":\"rescueME EPIRB1 Pro - Ocean Signal\",\"isPartOf\":{\"@id\":\"https:\/\/oceansignal.com\/hr\/#website\"},\"primaryImageOfPage\":{\"@id\":\"https:\/\/oceansignal.com\/hr\/products\/rescueme-epirb1-pro\/#primaryimage\"},\"image\":{\"@id\":\"https:\/\/oceansignal.com\/hr\/products\/rescueme-epirb1-pro\/#primaryimage\"},\"thumbnailUrl\":\"https:\/\/oceansignal.com\/wp-content\/uploads\/2023\/09\/EPRIB1-PRO-Front.png\",\"datePublished\":\"2023-09-07T12:15:25+00:00\",\"dateModified\":\"2026-01-21T19:36:26+00:00\",\"description\":\"Ocean Signal EPIRB1 Pro s nosa\u010dem koji ne pluta: Va\u0161 pouzdani suputnik za sigurnost na moru, osiguravaju\u0107i brzo signaliziranje opasnosti na moru.\",\"breadcrumb\":{\"@id\":\"https:\/\/oceansignal.com\/hr\/products\/rescueme-epirb1-pro\/#breadcrumb\"},\"inLanguage\":\"hr\",\"potentialAction\":[{\"@type\":\"ReadAction\",\"target\":[\"https:\/\/oceansignal.com\/hr\/products\/rescueme-epirb1-pro\/\"]}]},{\"@type\":\"ImageObject\",\"inLanguage\":\"hr\",\"@id\":\"https:\/\/oceansignal.com\/hr\/products\/rescueme-epirb1-pro\/#primaryimage\",\"url\":\"https:\/\/oceansignal.com\/wp-content\/uploads\/2023\/09\/EPRIB1-PRO-Front.png\",\"contentUrl\":\"https:\/\/oceansignal.com\/wp-content\/uploads\/2023\/09\/EPRIB1-PRO-Front.png\",\"width\":800,\"height\":800},{\"@type\":\"BreadcrumbList\",\"@id\":\"https:\/\/oceansignal.com\/hr\/products\/rescueme-epirb1-pro\/#breadcrumb\",\"itemListElement\":[{\"@type\":\"ListItem\",\"position\":1,\"name\":\"Prera\u0111evina\",\"item\":\"https:\/\/oceansignal.com\/hr\/preradevina\/\"},{\"@type\":\"ListItem\",\"position\":2,\"name\":\"rescueME EPIRB1 Pro\"}]},{\"@type\":\"WebSite\",\"@id\":\"https:\/\/oceansignal.com\/hr\/#website\",\"url\":\"https:\/\/oceansignal.com\/hr\/\",\"name\":\"Ocean Signal\",\"description\":\"A leading manufacturer of EPIRBs, AIS, SARTs, Personal Locator Beacons, Man Overboard Beacon for the Marine and Outdoor Markets.\",\"potentialAction\":[{\"@type\":\"SearchAction\",\"target\":{\"@type\":\"EntryPoint\",\"urlTemplate\":\"https:\/\/oceansignal.com\/hr\/?s={search_term_string}\"},\"query-input\":{\"@type\":\"PropertyValueSpecification\",\"valueRequired\":true,\"valueName\":\"search_term_string\"}}],\"inLanguage\":\"hr\"}]}<\/script>\n<!-- \/ Yoast SEO Premium plugin. -->","yoast_head_json":{"title":"rescueME EPIRB1 Pro - Ocean Signal","description":"Ocean Signal EPIRB1 Pro s nosa\u010dem koji ne pluta: Va\u0161 pouzdani suputnik za sigurnost na moru, osiguravaju\u0107i brzo signaliziranje opasnosti na moru.","robots":{"index":"index","follow":"follow","max-snippet":"max-snippet:-1","max-image-preview":"max-image-preview:large","max-video-preview":"max-video-preview:-1"},"canonical":"https:\/\/oceansignal.com\/hr\/products\/rescueme-epirb1-pro\/","og_locale":"hr_HR","og_type":"article","og_title":"rescueME EPIRB1 Pro","og_description":"Ocean Signal EPIRB1 Pro s nosa\u010dem koji ne pluta: Va\u0161 pouzdani suputnik za sigurnost na moru, osiguravaju\u0107i brzo signaliziranje opasnosti na moru.","og_url":"https:\/\/oceansignal.com\/hr\/products\/rescueme-epirb1-pro\/","og_site_name":"Ocean Signal","article_modified_time":"2026-01-21T19:36:26+00:00","og_image":[{"width":800,"height":800,"url":"https:\/\/oceansignal.com\/wp-content\/uploads\/2023\/09\/EPRIB1-PRO-Front.png","type":"image\/png"}],"twitter_card":"summary_large_image","twitter_misc":{"Procijenjeno vrijeme \u010ditanja":"2 minute"},"schema":{"@context":"https:\/\/schema.org","@graph":[{"@type":"WebPage","@id":"https:\/\/oceansignal.com\/hr\/products\/rescueme-epirb1-pro\/","url":"https:\/\/oceansignal.com\/hr\/products\/rescueme-epirb1-pro\/","name":"rescueME EPIRB1 Pro - Ocean Signal","isPartOf":{"@id":"https:\/\/oceansignal.com\/hr\/#website"},"primaryImageOfPage":{"@id":"https:\/\/oceansignal.com\/hr\/products\/rescueme-epirb1-pro\/#primaryimage"},"image":{"@id":"https:\/\/oceansignal.com\/hr\/products\/rescueme-epirb1-pro\/#primaryimage"},"thumbnailUrl":"https:\/\/oceansignal.com\/wp-content\/uploads\/2023\/09\/EPRIB1-PRO-Front.png","datePublished":"2023-09-07T12:15:25+00:00","dateModified":"2026-01-21T19:36:26+00:00","description":"Ocean Signal EPIRB1 Pro s nosa\u010dem koji ne pluta: Va\u0161 pouzdani suputnik za sigurnost na moru, osiguravaju\u0107i brzo signaliziranje opasnosti na moru.","breadcrumb":{"@id":"https:\/\/oceansignal.com\/hr\/products\/rescueme-epirb1-pro\/#breadcrumb"},"inLanguage":"hr","potentialAction":[{"@type":"ReadAction","target":["https:\/\/oceansignal.com\/hr\/products\/rescueme-epirb1-pro\/"]}]},{"@type":"ImageObject","inLanguage":"hr","@id":"https:\/\/oceansignal.com\/hr\/products\/rescueme-epirb1-pro\/#primaryimage","url":"https:\/\/oceansignal.com\/wp-content\/uploads\/2023\/09\/EPRIB1-PRO-Front.png","contentUrl":"https:\/\/oceansignal.com\/wp-content\/uploads\/2023\/09\/EPRIB1-PRO-Front.png","width":800,"height":800},{"@type":"BreadcrumbList","@id":"https:\/\/oceansignal.com\/hr\/products\/rescueme-epirb1-pro\/#breadcrumb","itemListElement":[{"@type":"ListItem","position":1,"name":"Prera\u0111evina","item":"https:\/\/oceansignal.com\/hr\/preradevina\/"},{"@type":"ListItem","position":2,"name":"rescueME EPIRB1 Pro"}]},{"@type":"WebSite","@id":"https:\/\/oceansignal.com\/hr\/#website","url":"https:\/\/oceansignal.com\/hr\/","name":"Ocean Signal","description":"A leading manufacturer of EPIRBs, AIS, SARTs, Personal Locator Beacons, Man Overboard Beacon for the Marine and Outdoor Markets.","potentialAction":[{"@type":"SearchAction","target":{"@type":"EntryPoint","urlTemplate":"https:\/\/oceansignal.com\/hr\/?s={search_term_string}"},"query-input":{"@type":"PropertyValueSpecification","valueRequired":true,"valueName":"search_term_string"}}],"inLanguage":"hr"}]}},"_links":{"self":[{"href":"https:\/\/oceansignal.com\/hr\/wp-json\/wp\/v2\/product\/7849","targetHints":{"allow":["GET"]}}],"collection":[{"href":"https:\/\/oceansignal.com\/hr\/wp-json\/wp\/v2\/product"}],"about":[{"href":"https:\/\/oceansignal.com\/hr\/wp-json\/wp\/v2\/types\/product"}],"wp:featuredmedia":[{"embeddable":true,"href":"https:\/\/oceansignal.com\/hr\/wp-json\/wp\/v2\/media\/12430"}],"wp:attachment":[{"href":"https:\/\/oceansignal.com\/hr\/wp-json\/wp\/v2\/media?parent=7849"}],"wp:term":[{"taxonomy":"product_brand","embeddable":true,"href":"https:\/\/oceansignal.com\/hr\/wp-json\/wp\/v2\/product_brand?post=7849"},{"taxonomy":"product_cat","embeddable":true,"href":"https:\/\/oceansignal.com\/hr\/wp-json\/wp\/v2\/product_cat?post=7849"},{"taxonomy":"product_tag","embeddable":true,"href":"https:\/\/oceansignal.com\/hr\/wp-json\/wp\/v2\/product_tag?post=7849"}],"curies":[{"name":"wp","href":"https:\/\/api.w.org\/{rel}","templated":true}]}}