{"id":7861,"date":"2023-09-07T11:09:06","date_gmt":"2023-09-07T11:09:06","guid":{"rendered":"https:\/\/oceansignal.com\/products\/rescueme-epirb1\/"},"modified":"2026-01-21T19:37:05","modified_gmt":"2026-01-21T19:37:05","slug":"rescueme-epirb1","status":"publish","type":"product","link":"https:\/\/oceansignal.com\/hr\/products\/rescueme-epirb1\/","title":{"rendered":"rescueME EPIRB1"},"content":{"rendered":"<p>Sa\u017eetak:<\/p>\n<p>rescueME EPIRB1 pru\u017ea bezbri\u017enost uz impresivan vijek trajanja baterije od 10 godina.<\/p>\n<p>Najkompaktniji radiofar na svijetu za ozna\u010davanje polo\u017eaja u nu\u017edi ili EPIRB mo\u017ee uvijek biti pri ruci, budu\u0107i da njegova mala veli\u010dina omogu\u0107uje da se lako dr\u017ei unutar ru\u010dnog nosa\u010da za brzo otpu\u0161tanje ili da se stavi u torbu za nu\u017edu ili splav za spa\u0161avanje. Jednostavna za\u0161titna plo\u010dica iznad tipki za upravljanje sprje\u010dava nenamjerno aktiviranje, ali omogu\u0107uje jednostavno rukovanje kada je potrebno. <\/p>\n<p>rescueME EPIRB1 tako\u0111er ima dva stroboskopa visoke svjetline za maksimalnu vidljivost u uvjetima slabog osvjetljenja, a uvla\u010diva antena pru\u017ea maksimalnu za\u0161titu i smanjeni obris za odlaganje. Kada je potrebno, antena se lako otvara blagim povla\u010denjem. <\/p>\n<p>Predlo\u017eeni blog: <a href=\"https:\/\/oceansignal.com\/hr\/news\/sto-je-radio-svjetionik-koji-oznacava-polozaj-u-nuzdi-ili-epirb\/\">\u0160to je EPIRB ?<\/a><\/p>\n<p>Opis proizvoda:<\/p>\n<p>Predstavljamo Ocean Signal rescueME EPIRB1 \u2013 va\u0161 pouzdani suputnik za pomorsku sigurnost.<\/p>\n<p>Projektiran za brzo uzbunjivanje timova za potragu i spa\u0161avanje u slu\u010daju opasnosti na moru, ovaj kompaktni radiofar koji pokazuje polo\u017eaj u nu\u017edi ( EPIRB ) va\u0161 je pojas za spa\u0161avanje na vodi. Bez obzira jeste li mornar, ribar ili avanturist, rescueME EPIRB1 osigurava da se va\u0161 signal za pomo\u0107 emitira s precizno\u0161\u0107u, olak\u0161avaju\u0107i brzi odgovor na va\u0161u lokaciju. Sa svojom vrhunskom tehnologijom i dizajnom prilago\u0111enim korisniku, ovaj osnovni ure\u0111aj nudi neusporediv du\u0161evni mir, osna\u017euju\u0107i vas da s povjerenjem plovite morem.  <\/p>\n<p>rescueME EPIRB1 standardno se isporu\u010duje s integriranim 66-kanalnim GPS-om, koji pru\u017ea to\u010dne informacije o polo\u017eaju hitnim slu\u017ebama za pomo\u0107 u brzom spa\u0161avanju. Kada se aktivira, EPIRB1 \u0161alje va\u0161 polo\u017eaj i jedinstveni ID Centru za koordinaciju spa\u0161avanja putem satelitske veze. Te se informacije zatim proslje\u0111uju relevantnim lokalnim slu\u017ebama traganja i spa\u0161avanja, daju\u0107i im do znanja va\u0161u to\u010dnu lokaciju, zahvaljuju\u0107i 66-kanalnom GPS-u.  <\/p>\n<p>Trebate nadograditi na EPIRB koji podr\u017eava AIS? Pogledajte novi <a href=\"https:\/\/oceansignal.com\/products\/safesea-epirb3-pro\/\">EPIRB3<\/a> <\/p>\n<p>&nbsp;<\/p>\n<p><strong>Zna\u010dajkama:<\/strong><\/p>\n<ul>\n<li>30% (tipi\u010dno) manji*<\/li>\n<li>Trajanje baterije 10 godina<\/li>\n<li>48+ sati radnog vijeka<\/li>\n<li>2-godi\u0161nje jamstvo \u2020 (mo\u017ee produljiti jamstvo na 5 godina putem registracije proizvoda)<\/li>\n<li>Brzo i precizno pozicioniranje sa 66-kanalnim GPS-om<\/li>\n<li>Uvla\u010diva antena<\/li>\n<li>Nosa\u010d za brzo otpu\u0161tanje<\/li>\n<li>Sigurna vrpca<\/li>\n<li>Proizvedeno u Ujedinjenom Kraljevstvu (UK)<\/li>\n<\/ul>\n<p>&nbsp;<\/p>\n<p>*30% manji, u usporedbi s drugim proizvodima odobrenim prema priznatim standardima (srpanj 2014.)<\/p>\n<p>\u2020 Podlo\u017eno izjavi o jamstvu<\/p>\n<p>Za dulje pu\u010dinske ili oceanske prolaze, Ocean Signal <a href=\"http:\/\/oceansignal.com\/products\/rescueme-epirb1-pro\/\">EPIRB1 Pro<\/a> nudi ku\u0107i\u0161te s automatskim otpu\u0161tanjem.<\/p>\n<p>&nbsp;<\/p>\n","protected":false},"excerpt":{"rendered":"<p>Najkompaktniji radiofar na svijetu koji pokazuje polo\u017eaj u nu\u017edi ( EPIRB )<\/p>\n<p><strong>Zna\u010dajkama:<\/strong><\/p>\n<ul>\n<li>Jednokratna kupnja. Bez pretplate. <\/li>\n<li>Trajanje baterije 10 godina<\/li>\n<li>48+ sati radnog vijeka<\/li>\n<li>Brzo precizno pozicioniranje sa 66-kanalnim GPS-om i 406Mhz + 121.5Mhz<\/li>\n<li>2-godi\u0161nje jamstvo \u2020 (mo\u017ee produljiti jamstvo na 5 godina putem registracije proizvoda)<\/li>\n<li>Uvla\u010diva antena<\/li>\n<li>Nosa\u010d za brzo otpu\u0161tanje<\/li>\n<li>Sigurna vrpca<\/li>\n<li>Proizvedeno u Ujedinjenom Kraljevstvu (UK)<\/li>\n<\/ul>\n<p><a href=\"https:\/\/www.dropbox.com\/s\/fk04stqsp2hgk5f\/Prop%2065%20-%20DEHP.pdf?dl=0\">UPOZORENJE: PROP 65<\/a><\/p>\n<p>&nbsp;<\/p>\n","protected":false},"featured_media":35474,"template":"","meta":{"_acf_changed":false,"om_disable_all_campaigns":false},"product_brand":[],"product_cat":[704,476],"product_tag":[705,780,781,782,779],"class_list":{"0":"post-7861","1":"product","2":"type-product","3":"status-publish","4":"has-post-thumbnail","6":"product_cat-epirb-hr","7":"product_cat-rescueme-hr","8":"product_tag-epirb-hr","9":"product_tag-epirb1-hr","10":"product_tag-gps-hr","11":"product_tag-pomorska-sigurnost","12":"product_tag-radio-becaon-koji-pokazuje-polozaj-u-nuzdi","14":"first","15":"instock","16":"taxable","17":"shipping-taxable","18":"purchasable","19":"product-type-simple"},"acf":[],"yoast_head":"<!-- This site is optimized with the Yoast SEO Premium plugin v25.2 (Yoast SEO v26.4) - https:\/\/yoast.com\/wordpress\/plugins\/seo\/ -->\n<title>rescueME EPIRB1 - Ocean Signal<\/title>\n<meta name=\"description\" content=\"Ostanite sigurni na moru uz Ocean Signal rescueME EPIRB1 radijski far koji pokazuje polo\u017eaj u nu\u017edi. Kompaktan i pouzdan, za pomorske avanture.\" \/>\n<meta name=\"robots\" content=\"index, follow, max-snippet:-1, max-image-preview:large, max-video-preview:-1\" \/>\n<link rel=\"canonical\" href=\"https:\/\/oceansignal.com\/hr\/products\/rescueme-epirb1\/\" \/>\n<meta property=\"og:locale\" content=\"hr_HR\" \/>\n<meta property=\"og:type\" content=\"article\" \/>\n<meta property=\"og:title\" content=\"rescueME EPIRB1\" \/>\n<meta property=\"og:description\" content=\"Ostanite sigurni na moru uz Ocean Signal rescueME EPIRB1 radijski far koji pokazuje polo\u017eaj u nu\u017edi. Kompaktan i pouzdan, za pomorske avanture.\" \/>\n<meta property=\"og:url\" content=\"https:\/\/oceansignal.com\/hr\/products\/rescueme-epirb1\/\" \/>\n<meta property=\"og:site_name\" content=\"Ocean Signal\" \/>\n<meta property=\"article:modified_time\" content=\"2026-01-21T19:37:05+00:00\" \/>\n<meta property=\"og:image\" content=\"https:\/\/oceansignal.com\/wp-content\/uploads\/2023\/09\/Ocean-Signal-EPIRB-1-Front.webp\" \/>\n\t<meta property=\"og:image:width\" content=\"800\" \/>\n\t<meta property=\"og:image:height\" content=\"800\" \/>\n\t<meta property=\"og:image:type\" content=\"image\/webp\" \/>\n<meta name=\"twitter:card\" content=\"summary_large_image\" \/>\n<meta name=\"twitter:label1\" content=\"Procijenjeno vrijeme \u010ditanja\" \/>\n\t<meta name=\"twitter:data1\" content=\"2 minute\" \/>\n<script type=\"application\/ld+json\" class=\"yoast-schema-graph\">{\"@context\":\"https:\/\/schema.org\",\"@graph\":[{\"@type\":\"WebPage\",\"@id\":\"https:\/\/oceansignal.com\/hr\/products\/rescueme-epirb1\/\",\"url\":\"https:\/\/oceansignal.com\/hr\/products\/rescueme-epirb1\/\",\"name\":\"rescueME EPIRB1 - Ocean Signal\",\"isPartOf\":{\"@id\":\"https:\/\/oceansignal.com\/hr\/#website\"},\"primaryImageOfPage\":{\"@id\":\"https:\/\/oceansignal.com\/hr\/products\/rescueme-epirb1\/#primaryimage\"},\"image\":{\"@id\":\"https:\/\/oceansignal.com\/hr\/products\/rescueme-epirb1\/#primaryimage\"},\"thumbnailUrl\":\"https:\/\/oceansignal.com\/wp-content\/uploads\/2023\/09\/Ocean-Signal-EPIRB-1-Front.webp\",\"datePublished\":\"2023-09-07T11:09:06+00:00\",\"dateModified\":\"2026-01-21T19:37:05+00:00\",\"description\":\"Ostanite sigurni na moru uz Ocean Signal rescueME EPIRB1 radijski far koji pokazuje polo\u017eaj u nu\u017edi. Kompaktan i pouzdan, za pomorske avanture.\",\"breadcrumb\":{\"@id\":\"https:\/\/oceansignal.com\/hr\/products\/rescueme-epirb1\/#breadcrumb\"},\"inLanguage\":\"hr\",\"potentialAction\":[{\"@type\":\"ReadAction\",\"target\":[\"https:\/\/oceansignal.com\/hr\/products\/rescueme-epirb1\/\"]}]},{\"@type\":\"ImageObject\",\"inLanguage\":\"hr\",\"@id\":\"https:\/\/oceansignal.com\/hr\/products\/rescueme-epirb1\/#primaryimage\",\"url\":\"https:\/\/oceansignal.com\/wp-content\/uploads\/2023\/09\/Ocean-Signal-EPIRB-1-Front.webp\",\"contentUrl\":\"https:\/\/oceansignal.com\/wp-content\/uploads\/2023\/09\/Ocean-Signal-EPIRB-1-Front.webp\",\"width\":800,\"height\":800},{\"@type\":\"BreadcrumbList\",\"@id\":\"https:\/\/oceansignal.com\/hr\/products\/rescueme-epirb1\/#breadcrumb\",\"itemListElement\":[{\"@type\":\"ListItem\",\"position\":1,\"name\":\"Prera\u0111evina\",\"item\":\"https:\/\/oceansignal.com\/hr\/preradevina\/\"},{\"@type\":\"ListItem\",\"position\":2,\"name\":\"rescueME EPIRB1\"}]},{\"@type\":\"WebSite\",\"@id\":\"https:\/\/oceansignal.com\/hr\/#website\",\"url\":\"https:\/\/oceansignal.com\/hr\/\",\"name\":\"Ocean Signal\",\"description\":\"A leading manufacturer of EPIRBs, AIS, SARTs, Personal Locator Beacons, Man Overboard Beacon for the Marine and Outdoor Markets.\",\"potentialAction\":[{\"@type\":\"SearchAction\",\"target\":{\"@type\":\"EntryPoint\",\"urlTemplate\":\"https:\/\/oceansignal.com\/hr\/?s={search_term_string}\"},\"query-input\":{\"@type\":\"PropertyValueSpecification\",\"valueRequired\":true,\"valueName\":\"search_term_string\"}}],\"inLanguage\":\"hr\"}]}<\/script>\n<!-- \/ Yoast SEO Premium plugin. -->","yoast_head_json":{"title":"rescueME EPIRB1 - Ocean Signal","description":"Ostanite sigurni na moru uz Ocean Signal rescueME EPIRB1 radijski far koji pokazuje polo\u017eaj u nu\u017edi. Kompaktan i pouzdan, za pomorske avanture.","robots":{"index":"index","follow":"follow","max-snippet":"max-snippet:-1","max-image-preview":"max-image-preview:large","max-video-preview":"max-video-preview:-1"},"canonical":"https:\/\/oceansignal.com\/hr\/products\/rescueme-epirb1\/","og_locale":"hr_HR","og_type":"article","og_title":"rescueME EPIRB1","og_description":"Ostanite sigurni na moru uz Ocean Signal rescueME EPIRB1 radijski far koji pokazuje polo\u017eaj u nu\u017edi. Kompaktan i pouzdan, za pomorske avanture.","og_url":"https:\/\/oceansignal.com\/hr\/products\/rescueme-epirb1\/","og_site_name":"Ocean Signal","article_modified_time":"2026-01-21T19:37:05+00:00","og_image":[{"width":800,"height":800,"url":"https:\/\/oceansignal.com\/wp-content\/uploads\/2023\/09\/Ocean-Signal-EPIRB-1-Front.webp","type":"image\/webp"}],"twitter_card":"summary_large_image","twitter_misc":{"Procijenjeno vrijeme \u010ditanja":"2 minute"},"schema":{"@context":"https:\/\/schema.org","@graph":[{"@type":"WebPage","@id":"https:\/\/oceansignal.com\/hr\/products\/rescueme-epirb1\/","url":"https:\/\/oceansignal.com\/hr\/products\/rescueme-epirb1\/","name":"rescueME EPIRB1 - Ocean Signal","isPartOf":{"@id":"https:\/\/oceansignal.com\/hr\/#website"},"primaryImageOfPage":{"@id":"https:\/\/oceansignal.com\/hr\/products\/rescueme-epirb1\/#primaryimage"},"image":{"@id":"https:\/\/oceansignal.com\/hr\/products\/rescueme-epirb1\/#primaryimage"},"thumbnailUrl":"https:\/\/oceansignal.com\/wp-content\/uploads\/2023\/09\/Ocean-Signal-EPIRB-1-Front.webp","datePublished":"2023-09-07T11:09:06+00:00","dateModified":"2026-01-21T19:37:05+00:00","description":"Ostanite sigurni na moru uz Ocean Signal rescueME EPIRB1 radijski far koji pokazuje polo\u017eaj u nu\u017edi. Kompaktan i pouzdan, za pomorske avanture.","breadcrumb":{"@id":"https:\/\/oceansignal.com\/hr\/products\/rescueme-epirb1\/#breadcrumb"},"inLanguage":"hr","potentialAction":[{"@type":"ReadAction","target":["https:\/\/oceansignal.com\/hr\/products\/rescueme-epirb1\/"]}]},{"@type":"ImageObject","inLanguage":"hr","@id":"https:\/\/oceansignal.com\/hr\/products\/rescueme-epirb1\/#primaryimage","url":"https:\/\/oceansignal.com\/wp-content\/uploads\/2023\/09\/Ocean-Signal-EPIRB-1-Front.webp","contentUrl":"https:\/\/oceansignal.com\/wp-content\/uploads\/2023\/09\/Ocean-Signal-EPIRB-1-Front.webp","width":800,"height":800},{"@type":"BreadcrumbList","@id":"https:\/\/oceansignal.com\/hr\/products\/rescueme-epirb1\/#breadcrumb","itemListElement":[{"@type":"ListItem","position":1,"name":"Prera\u0111evina","item":"https:\/\/oceansignal.com\/hr\/preradevina\/"},{"@type":"ListItem","position":2,"name":"rescueME EPIRB1"}]},{"@type":"WebSite","@id":"https:\/\/oceansignal.com\/hr\/#website","url":"https:\/\/oceansignal.com\/hr\/","name":"Ocean Signal","description":"A leading manufacturer of EPIRBs, AIS, SARTs, Personal Locator Beacons, Man Overboard Beacon for the Marine and Outdoor Markets.","potentialAction":[{"@type":"SearchAction","target":{"@type":"EntryPoint","urlTemplate":"https:\/\/oceansignal.com\/hr\/?s={search_term_string}"},"query-input":{"@type":"PropertyValueSpecification","valueRequired":true,"valueName":"search_term_string"}}],"inLanguage":"hr"}]}},"_links":{"self":[{"href":"https:\/\/oceansignal.com\/hr\/wp-json\/wp\/v2\/product\/7861","targetHints":{"allow":["GET"]}}],"collection":[{"href":"https:\/\/oceansignal.com\/hr\/wp-json\/wp\/v2\/product"}],"about":[{"href":"https:\/\/oceansignal.com\/hr\/wp-json\/wp\/v2\/types\/product"}],"wp:featuredmedia":[{"embeddable":true,"href":"https:\/\/oceansignal.com\/hr\/wp-json\/wp\/v2\/media\/35474"}],"wp:attachment":[{"href":"https:\/\/oceansignal.com\/hr\/wp-json\/wp\/v2\/media?parent=7861"}],"wp:term":[{"taxonomy":"product_brand","embeddable":true,"href":"https:\/\/oceansignal.com\/hr\/wp-json\/wp\/v2\/product_brand?post=7861"},{"taxonomy":"product_cat","embeddable":true,"href":"https:\/\/oceansignal.com\/hr\/wp-json\/wp\/v2\/product_cat?post=7861"},{"taxonomy":"product_tag","embeddable":true,"href":"https:\/\/oceansignal.com\/hr\/wp-json\/wp\/v2\/product_tag?post=7861"}],"curies":[{"name":"wp","href":"https:\/\/api.w.org\/{rel}","templated":true}]}}