{"id":7873,"date":"2023-09-08T08:24:00","date_gmt":"2023-09-08T08:24:00","guid":{"rendered":"https:\/\/oceansignal.com\/products\/rescueme-edf1-baklja\/"},"modified":"2026-01-21T20:24:48","modified_gmt":"2026-01-21T20:24:48","slug":"rescueme-edf1-baklja","status":"publish","type":"product","link":"https:\/\/oceansignal.com\/hr\/products\/rescueme-edf1-baklja\/","title":{"rendered":"rescueME EDF1 Baklja"},"content":{"rendered":"<p>Elektroni\u010dka signalna signalna raketa <strong>rescueME EDF1<\/strong> nudi korisnicima sigurno i dugotrajno rje\u0161enje za vizualnu signalizaciju u hitnim slu\u010dajevima. Jedinstveni dizajn le\u0107e u kombinaciji s kori\u0161tenjem naprednih LED dioda i visokou\u010dinkovite tehnologije sklopova osigurava konstantnu razinu svjetlosnog izlaza tijekom cijelog vijeka trajanja zamjenjive baterije. <\/p>\n<p>Svjetlosni izlaz je snop od preko 30\u00b0 kroz cijeli azimut od 360\u00b0, pru\u017eaju\u0107i vi\u0161e od 6 puta ve\u0107u pokrivenost svjetlom od drugih elektroni\u010dkih baklji*. Svjetlost se tako\u0111er raspore\u0111uje po hemisferi iznad jedinice kako bi se osigurala vidljivost iz zraka. <\/p>\n<p>Za razliku od pirotehni\u010dkih baklji za jednokratnu upotrebu, <strong>rescueME EDF1<\/strong> se mo\u017ee koristiti vi\u0161e puta u bilo kojem od svoja \u010detiri na\u010dina rada, osiguravaju\u0107i kontinuiranu vidljivost tijekom duljeg razdoblja. Ure\u0111aj je siguran za skladi\u0161tenje i kori\u0161tenje, a istovremeno eliminira sve brige povezane s odlaganjem. Kompaktna veli\u010dina i robusni dizajn zna\u010de da je <strong>rescueME EDF1<\/strong> savr\u0161en sigurnosni proizvod za torbu za spa\u0161avanje, splav za spa\u0161avanje ili planinarski ruksak.  <\/p>\n<p><em>Zamjenski baterijski paket, LB10F, mo\u017ee se naru\u010diti od <a href=\"https:\/\/oceansignal.com\/hr\/podrska\/lokator-trgovaca\/\">prodava\u010da Ocean Signala<\/a> koji imaju na zalihi EDF1. \u0160ifra narud\u017ebe je 751S-01771. <\/em><\/p>\n<p>Potrebna je odobrena elektroni\u010dka baklja Obalne stra\u017ee SAD-a: <a href=\"https:\/\/www.acrartex.com\/products\/resqflare-boat-flare\/\">ACR ResQFlare<\/a><\/p>\n","protected":false},"excerpt":{"rendered":"<p>EDF1 LED signalna raketa za pomo\u0107: izvrsna alternativa tradicionalnim pirotehni\u010dkim raketama<\/p>\n<ul>\n<li>Napredna LED tehnologija &#8211; Siguran rad<\/li>\n<li>Izvrsna vidljivost od 360 stupnjeva u azimutu<\/li>\n<li>Do 6 sati kori\u0161tenja baterije<\/li>\n<li>\u010cetiri na\u010dina rada plus SOS signalizacija. Jednostavna zamjena i zamjenjiva baterija.<\/li>\n<li>Domet do 7 milja<\/li>\n<li>Funkcija testiranja baterije<\/li>\n<li>Kompaktan, robustan dizajn<\/li>\n<li>Izvrsna vidljivost za traganje i spa\u0161avanje zrakoplova i helikoptera<\/li>\n<li>Konstantna svjetlina odr\u017eava se tijekom cijelog vijeka trajanja baterije<\/li>\n<li>Jednostavna zamjena zamjenjive baterije<\/li>\n<li>Vodootpornost do 10 metara<\/li>\n<\/ul>\n","protected":false},"featured_media":12037,"template":"","meta":{"_acf_changed":false,"om_disable_all_campaigns":false},"product_brand":[],"product_cat":[1205,476],"product_tag":[1206,1207,1208],"class_list":{"0":"post-7873","1":"product","2":"type-product","3":"status-publish","4":"has-post-thumbnail","6":"product_cat-elektronicko-signaliziranje-i-signalna-flare-pomoc","7":"product_cat-rescueme-hr","8":"product_tag-edf1-hr","9":"product_tag-elektronska-signalna-flare","10":"product_tag-flare-za-spasavanje","12":"first","13":"instock","14":"taxable","15":"shipping-taxable","16":"purchasable","17":"product-type-simple"},"acf":[],"yoast_head":"<!-- This site is optimized with the Yoast SEO Premium plugin v25.2 (Yoast SEO v26.4) - https:\/\/yoast.com\/wordpress\/plugins\/seo\/ -->\n<title>rescueME EDF1 Baklja - Ocean Signal<\/title>\n<meta name=\"description\" content=\"Ostanite sigurni na moru uz elektroni\u010dku signalnu raketu Ocean Signal rescueME EDF1. Kompaktna, pouzdana signalizacija u nevolji za pomorske hitne slu\u010dajeve. Kupite odmah!\" \/>\n<meta name=\"robots\" content=\"index, follow, max-snippet:-1, max-image-preview:large, max-video-preview:-1\" \/>\n<link rel=\"canonical\" href=\"https:\/\/oceansignal.com\/hr\/products\/rescueme-edf1-baklja\/\" \/>\n<meta property=\"og:locale\" content=\"hr_HR\" \/>\n<meta property=\"og:type\" content=\"article\" \/>\n<meta property=\"og:title\" content=\"rescueME EDF1 Baklja\" \/>\n<meta property=\"og:description\" content=\"Ostanite sigurni na moru uz elektroni\u010dku signalnu raketu Ocean Signal rescueME EDF1. Kompaktna, pouzdana signalizacija u nevolji za pomorske hitne slu\u010dajeve. Kupite odmah!\" \/>\n<meta property=\"og:url\" content=\"https:\/\/oceansignal.com\/hr\/products\/rescueme-edf1-baklja\/\" \/>\n<meta property=\"og:site_name\" content=\"Ocean Signal\" \/>\n<meta property=\"article:modified_time\" content=\"2026-01-21T20:24:48+00:00\" \/>\n<meta property=\"og:image\" content=\"https:\/\/oceansignal.com\/wp-content\/uploads\/2023\/09\/Ocean-Signal-EDF1.png\" \/>\n\t<meta property=\"og:image:width\" content=\"800\" \/>\n\t<meta property=\"og:image:height\" content=\"800\" \/>\n\t<meta property=\"og:image:type\" content=\"image\/png\" \/>\n<meta name=\"twitter:card\" content=\"summary_large_image\" \/>\n<meta name=\"twitter:label1\" content=\"Procijenjeno vrijeme \u010ditanja\" \/>\n\t<meta name=\"twitter:data1\" content=\"1 minuta\" \/>\n<script type=\"application\/ld+json\" class=\"yoast-schema-graph\">{\"@context\":\"https:\/\/schema.org\",\"@graph\":[{\"@type\":\"WebPage\",\"@id\":\"https:\/\/oceansignal.com\/hr\/products\/rescueme-edf1-baklja\/\",\"url\":\"https:\/\/oceansignal.com\/hr\/products\/rescueme-edf1-baklja\/\",\"name\":\"rescueME EDF1 Baklja - Ocean Signal\",\"isPartOf\":{\"@id\":\"https:\/\/oceansignal.com\/hr\/#website\"},\"primaryImageOfPage\":{\"@id\":\"https:\/\/oceansignal.com\/hr\/products\/rescueme-edf1-baklja\/#primaryimage\"},\"image\":{\"@id\":\"https:\/\/oceansignal.com\/hr\/products\/rescueme-edf1-baklja\/#primaryimage\"},\"thumbnailUrl\":\"https:\/\/oceansignal.com\/wp-content\/uploads\/2023\/09\/Ocean-Signal-EDF1.png\",\"datePublished\":\"2023-09-08T08:24:00+00:00\",\"dateModified\":\"2026-01-21T20:24:48+00:00\",\"description\":\"Ostanite sigurni na moru uz elektroni\u010dku signalnu raketu Ocean Signal rescueME EDF1. Kompaktna, pouzdana signalizacija u nevolji za pomorske hitne slu\u010dajeve. Kupite odmah!\",\"breadcrumb\":{\"@id\":\"https:\/\/oceansignal.com\/hr\/products\/rescueme-edf1-baklja\/#breadcrumb\"},\"inLanguage\":\"hr\",\"potentialAction\":[{\"@type\":\"ReadAction\",\"target\":[\"https:\/\/oceansignal.com\/hr\/products\/rescueme-edf1-baklja\/\"]}]},{\"@type\":\"ImageObject\",\"inLanguage\":\"hr\",\"@id\":\"https:\/\/oceansignal.com\/hr\/products\/rescueme-edf1-baklja\/#primaryimage\",\"url\":\"https:\/\/oceansignal.com\/wp-content\/uploads\/2023\/09\/Ocean-Signal-EDF1.png\",\"contentUrl\":\"https:\/\/oceansignal.com\/wp-content\/uploads\/2023\/09\/Ocean-Signal-EDF1.png\",\"width\":800,\"height\":800},{\"@type\":\"BreadcrumbList\",\"@id\":\"https:\/\/oceansignal.com\/hr\/products\/rescueme-edf1-baklja\/#breadcrumb\",\"itemListElement\":[{\"@type\":\"ListItem\",\"position\":1,\"name\":\"Prera\u0111evina\",\"item\":\"https:\/\/oceansignal.com\/hr\/preradevina\/\"},{\"@type\":\"ListItem\",\"position\":2,\"name\":\"rescueME EDF1 Baklja\"}]},{\"@type\":\"WebSite\",\"@id\":\"https:\/\/oceansignal.com\/hr\/#website\",\"url\":\"https:\/\/oceansignal.com\/hr\/\",\"name\":\"Ocean Signal\",\"description\":\"A leading manufacturer of EPIRBs, AIS, SARTs, Personal Locator Beacons, Man Overboard Beacon for the Marine and Outdoor Markets.\",\"potentialAction\":[{\"@type\":\"SearchAction\",\"target\":{\"@type\":\"EntryPoint\",\"urlTemplate\":\"https:\/\/oceansignal.com\/hr\/?s={search_term_string}\"},\"query-input\":{\"@type\":\"PropertyValueSpecification\",\"valueRequired\":true,\"valueName\":\"search_term_string\"}}],\"inLanguage\":\"hr\"}]}<\/script>\n<!-- \/ Yoast SEO Premium plugin. -->","yoast_head_json":{"title":"rescueME EDF1 Baklja - Ocean Signal","description":"Ostanite sigurni na moru uz elektroni\u010dku signalnu raketu Ocean Signal rescueME EDF1. Kompaktna, pouzdana signalizacija u nevolji za pomorske hitne slu\u010dajeve. Kupite odmah!","robots":{"index":"index","follow":"follow","max-snippet":"max-snippet:-1","max-image-preview":"max-image-preview:large","max-video-preview":"max-video-preview:-1"},"canonical":"https:\/\/oceansignal.com\/hr\/products\/rescueme-edf1-baklja\/","og_locale":"hr_HR","og_type":"article","og_title":"rescueME EDF1 Baklja","og_description":"Ostanite sigurni na moru uz elektroni\u010dku signalnu raketu Ocean Signal rescueME EDF1. Kompaktna, pouzdana signalizacija u nevolji za pomorske hitne slu\u010dajeve. Kupite odmah!","og_url":"https:\/\/oceansignal.com\/hr\/products\/rescueme-edf1-baklja\/","og_site_name":"Ocean Signal","article_modified_time":"2026-01-21T20:24:48+00:00","og_image":[{"width":800,"height":800,"url":"https:\/\/oceansignal.com\/wp-content\/uploads\/2023\/09\/Ocean-Signal-EDF1.png","type":"image\/png"}],"twitter_card":"summary_large_image","twitter_misc":{"Procijenjeno vrijeme \u010ditanja":"1 minuta"},"schema":{"@context":"https:\/\/schema.org","@graph":[{"@type":"WebPage","@id":"https:\/\/oceansignal.com\/hr\/products\/rescueme-edf1-baklja\/","url":"https:\/\/oceansignal.com\/hr\/products\/rescueme-edf1-baklja\/","name":"rescueME EDF1 Baklja - Ocean Signal","isPartOf":{"@id":"https:\/\/oceansignal.com\/hr\/#website"},"primaryImageOfPage":{"@id":"https:\/\/oceansignal.com\/hr\/products\/rescueme-edf1-baklja\/#primaryimage"},"image":{"@id":"https:\/\/oceansignal.com\/hr\/products\/rescueme-edf1-baklja\/#primaryimage"},"thumbnailUrl":"https:\/\/oceansignal.com\/wp-content\/uploads\/2023\/09\/Ocean-Signal-EDF1.png","datePublished":"2023-09-08T08:24:00+00:00","dateModified":"2026-01-21T20:24:48+00:00","description":"Ostanite sigurni na moru uz elektroni\u010dku signalnu raketu Ocean Signal rescueME EDF1. Kompaktna, pouzdana signalizacija u nevolji za pomorske hitne slu\u010dajeve. Kupite odmah!","breadcrumb":{"@id":"https:\/\/oceansignal.com\/hr\/products\/rescueme-edf1-baklja\/#breadcrumb"},"inLanguage":"hr","potentialAction":[{"@type":"ReadAction","target":["https:\/\/oceansignal.com\/hr\/products\/rescueme-edf1-baklja\/"]}]},{"@type":"ImageObject","inLanguage":"hr","@id":"https:\/\/oceansignal.com\/hr\/products\/rescueme-edf1-baklja\/#primaryimage","url":"https:\/\/oceansignal.com\/wp-content\/uploads\/2023\/09\/Ocean-Signal-EDF1.png","contentUrl":"https:\/\/oceansignal.com\/wp-content\/uploads\/2023\/09\/Ocean-Signal-EDF1.png","width":800,"height":800},{"@type":"BreadcrumbList","@id":"https:\/\/oceansignal.com\/hr\/products\/rescueme-edf1-baklja\/#breadcrumb","itemListElement":[{"@type":"ListItem","position":1,"name":"Prera\u0111evina","item":"https:\/\/oceansignal.com\/hr\/preradevina\/"},{"@type":"ListItem","position":2,"name":"rescueME EDF1 Baklja"}]},{"@type":"WebSite","@id":"https:\/\/oceansignal.com\/hr\/#website","url":"https:\/\/oceansignal.com\/hr\/","name":"Ocean Signal","description":"A leading manufacturer of EPIRBs, AIS, SARTs, Personal Locator Beacons, Man Overboard Beacon for the Marine and Outdoor Markets.","potentialAction":[{"@type":"SearchAction","target":{"@type":"EntryPoint","urlTemplate":"https:\/\/oceansignal.com\/hr\/?s={search_term_string}"},"query-input":{"@type":"PropertyValueSpecification","valueRequired":true,"valueName":"search_term_string"}}],"inLanguage":"hr"}]}},"_links":{"self":[{"href":"https:\/\/oceansignal.com\/hr\/wp-json\/wp\/v2\/product\/7873","targetHints":{"allow":["GET"]}}],"collection":[{"href":"https:\/\/oceansignal.com\/hr\/wp-json\/wp\/v2\/product"}],"about":[{"href":"https:\/\/oceansignal.com\/hr\/wp-json\/wp\/v2\/types\/product"}],"wp:featuredmedia":[{"embeddable":true,"href":"https:\/\/oceansignal.com\/hr\/wp-json\/wp\/v2\/media\/12037"}],"wp:attachment":[{"href":"https:\/\/oceansignal.com\/hr\/wp-json\/wp\/v2\/media?parent=7873"}],"wp:term":[{"taxonomy":"product_brand","embeddable":true,"href":"https:\/\/oceansignal.com\/hr\/wp-json\/wp\/v2\/product_brand?post=7873"},{"taxonomy":"product_cat","embeddable":true,"href":"https:\/\/oceansignal.com\/hr\/wp-json\/wp\/v2\/product_cat?post=7873"},{"taxonomy":"product_tag","embeddable":true,"href":"https:\/\/oceansignal.com\/hr\/wp-json\/wp\/v2\/product_tag?post=7873"}],"curies":[{"name":"wp","href":"https:\/\/api.w.org\/{rel}","templated":true}]}}