{"id":8430,"date":"2023-09-08T09:20:37","date_gmt":"2023-09-08T09:20:37","guid":{"rendered":"https:\/\/oceansignal.com\/products\/safesea-v100-vhf\/"},"modified":"2026-01-21T19:55:54","modified_gmt":"2026-01-21T19:55:54","slug":"safesea-v100-vhf","status":"publish","type":"product","link":"https:\/\/oceansignal.com\/hr\/products\/safesea-v100-vhf\/","title":{"rendered":"safeSEA V100 VHF"},"content":{"rendered":"<p>Za rutinsko testiranje V100 dostupna je alkalna baterija koja se ne mo\u017ee puniti (TB6V). Ova baterija ima ograni\u010den vijek trajanja samo za testiranje i nije prikladna za operativnu upotrebu. Osim toga, novi jezi\u010dak za za\u0161titu baterije zna\u010di da se primarna baterija mo\u017ee trajno pri\u010dvrstiti na radio bez straha da \u0107e se isprazniti. Radio \u0107e uvijek biti dostupan za kori\u0161tenje u hitnim slu\u010dajevima bez potrebe za uklanjanjem za\u0161titnih naljepnica ili sli\u010dnog prije upotrebe. Jednostavno odlomite crveni za\u0161titni jezi\u010dak i radio \u0107e odmah biti spreman za uklju\u010divanje.    <\/p>\n<h4>Zna\u010dajkama:<\/h4>\n<ul>\n<li>Opcija litij-polimerne punjive baterije dostupna je s brzim punja\u010dem, za svakodnevnu normalnu upotrebu<\/li>\n<li>Potpuno vodootporan, \u010dak i toplinski udar od 40C<\/li>\n<li>Visokou\u010dinkoviti oda\u0161ilja\u010d za maksimalno trajanje baterije<\/li>\n<li>Robusni dizajn prema\u0161uje GMDSS VHF radio ekolo\u0161ke zahtjeve<\/li>\n<li>Litijska primarna baterija za hitnu upotrebu\n<ul>\n<li>Nova kartica za za\u0161titu baterije \u0161titi od nenamjerne uporabe<\/li>\n<li>Baterija klasificirana kao neopasna za otpremu<\/li>\n<li>Baterija osigurava vi\u0161e od 16 sati uobi\u010dajenog rada, \u010dak i na -20\u00b0C. (10% Tx, 10% Rx, 80% Squelched) <\/li>\n<\/ul>\n<\/li>\n<li>Laserski gravirane klju\u010dne legende za izdr\u017eljivost<\/li>\n<li>LCD i tipkovnica visokog kontrasta s pozadinskim osvjetljenjem<\/li>\n<li>Opcija robusne uti\u010dnice za pribor; vodootporan do IP68 za kori\u0161tenje sa slu\u0161alicama, kacigama, mikrofonima za \u0161ake itd.<\/li>\n<li>4 na\u010dina skeniranja, D\/W, T\/W, skeniranje i skeniranje memorije<\/li>\n<li>21 simpleks kanal prema zahtjevima IMO SOLA<\/li>\n<\/ul>\n<p>safeSEA V100 GMDSS VHF radio ispunjava stroge zahtjeve koje su postavile Globalni pomorski sustav za slu\u010daj nevolje i sigurnosti (GMDSS), <a href=\"https:\/\/www.imo.org\/\">Me\u0111unarodna pomorska organizacija (IMO)<\/a> i konvencije o sigurnosti \u017eivota na moru (SOLAS). U skladu s me\u0111unarodnim standardima, osigurava po\u0161tivanje propisa i spremnost va\u0161eg plovila za pomorske operacije.<\/p>\n<p>Plovila koja podlije\u017eu propisima Globalnog pomorskog sustava za pomo\u0107 i sigurnost ( <a href=\"https:\/\/www.navcen.uscg.gov\/global-maritime-distress-and-safety-system\">GMDSS<\/a> ) obi\u010dno moraju imati GMDSS VHF radio.<br \/>\n To uklju\u010duje:<\/p>\n<ol>\n<li>Putni\u010dki brodovi, uklju\u010duju\u0107i trajekte i brodove za krstarenje.<\/li>\n<li>Teretni brodovi bruto tona\u017ee od 300 tona i vi\u0161e.<\/li>\n<li>Tankeri, uklju\u010duju\u0107i nosa\u010de nafte, kemikalija i ukapljenog plina.<\/li>\n<li>Plovila za velike brzine (HSC) bruto tona\u017ee od 500 tona i vi\u0161e.<\/li>\n<li>Odobalna postrojenja i mobilne odobalne jedinice za bu\u0161enje (MODU).<\/li>\n<li>Odre\u0111ena dr\u017eavna plovila koja su obavljala me\u0111unarodna putovanja.<\/li>\n<\/ol>\n<p>Osim toga, mogu se primjenjivati \u200b\u200bposebni propisi ovisno o dr\u017eavi zastave plovila, podru\u010dju djelovanja i trajanju putovanja. Neophodno je konzultirati se s nadle\u017enim pomorskim tijelima i pridr\u017eavati se primjenjivih propisa kako bi se osigurala uskla\u0111enost. <\/p>\n<p>Trebate li nadograditi na novi AIS EPIRB kako bi bio kompatibilan s GMDSS-om? Pogledajte novi <a href=\"https:\/\/oceansignal.com\/products\/safesea-epirb3-pro\/\">safeSEA EPIRB3 Pro<\/a> <\/p>\n<p><strong>Va\u017eno:<\/strong> Molimo pro\u010ditajte ovaj <a href=\"http:\/\/oceansignal.com\/wp-content\/uploads\/2023\/09\/Service-Information-Letter-V100-Battery-Replacement.pdf\">servisni bilten<\/a> koji savjetuje o besplatnoj ponudi zamjene baterija za baterije \u010diji rok trajanja ne prelazi rujan 2023.<br \/>\n Ce <a href=\"http:\/\/oceansignal.com\/wp-content\/uploads\/2023\/09\/Service-Information-Letter-V100-Battery-Replacement-Fr.pdf\">bilten<\/a> est \u00e9galement disponible en langue fran\u00e7aise<\/p>\n","protected":false},"excerpt":{"rendered":"<p>Ocean Signal safeSEA V100 Survival VHF, pomno dizajniran kao vrhunsko komunikacijsko rje\u0161enje za GMDSS, IMO i SOLAS plovila. Svojim robusnim dizajnom i naprednim zna\u010dajkama, ovaj GMDSS VHF radio je va\u0161a spas u hitnim situacijama na moru. <\/p>\n<p>Ru\u010dni prijenosni VHF radio za plovilo za pre\u017eivljavanje safeSEA V100 ispunjava sve zahtjeve IMO-a za prijevoz na SOLAS brodovima. Dizajniran da bude izuzetno robustan i jednostavan za kori\u0161tenje, kako na brodu tako i u nevolji, V100 je idealan izbor za obvezno i \u200b\u200bdobrovoljno no\u0161enje. <\/p>\n<p>Osim primarne baterije, kao opciju za svakodnevnu upotrebu, Ocean Signal nudi opciju punjive litij polimer baterije (RB5V). Brzi punja\u010d s brzim otpu\u0161tanjem pru\u017ea idealno rje\u0161enje za odr\u017eavanje potpuno napunjenih baterija. <\/p>\n<p><a href=\"https:\/\/www.dropbox.com\/s\/fk04stqsp2hgk5f\/Prop%2065%20-%20DEHP.pdf?dl=0\">UPOZORENJE: PROP 65<\/a><\/p>\n<p>&nbsp;<\/p>\n<p>&nbsp;<\/p>\n","protected":false},"featured_media":20869,"template":"","meta":{"_acf_changed":false,"om_disable_all_campaigns":false},"product_brand":[],"product_cat":[334],"product_tag":[],"class_list":{"0":"post-8430","1":"product","2":"type-product","3":"status-publish","4":"has-post-thumbnail","6":"product_cat-safesea-hr","8":"first","9":"instock","10":"taxable","11":"shipping-taxable","12":"purchasable","13":"product-type-simple"},"acf":[],"yoast_head":"<!-- This site is optimized with the Yoast SEO Premium plugin v25.2 (Yoast SEO v26.4) - https:\/\/yoast.com\/wordpress\/plugins\/seo\/ -->\n<title>safeSEA V100 VHF - Ocean Signal<\/title>\n<meta name=\"description\" content=\"Ocean Signal safeSEA V100 VHF radio: GMDSS kompatibilan za SOLAS plovila. Osnovna komunikacijska oprema koja osigurava pomorsku sigurnost i uskla\u0111enost s propisima.\" \/>\n<meta name=\"robots\" content=\"index, follow, max-snippet:-1, max-image-preview:large, max-video-preview:-1\" \/>\n<link rel=\"canonical\" href=\"https:\/\/oceansignal.com\/hr\/products\/safesea-v100-vhf\/\" \/>\n<meta property=\"og:locale\" content=\"hr_HR\" \/>\n<meta property=\"og:type\" content=\"article\" \/>\n<meta property=\"og:title\" content=\"safeSEA V100 VHF\" \/>\n<meta property=\"og:description\" content=\"Ocean Signal safeSEA V100 VHF radio: GMDSS kompatibilan za SOLAS plovila. Osnovna komunikacijska oprema koja osigurava pomorsku sigurnost i uskla\u0111enost s propisima.\" \/>\n<meta property=\"og:url\" content=\"https:\/\/oceansignal.com\/hr\/products\/safesea-v100-vhf\/\" \/>\n<meta property=\"og:site_name\" content=\"Ocean Signal\" \/>\n<meta property=\"article:modified_time\" content=\"2026-01-21T19:55:54+00:00\" \/>\n<meta property=\"og:image\" content=\"https:\/\/oceansignal.com\/wp-content\/uploads\/2023\/09\/OSL-V100-360_600x600.gif\" \/>\n\t<meta property=\"og:image:width\" content=\"600\" \/>\n\t<meta property=\"og:image:height\" content=\"600\" \/>\n\t<meta property=\"og:image:type\" content=\"image\/gif\" \/>\n<meta name=\"twitter:card\" content=\"summary_large_image\" \/>\n<meta name=\"twitter:label1\" content=\"Procijenjeno vrijeme \u010ditanja\" \/>\n\t<meta name=\"twitter:data1\" content=\"2 minute\" \/>\n<script type=\"application\/ld+json\" class=\"yoast-schema-graph\">{\"@context\":\"https:\/\/schema.org\",\"@graph\":[{\"@type\":\"WebPage\",\"@id\":\"https:\/\/oceansignal.com\/hr\/products\/safesea-v100-vhf\/\",\"url\":\"https:\/\/oceansignal.com\/hr\/products\/safesea-v100-vhf\/\",\"name\":\"safeSEA V100 VHF - Ocean Signal\",\"isPartOf\":{\"@id\":\"https:\/\/oceansignal.com\/hr\/#website\"},\"primaryImageOfPage\":{\"@id\":\"https:\/\/oceansignal.com\/hr\/products\/safesea-v100-vhf\/#primaryimage\"},\"image\":{\"@id\":\"https:\/\/oceansignal.com\/hr\/products\/safesea-v100-vhf\/#primaryimage\"},\"thumbnailUrl\":\"https:\/\/oceansignal.com\/wp-content\/uploads\/2023\/09\/OSL-V100-360_600x600.gif\",\"datePublished\":\"2023-09-08T09:20:37+00:00\",\"dateModified\":\"2026-01-21T19:55:54+00:00\",\"description\":\"Ocean Signal safeSEA V100 VHF radio: GMDSS kompatibilan za SOLAS plovila. Osnovna komunikacijska oprema koja osigurava pomorsku sigurnost i uskla\u0111enost s propisima.\",\"breadcrumb\":{\"@id\":\"https:\/\/oceansignal.com\/hr\/products\/safesea-v100-vhf\/#breadcrumb\"},\"inLanguage\":\"hr\",\"potentialAction\":[{\"@type\":\"ReadAction\",\"target\":[\"https:\/\/oceansignal.com\/hr\/products\/safesea-v100-vhf\/\"]}]},{\"@type\":\"ImageObject\",\"inLanguage\":\"hr\",\"@id\":\"https:\/\/oceansignal.com\/hr\/products\/safesea-v100-vhf\/#primaryimage\",\"url\":\"https:\/\/oceansignal.com\/wp-content\/uploads\/2023\/09\/OSL-V100-360_600x600.gif\",\"contentUrl\":\"https:\/\/oceansignal.com\/wp-content\/uploads\/2023\/09\/OSL-V100-360_600x600.gif\",\"width\":600,\"height\":600,\"caption\":\"GMDSS VHF Radio\"},{\"@type\":\"BreadcrumbList\",\"@id\":\"https:\/\/oceansignal.com\/hr\/products\/safesea-v100-vhf\/#breadcrumb\",\"itemListElement\":[{\"@type\":\"ListItem\",\"position\":1,\"name\":\"Prera\u0111evina\",\"item\":\"https:\/\/oceansignal.com\/hr\/preradevina\/\"},{\"@type\":\"ListItem\",\"position\":2,\"name\":\"safeSEA V100 VHF\"}]},{\"@type\":\"WebSite\",\"@id\":\"https:\/\/oceansignal.com\/hr\/#website\",\"url\":\"https:\/\/oceansignal.com\/hr\/\",\"name\":\"Ocean Signal\",\"description\":\"A leading manufacturer of EPIRBs, AIS, SARTs, Personal Locator Beacons, Man Overboard Beacon for the Marine and Outdoor Markets.\",\"potentialAction\":[{\"@type\":\"SearchAction\",\"target\":{\"@type\":\"EntryPoint\",\"urlTemplate\":\"https:\/\/oceansignal.com\/hr\/?s={search_term_string}\"},\"query-input\":{\"@type\":\"PropertyValueSpecification\",\"valueRequired\":true,\"valueName\":\"search_term_string\"}}],\"inLanguage\":\"hr\"}]}<\/script>\n<!-- \/ Yoast SEO Premium plugin. -->","yoast_head_json":{"title":"safeSEA V100 VHF - Ocean Signal","description":"Ocean Signal safeSEA V100 VHF radio: GMDSS kompatibilan za SOLAS plovila. Osnovna komunikacijska oprema koja osigurava pomorsku sigurnost i uskla\u0111enost s propisima.","robots":{"index":"index","follow":"follow","max-snippet":"max-snippet:-1","max-image-preview":"max-image-preview:large","max-video-preview":"max-video-preview:-1"},"canonical":"https:\/\/oceansignal.com\/hr\/products\/safesea-v100-vhf\/","og_locale":"hr_HR","og_type":"article","og_title":"safeSEA V100 VHF","og_description":"Ocean Signal safeSEA V100 VHF radio: GMDSS kompatibilan za SOLAS plovila. Osnovna komunikacijska oprema koja osigurava pomorsku sigurnost i uskla\u0111enost s propisima.","og_url":"https:\/\/oceansignal.com\/hr\/products\/safesea-v100-vhf\/","og_site_name":"Ocean Signal","article_modified_time":"2026-01-21T19:55:54+00:00","og_image":[{"url":"https:\/\/oceansignal.com\/wp-content\/uploads\/2023\/09\/OSL-V100-360_600x600.gif","width":600,"height":600,"type":"image\/gif"}],"twitter_card":"summary_large_image","twitter_misc":{"Procijenjeno vrijeme \u010ditanja":"2 minute"},"schema":{"@context":"https:\/\/schema.org","@graph":[{"@type":"WebPage","@id":"https:\/\/oceansignal.com\/hr\/products\/safesea-v100-vhf\/","url":"https:\/\/oceansignal.com\/hr\/products\/safesea-v100-vhf\/","name":"safeSEA V100 VHF - Ocean Signal","isPartOf":{"@id":"https:\/\/oceansignal.com\/hr\/#website"},"primaryImageOfPage":{"@id":"https:\/\/oceansignal.com\/hr\/products\/safesea-v100-vhf\/#primaryimage"},"image":{"@id":"https:\/\/oceansignal.com\/hr\/products\/safesea-v100-vhf\/#primaryimage"},"thumbnailUrl":"https:\/\/oceansignal.com\/wp-content\/uploads\/2023\/09\/OSL-V100-360_600x600.gif","datePublished":"2023-09-08T09:20:37+00:00","dateModified":"2026-01-21T19:55:54+00:00","description":"Ocean Signal safeSEA V100 VHF radio: GMDSS kompatibilan za SOLAS plovila. Osnovna komunikacijska oprema koja osigurava pomorsku sigurnost i uskla\u0111enost s propisima.","breadcrumb":{"@id":"https:\/\/oceansignal.com\/hr\/products\/safesea-v100-vhf\/#breadcrumb"},"inLanguage":"hr","potentialAction":[{"@type":"ReadAction","target":["https:\/\/oceansignal.com\/hr\/products\/safesea-v100-vhf\/"]}]},{"@type":"ImageObject","inLanguage":"hr","@id":"https:\/\/oceansignal.com\/hr\/products\/safesea-v100-vhf\/#primaryimage","url":"https:\/\/oceansignal.com\/wp-content\/uploads\/2023\/09\/OSL-V100-360_600x600.gif","contentUrl":"https:\/\/oceansignal.com\/wp-content\/uploads\/2023\/09\/OSL-V100-360_600x600.gif","width":600,"height":600,"caption":"GMDSS VHF Radio"},{"@type":"BreadcrumbList","@id":"https:\/\/oceansignal.com\/hr\/products\/safesea-v100-vhf\/#breadcrumb","itemListElement":[{"@type":"ListItem","position":1,"name":"Prera\u0111evina","item":"https:\/\/oceansignal.com\/hr\/preradevina\/"},{"@type":"ListItem","position":2,"name":"safeSEA V100 VHF"}]},{"@type":"WebSite","@id":"https:\/\/oceansignal.com\/hr\/#website","url":"https:\/\/oceansignal.com\/hr\/","name":"Ocean Signal","description":"A leading manufacturer of EPIRBs, AIS, SARTs, Personal Locator Beacons, Man Overboard Beacon for the Marine and Outdoor Markets.","potentialAction":[{"@type":"SearchAction","target":{"@type":"EntryPoint","urlTemplate":"https:\/\/oceansignal.com\/hr\/?s={search_term_string}"},"query-input":{"@type":"PropertyValueSpecification","valueRequired":true,"valueName":"search_term_string"}}],"inLanguage":"hr"}]}},"_links":{"self":[{"href":"https:\/\/oceansignal.com\/hr\/wp-json\/wp\/v2\/product\/8430","targetHints":{"allow":["GET"]}}],"collection":[{"href":"https:\/\/oceansignal.com\/hr\/wp-json\/wp\/v2\/product"}],"about":[{"href":"https:\/\/oceansignal.com\/hr\/wp-json\/wp\/v2\/types\/product"}],"wp:featuredmedia":[{"embeddable":true,"href":"https:\/\/oceansignal.com\/hr\/wp-json\/wp\/v2\/media\/20869"}],"wp:attachment":[{"href":"https:\/\/oceansignal.com\/hr\/wp-json\/wp\/v2\/media?parent=8430"}],"wp:term":[{"taxonomy":"product_brand","embeddable":true,"href":"https:\/\/oceansignal.com\/hr\/wp-json\/wp\/v2\/product_brand?post=8430"},{"taxonomy":"product_cat","embeddable":true,"href":"https:\/\/oceansignal.com\/hr\/wp-json\/wp\/v2\/product_cat?post=8430"},{"taxonomy":"product_tag","embeddable":true,"href":"https:\/\/oceansignal.com\/hr\/wp-json\/wp\/v2\/product_tag?post=8430"}],"curies":[{"name":"wp","href":"https:\/\/api.w.org\/{rel}","templated":true}]}}