{"id":8442,"date":"2023-09-08T09:39:08","date_gmt":"2023-09-08T09:39:08","guid":{"rendered":"https:\/\/oceansignal.com\/products\/safesea-s100-radar-sart\/"},"modified":"2026-01-21T19:33:01","modified_gmt":"2026-01-21T19:33:01","slug":"safesea-s100-radar-sart","status":"publish","type":"product","link":"https:\/\/oceansignal.com\/hr\/products\/safesea-s100-radar-sart\/","title":{"rendered":"safeSEA S100 Radar SART"},"content":{"rendered":"<h4>Transponder za potragu i spa\u0161avanje (Radar SART) safeSEA S100 je namjenski radarski transponder koji je u skladu s <a href=\"https:\/\/www.imo.org\/\">IMO<\/a> SOLAS propisima.<\/h4>\n<p>Me\u0111unarodna pomorska organizacija (IMO) propisuje zahtjeve Globalnog pomorskog sustava za pomo\u0107 i sigurnost (GMDSS) za transpondere za tra\u017eenje i spa\u0161avanje (SART). Brodovi koji podlije\u017eu GMDSS propisima, uklju\u010duju\u0107i putni\u010dke brodove, teretne brodove preko 300 bruto tona\u017ea i plovila koja obavljaju me\u0111unarodna putovanja, moraju imati najmanje jedan S100 SART. S100 je kompaktni radarski SART koji je klju\u010dan za pomo\u0107 u lociranju plovila u nevolji odgovaraju\u0107i na radarske signale jedinica za potragu i spa\u0161avanje. S100 radar SART zadovoljava specifi\u010dne standarde performansi koje je naveo IMO, osiguravaju\u0107i pouzdanost i u\u010dinkovitost proizvoda u situacijama opasnosti. Uskla\u0111enost s ovim zahtjevima klju\u010dna je za pobolj\u0161anje pomorske sigurnosti i omogu\u0107avanje pravovremenih operacija potrage i spa\u0161avanja.    <\/p>\n<ul>\n<li>Vrhunsko trajanje baterije \u2013 \u010dak i na -20 \u00b0C<\/li>\n<li>Baterija koju korisnik mo\u017ee zamijeniti<\/li>\n<li>Neopasna baterija<\/li>\n<li>Petogodi\u0161nji interval zamjene<\/li>\n<li>Kompaktna veli\u010dina za jednostavno pakiranje splavi za spa\u0161avanje<\/li>\n<li>Isporu\u010duje se s nosa\u010dem za odlaganje<\/li>\n<li>Stup prikazan na slikama koje se isporu\u010duju zasebno (Narud\u017eba Broj dijela: 711S-01802 SART monta\u017eni stup)<\/li>\n<\/ul>\n<p>&nbsp;<\/p>\n<h4>Zahtjevi za prijevoz<\/h4>\n<ul>\n<li>SART-ovi su potrebni na svim IMO SOLAS plovilima na me\u0111unarodnim putovanjima:-\n<ul>\n<li>Jedan na 300-500BRT<\/li>\n<li>Dva ako su ve\u0107a od 500 BRT<\/li>\n<li>Jedan SART na svaka \u010detiri splavi za spa\u0161avanje na ro-ro putni\u010dkim brodovima<\/li>\n<\/ul>\n<\/li>\n<li>Plovila s nacionalnim mandatom, uklju\u010duju\u0107i ribarska plovila, putni\u010dka plovila, komercijalne radne brodove itd<\/li>\n<li>Ve\u0107ina Super i Mega jahti mora nositi SART, posebno ako je pokrivena MCA kodeksom prakse, koji je priznat u mnogim zemljama.<\/li>\n<li>Plovila koja su dobrovoljno opremljena tako\u0111er \u0107e imati koristi od no\u0161enja SART-a<\/li>\n<\/ul>\n<p>Trebate nadograditi na nove AIS EPIRB zahtjeve? Pogledajte novi <a href=\"https:\/\/oceansignal.com\/products\/safesea-epirb3-pro\/\">safeSEA EPIRB3 Pro<\/a> <\/p>\n","protected":false},"excerpt":{"rendered":"<p>Ocean Signal safeSEA S100 Radar Search and Rescue Transponder ili Radar SART klju\u010dna je komponenta opreme za pomorsku sigurnost, dizajnirana za pobolj\u0161anje vidljivosti i pomo\u0107 u operacijama potrage i spa\u0161avanja. Zahvaljuju\u0107i naprednoj tehnologiji radarskog reflektora, ovaj svjetionik osigurava lako otkrivanje va\u0161eg plovila \u010dak i u nepovoljnim vremenskim uvjetima i situacijama slabe vidljivosti. Kompaktan i izdr\u017eljiv, S100 Radar SART jednostavan je za postavljanje i vrlo pouzdan, nude\u0107i mir i pomorcima i nauti\u010darima. Bez obzira plovite li prometnim brodskim putovima ili udaljenim vodama, Ocean Signal safeSEA S100 Radar SART neophodan je dodatak sigurnosnoj opremi svakog plovila, osiguravaju\u0107i brz i u\u010dinkovit odgovor u hitnim situacijama.   <\/p>\n<p>safeSEA S100 SART je dizajniran za pomo\u0107 u spa\u0161avanju i izvla\u010denju splavi za spa\u0161avanje i plovila za pre\u017eivljavanje. Kada je uklju\u010den, SART ostaje u stanju pripravnosti dok se automatski ne aktivira X-pojasnim radarom s bilo kojeg plovila u blizini. safeSEA S100 oda\u0161ilje niz impulsa koji se prikazuju na brodskom radaru kao linija to\u010daka, pru\u017eaju\u0107i smjer plovilu za pre\u017eivljavanje.  <\/p>\n<p><a href=\"https:\/\/www.dropbox.com\/s\/fk04stqsp2hgk5f\/Prop%2065%20-%20DEHP.pdf?dl=0\">UPOZORENJE: PROP 65<\/a><\/p>\n","protected":false},"featured_media":23011,"template":"","meta":{"_acf_changed":false,"om_disable_all_campaigns":false},"product_brand":[],"product_cat":[334],"product_tag":[],"class_list":{"0":"post-8442","1":"product","2":"type-product","3":"status-publish","4":"has-post-thumbnail","6":"product_cat-safesea-hr","8":"first","9":"instock","10":"taxable","11":"shipping-taxable","12":"purchasable","13":"product-type-simple"},"acf":[],"yoast_head":"<!-- This site is optimized with the Yoast SEO Premium plugin v25.2 (Yoast SEO v26.4) - https:\/\/yoast.com\/wordpress\/plugins\/seo\/ -->\n<title>safeSEA S100 Radar SART - Ocean Signal<\/title>\n<meta name=\"description\" content=\"Ocean Signal S100 Radar SART: Neophodan radarski reflektor za pomorsku sigurnost. Pouzdan GMDSS signal za tra\u017eenje i spa\u0161avanje. Kupite sada za mir!\" \/>\n<meta name=\"robots\" content=\"index, follow, max-snippet:-1, max-image-preview:large, max-video-preview:-1\" \/>\n<link rel=\"canonical\" href=\"https:\/\/oceansignal.com\/hr\/products\/safesea-s100-radar-sart\/\" \/>\n<meta property=\"og:locale\" content=\"hr_HR\" \/>\n<meta property=\"og:type\" content=\"article\" \/>\n<meta property=\"og:title\" content=\"safeSEA S100 Radar SART\" \/>\n<meta property=\"og:description\" content=\"Ocean Signal S100 Radar SART: Neophodan radarski reflektor za pomorsku sigurnost. Pouzdan GMDSS signal za tra\u017eenje i spa\u0161avanje. Kupite sada za mir!\" \/>\n<meta property=\"og:url\" content=\"https:\/\/oceansignal.com\/hr\/products\/safesea-s100-radar-sart\/\" \/>\n<meta property=\"og:site_name\" content=\"Ocean Signal\" \/>\n<meta property=\"article:modified_time\" content=\"2026-01-21T19:33:01+00:00\" \/>\n<meta property=\"og:image\" content=\"https:\/\/oceansignal.com\/wp-content\/uploads\/2023\/09\/OSL-S100-SART-With-back-piece.png\" \/>\n\t<meta property=\"og:image:width\" content=\"792\" \/>\n\t<meta property=\"og:image:height\" content=\"792\" \/>\n\t<meta property=\"og:image:type\" content=\"image\/png\" \/>\n<meta name=\"twitter:card\" content=\"summary_large_image\" \/>\n<meta name=\"twitter:label1\" content=\"Procijenjeno vrijeme \u010ditanja\" \/>\n\t<meta name=\"twitter:data1\" content=\"2 minute\" \/>\n<script type=\"application\/ld+json\" class=\"yoast-schema-graph\">{\"@context\":\"https:\/\/schema.org\",\"@graph\":[{\"@type\":\"WebPage\",\"@id\":\"https:\/\/oceansignal.com\/hr\/products\/safesea-s100-radar-sart\/\",\"url\":\"https:\/\/oceansignal.com\/hr\/products\/safesea-s100-radar-sart\/\",\"name\":\"safeSEA S100 Radar SART - Ocean Signal\",\"isPartOf\":{\"@id\":\"https:\/\/oceansignal.com\/hr\/#website\"},\"primaryImageOfPage\":{\"@id\":\"https:\/\/oceansignal.com\/hr\/products\/safesea-s100-radar-sart\/#primaryimage\"},\"image\":{\"@id\":\"https:\/\/oceansignal.com\/hr\/products\/safesea-s100-radar-sart\/#primaryimage\"},\"thumbnailUrl\":\"https:\/\/oceansignal.com\/wp-content\/uploads\/2023\/09\/OSL-S100-SART-With-back-piece.png\",\"datePublished\":\"2023-09-08T09:39:08+00:00\",\"dateModified\":\"2026-01-21T19:33:01+00:00\",\"description\":\"Ocean Signal S100 Radar SART: Neophodan radarski reflektor za pomorsku sigurnost. Pouzdan GMDSS signal za tra\u017eenje i spa\u0161avanje. Kupite sada za mir!\",\"breadcrumb\":{\"@id\":\"https:\/\/oceansignal.com\/hr\/products\/safesea-s100-radar-sart\/#breadcrumb\"},\"inLanguage\":\"hr\",\"potentialAction\":[{\"@type\":\"ReadAction\",\"target\":[\"https:\/\/oceansignal.com\/hr\/products\/safesea-s100-radar-sart\/\"]}]},{\"@type\":\"ImageObject\",\"inLanguage\":\"hr\",\"@id\":\"https:\/\/oceansignal.com\/hr\/products\/safesea-s100-radar-sart\/#primaryimage\",\"url\":\"https:\/\/oceansignal.com\/wp-content\/uploads\/2023\/09\/OSL-S100-SART-With-back-piece.png\",\"contentUrl\":\"https:\/\/oceansignal.com\/wp-content\/uploads\/2023\/09\/OSL-S100-SART-With-back-piece.png\",\"width\":792,\"height\":792,\"caption\":\"Ocean Signal S100 Sart s eksplodiranim nosa\u010dem, lijevi kut\"},{\"@type\":\"BreadcrumbList\",\"@id\":\"https:\/\/oceansignal.com\/hr\/products\/safesea-s100-radar-sart\/#breadcrumb\",\"itemListElement\":[{\"@type\":\"ListItem\",\"position\":1,\"name\":\"Prera\u0111evina\",\"item\":\"https:\/\/oceansignal.com\/hr\/preradevina\/\"},{\"@type\":\"ListItem\",\"position\":2,\"name\":\"safeSEA S100 Radar SART\"}]},{\"@type\":\"WebSite\",\"@id\":\"https:\/\/oceansignal.com\/hr\/#website\",\"url\":\"https:\/\/oceansignal.com\/hr\/\",\"name\":\"Ocean Signal\",\"description\":\"A leading manufacturer of EPIRBs, AIS, SARTs, Personal Locator Beacons, Man Overboard Beacon for the Marine and Outdoor Markets.\",\"potentialAction\":[{\"@type\":\"SearchAction\",\"target\":{\"@type\":\"EntryPoint\",\"urlTemplate\":\"https:\/\/oceansignal.com\/hr\/?s={search_term_string}\"},\"query-input\":{\"@type\":\"PropertyValueSpecification\",\"valueRequired\":true,\"valueName\":\"search_term_string\"}}],\"inLanguage\":\"hr\"}]}<\/script>\n<!-- \/ Yoast SEO Premium plugin. -->","yoast_head_json":{"title":"safeSEA S100 Radar SART - Ocean Signal","description":"Ocean Signal S100 Radar SART: Neophodan radarski reflektor za pomorsku sigurnost. Pouzdan GMDSS signal za tra\u017eenje i spa\u0161avanje. Kupite sada za mir!","robots":{"index":"index","follow":"follow","max-snippet":"max-snippet:-1","max-image-preview":"max-image-preview:large","max-video-preview":"max-video-preview:-1"},"canonical":"https:\/\/oceansignal.com\/hr\/products\/safesea-s100-radar-sart\/","og_locale":"hr_HR","og_type":"article","og_title":"safeSEA S100 Radar SART","og_description":"Ocean Signal S100 Radar SART: Neophodan radarski reflektor za pomorsku sigurnost. Pouzdan GMDSS signal za tra\u017eenje i spa\u0161avanje. Kupite sada za mir!","og_url":"https:\/\/oceansignal.com\/hr\/products\/safesea-s100-radar-sart\/","og_site_name":"Ocean Signal","article_modified_time":"2026-01-21T19:33:01+00:00","og_image":[{"width":792,"height":792,"url":"https:\/\/oceansignal.com\/wp-content\/uploads\/2023\/09\/OSL-S100-SART-With-back-piece.png","type":"image\/png"}],"twitter_card":"summary_large_image","twitter_misc":{"Procijenjeno vrijeme \u010ditanja":"2 minute"},"schema":{"@context":"https:\/\/schema.org","@graph":[{"@type":"WebPage","@id":"https:\/\/oceansignal.com\/hr\/products\/safesea-s100-radar-sart\/","url":"https:\/\/oceansignal.com\/hr\/products\/safesea-s100-radar-sart\/","name":"safeSEA S100 Radar SART - Ocean Signal","isPartOf":{"@id":"https:\/\/oceansignal.com\/hr\/#website"},"primaryImageOfPage":{"@id":"https:\/\/oceansignal.com\/hr\/products\/safesea-s100-radar-sart\/#primaryimage"},"image":{"@id":"https:\/\/oceansignal.com\/hr\/products\/safesea-s100-radar-sart\/#primaryimage"},"thumbnailUrl":"https:\/\/oceansignal.com\/wp-content\/uploads\/2023\/09\/OSL-S100-SART-With-back-piece.png","datePublished":"2023-09-08T09:39:08+00:00","dateModified":"2026-01-21T19:33:01+00:00","description":"Ocean Signal S100 Radar SART: Neophodan radarski reflektor za pomorsku sigurnost. Pouzdan GMDSS signal za tra\u017eenje i spa\u0161avanje. Kupite sada za mir!","breadcrumb":{"@id":"https:\/\/oceansignal.com\/hr\/products\/safesea-s100-radar-sart\/#breadcrumb"},"inLanguage":"hr","potentialAction":[{"@type":"ReadAction","target":["https:\/\/oceansignal.com\/hr\/products\/safesea-s100-radar-sart\/"]}]},{"@type":"ImageObject","inLanguage":"hr","@id":"https:\/\/oceansignal.com\/hr\/products\/safesea-s100-radar-sart\/#primaryimage","url":"https:\/\/oceansignal.com\/wp-content\/uploads\/2023\/09\/OSL-S100-SART-With-back-piece.png","contentUrl":"https:\/\/oceansignal.com\/wp-content\/uploads\/2023\/09\/OSL-S100-SART-With-back-piece.png","width":792,"height":792,"caption":"Ocean Signal S100 Sart s eksplodiranim nosa\u010dem, lijevi kut"},{"@type":"BreadcrumbList","@id":"https:\/\/oceansignal.com\/hr\/products\/safesea-s100-radar-sart\/#breadcrumb","itemListElement":[{"@type":"ListItem","position":1,"name":"Prera\u0111evina","item":"https:\/\/oceansignal.com\/hr\/preradevina\/"},{"@type":"ListItem","position":2,"name":"safeSEA S100 Radar SART"}]},{"@type":"WebSite","@id":"https:\/\/oceansignal.com\/hr\/#website","url":"https:\/\/oceansignal.com\/hr\/","name":"Ocean Signal","description":"A leading manufacturer of EPIRBs, AIS, SARTs, Personal Locator Beacons, Man Overboard Beacon for the Marine and Outdoor Markets.","potentialAction":[{"@type":"SearchAction","target":{"@type":"EntryPoint","urlTemplate":"https:\/\/oceansignal.com\/hr\/?s={search_term_string}"},"query-input":{"@type":"PropertyValueSpecification","valueRequired":true,"valueName":"search_term_string"}}],"inLanguage":"hr"}]}},"_links":{"self":[{"href":"https:\/\/oceansignal.com\/hr\/wp-json\/wp\/v2\/product\/8442","targetHints":{"allow":["GET"]}}],"collection":[{"href":"https:\/\/oceansignal.com\/hr\/wp-json\/wp\/v2\/product"}],"about":[{"href":"https:\/\/oceansignal.com\/hr\/wp-json\/wp\/v2\/types\/product"}],"wp:featuredmedia":[{"embeddable":true,"href":"https:\/\/oceansignal.com\/hr\/wp-json\/wp\/v2\/media\/23011"}],"wp:attachment":[{"href":"https:\/\/oceansignal.com\/hr\/wp-json\/wp\/v2\/media?parent=8442"}],"wp:term":[{"taxonomy":"product_brand","embeddable":true,"href":"https:\/\/oceansignal.com\/hr\/wp-json\/wp\/v2\/product_brand?post=8442"},{"taxonomy":"product_cat","embeddable":true,"href":"https:\/\/oceansignal.com\/hr\/wp-json\/wp\/v2\/product_cat?post=8442"},{"taxonomy":"product_tag","embeddable":true,"href":"https:\/\/oceansignal.com\/hr\/wp-json\/wp\/v2\/product_tag?post=8442"}],"curies":[{"name":"wp","href":"https:\/\/api.w.org\/{rel}","templated":true}]}}