{"id":7479,"date":"2023-05-03T12:36:48","date_gmt":"2023-05-03T12:36:48","guid":{"rendered":"https:\/\/oceansignal.com\/ecomm-e-le-politiche-di-garanzia\/"},"modified":"2025-04-17T12:39:55","modified_gmt":"2025-04-17T12:39:55","slug":"ecomm-e-le-politiche-di-garanzia","status":"publish","type":"page","link":"https:\/\/oceansignal.com\/it\/ecomm-e-le-politiche-di-garanzia\/","title":{"rendered":"Ecomm e le politiche di garanzia"},"content":{"rendered":"\n<div class=\"gb-container-narrow\">\n    <div class=\"gc-container \">\n                \n\n<h4 class=\"wp-block-heading\" id=\"h-purchases-made-online-at-www-oceansignal-com\">Acquisti effettuati online su www.oceansignal.com<\/h4>\n\n\n\n<p>Siamo al fianco dei nostri prodotti. Se il tuo acquisto su www.oceansignal.com non soddisfa le tue aspettative, puoi restituirlo per una sostituzione o un rimborso (escluse le spese di spedizione) entro 30 giorni dalla data di acquisto, salvo quanto indicato di seguito. Per avviare un reso, accedi al tuo account su www.oceansignal.com e accedi alla scheda &#8220;Ordini&#8221;. Prendi nota del numero dell&#8217;ordine e quindi accedi al nostro <a href=\"https:\/\/oceansignal.com\/it\/appoggiare\/#contact-us\">modulo di contatto<\/a> tramite la sezione RMA nella pagina di supporto. Inserisci le tue informazioni di contatto nel modulo, fornisci il numero dell&#8217;ordine nel messaggio e una breve descrizione che indichi il motivo per cui desideri restituire l&#8217;ordine. Un membro del nostro team ti contatter\u00e0 a breve per quanto riguarda i passaggi successivi.     <\/p>\n\n\n\n<p>Nota: i radiofari di segnalazione della posizione di emergenza (EPIRB) e i radiofari di localizzazione personale (PLB) possono essere restituiti per un rimborso completo entro 30 giorni dalla data di acquisto solo se il sigillo sulla scatola non \u00e8 stato rotto. Inoltre, non deve essere stato registrato presso la National Authority Registration. Qualsiasi prodotto idoneo per un&#8217;offerta promozionale (rimborsi in contanti o beni gratuiti) che \u00e8 stato riscattato non \u00e8 idoneo.  <\/p>\n\n\n\n<p>Istruzioni per il reso nel Regno Unito e in Europa:<\/p>\n\n\n\n<p>Dopo aver ottenuto un numero di autorizzazione alla restituzione del materiale Ecommerce RMA, riconfeziona l&#8217;articolo nella sua confezione originale e rispediscilo a noi con il numero RMA chiaramente scritto sulla confezione esterna all&#8217;indirizzo indicato di seguito.<\/p>\n\n\n\n<p>Ocean Signal ,<br\/> Unit\u00e0 4, Ocivan Way<br\/> Legno occidentale<br\/> Margate<br\/> CT9 4NN<br\/> Regno Unito<\/p>\n\n\n\n<p>Istruzioni per il reso USA\/Canada:<\/p>\n\n\n\n<p>Dopo aver ottenuto un numero di autorizzazione alla restituzione del materiale Ecommerce RMA, riimballa l&#8217;articolo nella sua confezione originale e rispediscici gli articoli con il tuo numero RMA chiaramente scritto sulla confezione esterna all&#8217;indirizzo sottostante.  <\/p>\n\n\n\n<div class=\"wp-block-group\"><div class=\"wp-block-group__inner-container is-layout-constrained wp-block-group-is-layout-constrained\">\n<div class=\"wp-block-group is-vertical is-layout-flex wp-container-core-group-is-layout-8cf370e7 wp-block-group-is-layout-flex\">\n<p><strong>Elettronica ACR<\/strong><\/p>\n\n\n\n<p><strong>5757 Strada di Ravenswood<\/strong><\/p>\n\n\n\n<p><strong>Fort Lauderdale, FL 33312<\/strong><\/p>\n<\/div>\n<\/div><\/div>\n\n\n\n<p>Gli articoli contenenti materiale pericoloso possono essere restituiti solo tramite spedizioni via terra e devono essere contrassegnati con la corretta documentazione di spedizione Hazmat (visita la pagina del prodotto per vedere se il tuo prodotto \u00e8 idoneo).<\/p>\n\n\n\n<p>Salvo nei casi in cui il reso sia il risultato di un errore di Ocean Signal o l&#8217;articolo arrivi danneggiato o difettoso, le spese di spedizione originali non sono rimborsabili e sei responsabile di tutti i costi di spedizione del reso. Ocean Signal non sar\u00e0 responsabile per i resi persi durante il trasporto o restituiti all&#8217;indirizzo errato; conserva le informazioni di tracciamento del reso. <\/p>\n\n\n\n<p><\/p>\n\n\n\n<h2 class=\"wp-block-heading\">Garanzia limitata globale<\/h2>\n\n\n\n<p>Le garanzie limitate nella garanzia limitata globale sono esclusive e sostituiscono tutte le altre garanzie esplicite o implicite o statutarie, inclusa qualsiasi responsabilit\u00e0 derivante da qualsiasi garanzia di commerciabilit\u00e0 o idoneit\u00e0 per uno scopo particolare, statutaria o meno. Questa garanzia conferisce al proprietario specifici diritti legali, che possono variare da giurisdizione a giurisdizione. <\/p>\n\n\n\n<p>In nessun caso Ocean Signal Ltd. o le sue affiliate saranno responsabili per eventuali danni incidentali, speciali, indiretti o consequenziali, derivanti dall&#8217;uso, dall&#8217;uso improprio, dall&#8217;impossibilit\u00e0 di usare, dall&#8217;affidamento improprio o da eventuali difetti del prodotto. Alcune giurisdizioni non consentono l&#8217;esclusione di danni incidentali o consequenziali, pertanto la limitazione di cui sopra potrebbe non essere applicabile a te. <\/p>\n\n\n\n<p>La Garanzia Limitata Globale non pregiudica i diritti di un cliente nei confronti di un rivenditore derivanti da un contratto di vendita\/acquisto.<\/p>\n\n\n\n<p>Il prodotto riparato o sostituito in garanzia sar\u00e0 garantito solo per il saldo residuo del periodo di garanzia originale applicabile.<\/p>\n\n\n\n<p>Fatti salvi i termini, le condizioni, le limitazioni e le esclusioni della Garanzia limitata globale, tutti i Prodotti Ocean Signal sono garantiti esenti da difetti di materiale o di fabbricazione per un periodo di due (2) anni dalla data di acquisto del Prodotto da parte del Cliente originale (il &#8220;Periodo di garanzia limitata standard&#8221;). Durante questo periodo e solo per il Cliente originale, Ocean Signal , a sua esclusiva discrezione, riparer\u00e0 o sostituir\u00e0 tutti i componenti che si guastano durante il normale utilizzo, il che, in assenza di qualsiasi legge applicabile contraria, costituir\u00e0 l&#8217;unico ed esclusivo rimedio del cliente per qualsiasi violazione della garanzia. <\/p>\n\n\n\n<p>Se la Garanzia limitata standard si applica a te, Ocean Signal non ti addebiter\u00e0 parti o manodopera per riparazioni o sostituzioni in garanzia. Tuttavia, il costo del trasporto del tuo Prodotto in garanzia a Ocean Signal per la riparazione o la sostituzione \u00e8 a tuo carico e non \u00e8 coperto da Ocean Signal . <\/p>\n\n\n\n<h2 class=\"wp-block-heading\">Garanzia limitata estesa<\/h2>\n\n\n\n<p>Fatti salvi i termini, le condizioni, le limitazioni e le esclusioni della Garanzia limitata globale, ed escludendo i Prodotti sostitutivi in garanzia e i Prodotti utilizzati per normali scopi commerciali, militari, di applicazione della legge o correlati, tutti i nuovi Prodotti registrati presso Ocean Signal entro novanta (90) giorni dalla data in cui il prodotto \u00e8 stato acquistato per la prima volta dal Cliente originale sono garantiti esenti da difetti di materiale o fabbricazione per un periodo di anni (il &#8220;Periodo di garanzia limitata estesa&#8221;) come definito di seguito:<\/p>\n\n\n\n<figure class=\"wp-block-table\"><table><tbody><tr><td>Prodotti rescueME ( PLB1 , PLB3 , MOB1, MOB2 , EDF,<br\/> EPIRB1 , EPIRB1Pro, EPIRB2 , EPIRB2 Pro e EPIRB3 )<\/td><td>\u00a0\u2013<\/td><td>Periodo di garanzia estesa 5 anni<\/td><\/tr><tr><td>Prodotti safeSEA ( EPIRB3 Pro , V100, M200 e S100)<\/td><td>\u00a0\u2013<\/td><td>Nessuna estensione di garanzia disponibile<\/td><\/tr><tr><td>Prodotti professionali: (M100 e M100X)<\/td><td>\u00a0\u2013<\/td><td>Nessuna estensione di garanzia disponibile<\/td><\/tr><tr><td>Prodotti AIS: (ATB1 e ATA100)<\/td><td>\u00a0\u2013<\/td><td>Periodo di garanzia estesa 3 anni<\/td><\/tr><\/tbody><\/table><\/figure>\n\n\n\n<p>Durante questo periodo e per il Cliente originale, Ocean Signal , a sua esclusiva discrezione, riparer\u00e0 o sostituir\u00e0 tutti i componenti del prodotto che dovessero guastarsi durante il normale utilizzo, il che, in assenza di qualsiasi legge applicabile contraria, costituir\u00e0 l&#8217;unico ed esclusivo rimedio del cliente per qualsiasi violazione della garanzia.<\/p>\n\n\n\n<p>Una volta completata la registrazione del Prodotto, la Garanzia Limitata Estesa sostituisce la Garanzia Limitata Standard.<\/p>\n\n\n\n<p>Se la Garanzia limitata estesa si applica a te, Ocean Signal non ti addebiter\u00e0 parti o manodopera per riparazioni o sostituzioni in garanzia. Tuttavia, il costo del trasporto del tuo Prodotto in garanzia a Ocean Signal per la riparazione o la sostituzione \u00e8 a tuo carico e non \u00e8 coperto da Ocean Signal . <\/p>\n\n\n        <\/div><\/div>\n","protected":false},"excerpt":{"rendered":"","protected":false},"author":1,"featured_media":0,"parent":0,"menu_order":0,"comment_status":"closed","ping_status":"closed","template":"pagetemplate-header-gray.php","meta":{"_acf_changed":false,"om_disable_all_campaigns":false,"footnotes":""},"class_list":["post-7479","page","type-page","status-publish","hentry"],"acf":[],"yoast_head":"<!-- This site is optimized with the Yoast SEO Premium plugin v25.2 (Yoast SEO v26.4) - https:\/\/yoast.com\/wordpress\/plugins\/seo\/ -->\n<title>Ecomm e le politiche di garanzia - Ocean Signal<\/title>\n<meta name=\"description\" content=\"Esplora la pagina di e-commerce e garanzia di Ocean Signal per attrezzature di sicurezza marittima affidabili. Acquista con sicurezza con la nostra copertura di garanzia completa.\" \/>\n<meta name=\"robots\" content=\"index, follow, max-snippet:-1, max-image-preview:large, max-video-preview:-1\" \/>\n<link rel=\"canonical\" href=\"https:\/\/oceansignal.com\/it\/ecomm-e-le-politiche-di-garanzia\/\" \/>\n<meta property=\"og:locale\" content=\"it_IT\" \/>\n<meta property=\"og:type\" content=\"article\" \/>\n<meta property=\"og:title\" content=\"Ecomm e le politiche di garanzia - Ocean Signal\" \/>\n<meta property=\"og:description\" content=\"Esplora la pagina di e-commerce e garanzia di Ocean Signal per attrezzature di sicurezza marittima affidabili. Acquista con sicurezza con la nostra copertura di garanzia completa.\" \/>\n<meta property=\"og:url\" content=\"https:\/\/oceansignal.com\/it\/ecomm-e-le-politiche-di-garanzia\/\" \/>\n<meta property=\"og:site_name\" content=\"Ocean Signal\" \/>\n<meta property=\"article:modified_time\" content=\"2025-04-17T12:39:55+00:00\" \/>\n<meta property=\"og:image\" content=\"https:\/\/oceansignal.com\/wp-content\/uploads\/2024\/03\/image-social-share-04.jpg\" \/>\n\t<meta property=\"og:image:width\" content=\"1200\" \/>\n\t<meta property=\"og:image:height\" content=\"630\" \/>\n\t<meta property=\"og:image:type\" content=\"image\/jpeg\" \/>\n<meta name=\"twitter:card\" content=\"summary_large_image\" \/>\n<meta name=\"twitter:label1\" content=\"Tempo di lettura stimato\" \/>\n\t<meta name=\"twitter:data1\" content=\"5 minuti\" \/>\n<script type=\"application\/ld+json\" class=\"yoast-schema-graph\">{\"@context\":\"https:\/\/schema.org\",\"@graph\":[{\"@type\":\"WebPage\",\"@id\":\"https:\/\/oceansignal.com\/it\/ecomm-e-le-politiche-di-garanzia\/\",\"url\":\"https:\/\/oceansignal.com\/it\/ecomm-e-le-politiche-di-garanzia\/\",\"name\":\"Ecomm e le politiche di garanzia - Ocean Signal\",\"isPartOf\":{\"@id\":\"https:\/\/oceansignal.com\/it\/#website\"},\"datePublished\":\"2023-05-03T12:36:48+00:00\",\"dateModified\":\"2025-04-17T12:39:55+00:00\",\"description\":\"Esplora la pagina di e-commerce e garanzia di Ocean Signal per attrezzature di sicurezza marittima affidabili. Acquista con sicurezza con la nostra copertura di garanzia completa.\",\"inLanguage\":\"it-IT\",\"potentialAction\":[{\"@type\":\"ReadAction\",\"target\":[\"https:\/\/oceansignal.com\/it\/ecomm-e-le-politiche-di-garanzia\/\"]}]},{\"@type\":\"WebSite\",\"@id\":\"https:\/\/oceansignal.com\/it\/#website\",\"url\":\"https:\/\/oceansignal.com\/it\/\",\"name\":\"Ocean Signal\",\"description\":\"A leading manufacturer of EPIRBs, AIS, SARTs, Personal Locator Beacons, Man Overboard Beacon for the Marine and Outdoor Markets.\",\"potentialAction\":[{\"@type\":\"SearchAction\",\"target\":{\"@type\":\"EntryPoint\",\"urlTemplate\":\"https:\/\/oceansignal.com\/it\/?s={search_term_string}\"},\"query-input\":{\"@type\":\"PropertyValueSpecification\",\"valueRequired\":true,\"valueName\":\"search_term_string\"}}],\"inLanguage\":\"it-IT\"}]}<\/script>\n<!-- \/ Yoast SEO Premium plugin. -->","yoast_head_json":{"title":"Ecomm e le politiche di garanzia - Ocean Signal","description":"Esplora la pagina di e-commerce e garanzia di Ocean Signal per attrezzature di sicurezza marittima affidabili. Acquista con sicurezza con la nostra copertura di garanzia completa.","robots":{"index":"index","follow":"follow","max-snippet":"max-snippet:-1","max-image-preview":"max-image-preview:large","max-video-preview":"max-video-preview:-1"},"canonical":"https:\/\/oceansignal.com\/it\/ecomm-e-le-politiche-di-garanzia\/","og_locale":"it_IT","og_type":"article","og_title":"Ecomm e le politiche di garanzia - Ocean Signal","og_description":"Esplora la pagina di e-commerce e garanzia di Ocean Signal per attrezzature di sicurezza marittima affidabili. Acquista con sicurezza con la nostra copertura di garanzia completa.","og_url":"https:\/\/oceansignal.com\/it\/ecomm-e-le-politiche-di-garanzia\/","og_site_name":"Ocean Signal","article_modified_time":"2025-04-17T12:39:55+00:00","og_image":[{"width":1200,"height":630,"url":"https:\/\/oceansignal.com\/wp-content\/uploads\/2024\/03\/image-social-share-04.jpg","type":"image\/jpeg"}],"twitter_card":"summary_large_image","twitter_misc":{"Tempo di lettura stimato":"5 minuti"},"schema":{"@context":"https:\/\/schema.org","@graph":[{"@type":"WebPage","@id":"https:\/\/oceansignal.com\/it\/ecomm-e-le-politiche-di-garanzia\/","url":"https:\/\/oceansignal.com\/it\/ecomm-e-le-politiche-di-garanzia\/","name":"Ecomm e le politiche di garanzia - Ocean Signal","isPartOf":{"@id":"https:\/\/oceansignal.com\/it\/#website"},"datePublished":"2023-05-03T12:36:48+00:00","dateModified":"2025-04-17T12:39:55+00:00","description":"Esplora la pagina di e-commerce e garanzia di Ocean Signal per attrezzature di sicurezza marittima affidabili. Acquista con sicurezza con la nostra copertura di garanzia completa.","inLanguage":"it-IT","potentialAction":[{"@type":"ReadAction","target":["https:\/\/oceansignal.com\/it\/ecomm-e-le-politiche-di-garanzia\/"]}]},{"@type":"WebSite","@id":"https:\/\/oceansignal.com\/it\/#website","url":"https:\/\/oceansignal.com\/it\/","name":"Ocean Signal","description":"A leading manufacturer of EPIRBs, AIS, SARTs, Personal Locator Beacons, Man Overboard Beacon for the Marine and Outdoor Markets.","potentialAction":[{"@type":"SearchAction","target":{"@type":"EntryPoint","urlTemplate":"https:\/\/oceansignal.com\/it\/?s={search_term_string}"},"query-input":{"@type":"PropertyValueSpecification","valueRequired":true,"valueName":"search_term_string"}}],"inLanguage":"it-IT"}]}},"_links":{"self":[{"href":"https:\/\/oceansignal.com\/it\/wp-json\/wp\/v2\/pages\/7479","targetHints":{"allow":["GET"]}}],"collection":[{"href":"https:\/\/oceansignal.com\/it\/wp-json\/wp\/v2\/pages"}],"about":[{"href":"https:\/\/oceansignal.com\/it\/wp-json\/wp\/v2\/types\/page"}],"author":[{"embeddable":true,"href":"https:\/\/oceansignal.com\/it\/wp-json\/wp\/v2\/users\/1"}],"replies":[{"embeddable":true,"href":"https:\/\/oceansignal.com\/it\/wp-json\/wp\/v2\/comments?post=7479"}],"version-history":[{"count":7,"href":"https:\/\/oceansignal.com\/it\/wp-json\/wp\/v2\/pages\/7479\/revisions"}],"predecessor-version":[{"id":27341,"href":"https:\/\/oceansignal.com\/it\/wp-json\/wp\/v2\/pages\/7479\/revisions\/27341"}],"wp:attachment":[{"href":"https:\/\/oceansignal.com\/it\/wp-json\/wp\/v2\/media?parent=7479"}],"curies":[{"name":"wp","href":"https:\/\/api.w.org\/{rel}","templated":true}]}}