{"id":8237,"date":"2023-05-03T12:36:05","date_gmt":"2023-05-03T12:36:05","guid":{"rendered":"https:\/\/oceansignal.com\/politica-di-garanzia\/"},"modified":"2025-03-06T13:46:53","modified_gmt":"2025-03-06T13:46:53","slug":"politica-di-garanzia","status":"publish","type":"page","link":"https:\/\/oceansignal.com\/it\/politica-di-garanzia\/","title":{"rendered":"Politica di garanzia"},"content":{"rendered":"\n<div class=\"gb-container-narrow\">\n    <div class=\"gc-container \">\n                \n\n<p><strong>Garanzia limitata globale<\/strong><\/p>\n\n\n\n<p>Le garanzie limitate nella garanzia limitata globale sono esclusive e sostituiscono tutte le altre garanzie esplicite o implicite o statutarie, inclusa qualsiasi responsabilit\u00e0 derivante da qualsiasi garanzia di commerciabilit\u00e0 o idoneit\u00e0 per uno scopo particolare, statutaria o meno. Questa garanzia conferisce al proprietario specifici diritti legali, che possono variare da giurisdizione a giurisdizione. <\/p>\n\n\n\n<p>In nessun caso Ocean Signal Ltd. o le sue affiliate saranno responsabili per eventuali danni incidentali, speciali, indiretti o consequenziali, derivanti dall&#8217;uso, dall&#8217;uso improprio, dall&#8217;impossibilit\u00e0 di usare, dall&#8217;affidamento improprio o da eventuali difetti del prodotto. Alcune giurisdizioni non consentono l&#8217;esclusione di danni incidentali o consequenziali, pertanto la limitazione di cui sopra potrebbe non essere applicabile a te. <\/p>\n\n\n\n<p>La Garanzia Limitata Globale non pregiudica i diritti di un cliente nei confronti di un rivenditore derivanti da un contratto di vendita\/acquisto.<\/p>\n\n\n\n<p>Il prodotto riparato o sostituito in garanzia sar\u00e0 garantito solo per il saldo residuo del periodo di garanzia originale applicabile.<\/p>\n\n\n\n<p>Fatti salvi i termini, le condizioni, le limitazioni e le esclusioni della Garanzia limitata globale, tutti i Prodotti Ocean Signal sono garantiti esenti da difetti di materiale o di fabbricazione per un periodo di due (2) anni dalla data di acquisto del Prodotto da parte del Cliente originale (il &#8220;Periodo di garanzia limitata standard&#8221;). Durante questo periodo e solo per il Cliente originale, Ocean Signal , a sua esclusiva discrezione, riparer\u00e0 o sostituir\u00e0 tutti i componenti che si guastano durante il normale utilizzo, il che, in assenza di qualsiasi legge applicabile contraria, costituir\u00e0 l&#8217;unico ed esclusivo rimedio del cliente per qualsiasi violazione della garanzia. <\/p>\n\n\n\n<p>Se la Garanzia limitata standard si applica a te, Ocean Signal non ti addebiter\u00e0 parti o manodopera per riparazioni o sostituzioni in garanzia. Tuttavia, il costo del trasporto del tuo Prodotto in garanzia a Ocean Signal per la riparazione o la sostituzione \u00e8 a tuo carico e non \u00e8 coperto da Ocean Signal . <\/p>\n\n\n\n<p><strong>Garanzia limitata estesa<\/strong><\/p>\n\n\n\n<p>Fatti salvi i termini, le condizioni, le limitazioni e le esclusioni della Garanzia limitata globale, ed escludendo i Prodotti sostitutivi in garanzia e i Prodotti utilizzati per normali scopi commerciali, militari, di applicazione della legge o correlati, tutti i nuovi Prodotti registrati presso Ocean Signal entro novanta (90) giorni dalla data in cui il prodotto \u00e8 stato acquistato per la prima volta dal Cliente originale sono garantiti esenti da difetti di materiale o fabbricazione per un periodo di anni (il &#8220;Periodo di garanzia limitata estesa&#8221;) come definito di seguito:<\/p>\n\n\n\n<ul class=\"wp-block-list\">\n<li>Prodotti rescueME ( PLB1 , PLB3 , MOB1, EDF, EPIRB1, EPIRB1Pro, EPIRB2, EPIRB2 Pro e EPIRB3) &#8211; Periodo di garanzia esteso 5 anni<\/li>\n<\/ul>\n\n\n\n<ul class=\"wp-block-list\">\n<li>Prodotti safeSEA (EPIRB3 Pro , V100 e S100) &#8211; Nessuna garanzia estesa disponibile<\/li>\n<\/ul>\n\n\n\n<ul class=\"wp-block-list\">\n<li>Prodotti professionali: (M100 e M100X) &#8211; Nessuna estensione di garanzia disponibile<\/li>\n<\/ul>\n\n\n\n<ul class=\"wp-block-list\">\n<li>Prodotti AIS: (ATB1) &#8211; Periodo di garanzia estesa 3 anni<\/li>\n<\/ul>\n\n\n\n<p>Durante questo periodo e per il Cliente originale, Ocean Signal , a sua esclusiva discrezione, riparer\u00e0 o sostituir\u00e0 tutti i componenti del prodotto che dovessero guastarsi durante il normale utilizzo, il che, in assenza di qualsiasi legge applicabile contraria, costituir\u00e0 l&#8217;unico ed esclusivo rimedio del cliente per qualsiasi violazione della garanzia.<\/p>\n\n\n\n<p>Una volta completata la registrazione del Prodotto, la Garanzia Limitata Estesa sostituisce la Garanzia Limitata Standard.<\/p>\n\n\n\n<p>Richiedi una garanzia estesa qui: <a href=\"https:\/\/oceansignal.com\/my-account\/products\/\">ESTENDI<\/a> <a href=\"https:\/\/oceansignal.com\/my-account\/products\/create\/\">LA TUA GARANZIA<\/a> Se la Garanzia limitata estesa si applica a te, Ocean Signal non ti addebiter\u00e0 parti o manodopera per riparazioni o sostituzioni in garanzia. Tuttavia, il costo del trasporto del tuo Prodotto in garanzia a Ocean Signal per la riparazione o la sostituzione \u00e8 a tuo carico e non \u00e8 coperto da Ocean Signal . <\/p>\n\n\n        <\/div><\/div>\n","protected":false},"excerpt":{"rendered":"","protected":false},"author":1,"featured_media":0,"parent":0,"menu_order":0,"comment_status":"closed","ping_status":"closed","template":"pagetemplate-header-gray.php","meta":{"_acf_changed":false,"om_disable_all_campaigns":false,"footnotes":""},"class_list":["post-8237","page","type-page","status-publish","hentry"],"acf":[],"yoast_head":"<!-- This site is optimized with the Yoast SEO Premium plugin v25.2 (Yoast SEO v26.4) - https:\/\/yoast.com\/wordpress\/plugins\/seo\/ -->\n<title>Politica di garanzia - Ocean Signal<\/title>\n<meta name=\"description\" content=\"Scopri la completa politica di garanzia di Ocean Signal per la tranquillit\u00e0 con la tua attrezzatura di sicurezza. Fidati del nostro impegno per la qualit\u00e0.\" \/>\n<meta name=\"robots\" content=\"index, follow, max-snippet:-1, max-image-preview:large, max-video-preview:-1\" \/>\n<link rel=\"canonical\" href=\"https:\/\/oceansignal.com\/it\/politica-di-garanzia\/\" \/>\n<meta property=\"og:locale\" content=\"it_IT\" \/>\n<meta property=\"og:type\" content=\"article\" \/>\n<meta property=\"og:title\" content=\"Politica di garanzia - Ocean Signal\" \/>\n<meta property=\"og:description\" content=\"Scopri la completa politica di garanzia di Ocean Signal per la tranquillit\u00e0 con la tua attrezzatura di sicurezza. Fidati del nostro impegno per la qualit\u00e0.\" \/>\n<meta property=\"og:url\" content=\"https:\/\/oceansignal.com\/it\/politica-di-garanzia\/\" \/>\n<meta property=\"og:site_name\" content=\"Ocean Signal\" \/>\n<meta property=\"article:modified_time\" content=\"2025-03-06T13:46:53+00:00\" \/>\n<meta property=\"og:image\" content=\"https:\/\/oceansignal.com\/wp-content\/uploads\/2024\/03\/image-social-share-04.jpg\" \/>\n\t<meta property=\"og:image:width\" content=\"1200\" \/>\n\t<meta property=\"og:image:height\" content=\"630\" \/>\n\t<meta property=\"og:image:type\" content=\"image\/jpeg\" \/>\n<meta name=\"twitter:card\" content=\"summary_large_image\" \/>\n<meta name=\"twitter:label1\" content=\"Tempo di lettura stimato\" \/>\n\t<meta name=\"twitter:data1\" content=\"3 minuti\" \/>\n<script type=\"application\/ld+json\" class=\"yoast-schema-graph\">{\"@context\":\"https:\/\/schema.org\",\"@graph\":[{\"@type\":\"WebPage\",\"@id\":\"https:\/\/oceansignal.com\/it\/politica-di-garanzia\/\",\"url\":\"https:\/\/oceansignal.com\/it\/politica-di-garanzia\/\",\"name\":\"Politica di garanzia - Ocean Signal\",\"isPartOf\":{\"@id\":\"https:\/\/oceansignal.com\/it\/#website\"},\"datePublished\":\"2023-05-03T12:36:05+00:00\",\"dateModified\":\"2025-03-06T13:46:53+00:00\",\"description\":\"Scopri la completa politica di garanzia di Ocean Signal per la tranquillit\u00e0 con la tua attrezzatura di sicurezza. Fidati del nostro impegno per la qualit\u00e0.\",\"inLanguage\":\"it-IT\",\"potentialAction\":[{\"@type\":\"ReadAction\",\"target\":[\"https:\/\/oceansignal.com\/it\/politica-di-garanzia\/\"]}]},{\"@type\":\"WebSite\",\"@id\":\"https:\/\/oceansignal.com\/it\/#website\",\"url\":\"https:\/\/oceansignal.com\/it\/\",\"name\":\"Ocean Signal\",\"description\":\"A leading manufacturer of EPIRBs, AIS, SARTs, Personal Locator Beacons, Man Overboard Beacon for the Marine and Outdoor Markets.\",\"potentialAction\":[{\"@type\":\"SearchAction\",\"target\":{\"@type\":\"EntryPoint\",\"urlTemplate\":\"https:\/\/oceansignal.com\/it\/?s={search_term_string}\"},\"query-input\":{\"@type\":\"PropertyValueSpecification\",\"valueRequired\":true,\"valueName\":\"search_term_string\"}}],\"inLanguage\":\"it-IT\"}]}<\/script>\n<!-- \/ Yoast SEO Premium plugin. -->","yoast_head_json":{"title":"Politica di garanzia - Ocean Signal","description":"Scopri la completa politica di garanzia di Ocean Signal per la tranquillit\u00e0 con la tua attrezzatura di sicurezza. Fidati del nostro impegno per la qualit\u00e0.","robots":{"index":"index","follow":"follow","max-snippet":"max-snippet:-1","max-image-preview":"max-image-preview:large","max-video-preview":"max-video-preview:-1"},"canonical":"https:\/\/oceansignal.com\/it\/politica-di-garanzia\/","og_locale":"it_IT","og_type":"article","og_title":"Politica di garanzia - Ocean Signal","og_description":"Scopri la completa politica di garanzia di Ocean Signal per la tranquillit\u00e0 con la tua attrezzatura di sicurezza. Fidati del nostro impegno per la qualit\u00e0.","og_url":"https:\/\/oceansignal.com\/it\/politica-di-garanzia\/","og_site_name":"Ocean Signal","article_modified_time":"2025-03-06T13:46:53+00:00","og_image":[{"width":1200,"height":630,"url":"https:\/\/oceansignal.com\/wp-content\/uploads\/2024\/03\/image-social-share-04.jpg","type":"image\/jpeg"}],"twitter_card":"summary_large_image","twitter_misc":{"Tempo di lettura stimato":"3 minuti"},"schema":{"@context":"https:\/\/schema.org","@graph":[{"@type":"WebPage","@id":"https:\/\/oceansignal.com\/it\/politica-di-garanzia\/","url":"https:\/\/oceansignal.com\/it\/politica-di-garanzia\/","name":"Politica di garanzia - Ocean Signal","isPartOf":{"@id":"https:\/\/oceansignal.com\/it\/#website"},"datePublished":"2023-05-03T12:36:05+00:00","dateModified":"2025-03-06T13:46:53+00:00","description":"Scopri la completa politica di garanzia di Ocean Signal per la tranquillit\u00e0 con la tua attrezzatura di sicurezza. Fidati del nostro impegno per la qualit\u00e0.","inLanguage":"it-IT","potentialAction":[{"@type":"ReadAction","target":["https:\/\/oceansignal.com\/it\/politica-di-garanzia\/"]}]},{"@type":"WebSite","@id":"https:\/\/oceansignal.com\/it\/#website","url":"https:\/\/oceansignal.com\/it\/","name":"Ocean Signal","description":"A leading manufacturer of EPIRBs, AIS, SARTs, Personal Locator Beacons, Man Overboard Beacon for the Marine and Outdoor Markets.","potentialAction":[{"@type":"SearchAction","target":{"@type":"EntryPoint","urlTemplate":"https:\/\/oceansignal.com\/it\/?s={search_term_string}"},"query-input":{"@type":"PropertyValueSpecification","valueRequired":true,"valueName":"search_term_string"}}],"inLanguage":"it-IT"}]}},"_links":{"self":[{"href":"https:\/\/oceansignal.com\/it\/wp-json\/wp\/v2\/pages\/8237","targetHints":{"allow":["GET"]}}],"collection":[{"href":"https:\/\/oceansignal.com\/it\/wp-json\/wp\/v2\/pages"}],"about":[{"href":"https:\/\/oceansignal.com\/it\/wp-json\/wp\/v2\/types\/page"}],"author":[{"embeddable":true,"href":"https:\/\/oceansignal.com\/it\/wp-json\/wp\/v2\/users\/1"}],"replies":[{"embeddable":true,"href":"https:\/\/oceansignal.com\/it\/wp-json\/wp\/v2\/comments?post=8237"}],"version-history":[{"count":4,"href":"https:\/\/oceansignal.com\/it\/wp-json\/wp\/v2\/pages\/8237\/revisions"}],"predecessor-version":[{"id":25561,"href":"https:\/\/oceansignal.com\/it\/wp-json\/wp\/v2\/pages\/8237\/revisions\/25561"}],"wp:attachment":[{"href":"https:\/\/oceansignal.com\/it\/wp-json\/wp\/v2\/media?parent=8237"}],"curies":[{"name":"wp","href":"https:\/\/api.w.org\/{rel}","templated":true}]}}