{"id":12820,"date":"2024-11-12T19:50:16","date_gmt":"2024-11-12T19:50:16","guid":{"rendered":"https:\/\/oceansignal.com\/products\/sicurosea-m200\/"},"modified":"2026-02-17T15:46:46","modified_gmt":"2026-02-17T15:46:46","slug":"sicurosea-m200","status":"publish","type":"product","link":"https:\/\/oceansignal.com\/it\/products\/sicurosea-m200\/","title":{"rendered":"safeSEA M200"},"content":{"rendered":"<p class=\"ai-optimize-36 ai-optimize-introduction\"><em>Vuoi saperne di pi\u00f9 sui requisiti pi\u00f9 recenti della Classe M per AIS MOB ?  <a href=\"https:\/\/oceansignal.com\/it\/news\/comprendere-limpatto-della-regolamentazione-ais-classe-m-sui-mob\/\">Clicca qui<\/a><\/em><\/p>\n<p class=\"ai-optimize-37\"><em>Solo per gli Stati Uniti: questo dispositivo non \u00e8 stato autorizzato come richiesto dalle norme della Federal Communications Commission. Questo dispositivo non \u00e8, e non pu\u00f2 essere, offerto per la vendita o il leasing, o venduto o concesso in leasing, fino a quando non si ottiene l&#8217;autorizzazione. Approvato per la vendita nei paesi che hanno adottato la normativa ECC\/DEC\/(22)02.  <\/em><\/p>\n<p class=\"ai-optimize-38\"><em><a href=\"https:\/\/www.dropbox.com\/s\/8343nj28z0d7bxa\/Prop%2065%20-%20BPA.pdf?dl=0\">ATTENZIONE: PROP 65<\/a><\/em><\/p>\n<h3 class=\"ai-optimize-39\">Riepilogo<\/h3>\n<p class=\"ai-optimize-40\">Progettato per soddisfare le esigenze sia dei diportisti che del mercato marittimo professionale e dei suoi lavoratori offshore, l&#8217;M200 pu\u00f2 essere montato su un giubbotto di salvataggio e si attiva automaticamente al gonfiaggio del giubbotto. Dotato di molteplici metodi di allerta di soccorso, l&#8217;M200 \u00e8 dotato di doppie luci stroboscopiche a infrarossi-bianche e trasmette tramite AIS, DSC e 121,5 MHz per facilitare gli sforzi di soccorso e quindi massimizzare la velocit\u00e0 e l&#8217;efficienza del salvataggio. Conforme alla normativa AIS Classe M, l&#8217;M200 \u00e8 un dispositivo MOB DSC (Digital Selective Calling) Classe M che incorpora un design durevole con un fattore di forma opportunamente pi\u00f9 piccolo rispetto ad altri modelli comparabili.  <\/p>\n<p class=\"ai-optimize-41\">Basandosi sulla collaudata architettura di base del suo predecessore, il safeSEA M200 AIS rimane fedele ai principi di progettazione fondamentali di Ocean Signal e raggiunge un risultato impressionante integrando funzionalit\u00e0 aggiuntive in un formato ancora pi\u00f9 compatto. Conforme alla normativa ECC\/DEC\/(22)02, nota anche come normativa AIS Classe M, l&#8217;M200 include un ricevitore DSC (Digital Selective Calling) che viene utilizzato per impedire al MOB di continuare a inviare messaggi DSC sul canale DSC una volta che un segnale di soccorso \u00e8 stato riconosciuto. L&#8217;inclusione di due luci stroboscopiche a infrarossi bianchi, in combinazione con l&#8217;allerta di soccorso tramite AIS, DSC e 121,5 MHz, consente la massima rilevazione da parte dei servizi di emergenza.  <\/p>\n<p class=\"ai-optimize-42\"><strong>Come funziona<\/strong><\/p>\n<p class=\"ai-optimize-43\">All&#8217;attivazione, il sistema AIS safeSEA M200 inizia a trasmettere il segnale di homing a 121,5 MHz e la prima richiesta di soccorso individuale verr\u00e0 trasmessa entro 15 secondi. L&#8217;M200 invia 8 messaggi AIS al minuto e, una volta ottenuto un fix GNSS, ogni sequenza di 8 messaggi AIS include le coordinate GNSS per avvisare i soccorritori della posizione esatta. L&#8217;M200 \u00e8 anche in grado di inviare diversi tipi di messaggi DSC*. Il tipo di messaggio DSC trasmesso (ripetizione di chiamata di soccorso individuale, chiamata di gruppo o avviso di soccorso a tutte le navi) \u00e8 stabilito dalle normative specifiche di ogni paese.   <\/p>\n<p class=\"ai-optimize-44\"><strong>App connessa<\/strong><\/p>\n<p class=\"ai-optimize-45\">Con l&#8217;inclusione della tecnologia Near Field Communication (NFC), posizionando il telefono vicino al beacon si avvia automaticamente l&#8217; Ocean Signal Product App, che consente di accedere a una gamma di dati di utilizzo. I dati specifici dell&#8217;utente, come l&#8217;MMSI di un&#8217;imbarcazione, possono essere inseriti nell&#8217;M200, consentendo anche di visualizzare facilmente informazioni vitali come la durata della batteria e la cronologia degli autotest. L&#8217;uso dell&#8217;NFC garantisce inoltre che la durata della batteria interna sia massimizzata per motivi di sicurezza.  <\/p>\n<p class=\"ai-optimize-46\"><strong>Integrazione del giubbotto di salvataggio<\/strong><\/p>\n<p class=\"ai-optimize-47\">Il sistema AIS safeSEA M200 pu\u00f2 essere attivato manualmente o automaticamente se installato all&#8217;interno di un giubbotto di salvataggio gonfiabile a gonfiaggio automatico. L&#8217;installazione \u00e8 semplificata grazie alla clip per il tubo di gonfiaggio orale inclusa, che permette di fissare l&#8217;M200 al giubbotto di salvataggio, insieme al nastro di attivazione fissato attorno alla camera d&#8217;aria del giubbotto**. Una volta installato correttamente, il gonfiaggio della camera d&#8217;aria del giubbotto di salvataggio attiva l&#8217;apertura dell&#8217;antenna e l&#8217;attivazione del segnalatore.  <\/p>\n<p class=\"ai-optimize-48\">* La funzionalit\u00e0 DSC \u00e8 soggetta alle normative vigenti in ciascun Paese.<\/p>\n<p class=\"ai-optimize-49\"><strong>** <i data-olk-copy-source=\"MailCompose\">Si consiglia di consultare il produttore del giubbotto di salvataggio prima dell&#8217;installazione, poich\u00e9 alcuni modelli potrebbero avere un metodo di montaggio preferito o raccomandazioni di integrazione specifici.<\/i><\/strong><\/p>\n<p>&nbsp;<\/p>\n<p class=\"ai-optimize-50\"><strong>Caratteristiche e vantaggi dell&#8217;Ocean Ocean Signal safeSEA M200 AIS:<\/strong><\/p>\n<ul>\n<li class=\"ai-optimize-51\">AIS (Sistema di Identificazione Automatica)<\/li>\n<li class=\"ai-optimize-52\">Conforme alla classe M (regolamento ECC\/DEC\/(22)02)<\/li>\n<li class=\"ai-optimize-53\">Ricetrasmettitore DSC Tx e Rx integrato (Digital Selective Calling)*<\/li>\n<li class=\"ai-optimize-54\">I LED verificano la ricezione del segnale di soccorso DSC<\/li>\n<li class=\"ai-optimize-55\">20% (tipicamente) pi\u00f9 piccolo rispetto ai concorrenti<\/li>\n<li class=\"ai-optimize-56\">GNSS tramite GPS e Galileo<\/li>\n<li class=\"ai-optimize-57\">Posizionamento rapido e preciso<\/li>\n<li class=\"ai-optimize-58\">Segnale di homing a 121,5 MHz<\/li>\n<li class=\"ai-optimize-59\">Luci stroboscopiche IR e bianche<\/li>\n<li class=\"ai-optimize-60\">I LED verificano la ricezione del segnale di soccorso DSC<\/li>\n<li class=\"ai-optimize-61\">Attivazione automatica<\/li>\n<li class=\"ai-optimize-62\">Semplice integrazione del giubbotto di salvataggio**<\/li>\n<li class=\"ai-optimize-63\">Durata della batteria di 5 anni<\/li>\n<li class=\"ai-optimize-64\">12+ ore di vita operativa<\/li>\n<li class=\"ai-optimize-65\">Garanzia di 2 anni<\/li>\n<li class=\"ai-optimize-66\">Comunicazione NFC (Near Field Communication) integrata<\/li>\n<li class=\"ai-optimize-67\">Connettivit\u00e0 smartphone tramite NFC<\/li>\n<li class=\"ai-optimize-68\">App mobile Ocean Signal (iOS e Android)<\/li>\n<\/ul>\n<p>&nbsp;<\/p>\n<p class=\"ai-optimize-69\"><strong><em>Compatibilit\u00e0:<\/em><\/strong><em>  La maggior parte dei plotter AIS moderni e dei DSC VHF sono conformi agli standard richiesti per ricevere le trasmissioni MOB . Tuttavia, soprattutto se si utilizzano apparecchiature pi\u00f9 vecchie, \u00e8 consigliabile verificare la compatibilit\u00e0 con il produttore dell&#8217;apparecchiatura. <\/em><\/p>\n<p class=\"ai-optimize-70\">Vuoi saperne di pi\u00f9 sui requisiti pi\u00f9 recenti della Classe M per AIS MOB ?  <a href=\"https:\/\/oceansignal.com\/it\/news\/comprendere-limpatto-della-regolamentazione-ais-classe-m-sui-mob\/\">Clicca qui<\/a><\/p>\n<p>&nbsp;<\/p>\n","protected":false},"excerpt":{"rendered":"<div class=\"flex max-w-full flex-col flex-grow\">\n<div class=\"min-h-8 text-message relative flex w-full flex-col items-end gap-2 whitespace-normal break-words text-start [.text-message+&amp;]:mt-5\" dir=\"auto\" data-message-author-role=\"assistant\" data-message-id=\"933cc1c1-b547-4ddb-bf48-2e55b6592f46\" data-message-model-slug=\"gpt-4o\">\n<div class=\"flex w-full flex-col gap-1 empty:hidden first:pt-[3px]\">\n<div class=\"markdown prose w-full break-words dark:prose-invert light\">\n<ul data-start=\"81\" data-end=\"826\" data-is-last-node=\"\" data-is-only-node=\"\">\n<li class=\"\" data-start=\"81\" data-end=\"235\">\n<p class=\"\" data-start=\"83\" data-end=\"235\"><strong data-start=\"83\" data-end=\"112\">Avviso MOB AIS avanzato<\/strong> : conforme alla Classe M (ECC\/DEC\/(22)02) con AIS, DSC e segnalazione di soccorso a 121,5 MHz per la massima visibilit\u00e0 ai soccorritori.<\/p>\n<\/li>\n<li class=\"\" data-start=\"236\" data-end=\"387\">\n<p class=\"\" data-start=\"238\" data-end=\"387\"><strong data-start=\"238\" data-end=\"275\">Rilevamento della posizione rapido e preciso<\/strong> : invia 8 messaggi AIS al minuto con posizionamento GNSS preciso (GPS e Galileo) per una rapida risposta alle emergenze.<\/p>\n<\/li>\n<li class=\"\" data-start=\"388\" data-end=\"530\">\n<p class=\"\" data-start=\"390\" data-end=\"530\"><strong data-start=\"390\" data-end=\"417\">Ricevitore DSC integrato<\/strong> : interrompe gli avvisi di soccorso una volta confermati, riducendo le trasmissioni non necessarie e migliorando l&#8217;efficienza della ricerca.<\/p>\n<\/li>\n<li class=\"\" data-start=\"531\" data-end=\"678\">\n<p class=\"\" data-start=\"533\" data-end=\"678\"><strong data-start=\"533\" data-end=\"568\">Integrazione perfetta con il giubbotto di salvataggio<\/strong> : attivazione automatica o manuale se installato su un giubbotto di salvataggio gonfiabile, per garantire un funzionamento a mani libere.<\/p>\n<\/li>\n<li class=\"\" data-start=\"679\" data-end=\"826\">\n<p class=\"\" data-start=\"681\" data-end=\"826\"><strong data-start=\"681\" data-end=\"708\">Connettivit\u00e0 per smartphone<\/strong> : NFC abilitato per un facile accesso allo stato della batteria, alla cronologia degli autotest e alla configurazione MMSI tramite l&#8217;app mobile Ocean Signal .<\/p>\n<\/li>\n<li data-start=\"679\" data-end=\"826\">Acquisto una tantum senza abbonamento mensile<\/li>\n<\/ul>\n<\/div>\n<\/div>\n<\/div>\n<\/div>\n","protected":false},"featured_media":12403,"template":"","meta":{"_acf_changed":false,"om_disable_all_campaigns":false},"product_brand":[],"product_cat":[388,1985,333,1068],"product_tag":[],"class_list":{"0":"post-12820","1":"product","2":"type-product","3":"status-publish","4":"has-post-thumbnail","6":"product_cat-ais-it-2","7":"product_cat-compatibile-con-il-giubbotto-di-salvataggio","8":"product_cat-safesea-it","9":"product_cat-uomo-in-mare","11":"first","12":"instock","13":"taxable","14":"shipping-taxable","15":"purchasable","16":"product-type-simple"},"acf":[],"yoast_head":"<!-- This site is optimized with the Yoast SEO Premium plugin v25.2 (Yoast SEO v26.4) - https:\/\/yoast.com\/wordpress\/plugins\/seo\/ -->\n<title>safeSEA M200 - Ocean Signal<\/title>\n<meta name=\"description\" content=\"Il segnalatore di soccorso Ocean Signal safeSEA M200 AIS Man Overboard Beacon massimizza le possibilit\u00e0 di salvataggio con i suoi 3 metodi di trasmissione di emergenza: AIS, DSC e 121,5 MHz\" \/>\n<meta name=\"robots\" content=\"index, follow, max-snippet:-1, max-image-preview:large, max-video-preview:-1\" \/>\n<link rel=\"canonical\" href=\"https:\/\/oceansignal.com\/it\/products\/sicurosea-m200\/\" \/>\n<meta property=\"og:locale\" content=\"it_IT\" \/>\n<meta property=\"og:type\" content=\"article\" \/>\n<meta property=\"og:title\" content=\"safeSEA M200\" \/>\n<meta property=\"og:description\" content=\"Il segnalatore di soccorso Ocean Signal safeSEA M200 AIS Man Overboard Beacon massimizza le possibilit\u00e0 di salvataggio con i suoi 3 metodi di trasmissione di emergenza: AIS, DSC e 121,5 MHz\" \/>\n<meta property=\"og:url\" content=\"https:\/\/oceansignal.com\/it\/products\/sicurosea-m200\/\" \/>\n<meta property=\"og:site_name\" content=\"Ocean Signal\" \/>\n<meta property=\"article:modified_time\" content=\"2026-02-17T15:46:46+00:00\" \/>\n<meta property=\"og:image\" content=\"https:\/\/oceansignal.com\/wp-content\/uploads\/2024\/11\/M200-Front.png\" \/>\n\t<meta property=\"og:image:width\" content=\"800\" \/>\n\t<meta property=\"og:image:height\" content=\"800\" \/>\n\t<meta property=\"og:image:type\" content=\"image\/png\" \/>\n<meta name=\"twitter:card\" content=\"summary_large_image\" \/>\n<meta name=\"twitter:label1\" content=\"Tempo di lettura stimato\" \/>\n\t<meta name=\"twitter:data1\" content=\"4 minuti\" \/>\n<script type=\"application\/ld+json\" class=\"yoast-schema-graph\">{\"@context\":\"https:\/\/schema.org\",\"@graph\":[{\"@type\":\"WebPage\",\"@id\":\"https:\/\/oceansignal.com\/it\/products\/sicurosea-m200\/\",\"url\":\"https:\/\/oceansignal.com\/it\/products\/sicurosea-m200\/\",\"name\":\"safeSEA M200 - Ocean Signal\",\"isPartOf\":{\"@id\":\"https:\/\/oceansignal.com\/it\/#website\"},\"primaryImageOfPage\":{\"@id\":\"https:\/\/oceansignal.com\/it\/products\/sicurosea-m200\/#primaryimage\"},\"image\":{\"@id\":\"https:\/\/oceansignal.com\/it\/products\/sicurosea-m200\/#primaryimage\"},\"thumbnailUrl\":\"https:\/\/oceansignal.com\/wp-content\/uploads\/2024\/11\/M200-Front.png\",\"datePublished\":\"2024-11-12T19:50:16+00:00\",\"dateModified\":\"2026-02-17T15:46:46+00:00\",\"description\":\"Il segnalatore di soccorso Ocean Signal safeSEA M200 AIS Man Overboard Beacon massimizza le possibilit\u00e0 di salvataggio con i suoi 3 metodi di trasmissione di emergenza: AIS, DSC e 121,5 MHz\",\"breadcrumb\":{\"@id\":\"https:\/\/oceansignal.com\/it\/products\/sicurosea-m200\/#breadcrumb\"},\"inLanguage\":\"it-IT\",\"potentialAction\":[{\"@type\":\"ReadAction\",\"target\":[\"https:\/\/oceansignal.com\/it\/products\/sicurosea-m200\/\"]}]},{\"@type\":\"ImageObject\",\"inLanguage\":\"it-IT\",\"@id\":\"https:\/\/oceansignal.com\/it\/products\/sicurosea-m200\/#primaryimage\",\"url\":\"https:\/\/oceansignal.com\/wp-content\/uploads\/2024\/11\/M200-Front.png\",\"contentUrl\":\"https:\/\/oceansignal.com\/wp-content\/uploads\/2024\/11\/M200-Front.png\",\"width\":800,\"height\":800},{\"@type\":\"BreadcrumbList\",\"@id\":\"https:\/\/oceansignal.com\/it\/products\/sicurosea-m200\/#breadcrumb\",\"itemListElement\":[{\"@type\":\"ListItem\",\"position\":1,\"name\":\"Prodotti\",\"item\":\"https:\/\/oceansignal.com\/it\/prodotti\/\"},{\"@type\":\"ListItem\",\"position\":2,\"name\":\"safeSEA M200\"}]},{\"@type\":\"WebSite\",\"@id\":\"https:\/\/oceansignal.com\/it\/#website\",\"url\":\"https:\/\/oceansignal.com\/it\/\",\"name\":\"Ocean Signal\",\"description\":\"A leading manufacturer of EPIRBs, AIS, SARTs, Personal Locator Beacons, Man Overboard Beacon for the Marine and Outdoor Markets.\",\"potentialAction\":[{\"@type\":\"SearchAction\",\"target\":{\"@type\":\"EntryPoint\",\"urlTemplate\":\"https:\/\/oceansignal.com\/it\/?s={search_term_string}\"},\"query-input\":{\"@type\":\"PropertyValueSpecification\",\"valueRequired\":true,\"valueName\":\"search_term_string\"}}],\"inLanguage\":\"it-IT\"}]}<\/script>\n<!-- \/ Yoast SEO Premium plugin. -->","yoast_head_json":{"title":"safeSEA M200 - Ocean Signal","description":"Il segnalatore di soccorso Ocean Signal safeSEA M200 AIS Man Overboard Beacon massimizza le possibilit\u00e0 di salvataggio con i suoi 3 metodi di trasmissione di emergenza: AIS, DSC e 121,5 MHz","robots":{"index":"index","follow":"follow","max-snippet":"max-snippet:-1","max-image-preview":"max-image-preview:large","max-video-preview":"max-video-preview:-1"},"canonical":"https:\/\/oceansignal.com\/it\/products\/sicurosea-m200\/","og_locale":"it_IT","og_type":"article","og_title":"safeSEA M200","og_description":"Il segnalatore di soccorso Ocean Signal safeSEA M200 AIS Man Overboard Beacon massimizza le possibilit\u00e0 di salvataggio con i suoi 3 metodi di trasmissione di emergenza: AIS, DSC e 121,5 MHz","og_url":"https:\/\/oceansignal.com\/it\/products\/sicurosea-m200\/","og_site_name":"Ocean Signal","article_modified_time":"2026-02-17T15:46:46+00:00","og_image":[{"width":800,"height":800,"url":"https:\/\/oceansignal.com\/wp-content\/uploads\/2024\/11\/M200-Front.png","type":"image\/png"}],"twitter_card":"summary_large_image","twitter_misc":{"Tempo di lettura stimato":"4 minuti"},"schema":{"@context":"https:\/\/schema.org","@graph":[{"@type":"WebPage","@id":"https:\/\/oceansignal.com\/it\/products\/sicurosea-m200\/","url":"https:\/\/oceansignal.com\/it\/products\/sicurosea-m200\/","name":"safeSEA M200 - Ocean Signal","isPartOf":{"@id":"https:\/\/oceansignal.com\/it\/#website"},"primaryImageOfPage":{"@id":"https:\/\/oceansignal.com\/it\/products\/sicurosea-m200\/#primaryimage"},"image":{"@id":"https:\/\/oceansignal.com\/it\/products\/sicurosea-m200\/#primaryimage"},"thumbnailUrl":"https:\/\/oceansignal.com\/wp-content\/uploads\/2024\/11\/M200-Front.png","datePublished":"2024-11-12T19:50:16+00:00","dateModified":"2026-02-17T15:46:46+00:00","description":"Il segnalatore di soccorso Ocean Signal safeSEA M200 AIS Man Overboard Beacon massimizza le possibilit\u00e0 di salvataggio con i suoi 3 metodi di trasmissione di emergenza: AIS, DSC e 121,5 MHz","breadcrumb":{"@id":"https:\/\/oceansignal.com\/it\/products\/sicurosea-m200\/#breadcrumb"},"inLanguage":"it-IT","potentialAction":[{"@type":"ReadAction","target":["https:\/\/oceansignal.com\/it\/products\/sicurosea-m200\/"]}]},{"@type":"ImageObject","inLanguage":"it-IT","@id":"https:\/\/oceansignal.com\/it\/products\/sicurosea-m200\/#primaryimage","url":"https:\/\/oceansignal.com\/wp-content\/uploads\/2024\/11\/M200-Front.png","contentUrl":"https:\/\/oceansignal.com\/wp-content\/uploads\/2024\/11\/M200-Front.png","width":800,"height":800},{"@type":"BreadcrumbList","@id":"https:\/\/oceansignal.com\/it\/products\/sicurosea-m200\/#breadcrumb","itemListElement":[{"@type":"ListItem","position":1,"name":"Prodotti","item":"https:\/\/oceansignal.com\/it\/prodotti\/"},{"@type":"ListItem","position":2,"name":"safeSEA M200"}]},{"@type":"WebSite","@id":"https:\/\/oceansignal.com\/it\/#website","url":"https:\/\/oceansignal.com\/it\/","name":"Ocean Signal","description":"A leading manufacturer of EPIRBs, AIS, SARTs, Personal Locator Beacons, Man Overboard Beacon for the Marine and Outdoor Markets.","potentialAction":[{"@type":"SearchAction","target":{"@type":"EntryPoint","urlTemplate":"https:\/\/oceansignal.com\/it\/?s={search_term_string}"},"query-input":{"@type":"PropertyValueSpecification","valueRequired":true,"valueName":"search_term_string"}}],"inLanguage":"it-IT"}]}},"_links":{"self":[{"href":"https:\/\/oceansignal.com\/it\/wp-json\/wp\/v2\/product\/12820","targetHints":{"allow":["GET"]}}],"collection":[{"href":"https:\/\/oceansignal.com\/it\/wp-json\/wp\/v2\/product"}],"about":[{"href":"https:\/\/oceansignal.com\/it\/wp-json\/wp\/v2\/types\/product"}],"wp:featuredmedia":[{"embeddable":true,"href":"https:\/\/oceansignal.com\/it\/wp-json\/wp\/v2\/media\/12403"}],"wp:attachment":[{"href":"https:\/\/oceansignal.com\/it\/wp-json\/wp\/v2\/media?parent=12820"}],"wp:term":[{"taxonomy":"product_brand","embeddable":true,"href":"https:\/\/oceansignal.com\/it\/wp-json\/wp\/v2\/product_brand?post=12820"},{"taxonomy":"product_cat","embeddable":true,"href":"https:\/\/oceansignal.com\/it\/wp-json\/wp\/v2\/product_cat?post=12820"},{"taxonomy":"product_tag","embeddable":true,"href":"https:\/\/oceansignal.com\/it\/wp-json\/wp\/v2\/product_tag?post=12820"}],"curies":[{"name":"wp","href":"https:\/\/api.w.org\/{rel}","templated":true}]}}