{"id":12827,"date":"2024-10-30T20:20:15","date_gmt":"2024-10-30T20:20:15","guid":{"rendered":"https:\/\/oceansignal.com\/products\/flare-edf2-di-rescueme\/"},"modified":"2025-04-24T16:27:21","modified_gmt":"2025-04-24T16:27:21","slug":"flare-edf2-di-rescueme","status":"publish","type":"product","link":"https:\/\/oceansignal.com\/it\/products\/flare-edf2-di-rescueme\/","title":{"rendered":"EDF2 Flare rescueME"},"content":{"rendered":"<p><img loading=\"lazy\" decoding=\"async\" class=\"alignnone wp-image-26922 size-full\" src=\"https:\/\/oceansignal.com\/wp-content\/uploads\/2024\/10\/OSL-EDF2-Features-Group-001.jpeg\" alt=\"EDF2 Flare di soccorso elettronico IR LED STROBE, batteria sostituibile dall'utente, visibilit\u00e0 a 360\u00b0\" width=\"550\" height=\"310\" srcset=\"https:\/\/oceansignal.com\/wp-content\/uploads\/2024\/10\/OSL-EDF2-Features-Group-001.jpeg 550w, https:\/\/oceansignal.com\/wp-content\/uploads\/2024\/10\/OSL-EDF2-Features-Group-001-300x169.jpeg 300w, https:\/\/oceansignal.com\/wp-content\/uploads\/2024\/10\/OSL-EDF2-Features-Group-001-60x34.jpeg 60w, https:\/\/oceansignal.com\/wp-content\/uploads\/2024\/10\/OSL-EDF2-Features-Group-001-110x62.jpeg 110w\" sizes=\"auto, (max-width: 550px) 100vw, 550px\" \/><\/p>\n<p><img loading=\"lazy\" decoding=\"async\" class=\"alignnone wp-image-26938 size-full\" src=\"https:\/\/oceansignal.com\/wp-content\/uploads\/2024\/10\/OSL-EDF2-Features-Group-002.jpeg\" alt=\"EDF2 Family Safe\" width=\"550\" height=\"310\" srcset=\"https:\/\/oceansignal.com\/wp-content\/uploads\/2024\/10\/OSL-EDF2-Features-Group-002.jpeg 550w, https:\/\/oceansignal.com\/wp-content\/uploads\/2024\/10\/OSL-EDF2-Features-Group-002-300x169.jpeg 300w, https:\/\/oceansignal.com\/wp-content\/uploads\/2024\/10\/OSL-EDF2-Features-Group-002-60x34.jpeg 60w, https:\/\/oceansignal.com\/wp-content\/uploads\/2024\/10\/OSL-EDF2-Features-Group-002-110x62.jpeg 110w\" sizes=\"auto, (max-width: 550px) 100vw, 550px\" \/><\/p>\n<p><img loading=\"lazy\" decoding=\"async\" class=\"alignnone wp-image-26954 size-full\" src=\"https:\/\/oceansignal.com\/wp-content\/uploads\/2024\/10\/OSL-EDF2-Features-Group-003.jpeg\" alt=\"EDF2 LED ad alta intensit\u00e0 con galleggiabilit\u00e0 integrata\" width=\"550\" height=\"310\" srcset=\"https:\/\/oceansignal.com\/wp-content\/uploads\/2024\/10\/OSL-EDF2-Features-Group-003.jpeg 550w, https:\/\/oceansignal.com\/wp-content\/uploads\/2024\/10\/OSL-EDF2-Features-Group-003-300x169.jpeg 300w, https:\/\/oceansignal.com\/wp-content\/uploads\/2024\/10\/OSL-EDF2-Features-Group-003-60x34.jpeg 60w, https:\/\/oceansignal.com\/wp-content\/uploads\/2024\/10\/OSL-EDF2-Features-Group-003-110x62.jpeg 110w\" sizes=\"auto, (max-width: 550px) 100vw, 550px\" \/><\/p>\n<p><strong>Riepilogo:<\/strong><\/p>\n<p>Come ulteriore evoluzione dei razzi elettronici di soccorso, il Flare elettronico per imbarcazioni EDF2 introduce una tecnologia all&#8217;avanguardia per la segnalazione di soccorso SOS. Utilizzando LED rosso-arancio e ciano combinati con una componente a infrarossi (IR), l&#8217;EDF2 offre una notevole durata operativa (tempo di combustione), migliorando significativamente anche il livello di visibilit\u00e0.<\/p>\n<p>Venduti con la bandiera di soccorso diurna inclusa, l&#8217;EDF2 e la bandiera di accompagnamento sono certificati per soddisfare i requisiti applicabili della Guardia costiera statunitense, consentendone il trasporto al posto dei tradizionali razzi pirotecnici negli Stati Uniti.<\/p>\n<p><strong>Descrizione:<\/strong><\/p>\n<p>Soddisfacendo i requisiti di RTCM 13200.00, il segnalatore elettronico galleggiante EDF2 per imbarcazioni \u00e8 classificato come dispositivo di segnalazione visiva di soccorso elettronico (eVDSD) e utilizza la segnalazione di soccorso SOS multicolore per produrre una maggiore luminosit\u00e0 con una distribuzione della luce sostanzialmente migliore. L&#8217;uso di LED rosso-arancio e ciano consente una maggiore visibilit\u00e0 sull&#8217;acqua, mentre l&#8217;aggiunta di un componente a infrarossi (IR) porta a una visibilit\u00e0 ancora maggiore quando l&#8217;attrezzatura per la visione notturna \u00e8 in uso da parte di Search and Rescue.<\/p>\n<p>L&#8217;EDF2 facilita il soccorso emettendo il flash caratteristico del Codice Morse Internazionale per SOS, dove la prima &#8220;S&#8221; \u00e8 rappresentata da tre flash LED rosso-arancio, seguita dalla &#8220;O&#8221; che \u00e8 rappresentata da tre flash LED ciano e dalla &#8220;S&#8221; finale che \u00e8 rappresentata da altri tre flash LED rosso-arancio. Contemporaneamente ai LED lampeggianti rosso-arancio e ciano visibili, la componente IR lampeggia lo stesso schema SOS ottimizzato per la visibilit\u00e0 tramite occhiali per la visione notturna (NVG). Forse la cosa pi\u00f9 impressionante \u00e8 che, anche con l&#8217;ampio numero di flash visibili e IR che si verificano, l&#8217;elevato livello di intensit\u00e0 luminosa prodotto e il significativo intervallo di distribuzione della luce (angolo luminoso \u2265 180\u00b0) che viene raggiunto, l&#8217;EDF2 raggiunge comunque un&#8217;impressionante durata operativa di almeno tre ore (superando i requisiti RTCM del 50%).<\/p>\n<p><strong>NOTA: prima di installare le batterie, utilizzando il cordino in dotazione (presente sotto il velcro), legare la parte superiore del corpo al punto di attacco che si trova nella parte inferiore del vano batterie.<\/strong><\/p>\n<h4>Cosa \u00e8 incluso<\/h4>\n<p>Soddisfacendo anche i requisiti di <a href=\"https:\/\/www.ecfr.gov\/current\/title-46\/chapter-I\/subchapter-Q\/part-161\/subpart-161.013?toc=1\">46 CFR 161.013<\/a> , il segnale elettronico per imbarcazioni EDF2 \u00e8 classificato come segnale di soccorso visivo notturno approvato. Dato che una bandiera di soccorso, conforme ai requisiti di <a href=\"https:\/\/www.ecfr.gov\/current\/title-46\/chapter-I\/subchapter-Q\/part-160\/subpart-160.072\">46 CFR 160.072<\/a> , \u00e8 inclusa nel pacchetto con ogni EDF2, agli utenti viene anche fornito un segnale di soccorso visivo diurno approvato (il requisito per il trasporto di segnali di soccorso visivi diurni e notturni approvati pu\u00f2 essere trovato in 33 CFR parte 175). La bandiera di soccorso in dotazione offre numerose opzioni di segnalazione diurna. La bandiera pu\u00f2 essere issata attaccandola all&#8217;albero o semplicemente issata nel punto pi\u00f9 alto possibile. Pu\u00f2 anche essere esposta a mano, legata e quindi sventolata su oggetti come un gancio per imbarcazioni, una pagaia o una canna da pesca, oppure pu\u00f2 essere stesa sul ponte per attrarre gli aerei. La bandiera deve essere utilizzata solo come segnale diurno e, quando esposta correttamente, il quadrato nero deve essere sopra il cerchio nero.<\/p>\n<p>Oltre alla bandiera di soccorso, \u00e8 inclusa anche una staffa e il relativo hardware di montaggio che consente agli utenti di montare comodamente il prodotto sull&#8217;imbarcazione in modo che l&#8217;EDF2 sia sempre accessibile quando necessario. Un cordino da 1 metro pu\u00f2 anche essere trovato nascosto sotto la cinghia in velcro nera attorno alla parte centrale del corpo del prodotto. Questo cordino pu\u00f2 essere utilizzato per legare l&#8217;EDF2 a una persona o a una zattera di salvataggio in una situazione di emergenza.<\/p>\n<h4>Requisiti per il trasporto<\/h4>\n<p>Negli Stati Uniti*, il trasporto del segnale di soccorso per imbarcazioni EDF2 e della bandiera di soccorso insieme consente ai diportisti di rinunciare al requisito dei tradizionali segnali pirotecnici su imbarcazioni da diporto lunghe fino a 65 piedi, che navigano sui Grandi Laghi, entro 12 miglia dalle acque degli Stati Uniti o su qualsiasi specchio d&#8217;acqua con un passaggio verso il mare largo almeno due miglia. Le imbarcazioni di lunghezza inferiore a 16 piedi non sono tenute a trasportare un segnale di soccorso visivo diurno, ma devono comunque trasportare un segnale di soccorso visivo notturno, rendendo l&#8217;EDF2 un&#8217;alternativa pi\u00f9 che valida ai segnali pirotecnici anche per imbarcazioni di queste dimensioni. Nota: in Canada, l&#8217;EDF2 pu\u00f2 essere trasportato su imbarcazioni da diporto al posto dei segnali pirotecnici (Policy TP 13585 E) se trasportato con un segnale di fumo approvato (per l&#8217;allerta diurna).<\/p>\n<p>Con una distribuzione della luce uniforme su un intervallo significativo** e una durata di combustione 15 volte superiore rispetto alla media dei razzi pirotecnici***, l&#8217;EDF2 \u00e8 chiaramente la scelta &#8220;pi\u00f9 brillante&#8221; che si possa fare.<\/p>\n<p>&nbsp;<\/p>\n<p>*Per le approvazioni in altri paesi, vedere i requisiti dell&#8217;autorit\u00e0 nazionale competente per fare riferimento<\/p>\n<p>la loro specifica accettazione di un eVDSD che soddisfa RTCM 13200.00<\/p>\n<p>**Angolo luminoso \u2265 180\u00b0<\/p>\n<p>***Basato sul trasporto di 4 razzi pirotecnici con un tempo di combustione medio di 3 minuti ciascuno<\/p>\n<p>&nbsp;<\/p>\n<h4><strong>Caratteristiche e vantaggi:<\/strong><\/h4>\n<ul>\n<li>Soddisfa lo standard RTCM 13200.0 per eVDSD<\/li>\n<li>Il razzo elettronico per imbarcazioni EDF2 e la bandiera di soccorso inclusa, se trasportati insieme, possono sostituire i razzi pirotecnici della Guardia Costiera degli Stati Uniti (solo per gli Stati Uniti)<\/li>\n<li>Luce intensa in tutte le direzioni (visibilit\u00e0 a 360\u00b0 e angolo luminoso \u2265 180\u00b0)<\/li>\n<li>Si raddrizza automaticamente e galleggia quando \u00e8 in acqua (non \u00e8 necessario alcun anello di galleggiamento)<\/li>\n<li>Visibile oltre 8 miglia<\/li>\n<li>Batterie al litio 123 sostituibili dall&#8217;utente (x8 &#8211; non incluse)<\/li>\n<li>Intensit\u00e0 massima della luce&gt; 170 dollari<\/li>\n<li>Intensit\u00e0 media effettiva della luce di 50 cd<\/li>\n<li>La durata operativa di 3 ore (con un minimo di intensit\u00e0 luminosa effettiva media di 50 cd) supera del 50% i requisiti RTCM<\/li>\n<li>Design durevole: testato secondo gli standard di prestazione ambientale applicabili relativi a calore secco, calore umido, bassa temperatura, shock termico, cadute, vibrazioni, radiazioni solari, pioggia e spruzzi, corrosione ed EMC (secondo IEC 60945)<\/li>\n<li>Impermeabile (IP67)<\/li>\n<li>Certificato secondo USCG 161.013 come segnale di soccorso visivo notturno<\/li>\n<li>Include bandiera di soccorso (certificata secondo USCG 160.072 come segnale di soccorso visivo diurno), staffa di montaggio e cordino da 1 m (nascosto sotto la cinghia in velcro)<\/li>\n<\/ul>\n<p>&nbsp;<\/p>\n<h4><strong>Vantaggi del<\/strong> <strong>Flare elettronico per imbarcazioni EDF2<\/strong> <strong>rispetto ai tradizionali razzi pirotecnici:<\/strong><\/h4>\n<ul>\n<li>Nessuna data di scadenza<\/li>\n<li>Adatto alle famiglie (nessuna fiamma accesa)<\/li>\n<li>Facile da usare (quindi anche i tuoi bambini e i diportisti alle prime armi possono usarlo in caso di emergenza)<\/li>\n<li>Nessun problema con gli attuali severi requisiti obbligatori di smaltimento per i razzi pirotecnici (legalmente considerati materiali pericolosi)<\/li>\n<li>Impermeabile e galleggiante<\/li>\n<li>Acquisto una tantum (costo inferiore per tutta la durata del prodotto)<\/li>\n<li>2 metodi distinti di segnalazione di pericolo in un unico prodotto: stroboscopio LED multicolore e stroboscopio LED a infrarossi<\/li>\n<li>Possibilit\u00e0 di prolungare la vita operativa del prodotto in caso di emergenza sostituendo le batterie<\/li>\n<\/ul>\n<p>&nbsp;<\/p>\n<p>Per informazioni su ulteriori prodotti essenziali per la sicurezza marittima che integrano il tuo EDF2, consulta il nostro blog sulle <a href=\"https:\/\/oceansignal.com\/it\/news\/strategie-per-una-stagione-nautica-piu-sicura-da-ocean-signal\/\">Strategie per una stagione nautica pi\u00f9 sicura<\/a> .<\/p>\n","protected":false},"excerpt":{"rendered":"<p>EDF2: l&#8217;alternativa definitiva ai tradizionali razzi pirotecnici<\/p>\n<ul>\n<li>Lunga durata e conveniente: nessuna data di scadenza, acquisto una tantum e batterie al litio sostituibili dall&#8217;utente prolungano la durata operativa in caso di emergenza<\/li>\n<li>Sicuro e facile da usare: niente fiamme, adatto alle famiglie e funzionamento semplice per tutti gli utenti, compresi bambini e diportisti alle prime armi.<\/li>\n<li>Visibilit\u00e0 superiore: luce brillante a 360\u00b0, visibile a oltre 8 miglia e supera del 50% i requisiti di durata operativa RTCM.<\/li>\n<li>Impermeabile e galleggiante: si raddrizza automaticamente e galleggia senza anello di galleggiamento.<\/li>\n<li>Design durevole: testato secondo gli standard di prestazione ambientale applicabili relativi a calore secco, calore umido, bassa temperatura, shock termico, cadute, vibrazioni, radiazioni solari, pioggia e spruzzi, corrosione ed EMC (secondo IEC 60945)<\/li>\n<\/ul>\n<p><a href=\"https:\/\/www.dropbox.com\/s\/0ezw0kexbm120vv\/Prop%2065%20-%20Lead%20and%20Lead%20Compounds.pdf?dl=0\">ATTENZIONE: PROP 65<\/a><\/p>\n","protected":false},"featured_media":38634,"template":"","meta":{"_acf_changed":false,"om_disable_all_campaigns":false},"product_brand":[],"product_cat":[474,1177],"product_tag":[1226,1227,1179],"class_list":{"0":"post-12827","1":"product","2":"type-product","3":"status-publish","4":"has-post-thumbnail","6":"product_cat-rescueme-it-2","7":"product_cat-segnalazione-elettronica-e-flare-di-soccorso","8":"product_tag-edf2-it","9":"product_tag-faro-di-segnalazione","10":"product_tag-flare-di-soccorso-elettronico","12":"first","13":"instock","14":"taxable","15":"shipping-taxable","16":"purchasable","17":"product-type-simple"},"acf":[],"yoast_head":"<!-- This site is optimized with the Yoast SEO Premium plugin v25.2 (Yoast SEO v26.4) - https:\/\/yoast.com\/wordpress\/plugins\/seo\/ -->\n<title>EDF2 Flare rescueME - Ocean Signal EDF2 Flare elettronico per imbarcazioni USCG RTCM approvato | Ocean Signal<\/title>\n<meta name=\"description\" content=\"Rimani al sicuro con il razzo elettronico per imbarcazioni Ocean Signal EDF2, un potente razzo di soccorso elettronico progettato per una visibilit\u00e0 e un&#039;affidabilit\u00e0 ottimali in situazioni di emergenza. Compatto e resistente, l&#039;EDF2 \u00e8 la scelta perfetta per i diportisti che cercano un&#039;alternativa pi\u00f9 sicura ed ecologica ai razzi tradizionali.\" \/>\n<meta name=\"robots\" content=\"index, follow, max-snippet:-1, max-image-preview:large, max-video-preview:-1\" \/>\n<link rel=\"canonical\" href=\"https:\/\/oceansignal.com\/it\/products\/flare-edf2-di-rescueme\/\" \/>\n<meta property=\"og:locale\" content=\"it_IT\" \/>\n<meta property=\"og:type\" content=\"article\" \/>\n<meta property=\"og:title\" content=\"EDF2 Flare rescueME\" \/>\n<meta property=\"og:description\" content=\"Rimani al sicuro con il razzo elettronico per imbarcazioni Ocean Signal EDF2, un potente razzo di soccorso elettronico progettato per una visibilit\u00e0 e un&#039;affidabilit\u00e0 ottimali in situazioni di emergenza. Compatto e resistente, l&#039;EDF2 \u00e8 la scelta perfetta per i diportisti che cercano un&#039;alternativa pi\u00f9 sicura ed ecologica ai razzi tradizionali.\" \/>\n<meta property=\"og:url\" content=\"https:\/\/oceansignal.com\/it\/products\/flare-edf2-di-rescueme\/\" \/>\n<meta property=\"og:site_name\" content=\"Ocean Signal\" \/>\n<meta property=\"article:modified_time\" content=\"2025-04-24T16:27:21+00:00\" \/>\n<meta property=\"og:image\" content=\"https:\/\/oceansignal.com\/wp-content\/uploads\/2024\/10\/EDF2-FRONT-1024x1024.png\" \/>\n\t<meta property=\"og:image:width\" content=\"1024\" \/>\n\t<meta property=\"og:image:height\" content=\"1024\" \/>\n\t<meta property=\"og:image:type\" content=\"image\/png\" \/>\n<meta name=\"twitter:card\" content=\"summary_large_image\" \/>\n<meta name=\"twitter:label1\" content=\"Tempo di lettura stimato\" \/>\n\t<meta name=\"twitter:data1\" content=\"6 minuti\" \/>\n<script type=\"application\/ld+json\" class=\"yoast-schema-graph\">{\"@context\":\"https:\/\/schema.org\",\"@graph\":[{\"@type\":\"WebPage\",\"@id\":\"https:\/\/oceansignal.com\/it\/products\/flare-edf2-di-rescueme\/\",\"url\":\"https:\/\/oceansignal.com\/it\/products\/flare-edf2-di-rescueme\/\",\"name\":\"EDF2 Flare rescueME - Ocean Signal EDF2 Flare elettronico per imbarcazioni USCG RTCM approvato | Ocean Signal\",\"isPartOf\":{\"@id\":\"https:\/\/oceansignal.com\/it\/#website\"},\"primaryImageOfPage\":{\"@id\":\"https:\/\/oceansignal.com\/it\/products\/flare-edf2-di-rescueme\/#primaryimage\"},\"image\":{\"@id\":\"https:\/\/oceansignal.com\/it\/products\/flare-edf2-di-rescueme\/#primaryimage\"},\"thumbnailUrl\":\"https:\/\/oceansignal.com\/wp-content\/uploads\/2024\/10\/EDF2-FRONT_2025.png\",\"datePublished\":\"2024-10-30T20:20:15+00:00\",\"dateModified\":\"2025-04-24T16:27:21+00:00\",\"description\":\"Rimani al sicuro con il razzo elettronico per imbarcazioni Ocean Signal EDF2, un potente razzo di soccorso elettronico progettato per una visibilit\u00e0 e un'affidabilit\u00e0 ottimali in situazioni di emergenza. Compatto e resistente, l'EDF2 \u00e8 la scelta perfetta per i diportisti che cercano un'alternativa pi\u00f9 sicura ed ecologica ai razzi tradizionali.\",\"breadcrumb\":{\"@id\":\"https:\/\/oceansignal.com\/it\/products\/flare-edf2-di-rescueme\/#breadcrumb\"},\"inLanguage\":\"it-IT\",\"potentialAction\":[{\"@type\":\"ReadAction\",\"target\":[\"https:\/\/oceansignal.com\/it\/products\/flare-edf2-di-rescueme\/\"]}]},{\"@type\":\"ImageObject\",\"inLanguage\":\"it-IT\",\"@id\":\"https:\/\/oceansignal.com\/it\/products\/flare-edf2-di-rescueme\/#primaryimage\",\"url\":\"https:\/\/oceansignal.com\/wp-content\/uploads\/2024\/10\/EDF2-FRONT_2025.png\",\"contentUrl\":\"https:\/\/oceansignal.com\/wp-content\/uploads\/2024\/10\/EDF2-FRONT_2025.png\",\"width\":1000,\"height\":1000},{\"@type\":\"BreadcrumbList\",\"@id\":\"https:\/\/oceansignal.com\/it\/products\/flare-edf2-di-rescueme\/#breadcrumb\",\"itemListElement\":[{\"@type\":\"ListItem\",\"position\":1,\"name\":\"Prodotti\",\"item\":\"https:\/\/oceansignal.com\/it\/prodotti\/\"},{\"@type\":\"ListItem\",\"position\":2,\"name\":\"EDF2 Flare rescueME\"}]},{\"@type\":\"WebSite\",\"@id\":\"https:\/\/oceansignal.com\/it\/#website\",\"url\":\"https:\/\/oceansignal.com\/it\/\",\"name\":\"Ocean Signal\",\"description\":\"A leading manufacturer of EPIRBs, AIS, SARTs, Personal Locator Beacons, Man Overboard Beacon for the Marine and Outdoor Markets.\",\"potentialAction\":[{\"@type\":\"SearchAction\",\"target\":{\"@type\":\"EntryPoint\",\"urlTemplate\":\"https:\/\/oceansignal.com\/it\/?s={search_term_string}\"},\"query-input\":{\"@type\":\"PropertyValueSpecification\",\"valueRequired\":true,\"valueName\":\"search_term_string\"}}],\"inLanguage\":\"it-IT\"}]}<\/script>\n<!-- \/ Yoast SEO Premium plugin. -->","yoast_head_json":{"title":"EDF2 Flare rescueME - Ocean Signal EDF2 Flare elettronico per imbarcazioni USCG RTCM approvato | Ocean Signal","description":"Rimani al sicuro con il razzo elettronico per imbarcazioni Ocean Signal EDF2, un potente razzo di soccorso elettronico progettato per una visibilit\u00e0 e un'affidabilit\u00e0 ottimali in situazioni di emergenza. Compatto e resistente, l'EDF2 \u00e8 la scelta perfetta per i diportisti che cercano un'alternativa pi\u00f9 sicura ed ecologica ai razzi tradizionali.","robots":{"index":"index","follow":"follow","max-snippet":"max-snippet:-1","max-image-preview":"max-image-preview:large","max-video-preview":"max-video-preview:-1"},"canonical":"https:\/\/oceansignal.com\/it\/products\/flare-edf2-di-rescueme\/","og_locale":"it_IT","og_type":"article","og_title":"EDF2 Flare rescueME","og_description":"Rimani al sicuro con il razzo elettronico per imbarcazioni Ocean Signal EDF2, un potente razzo di soccorso elettronico progettato per una visibilit\u00e0 e un'affidabilit\u00e0 ottimali in situazioni di emergenza. Compatto e resistente, l'EDF2 \u00e8 la scelta perfetta per i diportisti che cercano un'alternativa pi\u00f9 sicura ed ecologica ai razzi tradizionali.","og_url":"https:\/\/oceansignal.com\/it\/products\/flare-edf2-di-rescueme\/","og_site_name":"Ocean Signal","article_modified_time":"2025-04-24T16:27:21+00:00","og_image":[{"width":1024,"height":1024,"url":"https:\/\/oceansignal.com\/wp-content\/uploads\/2024\/10\/EDF2-FRONT-1024x1024.png","type":"image\/png"}],"twitter_card":"summary_large_image","twitter_misc":{"Tempo di lettura stimato":"6 minuti"},"schema":{"@context":"https:\/\/schema.org","@graph":[{"@type":"WebPage","@id":"https:\/\/oceansignal.com\/it\/products\/flare-edf2-di-rescueme\/","url":"https:\/\/oceansignal.com\/it\/products\/flare-edf2-di-rescueme\/","name":"EDF2 Flare rescueME - Ocean Signal EDF2 Flare elettronico per imbarcazioni USCG RTCM approvato | Ocean Signal","isPartOf":{"@id":"https:\/\/oceansignal.com\/it\/#website"},"primaryImageOfPage":{"@id":"https:\/\/oceansignal.com\/it\/products\/flare-edf2-di-rescueme\/#primaryimage"},"image":{"@id":"https:\/\/oceansignal.com\/it\/products\/flare-edf2-di-rescueme\/#primaryimage"},"thumbnailUrl":"https:\/\/oceansignal.com\/wp-content\/uploads\/2024\/10\/EDF2-FRONT_2025.png","datePublished":"2024-10-30T20:20:15+00:00","dateModified":"2025-04-24T16:27:21+00:00","description":"Rimani al sicuro con il razzo elettronico per imbarcazioni Ocean Signal EDF2, un potente razzo di soccorso elettronico progettato per una visibilit\u00e0 e un'affidabilit\u00e0 ottimali in situazioni di emergenza. Compatto e resistente, l'EDF2 \u00e8 la scelta perfetta per i diportisti che cercano un'alternativa pi\u00f9 sicura ed ecologica ai razzi tradizionali.","breadcrumb":{"@id":"https:\/\/oceansignal.com\/it\/products\/flare-edf2-di-rescueme\/#breadcrumb"},"inLanguage":"it-IT","potentialAction":[{"@type":"ReadAction","target":["https:\/\/oceansignal.com\/it\/products\/flare-edf2-di-rescueme\/"]}]},{"@type":"ImageObject","inLanguage":"it-IT","@id":"https:\/\/oceansignal.com\/it\/products\/flare-edf2-di-rescueme\/#primaryimage","url":"https:\/\/oceansignal.com\/wp-content\/uploads\/2024\/10\/EDF2-FRONT_2025.png","contentUrl":"https:\/\/oceansignal.com\/wp-content\/uploads\/2024\/10\/EDF2-FRONT_2025.png","width":1000,"height":1000},{"@type":"BreadcrumbList","@id":"https:\/\/oceansignal.com\/it\/products\/flare-edf2-di-rescueme\/#breadcrumb","itemListElement":[{"@type":"ListItem","position":1,"name":"Prodotti","item":"https:\/\/oceansignal.com\/it\/prodotti\/"},{"@type":"ListItem","position":2,"name":"EDF2 Flare rescueME"}]},{"@type":"WebSite","@id":"https:\/\/oceansignal.com\/it\/#website","url":"https:\/\/oceansignal.com\/it\/","name":"Ocean Signal","description":"A leading manufacturer of EPIRBs, AIS, SARTs, Personal Locator Beacons, Man Overboard Beacon for the Marine and Outdoor Markets.","potentialAction":[{"@type":"SearchAction","target":{"@type":"EntryPoint","urlTemplate":"https:\/\/oceansignal.com\/it\/?s={search_term_string}"},"query-input":{"@type":"PropertyValueSpecification","valueRequired":true,"valueName":"search_term_string"}}],"inLanguage":"it-IT"}]}},"_links":{"self":[{"href":"https:\/\/oceansignal.com\/it\/wp-json\/wp\/v2\/product\/12827","targetHints":{"allow":["GET"]}}],"collection":[{"href":"https:\/\/oceansignal.com\/it\/wp-json\/wp\/v2\/product"}],"about":[{"href":"https:\/\/oceansignal.com\/it\/wp-json\/wp\/v2\/types\/product"}],"wp:featuredmedia":[{"embeddable":true,"href":"https:\/\/oceansignal.com\/it\/wp-json\/wp\/v2\/media\/38634"}],"wp:attachment":[{"href":"https:\/\/oceansignal.com\/it\/wp-json\/wp\/v2\/media?parent=12827"}],"wp:term":[{"taxonomy":"product_brand","embeddable":true,"href":"https:\/\/oceansignal.com\/it\/wp-json\/wp\/v2\/product_brand?post=12827"},{"taxonomy":"product_cat","embeddable":true,"href":"https:\/\/oceansignal.com\/it\/wp-json\/wp\/v2\/product_cat?post=12827"},{"taxonomy":"product_tag","embeddable":true,"href":"https:\/\/oceansignal.com\/it\/wp-json\/wp\/v2\/product_tag?post=12827"}],"curies":[{"name":"wp","href":"https:\/\/api.w.org\/{rel}","templated":true}]}}