{"id":29720,"date":"2025-11-12T22:31:39","date_gmt":"2025-11-12T22:31:39","guid":{"rendered":"https:\/\/oceansignal.com\/?post_type=product&#038;p=29720"},"modified":"2026-03-24T17:39:59","modified_gmt":"2026-03-24T17:39:59","slug":"radio-vhf-ocean-signal-safesea-v200","status":"publish","type":"product","link":"https:\/\/oceansignal.com\/it\/products\/radio-vhf-ocean-signal-safesea-v200\/","title":{"rendered":"Radio VHF safeSEA V200"},"content":{"rendered":"<p>Disponibile in due pratici formati, come semplice VHF di emergenza GMDSS per applicazioni di sola emergenza o come kit completo per uso quotidiano generico e\/o applicazioni di emergenza, l&#8217; Ocean Signal V200 rappresenta una soluzione completa per tutte le esigenze di comunicazione marittima.<\/p>\n<p>Il VHF di emergenza GMDSS \u00e8 dotato di una batteria principale al litio dotata di un \u201cetichetta di controllo della batteria, in modo che non vi siano dubbi sull\u201d utilizzo o meno della batteria principale. Una volta rimossa l \u201cetichetta di controllo, la radio si accender\u00e0 automaticamente al collegamento della batteria e l\u201d unit\u00e0 entrer\u00e0 automaticamente in modalit\u00e0 operativa GMDSS con le seguenti impostazioni preimpostate: canale 16, volume a 8 e squelch impostato su 2. <\/p>\n<p>Il kit completo include la batteria principale al litio come descritto e include anche una batteria ricaricabile agli ioni di litio e una base di ricarica. Gli accessori standard forniti sia con l&#8217;opzione VHF di emergenza GMDSS standalone che con il kit completo includono un&#8217;antenna flessibile in gomma, una clip da cintura e un cordino da polso. <\/p>\n<p>Progettato con la massima attenzione alla facilit\u00e0 d&#8217;uso, il V200 \u00e8 adatto all&#8217;uso con i guanti da tuta da sopravvivenza ed \u00e8 dotato di un display digitale di facile lettura. Sia il display che la tastiera sono retroilluminati, semplificando l&#8217;utilizzo in ambienti scarsamente illuminati. Il V200 include anche la tecnologia NFC (Near Field Communication), che consente di visualizzare la data di sostituzione della batteria e le informazioni sul prodotto su un dispositivo mobile.  <\/p>\n<p>Il design robusto del V200 lo rende adatto a tutte le applicazioni marittime e la scelta ideale per il trasporto obbligatorio e volontario. Grazie alla consolidata esperienza nella tecnologia per la sicurezza marittima e a un impegno costante per la qualit\u00e0 e l&#8217;innovazione, il V200 offre le prestazioni ineguagliabili che i marittimi di tutto il mondo si aspettano da tutti i prodotti Ocean Signal . <\/p>\n<p>&nbsp;<\/p>\n","protected":false},"excerpt":{"rendered":"<p>La radio VHF Ocean Signal V200 Marine GMDSS \u00e8 progettata per offrire flessibilit\u00e0 e offrire agli utenti opzioni pratiche per facilitare le comunicazioni in mare, indipendentemente dalle circostanze. Progettata come prodotto GMDSS (Global Maritime Distress and Safety System), questa radio VHF impermeabile \u00e8 completamente certificata secondo le normative IMO e SOLAS e fornisce un supporto di comunicazione essenziale sia in situazioni critiche che durante le normali operazioni marittime quotidiane. <\/p>\n<p>&nbsp;<\/p>\n","protected":false},"featured_media":29744,"template":"","meta":{"_acf_changed":false,"om_disable_all_campaigns":false},"product_brand":[],"product_cat":[333],"product_tag":[],"class_list":{"0":"post-29720","1":"product","2":"type-product","3":"status-publish","4":"has-post-thumbnail","6":"product_cat-safesea-it","8":"first","9":"instock","10":"taxable","11":"shipping-taxable","12":"product-type-simple"},"acf":[],"yoast_head":"<!-- This site is optimized with the Yoast SEO Premium plugin v25.2 (Yoast SEO v26.4) - https:\/\/yoast.com\/wordpress\/plugins\/seo\/ -->\n<title>Radio VHF safeSEA V200 della radio VHF di emergenza Ocean Signal V200 GMDSS - Ocean Signal<\/title>\n<meta name=\"description\" content=\"Naviga in sicurezza con la radio VHF di emergenza Ocean Signal V200 GMDSS. Progettata per l&#039;uso in mare quotidiano e in caso di emergenza, offre la modalit\u00e0 GMDSS automatica, un funzionamento facile da usare con i guanti e una robusta resistenza.\" \/>\n<meta name=\"robots\" content=\"index, follow, max-snippet:-1, max-image-preview:large, max-video-preview:-1\" \/>\n<link rel=\"canonical\" href=\"https:\/\/oceansignal.com\/it\/products\/radio-vhf-ocean-signal-safesea-v200\/\" \/>\n<meta property=\"og:locale\" content=\"it_IT\" \/>\n<meta property=\"og:type\" content=\"article\" \/>\n<meta property=\"og:title\" content=\"Radio VHF safeSEA V200\" \/>\n<meta property=\"og:description\" content=\"Naviga in sicurezza con la radio VHF di emergenza Ocean Signal V200 GMDSS. Progettata per l&#039;uso in mare quotidiano e in caso di emergenza, offre la modalit\u00e0 GMDSS automatica, un funzionamento facile da usare con i guanti e una robusta resistenza.\" \/>\n<meta property=\"og:url\" content=\"https:\/\/oceansignal.com\/it\/products\/radio-vhf-ocean-signal-safesea-v200\/\" \/>\n<meta property=\"og:site_name\" content=\"Ocean Signal\" \/>\n<meta property=\"article:modified_time\" content=\"2026-03-24T17:39:59+00:00\" \/>\n<meta property=\"og:image\" content=\"https:\/\/oceansignal.com\/wp-content\/uploads\/2025\/06\/OSL-V200-Front-2.png\" \/>\n\t<meta property=\"og:image:width\" content=\"2000\" \/>\n\t<meta property=\"og:image:height\" content=\"2000\" \/>\n\t<meta property=\"og:image:type\" content=\"image\/png\" \/>\n<meta name=\"twitter:card\" content=\"summary_large_image\" \/>\n<meta name=\"twitter:label1\" content=\"Tempo di lettura stimato\" \/>\n\t<meta name=\"twitter:data1\" content=\"2 minuti\" \/>\n<script type=\"application\/ld+json\" class=\"yoast-schema-graph\">{\"@context\":\"https:\/\/schema.org\",\"@graph\":[{\"@type\":\"WebPage\",\"@id\":\"https:\/\/oceansignal.com\/it\/products\/radio-vhf-ocean-signal-safesea-v200\/\",\"url\":\"https:\/\/oceansignal.com\/it\/products\/radio-vhf-ocean-signal-safesea-v200\/\",\"name\":\"Radio VHF safeSEA V200 della radio VHF di emergenza Ocean Signal V200 GMDSS - Ocean Signal\",\"isPartOf\":{\"@id\":\"https:\/\/oceansignal.com\/it\/#website\"},\"primaryImageOfPage\":{\"@id\":\"https:\/\/oceansignal.com\/it\/products\/radio-vhf-ocean-signal-safesea-v200\/#primaryimage\"},\"image\":{\"@id\":\"https:\/\/oceansignal.com\/it\/products\/radio-vhf-ocean-signal-safesea-v200\/#primaryimage\"},\"thumbnailUrl\":\"https:\/\/oceansignal.com\/wp-content\/uploads\/2025\/06\/OSL-V200-Front-2.png\",\"datePublished\":\"2025-11-12T22:31:39+00:00\",\"dateModified\":\"2026-03-24T17:39:59+00:00\",\"description\":\"Naviga in sicurezza con la radio VHF di emergenza Ocean Signal V200 GMDSS. Progettata per l'uso in mare quotidiano e in caso di emergenza, offre la modalit\u00e0 GMDSS automatica, un funzionamento facile da usare con i guanti e una robusta resistenza.\",\"breadcrumb\":{\"@id\":\"https:\/\/oceansignal.com\/it\/products\/radio-vhf-ocean-signal-safesea-v200\/#breadcrumb\"},\"inLanguage\":\"it-IT\",\"potentialAction\":[{\"@type\":\"ReadAction\",\"target\":[\"https:\/\/oceansignal.com\/it\/products\/radio-vhf-ocean-signal-safesea-v200\/\"]}]},{\"@type\":\"ImageObject\",\"inLanguage\":\"it-IT\",\"@id\":\"https:\/\/oceansignal.com\/it\/products\/radio-vhf-ocean-signal-safesea-v200\/#primaryimage\",\"url\":\"https:\/\/oceansignal.com\/wp-content\/uploads\/2025\/06\/OSL-V200-Front-2.png\",\"contentUrl\":\"https:\/\/oceansignal.com\/wp-content\/uploads\/2025\/06\/OSL-V200-Front-2.png\",\"width\":2000,\"height\":2000},{\"@type\":\"BreadcrumbList\",\"@id\":\"https:\/\/oceansignal.com\/it\/products\/radio-vhf-ocean-signal-safesea-v200\/#breadcrumb\",\"itemListElement\":[{\"@type\":\"ListItem\",\"position\":1,\"name\":\"Prodotti\",\"item\":\"https:\/\/oceansignal.com\/it\/prodotti\/\"},{\"@type\":\"ListItem\",\"position\":2,\"name\":\"Radio VHF safeSEA V200\"}]},{\"@type\":\"WebSite\",\"@id\":\"https:\/\/oceansignal.com\/it\/#website\",\"url\":\"https:\/\/oceansignal.com\/it\/\",\"name\":\"Ocean Signal\",\"description\":\"A leading manufacturer of EPIRBs, AIS, SARTs, Personal Locator Beacons, Man Overboard Beacon for the Marine and Outdoor Markets.\",\"potentialAction\":[{\"@type\":\"SearchAction\",\"target\":{\"@type\":\"EntryPoint\",\"urlTemplate\":\"https:\/\/oceansignal.com\/it\/?s={search_term_string}\"},\"query-input\":{\"@type\":\"PropertyValueSpecification\",\"valueRequired\":true,\"valueName\":\"search_term_string\"}}],\"inLanguage\":\"it-IT\"}]}<\/script>\n<!-- \/ Yoast SEO Premium plugin. -->","yoast_head_json":{"title":"Radio VHF safeSEA V200 della radio VHF di emergenza Ocean Signal V200 GMDSS - Ocean Signal","description":"Naviga in sicurezza con la radio VHF di emergenza Ocean Signal V200 GMDSS. Progettata per l'uso in mare quotidiano e in caso di emergenza, offre la modalit\u00e0 GMDSS automatica, un funzionamento facile da usare con i guanti e una robusta resistenza.","robots":{"index":"index","follow":"follow","max-snippet":"max-snippet:-1","max-image-preview":"max-image-preview:large","max-video-preview":"max-video-preview:-1"},"canonical":"https:\/\/oceansignal.com\/it\/products\/radio-vhf-ocean-signal-safesea-v200\/","og_locale":"it_IT","og_type":"article","og_title":"Radio VHF safeSEA V200","og_description":"Naviga in sicurezza con la radio VHF di emergenza Ocean Signal V200 GMDSS. Progettata per l'uso in mare quotidiano e in caso di emergenza, offre la modalit\u00e0 GMDSS automatica, un funzionamento facile da usare con i guanti e una robusta resistenza.","og_url":"https:\/\/oceansignal.com\/it\/products\/radio-vhf-ocean-signal-safesea-v200\/","og_site_name":"Ocean Signal","article_modified_time":"2026-03-24T17:39:59+00:00","og_image":[{"width":2000,"height":2000,"url":"https:\/\/oceansignal.com\/wp-content\/uploads\/2025\/06\/OSL-V200-Front-2.png","type":"image\/png"}],"twitter_card":"summary_large_image","twitter_misc":{"Tempo di lettura stimato":"2 minuti"},"schema":{"@context":"https:\/\/schema.org","@graph":[{"@type":"WebPage","@id":"https:\/\/oceansignal.com\/it\/products\/radio-vhf-ocean-signal-safesea-v200\/","url":"https:\/\/oceansignal.com\/it\/products\/radio-vhf-ocean-signal-safesea-v200\/","name":"Radio VHF safeSEA V200 della radio VHF di emergenza Ocean Signal V200 GMDSS - Ocean Signal","isPartOf":{"@id":"https:\/\/oceansignal.com\/it\/#website"},"primaryImageOfPage":{"@id":"https:\/\/oceansignal.com\/it\/products\/radio-vhf-ocean-signal-safesea-v200\/#primaryimage"},"image":{"@id":"https:\/\/oceansignal.com\/it\/products\/radio-vhf-ocean-signal-safesea-v200\/#primaryimage"},"thumbnailUrl":"https:\/\/oceansignal.com\/wp-content\/uploads\/2025\/06\/OSL-V200-Front-2.png","datePublished":"2025-11-12T22:31:39+00:00","dateModified":"2026-03-24T17:39:59+00:00","description":"Naviga in sicurezza con la radio VHF di emergenza Ocean Signal V200 GMDSS. Progettata per l'uso in mare quotidiano e in caso di emergenza, offre la modalit\u00e0 GMDSS automatica, un funzionamento facile da usare con i guanti e una robusta resistenza.","breadcrumb":{"@id":"https:\/\/oceansignal.com\/it\/products\/radio-vhf-ocean-signal-safesea-v200\/#breadcrumb"},"inLanguage":"it-IT","potentialAction":[{"@type":"ReadAction","target":["https:\/\/oceansignal.com\/it\/products\/radio-vhf-ocean-signal-safesea-v200\/"]}]},{"@type":"ImageObject","inLanguage":"it-IT","@id":"https:\/\/oceansignal.com\/it\/products\/radio-vhf-ocean-signal-safesea-v200\/#primaryimage","url":"https:\/\/oceansignal.com\/wp-content\/uploads\/2025\/06\/OSL-V200-Front-2.png","contentUrl":"https:\/\/oceansignal.com\/wp-content\/uploads\/2025\/06\/OSL-V200-Front-2.png","width":2000,"height":2000},{"@type":"BreadcrumbList","@id":"https:\/\/oceansignal.com\/it\/products\/radio-vhf-ocean-signal-safesea-v200\/#breadcrumb","itemListElement":[{"@type":"ListItem","position":1,"name":"Prodotti","item":"https:\/\/oceansignal.com\/it\/prodotti\/"},{"@type":"ListItem","position":2,"name":"Radio VHF safeSEA V200"}]},{"@type":"WebSite","@id":"https:\/\/oceansignal.com\/it\/#website","url":"https:\/\/oceansignal.com\/it\/","name":"Ocean Signal","description":"A leading manufacturer of EPIRBs, AIS, SARTs, Personal Locator Beacons, Man Overboard Beacon for the Marine and Outdoor Markets.","potentialAction":[{"@type":"SearchAction","target":{"@type":"EntryPoint","urlTemplate":"https:\/\/oceansignal.com\/it\/?s={search_term_string}"},"query-input":{"@type":"PropertyValueSpecification","valueRequired":true,"valueName":"search_term_string"}}],"inLanguage":"it-IT"}]}},"_links":{"self":[{"href":"https:\/\/oceansignal.com\/it\/wp-json\/wp\/v2\/product\/29720","targetHints":{"allow":["GET"]}}],"collection":[{"href":"https:\/\/oceansignal.com\/it\/wp-json\/wp\/v2\/product"}],"about":[{"href":"https:\/\/oceansignal.com\/it\/wp-json\/wp\/v2\/types\/product"}],"wp:featuredmedia":[{"embeddable":true,"href":"https:\/\/oceansignal.com\/it\/wp-json\/wp\/v2\/media\/29744"}],"wp:attachment":[{"href":"https:\/\/oceansignal.com\/it\/wp-json\/wp\/v2\/media?parent=29720"}],"wp:term":[{"taxonomy":"product_brand","embeddable":true,"href":"https:\/\/oceansignal.com\/it\/wp-json\/wp\/v2\/product_brand?post=29720"},{"taxonomy":"product_cat","embeddable":true,"href":"https:\/\/oceansignal.com\/it\/wp-json\/wp\/v2\/product_cat?post=29720"},{"taxonomy":"product_tag","embeddable":true,"href":"https:\/\/oceansignal.com\/it\/wp-json\/wp\/v2\/product_tag?post=29720"}],"curies":[{"name":"wp","href":"https:\/\/api.w.org\/{rel}","templated":true}]}}