{"id":29831,"date":"2025-11-12T21:58:44","date_gmt":"2025-11-12T21:58:44","guid":{"rendered":"https:\/\/oceansignal.com\/?post_type=product&#038;p=29831"},"modified":"2026-03-24T16:21:49","modified_gmt":"2026-03-24T16:21:49","slug":"safesea-s200-ais-sart","status":"publish","type":"product","link":"https:\/\/oceansignal.com\/it\/products\/safesea-s200-ais-sart\/","title":{"rendered":"safeSEA S200 AIS SART"},"content":{"rendered":"<p>Basato sul collaudato design dell&#8217;S100, l&#8217;S200 SART offre un sistema di allerta in caso di emergenza potenziato grazie alla tecnologia AIS (Automatic Identification System), superando i tradizionali sistemi radar. Questo dispositivo all&#8217;avanguardia invia coordinate satellitari GNSS\/GPS precise a tutte le imbarcazioni dotate di AIS entro il raggio d&#8217;azione VHF, garantendo un rapido intervento di soccorso in caso di necessit\u00e0. <\/p>\n<p>Con un raggio di rilevamento medio di 5 miglia nautiche, l&#8217;S200 integra la tecnologia Near Field Communication (NFC) per una facile registrazione del prodotto e l&#8217;accesso ai dati di test. La sua batteria al litio ad alte prestazioni offre fino a 96 ore di autonomia, garantendo un&#8217;affidabilit\u00e0 prolungata anche nelle condizioni pi\u00f9 difficili. Il sistema basato su AIS offre inoltre prestazioni superiori in condizioni meteorologiche avverse, con una ridotta sensibilit\u00e0 alle interferenze causate da pioggia intensa o nebbia.  <\/p>\n<p>Progettato pensando alla praticit\u00e0, l&#8217;S200 include un elegante supporto a parete per un facile accesso in caso di emergenza. \u00c8 possibile installare un&#8217;asta telescopica opzionale, estensibile fino a 1 metro, per la massima altezza e visibilit\u00e0 quando viene utilizzato da un mezzo di salvataggio, e il SART pu\u00f2 essere sospeso all&#8217;interno del mezzo per un utilizzo a mani libere. <\/p>\n<p>Costruito per resistere agli ambienti marini pi\u00f9 difficili, l&#8217;S200 \u00e8 un partner affidabile in qualsiasi emergenza, garantendo che il segnale di soccorso raggiunga qualsiasi imbarcazione dotata di AIS nel suo raggio d&#8217;azione. La sua struttura robusta ne garantisce l&#8217;operativit\u00e0 quando ne avrete pi\u00f9 bisogno, offrendovi la massima tranquillit\u00e0 in mare. <\/p>\n<p><strong>Requisiti per il trasporto<\/strong><\/p>\n<ul>\n<li>Tutte le navi IMO SOLAS in viaggi internazionali sono tenute a portare con s\u00e9 un SART<\/li>\n<li>Le navi con stazza lorda (GRT) da 300 a 500 tonnellate devono avere almeno 1 SART<\/li>\n<li>Le navi con una stazza lorda superiore a 500 tonnellate (GRT) devono essere dotate di almeno 2 SART<\/li>\n<li>1 SART per ogni quattro zattere di salvataggio sulle navi passeggeri Ro-Ro<\/li>\n<li>Le navi passeggeri di qualsiasi dimensione devono trasportare un minimo di 2 SART indipendentemente dal loro tonnellaggio<\/li>\n<li>Scialuppe di salvataggio: la SOLAS richiede che almeno 1 SART sia disponibile per l&#8217;uso in ogni mezzo di salvataggio<\/li>\n<li>Zattere di salvataggio: nel caso di navi passeggeri, se sono presenti pi\u00f9 di 2 zattere di salvataggio, devono essere previsti SART aggiuntivi in modo che almeno un SART sia disponibile per ogni 2 zattere di salvataggio.<\/li>\n<\/ul>\n<p>&nbsp;<\/p>\n","protected":false},"excerpt":{"rendered":"<p>L&#8217;S200 SART \u00e8 un trasmettitore AIS di ricerca e soccorso (SART) conforme allo standard IMO SOLAS, che fornisce alle imbarcazioni tenute a rispettare le normative GMDSS una soluzione affidabile per soddisfare i requisiti obbligatori di trasporto SART. Sfruttando i rapporti di posizione AIS di classe A, l&#8217;S200 trasmette otto messaggi di posizione al minuto, consentendo il tracciamento in tempo reale in situazioni critiche. <\/p>\n<p><strong>Questo dispositivo non \u00e8 stato autorizzato secondo le normative della FCC. Questo dispositivo non \u00e8, e non pu\u00f2 essere offerto in vendita o in leasing, n\u00e9 venduto o concesso in leasing, negli Stati Uniti fino a quando non verr\u00e0 ottenuta l&#8217;autorizzazione. <\/strong><\/p>\n<p><a href=\"https:\/\/www.dropbox.com\/s\/fk04stqsp2hgk5f\/Prop%2065%20-%20DEHP.pdf?dl=0\">ATTENZIONE: PROP 65<\/a><\/p>\n<p>&nbsp;<\/p>\n","protected":false},"featured_media":29809,"template":"","meta":{"_acf_changed":false,"om_disable_all_campaigns":false},"product_brand":[],"product_cat":[333],"product_tag":[],"class_list":{"0":"post-29831","1":"product","2":"type-product","3":"status-publish","4":"has-post-thumbnail","6":"product_cat-safesea-it","8":"first","9":"instock","10":"taxable","11":"shipping-taxable","12":"purchasable","13":"product-type-simple"},"acf":[],"yoast_head":"<!-- This site is optimized with the Yoast SEO Premium plugin v25.2 (Yoast SEO v26.4) - https:\/\/yoast.com\/wordpress\/plugins\/seo\/ -->\n<title>Segnale oceanico safeSEA S200 AIS SART - Ocean Signal<\/title>\n<meta name=\"description\" content=\"Il trasmettitore AIS SART (Search and Rescue Transmitter) S200 per imbarcazioni GMDSS e SOLAS migliora la sicurezza marittima e le comunicazioni in caso di emergenza.\" \/>\n<meta name=\"robots\" content=\"index, follow, max-snippet:-1, max-image-preview:large, max-video-preview:-1\" \/>\n<link rel=\"canonical\" href=\"https:\/\/oceansignal.com\/it\/products\/safesea-s200-ais-sart\/\" \/>\n<meta property=\"og:locale\" content=\"it_IT\" \/>\n<meta property=\"og:type\" content=\"article\" \/>\n<meta property=\"og:title\" content=\"safeSEA S200 AIS SART\" \/>\n<meta property=\"og:description\" content=\"Il trasmettitore AIS SART (Search and Rescue Transmitter) S200 per imbarcazioni GMDSS e SOLAS migliora la sicurezza marittima e le comunicazioni in caso di emergenza.\" \/>\n<meta property=\"og:url\" content=\"https:\/\/oceansignal.com\/it\/products\/safesea-s200-ais-sart\/\" \/>\n<meta property=\"og:site_name\" content=\"Ocean Signal\" \/>\n<meta property=\"article:modified_time\" content=\"2026-03-24T16:21:49+00:00\" \/>\n<meta property=\"og:image\" content=\"https:\/\/oceansignal.com\/wp-content\/uploads\/2025\/06\/OSL-AIS-SART-Front-1024x1024.png\" \/>\n\t<meta property=\"og:image:width\" content=\"1024\" \/>\n\t<meta property=\"og:image:height\" content=\"1024\" \/>\n\t<meta property=\"og:image:type\" content=\"image\/png\" \/>\n<meta name=\"twitter:card\" content=\"summary_large_image\" \/>\n<meta name=\"twitter:label1\" content=\"Tempo di lettura stimato\" \/>\n\t<meta name=\"twitter:data1\" content=\"2 minuti\" \/>\n<script type=\"application\/ld+json\" class=\"yoast-schema-graph\">{\"@context\":\"https:\/\/schema.org\",\"@graph\":[{\"@type\":\"WebPage\",\"@id\":\"https:\/\/oceansignal.com\/it\/products\/safesea-s200-ais-sart\/\",\"url\":\"https:\/\/oceansignal.com\/it\/products\/safesea-s200-ais-sart\/\",\"name\":\"Segnale oceanico safeSEA S200 AIS SART - Ocean Signal\",\"isPartOf\":{\"@id\":\"https:\/\/oceansignal.com\/it\/#website\"},\"primaryImageOfPage\":{\"@id\":\"https:\/\/oceansignal.com\/it\/products\/safesea-s200-ais-sart\/#primaryimage\"},\"image\":{\"@id\":\"https:\/\/oceansignal.com\/it\/products\/safesea-s200-ais-sart\/#primaryimage\"},\"thumbnailUrl\":\"https:\/\/oceansignal.com\/wp-content\/uploads\/2025\/06\/OSL-AIS-SART-Front.png\",\"datePublished\":\"2025-11-12T21:58:44+00:00\",\"dateModified\":\"2026-03-24T16:21:49+00:00\",\"description\":\"Il trasmettitore AIS SART (Search and Rescue Transmitter) S200 per imbarcazioni GMDSS e SOLAS migliora la sicurezza marittima e le comunicazioni in caso di emergenza.\",\"breadcrumb\":{\"@id\":\"https:\/\/oceansignal.com\/it\/products\/safesea-s200-ais-sart\/#breadcrumb\"},\"inLanguage\":\"it-IT\",\"potentialAction\":[{\"@type\":\"ReadAction\",\"target\":[\"https:\/\/oceansignal.com\/it\/products\/safesea-s200-ais-sart\/\"]}]},{\"@type\":\"ImageObject\",\"inLanguage\":\"it-IT\",\"@id\":\"https:\/\/oceansignal.com\/it\/products\/safesea-s200-ais-sart\/#primaryimage\",\"url\":\"https:\/\/oceansignal.com\/wp-content\/uploads\/2025\/06\/OSL-AIS-SART-Front.png\",\"contentUrl\":\"https:\/\/oceansignal.com\/wp-content\/uploads\/2025\/06\/OSL-AIS-SART-Front.png\",\"width\":3850,\"height\":3850,\"caption\":\"Trasmettitore AIS SART o di ricerca e soccorso S200 per imbarcazioni GMDSS e SOLAS\"},{\"@type\":\"BreadcrumbList\",\"@id\":\"https:\/\/oceansignal.com\/it\/products\/safesea-s200-ais-sart\/#breadcrumb\",\"itemListElement\":[{\"@type\":\"ListItem\",\"position\":1,\"name\":\"Prodotti\",\"item\":\"https:\/\/oceansignal.com\/it\/prodotti\/\"},{\"@type\":\"ListItem\",\"position\":2,\"name\":\"safeSEA S200 AIS SART\"}]},{\"@type\":\"WebSite\",\"@id\":\"https:\/\/oceansignal.com\/it\/#website\",\"url\":\"https:\/\/oceansignal.com\/it\/\",\"name\":\"Ocean Signal\",\"description\":\"A leading manufacturer of EPIRBs, AIS, SARTs, Personal Locator Beacons, Man Overboard Beacon for the Marine and Outdoor Markets.\",\"potentialAction\":[{\"@type\":\"SearchAction\",\"target\":{\"@type\":\"EntryPoint\",\"urlTemplate\":\"https:\/\/oceansignal.com\/it\/?s={search_term_string}\"},\"query-input\":{\"@type\":\"PropertyValueSpecification\",\"valueRequired\":true,\"valueName\":\"search_term_string\"}}],\"inLanguage\":\"it-IT\"}]}<\/script>\n<!-- \/ Yoast SEO Premium plugin. -->","yoast_head_json":{"title":"Segnale oceanico safeSEA S200 AIS SART - Ocean Signal","description":"Il trasmettitore AIS SART (Search and Rescue Transmitter) S200 per imbarcazioni GMDSS e SOLAS migliora la sicurezza marittima e le comunicazioni in caso di emergenza.","robots":{"index":"index","follow":"follow","max-snippet":"max-snippet:-1","max-image-preview":"max-image-preview:large","max-video-preview":"max-video-preview:-1"},"canonical":"https:\/\/oceansignal.com\/it\/products\/safesea-s200-ais-sart\/","og_locale":"it_IT","og_type":"article","og_title":"safeSEA S200 AIS SART","og_description":"Il trasmettitore AIS SART (Search and Rescue Transmitter) S200 per imbarcazioni GMDSS e SOLAS migliora la sicurezza marittima e le comunicazioni in caso di emergenza.","og_url":"https:\/\/oceansignal.com\/it\/products\/safesea-s200-ais-sart\/","og_site_name":"Ocean Signal","article_modified_time":"2026-03-24T16:21:49+00:00","og_image":[{"width":1024,"height":1024,"url":"https:\/\/oceansignal.com\/wp-content\/uploads\/2025\/06\/OSL-AIS-SART-Front-1024x1024.png","type":"image\/png"}],"twitter_card":"summary_large_image","twitter_misc":{"Tempo di lettura stimato":"2 minuti"},"schema":{"@context":"https:\/\/schema.org","@graph":[{"@type":"WebPage","@id":"https:\/\/oceansignal.com\/it\/products\/safesea-s200-ais-sart\/","url":"https:\/\/oceansignal.com\/it\/products\/safesea-s200-ais-sart\/","name":"Segnale oceanico safeSEA S200 AIS SART - Ocean Signal","isPartOf":{"@id":"https:\/\/oceansignal.com\/it\/#website"},"primaryImageOfPage":{"@id":"https:\/\/oceansignal.com\/it\/products\/safesea-s200-ais-sart\/#primaryimage"},"image":{"@id":"https:\/\/oceansignal.com\/it\/products\/safesea-s200-ais-sart\/#primaryimage"},"thumbnailUrl":"https:\/\/oceansignal.com\/wp-content\/uploads\/2025\/06\/OSL-AIS-SART-Front.png","datePublished":"2025-11-12T21:58:44+00:00","dateModified":"2026-03-24T16:21:49+00:00","description":"Il trasmettitore AIS SART (Search and Rescue Transmitter) S200 per imbarcazioni GMDSS e SOLAS migliora la sicurezza marittima e le comunicazioni in caso di emergenza.","breadcrumb":{"@id":"https:\/\/oceansignal.com\/it\/products\/safesea-s200-ais-sart\/#breadcrumb"},"inLanguage":"it-IT","potentialAction":[{"@type":"ReadAction","target":["https:\/\/oceansignal.com\/it\/products\/safesea-s200-ais-sart\/"]}]},{"@type":"ImageObject","inLanguage":"it-IT","@id":"https:\/\/oceansignal.com\/it\/products\/safesea-s200-ais-sart\/#primaryimage","url":"https:\/\/oceansignal.com\/wp-content\/uploads\/2025\/06\/OSL-AIS-SART-Front.png","contentUrl":"https:\/\/oceansignal.com\/wp-content\/uploads\/2025\/06\/OSL-AIS-SART-Front.png","width":3850,"height":3850,"caption":"Trasmettitore AIS SART o di ricerca e soccorso S200 per imbarcazioni GMDSS e SOLAS"},{"@type":"BreadcrumbList","@id":"https:\/\/oceansignal.com\/it\/products\/safesea-s200-ais-sart\/#breadcrumb","itemListElement":[{"@type":"ListItem","position":1,"name":"Prodotti","item":"https:\/\/oceansignal.com\/it\/prodotti\/"},{"@type":"ListItem","position":2,"name":"safeSEA S200 AIS SART"}]},{"@type":"WebSite","@id":"https:\/\/oceansignal.com\/it\/#website","url":"https:\/\/oceansignal.com\/it\/","name":"Ocean Signal","description":"A leading manufacturer of EPIRBs, AIS, SARTs, Personal Locator Beacons, Man Overboard Beacon for the Marine and Outdoor Markets.","potentialAction":[{"@type":"SearchAction","target":{"@type":"EntryPoint","urlTemplate":"https:\/\/oceansignal.com\/it\/?s={search_term_string}"},"query-input":{"@type":"PropertyValueSpecification","valueRequired":true,"valueName":"search_term_string"}}],"inLanguage":"it-IT"}]}},"_links":{"self":[{"href":"https:\/\/oceansignal.com\/it\/wp-json\/wp\/v2\/product\/29831","targetHints":{"allow":["GET"]}}],"collection":[{"href":"https:\/\/oceansignal.com\/it\/wp-json\/wp\/v2\/product"}],"about":[{"href":"https:\/\/oceansignal.com\/it\/wp-json\/wp\/v2\/types\/product"}],"wp:featuredmedia":[{"embeddable":true,"href":"https:\/\/oceansignal.com\/it\/wp-json\/wp\/v2\/media\/29809"}],"wp:attachment":[{"href":"https:\/\/oceansignal.com\/it\/wp-json\/wp\/v2\/media?parent=29831"}],"wp:term":[{"taxonomy":"product_brand","embeddable":true,"href":"https:\/\/oceansignal.com\/it\/wp-json\/wp\/v2\/product_brand?post=29831"},{"taxonomy":"product_cat","embeddable":true,"href":"https:\/\/oceansignal.com\/it\/wp-json\/wp\/v2\/product_cat?post=29831"},{"taxonomy":"product_tag","embeddable":true,"href":"https:\/\/oceansignal.com\/it\/wp-json\/wp\/v2\/product_tag?post=29831"}],"curies":[{"name":"wp","href":"https:\/\/api.w.org\/{rel}","templated":true}]}}