{"id":31904,"date":"2025-07-17T08:59:49","date_gmt":"2025-07-17T08:59:49","guid":{"rendered":"https:\/\/oceansignal.com\/products\/kit-di-sicurezza-epirb2-plus\/"},"modified":"2026-03-12T09:19:32","modified_gmt":"2026-03-12T09:19:32","slug":"kit-di-sicurezza-epirb2-plus","status":"publish","type":"product","link":"https:\/\/oceansignal.com\/it\/products\/kit-di-sicurezza-epirb2-plus\/","title":{"rendered":"Kit di sicurezza per la navigazione EPIRB2 Plus"},"content":{"rendered":"<h3 data-start=\"3285\" data-end=\"3337\"><strong data-start=\"3292\" data-end=\"3337\"><img loading=\"lazy\" decoding=\"async\" class=\"alignnone size-full wp-image-32359\" src=\"https:\/\/oceansignal.com\/wp-content\/uploads\/2025\/07\/View-New-Safety-Kits.png\" alt=\"\" width=\"300\" height=\"75\" srcset=\"https:\/\/oceansignal.com\/wp-content\/uploads\/2025\/07\/View-New-Safety-Kits.png 300w, https:\/\/oceansignal.com\/wp-content\/uploads\/2025\/07\/View-New-Safety-Kits-60x15.png 60w, https:\/\/oceansignal.com\/wp-content\/uploads\/2025\/07\/View-New-Safety-Kits-110x28.png 110w\" sizes=\"auto, (max-width: 300px) 100vw, 300px\" \/><\/strong><\/h3>\n<h3 data-start=\"3285\" data-end=\"3337\"><strong data-start=\"3292\" data-end=\"3337\">Perch\u00e9 scegliere il kit di sicurezza EPIRB2 Plus?<\/strong><\/h3>\n<p data-start=\"195\" data-end=\"642\">L&#8217;EPIRB2 Safety Kit Plus rappresenta il perfetto equilibrio tra prestazioni, valore e predisposizione al futuro. Progettato attorno all&#8217;EPIRB2 di nuova generazione di Ocean Signal con tecnologia NFC, include un segnalatore di soccorso elettronico EDF2 e i principali strumenti visivi di backup, il tutto racchiuso in una sacca impermeabile e galleggiante. Che tu stia navigando lungo la costa o attraversando la Manica, questo kit ti tiene pronto per le emergenze marittime del mondo reale, senza compromessi.  <\/p>\n<p data-start=\"644\" data-end=\"692\">Sicurezza pi\u00f9 intelligente. Tecnologia moderna. Zero congetture.  <\/p>\n<h3 data-start=\"2903\" data-end=\"2924\"><strong data-start=\"2910\" data-end=\"2924\">Ideale per:<\/strong><\/h3>\n<ul>\n<li data-start=\"717\" data-end=\"786\">Marinai d&#8217;altura e costieri alla ricerca di una soluzione di sicurezza completa<\/li>\n<li data-start=\"717\" data-end=\"786\">Proprietari di yacht che si preparano per traversate prolungate (massimizzando la sicurezza senza dover rispettare tutte le normative speciali offshore di categoria 0)<\/li>\n<li data-start=\"717\" data-end=\"786\">Gli incrociatori passano dalla pirotecnica tradizionale<\/li>\n<li data-start=\"717\" data-end=\"786\">I candidati RYA Yachtmaster costruiscono un sistema di sicurezza a prova di futuro<\/li>\n<li data-start=\"717\" data-end=\"786\">Gli equipaggi sostituiscono i razzi scaduti con alternative riutilizzabili e sostenibili<\/li>\n<\/ul>\n<h3 data-start=\"661\" data-end=\"706\"><strong data-start=\"668\" data-end=\"706\">Cosa \u00e8 incluso e perch\u00e9 \u00e8 importante?<\/strong><\/h3>\n<h4 data-start=\"708\" data-end=\"751\"><strong data-start=\"713\" data-end=\"749\">1 \u00d7 Ocean Signal EPIRB2 con NFC<\/strong><\/h4>\n<p data-start=\"752\" data-end=\"775\">Ottieni copertura satellitare per soccorsi in tutto il mondo e RLS per la massima tranquillit\u00e0, il tutto in un faro compatto e conforme alle normative.<br \/>\n<img loading=\"lazy\" decoding=\"async\" class=\"alignnone size-medium wp-image-31423\" src=\"https:\/\/oceansignal.com\/wp-content\/uploads\/2025\/06\/EPIRB2-FRONT-300-300x300.png\" alt=\"\" width=\"300\" height=\"300\" srcset=\"https:\/\/oceansignal.com\/wp-content\/uploads\/2025\/06\/EPIRB2-FRONT-300-300x300.png 300w, https:\/\/oceansignal.com\/wp-content\/uploads\/2025\/06\/EPIRB2-FRONT-300-150x150.png 150w, https:\/\/oceansignal.com\/wp-content\/uploads\/2025\/06\/EPIRB2-FRONT-300-100x100.png 100w, https:\/\/oceansignal.com\/wp-content\/uploads\/2025\/06\/EPIRB2-FRONT-300-60x60.png 60w, https:\/\/oceansignal.com\/wp-content\/uploads\/2025\/06\/EPIRB2-FRONT-300-110x110.png 110w, https:\/\/oceansignal.com\/wp-content\/uploads\/2025\/06\/EPIRB2-FRONT-300.png 411w\" sizes=\"auto, (max-width: 300px) 100vw, 300px\" \/><br \/>\n Questo EPIRB di categoria II di ultima generazione combina la segnalazione satellitare a 406 MHz con il servizio Return Link Service (RLS) e la configurazione tramite smartphone tramite connettivit\u00e0 NFC.<\/p>\n<ul data-start=\"954\" data-end=\"1273\">\n<li data-start=\"954\" data-end=\"1004\">\n<p data-start=\"956\" data-end=\"1004\"><strong data-start=\"956\" data-end=\"984\">Allerta di emergenza globale<\/strong> tramite la rete satellitare Cospas-Sarsat<\/p>\n<\/li>\n<li data-start=\"1064\" data-end=\"1131\">\n<p data-start=\"1066\" data-end=\"1131\"><strong data-start=\"1066\" data-end=\"1095\">Il servizio di collegamento di ritorno (RLS)<\/strong> conferma che il segnale \u00e8 stato ricevuto<\/p>\n<\/li>\n<li data-start=\"1132\" data-end=\"1210\">\n<p data-start=\"1134\" data-end=\"1210\"><strong data-start=\"1134\" data-end=\"1166\">Configurazione e test dello smartphone<\/strong> tramite l&#8217;app gratuita Ocean Signal (iOS e Android)<\/p>\n<\/li>\n<li data-start=\"1211\" data-end=\"1273\">\n<p data-start=\"1213\" data-end=\"1273\"><strong data-start=\"1213\" data-end=\"1251\">Staffa manuale (Cat II)<\/strong> inclusa per un montaggio flessibile<\/p>\n<\/li>\n<\/ul>\n<hr data-start=\"2026\" data-end=\"2029\">\n<h4 data-start=\"2031\" data-end=\"2073\"><strong data-start=\"2036\" data-end=\"2071\">1 \u00d7<\/strong> <strong data-start=\"2191\" data-end=\"2242\">Segnale Oceanico EDF2 Segnale Elettronico di Soccorso<\/strong><\/h4>\n<p data-start=\"2245\" data-end=\"2268\">Una torcia di cui ti puoi fidare e che funziona, senza date di scadenza, rischi di incendio o problemi di smaltimento.<br \/>\n Valore al dettaglio: \u00a3 229,99<br \/>\n<img loading=\"lazy\" decoding=\"async\" class=\"alignnone wp-image-31439 size-medium\" src=\"https:\/\/oceansignal.com\/wp-content\/uploads\/2025\/06\/EDF2-FRONT-e1752085297427-198x300.png\" alt=\"\" width=\"198\" height=\"300\" srcset=\"https:\/\/oceansignal.com\/wp-content\/uploads\/2025\/06\/EDF2-FRONT-e1752085297427-198x300.png 198w, https:\/\/oceansignal.com\/wp-content\/uploads\/2025\/06\/EDF2-FRONT-e1752085297427-60x91.png 60w, https:\/\/oceansignal.com\/wp-content\/uploads\/2025\/06\/EDF2-FRONT-e1752085297427-110x166.png 110w, https:\/\/oceansignal.com\/wp-content\/uploads\/2025\/06\/EDF2-FRONT-e1752085297427.png 424w\" sizes=\"auto, (max-width: 198px) 100vw, 198px\" \/><br \/>\nBagliore LED multicolore e IR ad alta intensit\u00e0. Visibile a oltre 13 km di notte. Riutilizzabile e pi\u00f9 sicuro dei prodotti pirotecnici.  <\/p>\n<ul data-start=\"2183\" data-end=\"2300\">\n<li data-start=\"2183\" data-end=\"2216\">\n<p data-start=\"2185\" data-end=\"2216\">Emette il flash caratteristico del codice Morse internazionale per SOS<\/p>\n<\/li>\n<li data-start=\"2183\" data-end=\"2216\">Include bandiera di soccorso diurna e staffa di montaggio<\/li>\n<li data-start=\"2217\" data-end=\"2261\">\n<p data-start=\"2219\" data-end=\"2261\">Galleggia e funziona per 3 ore all&#8217;intensit\u00e0 luminosa richiesta<\/p>\n<\/li>\n<li data-start=\"2217\" data-end=\"2261\">\n<p data-start=\"2219\" data-end=\"2261\">Sicurezza riutilizzabile, alimentata a batteria<\/p>\n<\/li>\n<li data-start=\"2217\" data-end=\"2261\">Angolo luminoso \u2265180 a \u226550 cd per un&#8217;elevata visibilit\u00e0 Range Plus<\/li>\n<\/ul>\n<hr data-start=\"2026\" data-end=\"2029\">\n<h4 data-start=\"2031\" data-end=\"2073\"><strong data-start=\"2036\" data-end=\"2071\">1 \u00d7 Specchio di segnalazione e fischietto ACR<\/strong><\/h4>\n<p data-start=\"2074\" data-end=\"2096\">Aggiunge la segnalazione di backup al tuo kit di strumenti, particolarmente utile quando aerei o imbarcazioni SAR sono in vista ma non ancora agganciati alla tua posizione.<br \/>\n Valore al dettaglio: \u00a3 10,99<br \/>\n<img loading=\"lazy\" decoding=\"async\" class=\"alignnone wp-image-31407 size-medium\" src=\"https:\/\/oceansignal.com\/wp-content\/uploads\/2025\/06\/Grab_Bag_EPIRB1_Kit-e1752085331562-300x131.png\" alt=\"\" width=\"300\" height=\"131\" srcset=\"https:\/\/oceansignal.com\/wp-content\/uploads\/2025\/06\/Grab_Bag_EPIRB1_Kit-e1752085331562-300x131.png 300w, https:\/\/oceansignal.com\/wp-content\/uploads\/2025\/06\/Grab_Bag_EPIRB1_Kit-e1752085331562-60x26.png 60w, https:\/\/oceansignal.com\/wp-content\/uploads\/2025\/06\/Grab_Bag_EPIRB1_Kit-e1752085331562-110x48.png 110w, https:\/\/oceansignal.com\/wp-content\/uploads\/2025\/06\/Grab_Bag_EPIRB1_Kit-e1752085331562.png 344w\" sizes=\"auto, (max-width: 300px) 100vw, 300px\" \/><br \/>\n Strumenti semplici, affidabili in tutto il mondo, per la segnalazione a corto raggio quando la visibilit\u00e0 \u00e8 importante.<\/p>\n<ul data-start=\"2183\" data-end=\"2300\">\n<li data-start=\"2183\" data-end=\"2216\">\n<p data-start=\"2185\" data-end=\"2216\">Specchio compatto altamente riflettente per segnali visivi diurni &#8211; Progettato per riflettere la luce solare su lunghe distanze, ideale per catturare l&#8217;attenzione di imbarcazioni o aerei in transito<\/p>\n<\/li>\n<li data-start=\"2217\" data-end=\"2261\">\n<p data-start=\"2219\" data-end=\"2261\">Fischietto ad alto decibel per la segnalazione acustica<\/p>\n<\/li>\n<li data-start=\"2262\" data-end=\"2300\">\n<p data-start=\"2264\" data-end=\"2300\">Elementi essenziali compatti e senza manutenzione<\/p>\n<\/li>\n<\/ul>\n<hr data-start=\"2461\" data-end=\"2464\">\n<h4 data-start=\"2466\" data-end=\"2513\"><strong data-start=\"2471\" data-end=\"2511\">1 \u00d7 Borsa impermeabile Ocean Signal<\/strong><\/h4>\n<p data-start=\"2514\" data-end=\"2536\">I momenti di emergenza sono caotici: questa borsa garantisce che la tua attrezzatura migliore rimanga asciutta, insieme, visibile e di facile accesso.<br \/>\n Valore al dettaglio: \u00a3 129,99<br \/>\n<img loading=\"lazy\" decoding=\"async\" class=\"alignnone wp-image-31488 size-medium\" src=\"https:\/\/oceansignal.com\/wp-content\/uploads\/2025\/06\/Grab_Bag-1-241x300.webp\" alt=\"\" width=\"241\" height=\"300\" srcset=\"https:\/\/oceansignal.com\/wp-content\/uploads\/2025\/06\/Grab_Bag-1-241x300.webp 241w, https:\/\/oceansignal.com\/wp-content\/uploads\/2025\/06\/Grab_Bag-1-60x75.webp 60w, https:\/\/oceansignal.com\/wp-content\/uploads\/2025\/06\/Grab_Bag-1-110x137.webp 110w, https:\/\/oceansignal.com\/wp-content\/uploads\/2025\/06\/Grab_Bag-1.webp 489w\" sizes=\"auto, (max-width: 241px) 100vw, 241px\" \/><\/p>\n<p data-start=\"2538\" data-end=\"2634\">Questa borsa luminosa e galleggiante include caratteristiche quali:<\/p>\n<ul data-start=\"2636\" data-end=\"2778\">\n<li data-start=\"2636\" data-end=\"2669\">\n<p data-start=\"2638\" data-end=\"2669\">Leggero e facile da riporre<\/p>\n<\/li>\n<li data-start=\"2670\" data-end=\"2722\">\n<p data-start=\"2672\" data-end=\"2722\">Galleggia e protegge il contenuto in condizioni difficili<\/p>\n<\/li>\n<li data-start=\"2723\" data-end=\"2778\">\n<p data-start=\"2725\" data-end=\"2778\">Rende l&#8217;acquisizione dei tuoi oggetti essenziali veloce e senza attriti<\/p>\n<\/li>\n<\/ul>\n<p data-start=\"2780\" data-end=\"2896\">\n","protected":false},"excerpt":{"rendered":"<ul>\n<li>Siate pronti quando ogni secondo conta con l&#8217; <strong data-start=\"43\" data-end=\"89\">Ocean Signal EPIRB2 Safety Kit Plus<\/strong> , una soluzione di emergenza essenziale per i marinai che costruiscono la loro prima borsa di emergenza.<\/li>\n<p> \t<\/p>\n<li>Alloggiato nella robusta e galleggiante <strong data-start=\"195\" data-end=\"220\">Ocean Signal Grab Bag<\/strong> , questo kit include l&#8217; <strong data-start=\"253\" data-end=\"263\">EPIRB2<\/strong> avanzato con posizionamento GPS, Return Link Service (RLS) per confermare la ricezione del segnale di soccorso, doppie luci stroboscopiche (visibili e IR) e diagnostica dello smartphone tramite NFC.<\/li>\n<p> \t<\/p>\n<li>\u00c8 incluso anche il potente <strong data-start=\"444\" data-end=\"478\">razzo di soccorso elettronico EDF2<\/strong> , che offre una visibilit\u00e0 a 360\u00b0 con LED multicolori e infrarossi intensi, ideale per attirare l&#8217;attenzione in condizioni di scarsa illuminazione o scarsa visibilit\u00e0. Compatto, impermeabile e progettato per scenari di soccorso reali, questo kit aiuta a garantire che tu venga visto, trovato e riportato a casa, rapidamente. <\/li>\n<p> \t<\/p>\n<li>Valore totale del kit al prezzo consigliato: \u00a3 920,96. Risparmia \u00a3 170 con questo kit! <\/li>\n<\/ul>\n","protected":false},"featured_media":31363,"template":"","meta":{"_acf_changed":false,"om_disable_all_campaigns":false},"product_brand":[],"product_cat":[1658,474,1177],"product_tag":[1355,1684],"class_list":{"0":"post-31904","1":"product","2":"type-product","3":"status-publish","4":"has-post-thumbnail","6":"product_cat-kit-di-sicurezza","7":"product_cat-rescueme-it-2","8":"product_cat-segnalazione-elettronica-e-flare-di-soccorso","9":"product_tag-borsa-a-sorpresa","10":"product_tag-kit-di-sicurezza-it","12":"first","13":"instock","14":"taxable","15":"shipping-taxable","16":"purchasable","17":"product-type-simple"},"acf":[],"yoast_head":"<!-- This site is optimized with the Yoast SEO Premium plugin v25.2 (Yoast SEO v26.4) - https:\/\/yoast.com\/wordpress\/plugins\/seo\/ -->\n<title>Kit di sicurezza per la navigazione EPIRB2 Plus - Ocean Signal<\/title>\n<meta name=\"robots\" content=\"index, follow, max-snippet:-1, max-image-preview:large, max-video-preview:-1\" \/>\n<link rel=\"canonical\" href=\"https:\/\/oceansignal.com\/it\/products\/kit-di-sicurezza-epirb2-plus\/\" \/>\n<meta property=\"og:locale\" content=\"it_IT\" \/>\n<meta property=\"og:type\" content=\"article\" \/>\n<meta property=\"og:title\" content=\"Kit di sicurezza per la navigazione EPIRB2 Plus\" \/>\n<meta property=\"og:description\" content=\"Siate pronti quando ogni secondo conta con l&#039; Ocean Signal EPIRB2 Safety Kit Plus , una soluzione di emergenza essenziale per i marinai che costruiscono la loro prima borsa di emergenza. Alloggiato nella robusta e galleggiante Ocean Signal Grab Bag , questo kit include l&#039; EPIRB2 avanzato con posizionamento GPS, Return Link Service (RLS) per confermare la ricezione del segnale di soccorso, doppie luci stroboscopiche (visibili e IR) e diagnostica dello smartphone tramite NFC. \u00c8 incluso anche il potente razzo di soccorso elettronico EDF2 , che offre una visibilit\u00e0 a 360\u00b0 con LED multicolori e infrarossi intensi, ideale per attirare l&#039;attenzione in condizioni di scarsa illuminazione o scarsa visibilit\u00e0. Compatto, impermeabile e progettato per scenari di soccorso reali, questo kit aiuta a garantire che tu venga visto, trovato e riportato a casa, rapidamente.  Valore totale del kit al prezzo consigliato: \u00a3 920,96. Risparmia \u00a3 170 con questo kit!\" \/>\n<meta property=\"og:url\" content=\"https:\/\/oceansignal.com\/it\/products\/kit-di-sicurezza-epirb2-plus\/\" \/>\n<meta property=\"og:site_name\" content=\"Ocean Signal\" \/>\n<meta property=\"article:modified_time\" content=\"2026-03-12T09:19:32+00:00\" \/>\n<meta property=\"og:image\" content=\"https:\/\/oceansignal.com\/wp-content\/uploads\/2025\/06\/Grab_Bag_EPIRB2_Safety_Kit_Plus-2.jpg\" \/>\n\t<meta property=\"og:image:width\" content=\"911\" \/>\n\t<meta property=\"og:image:height\" content=\"805\" \/>\n\t<meta property=\"og:image:type\" content=\"image\/jpeg\" \/>\n<meta name=\"twitter:card\" content=\"summary_large_image\" \/>\n<meta name=\"twitter:label1\" content=\"Tempo di lettura stimato\" \/>\n\t<meta name=\"twitter:data1\" content=\"3 minuti\" \/>\n<script type=\"application\/ld+json\" class=\"yoast-schema-graph\">{\"@context\":\"https:\/\/schema.org\",\"@graph\":[{\"@type\":\"WebPage\",\"@id\":\"https:\/\/oceansignal.com\/it\/products\/kit-di-sicurezza-epirb2-plus\/\",\"url\":\"https:\/\/oceansignal.com\/it\/products\/kit-di-sicurezza-epirb2-plus\/\",\"name\":\"Kit di sicurezza per la navigazione EPIRB2 Plus - Ocean Signal\",\"isPartOf\":{\"@id\":\"https:\/\/oceansignal.com\/it\/#website\"},\"primaryImageOfPage\":{\"@id\":\"https:\/\/oceansignal.com\/it\/products\/kit-di-sicurezza-epirb2-plus\/#primaryimage\"},\"image\":{\"@id\":\"https:\/\/oceansignal.com\/it\/products\/kit-di-sicurezza-epirb2-plus\/#primaryimage\"},\"thumbnailUrl\":\"https:\/\/oceansignal.com\/wp-content\/uploads\/2025\/06\/Grab_Bag_EPIRB2_Safety_Kit_Plus-2.jpg\",\"datePublished\":\"2025-07-17T08:59:49+00:00\",\"dateModified\":\"2026-03-12T09:19:32+00:00\",\"breadcrumb\":{\"@id\":\"https:\/\/oceansignal.com\/it\/products\/kit-di-sicurezza-epirb2-plus\/#breadcrumb\"},\"inLanguage\":\"it-IT\",\"potentialAction\":[{\"@type\":\"ReadAction\",\"target\":[\"https:\/\/oceansignal.com\/it\/products\/kit-di-sicurezza-epirb2-plus\/\"]}]},{\"@type\":\"ImageObject\",\"inLanguage\":\"it-IT\",\"@id\":\"https:\/\/oceansignal.com\/it\/products\/kit-di-sicurezza-epirb2-plus\/#primaryimage\",\"url\":\"https:\/\/oceansignal.com\/wp-content\/uploads\/2025\/06\/Grab_Bag_EPIRB2_Safety_Kit_Plus-2.jpg\",\"contentUrl\":\"https:\/\/oceansignal.com\/wp-content\/uploads\/2025\/06\/Grab_Bag_EPIRB2_Safety_Kit_Plus-2.jpg\",\"width\":911,\"height\":805,\"caption\":\"Kit di sicurezza per la navigazione Ocean Signal ora disponibile\"},{\"@type\":\"BreadcrumbList\",\"@id\":\"https:\/\/oceansignal.com\/it\/products\/kit-di-sicurezza-epirb2-plus\/#breadcrumb\",\"itemListElement\":[{\"@type\":\"ListItem\",\"position\":1,\"name\":\"Prodotti\",\"item\":\"https:\/\/oceansignal.com\/it\/prodotti\/\"},{\"@type\":\"ListItem\",\"position\":2,\"name\":\"Kit di sicurezza per la navigazione EPIRB2 Plus\"}]},{\"@type\":\"WebSite\",\"@id\":\"https:\/\/oceansignal.com\/it\/#website\",\"url\":\"https:\/\/oceansignal.com\/it\/\",\"name\":\"Ocean Signal\",\"description\":\"A leading manufacturer of EPIRBs, AIS, SARTs, Personal Locator Beacons, Man Overboard Beacon for the Marine and Outdoor Markets.\",\"potentialAction\":[{\"@type\":\"SearchAction\",\"target\":{\"@type\":\"EntryPoint\",\"urlTemplate\":\"https:\/\/oceansignal.com\/it\/?s={search_term_string}\"},\"query-input\":{\"@type\":\"PropertyValueSpecification\",\"valueRequired\":true,\"valueName\":\"search_term_string\"}}],\"inLanguage\":\"it-IT\"}]}<\/script>\n<!-- \/ Yoast SEO Premium plugin. -->","yoast_head_json":{"title":"Kit di sicurezza per la navigazione EPIRB2 Plus - Ocean Signal","robots":{"index":"index","follow":"follow","max-snippet":"max-snippet:-1","max-image-preview":"max-image-preview:large","max-video-preview":"max-video-preview:-1"},"canonical":"https:\/\/oceansignal.com\/it\/products\/kit-di-sicurezza-epirb2-plus\/","og_locale":"it_IT","og_type":"article","og_title":"Kit di sicurezza per la navigazione EPIRB2 Plus","og_description":"Siate pronti quando ogni secondo conta con l' Ocean Signal EPIRB2 Safety Kit Plus , una soluzione di emergenza essenziale per i marinai che costruiscono la loro prima borsa di emergenza. Alloggiato nella robusta e galleggiante Ocean Signal Grab Bag , questo kit include l' EPIRB2 avanzato con posizionamento GPS, Return Link Service (RLS) per confermare la ricezione del segnale di soccorso, doppie luci stroboscopiche (visibili e IR) e diagnostica dello smartphone tramite NFC. \u00c8 incluso anche il potente razzo di soccorso elettronico EDF2 , che offre una visibilit\u00e0 a 360\u00b0 con LED multicolori e infrarossi intensi, ideale per attirare l'attenzione in condizioni di scarsa illuminazione o scarsa visibilit\u00e0. Compatto, impermeabile e progettato per scenari di soccorso reali, questo kit aiuta a garantire che tu venga visto, trovato e riportato a casa, rapidamente.  Valore totale del kit al prezzo consigliato: \u00a3 920,96. Risparmia \u00a3 170 con questo kit!","og_url":"https:\/\/oceansignal.com\/it\/products\/kit-di-sicurezza-epirb2-plus\/","og_site_name":"Ocean Signal","article_modified_time":"2026-03-12T09:19:32+00:00","og_image":[{"width":911,"height":805,"url":"https:\/\/oceansignal.com\/wp-content\/uploads\/2025\/06\/Grab_Bag_EPIRB2_Safety_Kit_Plus-2.jpg","type":"image\/jpeg"}],"twitter_card":"summary_large_image","twitter_misc":{"Tempo di lettura stimato":"3 minuti"},"schema":{"@context":"https:\/\/schema.org","@graph":[{"@type":"WebPage","@id":"https:\/\/oceansignal.com\/it\/products\/kit-di-sicurezza-epirb2-plus\/","url":"https:\/\/oceansignal.com\/it\/products\/kit-di-sicurezza-epirb2-plus\/","name":"Kit di sicurezza per la navigazione EPIRB2 Plus - Ocean Signal","isPartOf":{"@id":"https:\/\/oceansignal.com\/it\/#website"},"primaryImageOfPage":{"@id":"https:\/\/oceansignal.com\/it\/products\/kit-di-sicurezza-epirb2-plus\/#primaryimage"},"image":{"@id":"https:\/\/oceansignal.com\/it\/products\/kit-di-sicurezza-epirb2-plus\/#primaryimage"},"thumbnailUrl":"https:\/\/oceansignal.com\/wp-content\/uploads\/2025\/06\/Grab_Bag_EPIRB2_Safety_Kit_Plus-2.jpg","datePublished":"2025-07-17T08:59:49+00:00","dateModified":"2026-03-12T09:19:32+00:00","breadcrumb":{"@id":"https:\/\/oceansignal.com\/it\/products\/kit-di-sicurezza-epirb2-plus\/#breadcrumb"},"inLanguage":"it-IT","potentialAction":[{"@type":"ReadAction","target":["https:\/\/oceansignal.com\/it\/products\/kit-di-sicurezza-epirb2-plus\/"]}]},{"@type":"ImageObject","inLanguage":"it-IT","@id":"https:\/\/oceansignal.com\/it\/products\/kit-di-sicurezza-epirb2-plus\/#primaryimage","url":"https:\/\/oceansignal.com\/wp-content\/uploads\/2025\/06\/Grab_Bag_EPIRB2_Safety_Kit_Plus-2.jpg","contentUrl":"https:\/\/oceansignal.com\/wp-content\/uploads\/2025\/06\/Grab_Bag_EPIRB2_Safety_Kit_Plus-2.jpg","width":911,"height":805,"caption":"Kit di sicurezza per la navigazione Ocean Signal ora disponibile"},{"@type":"BreadcrumbList","@id":"https:\/\/oceansignal.com\/it\/products\/kit-di-sicurezza-epirb2-plus\/#breadcrumb","itemListElement":[{"@type":"ListItem","position":1,"name":"Prodotti","item":"https:\/\/oceansignal.com\/it\/prodotti\/"},{"@type":"ListItem","position":2,"name":"Kit di sicurezza per la navigazione EPIRB2 Plus"}]},{"@type":"WebSite","@id":"https:\/\/oceansignal.com\/it\/#website","url":"https:\/\/oceansignal.com\/it\/","name":"Ocean Signal","description":"A leading manufacturer of EPIRBs, AIS, SARTs, Personal Locator Beacons, Man Overboard Beacon for the Marine and Outdoor Markets.","potentialAction":[{"@type":"SearchAction","target":{"@type":"EntryPoint","urlTemplate":"https:\/\/oceansignal.com\/it\/?s={search_term_string}"},"query-input":{"@type":"PropertyValueSpecification","valueRequired":true,"valueName":"search_term_string"}}],"inLanguage":"it-IT"}]}},"_links":{"self":[{"href":"https:\/\/oceansignal.com\/it\/wp-json\/wp\/v2\/product\/31904","targetHints":{"allow":["GET"]}}],"collection":[{"href":"https:\/\/oceansignal.com\/it\/wp-json\/wp\/v2\/product"}],"about":[{"href":"https:\/\/oceansignal.com\/it\/wp-json\/wp\/v2\/types\/product"}],"wp:featuredmedia":[{"embeddable":true,"href":"https:\/\/oceansignal.com\/it\/wp-json\/wp\/v2\/media\/31363"}],"wp:attachment":[{"href":"https:\/\/oceansignal.com\/it\/wp-json\/wp\/v2\/media?parent=31904"}],"wp:term":[{"taxonomy":"product_brand","embeddable":true,"href":"https:\/\/oceansignal.com\/it\/wp-json\/wp\/v2\/product_brand?post=31904"},{"taxonomy":"product_cat","embeddable":true,"href":"https:\/\/oceansignal.com\/it\/wp-json\/wp\/v2\/product_cat?post=31904"},{"taxonomy":"product_tag","embeddable":true,"href":"https:\/\/oceansignal.com\/it\/wp-json\/wp\/v2\/product_tag?post=31904"}],"curies":[{"name":"wp","href":"https:\/\/api.w.org\/{rel}","templated":true}]}}