{"id":31922,"date":"2025-06-24T09:48:12","date_gmt":"2025-06-24T09:48:12","guid":{"rendered":"https:\/\/oceansignal.com\/products\/kit-di-sicurezza-epirb3\/"},"modified":"2026-03-26T15:12:29","modified_gmt":"2026-03-26T15:12:29","slug":"kit-di-sicurezza-epirb3","status":"publish","type":"product","link":"https:\/\/oceansignal.com\/it\/products\/kit-di-sicurezza-epirb3\/","title":{"rendered":"Kit di sicurezza per la navigazione EPIRB3"},"content":{"rendered":"<h3 class=\"ai-optimize-42\" data-start=\"3285\" data-end=\"3337\"><strong data-start=\"3292\" data-end=\"3337\"><img loading=\"lazy\" decoding=\"async\" class=\"alignnone size-full wp-image-32359\" src=\"https:\/\/oceansignal.com\/wp-content\/uploads\/2025\/07\/View-New-Safety-Kits.png\" alt=\"\" width=\"300\" height=\"75\" srcset=\"https:\/\/oceansignal.com\/wp-content\/uploads\/2025\/07\/View-New-Safety-Kits.png 300w, https:\/\/oceansignal.com\/wp-content\/uploads\/2025\/07\/View-New-Safety-Kits-60x15.png 60w, https:\/\/oceansignal.com\/wp-content\/uploads\/2025\/07\/View-New-Safety-Kits-110x28.png 110w\" sizes=\"auto, (max-width: 300px) 100vw, 300px\" \/><\/strong><\/h3>\n<h3 class=\"ai-optimize-43\" data-start=\"2673\" data-end=\"2727\"><strong data-start=\"2680\" data-end=\"2727\">Perch\u00e9 scegliere il kit EPIRB3?<\/strong><\/h3>\n<p class=\"ai-optimize-44 ai-optimize-introduction\" data-start=\"2729\" data-end=\"3018\">Il kit EPIRB3 \u00e8 il pacchetto base pi\u00f9 avanzato che si possa ottenere. Grazie alla tecnologia EPIRB leader a livello mondiale, alla configurazione intuitiva tramite smartphone e alla visibilit\u00e0 locale e globale dei soccorsi, \u00e8 perfetto per chi desidera tranquillit\u00e0, conformit\u00e0 alle normative e funzionalit\u00e0 moderne integrate fin dall&#8217;inizio. <\/p>\n<p class=\"ai-optimize-45\" data-start=\"3020\" data-end=\"3075\">Il miglior inizio per la sicurezza offshore. Senza compromessi. <\/p>\n<h3 class=\"ai-optimize-46\" data-start=\"2313\" data-end=\"2334\"><strong data-start=\"2320\" data-end=\"2334\">Ideale per:<\/strong><\/h3>\n<ul data-start=\"2335\" data-end=\"2600\">\n<li class=\"ai-optimize-47\" data-start=\"2335\" data-end=\"2389\">\n<p class=\"ai-optimize-48\" data-start=\"2337\" data-end=\"2389\">Marinai d&#8217;altura, proprietari di yacht e crocieristi oceanici<\/p>\n<\/li>\n<li class=\"ai-optimize-49\" data-start=\"2390\" data-end=\"2456\">\n<p class=\"ai-optimize-50\" data-start=\"2392\" data-end=\"2456\">Equipaggi che si preparano per gare offshore di Cat 1 o passaggi in acque blu<\/p>\n<\/li>\n<li class=\"ai-optimize-51\" data-start=\"2457\" data-end=\"2532\">\n<p class=\"ai-optimize-52\" data-start=\"2459\" data-end=\"2532\">Capitani attenti alla sicurezza cercano la tecnologia EPIRB di alto livello<\/p>\n<\/li>\n<li class=\"ai-optimize-53\" data-start=\"2533\" data-end=\"2600\">\n<p class=\"ai-optimize-54\" data-start=\"2535\" data-end=\"2600\">I marinai sostituiscono i vecchi EPIRB con attrezzature moderne e conformi alle normative<\/p>\n<\/li>\n<\/ul>\n<h3 class=\"ai-optimize-55\" data-start=\"673\" data-end=\"726\"><strong data-start=\"680\" data-end=\"726\">Cosa \u00e8 incluso e come supporta il soccorso?<\/strong><\/h3>\n<h4 class=\"ai-optimize-56\" data-start=\"728\" data-end=\"762\"><strong data-start=\"733\" data-end=\"760\">1 \u00d7 Ocean Signal EPIRB3<\/strong><\/h4>\n<p class=\"ai-optimize-57\" data-start=\"763\" data-end=\"786\">Pu\u00f2 essere visualizzato localmente (imbarcazioni con ricetrasmettitori AIS) e a livello globale (messaggio a 406 MHz trasmesso ai servizi di ricerca e soccorso), tracciato con precisione (AIS) e confermato in tempo reale (RLS), il tutto in un unico dispositivo.<br \/>\n Prezzo al dettaglio: 840,95 sterline<\/p>\n<p data-start=\"763\" data-end=\"786\"><img loading=\"lazy\" decoding=\"async\" class=\"alignnone size-medium wp-image-2147\" src=\"https:\/\/oceansignal.com\/wp-content\/uploads\/2024\/03\/EPIRB3-Front-300-RLS-on-1-300x300.png\" alt=\"Ocean Signal EPIRB3 con spia blu del servizio Return Link accesa.\" width=\"300\" height=\"300\" srcset=\"https:\/\/oceansignal.com\/wp-content\/uploads\/2024\/03\/EPIRB3-Front-300-RLS-on-1-300x300.png 300w, https:\/\/oceansignal.com\/wp-content\/uploads\/2024\/03\/EPIRB3-Front-300-RLS-on-1-150x150.png 150w, https:\/\/oceansignal.com\/wp-content\/uploads\/2024\/03\/EPIRB3-Front-300-RLS-on-1-100x100.png 100w, https:\/\/oceansignal.com\/wp-content\/uploads\/2024\/03\/EPIRB3-Front-300-RLS-on-1.png 411w\" sizes=\"auto, (max-width: 300px) 100vw, 300px\" \/><\/p>\n<p class=\"ai-optimize-58\" data-start=\"788\" data-end=\"915\">L&#8217;EPIRB di punta di Ocean Signal, costruito per soddisfare i pi\u00f9 recenti standard internazionali e dotato di funzioni salvavita, tra cui:<\/p>\n<ul data-start=\"917\" data-end=\"1359\">\n<li class=\"ai-optimize-59\" data-start=\"917\" data-end=\"965\">\n<p class=\"ai-optimize-60\" data-start=\"919\" data-end=\"965\"><strong>Avviso satellitare Cospas-Sarsat a 406 MHz<\/strong><\/p>\n<\/li>\n<li class=\"ai-optimize-61\" data-start=\"966\" data-end=\"1014\">\n<p class=\"ai-optimize-62\" data-start=\"968\" data-end=\"1014\"><strong>Trasmissione AIS alle imbarcazioni vicine dotate di ricetrasmettitori AIS<\/strong><\/p>\n<\/li>\n<li class=\"ai-optimize-63\" data-start=\"1015\" data-end=\"1097\">\n<p class=\"ai-optimize-64\" data-start=\"1017\" data-end=\"1097\"><strong>Servizio di collegamento di ritorno (RLS): conferma che il segnale di soccorso \u00e8 stato ricevuto<\/strong><\/p>\n<\/li>\n<li class=\"ai-optimize-65\" data-start=\"1098\" data-end=\"1148\">\n<p class=\"ai-optimize-66\" data-start=\"1100\" data-end=\"1148\"><strong>GNSS (GPS + Galileo) per una precisione millimetrica<\/strong><\/p>\n<\/li>\n<li class=\"ai-optimize-67\" data-start=\"1149\" data-end=\"1186\">\n<p class=\"ai-optimize-68\" data-start=\"1151\" data-end=\"1186\"><strong>Segnale di homing locale a 121,5 MHz<\/strong><\/p>\n<\/li>\n<li class=\"ai-optimize-69\" data-start=\"1187\" data-end=\"1239\">\n<p class=\"ai-optimize-70\" data-start=\"1189\" data-end=\"1239\"><strong>Stroboscopi visibili + infrarossi per il rilevamento visivo in scenari di scarsa illuminazione<\/strong><\/p>\n<\/li>\n<li class=\"ai-optimize-71\" data-start=\"1240\" data-end=\"1299\">\n<p class=\"ai-optimize-72\" data-start=\"1242\" data-end=\"1299\"><strong>Configurazione NFC dello smartphone con l&#8217;app gratuita Ocean Signal<\/strong><\/p>\n<\/li>\n<li class=\"ai-optimize-73\" data-start=\"1300\" data-end=\"1359\">\n<p class=\"ai-optimize-74\" data-start=\"1302\" data-end=\"1359\"><strong>Staffa manuale (Cat II) per montaggio flessibile<\/strong><\/p>\n<\/li>\n<\/ul>\n<hr data-start=\"1511\" data-end=\"1514\">\n<h4 class=\"ai-optimize-75\" data-start=\"1516\" data-end=\"1558\"><strong data-start=\"1521\" data-end=\"1556\">1 \u00d7 Specchio di segnalazione e fischietto ACR<\/strong><\/h4>\n<p class=\"ai-optimize-76\" data-start=\"1559\" data-end=\"1581\">Ideale quando le squadre SAR sono nelle vicinanze ed \u00e8 necessario attirare la loro attenzione in modo rapido e chiaro.<br \/>\n Valore al dettaglio: \u00a3 10,99<\/p>\n<p data-start=\"1559\" data-end=\"1581\"><img loading=\"lazy\" decoding=\"async\" class=\"alignnone wp-image-31407 size-medium\" src=\"https:\/\/oceansignal.com\/wp-content\/uploads\/2025\/06\/Grab_Bag_EPIRB1_Kit-e1752085331562-300x131.png\" alt=\"\" width=\"300\" height=\"131\" srcset=\"https:\/\/oceansignal.com\/wp-content\/uploads\/2025\/06\/Grab_Bag_EPIRB1_Kit-e1752085331562-300x131.png 300w, https:\/\/oceansignal.com\/wp-content\/uploads\/2025\/06\/Grab_Bag_EPIRB1_Kit-e1752085331562-60x26.png 60w, https:\/\/oceansignal.com\/wp-content\/uploads\/2025\/06\/Grab_Bag_EPIRB1_Kit-e1752085331562-110x48.png 110w, https:\/\/oceansignal.com\/wp-content\/uploads\/2025\/06\/Grab_Bag_EPIRB1_Kit-e1752085331562.png 344w\" sizes=\"auto, (max-width: 300px) 100vw, 300px\" \/><\/p>\n<p class=\"ai-optimize-77\" data-start=\"1583\" data-end=\"1691\">Questi strumenti che non richiedono manutenzione aggiungono ulteriore visibilit\u00e0 e segnalazione acustica preziose nelle fasi finali del soccorso.<\/p>\n<ul data-start=\"1693\" data-end=\"1791\">\n<li class=\"ai-optimize-78\" data-start=\"1693\" data-end=\"1734\">\n<p class=\"ai-optimize-79\" data-start=\"1695\" data-end=\"1734\"><strong>Specchio compatto altamente riflettente per segnali visivi diurni &#8211; Progettato per riflettere la luce solare su grandi distanze, ideale per catturare l&#8217;attenzione di imbarcazioni o aerei in transito<\/strong><\/p>\n<\/li>\n<li class=\"ai-optimize-80\" data-start=\"1735\" data-end=\"1791\">\n<p class=\"ai-optimize-81\" data-start=\"1737\" data-end=\"1791\"><strong>Fischio forte e senza fiato per attirare l&#8217;attenzione a distanza ravvicinata<\/strong><\/p>\n<\/li>\n<\/ul>\n<hr data-start=\"1909\" data-end=\"1912\">\n<h4 class=\"ai-optimize-82\" data-start=\"1914\" data-end=\"1961\"><strong data-start=\"1919\" data-end=\"1959\">1 \u00d7 Borsa impermeabile Ocean Signal<\/strong><\/h4>\n<p class=\"ai-optimize-83\" data-start=\"1962\" data-end=\"1985\"><em data-start=\"1962\" data-end=\"1985\">Quando ogni secondo conta, avere tutto in un unico luogo asciutto e visibile \u00e8 di fondamentale importanza.<br \/>\n Valore al dettaglio: \u00a3 129,99<\/em><\/p>\n<p data-start=\"1962\" data-end=\"1985\"><img loading=\"lazy\" decoding=\"async\" class=\"alignnone wp-image-31488 size-medium\" src=\"https:\/\/oceansignal.com\/wp-content\/uploads\/2025\/06\/Grab_Bag-1-241x300.webp\" alt=\"\" width=\"241\" height=\"300\" srcset=\"https:\/\/oceansignal.com\/wp-content\/uploads\/2025\/06\/Grab_Bag-1-241x300.webp 241w, https:\/\/oceansignal.com\/wp-content\/uploads\/2025\/06\/Grab_Bag-1-60x75.webp 60w, https:\/\/oceansignal.com\/wp-content\/uploads\/2025\/06\/Grab_Bag-1-110x137.webp 110w, https:\/\/oceansignal.com\/wp-content\/uploads\/2025\/06\/Grab_Bag-1.webp 489w\" sizes=\"auto, (max-width: 241px) 100vw, 241px\" \/><\/p>\n<p class=\"ai-optimize-84\" data-start=\"1987\" data-end=\"2079\">Questa borsa resistente e galleggiante contiene il tuo kit essenziale, asciutto, protetto e pronto all&#8217;uso.<\/p>\n<ul data-start=\"2081\" data-end=\"2190\">\n<li class=\"ai-optimize-85\" data-start=\"2081\" data-end=\"2107\">\n<p class=\"ai-optimize-86\" data-start=\"2083\" data-end=\"2107\"><strong>Colore ad alta visibilit\u00e0<\/strong><\/p>\n<\/li>\n<li class=\"ai-optimize-87\" data-start=\"2108\" data-end=\"2131\">\n<p class=\"ai-optimize-88\" data-start=\"2110\" data-end=\"2131\"><strong>Galleggiante<\/strong><\/p>\n<\/li>\n<li class=\"ai-optimize-89\" data-start=\"2132\" data-end=\"2190\">\n<p class=\"ai-optimize-90\" data-start=\"2134\" data-end=\"2190\"><strong>Dimensioni ideali per EPIRB, eventuali dispositivi di sicurezza aggiuntivi e documenti chiave<\/strong><\/p>\n<\/li>\n<\/ul>\n","protected":false},"excerpt":{"rendered":"<ul>\n<li class=\"ai-optimize-38\">Il kit EPIRB3 \u00e8 una soluzione di sicurezza completa di alto livello, progettata per i velisti che desiderano le funzionalit\u00e0 EPIRB pi\u00f9 avanzate disponibili, fin da subito.<\/li>\n<li class=\"ai-optimize-39\">Grazie all&#8217;AIS, al servizio Return Link, al posizionamento GNSS e agli avvisi globali Cospas-Sarsat, l&#8217;EPIRB3 offre ai velisti solitari e con equipaggio una configurazione di sicurezza a prova di futuro fin dal primo giorno.<\/li>\n<li class=\"ai-optimize-40\">La borsa di trasporto inclusa garantisce una soluzione di stoccaggio altamente visibile e galleggiante per l&#8217;EPIRB3, lo specchio di segnalazione e il fischietto inclusi nel kit.<\/li>\n<\/ul>\n<p class=\"ai-optimize-41\">Valore totale del kit al prezzo consigliato: 990,97 \u00a3. Risparmia 129,98 \u00a3 con questo kit! <\/p>\n","protected":false},"featured_media":31578,"template":"","meta":{"_acf_changed":false,"om_disable_all_campaigns":false},"product_brand":[],"product_cat":[1658,474],"product_tag":[1355,730,990,1684],"class_list":{"0":"post-31922","1":"product","2":"type-product","3":"status-publish","4":"has-post-thumbnail","6":"product_cat-kit-di-sicurezza","7":"product_cat-rescueme-it-2","8":"product_tag-borsa-a-sorpresa","9":"product_tag-epirb-it","10":"product_tag-epirb3-it","11":"product_tag-kit-di-sicurezza-it","13":"first","14":"instock","15":"taxable","16":"shipping-taxable","17":"purchasable","18":"product-type-simple"},"acf":[],"yoast_head":"<!-- This site is optimized with the Yoast SEO Premium plugin v25.2 (Yoast SEO v26.4) - https:\/\/yoast.com\/wordpress\/plugins\/seo\/ -->\n<title>Kit di sicurezza per la navigazione EPIRB3 - Ocean Signal<\/title>\n<meta name=\"robots\" content=\"index, follow, max-snippet:-1, max-image-preview:large, max-video-preview:-1\" \/>\n<link rel=\"canonical\" href=\"https:\/\/oceansignal.com\/it\/products\/kit-di-sicurezza-epirb3\/\" \/>\n<meta property=\"og:locale\" content=\"it_IT\" \/>\n<meta property=\"og:type\" content=\"article\" \/>\n<meta property=\"og:title\" content=\"Kit di sicurezza per la navigazione EPIRB3\" \/>\n<meta property=\"og:description\" content=\"Il kit EPIRB3 \u00e8 una soluzione di sicurezza completa di alto livello, progettata per i velisti che desiderano le funzionalit\u00e0 EPIRB pi\u00f9 avanzate disponibili, fin da subito.  Grazie all&#039;AIS, al servizio Return Link, al posizionamento GNSS e agli avvisi globali Cospas-Sarsat, l&#039;EPIRB3 offre ai velisti solitari e con equipaggio una configurazione di sicurezza a prova di futuro fin dal primo giorno.  La borsa di trasporto inclusa garantisce una soluzione di stoccaggio altamente visibile e galleggiante per l&#039;EPIRB3, lo specchio di segnalazione e il fischietto inclusi nel kit. Valore totale del kit al prezzo consigliato: 990,97 \u00a3. Risparmia 129,98 \u00a3 con questo kit!\" \/>\n<meta property=\"og:url\" content=\"https:\/\/oceansignal.com\/it\/products\/kit-di-sicurezza-epirb3\/\" \/>\n<meta property=\"og:site_name\" content=\"Ocean Signal\" \/>\n<meta property=\"article:modified_time\" content=\"2026-03-26T15:12:29+00:00\" \/>\n<meta property=\"og:image\" content=\"https:\/\/oceansignal.com\/wp-content\/uploads\/2025\/06\/Grab_Bag_EPIRB3_Kit-1.jpg\" \/>\n\t<meta property=\"og:image:width\" content=\"911\" \/>\n\t<meta property=\"og:image:height\" content=\"805\" \/>\n\t<meta property=\"og:image:type\" content=\"image\/jpeg\" \/>\n<meta name=\"twitter:card\" content=\"summary_large_image\" \/>\n<meta name=\"twitter:label1\" content=\"Tempo di lettura stimato\" \/>\n\t<meta name=\"twitter:data1\" content=\"2 minuti\" \/>\n<script type=\"application\/ld+json\" class=\"yoast-schema-graph\">{\"@context\":\"https:\/\/schema.org\",\"@graph\":[{\"@type\":\"WebPage\",\"@id\":\"https:\/\/oceansignal.com\/it\/products\/kit-di-sicurezza-epirb3\/\",\"url\":\"https:\/\/oceansignal.com\/it\/products\/kit-di-sicurezza-epirb3\/\",\"name\":\"Kit di sicurezza per la navigazione EPIRB3 - Ocean Signal\",\"isPartOf\":{\"@id\":\"https:\/\/oceansignal.com\/it\/#website\"},\"primaryImageOfPage\":{\"@id\":\"https:\/\/oceansignal.com\/it\/products\/kit-di-sicurezza-epirb3\/#primaryimage\"},\"image\":{\"@id\":\"https:\/\/oceansignal.com\/it\/products\/kit-di-sicurezza-epirb3\/#primaryimage\"},\"thumbnailUrl\":\"https:\/\/oceansignal.com\/wp-content\/uploads\/2025\/06\/Grab_Bag_EPIRB3_Kit-1.jpg\",\"datePublished\":\"2025-06-24T09:48:12+00:00\",\"dateModified\":\"2026-03-26T15:12:29+00:00\",\"breadcrumb\":{\"@id\":\"https:\/\/oceansignal.com\/it\/products\/kit-di-sicurezza-epirb3\/#breadcrumb\"},\"inLanguage\":\"it-IT\",\"potentialAction\":[{\"@type\":\"ReadAction\",\"target\":[\"https:\/\/oceansignal.com\/it\/products\/kit-di-sicurezza-epirb3\/\"]}]},{\"@type\":\"ImageObject\",\"inLanguage\":\"it-IT\",\"@id\":\"https:\/\/oceansignal.com\/it\/products\/kit-di-sicurezza-epirb3\/#primaryimage\",\"url\":\"https:\/\/oceansignal.com\/wp-content\/uploads\/2025\/06\/Grab_Bag_EPIRB3_Kit-1.jpg\",\"contentUrl\":\"https:\/\/oceansignal.com\/wp-content\/uploads\/2025\/06\/Grab_Bag_EPIRB3_Kit-1.jpg\",\"width\":911,\"height\":805},{\"@type\":\"BreadcrumbList\",\"@id\":\"https:\/\/oceansignal.com\/it\/products\/kit-di-sicurezza-epirb3\/#breadcrumb\",\"itemListElement\":[{\"@type\":\"ListItem\",\"position\":1,\"name\":\"Prodotti\",\"item\":\"https:\/\/oceansignal.com\/it\/prodotti\/\"},{\"@type\":\"ListItem\",\"position\":2,\"name\":\"Kit di sicurezza per la navigazione EPIRB3\"}]},{\"@type\":\"WebSite\",\"@id\":\"https:\/\/oceansignal.com\/it\/#website\",\"url\":\"https:\/\/oceansignal.com\/it\/\",\"name\":\"Ocean Signal\",\"description\":\"A leading manufacturer of EPIRBs, AIS, SARTs, Personal Locator Beacons, Man Overboard Beacon for the Marine and Outdoor Markets.\",\"potentialAction\":[{\"@type\":\"SearchAction\",\"target\":{\"@type\":\"EntryPoint\",\"urlTemplate\":\"https:\/\/oceansignal.com\/it\/?s={search_term_string}\"},\"query-input\":{\"@type\":\"PropertyValueSpecification\",\"valueRequired\":true,\"valueName\":\"search_term_string\"}}],\"inLanguage\":\"it-IT\"}]}<\/script>\n<!-- \/ Yoast SEO Premium plugin. -->","yoast_head_json":{"title":"Kit di sicurezza per la navigazione EPIRB3 - Ocean Signal","robots":{"index":"index","follow":"follow","max-snippet":"max-snippet:-1","max-image-preview":"max-image-preview:large","max-video-preview":"max-video-preview:-1"},"canonical":"https:\/\/oceansignal.com\/it\/products\/kit-di-sicurezza-epirb3\/","og_locale":"it_IT","og_type":"article","og_title":"Kit di sicurezza per la navigazione EPIRB3","og_description":"Il kit EPIRB3 \u00e8 una soluzione di sicurezza completa di alto livello, progettata per i velisti che desiderano le funzionalit\u00e0 EPIRB pi\u00f9 avanzate disponibili, fin da subito.  Grazie all'AIS, al servizio Return Link, al posizionamento GNSS e agli avvisi globali Cospas-Sarsat, l'EPIRB3 offre ai velisti solitari e con equipaggio una configurazione di sicurezza a prova di futuro fin dal primo giorno.  La borsa di trasporto inclusa garantisce una soluzione di stoccaggio altamente visibile e galleggiante per l'EPIRB3, lo specchio di segnalazione e il fischietto inclusi nel kit. Valore totale del kit al prezzo consigliato: 990,97 \u00a3. Risparmia 129,98 \u00a3 con questo kit!","og_url":"https:\/\/oceansignal.com\/it\/products\/kit-di-sicurezza-epirb3\/","og_site_name":"Ocean Signal","article_modified_time":"2026-03-26T15:12:29+00:00","og_image":[{"width":911,"height":805,"url":"https:\/\/oceansignal.com\/wp-content\/uploads\/2025\/06\/Grab_Bag_EPIRB3_Kit-1.jpg","type":"image\/jpeg"}],"twitter_card":"summary_large_image","twitter_misc":{"Tempo di lettura stimato":"2 minuti"},"schema":{"@context":"https:\/\/schema.org","@graph":[{"@type":"WebPage","@id":"https:\/\/oceansignal.com\/it\/products\/kit-di-sicurezza-epirb3\/","url":"https:\/\/oceansignal.com\/it\/products\/kit-di-sicurezza-epirb3\/","name":"Kit di sicurezza per la navigazione EPIRB3 - Ocean Signal","isPartOf":{"@id":"https:\/\/oceansignal.com\/it\/#website"},"primaryImageOfPage":{"@id":"https:\/\/oceansignal.com\/it\/products\/kit-di-sicurezza-epirb3\/#primaryimage"},"image":{"@id":"https:\/\/oceansignal.com\/it\/products\/kit-di-sicurezza-epirb3\/#primaryimage"},"thumbnailUrl":"https:\/\/oceansignal.com\/wp-content\/uploads\/2025\/06\/Grab_Bag_EPIRB3_Kit-1.jpg","datePublished":"2025-06-24T09:48:12+00:00","dateModified":"2026-03-26T15:12:29+00:00","breadcrumb":{"@id":"https:\/\/oceansignal.com\/it\/products\/kit-di-sicurezza-epirb3\/#breadcrumb"},"inLanguage":"it-IT","potentialAction":[{"@type":"ReadAction","target":["https:\/\/oceansignal.com\/it\/products\/kit-di-sicurezza-epirb3\/"]}]},{"@type":"ImageObject","inLanguage":"it-IT","@id":"https:\/\/oceansignal.com\/it\/products\/kit-di-sicurezza-epirb3\/#primaryimage","url":"https:\/\/oceansignal.com\/wp-content\/uploads\/2025\/06\/Grab_Bag_EPIRB3_Kit-1.jpg","contentUrl":"https:\/\/oceansignal.com\/wp-content\/uploads\/2025\/06\/Grab_Bag_EPIRB3_Kit-1.jpg","width":911,"height":805},{"@type":"BreadcrumbList","@id":"https:\/\/oceansignal.com\/it\/products\/kit-di-sicurezza-epirb3\/#breadcrumb","itemListElement":[{"@type":"ListItem","position":1,"name":"Prodotti","item":"https:\/\/oceansignal.com\/it\/prodotti\/"},{"@type":"ListItem","position":2,"name":"Kit di sicurezza per la navigazione EPIRB3"}]},{"@type":"WebSite","@id":"https:\/\/oceansignal.com\/it\/#website","url":"https:\/\/oceansignal.com\/it\/","name":"Ocean Signal","description":"A leading manufacturer of EPIRBs, AIS, SARTs, Personal Locator Beacons, Man Overboard Beacon for the Marine and Outdoor Markets.","potentialAction":[{"@type":"SearchAction","target":{"@type":"EntryPoint","urlTemplate":"https:\/\/oceansignal.com\/it\/?s={search_term_string}"},"query-input":{"@type":"PropertyValueSpecification","valueRequired":true,"valueName":"search_term_string"}}],"inLanguage":"it-IT"}]}},"_links":{"self":[{"href":"https:\/\/oceansignal.com\/it\/wp-json\/wp\/v2\/product\/31922","targetHints":{"allow":["GET"]}}],"collection":[{"href":"https:\/\/oceansignal.com\/it\/wp-json\/wp\/v2\/product"}],"about":[{"href":"https:\/\/oceansignal.com\/it\/wp-json\/wp\/v2\/types\/product"}],"wp:featuredmedia":[{"embeddable":true,"href":"https:\/\/oceansignal.com\/it\/wp-json\/wp\/v2\/media\/31578"}],"wp:attachment":[{"href":"https:\/\/oceansignal.com\/it\/wp-json\/wp\/v2\/media?parent=31922"}],"wp:term":[{"taxonomy":"product_brand","embeddable":true,"href":"https:\/\/oceansignal.com\/it\/wp-json\/wp\/v2\/product_brand?post=31922"},{"taxonomy":"product_cat","embeddable":true,"href":"https:\/\/oceansignal.com\/it\/wp-json\/wp\/v2\/product_cat?post=31922"},{"taxonomy":"product_tag","embeddable":true,"href":"https:\/\/oceansignal.com\/it\/wp-json\/wp\/v2\/product_tag?post=31922"}],"curies":[{"name":"wp","href":"https:\/\/api.w.org\/{rel}","templated":true}]}}