{"id":31959,"date":"2025-06-17T12:56:37","date_gmt":"2025-06-17T12:56:37","guid":{"rendered":"https:\/\/oceansignal.com\/products\/kit-di-sicurezza-epirb1\/"},"modified":"2025-08-21T14:03:37","modified_gmt":"2025-08-21T14:03:37","slug":"kit-di-sicurezza-epirb1","status":"publish","type":"product","link":"https:\/\/oceansignal.com\/it\/products\/kit-di-sicurezza-epirb1\/","title":{"rendered":"Kit di sicurezza EPIRB1"},"content":{"rendered":"<h3><img loading=\"lazy\" decoding=\"async\" class=\"alignnone size-full wp-image-32359\" src=\"https:\/\/oceansignal.com\/wp-content\/uploads\/2025\/07\/View-New-Safety-Kits.png\" alt=\"\" width=\"300\" height=\"75\" srcset=\"https:\/\/oceansignal.com\/wp-content\/uploads\/2025\/07\/View-New-Safety-Kits.png 300w, https:\/\/oceansignal.com\/wp-content\/uploads\/2025\/07\/View-New-Safety-Kits-60x15.png 60w, https:\/\/oceansignal.com\/wp-content\/uploads\/2025\/07\/View-New-Safety-Kits-110x28.png 110w\" sizes=\"auto, (max-width: 300px) 100vw, 300px\" \/><\/h3>\n<h3>Perch\u00e9 scegliere il kit di sicurezza EPIRB1?<\/h3>\n<p>Questo kit \u00e8 stato studiato pensando alle emergenze del mondo reale: disalberamento, incendio, affondamento o abbandono improvviso. Che tu stia attraversando la Manica o avventurandoti pi\u00f9 al largo, il <em>kit di sicurezza EPIRB1<\/em> ti offre un vantaggio significativo nel peggiore dei casi e potrebbe salvarti la vita. <\/p>\n<p>Il kit di sicurezza EPIRB1 \u00e8 un kit di emergenza compatto e maneggevole, progettato per velisti solitari, pescatori appassionati e crocieristi costieri che desiderano un&#8217;attrezzatura di livello professionale con una configurazione minima. Combina tre strumenti essenziali in un unico pacchetto di alto valore, ognuno dei quali \u00e8 stato scelto per aumentare le possibilit\u00e0 di un salvataggio rapido e coordinato. <\/p>\n<h3><strong>Progettato per:<\/strong><\/h3>\n<ul>\n<li>marinai d&#8217;altura solitari<\/li>\n<li>Proprietari di yacht che cercano un sacchetto di plastica conforme<\/li>\n<li>Crociere costiere e skipper di consegne<\/li>\n<li>pescatori ricreativi<\/li>\n<li>I nuovi arrivati attenti alla sicurezza equipaggiano la loro barca per la prima volta<\/li>\n<\/ul>\n<h3><strong>Cosa \u00e8 incluso e perch\u00e9 \u00e8 importante<\/strong><\/h3>\n<h4><strong>1 \u00d7 Ocean Signal EPIRB1 Cat II Segnalatore di emergenza<\/strong><\/h4>\n<p><img loading=\"lazy\" decoding=\"async\" class=\"alignnone wp-image-31391 size-medium\" src=\"https:\/\/oceansignal.com\/wp-content\/uploads\/2025\/06\/EPIRB-1.2-153x300.png\" alt=\"\" width=\"153\" height=\"300\" srcset=\"https:\/\/oceansignal.com\/wp-content\/uploads\/2025\/06\/EPIRB-1.2-153x300.png 153w, https:\/\/oceansignal.com\/wp-content\/uploads\/2025\/06\/EPIRB-1.2-522x1024.png 522w, https:\/\/oceansignal.com\/wp-content\/uploads\/2025\/06\/EPIRB-1.2-768x1507.png 768w, https:\/\/oceansignal.com\/wp-content\/uploads\/2025\/06\/EPIRB-1.2-783x1536.png 783w, https:\/\/oceansignal.com\/wp-content\/uploads\/2025\/06\/EPIRB-1.2-600x1177.png 600w, https:\/\/oceansignal.com\/wp-content\/uploads\/2025\/06\/EPIRB-1.2-60x118.png 60w, https:\/\/oceansignal.com\/wp-content\/uploads\/2025\/06\/EPIRB-1.2-110x216.png 110w, https:\/\/oceansignal.com\/wp-content\/uploads\/2025\/06\/EPIRB-1.2.png 822w\" sizes=\"auto, (max-width: 153px) 100vw, 153px\" \/><\/p>\n<p>Gli EPIRB rappresentano il metodo pi\u00f9 efficace per richiedere una risposta SAR globale in caso di emergenze in mare aperto.<br \/>\n Valore al dettaglio: \u00a3484,99<\/p>\n<p>Il cuore del kit \u00e8 un EPIRB (Emergency Position Indicating Radio Beacon) da 406 MHz che, una volta attivato, trasmette automaticamente la tua posizione ai satelliti di ricerca e soccorso globali. L&#8217;EPIRB1 utilizza il GPS e la rete satellitare COSPAS-SARSAT per individuare la tua posizione in qualsiasi parte del mondo, garantendo l&#8217;invio di soccorsi in pochi minuti. <\/p>\n<ul>\n<li><strong>Il GPS ad alta precisione<\/strong> garantisce ai soccorritori aggiornamenti precisi sulla posizione.<\/li>\n<li><strong>La durata della batteria di oltre 48 ore<\/strong> offre ai team di ricerca un ampio margine di tempo per trovarti.<\/li>\n<li><strong>La staffa manuale (Cat II)<\/strong> consente un montaggio semplice a bordo.<\/li>\n<\/ul>\n<hr>\n<h4><strong>1 \u00d7 Specchio di segnalazione e fischietto ACR<\/strong><\/h4>\n<p><img loading=\"lazy\" decoding=\"async\" class=\"alignnone wp-image-31407 size-medium\" src=\"https:\/\/oceansignal.com\/wp-content\/uploads\/2025\/06\/Grab_Bag_EPIRB1_Kit-300x218.png\" alt=\"\" width=\"300\" height=\"218\"><\/p>\n<p>Una volta che i soccorritori sono nelle vicinanze, essere in grado di segnalare la propria posizione esatta visivamente o acusticamente \u00e8 essenziale, soprattutto in caso di mare agitato o scarsa visibilit\u00e0. <em><br \/>\nValore al dettaglio: \u00a3 10,99<\/em><\/p>\n<p>Una combinazione di segnalazione visiva e acustica semplice ma efficace che potrebbe fare la differenza tra essere individuati o ignorati da un aereo o da una nave di soccorso.<\/p>\n<ul>\n<li><strong>Specchio di segnalazione:<\/strong> <strong>progettato per riflettere la luce solare su grandi distanze, ideale per catturare l&#8217;attenzione di imbarcazioni o aerei in transito.<\/strong><\/li>\n<li><strong>Fischietto: fornisce segnali sonori nitidi in grado di sovrastare il rumore del vento e delle onde.<\/strong><\/li>\n<\/ul>\n<hr>\n<h4><strong>1 \u00d7 Borsa impermeabile Ocean Signal<\/strong><\/h4>\n<p><img loading=\"lazy\" decoding=\"async\" class=\"alignnone wp-image-31488 size-medium\" src=\"https:\/\/oceansignal.com\/wp-content\/uploads\/2025\/06\/Grab_Bag-1-241x300.webp\" alt=\"\" width=\"241\" height=\"300\" srcset=\"https:\/\/oceansignal.com\/wp-content\/uploads\/2025\/06\/Grab_Bag-1-241x300.webp 241w, https:\/\/oceansignal.com\/wp-content\/uploads\/2025\/06\/Grab_Bag-1-60x75.webp 60w, https:\/\/oceansignal.com\/wp-content\/uploads\/2025\/06\/Grab_Bag-1-110x137.webp 110w, https:\/\/oceansignal.com\/wp-content\/uploads\/2025\/06\/Grab_Bag-1.webp 489w\" sizes=\"auto, (max-width: 241px) 100vw, 241px\" \/><\/p>\n<p>Nel caos di un&#8217;emergenza, questa borsa ti consente di muoverti velocemente con tutto ci\u00f2 di cui hai bisogno: asciutto, organizzato e facile da afferrare e portare con te.<br \/>\n Valore al dettaglio: \u00a3 129,99<\/p>\n<p>Una borsa stagna resistente e di qualit\u00e0 marina, progettata per trasportare EPIRB, dispositivi di segnalazione, documenti e altre attrezzature di sicurezza e oggetti essenziali. Progettata per galleggiare e rimanere asciutta in ambienti marini difficili. <\/p>\n<ul>\n<li><strong>Colore brillante e ad alta visibilit\u00e0 per un&#8217;individuazione rapida.<\/strong><\/li>\n<li><strong>La chiusura sicura mantiene il contenuto asciutto e protetto.<\/strong><\/li>\n<li><strong>Maniglia di facile trasporto per una rapida evacuazione.<\/strong><\/li>\n<\/ul>\n","protected":false},"excerpt":{"rendered":"<p>Il kit di sicurezza EPIRB 1 \u00e8 un kit pronto all&#8217;uso con attrezzatura di emergenza essenziale. Costruito attorno al faro ultracompatto EPIRB1 di Categoria II di Ocean Signal, questo importante kit include anche uno specchio di segnalazione e un fischietto, garantendovi di avere a disposizione l&#8217;equipaggiamento di sicurezza pi\u00f9 essenziale. <\/p>\n<p>Perfetto per velisti solitari, crocieristi costieri o per chi \u00e8 dotato del primo kit di sicurezza.<\/p>\n<p>Valore totale del kit al prezzo consigliato: \u00a3 625,97. Risparmia \u00a3 95,98 con questo kit! <\/p>\n","protected":false},"featured_media":31298,"template":"","meta":{"_acf_changed":false,"om_disable_all_campaigns":false},"product_brand":[],"product_cat":[1658,474],"product_tag":[],"class_list":{"0":"post-31959","1":"product","2":"type-product","3":"status-publish","4":"has-post-thumbnail","6":"product_cat-kit-di-sicurezza","7":"product_cat-rescueme-it-2","9":"first","10":"instock","11":"taxable","12":"shipping-taxable","13":"purchasable","14":"product-type-simple"},"acf":[],"yoast_head":"<!-- This site is optimized with the Yoast SEO Premium plugin v25.2 (Yoast SEO v26.4) - https:\/\/yoast.com\/wordpress\/plugins\/seo\/ -->\n<title>Kit di sicurezza EPIRB1 - Ocean Signal<\/title>\n<meta name=\"robots\" content=\"index, follow, max-snippet:-1, max-image-preview:large, max-video-preview:-1\" \/>\n<link rel=\"canonical\" href=\"https:\/\/oceansignal.com\/it\/products\/kit-di-sicurezza-epirb1\/\" \/>\n<meta property=\"og:locale\" content=\"it_IT\" \/>\n<meta property=\"og:type\" content=\"article\" \/>\n<meta property=\"og:title\" content=\"Kit di sicurezza EPIRB1\" \/>\n<meta property=\"og:description\" content=\"Il kit di sicurezza EPIRB 1 \u00e8 un kit pronto all&#039;uso con attrezzatura di emergenza essenziale. Costruito attorno al faro ultracompatto EPIRB1 di Categoria II di Ocean Signal, questo importante kit include anche uno specchio di segnalazione e un fischietto, garantendovi di avere a disposizione l&#039;equipaggiamento di sicurezza pi\u00f9 essenziale.  Perfetto per velisti solitari, crocieristi costieri o per chi \u00e8 dotato del primo kit di sicurezza. Valore totale del kit al prezzo consigliato: \u00a3 625,97. Risparmia \u00a3 95,98 con questo kit!\" \/>\n<meta property=\"og:url\" content=\"https:\/\/oceansignal.com\/it\/products\/kit-di-sicurezza-epirb1\/\" \/>\n<meta property=\"og:site_name\" content=\"Ocean Signal\" \/>\n<meta property=\"article:modified_time\" content=\"2025-08-21T14:03:37+00:00\" \/>\n<meta property=\"og:image\" content=\"https:\/\/oceansignal.com\/wp-content\/uploads\/2025\/06\/Grab_Bag_EPIRB1_Kit-1.jpg\" \/>\n\t<meta property=\"og:image:width\" content=\"911\" \/>\n\t<meta property=\"og:image:height\" content=\"805\" \/>\n\t<meta property=\"og:image:type\" content=\"image\/jpeg\" \/>\n<meta name=\"twitter:card\" content=\"summary_large_image\" \/>\n<meta name=\"twitter:label1\" content=\"Tempo di lettura stimato\" \/>\n\t<meta name=\"twitter:data1\" content=\"2 minuti\" \/>\n<script type=\"application\/ld+json\" class=\"yoast-schema-graph\">{\"@context\":\"https:\/\/schema.org\",\"@graph\":[{\"@type\":\"WebPage\",\"@id\":\"https:\/\/oceansignal.com\/it\/products\/kit-di-sicurezza-epirb1\/\",\"url\":\"https:\/\/oceansignal.com\/it\/products\/kit-di-sicurezza-epirb1\/\",\"name\":\"Kit di sicurezza EPIRB1 - Ocean Signal\",\"isPartOf\":{\"@id\":\"https:\/\/oceansignal.com\/it\/#website\"},\"primaryImageOfPage\":{\"@id\":\"https:\/\/oceansignal.com\/it\/products\/kit-di-sicurezza-epirb1\/#primaryimage\"},\"image\":{\"@id\":\"https:\/\/oceansignal.com\/it\/products\/kit-di-sicurezza-epirb1\/#primaryimage\"},\"thumbnailUrl\":\"https:\/\/oceansignal.com\/wp-content\/uploads\/2025\/06\/Grab_Bag_EPIRB1_Kit-1.jpg\",\"datePublished\":\"2025-06-17T12:56:37+00:00\",\"dateModified\":\"2025-08-21T14:03:37+00:00\",\"breadcrumb\":{\"@id\":\"https:\/\/oceansignal.com\/it\/products\/kit-di-sicurezza-epirb1\/#breadcrumb\"},\"inLanguage\":\"it-IT\",\"potentialAction\":[{\"@type\":\"ReadAction\",\"target\":[\"https:\/\/oceansignal.com\/it\/products\/kit-di-sicurezza-epirb1\/\"]}]},{\"@type\":\"ImageObject\",\"inLanguage\":\"it-IT\",\"@id\":\"https:\/\/oceansignal.com\/it\/products\/kit-di-sicurezza-epirb1\/#primaryimage\",\"url\":\"https:\/\/oceansignal.com\/wp-content\/uploads\/2025\/06\/Grab_Bag_EPIRB1_Kit-1.jpg\",\"contentUrl\":\"https:\/\/oceansignal.com\/wp-content\/uploads\/2025\/06\/Grab_Bag_EPIRB1_Kit-1.jpg\",\"width\":911,\"height\":805},{\"@type\":\"BreadcrumbList\",\"@id\":\"https:\/\/oceansignal.com\/it\/products\/kit-di-sicurezza-epirb1\/#breadcrumb\",\"itemListElement\":[{\"@type\":\"ListItem\",\"position\":1,\"name\":\"Prodotti\",\"item\":\"https:\/\/oceansignal.com\/it\/prodotti\/\"},{\"@type\":\"ListItem\",\"position\":2,\"name\":\"Kit di sicurezza EPIRB1\"}]},{\"@type\":\"WebSite\",\"@id\":\"https:\/\/oceansignal.com\/it\/#website\",\"url\":\"https:\/\/oceansignal.com\/it\/\",\"name\":\"Ocean Signal\",\"description\":\"A leading manufacturer of EPIRBs, AIS, SARTs, Personal Locator Beacons, Man Overboard Beacon for the Marine and Outdoor Markets.\",\"potentialAction\":[{\"@type\":\"SearchAction\",\"target\":{\"@type\":\"EntryPoint\",\"urlTemplate\":\"https:\/\/oceansignal.com\/it\/?s={search_term_string}\"},\"query-input\":{\"@type\":\"PropertyValueSpecification\",\"valueRequired\":true,\"valueName\":\"search_term_string\"}}],\"inLanguage\":\"it-IT\"}]}<\/script>\n<!-- \/ Yoast SEO Premium plugin. -->","yoast_head_json":{"title":"Kit di sicurezza EPIRB1 - Ocean Signal","robots":{"index":"index","follow":"follow","max-snippet":"max-snippet:-1","max-image-preview":"max-image-preview:large","max-video-preview":"max-video-preview:-1"},"canonical":"https:\/\/oceansignal.com\/it\/products\/kit-di-sicurezza-epirb1\/","og_locale":"it_IT","og_type":"article","og_title":"Kit di sicurezza EPIRB1","og_description":"Il kit di sicurezza EPIRB 1 \u00e8 un kit pronto all'uso con attrezzatura di emergenza essenziale. Costruito attorno al faro ultracompatto EPIRB1 di Categoria II di Ocean Signal, questo importante kit include anche uno specchio di segnalazione e un fischietto, garantendovi di avere a disposizione l'equipaggiamento di sicurezza pi\u00f9 essenziale.  Perfetto per velisti solitari, crocieristi costieri o per chi \u00e8 dotato del primo kit di sicurezza. Valore totale del kit al prezzo consigliato: \u00a3 625,97. Risparmia \u00a3 95,98 con questo kit!","og_url":"https:\/\/oceansignal.com\/it\/products\/kit-di-sicurezza-epirb1\/","og_site_name":"Ocean Signal","article_modified_time":"2025-08-21T14:03:37+00:00","og_image":[{"width":911,"height":805,"url":"https:\/\/oceansignal.com\/wp-content\/uploads\/2025\/06\/Grab_Bag_EPIRB1_Kit-1.jpg","type":"image\/jpeg"}],"twitter_card":"summary_large_image","twitter_misc":{"Tempo di lettura stimato":"2 minuti"},"schema":{"@context":"https:\/\/schema.org","@graph":[{"@type":"WebPage","@id":"https:\/\/oceansignal.com\/it\/products\/kit-di-sicurezza-epirb1\/","url":"https:\/\/oceansignal.com\/it\/products\/kit-di-sicurezza-epirb1\/","name":"Kit di sicurezza EPIRB1 - Ocean Signal","isPartOf":{"@id":"https:\/\/oceansignal.com\/it\/#website"},"primaryImageOfPage":{"@id":"https:\/\/oceansignal.com\/it\/products\/kit-di-sicurezza-epirb1\/#primaryimage"},"image":{"@id":"https:\/\/oceansignal.com\/it\/products\/kit-di-sicurezza-epirb1\/#primaryimage"},"thumbnailUrl":"https:\/\/oceansignal.com\/wp-content\/uploads\/2025\/06\/Grab_Bag_EPIRB1_Kit-1.jpg","datePublished":"2025-06-17T12:56:37+00:00","dateModified":"2025-08-21T14:03:37+00:00","breadcrumb":{"@id":"https:\/\/oceansignal.com\/it\/products\/kit-di-sicurezza-epirb1\/#breadcrumb"},"inLanguage":"it-IT","potentialAction":[{"@type":"ReadAction","target":["https:\/\/oceansignal.com\/it\/products\/kit-di-sicurezza-epirb1\/"]}]},{"@type":"ImageObject","inLanguage":"it-IT","@id":"https:\/\/oceansignal.com\/it\/products\/kit-di-sicurezza-epirb1\/#primaryimage","url":"https:\/\/oceansignal.com\/wp-content\/uploads\/2025\/06\/Grab_Bag_EPIRB1_Kit-1.jpg","contentUrl":"https:\/\/oceansignal.com\/wp-content\/uploads\/2025\/06\/Grab_Bag_EPIRB1_Kit-1.jpg","width":911,"height":805},{"@type":"BreadcrumbList","@id":"https:\/\/oceansignal.com\/it\/products\/kit-di-sicurezza-epirb1\/#breadcrumb","itemListElement":[{"@type":"ListItem","position":1,"name":"Prodotti","item":"https:\/\/oceansignal.com\/it\/prodotti\/"},{"@type":"ListItem","position":2,"name":"Kit di sicurezza EPIRB1"}]},{"@type":"WebSite","@id":"https:\/\/oceansignal.com\/it\/#website","url":"https:\/\/oceansignal.com\/it\/","name":"Ocean Signal","description":"A leading manufacturer of EPIRBs, AIS, SARTs, Personal Locator Beacons, Man Overboard Beacon for the Marine and Outdoor Markets.","potentialAction":[{"@type":"SearchAction","target":{"@type":"EntryPoint","urlTemplate":"https:\/\/oceansignal.com\/it\/?s={search_term_string}"},"query-input":{"@type":"PropertyValueSpecification","valueRequired":true,"valueName":"search_term_string"}}],"inLanguage":"it-IT"}]}},"_links":{"self":[{"href":"https:\/\/oceansignal.com\/it\/wp-json\/wp\/v2\/product\/31959","targetHints":{"allow":["GET"]}}],"collection":[{"href":"https:\/\/oceansignal.com\/it\/wp-json\/wp\/v2\/product"}],"about":[{"href":"https:\/\/oceansignal.com\/it\/wp-json\/wp\/v2\/types\/product"}],"wp:featuredmedia":[{"embeddable":true,"href":"https:\/\/oceansignal.com\/it\/wp-json\/wp\/v2\/media\/31298"}],"wp:attachment":[{"href":"https:\/\/oceansignal.com\/it\/wp-json\/wp\/v2\/media?parent=31959"}],"wp:term":[{"taxonomy":"product_brand","embeddable":true,"href":"https:\/\/oceansignal.com\/it\/wp-json\/wp\/v2\/product_brand?post=31959"},{"taxonomy":"product_cat","embeddable":true,"href":"https:\/\/oceansignal.com\/it\/wp-json\/wp\/v2\/product_cat?post=31959"},{"taxonomy":"product_tag","embeddable":true,"href":"https:\/\/oceansignal.com\/it\/wp-json\/wp\/v2\/product_tag?post=31959"}],"curies":[{"name":"wp","href":"https:\/\/api.w.org\/{rel}","templated":true}]}}