{"id":38769,"date":"2025-10-23T12:51:41","date_gmt":"2025-10-23T12:51:41","guid":{"rendered":"https:\/\/oceansignal.com\/products\/borsa-stagna-ocean-signal\/"},"modified":"2025-10-23T12:51:41","modified_gmt":"2025-10-23T12:51:41","slug":"borsa-stagna-ocean-signal","status":"publish","type":"product","link":"https:\/\/oceansignal.com\/it\/products\/borsa-stagna-ocean-signal\/","title":{"rendered":"Borsa stagna Ocean Signal"},"content":{"rendered":"<p><strong>Borsa stagna compatta e impermeabile<\/strong><\/p>\n<p data-start=\"201\" data-end=\"599\">Perfetta per paddleboarding, kayak, gite in spiaggia o qualsiasi avventura all&#8217;aria aperta, questa piccola borsa impermeabile mantiene i tuoi oggetti essenziali al sicuro, asciutti e protetti dagli agenti atmosferici. Realizzata con materiali resistenti e impermeabili, \u00e8 dotata di una chiusura a rullo che sigilla l&#8217;ingresso di acqua, sabbia e sporco. Leggera e galleggiante, galleggia anche se cade in acqua, il che la rende ideale per l&#8217;uso su laghi, fiumi o in mare.  <\/p>\n<p data-start=\"601\" data-end=\"838\">Che tu voglia portare con te il telefono, le chiavi, gli snack o un cambio di vestiti, questa sacca impermeabile \u00e8 progettata per offrirti praticit\u00e0 e tranquillit\u00e0. Agganciala alla tua attrezzatura o portala da sola: i tuoi effetti personali rimarranno asciutti, ovunque ti porti il viaggio. <\/p>\n<p data-start=\"840\" data-end=\"857\"><strong data-start=\"840\" data-end=\"857\">Caratteristiche principali:<\/strong><\/p>\n<ul data-start=\"858\" data-end=\"1135\">\n<li data-start=\"858\" data-end=\"913\">\n<p data-start=\"860\" data-end=\"913\">Design impermeabile al 100% con chiusura roll-top sicura<\/p>\n<\/li>\n<li data-start=\"981\" data-end=\"1024\">\n<p data-start=\"983\" data-end=\"1024\">Leggero e compatto per viaggiare facilmente<\/p>\n<\/li>\n<li data-start=\"1025\" data-end=\"1078\">\n<p data-start=\"1027\" data-end=\"1078\">Costruzione durevole realizzata per condizioni esterne<\/p>\n<\/li>\n<li data-start=\"1079\" data-end=\"1135\">\n<p data-start=\"1081\" data-end=\"1135\">Ideale per mantenere asciutti gli oggetti di valore durante qualsiasi avventura<\/p>\n<\/li>\n<li data-start=\"1079\" data-end=\"1135\">Dimensioni: 7,5 x 14,75 (POLLICI)<\/li>\n<\/ul>\n","protected":false},"excerpt":{"rendered":"<p>Mantieni i tuoi oggetti essenziali asciutti e al sicuro con questa borsa stagna compatta e <strong>impermeabile<\/strong> , perfetta per paddleboarding, kayak, gite in spiaggia e tutte le tue avventure all&#8217;aria aperta. Questa soluzione di stoccaggio impermeabile funge anche da borsa galleggiante per l&#8217;attrezzatura, offrendo una protezione leggera senza ingombro. Costruita per resistere a qualsiasi viaggio, \u00e8 una compagna di viaggio durevole su cui puoi contare. Che tu stia andando in acqua o sui sentieri, questo \u00e8 un pezzo essenziale dell&#8217;attrezzatura per le avventure che galleggia per una maggiore tranquillit\u00e0.   <\/p>\n","protected":false},"featured_media":37443,"template":"","meta":{"_acf_changed":false,"om_disable_all_campaigns":false},"product_brand":[],"product_cat":[1793],"product_tag":[1356,1953],"class_list":{"0":"post-38769","1":"product","2":"type-product","3":"status-publish","4":"has-post-thumbnail","6":"product_cat-accessori","7":"product_tag-borsa-da-fosso","8":"product_tag-borsa-stagna","10":"first","11":"outofstock","12":"taxable","13":"shipping-taxable","14":"purchasable","15":"product-type-simple"},"acf":[],"yoast_head":"<!-- This site is optimized with the Yoast SEO Premium plugin v25.2 (Yoast SEO v26.4) - https:\/\/yoast.com\/wordpress\/plugins\/seo\/ -->\n<title>Borsa stagna Ocean Signal - Ocean Signal<\/title>\n<meta name=\"robots\" content=\"index, follow, max-snippet:-1, max-image-preview:large, max-video-preview:-1\" \/>\n<link rel=\"canonical\" href=\"https:\/\/oceansignal.com\/it\/products\/borsa-stagna-ocean-signal\/\" \/>\n<meta property=\"og:locale\" content=\"it_IT\" \/>\n<meta property=\"og:type\" content=\"article\" \/>\n<meta property=\"og:title\" content=\"Borsa stagna Ocean Signal\" \/>\n<meta property=\"og:description\" content=\"Mantieni i tuoi oggetti essenziali asciutti e al sicuro con questa borsa stagna compatta e impermeabile , perfetta per paddleboarding, kayak, gite in spiaggia e tutte le tue avventure all&#039;aria aperta. Questa soluzione di stoccaggio impermeabile funge anche da borsa galleggiante per l&#039;attrezzatura, offrendo una protezione leggera senza ingombro. Costruita per resistere a qualsiasi viaggio, \u00e8 una compagna di viaggio durevole su cui puoi contare. Che tu stia andando in acqua o sui sentieri, questo \u00e8 un pezzo essenziale dell&#039;attrezzatura per le avventure che galleggia per una maggiore tranquillit\u00e0.\" \/>\n<meta property=\"og:url\" content=\"https:\/\/oceansignal.com\/it\/products\/borsa-stagna-ocean-signal\/\" \/>\n<meta property=\"og:site_name\" content=\"Ocean Signal\" \/>\n<meta property=\"og:image\" content=\"https:\/\/oceansignal.com\/wp-content\/uploads\/2025\/10\/Multi-Brand-Dry-Bag-Front-Closed.jpg\" \/>\n\t<meta property=\"og:image:width\" content=\"2000\" \/>\n\t<meta property=\"og:image:height\" content=\"2000\" \/>\n\t<meta property=\"og:image:type\" content=\"image\/jpeg\" \/>\n<meta name=\"twitter:card\" content=\"summary_large_image\" \/>\n<meta name=\"twitter:label1\" content=\"Tempo di lettura stimato\" \/>\n\t<meta name=\"twitter:data1\" content=\"1 minuto\" \/>\n<script type=\"application\/ld+json\" class=\"yoast-schema-graph\">{\"@context\":\"https:\/\/schema.org\",\"@graph\":[{\"@type\":\"WebPage\",\"@id\":\"https:\/\/oceansignal.com\/it\/products\/borsa-stagna-ocean-signal\/\",\"url\":\"https:\/\/oceansignal.com\/it\/products\/borsa-stagna-ocean-signal\/\",\"name\":\"Borsa stagna Ocean Signal - Ocean Signal\",\"isPartOf\":{\"@id\":\"https:\/\/oceansignal.com\/it\/#website\"},\"primaryImageOfPage\":{\"@id\":\"https:\/\/oceansignal.com\/it\/products\/borsa-stagna-ocean-signal\/#primaryimage\"},\"image\":{\"@id\":\"https:\/\/oceansignal.com\/it\/products\/borsa-stagna-ocean-signal\/#primaryimage\"},\"thumbnailUrl\":\"https:\/\/oceansignal.com\/wp-content\/uploads\/2025\/10\/Multi-Brand-Dry-Bag-Front-Closed.jpg\",\"datePublished\":\"2025-10-23T12:51:41+00:00\",\"breadcrumb\":{\"@id\":\"https:\/\/oceansignal.com\/it\/products\/borsa-stagna-ocean-signal\/#breadcrumb\"},\"inLanguage\":\"it-IT\",\"potentialAction\":[{\"@type\":\"ReadAction\",\"target\":[\"https:\/\/oceansignal.com\/it\/products\/borsa-stagna-ocean-signal\/\"]}]},{\"@type\":\"ImageObject\",\"inLanguage\":\"it-IT\",\"@id\":\"https:\/\/oceansignal.com\/it\/products\/borsa-stagna-ocean-signal\/#primaryimage\",\"url\":\"https:\/\/oceansignal.com\/wp-content\/uploads\/2025\/10\/Multi-Brand-Dry-Bag-Front-Closed.jpg\",\"contentUrl\":\"https:\/\/oceansignal.com\/wp-content\/uploads\/2025\/10\/Multi-Brand-Dry-Bag-Front-Closed.jpg\",\"width\":2000,\"height\":2000},{\"@type\":\"BreadcrumbList\",\"@id\":\"https:\/\/oceansignal.com\/it\/products\/borsa-stagna-ocean-signal\/#breadcrumb\",\"itemListElement\":[{\"@type\":\"ListItem\",\"position\":1,\"name\":\"Prodotti\",\"item\":\"https:\/\/oceansignal.com\/it\/prodotti\/\"},{\"@type\":\"ListItem\",\"position\":2,\"name\":\"Borsa stagna Ocean Signal\"}]},{\"@type\":\"WebSite\",\"@id\":\"https:\/\/oceansignal.com\/it\/#website\",\"url\":\"https:\/\/oceansignal.com\/it\/\",\"name\":\"Ocean Signal\",\"description\":\"A leading manufacturer of EPIRBs, AIS, SARTs, Personal Locator Beacons, Man Overboard Beacon for the Marine and Outdoor Markets.\",\"potentialAction\":[{\"@type\":\"SearchAction\",\"target\":{\"@type\":\"EntryPoint\",\"urlTemplate\":\"https:\/\/oceansignal.com\/it\/?s={search_term_string}\"},\"query-input\":{\"@type\":\"PropertyValueSpecification\",\"valueRequired\":true,\"valueName\":\"search_term_string\"}}],\"inLanguage\":\"it-IT\"}]}<\/script>\n<!-- \/ Yoast SEO Premium plugin. -->","yoast_head_json":{"title":"Borsa stagna Ocean Signal - Ocean Signal","robots":{"index":"index","follow":"follow","max-snippet":"max-snippet:-1","max-image-preview":"max-image-preview:large","max-video-preview":"max-video-preview:-1"},"canonical":"https:\/\/oceansignal.com\/it\/products\/borsa-stagna-ocean-signal\/","og_locale":"it_IT","og_type":"article","og_title":"Borsa stagna Ocean Signal","og_description":"Mantieni i tuoi oggetti essenziali asciutti e al sicuro con questa borsa stagna compatta e impermeabile , perfetta per paddleboarding, kayak, gite in spiaggia e tutte le tue avventure all'aria aperta. Questa soluzione di stoccaggio impermeabile funge anche da borsa galleggiante per l'attrezzatura, offrendo una protezione leggera senza ingombro. Costruita per resistere a qualsiasi viaggio, \u00e8 una compagna di viaggio durevole su cui puoi contare. Che tu stia andando in acqua o sui sentieri, questo \u00e8 un pezzo essenziale dell'attrezzatura per le avventure che galleggia per una maggiore tranquillit\u00e0.","og_url":"https:\/\/oceansignal.com\/it\/products\/borsa-stagna-ocean-signal\/","og_site_name":"Ocean Signal","og_image":[{"width":2000,"height":2000,"url":"https:\/\/oceansignal.com\/wp-content\/uploads\/2025\/10\/Multi-Brand-Dry-Bag-Front-Closed.jpg","type":"image\/jpeg"}],"twitter_card":"summary_large_image","twitter_misc":{"Tempo di lettura stimato":"1 minuto"},"schema":{"@context":"https:\/\/schema.org","@graph":[{"@type":"WebPage","@id":"https:\/\/oceansignal.com\/it\/products\/borsa-stagna-ocean-signal\/","url":"https:\/\/oceansignal.com\/it\/products\/borsa-stagna-ocean-signal\/","name":"Borsa stagna Ocean Signal - Ocean Signal","isPartOf":{"@id":"https:\/\/oceansignal.com\/it\/#website"},"primaryImageOfPage":{"@id":"https:\/\/oceansignal.com\/it\/products\/borsa-stagna-ocean-signal\/#primaryimage"},"image":{"@id":"https:\/\/oceansignal.com\/it\/products\/borsa-stagna-ocean-signal\/#primaryimage"},"thumbnailUrl":"https:\/\/oceansignal.com\/wp-content\/uploads\/2025\/10\/Multi-Brand-Dry-Bag-Front-Closed.jpg","datePublished":"2025-10-23T12:51:41+00:00","breadcrumb":{"@id":"https:\/\/oceansignal.com\/it\/products\/borsa-stagna-ocean-signal\/#breadcrumb"},"inLanguage":"it-IT","potentialAction":[{"@type":"ReadAction","target":["https:\/\/oceansignal.com\/it\/products\/borsa-stagna-ocean-signal\/"]}]},{"@type":"ImageObject","inLanguage":"it-IT","@id":"https:\/\/oceansignal.com\/it\/products\/borsa-stagna-ocean-signal\/#primaryimage","url":"https:\/\/oceansignal.com\/wp-content\/uploads\/2025\/10\/Multi-Brand-Dry-Bag-Front-Closed.jpg","contentUrl":"https:\/\/oceansignal.com\/wp-content\/uploads\/2025\/10\/Multi-Brand-Dry-Bag-Front-Closed.jpg","width":2000,"height":2000},{"@type":"BreadcrumbList","@id":"https:\/\/oceansignal.com\/it\/products\/borsa-stagna-ocean-signal\/#breadcrumb","itemListElement":[{"@type":"ListItem","position":1,"name":"Prodotti","item":"https:\/\/oceansignal.com\/it\/prodotti\/"},{"@type":"ListItem","position":2,"name":"Borsa stagna Ocean Signal"}]},{"@type":"WebSite","@id":"https:\/\/oceansignal.com\/it\/#website","url":"https:\/\/oceansignal.com\/it\/","name":"Ocean Signal","description":"A leading manufacturer of EPIRBs, AIS, SARTs, Personal Locator Beacons, Man Overboard Beacon for the Marine and Outdoor Markets.","potentialAction":[{"@type":"SearchAction","target":{"@type":"EntryPoint","urlTemplate":"https:\/\/oceansignal.com\/it\/?s={search_term_string}"},"query-input":{"@type":"PropertyValueSpecification","valueRequired":true,"valueName":"search_term_string"}}],"inLanguage":"it-IT"}]}},"_links":{"self":[{"href":"https:\/\/oceansignal.com\/it\/wp-json\/wp\/v2\/product\/38769","targetHints":{"allow":["GET"]}}],"collection":[{"href":"https:\/\/oceansignal.com\/it\/wp-json\/wp\/v2\/product"}],"about":[{"href":"https:\/\/oceansignal.com\/it\/wp-json\/wp\/v2\/types\/product"}],"wp:featuredmedia":[{"embeddable":true,"href":"https:\/\/oceansignal.com\/it\/wp-json\/wp\/v2\/media\/37443"}],"wp:attachment":[{"href":"https:\/\/oceansignal.com\/it\/wp-json\/wp\/v2\/media?parent=38769"}],"wp:term":[{"taxonomy":"product_brand","embeddable":true,"href":"https:\/\/oceansignal.com\/it\/wp-json\/wp\/v2\/product_brand?post=38769"},{"taxonomy":"product_cat","embeddable":true,"href":"https:\/\/oceansignal.com\/it\/wp-json\/wp\/v2\/product_cat?post=38769"},{"taxonomy":"product_tag","embeddable":true,"href":"https:\/\/oceansignal.com\/it\/wp-json\/wp\/v2\/product_tag?post=38769"}],"curies":[{"name":"wp","href":"https:\/\/api.w.org\/{rel}","templated":true}]}}