{"id":6546,"date":"2024-03-15T17:33:28","date_gmt":"2024-03-15T17:33:28","guid":{"rendered":"https:\/\/oceansignal.com\/products\/ocean-signal-hr1e-unita-di-rilascio-idrostatico-di-ricambio\/"},"modified":"2025-07-08T09:35:51","modified_gmt":"2025-07-08T09:35:51","slug":"ocean-signal-hr1e-unita-di-rilascio-idrostatico-di-ricambio","status":"publish","type":"product","link":"https:\/\/oceansignal.com\/it\/products\/ocean-signal-hr1e-unita-di-rilascio-idrostatico-di-ricambio\/","title":{"rendered":"Ocean Signal HR1E Replacement Hydrostatic Release Unit"},"content":{"rendered":"<p id=\"title\" class=\"a-size-large a-spacing-none\"><span id=\"productTitle\" class=\"a-size-large product-title-word-break\">Staffe di Ocean Signal HR1E Replacement Hydrostatic Release Unit per EPIRB senza galleggiante<\/span> .<\/p>\n<p class=\"a-size-large a-spacing-none\">Progettato per rilasciare automaticamente un radiofaro di segnalazione di emergenza Ocean Signal ( EPIRB ) dalla sua staffa di montaggio Float Free (Categoria 1) quando viene immerso in acqua, questo dispositivo garantisce la rapida attivazione dei segnali di soccorso in situazioni di emergenza.<\/p>\n<p>Ecco come funziona: l&#8217;HR1E \u00e8 dotato di un meccanismo idrostatico che risponde alla pressione dell&#8217;acqua. Quando viene immerso a una certa profondit\u00e0, in genere da 1,5 a 4 metri, la pressione idrostatica attiva il meccanismo di rilascio, consentendo EPIRB di galleggiare libero dalla sua staffa di montaggio. Una volta rilasciato, l&#8217; EPIRB inizia a trasmettere il suo segnale di soccorso, che viene captato dalle autorit\u00e0 di ricerca e soccorso vicine, consentendo loro di localizzare e assistere rapidamente chi \u00e8 nel bisogno.  <\/p>\n<p>L&#8217;HR1E \u00e8 progettato con precisione e affidabilit\u00e0 e prodotto nel Regno Unito, assicurando che funzioni efficacemente anche nelle condizioni marittime pi\u00f9 difficili. Attivando automaticamente l&#8217; EPIRB all&#8217;immersione, l&#8217;HR1E aumenta significativamente le possibilit\u00e0 di una risposta rapida alle situazioni di pericolo, salvando in definitiva vite in mare. <\/p>\n<p>Per le staffe flottanti di categoria 1 \u00e8 richiesta la sostituzione dell&#8217;unit\u00e0 di rilascio idrostatico <strong>ogni 2 anni.<\/strong><\/p>\n<ul class=\"a-unordered-list a-vertical a-spacing-mini\">\n<li class=\"a-spacing-mini\"><span class=\"a-list-item\">Sostituzione diretta per tutti gli alloggiamenti di sgancio automatico <a href=\"https:\/\/www.cospas-sarsat.int\/en\/\">EPIRB<\/a> Ocean Signal (staffe senza galleggiante di categoria 1)<\/span><\/li>\n<li class=\"a-spacing-mini\"><span class=\"a-list-item\">Include HRU HR1E, istruzioni e hardware di ricambio<\/span><\/li>\n<li class=\"a-spacing-mini\"><span class=\"a-list-item\">Orgogliosamente progettato e prodotto nel Regno Unito<\/span><\/li>\n<li class=\"a-spacing-mini\"><span class=\"a-list-item\">L&#8217;installazione \u00e8 facile e veloce<\/span><\/li>\n<\/ul>\n<p>Compatibile con i seguenti EPIRB Float Free di categoria 1<\/p>\n<ul>\n<li><a href=\"https:\/\/oceansignal.com\/it\/products\/e100-e100g\/\">E100 di SafeSea<\/a><\/li>\n<li><a href=\"https:\/\/oceansignal.com\/it\/products\/e100-e100g\/\">SafeSea E100G<\/a><\/li>\n<li><a href=\"https:\/\/oceansignal.com\/it\/products\/rescueme-epirb1-pro\/\">rescueME EPIRB1 Pro (precedentemente denominato SafeSea EPIRB1 Pro )<\/a><\/li>\n<li><a href=\"https:\/\/oceansignal.com\/it\/products\/rescueme-epirb2-pro\/\">rescueME EPIRB2 Pro<\/a><\/li>\n<li><a href=\"https:\/\/oceansignal.com\/it\/products\/safesea-epirb3-pro\/\">SafeSea EPIRB3 Pro<\/a><\/li>\n<li><a href=\"https:\/\/oceansignal.com\/it\/products\/e101v\/\">Dispositivo VDR SafeSea E101V<\/a><\/li>\n<\/ul>\n","protected":false},"excerpt":{"rendered":"<p>Ecco l&#8217;unit\u00e0 di rilascio idrostatico SafeSea HR1E per EPIRB Ocean Signal : la tua indispensabile protezione per le emergenze marittime. Progettato per rilasciare automaticamente un radiofaro di segnalazione della posizione di emergenza ( EPIRB ) dalla sua staffa di montaggio in caso di immersione in acqua, questo dispositivo assicura una rapida attivazione dei segnali di soccorso quando ogni secondo conta. Progettato con precisione e affidabilit\u00e0, l&#8217;HR1E offre tranquillit\u00e0 a marinai e marinai, aumentando le possibilit\u00e0 di una risposta rapida in situazioni critiche. Non scendere a compromessi sulla sicurezza: equipaggia la tua imbarcazione con l&#8217;unit\u00e0 di rilascio idrostatico SafeSea HR1E per EPIRB Ocean Signal e naviga in tutta sicurezza, sapendo che l&#8217;aiuto \u00e8 a portata di segnale quando ne hai pi\u00f9 bisogno.   <\/p>\n<p><a href=\"https:\/\/www.dropbox.com\/s\/fk04stqsp2hgk5f\/Prop%2065%20-%20DEHP.pdf?dl=0\">ATTENZIONE: PROP 65<\/a><\/p>\n","protected":false},"featured_media":22880,"template":"","meta":{"_acf_changed":false,"om_disable_all_campaigns":false},"product_brand":[],"product_cat":[729,333],"product_tag":[],"class_list":{"0":"post-6546","1":"product","2":"type-product","3":"status-publish","4":"has-post-thumbnail","6":"product_cat-epirb-it","7":"product_cat-safesea-it","9":"first","10":"instock","11":"taxable","12":"shipping-taxable","13":"purchasable","14":"product-type-simple"},"acf":[],"yoast_head":"<!-- This site is optimized with the Yoast SEO Premium plugin v25.2 (Yoast SEO v26.4) - https:\/\/yoast.com\/wordpress\/plugins\/seo\/ -->\n<title>Ocean Signal HR1E Replacement Hydrostatic Release Unit - Ocean Signal<\/title>\n<meta name=\"description\" content=\"Unit\u00e0 di rilascio idrostatico sostitutiva Ocean Signal SafeSea HR1E o HRU per EPIRB SafeSea e rescueME . Acquista oggi stesso la tua HRU sostitutiva EPIRB .\" \/>\n<meta name=\"robots\" content=\"index, follow, max-snippet:-1, max-image-preview:large, max-video-preview:-1\" \/>\n<link rel=\"canonical\" href=\"https:\/\/oceansignal.com\/it\/products\/ocean-signal-hr1e-unita-di-rilascio-idrostatico-di-ricambio\/\" \/>\n<meta property=\"og:locale\" content=\"it_IT\" \/>\n<meta property=\"og:type\" content=\"article\" \/>\n<meta property=\"og:title\" content=\"Ocean Signal HR1E Replacement Hydrostatic Release Unit\" \/>\n<meta property=\"og:description\" content=\"Unit\u00e0 di rilascio idrostatico sostitutiva Ocean Signal SafeSea HR1E o HRU per EPIRB SafeSea e rescueME . Acquista oggi stesso la tua HRU sostitutiva EPIRB .\" \/>\n<meta property=\"og:url\" content=\"https:\/\/oceansignal.com\/it\/products\/ocean-signal-hr1e-unita-di-rilascio-idrostatico-di-ricambio\/\" \/>\n<meta property=\"og:site_name\" content=\"Ocean Signal\" \/>\n<meta property=\"article:modified_time\" content=\"2025-07-08T09:35:51+00:00\" \/>\n<meta property=\"og:image\" content=\"https:\/\/oceansignal.com\/wp-content\/uploads\/2024\/03\/HR1E_Front-1024x1024.png\" \/>\n\t<meta property=\"og:image:width\" content=\"1024\" \/>\n\t<meta property=\"og:image:height\" content=\"1024\" \/>\n\t<meta property=\"og:image:type\" content=\"image\/png\" \/>\n<meta name=\"twitter:card\" content=\"summary_large_image\" \/>\n<meta name=\"twitter:label1\" content=\"Tempo di lettura stimato\" \/>\n\t<meta name=\"twitter:data1\" content=\"1 minuto\" \/>\n<script type=\"application\/ld+json\" class=\"yoast-schema-graph\">{\"@context\":\"https:\/\/schema.org\",\"@graph\":[{\"@type\":\"WebPage\",\"@id\":\"https:\/\/oceansignal.com\/it\/products\/ocean-signal-hr1e-unita-di-rilascio-idrostatico-di-ricambio\/\",\"url\":\"https:\/\/oceansignal.com\/it\/products\/ocean-signal-hr1e-unita-di-rilascio-idrostatico-di-ricambio\/\",\"name\":\"Ocean Signal HR1E Replacement Hydrostatic Release Unit - Ocean Signal\",\"isPartOf\":{\"@id\":\"https:\/\/oceansignal.com\/it\/#website\"},\"primaryImageOfPage\":{\"@id\":\"https:\/\/oceansignal.com\/it\/products\/ocean-signal-hr1e-unita-di-rilascio-idrostatico-di-ricambio\/#primaryimage\"},\"image\":{\"@id\":\"https:\/\/oceansignal.com\/it\/products\/ocean-signal-hr1e-unita-di-rilascio-idrostatico-di-ricambio\/#primaryimage\"},\"thumbnailUrl\":\"https:\/\/oceansignal.com\/wp-content\/uploads\/2024\/03\/HR1E_Front.png\",\"datePublished\":\"2024-03-15T17:33:28+00:00\",\"dateModified\":\"2025-07-08T09:35:51+00:00\",\"description\":\"Unit\u00e0 di rilascio idrostatico sostitutiva Ocean Signal SafeSea HR1E o HRU per EPIRB SafeSea e rescueME . Acquista oggi stesso la tua HRU sostitutiva EPIRB .\",\"breadcrumb\":{\"@id\":\"https:\/\/oceansignal.com\/it\/products\/ocean-signal-hr1e-unita-di-rilascio-idrostatico-di-ricambio\/#breadcrumb\"},\"inLanguage\":\"it-IT\",\"potentialAction\":[{\"@type\":\"ReadAction\",\"target\":[\"https:\/\/oceansignal.com\/it\/products\/ocean-signal-hr1e-unita-di-rilascio-idrostatico-di-ricambio\/\"]}]},{\"@type\":\"ImageObject\",\"inLanguage\":\"it-IT\",\"@id\":\"https:\/\/oceansignal.com\/it\/products\/ocean-signal-hr1e-unita-di-rilascio-idrostatico-di-ricambio\/#primaryimage\",\"url\":\"https:\/\/oceansignal.com\/wp-content\/uploads\/2024\/03\/HR1E_Front.png\",\"contentUrl\":\"https:\/\/oceansignal.com\/wp-content\/uploads\/2024\/03\/HR1E_Front.png\",\"width\":2147,\"height\":2147,\"caption\":\"Ocean Signal SafeSea HR1E Unit\u00e0 di rilascio idrostatico - equipaggiamento di sicurezza marittima essenziale per l'attivazione automatica delle zattere di salvataggio\"},{\"@type\":\"BreadcrumbList\",\"@id\":\"https:\/\/oceansignal.com\/it\/products\/ocean-signal-hr1e-unita-di-rilascio-idrostatico-di-ricambio\/#breadcrumb\",\"itemListElement\":[{\"@type\":\"ListItem\",\"position\":1,\"name\":\"Prodotti\",\"item\":\"https:\/\/oceansignal.com\/it\/prodotti\/\"},{\"@type\":\"ListItem\",\"position\":2,\"name\":\"Ocean Signal HR1E Replacement Hydrostatic Release Unit\"}]},{\"@type\":\"WebSite\",\"@id\":\"https:\/\/oceansignal.com\/it\/#website\",\"url\":\"https:\/\/oceansignal.com\/it\/\",\"name\":\"Ocean Signal\",\"description\":\"A leading manufacturer of EPIRBs, AIS, SARTs, Personal Locator Beacons, Man Overboard Beacon for the Marine and Outdoor Markets.\",\"potentialAction\":[{\"@type\":\"SearchAction\",\"target\":{\"@type\":\"EntryPoint\",\"urlTemplate\":\"https:\/\/oceansignal.com\/it\/?s={search_term_string}\"},\"query-input\":{\"@type\":\"PropertyValueSpecification\",\"valueRequired\":true,\"valueName\":\"search_term_string\"}}],\"inLanguage\":\"it-IT\"}]}<\/script>\n<!-- \/ Yoast SEO Premium plugin. -->","yoast_head_json":{"title":"Ocean Signal HR1E Replacement Hydrostatic Release Unit - Ocean Signal","description":"Unit\u00e0 di rilascio idrostatico sostitutiva Ocean Signal SafeSea HR1E o HRU per EPIRB SafeSea e rescueME . Acquista oggi stesso la tua HRU sostitutiva EPIRB .","robots":{"index":"index","follow":"follow","max-snippet":"max-snippet:-1","max-image-preview":"max-image-preview:large","max-video-preview":"max-video-preview:-1"},"canonical":"https:\/\/oceansignal.com\/it\/products\/ocean-signal-hr1e-unita-di-rilascio-idrostatico-di-ricambio\/","og_locale":"it_IT","og_type":"article","og_title":"Ocean Signal HR1E Replacement Hydrostatic Release Unit","og_description":"Unit\u00e0 di rilascio idrostatico sostitutiva Ocean Signal SafeSea HR1E o HRU per EPIRB SafeSea e rescueME . Acquista oggi stesso la tua HRU sostitutiva EPIRB .","og_url":"https:\/\/oceansignal.com\/it\/products\/ocean-signal-hr1e-unita-di-rilascio-idrostatico-di-ricambio\/","og_site_name":"Ocean Signal","article_modified_time":"2025-07-08T09:35:51+00:00","og_image":[{"width":1024,"height":1024,"url":"https:\/\/oceansignal.com\/wp-content\/uploads\/2024\/03\/HR1E_Front-1024x1024.png","type":"image\/png"}],"twitter_card":"summary_large_image","twitter_misc":{"Tempo di lettura stimato":"1 minuto"},"schema":{"@context":"https:\/\/schema.org","@graph":[{"@type":"WebPage","@id":"https:\/\/oceansignal.com\/it\/products\/ocean-signal-hr1e-unita-di-rilascio-idrostatico-di-ricambio\/","url":"https:\/\/oceansignal.com\/it\/products\/ocean-signal-hr1e-unita-di-rilascio-idrostatico-di-ricambio\/","name":"Ocean Signal HR1E Replacement Hydrostatic Release Unit - Ocean Signal","isPartOf":{"@id":"https:\/\/oceansignal.com\/it\/#website"},"primaryImageOfPage":{"@id":"https:\/\/oceansignal.com\/it\/products\/ocean-signal-hr1e-unita-di-rilascio-idrostatico-di-ricambio\/#primaryimage"},"image":{"@id":"https:\/\/oceansignal.com\/it\/products\/ocean-signal-hr1e-unita-di-rilascio-idrostatico-di-ricambio\/#primaryimage"},"thumbnailUrl":"https:\/\/oceansignal.com\/wp-content\/uploads\/2024\/03\/HR1E_Front.png","datePublished":"2024-03-15T17:33:28+00:00","dateModified":"2025-07-08T09:35:51+00:00","description":"Unit\u00e0 di rilascio idrostatico sostitutiva Ocean Signal SafeSea HR1E o HRU per EPIRB SafeSea e rescueME . Acquista oggi stesso la tua HRU sostitutiva EPIRB .","breadcrumb":{"@id":"https:\/\/oceansignal.com\/it\/products\/ocean-signal-hr1e-unita-di-rilascio-idrostatico-di-ricambio\/#breadcrumb"},"inLanguage":"it-IT","potentialAction":[{"@type":"ReadAction","target":["https:\/\/oceansignal.com\/it\/products\/ocean-signal-hr1e-unita-di-rilascio-idrostatico-di-ricambio\/"]}]},{"@type":"ImageObject","inLanguage":"it-IT","@id":"https:\/\/oceansignal.com\/it\/products\/ocean-signal-hr1e-unita-di-rilascio-idrostatico-di-ricambio\/#primaryimage","url":"https:\/\/oceansignal.com\/wp-content\/uploads\/2024\/03\/HR1E_Front.png","contentUrl":"https:\/\/oceansignal.com\/wp-content\/uploads\/2024\/03\/HR1E_Front.png","width":2147,"height":2147,"caption":"Ocean Signal SafeSea HR1E Unit\u00e0 di rilascio idrostatico - equipaggiamento di sicurezza marittima essenziale per l'attivazione automatica delle zattere di salvataggio"},{"@type":"BreadcrumbList","@id":"https:\/\/oceansignal.com\/it\/products\/ocean-signal-hr1e-unita-di-rilascio-idrostatico-di-ricambio\/#breadcrumb","itemListElement":[{"@type":"ListItem","position":1,"name":"Prodotti","item":"https:\/\/oceansignal.com\/it\/prodotti\/"},{"@type":"ListItem","position":2,"name":"Ocean Signal HR1E Replacement Hydrostatic Release Unit"}]},{"@type":"WebSite","@id":"https:\/\/oceansignal.com\/it\/#website","url":"https:\/\/oceansignal.com\/it\/","name":"Ocean Signal","description":"A leading manufacturer of EPIRBs, AIS, SARTs, Personal Locator Beacons, Man Overboard Beacon for the Marine and Outdoor Markets.","potentialAction":[{"@type":"SearchAction","target":{"@type":"EntryPoint","urlTemplate":"https:\/\/oceansignal.com\/it\/?s={search_term_string}"},"query-input":{"@type":"PropertyValueSpecification","valueRequired":true,"valueName":"search_term_string"}}],"inLanguage":"it-IT"}]}},"_links":{"self":[{"href":"https:\/\/oceansignal.com\/it\/wp-json\/wp\/v2\/product\/6546","targetHints":{"allow":["GET"]}}],"collection":[{"href":"https:\/\/oceansignal.com\/it\/wp-json\/wp\/v2\/product"}],"about":[{"href":"https:\/\/oceansignal.com\/it\/wp-json\/wp\/v2\/types\/product"}],"wp:featuredmedia":[{"embeddable":true,"href":"https:\/\/oceansignal.com\/it\/wp-json\/wp\/v2\/media\/22880"}],"wp:attachment":[{"href":"https:\/\/oceansignal.com\/it\/wp-json\/wp\/v2\/media?parent=6546"}],"wp:term":[{"taxonomy":"product_brand","embeddable":true,"href":"https:\/\/oceansignal.com\/it\/wp-json\/wp\/v2\/product_brand?post=6546"},{"taxonomy":"product_cat","embeddable":true,"href":"https:\/\/oceansignal.com\/it\/wp-json\/wp\/v2\/product_cat?post=6546"},{"taxonomy":"product_tag","embeddable":true,"href":"https:\/\/oceansignal.com\/it\/wp-json\/wp\/v2\/product_tag?post=6546"}],"curies":[{"name":"wp","href":"https:\/\/api.w.org\/{rel}","templated":true}]}}