{"id":7038,"date":"2023-09-08T12:03:59","date_gmt":"2023-09-08T12:03:59","guid":{"rendered":"https:\/\/oceansignal.com\/products\/ricetrasmettitore-ais-atb1-classe-b-ais\/"},"modified":"2025-09-23T15:43:09","modified_gmt":"2025-09-23T15:43:09","slug":"ricetrasmettitore-ais-atb1-classe-b-ais","status":"publish","type":"product","link":"https:\/\/oceansignal.com\/it\/products\/ricetrasmettitore-ais-atb1-classe-b-ais\/","title":{"rendered":"Ricetrasmettitore AIS ATB1 Classe B+ AIS"},"content":{"rendered":"<p><strong><span class=\"fontstyle0\">L&#8217;ATB1 deve essere configurato dall&#8217;utente per inserire il numero MMSI dell&#8217;imbarcazione e altri dettagli.<\/span><\/strong><br \/>\n<strong><span class=\"fontstyle0\">Questa operazione pu\u00f2 essere eseguita tramite un&#8217;app mobile o un programma basato sul Web. Selezionare il collegamento Programmazione prodotto sotto il nome del prodotto per iniziare la configurazione.<br \/>\n<\/span><\/strong><\/p>\n<p>&nbsp;<\/p>\n<ul>\n<li>Schede informative AIS: <a href=\"http:\/\/oceansignal.com\/wp-content\/uploads\/2023\/09\/AIS_Message_Structure.pdf\" target=\"_blank\" rel=\"noopener\">Struttura dei messaggi AIS<\/a>, <a href=\"http:\/\/oceansignal.com\/wp-content\/uploads\/2023\/09\/AIS_Multiplexing.pdf\" target=\"_blank\" rel=\"noopener\">Multiplexing AIS<\/a>, <a href=\"http:\/\/oceansignal.com\/wp-content\/uploads\/2023\/09\/AIS_with_LRM_Explained.pdf\" target=\"_blank\" rel=\"noopener\">AIS con LRM Spiegazione<\/a><\/li>\n<\/ul>\n<p>&nbsp;<\/p>\n<p><span class=\"fontstyle0\">Le informazioni sulla tua imbarcazione, come posizione, velocit\u00e0, rotta e direzione, vengono accertate automaticamente e costantemente utilizzando l&#8217;impressionante ricevitore multi-GPS interno per un posizionamento globale accurato<\/span> . Con 99 canali di acquisizione e 33 canali di tracciamento, questa tecnologia avanzata assicura che le trasmissioni AIS forniscano l&#8217;indicazione pi\u00f9 accurata della posizione della tua imbarcazione in ogni momento. <\/p>\n<p>&nbsp;<\/p>\n<p><span class=\"fontstyle0\">Altre informazioni sulla nave, come il nome della nave, il nominativo di chiamata, il tipo e le dimensioni, nonch\u00e9 l&#8217;MMSI, vengono trasmesse automaticamente dall&#8217;ATB1. Queste informazioni vengono caricate sull&#8217;ATB1 tramite WiFi direttamente dall&#8217;app mobile intuitiva o dal sito Web di Ocean Signal . Una volta caricate, queste informazioni rimangono archiviate nella memoria non volatile dell&#8217;unit\u00e0 anche se spenta per lunghi periodi di tempo.  <\/span><\/p>\n<p>&nbsp;<\/p>\n<p><span class=\"fontstyle0\">L&#8217;ATB1 riceve e interpreta anche i messaggi AIS provenienti da altre imbarcazioni dotate di AIS nel raggio d&#8217;azione, che possono quindi essere inoltrati facilmente ad altri dispositivi di navigazione come plotter cartografici, laptop o cellulari utilizzando le uscite NMEA 0183, NMEA 2000<\/span><span class=\"fontstyle0\">\u00ae<\/span><span class=\"fontstyle0\">, USB o WiFi<\/span> dell&#8217;ATB1.<\/p>\n<p>&nbsp;<\/p>\n<p><span class=\"fontstyle0\">L&#8217;utilizzo dello schema di accesso SOTDMA* superiore distingue l&#8217;ATB1 dai prodotti CSTDMA** di classe B disponibili. Questa unit\u00e0 Ocean Signal di classe B+ ha la stessa priorit\u00e0 di trasmissione AIS di un&#8217;unit\u00e0 di classe A, offrendo l&#8217;ulteriore garanzia che non ci saranno perdite o ritardi di trasmissione, anche in aree ad alto traffico. <\/span><\/p>\n<p>&nbsp;<\/p>\n<p><span class=\"fontstyle0\">L&#8217;ATB1 ha anche una velocit\u00e0 di segnalazione pi\u00f9 elevata e una potenza di uscita pi\u00f9 elevata rispetto alle unit\u00e0 CSTDMA di classe B.  <\/span><span class=\"fontstyle0\">Invia trasmissioni AIS ogni 5 secondi invece del massimo di due trasmissioni al minuto e la potenza di uscita di 5 W invece di 2 W consente alle trasmissioni di raggiungere pi\u00f9 lontano.<\/span><\/p>\n<p>&nbsp;<\/p>\n<p><span class=\"fontstyle0\">Una spia LED multicolore sull&#8217;ATB1 segnala lo stato operativo in corso dell&#8217;unit\u00e0. Questa funzione di sicurezza aggiuntiva ti d\u00e0 la certezza di sapere che l&#8217;ATB1 ha una trasmissione AIS continua e prestazioni ottimali. L&#8217;ATB1 ha un design impermeabile elegante ma robusto, con elevate prestazioni e basso consumo energetico.    <\/span><\/p>\n<p>&nbsp;<\/p>\n<p><span class=\"fontstyle0\">\u00c8 veloce e semplice da installare e viene fornito completo di<\/span> <span class=\"fontstyle0\">antenna GPS esterna, il che significa che tutto ci\u00f2 di cui hai bisogno \u00e8 un dispositivo idoneo (telefono cellulare, tablet o PC) per caricare le informazioni della tua imbarcazione e potrai iniziare a<\/span> <span class=\"fontstyle0\">trasmettere i tuoi messaggi AIS in pochi minuti.<\/span><\/p>\n<p>&nbsp;<\/p>\n<p><span class=\"fontstyle0\">Leader nei prodotti salvavita marittimi per il mercato professionale e del tempo libero, Ocean Signal offre ancora una volta il massimo in termini di sicurezza e tranquillit\u00e0 con il ricetrasmettitore ATB1 Classe B.<\/span><\/p>\n<p>&nbsp;<\/p>\n<p><em><span class=\"fontstyle0\">* Accesso multiplo alla divisione del tempo auto-organizzata<br \/>\n ** Accesso multiplo a divisione di tempo del senso del vettore<\/span><\/em><\/p>\n<p>&nbsp;<\/p>\n<p>Per gli aggiornamenti del firmware ATB1 e la cronologia delle revisioni, consultare <strong><a href=\"http:\/\/oceansignal.com\/support\/product-programming\/atb1-class-b-ais-transceiver-programming\/software-updates\/\">questa pagina<\/a><\/strong> .<\/p>\n","protected":false},"excerpt":{"rendered":"<p><span class=\"fontstyle0\">Il ricetrasmettitore AIS Ocean Signal <span class=\"fontstyle2\">ATB1<\/span> Classe B+, che incorpora lo schema di accesso <span class=\"fontstyle2\">SOTDMA<\/span> avanzato, garantisce maggiore visibilit\u00e0 e sicurezza in mare.<\/span><\/p>\n<p> <span class=\"fontstyle0\">Il trasmettitore\/ricevitore AIS ATB1 Classe B+ (SOTDMA) completamente conforme di Ocean Signal \u00e8 l&#8217;ultimo di una lunga serie di apparecchiature essenziali per la sicurezza in mare, sviluppate e prodotte nel Regno Unito per il<\/span> mercato marittimo.<\/p>\n<p> <span class=\"fontstyle0\">Progettato come ausilio per evitare collisioni, offre un vantaggio significativo in termini di sicurezza della navigazione, dandoti la tranquillit\u00e0 che la tua imbarcazione sar\u00e0 visibile giorno e notte, indipendentemente dalle condizioni meteorologiche, sulle trafficate vie d&#8217;acqua odierne.<\/span><\/p>\n","protected":false},"featured_media":20892,"template":"","meta":{"_acf_changed":false,"om_disable_all_campaigns":false},"product_brand":[],"product_cat":[354],"product_tag":[],"class_list":{"0":"post-7038","1":"product","2":"type-product","3":"status-publish","4":"has-post-thumbnail","6":"product_cat-interrotto","8":"first","9":"outofstock","10":"taxable","11":"shipping-taxable","12":"product-type-simple"},"acf":[],"yoast_head":"<!-- This site is optimized with the Yoast SEO Premium plugin v25.2 (Yoast SEO v26.4) - https:\/\/yoast.com\/wordpress\/plugins\/seo\/ -->\n<title>Ricetrasmettitore AIS ATB1 Classe B+ AIS - Ocean Signal<\/title>\n<meta name=\"robots\" content=\"index, follow, max-snippet:-1, max-image-preview:large, max-video-preview:-1\" \/>\n<link rel=\"canonical\" href=\"https:\/\/oceansignal.com\/it\/products\/ricetrasmettitore-ais-atb1-classe-b-ais\/\" \/>\n<meta property=\"og:locale\" content=\"it_IT\" \/>\n<meta property=\"og:type\" content=\"article\" \/>\n<meta property=\"og:title\" content=\"Ricetrasmettitore AIS ATB1 Classe B+ AIS\" \/>\n<meta property=\"og:description\" content=\"Il ricetrasmettitore AIS Ocean Signal ATB1 Classe B+, che incorpora lo schema di accesso SOTDMA avanzato, garantisce maggiore visibilit\u00e0 e sicurezza in mare.  Il trasmettitore\/ricevitore AIS ATB1 Classe B+ (SOTDMA) completamente conforme di Ocean Signal \u00e8 l&#039;ultimo di una lunga serie di apparecchiature essenziali per la sicurezza in mare, sviluppate e prodotte nel Regno Unito per il mercato marittimo.  Progettato come ausilio per evitare collisioni, offre un vantaggio significativo in termini di sicurezza della navigazione, dandoti la tranquillit\u00e0 che la tua imbarcazione sar\u00e0 visibile giorno e notte, indipendentemente dalle condizioni meteorologiche, sulle trafficate vie d&#039;acqua odierne.\" \/>\n<meta property=\"og:url\" content=\"https:\/\/oceansignal.com\/it\/products\/ricetrasmettitore-ais-atb1-classe-b-ais\/\" \/>\n<meta property=\"og:site_name\" content=\"Ocean Signal\" \/>\n<meta property=\"article:modified_time\" content=\"2025-09-23T15:43:09+00:00\" \/>\n<meta property=\"og:image\" content=\"https:\/\/oceansignal.com\/wp-content\/uploads\/2023\/09\/OSL-ATB1-Bundle-360_600x600-1.gif\" \/>\n\t<meta property=\"og:image:width\" content=\"600\" \/>\n\t<meta property=\"og:image:height\" content=\"600\" \/>\n\t<meta property=\"og:image:type\" content=\"image\/gif\" \/>\n<meta name=\"twitter:card\" content=\"summary_large_image\" \/>\n<meta name=\"twitter:label1\" content=\"Tempo di lettura stimato\" \/>\n\t<meta name=\"twitter:data1\" content=\"2 minuti\" \/>\n<script type=\"application\/ld+json\" class=\"yoast-schema-graph\">{\"@context\":\"https:\/\/schema.org\",\"@graph\":[{\"@type\":\"WebPage\",\"@id\":\"https:\/\/oceansignal.com\/it\/products\/ricetrasmettitore-ais-atb1-classe-b-ais\/\",\"url\":\"https:\/\/oceansignal.com\/it\/products\/ricetrasmettitore-ais-atb1-classe-b-ais\/\",\"name\":\"Ricetrasmettitore AIS ATB1 Classe B+ AIS - Ocean Signal\",\"isPartOf\":{\"@id\":\"https:\/\/oceansignal.com\/it\/#website\"},\"primaryImageOfPage\":{\"@id\":\"https:\/\/oceansignal.com\/it\/products\/ricetrasmettitore-ais-atb1-classe-b-ais\/#primaryimage\"},\"image\":{\"@id\":\"https:\/\/oceansignal.com\/it\/products\/ricetrasmettitore-ais-atb1-classe-b-ais\/#primaryimage\"},\"thumbnailUrl\":\"https:\/\/oceansignal.com\/wp-content\/uploads\/2023\/09\/OSL-ATB1-Bundle-360_600x600-1.gif\",\"datePublished\":\"2023-09-08T12:03:59+00:00\",\"dateModified\":\"2025-09-23T15:43:09+00:00\",\"breadcrumb\":{\"@id\":\"https:\/\/oceansignal.com\/it\/products\/ricetrasmettitore-ais-atb1-classe-b-ais\/#breadcrumb\"},\"inLanguage\":\"it-IT\",\"potentialAction\":[{\"@type\":\"ReadAction\",\"target\":[\"https:\/\/oceansignal.com\/it\/products\/ricetrasmettitore-ais-atb1-classe-b-ais\/\"]}]},{\"@type\":\"ImageObject\",\"inLanguage\":\"it-IT\",\"@id\":\"https:\/\/oceansignal.com\/it\/products\/ricetrasmettitore-ais-atb1-classe-b-ais\/#primaryimage\",\"url\":\"https:\/\/oceansignal.com\/wp-content\/uploads\/2023\/09\/OSL-ATB1-Bundle-360_600x600-1.gif\",\"contentUrl\":\"https:\/\/oceansignal.com\/wp-content\/uploads\/2023\/09\/OSL-ATB1-Bundle-360_600x600-1.gif\",\"width\":600,\"height\":600},{\"@type\":\"BreadcrumbList\",\"@id\":\"https:\/\/oceansignal.com\/it\/products\/ricetrasmettitore-ais-atb1-classe-b-ais\/#breadcrumb\",\"itemListElement\":[{\"@type\":\"ListItem\",\"position\":1,\"name\":\"Prodotti\",\"item\":\"https:\/\/oceansignal.com\/it\/prodotti\/\"},{\"@type\":\"ListItem\",\"position\":2,\"name\":\"Ricetrasmettitore AIS ATB1 Classe B+ AIS\"}]},{\"@type\":\"WebSite\",\"@id\":\"https:\/\/oceansignal.com\/it\/#website\",\"url\":\"https:\/\/oceansignal.com\/it\/\",\"name\":\"Ocean Signal\",\"description\":\"A leading manufacturer of EPIRBs, AIS, SARTs, Personal Locator Beacons, Man Overboard Beacon for the Marine and Outdoor Markets.\",\"potentialAction\":[{\"@type\":\"SearchAction\",\"target\":{\"@type\":\"EntryPoint\",\"urlTemplate\":\"https:\/\/oceansignal.com\/it\/?s={search_term_string}\"},\"query-input\":{\"@type\":\"PropertyValueSpecification\",\"valueRequired\":true,\"valueName\":\"search_term_string\"}}],\"inLanguage\":\"it-IT\"}]}<\/script>\n<!-- \/ Yoast SEO Premium plugin. -->","yoast_head_json":{"title":"Ricetrasmettitore AIS ATB1 Classe B+ AIS - Ocean Signal","robots":{"index":"index","follow":"follow","max-snippet":"max-snippet:-1","max-image-preview":"max-image-preview:large","max-video-preview":"max-video-preview:-1"},"canonical":"https:\/\/oceansignal.com\/it\/products\/ricetrasmettitore-ais-atb1-classe-b-ais\/","og_locale":"it_IT","og_type":"article","og_title":"Ricetrasmettitore AIS ATB1 Classe B+ AIS","og_description":"Il ricetrasmettitore AIS Ocean Signal ATB1 Classe B+, che incorpora lo schema di accesso SOTDMA avanzato, garantisce maggiore visibilit\u00e0 e sicurezza in mare.  Il trasmettitore\/ricevitore AIS ATB1 Classe B+ (SOTDMA) completamente conforme di Ocean Signal \u00e8 l'ultimo di una lunga serie di apparecchiature essenziali per la sicurezza in mare, sviluppate e prodotte nel Regno Unito per il mercato marittimo.  Progettato come ausilio per evitare collisioni, offre un vantaggio significativo in termini di sicurezza della navigazione, dandoti la tranquillit\u00e0 che la tua imbarcazione sar\u00e0 visibile giorno e notte, indipendentemente dalle condizioni meteorologiche, sulle trafficate vie d'acqua odierne.","og_url":"https:\/\/oceansignal.com\/it\/products\/ricetrasmettitore-ais-atb1-classe-b-ais\/","og_site_name":"Ocean Signal","article_modified_time":"2025-09-23T15:43:09+00:00","og_image":[{"url":"https:\/\/oceansignal.com\/wp-content\/uploads\/2023\/09\/OSL-ATB1-Bundle-360_600x600-1.gif","width":600,"height":600,"type":"image\/gif"}],"twitter_card":"summary_large_image","twitter_misc":{"Tempo di lettura stimato":"2 minuti"},"schema":{"@context":"https:\/\/schema.org","@graph":[{"@type":"WebPage","@id":"https:\/\/oceansignal.com\/it\/products\/ricetrasmettitore-ais-atb1-classe-b-ais\/","url":"https:\/\/oceansignal.com\/it\/products\/ricetrasmettitore-ais-atb1-classe-b-ais\/","name":"Ricetrasmettitore AIS ATB1 Classe B+ AIS - Ocean Signal","isPartOf":{"@id":"https:\/\/oceansignal.com\/it\/#website"},"primaryImageOfPage":{"@id":"https:\/\/oceansignal.com\/it\/products\/ricetrasmettitore-ais-atb1-classe-b-ais\/#primaryimage"},"image":{"@id":"https:\/\/oceansignal.com\/it\/products\/ricetrasmettitore-ais-atb1-classe-b-ais\/#primaryimage"},"thumbnailUrl":"https:\/\/oceansignal.com\/wp-content\/uploads\/2023\/09\/OSL-ATB1-Bundle-360_600x600-1.gif","datePublished":"2023-09-08T12:03:59+00:00","dateModified":"2025-09-23T15:43:09+00:00","breadcrumb":{"@id":"https:\/\/oceansignal.com\/it\/products\/ricetrasmettitore-ais-atb1-classe-b-ais\/#breadcrumb"},"inLanguage":"it-IT","potentialAction":[{"@type":"ReadAction","target":["https:\/\/oceansignal.com\/it\/products\/ricetrasmettitore-ais-atb1-classe-b-ais\/"]}]},{"@type":"ImageObject","inLanguage":"it-IT","@id":"https:\/\/oceansignal.com\/it\/products\/ricetrasmettitore-ais-atb1-classe-b-ais\/#primaryimage","url":"https:\/\/oceansignal.com\/wp-content\/uploads\/2023\/09\/OSL-ATB1-Bundle-360_600x600-1.gif","contentUrl":"https:\/\/oceansignal.com\/wp-content\/uploads\/2023\/09\/OSL-ATB1-Bundle-360_600x600-1.gif","width":600,"height":600},{"@type":"BreadcrumbList","@id":"https:\/\/oceansignal.com\/it\/products\/ricetrasmettitore-ais-atb1-classe-b-ais\/#breadcrumb","itemListElement":[{"@type":"ListItem","position":1,"name":"Prodotti","item":"https:\/\/oceansignal.com\/it\/prodotti\/"},{"@type":"ListItem","position":2,"name":"Ricetrasmettitore AIS ATB1 Classe B+ AIS"}]},{"@type":"WebSite","@id":"https:\/\/oceansignal.com\/it\/#website","url":"https:\/\/oceansignal.com\/it\/","name":"Ocean Signal","description":"A leading manufacturer of EPIRBs, AIS, SARTs, Personal Locator Beacons, Man Overboard Beacon for the Marine and Outdoor Markets.","potentialAction":[{"@type":"SearchAction","target":{"@type":"EntryPoint","urlTemplate":"https:\/\/oceansignal.com\/it\/?s={search_term_string}"},"query-input":{"@type":"PropertyValueSpecification","valueRequired":true,"valueName":"search_term_string"}}],"inLanguage":"it-IT"}]}},"_links":{"self":[{"href":"https:\/\/oceansignal.com\/it\/wp-json\/wp\/v2\/product\/7038","targetHints":{"allow":["GET"]}}],"collection":[{"href":"https:\/\/oceansignal.com\/it\/wp-json\/wp\/v2\/product"}],"about":[{"href":"https:\/\/oceansignal.com\/it\/wp-json\/wp\/v2\/types\/product"}],"wp:featuredmedia":[{"embeddable":true,"href":"https:\/\/oceansignal.com\/it\/wp-json\/wp\/v2\/media\/20892"}],"wp:attachment":[{"href":"https:\/\/oceansignal.com\/it\/wp-json\/wp\/v2\/media?parent=7038"}],"wp:term":[{"taxonomy":"product_brand","embeddable":true,"href":"https:\/\/oceansignal.com\/it\/wp-json\/wp\/v2\/product_brand?post=7038"},{"taxonomy":"product_cat","embeddable":true,"href":"https:\/\/oceansignal.com\/it\/wp-json\/wp\/v2\/product_cat?post=7038"},{"taxonomy":"product_tag","embeddable":true,"href":"https:\/\/oceansignal.com\/it\/wp-json\/wp\/v2\/product_tag?post=7038"}],"curies":[{"name":"wp","href":"https:\/\/api.w.org\/{rel}","templated":true}]}}