{"id":7052,"date":"2023-09-08T12:12:42","date_gmt":"2023-09-08T12:12:42","guid":{"rendered":"https:\/\/oceansignal.com\/products\/ais-atb1-classe-b-pacchetto-ais\/"},"modified":"2025-07-30T12:31:15","modified_gmt":"2025-07-30T12:31:15","slug":"ais-atb1-classe-b-pacchetto-ais","status":"publish","type":"product","link":"https:\/\/oceansignal.com\/it\/products\/ais-atb1-classe-b-pacchetto-ais\/","title":{"rendered":"AIS ATB1 Classe B+ Pacchetto AIS"},"content":{"rendered":"<p>&nbsp;<\/p>\n<table>\n<tbody>\n<tr>\n<th><\/th>\n<th class=\"content-entry\">Facilmente integrabile in un giubbotto di salvataggio, il compatto MOB1 comunica con l&#8217;ATB1, cos\u00ec come con le imbarcazioni dotate di AIS entro un raggio di circa cinque miglia, e fornir\u00e0 due metodi per trasmettere rapidamente la posizione dell&#8217;uomo in mare in caso di emergenza. Innanzitutto, trasmette un avviso a tutti i ricevitori AIS e ai plotter abilitati AIS nelle vicinanze. In secondo luogo, il MOB1 attiver\u00e0 l&#8217;allarme DSC sulla radio VHF dell&#8217;imbarcazione per avvisare gli altri membri dell&#8217;equipaggio. Con l&#8217;equipaggio in grado di tracciare la posizione della persona mentre viene eseguito il recupero, la luce stroboscopica integrata con lente stampata assicura quindi che il sopravvissuto sia facilmente individuato in condizioni di scarsa illuminazione.   <\/th>\n<\/tr>\n<tr>\n<th><\/th>\n<th><a href=\"https:\/\/oceansignal.com\/it\/products\/rescueme-mob1\/\">Clicca qui per maggiori dettagli sul MOB1<\/a><\/p>\n<p>&nbsp;<\/th>\n<\/tr>\n<tr>\n<th><\/th>\n<th><\/th>\n<\/tr>\n<tr>\n<th><\/th>\n<th>Il transponder AIS avanzato ATB1 di Classe B+ (SOTDMA) di Ocean Signal \u00e8 progettato per offrire ai proprietari di imbarcazioni maggiore visibilit\u00e0 e sicurezza di navigazione. Incorporando la tecnologia SOTDMA superiore, l&#8217;ATB1 offre vantaggi significativi, tra cui una maggiore priorit\u00e0 per i report di posizione senza perdita o ritardo di trasmissione, migliorando la capacit\u00e0 dell&#8217;utente di essere visto da altre imbarcazioni in acque trafficate ed evitare collisioni giorno e notte, indipendentemente dalle condizioni. Ha una velocit\u00e0 di segnalazione pi\u00f9 rapida e una potenza di uscita pi\u00f9 elevata rispetto alle unit\u00e0 CSTDMA di Classe B standard, inviando trasmissioni AIS ogni cinque secondi anzich\u00e9 le due trasmissioni CSTDMA al minuto. La potenza di uscita di 5 W dell&#8217;unit\u00e0, rispetto ai 2 W standard, consente alle trasmissioni di raggiungere una distanza maggiore.   <\/th>\n<\/tr>\n<tr>\n<th><\/th>\n<th><a href=\"https:\/\/oceansignal.com\/products\/atb1\/\">Clicca qui per maggiori dettagli sull&#8217;ATB1<\/a><\/th>\n<\/tr>\n<\/tbody>\n<\/table>\n","protected":false},"excerpt":{"rendered":"<p>Il nuovo pacchetto AIS ATB1 Ocean Signal unisce la pi\u00f9 recente tecnologia AIS Classe B+ nel transponder ATB1 con due pluripremiati segnalatori di uomo a mare rescueME MOB1 per garantire le migliori possibilit\u00e0 di rapido salvataggio sia dall&#8217;imbarcazione del sopravvissuto che da altre imbarcazioni nelle vicinanze, nel caso in cui qualcuno cada in acqua; il kit AIS porta la sicurezza a bordo a un nuovo livello.<\/p>\n","protected":false},"featured_media":19213,"template":"","meta":{"_acf_changed":false,"om_disable_all_campaigns":false},"product_brand":[],"product_cat":[354],"product_tag":[],"class_list":{"0":"post-7052","1":"product","2":"type-product","3":"status-publish","4":"has-post-thumbnail","6":"product_cat-interrotto","8":"first","9":"instock","10":"taxable","11":"shipping-taxable","12":"product-type-simple"},"acf":[],"yoast_head":"<!-- This site is optimized with the Yoast SEO Premium plugin v25.2 (Yoast SEO v26.4) - https:\/\/yoast.com\/wordpress\/plugins\/seo\/ -->\n<title>AIS ATB1 Classe B+ Pacchetto AIS - Ocean Signal<\/title>\n<meta name=\"robots\" content=\"index, follow, max-snippet:-1, max-image-preview:large, max-video-preview:-1\" \/>\n<link rel=\"canonical\" href=\"https:\/\/oceansignal.com\/it\/products\/ais-atb1-classe-b-pacchetto-ais\/\" \/>\n<meta property=\"og:locale\" content=\"it_IT\" \/>\n<meta property=\"og:type\" content=\"article\" \/>\n<meta property=\"og:title\" content=\"AIS ATB1 Classe B+ Pacchetto AIS\" \/>\n<meta property=\"og:description\" content=\"Il nuovo pacchetto AIS ATB1 Ocean Signal unisce la pi\u00f9 recente tecnologia AIS Classe B+ nel transponder ATB1 con due pluripremiati segnalatori di uomo a mare rescueME MOB1 per garantire le migliori possibilit\u00e0 di rapido salvataggio sia dall&#039;imbarcazione del sopravvissuto che da altre imbarcazioni nelle vicinanze, nel caso in cui qualcuno cada in acqua; il kit AIS porta la sicurezza a bordo a un nuovo livello.\" \/>\n<meta property=\"og:url\" content=\"https:\/\/oceansignal.com\/it\/products\/ais-atb1-classe-b-pacchetto-ais\/\" \/>\n<meta property=\"og:site_name\" content=\"Ocean Signal\" \/>\n<meta property=\"article:modified_time\" content=\"2025-07-30T12:31:15+00:00\" \/>\n<meta property=\"og:image\" content=\"https:\/\/oceansignal.com\/wp-content\/uploads\/2023\/09\/OSL-ATB1-MOB-Bundle1-Left-Angle.png\" \/>\n\t<meta property=\"og:image:width\" content=\"720\" \/>\n\t<meta property=\"og:image:height\" content=\"720\" \/>\n\t<meta property=\"og:image:type\" content=\"image\/png\" \/>\n<meta name=\"twitter:card\" content=\"summary_large_image\" \/>\n<meta name=\"twitter:label1\" content=\"Tempo di lettura stimato\" \/>\n\t<meta name=\"twitter:data1\" content=\"1 minuto\" \/>\n<script type=\"application\/ld+json\" class=\"yoast-schema-graph\">{\"@context\":\"https:\/\/schema.org\",\"@graph\":[{\"@type\":\"WebPage\",\"@id\":\"https:\/\/oceansignal.com\/it\/products\/ais-atb1-classe-b-pacchetto-ais\/\",\"url\":\"https:\/\/oceansignal.com\/it\/products\/ais-atb1-classe-b-pacchetto-ais\/\",\"name\":\"AIS ATB1 Classe B+ Pacchetto AIS - Ocean Signal\",\"isPartOf\":{\"@id\":\"https:\/\/oceansignal.com\/it\/#website\"},\"primaryImageOfPage\":{\"@id\":\"https:\/\/oceansignal.com\/it\/products\/ais-atb1-classe-b-pacchetto-ais\/#primaryimage\"},\"image\":{\"@id\":\"https:\/\/oceansignal.com\/it\/products\/ais-atb1-classe-b-pacchetto-ais\/#primaryimage\"},\"thumbnailUrl\":\"https:\/\/oceansignal.com\/wp-content\/uploads\/2023\/09\/OSL-ATB1-MOB-Bundle1-Left-Angle.png\",\"datePublished\":\"2023-09-08T12:12:42+00:00\",\"dateModified\":\"2025-07-30T12:31:15+00:00\",\"breadcrumb\":{\"@id\":\"https:\/\/oceansignal.com\/it\/products\/ais-atb1-classe-b-pacchetto-ais\/#breadcrumb\"},\"inLanguage\":\"it-IT\",\"potentialAction\":[{\"@type\":\"ReadAction\",\"target\":[\"https:\/\/oceansignal.com\/it\/products\/ais-atb1-classe-b-pacchetto-ais\/\"]}]},{\"@type\":\"ImageObject\",\"inLanguage\":\"it-IT\",\"@id\":\"https:\/\/oceansignal.com\/it\/products\/ais-atb1-classe-b-pacchetto-ais\/#primaryimage\",\"url\":\"https:\/\/oceansignal.com\/wp-content\/uploads\/2023\/09\/OSL-ATB1-MOB-Bundle1-Left-Angle.png\",\"contentUrl\":\"https:\/\/oceansignal.com\/wp-content\/uploads\/2023\/09\/OSL-ATB1-MOB-Bundle1-Left-Angle.png\",\"width\":720,\"height\":720},{\"@type\":\"BreadcrumbList\",\"@id\":\"https:\/\/oceansignal.com\/it\/products\/ais-atb1-classe-b-pacchetto-ais\/#breadcrumb\",\"itemListElement\":[{\"@type\":\"ListItem\",\"position\":1,\"name\":\"Prodotti\",\"item\":\"https:\/\/oceansignal.com\/it\/prodotti\/\"},{\"@type\":\"ListItem\",\"position\":2,\"name\":\"AIS ATB1 Classe B+ Pacchetto AIS\"}]},{\"@type\":\"WebSite\",\"@id\":\"https:\/\/oceansignal.com\/it\/#website\",\"url\":\"https:\/\/oceansignal.com\/it\/\",\"name\":\"Ocean Signal\",\"description\":\"A leading manufacturer of EPIRBs, AIS, SARTs, Personal Locator Beacons, Man Overboard Beacon for the Marine and Outdoor Markets.\",\"potentialAction\":[{\"@type\":\"SearchAction\",\"target\":{\"@type\":\"EntryPoint\",\"urlTemplate\":\"https:\/\/oceansignal.com\/it\/?s={search_term_string}\"},\"query-input\":{\"@type\":\"PropertyValueSpecification\",\"valueRequired\":true,\"valueName\":\"search_term_string\"}}],\"inLanguage\":\"it-IT\"}]}<\/script>\n<!-- \/ Yoast SEO Premium plugin. -->","yoast_head_json":{"title":"AIS ATB1 Classe B+ Pacchetto AIS - Ocean Signal","robots":{"index":"index","follow":"follow","max-snippet":"max-snippet:-1","max-image-preview":"max-image-preview:large","max-video-preview":"max-video-preview:-1"},"canonical":"https:\/\/oceansignal.com\/it\/products\/ais-atb1-classe-b-pacchetto-ais\/","og_locale":"it_IT","og_type":"article","og_title":"AIS ATB1 Classe B+ Pacchetto AIS","og_description":"Il nuovo pacchetto AIS ATB1 Ocean Signal unisce la pi\u00f9 recente tecnologia AIS Classe B+ nel transponder ATB1 con due pluripremiati segnalatori di uomo a mare rescueME MOB1 per garantire le migliori possibilit\u00e0 di rapido salvataggio sia dall'imbarcazione del sopravvissuto che da altre imbarcazioni nelle vicinanze, nel caso in cui qualcuno cada in acqua; il kit AIS porta la sicurezza a bordo a un nuovo livello.","og_url":"https:\/\/oceansignal.com\/it\/products\/ais-atb1-classe-b-pacchetto-ais\/","og_site_name":"Ocean Signal","article_modified_time":"2025-07-30T12:31:15+00:00","og_image":[{"width":720,"height":720,"url":"https:\/\/oceansignal.com\/wp-content\/uploads\/2023\/09\/OSL-ATB1-MOB-Bundle1-Left-Angle.png","type":"image\/png"}],"twitter_card":"summary_large_image","twitter_misc":{"Tempo di lettura stimato":"1 minuto"},"schema":{"@context":"https:\/\/schema.org","@graph":[{"@type":"WebPage","@id":"https:\/\/oceansignal.com\/it\/products\/ais-atb1-classe-b-pacchetto-ais\/","url":"https:\/\/oceansignal.com\/it\/products\/ais-atb1-classe-b-pacchetto-ais\/","name":"AIS ATB1 Classe B+ Pacchetto AIS - Ocean Signal","isPartOf":{"@id":"https:\/\/oceansignal.com\/it\/#website"},"primaryImageOfPage":{"@id":"https:\/\/oceansignal.com\/it\/products\/ais-atb1-classe-b-pacchetto-ais\/#primaryimage"},"image":{"@id":"https:\/\/oceansignal.com\/it\/products\/ais-atb1-classe-b-pacchetto-ais\/#primaryimage"},"thumbnailUrl":"https:\/\/oceansignal.com\/wp-content\/uploads\/2023\/09\/OSL-ATB1-MOB-Bundle1-Left-Angle.png","datePublished":"2023-09-08T12:12:42+00:00","dateModified":"2025-07-30T12:31:15+00:00","breadcrumb":{"@id":"https:\/\/oceansignal.com\/it\/products\/ais-atb1-classe-b-pacchetto-ais\/#breadcrumb"},"inLanguage":"it-IT","potentialAction":[{"@type":"ReadAction","target":["https:\/\/oceansignal.com\/it\/products\/ais-atb1-classe-b-pacchetto-ais\/"]}]},{"@type":"ImageObject","inLanguage":"it-IT","@id":"https:\/\/oceansignal.com\/it\/products\/ais-atb1-classe-b-pacchetto-ais\/#primaryimage","url":"https:\/\/oceansignal.com\/wp-content\/uploads\/2023\/09\/OSL-ATB1-MOB-Bundle1-Left-Angle.png","contentUrl":"https:\/\/oceansignal.com\/wp-content\/uploads\/2023\/09\/OSL-ATB1-MOB-Bundle1-Left-Angle.png","width":720,"height":720},{"@type":"BreadcrumbList","@id":"https:\/\/oceansignal.com\/it\/products\/ais-atb1-classe-b-pacchetto-ais\/#breadcrumb","itemListElement":[{"@type":"ListItem","position":1,"name":"Prodotti","item":"https:\/\/oceansignal.com\/it\/prodotti\/"},{"@type":"ListItem","position":2,"name":"AIS ATB1 Classe B+ Pacchetto AIS"}]},{"@type":"WebSite","@id":"https:\/\/oceansignal.com\/it\/#website","url":"https:\/\/oceansignal.com\/it\/","name":"Ocean Signal","description":"A leading manufacturer of EPIRBs, AIS, SARTs, Personal Locator Beacons, Man Overboard Beacon for the Marine and Outdoor Markets.","potentialAction":[{"@type":"SearchAction","target":{"@type":"EntryPoint","urlTemplate":"https:\/\/oceansignal.com\/it\/?s={search_term_string}"},"query-input":{"@type":"PropertyValueSpecification","valueRequired":true,"valueName":"search_term_string"}}],"inLanguage":"it-IT"}]}},"_links":{"self":[{"href":"https:\/\/oceansignal.com\/it\/wp-json\/wp\/v2\/product\/7052","targetHints":{"allow":["GET"]}}],"collection":[{"href":"https:\/\/oceansignal.com\/it\/wp-json\/wp\/v2\/product"}],"about":[{"href":"https:\/\/oceansignal.com\/it\/wp-json\/wp\/v2\/types\/product"}],"wp:featuredmedia":[{"embeddable":true,"href":"https:\/\/oceansignal.com\/it\/wp-json\/wp\/v2\/media\/19213"}],"wp:attachment":[{"href":"https:\/\/oceansignal.com\/it\/wp-json\/wp\/v2\/media?parent=7052"}],"wp:term":[{"taxonomy":"product_brand","embeddable":true,"href":"https:\/\/oceansignal.com\/it\/wp-json\/wp\/v2\/product_brand?post=7052"},{"taxonomy":"product_cat","embeddable":true,"href":"https:\/\/oceansignal.com\/it\/wp-json\/wp\/v2\/product_cat?post=7052"},{"taxonomy":"product_tag","embeddable":true,"href":"https:\/\/oceansignal.com\/it\/wp-json\/wp\/v2\/product_tag?post=7052"}],"curies":[{"name":"wp","href":"https:\/\/api.w.org\/{rel}","templated":true}]}}