{"id":7064,"date":"2023-09-08T11:21:17","date_gmt":"2023-09-08T11:21:17","guid":{"rendered":"https:\/\/oceansignal.com\/products\/ais-ata100\/"},"modified":"2025-03-06T13:36:04","modified_gmt":"2025-03-06T13:36:04","slug":"ais-ata100","status":"publish","type":"product","link":"https:\/\/oceansignal.com\/it\/products\/ais-ata100\/","title":{"rendered":"AIS ATA100"},"content":{"rendered":"<p>La funzionalit\u00e0 di invio messaggi AIS \u00e8 semplice da usare, garantendo che i messaggi relativi alla sicurezza possano essere rapidamente recapitati o ricevuti dall&#8217;utente con il minimo sforzo. Una funzione di messaggio istantaneo e allarme fornisce una notifica immediata di eventuali problemi o pericoli potenziali, incluso l&#8217;impiego del MOB1 di Ocean Signal , il dispositivo AIS\/DSC Man Overboard pi\u00f9 piccolo al mondo. \u00c8 inoltre compatibile con tutti gli altri dispositivi AIS Man Overboard, incluso <a href=\"https:\/\/www.acrartex.com\/products\/aislink-personal-ais-mob-beacon\/\">AISLink MOB di ACR<\/a> .  <\/p>\n<p>&nbsp;<\/p>\n<p>I dati dinamici quali posizione, velocit\u00e0 rispetto al suolo e rotta rispetto al suolo vengono calcolati automaticamente tramite il ricevitore GPS integrato a 99 canali, mentre i dati statici e relativi al viaggio quali MMSI, nominativo di chiamata e nome, tipo di nave, destinazione, ETA ecc. vengono facilmente programmati nel transponder AIS tramite un&#8217;interfaccia di menu intuitiva.<\/p>\n<p>&nbsp;<\/p>\n<p>Questa soluzione a unit\u00e0 singola per soddisfare i requisiti AIS garantisce un utilizzo minimo dello spazio del ponte e le sue opzioni di montaggio in superficie o autoportanti consentono una facile installazione in quasi tutte le posizioni o posizioni. Include anche pi\u00f9 opzioni di connettivit\u00e0 tra cui WiFi, porta USB, seriale e spina Pilot. <\/p>\n<p>&nbsp;<\/p>\n<p>L&#8217;unit\u00e0 ATA100 AIS Transponder Classe A di Ocean Signal soddisfa i requisiti della direttiva MED (Wheelmark) dell&#8217;UE e delle normative USCG\/FCC. \u00c8 inoltre conforme allo standard UE Inland Waterways, amministrato dal CCNR. <\/p>\n<p>&nbsp;<\/p>\n<section class=\"content-entry\">\n<ul class=\"columns\">\n<li>Soluzione compatta a unit\u00e0 singola con display a colori<\/li>\n<li>Mappa costiera a colori<\/li>\n<li>Conforme allo standard UE per le vie navigabili interne<\/li>\n<li>Visualizzazioni del radar e dell&#8217;elenco dei bersagli<\/li>\n<li>Orientamento del grafico selezionabile<\/li>\n<li>Visualizzazione dei messaggi in arrivo e degli allarmi<\/li>\n<li>Uscita di allarme per rilevamento AIS SART, MOB ed EPIRB<\/li>\n<li>Opzioni di montaggio su superficie e su staffa<\/li>\n<li>Fornito con antenna GPS<\/li>\n<li>Autotest continuo con notifiche di allarme<\/li>\n<li>Semplice da usare<\/li>\n<li>Funzionalit\u00e0 di invio dei messaggi<\/li>\n<li>Conforme alle normative<\/li>\n<li>Interfacce WiFi e USB per la connessione a PC e tablet<\/li>\n<li>Tappo pilota<\/li>\n<li>Impermeabile fino a IPx7<\/li>\n<li>Contatti isolati del rel\u00e8 di allarme<\/li>\n<li>Programmabile fino a 30 unit\u00e0 MOB<\/li>\n<li>Installazione semplice<\/li>\n<\/ul>\n<p>&nbsp;<\/p>\n<p>Hai bisogno di AIS Man Overboard o Personal Locator Beacon? Dai un&#8217;occhiata a MOB1 e <a href=\"https:\/\/oceansignal.com\/products\/rescueme-plb3-ais-plb\/\">PLB3<\/a> <\/p>\n<p><em>La seguente dichiarazione \u00e8 solo per i clienti degli Stati Uniti:<\/em> Questo dispositivo non \u00e8 stato autorizzato come richiesto dalle norme della Federal Communications Commission. Questo dispositivo non \u00e8, e non pu\u00f2 essere, offerto in vendita o in leasing, o venduto o in leasing, fino a quando non si ottiene l&#8217;autorizzazione. <\/p>\n<p>&nbsp;<\/p>\n<\/section>\n","protected":false},"excerpt":{"rendered":"<p>Il transponder AIS ATA100 \u00e8 un transceiver di Classe A completamente conforme, progettato per integrare la gamma esistente di apparecchiature di sicurezza marittima di Ocean Signal . Utilizzato come ausilio per evitare collisioni, l&#8217;ATA100 combina la tecnologia affidabile e il design fluido del prodotto che sono diventati sinonimi dei prodotti Ocean Signal . <\/p>\n<p>&nbsp;<\/p>\n<p>Questa soluzione compatta e monoblocco \u00e8 in grado di scambiare dati dinamici e statici della nave con altri sistemi AIS. Le informazioni sul traffico marittimo in tempo reale vengono interpretate continuamente tramite un potente motore di elaborazione interno e visualizzate su un LCD a colori da 7&#8243; a risposta rapida. La vista della mappa della costa e la vista radar hanno varie opzioni di visualizzazione dell&#8217;orientamento che consentono all&#8217;utente di scegliere la preferenza, mentre una visualizzazione standard dell&#8217;elenco dei bersagli fornisce elenchi dettagliati immediati delle imbarcazioni vicine che possono essere ordinate in base alle preferenze del proprietario.  <\/p>\n","protected":false},"featured_media":18317,"template":"","meta":{"_acf_changed":false,"om_disable_all_campaigns":false},"product_brand":[],"product_cat":[354],"product_tag":[],"class_list":{"0":"post-7064","1":"product","2":"type-product","3":"status-publish","4":"has-post-thumbnail","6":"product_cat-interrotto","8":"first","9":"outofstock","10":"taxable","11":"shipping-taxable","12":"product-type-simple"},"acf":[],"yoast_head":"<!-- This site is optimized with the Yoast SEO Premium plugin v25.2 (Yoast SEO v26.4) - https:\/\/yoast.com\/wordpress\/plugins\/seo\/ -->\n<title>AIS ATA100 - Ocean Signal<\/title>\n<meta name=\"description\" content=\"Ocean Signal Classe A AIS ATA100: monitoraggio e tracciamento avanzati per la sicurezza delle imbarcazioni. Attrezzatura marittima essenziale. Acquista ora per una maggiore sicurezza a bordo!\" \/>\n<meta name=\"robots\" content=\"index, follow, max-snippet:-1, max-image-preview:large, max-video-preview:-1\" \/>\n<link rel=\"canonical\" href=\"https:\/\/oceansignal.com\/it\/products\/ais-ata100\/\" \/>\n<meta property=\"og:locale\" content=\"it_IT\" \/>\n<meta property=\"og:type\" content=\"article\" \/>\n<meta property=\"og:title\" content=\"AIS ATA100\" \/>\n<meta property=\"og:description\" content=\"Ocean Signal Classe A AIS ATA100: monitoraggio e tracciamento avanzati per la sicurezza delle imbarcazioni. Attrezzatura marittima essenziale. Acquista ora per una maggiore sicurezza a bordo!\" \/>\n<meta property=\"og:url\" content=\"https:\/\/oceansignal.com\/it\/products\/ais-ata100\/\" \/>\n<meta property=\"og:site_name\" content=\"Ocean Signal\" \/>\n<meta property=\"article:modified_time\" content=\"2025-03-06T13:36:04+00:00\" \/>\n<meta property=\"og:image\" content=\"https:\/\/oceansignal.com\/wp-content\/uploads\/2023\/09\/ATA100-cover_RGB-976x1024-1.jpg\" \/>\n\t<meta property=\"og:image:width\" content=\"976\" \/>\n\t<meta property=\"og:image:height\" content=\"1024\" \/>\n\t<meta property=\"og:image:type\" content=\"image\/jpeg\" \/>\n<meta name=\"twitter:card\" content=\"summary_large_image\" \/>\n<meta name=\"twitter:label1\" content=\"Tempo di lettura stimato\" \/>\n\t<meta name=\"twitter:data1\" content=\"2 minuti\" \/>\n<script type=\"application\/ld+json\" class=\"yoast-schema-graph\">{\"@context\":\"https:\/\/schema.org\",\"@graph\":[{\"@type\":\"WebPage\",\"@id\":\"https:\/\/oceansignal.com\/it\/products\/ais-ata100\/\",\"url\":\"https:\/\/oceansignal.com\/it\/products\/ais-ata100\/\",\"name\":\"AIS ATA100 - Ocean Signal\",\"isPartOf\":{\"@id\":\"https:\/\/oceansignal.com\/it\/#website\"},\"primaryImageOfPage\":{\"@id\":\"https:\/\/oceansignal.com\/it\/products\/ais-ata100\/#primaryimage\"},\"image\":{\"@id\":\"https:\/\/oceansignal.com\/it\/products\/ais-ata100\/#primaryimage\"},\"thumbnailUrl\":\"https:\/\/oceansignal.com\/wp-content\/uploads\/2023\/09\/ATA100-cover_RGB-976x1024-1.jpg\",\"datePublished\":\"2023-09-08T11:21:17+00:00\",\"dateModified\":\"2025-03-06T13:36:04+00:00\",\"description\":\"Ocean Signal Classe A AIS ATA100: monitoraggio e tracciamento avanzati per la sicurezza delle imbarcazioni. Attrezzatura marittima essenziale. Acquista ora per una maggiore sicurezza a bordo!\",\"breadcrumb\":{\"@id\":\"https:\/\/oceansignal.com\/it\/products\/ais-ata100\/#breadcrumb\"},\"inLanguage\":\"it-IT\",\"potentialAction\":[{\"@type\":\"ReadAction\",\"target\":[\"https:\/\/oceansignal.com\/it\/products\/ais-ata100\/\"]}]},{\"@type\":\"ImageObject\",\"inLanguage\":\"it-IT\",\"@id\":\"https:\/\/oceansignal.com\/it\/products\/ais-ata100\/#primaryimage\",\"url\":\"https:\/\/oceansignal.com\/wp-content\/uploads\/2023\/09\/ATA100-cover_RGB-976x1024-1.jpg\",\"contentUrl\":\"https:\/\/oceansignal.com\/wp-content\/uploads\/2023\/09\/ATA100-cover_RGB-976x1024-1.jpg\",\"width\":976,\"height\":1024},{\"@type\":\"BreadcrumbList\",\"@id\":\"https:\/\/oceansignal.com\/it\/products\/ais-ata100\/#breadcrumb\",\"itemListElement\":[{\"@type\":\"ListItem\",\"position\":1,\"name\":\"Prodotti\",\"item\":\"https:\/\/oceansignal.com\/it\/prodotti\/\"},{\"@type\":\"ListItem\",\"position\":2,\"name\":\"AIS ATA100\"}]},{\"@type\":\"WebSite\",\"@id\":\"https:\/\/oceansignal.com\/it\/#website\",\"url\":\"https:\/\/oceansignal.com\/it\/\",\"name\":\"Ocean Signal\",\"description\":\"A leading manufacturer of EPIRBs, AIS, SARTs, Personal Locator Beacons, Man Overboard Beacon for the Marine and Outdoor Markets.\",\"potentialAction\":[{\"@type\":\"SearchAction\",\"target\":{\"@type\":\"EntryPoint\",\"urlTemplate\":\"https:\/\/oceansignal.com\/it\/?s={search_term_string}\"},\"query-input\":{\"@type\":\"PropertyValueSpecification\",\"valueRequired\":true,\"valueName\":\"search_term_string\"}}],\"inLanguage\":\"it-IT\"}]}<\/script>\n<!-- \/ Yoast SEO Premium plugin. -->","yoast_head_json":{"title":"AIS ATA100 - Ocean Signal","description":"Ocean Signal Classe A AIS ATA100: monitoraggio e tracciamento avanzati per la sicurezza delle imbarcazioni. Attrezzatura marittima essenziale. Acquista ora per una maggiore sicurezza a bordo!","robots":{"index":"index","follow":"follow","max-snippet":"max-snippet:-1","max-image-preview":"max-image-preview:large","max-video-preview":"max-video-preview:-1"},"canonical":"https:\/\/oceansignal.com\/it\/products\/ais-ata100\/","og_locale":"it_IT","og_type":"article","og_title":"AIS ATA100","og_description":"Ocean Signal Classe A AIS ATA100: monitoraggio e tracciamento avanzati per la sicurezza delle imbarcazioni. Attrezzatura marittima essenziale. Acquista ora per una maggiore sicurezza a bordo!","og_url":"https:\/\/oceansignal.com\/it\/products\/ais-ata100\/","og_site_name":"Ocean Signal","article_modified_time":"2025-03-06T13:36:04+00:00","og_image":[{"width":976,"height":1024,"url":"https:\/\/oceansignal.com\/wp-content\/uploads\/2023\/09\/ATA100-cover_RGB-976x1024-1.jpg","type":"image\/jpeg"}],"twitter_card":"summary_large_image","twitter_misc":{"Tempo di lettura stimato":"2 minuti"},"schema":{"@context":"https:\/\/schema.org","@graph":[{"@type":"WebPage","@id":"https:\/\/oceansignal.com\/it\/products\/ais-ata100\/","url":"https:\/\/oceansignal.com\/it\/products\/ais-ata100\/","name":"AIS ATA100 - Ocean Signal","isPartOf":{"@id":"https:\/\/oceansignal.com\/it\/#website"},"primaryImageOfPage":{"@id":"https:\/\/oceansignal.com\/it\/products\/ais-ata100\/#primaryimage"},"image":{"@id":"https:\/\/oceansignal.com\/it\/products\/ais-ata100\/#primaryimage"},"thumbnailUrl":"https:\/\/oceansignal.com\/wp-content\/uploads\/2023\/09\/ATA100-cover_RGB-976x1024-1.jpg","datePublished":"2023-09-08T11:21:17+00:00","dateModified":"2025-03-06T13:36:04+00:00","description":"Ocean Signal Classe A AIS ATA100: monitoraggio e tracciamento avanzati per la sicurezza delle imbarcazioni. Attrezzatura marittima essenziale. Acquista ora per una maggiore sicurezza a bordo!","breadcrumb":{"@id":"https:\/\/oceansignal.com\/it\/products\/ais-ata100\/#breadcrumb"},"inLanguage":"it-IT","potentialAction":[{"@type":"ReadAction","target":["https:\/\/oceansignal.com\/it\/products\/ais-ata100\/"]}]},{"@type":"ImageObject","inLanguage":"it-IT","@id":"https:\/\/oceansignal.com\/it\/products\/ais-ata100\/#primaryimage","url":"https:\/\/oceansignal.com\/wp-content\/uploads\/2023\/09\/ATA100-cover_RGB-976x1024-1.jpg","contentUrl":"https:\/\/oceansignal.com\/wp-content\/uploads\/2023\/09\/ATA100-cover_RGB-976x1024-1.jpg","width":976,"height":1024},{"@type":"BreadcrumbList","@id":"https:\/\/oceansignal.com\/it\/products\/ais-ata100\/#breadcrumb","itemListElement":[{"@type":"ListItem","position":1,"name":"Prodotti","item":"https:\/\/oceansignal.com\/it\/prodotti\/"},{"@type":"ListItem","position":2,"name":"AIS ATA100"}]},{"@type":"WebSite","@id":"https:\/\/oceansignal.com\/it\/#website","url":"https:\/\/oceansignal.com\/it\/","name":"Ocean Signal","description":"A leading manufacturer of EPIRBs, AIS, SARTs, Personal Locator Beacons, Man Overboard Beacon for the Marine and Outdoor Markets.","potentialAction":[{"@type":"SearchAction","target":{"@type":"EntryPoint","urlTemplate":"https:\/\/oceansignal.com\/it\/?s={search_term_string}"},"query-input":{"@type":"PropertyValueSpecification","valueRequired":true,"valueName":"search_term_string"}}],"inLanguage":"it-IT"}]}},"_links":{"self":[{"href":"https:\/\/oceansignal.com\/it\/wp-json\/wp\/v2\/product\/7064","targetHints":{"allow":["GET"]}}],"collection":[{"href":"https:\/\/oceansignal.com\/it\/wp-json\/wp\/v2\/product"}],"about":[{"href":"https:\/\/oceansignal.com\/it\/wp-json\/wp\/v2\/types\/product"}],"wp:featuredmedia":[{"embeddable":true,"href":"https:\/\/oceansignal.com\/it\/wp-json\/wp\/v2\/media\/18317"}],"wp:attachment":[{"href":"https:\/\/oceansignal.com\/it\/wp-json\/wp\/v2\/media?parent=7064"}],"wp:term":[{"taxonomy":"product_brand","embeddable":true,"href":"https:\/\/oceansignal.com\/it\/wp-json\/wp\/v2\/product_brand?post=7064"},{"taxonomy":"product_cat","embeddable":true,"href":"https:\/\/oceansignal.com\/it\/wp-json\/wp\/v2\/product_cat?post=7064"},{"taxonomy":"product_tag","embeddable":true,"href":"https:\/\/oceansignal.com\/it\/wp-json\/wp\/v2\/product_tag?post=7064"}],"curies":[{"name":"wp","href":"https:\/\/api.w.org\/{rel}","templated":true}]}}