{"id":7316,"date":"2023-09-08T13:06:06","date_gmt":"2023-09-08T13:06:06","guid":{"rendered":"https:\/\/oceansignal.com\/products\/m100-m100x\/"},"modified":"2026-02-25T13:50:37","modified_gmt":"2026-02-25T13:50:37","slug":"m100-m100x","status":"publish","type":"product","link":"https:\/\/oceansignal.com\/it\/products\/m100-m100x\/","title":{"rendered":"M100\/M100X"},"content":{"rendered":"<p class=\"ai-optimize-36 ai-optimize-introduction\">Il GPS integrato a 66 canali garantisce un aggiornamento della posizione ogni minuto tramite AIS. La differenza tra Ocean Signal M100 e M100X \u00e8 che M100X \u00e8 progettato per soddisfare la direttiva europea ATEX e ha l&#8217;approvazione IECEx per l&#8217;uso in atmosfere esplosive di zona 2. <\/p>\n<p class=\"ai-optimize-37\">Vuoi un MOB con 406 MHz? Scopri il nuovo <a href=\"https:\/\/oceansignal.com\/products\/rescueme-plb3-ais-plb\/\">rescueME PLB3<\/a> <\/p>\n<p class=\"ai-optimize-38\"><em>La seguente dichiarazione \u00e8 solo per i clienti degli Stati Uniti: Questo dispositivo non \u00e8 stato autorizzato come richiesto dalle norme della Federal Communications Commission. Questo dispositivo non \u00e8, e non pu\u00f2 essere, offerto in vendita o in leasing, o venduto o in leasing, fino a quando non si ottiene l&#8217;autorizzazione. <\/em><\/p>\n<p>&nbsp;<\/p>\n<p class=\"ai-optimize-46\"><strong>Integrazione del giubbotto di salvataggio<\/strong><\/p>\n<p class=\"ai-optimize-47\">L&#8217;AIS safeSEA M100 pu\u00f2 essere attivato manualmente o automaticamente se installato all&#8217;interno di un giubbotto di salvataggio gonfiabile a gonfiaggio automatico. L&#8217;installazione \u00e8 semplificata utilizzando la clip per il tubo di gonfiaggio orale inclusa per fissare l&#8217;M100 al giubbotto di salvataggio, insieme al nastro di attivazione fissato attorno alla camera d&#8217;aria del giubbotto di salvataggio**. Una volta installato correttamente, il gonfiaggio della camera d&#8217;aria del giubbotto di salvataggio attiva l&#8217;apertura dell&#8217;antenna e l&#8217;attivazione del segnalatore.  <\/p>\n<p class=\"ai-optimize-48\">* La funzionalit\u00e0 DSC \u00e8 soggetta alle normative vigenti in ciascun Paese.<\/p>\n<p class=\"ai-optimize-49\"><strong>** <i data-olk-copy-source=\"MailCompose\">Si consiglia di consultare il produttore del giubbotto di salvataggio prima dell&#8217;installazione, poich\u00e9 alcuni modelli potrebbero avere un metodo di montaggio preferito o raccomandazioni di integrazione specifici.<\/i><\/strong><\/p>\n<p>&nbsp;<\/p>\n<p>&nbsp;<\/p>\n","protected":false},"excerpt":{"rendered":"<p>L&#8217; Ocean Signal M100 e M100X MSLD (Maritime Survivor Locating Device) \u00e8 stato progettato per soddisfare le esigenze del mercato marittimo professionale e dei suoi lavoratori offshore. L&#8217;M100 e l&#8217;M100X possono essere montati su un giubbotto di salvataggio* e si attivano automaticamente al gonfiaggio del giubbotto. Una volta attivati, l&#8217;M100 e l&#8217;M100X trasmetteranno un avviso a tutti i ricevitori AIS e ai plotter abilitati AIS nelle vicinanze. L&#8217;M100 e l&#8217;M100X trasmettono anche un segnale di homing a 121,5 MHz oltre all&#8217;AIS.   <\/p>\n<p><strong>NOTA:<\/strong> la norma ECC\/DEC\/(22)02, nota anche come normativa AIS Classe M, \u00e8 stata implementata da diversi paesi europei. L&#8217;importanza dell&#8217;implementazione di questa norma per i possessori di M100\/M100X esistenti \u00e8 che i beacon M100\/M100X non potranno pi\u00f9 essere utilizzati nei paesi che hanno implementato la nuova norma. <u><a id=\"OWA2977fb01-e554-25c9-9cd1-9f900cdee827\" class=\"OWAAutoLink\" title=\"https:\/\/docdb.cept.org\/implementation\/28560\" href=\"https:\/\/nam11.safelinks.protection.outlook.com\/?url=https%3A%2F%2Fdocdb.cept.org%2Fimplementation%2F28560&amp;data=05%7C02%7CShawn.Pariaug%40acrartex.com%7Cfac5ae1571d7439f772608de6eeddfec%7Ce41f30dccabc4c87b052e2df2064afce%7C0%7C0%7C639070165436538226%7CUnknown%7CTWFpbGZsb3d8eyJFbXB0eU1hcGkiOnRydWUsIlYiOiIwLjAuMDAwMCIsIlAiOiJXaW4zMiIsIkFOIjoiTWFpbCIsIldUIjoyfQ%3D%3D%7C0%7C%7C%7C&amp;sdata=lN5EEnoNasBM5aShoSlvMT1BCE61no1Ff9nSDKwp0Ko%3D&amp;reserved=0\" data-auth=\"NotApplicable\">Clicca qui<\/a><\/u> per accedere all&#8217;elenco dei paesi europei in cui \u00e8 stata implementata la norma ECC\/DEC\/(22)02. \u00c8 importante notare che la restrizione all&#8217;uso dell&#8217;M100\/M100X in specifici paesi europei non \u00e8 dovuta a difetti del prodotto, ma \u00e8 piuttosto il risultato diretto di modifiche normative avviate da un organismo di regolamentazione indipendente.  <\/p>\n<p>&nbsp;<\/p>\n<p><span style=\"color: #c22f2f;\"><em>* Fare sempre riferimento al produttore per istruzioni specifiche prima di installare questo prodotto direttamente sul giubbotto di salvataggio.<\/em><\/span><\/p>\n","protected":false},"featured_media":12489,"template":"","meta":{"_acf_changed":false,"om_disable_all_campaigns":false},"product_brand":[],"product_cat":[395],"product_tag":[1213],"class_list":{"0":"post-7316","1":"product","2":"type-product","3":"status-publish","4":"has-post-thumbnail","6":"product_cat-professional-it","7":"product_tag-m100-it","9":"first","10":"outofstock","11":"taxable","12":"shipping-taxable","13":"product-type-simple"},"acf":[],"yoast_head":"<!-- This site is optimized with the Yoast SEO Premium plugin v25.2 (Yoast SEO v26.4) - https:\/\/yoast.com\/wordpress\/plugins\/seo\/ -->\n<title>M100\/M100X - Ocean Signal<\/title>\n<meta name=\"description\" content=\"Ocean Signal M100 e M100X AIS e 121.5 Man Overboard Beacon: MOB commerciale affidabile per un rapido salvataggio. Dispositivi essenziali per la sicurezza marittima.\" \/>\n<meta name=\"robots\" content=\"index, follow, max-snippet:-1, max-image-preview:large, max-video-preview:-1\" \/>\n<link rel=\"canonical\" href=\"https:\/\/oceansignal.com\/it\/products\/m100-m100x\/\" \/>\n<meta property=\"og:locale\" content=\"it_IT\" \/>\n<meta property=\"og:type\" content=\"article\" \/>\n<meta property=\"og:title\" content=\"M100\/M100X\" \/>\n<meta property=\"og:description\" content=\"Ocean Signal M100 e M100X AIS e 121.5 Man Overboard Beacon: MOB commerciale affidabile per un rapido salvataggio. Dispositivi essenziali per la sicurezza marittima.\" \/>\n<meta property=\"og:url\" content=\"https:\/\/oceansignal.com\/it\/products\/m100-m100x\/\" \/>\n<meta property=\"og:site_name\" content=\"Ocean Signal\" \/>\n<meta property=\"article:modified_time\" content=\"2026-02-25T13:50:37+00:00\" \/>\n<meta property=\"og:image\" content=\"https:\/\/oceansignal.com\/wp-content\/uploads\/2023\/09\/M100-Front.png\" \/>\n\t<meta property=\"og:image:width\" content=\"800\" \/>\n\t<meta property=\"og:image:height\" content=\"800\" \/>\n\t<meta property=\"og:image:type\" content=\"image\/png\" \/>\n<meta name=\"twitter:card\" content=\"summary_large_image\" \/>\n<meta name=\"twitter:label1\" content=\"Tempo di lettura stimato\" \/>\n\t<meta name=\"twitter:data1\" content=\"1 minuto\" \/>\n<script type=\"application\/ld+json\" class=\"yoast-schema-graph\">{\"@context\":\"https:\/\/schema.org\",\"@graph\":[{\"@type\":\"WebPage\",\"@id\":\"https:\/\/oceansignal.com\/it\/products\/m100-m100x\/\",\"url\":\"https:\/\/oceansignal.com\/it\/products\/m100-m100x\/\",\"name\":\"M100\/M100X - Ocean Signal\",\"isPartOf\":{\"@id\":\"https:\/\/oceansignal.com\/it\/#website\"},\"primaryImageOfPage\":{\"@id\":\"https:\/\/oceansignal.com\/it\/products\/m100-m100x\/#primaryimage\"},\"image\":{\"@id\":\"https:\/\/oceansignal.com\/it\/products\/m100-m100x\/#primaryimage\"},\"thumbnailUrl\":\"https:\/\/oceansignal.com\/wp-content\/uploads\/2023\/09\/M100-Front.png\",\"datePublished\":\"2023-09-08T13:06:06+00:00\",\"dateModified\":\"2026-02-25T13:50:37+00:00\",\"description\":\"Ocean Signal M100 e M100X AIS e 121.5 Man Overboard Beacon: MOB commerciale affidabile per un rapido salvataggio. Dispositivi essenziali per la sicurezza marittima.\",\"breadcrumb\":{\"@id\":\"https:\/\/oceansignal.com\/it\/products\/m100-m100x\/#breadcrumb\"},\"inLanguage\":\"it-IT\",\"potentialAction\":[{\"@type\":\"ReadAction\",\"target\":[\"https:\/\/oceansignal.com\/it\/products\/m100-m100x\/\"]}]},{\"@type\":\"ImageObject\",\"inLanguage\":\"it-IT\",\"@id\":\"https:\/\/oceansignal.com\/it\/products\/m100-m100x\/#primaryimage\",\"url\":\"https:\/\/oceansignal.com\/wp-content\/uploads\/2023\/09\/M100-Front.png\",\"contentUrl\":\"https:\/\/oceansignal.com\/wp-content\/uploads\/2023\/09\/M100-Front.png\",\"width\":800,\"height\":800},{\"@type\":\"BreadcrumbList\",\"@id\":\"https:\/\/oceansignal.com\/it\/products\/m100-m100x\/#breadcrumb\",\"itemListElement\":[{\"@type\":\"ListItem\",\"position\":1,\"name\":\"Prodotti\",\"item\":\"https:\/\/oceansignal.com\/it\/prodotti\/\"},{\"@type\":\"ListItem\",\"position\":2,\"name\":\"M100\/M100X\"}]},{\"@type\":\"WebSite\",\"@id\":\"https:\/\/oceansignal.com\/it\/#website\",\"url\":\"https:\/\/oceansignal.com\/it\/\",\"name\":\"Ocean Signal\",\"description\":\"A leading manufacturer of EPIRBs, AIS, SARTs, Personal Locator Beacons, Man Overboard Beacon for the Marine and Outdoor Markets.\",\"potentialAction\":[{\"@type\":\"SearchAction\",\"target\":{\"@type\":\"EntryPoint\",\"urlTemplate\":\"https:\/\/oceansignal.com\/it\/?s={search_term_string}\"},\"query-input\":{\"@type\":\"PropertyValueSpecification\",\"valueRequired\":true,\"valueName\":\"search_term_string\"}}],\"inLanguage\":\"it-IT\"}]}<\/script>\n<!-- \/ Yoast SEO Premium plugin. -->","yoast_head_json":{"title":"M100\/M100X - Ocean Signal","description":"Ocean Signal M100 e M100X AIS e 121.5 Man Overboard Beacon: MOB commerciale affidabile per un rapido salvataggio. Dispositivi essenziali per la sicurezza marittima.","robots":{"index":"index","follow":"follow","max-snippet":"max-snippet:-1","max-image-preview":"max-image-preview:large","max-video-preview":"max-video-preview:-1"},"canonical":"https:\/\/oceansignal.com\/it\/products\/m100-m100x\/","og_locale":"it_IT","og_type":"article","og_title":"M100\/M100X","og_description":"Ocean Signal M100 e M100X AIS e 121.5 Man Overboard Beacon: MOB commerciale affidabile per un rapido salvataggio. Dispositivi essenziali per la sicurezza marittima.","og_url":"https:\/\/oceansignal.com\/it\/products\/m100-m100x\/","og_site_name":"Ocean Signal","article_modified_time":"2026-02-25T13:50:37+00:00","og_image":[{"width":800,"height":800,"url":"https:\/\/oceansignal.com\/wp-content\/uploads\/2023\/09\/M100-Front.png","type":"image\/png"}],"twitter_card":"summary_large_image","twitter_misc":{"Tempo di lettura stimato":"1 minuto"},"schema":{"@context":"https:\/\/schema.org","@graph":[{"@type":"WebPage","@id":"https:\/\/oceansignal.com\/it\/products\/m100-m100x\/","url":"https:\/\/oceansignal.com\/it\/products\/m100-m100x\/","name":"M100\/M100X - Ocean Signal","isPartOf":{"@id":"https:\/\/oceansignal.com\/it\/#website"},"primaryImageOfPage":{"@id":"https:\/\/oceansignal.com\/it\/products\/m100-m100x\/#primaryimage"},"image":{"@id":"https:\/\/oceansignal.com\/it\/products\/m100-m100x\/#primaryimage"},"thumbnailUrl":"https:\/\/oceansignal.com\/wp-content\/uploads\/2023\/09\/M100-Front.png","datePublished":"2023-09-08T13:06:06+00:00","dateModified":"2026-02-25T13:50:37+00:00","description":"Ocean Signal M100 e M100X AIS e 121.5 Man Overboard Beacon: MOB commerciale affidabile per un rapido salvataggio. Dispositivi essenziali per la sicurezza marittima.","breadcrumb":{"@id":"https:\/\/oceansignal.com\/it\/products\/m100-m100x\/#breadcrumb"},"inLanguage":"it-IT","potentialAction":[{"@type":"ReadAction","target":["https:\/\/oceansignal.com\/it\/products\/m100-m100x\/"]}]},{"@type":"ImageObject","inLanguage":"it-IT","@id":"https:\/\/oceansignal.com\/it\/products\/m100-m100x\/#primaryimage","url":"https:\/\/oceansignal.com\/wp-content\/uploads\/2023\/09\/M100-Front.png","contentUrl":"https:\/\/oceansignal.com\/wp-content\/uploads\/2023\/09\/M100-Front.png","width":800,"height":800},{"@type":"BreadcrumbList","@id":"https:\/\/oceansignal.com\/it\/products\/m100-m100x\/#breadcrumb","itemListElement":[{"@type":"ListItem","position":1,"name":"Prodotti","item":"https:\/\/oceansignal.com\/it\/prodotti\/"},{"@type":"ListItem","position":2,"name":"M100\/M100X"}]},{"@type":"WebSite","@id":"https:\/\/oceansignal.com\/it\/#website","url":"https:\/\/oceansignal.com\/it\/","name":"Ocean Signal","description":"A leading manufacturer of EPIRBs, AIS, SARTs, Personal Locator Beacons, Man Overboard Beacon for the Marine and Outdoor Markets.","potentialAction":[{"@type":"SearchAction","target":{"@type":"EntryPoint","urlTemplate":"https:\/\/oceansignal.com\/it\/?s={search_term_string}"},"query-input":{"@type":"PropertyValueSpecification","valueRequired":true,"valueName":"search_term_string"}}],"inLanguage":"it-IT"}]}},"_links":{"self":[{"href":"https:\/\/oceansignal.com\/it\/wp-json\/wp\/v2\/product\/7316","targetHints":{"allow":["GET"]}}],"collection":[{"href":"https:\/\/oceansignal.com\/it\/wp-json\/wp\/v2\/product"}],"about":[{"href":"https:\/\/oceansignal.com\/it\/wp-json\/wp\/v2\/types\/product"}],"wp:featuredmedia":[{"embeddable":true,"href":"https:\/\/oceansignal.com\/it\/wp-json\/wp\/v2\/media\/12489"}],"wp:attachment":[{"href":"https:\/\/oceansignal.com\/it\/wp-json\/wp\/v2\/media?parent=7316"}],"wp:term":[{"taxonomy":"product_brand","embeddable":true,"href":"https:\/\/oceansignal.com\/it\/wp-json\/wp\/v2\/product_brand?post=7316"},{"taxonomy":"product_cat","embeddable":true,"href":"https:\/\/oceansignal.com\/it\/wp-json\/wp\/v2\/product_cat?post=7316"},{"taxonomy":"product_tag","embeddable":true,"href":"https:\/\/oceansignal.com\/it\/wp-json\/wp\/v2\/product_tag?post=7316"}],"curies":[{"name":"wp","href":"https:\/\/api.w.org\/{rel}","templated":true}]}}