{"id":7740,"date":"2023-07-11T19:29:27","date_gmt":"2023-07-11T19:29:27","guid":{"rendered":"https:\/\/oceansignal.com\/products\/safesea-epirb3-pro\/"},"modified":"2026-01-21T19:52:38","modified_gmt":"2026-01-21T19:52:38","slug":"safesea-epirb3-pro","status":"publish","type":"product","link":"https:\/\/oceansignal.com\/it\/products\/safesea-epirb3-pro\/","title":{"rendered":"safeSEA EPIRB3 Pro"},"content":{"rendered":"<p>Riepilogo:<\/p>\n<p>Il nuovo Ocean Signal EPIRB3 Pro \u00e8 un segnalatore di soccorso globale a 406 MHz con funzionalit\u00e0 complete, dotato di una staffa galleggiante a sgancio automatico e numerose funzionalit\u00e0 in un design moderno e compatto, che include la tecnologia AIS. L&#8217;AIS fornisce ai soccorritori locali informazioni precise e affidabili sulla posizione attuale del segnalatore, velocizzando cos\u00ec le operazioni di soccorso. Inoltre, il servizio di collegamento di ritorno (RLS) rassicura coloro che attivano il segnalatore confermando la ricezione del messaggio di soccorso. L&#8217;integrazione della funzionalit\u00e0 Near Field Communication (NFC) consente l&#8217;utilizzo di un&#8217;app per smartphone per monitorare la batteria e altre funzioni EPIRB , assicurandone il corretto funzionamento. Con il suo design sottile e le funzionalit\u00e0 avanzate, l&#8217; EPIRB3 Pro \u00e8 ideale per una variet\u00e0 di naviganti, che si tratti di crociere nel Mediterraneo, di uscite in stretto, di pesca, di lavoro o di navigazione d&#8217;altura.    <\/p>\n<p>Blog suggerito: <a href=\"https:\/\/oceansignal.com\/it\/news\/che-cose-un-radiofaro-o-epirb-che-indica-la-posizione-di-emergenza\/\">Che cosa \u00e8 un EPRIB<\/a><\/p>\n<p>Descrizione:<\/p>\n<p>Il nuovo EPIRB3 Pro (Emergency Positioning Radio Beacon) di Ocean Signal aumenta l&#8217;affidabilit\u00e0 e semplifica le operazioni di soccorso grazie a nuove funzionalit\u00e0 avanzate. Questo nuovo EPIRB trasmette un mayday digitale sulla frequenza di 406 MHz, avvisando i soccorritori di tutto il mondo via satellite, e trasmette localmente segnali VHF del Sistema di Identificazione Automatica (AIS) per aiutare i soccorritori a trovare il radiofaro pi\u00f9 velocemente. Una volta attivato, l&#8217; EPIRB3 Pro trasmette un segnale di emergenza al sistema di soccorso satellitare globale <a href=\"https:\/\/www.cospas-sarsat.int\/en\/\">Cospas-Sarsat<\/a> e contemporaneamente invia un avviso AIS sulle frequenze VHF, immediatamente visibile da qualsiasi imbarcazione nelle vicinanze dotata di AIS. Il servizio di collegamento di ritorno (RLS) fornisce all&#8217;utente una conferma visiva della ricezione del messaggio di soccorso. La combinazione di AIS, un segnale di homing a 121,5 MHz e luci stroboscopiche visibili e a infrarossi velocizza i tempi di recupero consentendo ai soccorritori di individuare la posizione del radiofaro, anche se si \u00e8 spostato, indipendentemente dall&#8217;ora del giorno o della notte. Near Field Communication (NFC) \u00e8 una nuova fantastica funzionalit\u00e0 che consente agli utenti di monitorare l&#8217; EPIRB3 Pro tramite un&#8217;app gratuita per smartphone, assicurandosi che la batteria abbia carica sufficiente e che il faro funzioni correttamente prima di uscire.     <\/p>\n<p>&nbsp;<\/p>\n<p>La tecnologia avanzata di sicurezza e soccorso in mare di Ocean Signal presente nel nuovo EPIRB3 Pro con AIS, combina nuove funzionalit\u00e0 innovative in una custodia compatta ed ergonomica, ideale per tutti i tipi e le dimensioni di imbarcazioni da diporto e commerciali.<\/p>\n<p>&nbsp;<\/p>\n<p><strong>I tempi di salvataggio possono migliorare con l&#8217;attivazione globale combinata con la trasmissione del beacon locale AIS.<\/strong><\/p>\n<p>&nbsp;<\/p>\n<p>L&#8217; EPIRB3 Pro utilizza le reti di posizionamento GNSS (GPS, Galileo, Glonass) per determinare la propria posizione globale. Quando il radiofaro viene attivato, una trasmissione di emergenza a 406 MHz inoltra la posizione EPIRB GPS (GPIRB), con una precisione di 100 metri, alla rete satellitare mondiale di ricerca e soccorso Cospas-Sarsat. Le stazioni di terra collegate al sistema satellitare ricevono l&#8217;identificazione EPIRB e le informazioni sulla posizione di intervento, consentendo di coordinare e avviare le operazioni di soccorso. Grazie all&#8217;avanzata tecnologia AIS ora integrata EPIRB , al momento dell&#8217;attivazione il radiofaro inizia a trasmettere segnali AIS in modo che le imbarcazioni vicine dotate di AIS vengano immediatamente informate della situazione di emergenza e ricevano la posizione del radiofaro. Le imbarcazioni dotate di AIS entro il raggio d&#8217;azione VHF visualizzeranno un messaggio di sicurezza sui loro schermi che include il codice identificativo MMSI dell&#8217;imbarcazione. Le imbarcazioni locali possono avviare immediatamente le operazioni di soccorso e recupero, accelerando potenzialmente i tempi di recupero e salvando vite umane. Poich\u00e9 un bersaglio AIS viene visualizzato sul display di bordo di qualsiasi imbarcazione nelle vicinanze dotata di AIS, \u00e8 possibile navigare facilmente verso l&#8217; EPIRB selezionando il bersaglio AIS. Anche in assenza di imbarcazioni locali disponibili, l&#8217;AIS velocizzer\u00e0 i tempi di recupero consentendo agli operatori SAR marittimi di individuare con precisione la posizione EPIRB durante l&#8217;avvicinamento. La combinazione di chiamate di soccorso satellitari globali, trasmissione precisa della posizione GPIRB e messaggi di sicurezza AIS locali migliorer\u00e0 notevolmente i tempi di recupero e il successo del recupero.        <\/p>\n<p>&nbsp;<\/p>\n<p><strong>La tecnologia Near Field Communication (NFC) consente la diagnosi EPIRB tramite uno smartphone.<\/strong><\/p>\n<p>&nbsp;<\/p>\n<p>Gli utenti di Beacon possono ora controllare il proprio EPIRB collegando il proprio smartphone tramite <a href=\"https:\/\/www.youtube.com\/watch?v=MRXLii6r3n4&amp;t=35s\">NFC (Near Field Communication)<\/a> . Questa tecnologia connette uno smartphone posizionato accanto all&#8217;EPIRB3 avviando automaticamente l&#8217;app gratuita Ocean Signal Product. L&#8217;app offre una diagnostica completa che mostra all&#8217;utente la durata attuale della batteria, il numero di autotest completati, il numero di test GNSS completati e per quanto tempo l&#8217;EPIRB \u00e8 stato attivato. Vengono visualizzate in modo pratico informazioni dettagliate, tra cui una vista mappa che mostra dove \u00e8 stato eseguito un test GNSS, la data e l&#8217;ora del test, il tempo impiegato dall&#8217;EPIRB per ottenere una correzione sulle coordinate GNSS, il numero di satelliti utilizzati per ottenere tale correzione e la precisione della correzione. L&#8217;app mobile gratuita e la funzionalit\u00e0 NFC di Ocean Signal forniscono agli utenti tutte le informazioni necessarie per confermare che il loro EPIRB \u00e8 completamente funzionante e pronto per l&#8217;uso in caso di emergenza.<\/p>\n<p>&nbsp;<\/p>\n<p><strong>Il comodo servizio di collegamento di ritorno (RLS) comunica agli utenti che la chiamata di soccorso \u00e8 stata ricevuta.<\/strong><\/p>\n<p>&nbsp;<\/p>\n<p>Gli EPIRB vengono utilizzati in caso di emergenza e le operazioni di soccorso possono richiedere tempo, soprattutto se l&#8217;imbarcazione in difficolt\u00e0 si trova al largo. L&#8217; EPIRB3 Pro \u00e8 dotato del servizio di collegamento di ritorno (RLS) che notifica agli utenti l&#8217;avvenuta ricezione del segnale di soccorso tramite radiofaro. Il segnale RLS viene inviato tramite la <a href=\"https:\/\/www.euspa.europa.eu\/european-space\/galileo\/services\/search-and-rescue-sar-galileo-service\">rete satellitare Galileo<\/a> per confermare la ricezione del messaggio di soccorso, insieme alla posizione precisa e agli identificativi EPIRB . Una semplice luce blu lampeggiante informa gli utenti che l&#8217; EPIRB si \u00e8 connesso correttamente tramite la rete satellitare e i soccorritori verranno avvisati. Sapere che il segnale di emergenza digitale (mayday) \u00e8 stato comunicato correttamente, insieme all&#8217;identificazione EPIRB e alla posizione del radiofaro, aiuta le persone in difficolt\u00e0 a mantenere la calma in attesa delle operazioni di soccorso.    <\/p>\n<p>&nbsp;<\/p>\n<p><strong>Staffa di montaggio<\/strong><\/p>\n<p>&nbsp;<\/p>\n<p>L&#8217; EPIRB3 Pro \u00e8 dotato di una staffa di montaggio flottante a sgancio automatico di Categoria 1. Questa staffa conserva in modo sicuro l&#8217; EPIRB3 Pro per tutta la durata del viaggio, indipendentemente dalle condizioni meteorologiche. Offre inoltre le migliori possibilit\u00e0 di attivazione in situazioni di emergenza in cui \u00e8 difficile per un membro dell&#8217;equipaggio raggiungere l&#8217; EPIRB .  <\/p>\n<p>Ocean Signal si avvale di tecnologie avanzate e processi produttivi di alta qualit\u00e0 per sviluppare e produrre dispositivi elettronici di soccorso di alta qualit\u00e0 e altri prodotti salvavita. Il nuovo EPIRB3 Pro , con il suo profilo sagomato, \u00e8 adatto sia per imbarcazioni a vela che a motore. Sia gli utenti ricreativi che quelli commerciali possono essere certi che le caratteristiche di questo nuovo EPIRB offrano le massime possibilit\u00e0 di un salvataggio efficiente e di successo, ovunque si trovino. Le numerose funzionalit\u00e0 high-tech EPIRB3 Pro si combinano con un design unico che ne consente un utilizzo efficace su tutti i tipi di imbarcazioni, sia che si svolgano attivit\u00e0 di lavoro o di svago vicino alla costa, in mare aperto o in traversata.   <\/p>\n<p>Per la versione di rilascio manuale di categoria 2: <a href=\"https:\/\/oceansignal.com\/products\/safesea-epirb3-pro\/\">rescueME EPIRB3<\/a><\/p>\n<p><strong>Tratti somatici:<\/strong><\/p>\n<p>&nbsp;<\/p>\n<ul>\n<li>Approvato per l&#8217;uso su navi SOLAS<\/li>\n<li>30% (tipico) pi\u00f9 piccolo<\/li>\n<li>Allarme di soccorso AIS<\/li>\n<li>Servizio di collegamento per il ritorno (RLS)<\/li>\n<li>Connettivit\u00e0 mobile tramite Near Field Communication (NFC)<\/li>\n<li>App gratuita (Apple e Android)<\/li>\n<li>Durata della batteria di 10 anni<\/li>\n<li>48+ ore di vita operativa<\/li>\n<li>Garanzia di 2 anni (possibilit\u00e0 di estendere la garanzia a 5 anni tramite la registrazione del prodotto con Ocean Signal )<\/li>\n<li>Posizionamento rapido e preciso con GPS a 72 canali<\/li>\n<li>Staffa flottante con sgancio automatico di categoria I<\/li>\n<li>Cordino di sicurezza<\/li>\n<\/ul>\n<p>&nbsp;<\/p>\n","protected":false},"excerpt":{"rendered":"<p>Il nostro segnalatore di soccorso globale da 406 MHz con funzionalit\u00e0 complete, dotato di staffa di rilascio automatico senza galleggiante<\/p>\n<ul>\n<li>Approvato per l&#8217;uso su navi SOLAS<\/li>\n<li>30% (tipico) pi\u00f9 piccolo<\/li>\n<li>Allarme di soccorso AIS<\/li>\n<li>Servizio di collegamento per il ritorno (RLS)<\/li>\n<li>Connettivit\u00e0 mobile tramite Near Field Communication (NFC)<\/li>\n<li>App gratuita (Apple e Android)<\/li>\n<li>Durata della batteria di 10 anni<\/li>\n<li>48+ ore di vita operativa<\/li>\n<li>Garanzia di 2 anni (possibilit\u00e0 di estendere la garanzia a 5 anni tramite la registrazione del prodotto con Ocean Signal )<\/li>\n<li>Posizionamento rapido e preciso con GPS a 72 canali<\/li>\n<li>Staffa flottante con sgancio automatico di categoria I<\/li>\n<li>Cordino di sicurezza<\/li>\n<\/ul>\n<p><a href=\"https:\/\/www.dropbox.com\/s\/8343nj28z0d7bxa\/Prop%2065%20-%20BPA.pdf?dl=0\" data-cke-saved-href=\"https:\/\/www.dropbox.com\/s\/8343nj28z0d7bxa\/Prop%2065%20-%20BPA.pdf?dl=0\">ATTENZIONE: PROP 65<\/a><\/p>\n<p>&nbsp;<\/p>\n","protected":false},"featured_media":11988,"template":"","meta":{"_acf_changed":false,"om_disable_all_campaigns":false},"product_brand":[],"product_cat":[729,333],"product_tag":[485,730,733,732,731,736,735,734],"class_list":{"0":"post-7740","1":"product","2":"type-product","3":"status-publish","4":"has-post-thumbnail","6":"product_cat-epirb-it","7":"product_cat-safesea-it","8":"product_tag-ais-it","9":"product_tag-epirb-it","10":"product_tag-epirb3-pro-it","11":"product_tag-la-sindrome-delle-gambe-senza-riposo","12":"product_tag-non-fc","13":"product_tag-segnalatore-di-soccorso-e-posizionamento-di-emergenza","14":"product_tag-servizio-di-collegamento-per-il-ritorno","15":"product_tag-unita-di-rilascio-idrostatico","17":"first","18":"instock","19":"taxable","20":"shipping-taxable","21":"purchasable","22":"product-type-simple"},"acf":[],"yoast_head":"<!-- This site is optimized with the Yoast SEO Premium plugin v25.2 (Yoast SEO v26.4) - https:\/\/yoast.com\/wordpress\/plugins\/seo\/ -->\n<title>safeSEA EPIRB3 Pro - Ocean Signal<\/title>\n<meta name=\"description\" content=\"Ocean Signal safeSEA EPIRB3 Pro : Radiofaro GMDSS avanzato con indicazione della posizione di emergenza e AIS per imbarcazioni SOLAS e da diporto. Acquista ora\" \/>\n<meta name=\"robots\" content=\"index, follow, max-snippet:-1, max-image-preview:large, max-video-preview:-1\" \/>\n<link rel=\"canonical\" href=\"https:\/\/oceansignal.com\/it\/products\/safesea-epirb3-pro\/\" \/>\n<meta property=\"og:locale\" content=\"it_IT\" \/>\n<meta property=\"og:type\" content=\"article\" \/>\n<meta property=\"og:title\" content=\"safeSEA EPIRB3 Pro\" \/>\n<meta property=\"og:description\" content=\"Ocean Signal safeSEA EPIRB3 Pro : Radiofaro GMDSS avanzato con indicazione della posizione di emergenza e AIS per imbarcazioni SOLAS e da diporto. Acquista ora\" \/>\n<meta property=\"og:url\" content=\"https:\/\/oceansignal.com\/it\/products\/safesea-epirb3-pro\/\" \/>\n<meta property=\"og:site_name\" content=\"Ocean Signal\" \/>\n<meta property=\"article:modified_time\" content=\"2026-01-21T19:52:38+00:00\" \/>\n<meta property=\"og:image\" content=\"https:\/\/oceansignal.com\/wp-content\/uploads\/2023\/07\/EPIRB3-Pro.png\" \/>\n\t<meta property=\"og:image:width\" content=\"800\" \/>\n\t<meta property=\"og:image:height\" content=\"800\" \/>\n\t<meta property=\"og:image:type\" content=\"image\/png\" \/>\n<meta name=\"twitter:card\" content=\"summary_large_image\" \/>\n<meta name=\"twitter:label1\" content=\"Tempo di lettura stimato\" \/>\n\t<meta name=\"twitter:data1\" content=\"6 minuti\" \/>\n<script type=\"application\/ld+json\" class=\"yoast-schema-graph\">{\"@context\":\"https:\/\/schema.org\",\"@graph\":[{\"@type\":\"WebPage\",\"@id\":\"https:\/\/oceansignal.com\/it\/products\/safesea-epirb3-pro\/\",\"url\":\"https:\/\/oceansignal.com\/it\/products\/safesea-epirb3-pro\/\",\"name\":\"safeSEA EPIRB3 Pro - Ocean Signal\",\"isPartOf\":{\"@id\":\"https:\/\/oceansignal.com\/it\/#website\"},\"primaryImageOfPage\":{\"@id\":\"https:\/\/oceansignal.com\/it\/products\/safesea-epirb3-pro\/#primaryimage\"},\"image\":{\"@id\":\"https:\/\/oceansignal.com\/it\/products\/safesea-epirb3-pro\/#primaryimage\"},\"thumbnailUrl\":\"https:\/\/oceansignal.com\/wp-content\/uploads\/2023\/07\/EPIRB3-Pro.png\",\"datePublished\":\"2023-07-11T19:29:27+00:00\",\"dateModified\":\"2026-01-21T19:52:38+00:00\",\"description\":\"Ocean Signal safeSEA EPIRB3 Pro : Radiofaro GMDSS avanzato con indicazione della posizione di emergenza e AIS per imbarcazioni SOLAS e da diporto. Acquista ora\",\"breadcrumb\":{\"@id\":\"https:\/\/oceansignal.com\/it\/products\/safesea-epirb3-pro\/#breadcrumb\"},\"inLanguage\":\"it-IT\",\"potentialAction\":[{\"@type\":\"ReadAction\",\"target\":[\"https:\/\/oceansignal.com\/it\/products\/safesea-epirb3-pro\/\"]}]},{\"@type\":\"ImageObject\",\"inLanguage\":\"it-IT\",\"@id\":\"https:\/\/oceansignal.com\/it\/products\/safesea-epirb3-pro\/#primaryimage\",\"url\":\"https:\/\/oceansignal.com\/wp-content\/uploads\/2023\/07\/EPIRB3-Pro.png\",\"contentUrl\":\"https:\/\/oceansignal.com\/wp-content\/uploads\/2023\/07\/EPIRB3-Pro.png\",\"width\":800,\"height\":800},{\"@type\":\"BreadcrumbList\",\"@id\":\"https:\/\/oceansignal.com\/it\/products\/safesea-epirb3-pro\/#breadcrumb\",\"itemListElement\":[{\"@type\":\"ListItem\",\"position\":1,\"name\":\"Prodotti\",\"item\":\"https:\/\/oceansignal.com\/it\/prodotti\/\"},{\"@type\":\"ListItem\",\"position\":2,\"name\":\"safeSEA EPIRB3 Pro\"}]},{\"@type\":\"WebSite\",\"@id\":\"https:\/\/oceansignal.com\/it\/#website\",\"url\":\"https:\/\/oceansignal.com\/it\/\",\"name\":\"Ocean Signal\",\"description\":\"A leading manufacturer of EPIRBs, AIS, SARTs, Personal Locator Beacons, Man Overboard Beacon for the Marine and Outdoor Markets.\",\"potentialAction\":[{\"@type\":\"SearchAction\",\"target\":{\"@type\":\"EntryPoint\",\"urlTemplate\":\"https:\/\/oceansignal.com\/it\/?s={search_term_string}\"},\"query-input\":{\"@type\":\"PropertyValueSpecification\",\"valueRequired\":true,\"valueName\":\"search_term_string\"}}],\"inLanguage\":\"it-IT\"}]}<\/script>\n<!-- \/ Yoast SEO Premium plugin. -->","yoast_head_json":{"title":"safeSEA EPIRB3 Pro - Ocean Signal","description":"Ocean Signal safeSEA EPIRB3 Pro : Radiofaro GMDSS avanzato con indicazione della posizione di emergenza e AIS per imbarcazioni SOLAS e da diporto. Acquista ora","robots":{"index":"index","follow":"follow","max-snippet":"max-snippet:-1","max-image-preview":"max-image-preview:large","max-video-preview":"max-video-preview:-1"},"canonical":"https:\/\/oceansignal.com\/it\/products\/safesea-epirb3-pro\/","og_locale":"it_IT","og_type":"article","og_title":"safeSEA EPIRB3 Pro","og_description":"Ocean Signal safeSEA EPIRB3 Pro : Radiofaro GMDSS avanzato con indicazione della posizione di emergenza e AIS per imbarcazioni SOLAS e da diporto. Acquista ora","og_url":"https:\/\/oceansignal.com\/it\/products\/safesea-epirb3-pro\/","og_site_name":"Ocean Signal","article_modified_time":"2026-01-21T19:52:38+00:00","og_image":[{"width":800,"height":800,"url":"https:\/\/oceansignal.com\/wp-content\/uploads\/2023\/07\/EPIRB3-Pro.png","type":"image\/png"}],"twitter_card":"summary_large_image","twitter_misc":{"Tempo di lettura stimato":"6 minuti"},"schema":{"@context":"https:\/\/schema.org","@graph":[{"@type":"WebPage","@id":"https:\/\/oceansignal.com\/it\/products\/safesea-epirb3-pro\/","url":"https:\/\/oceansignal.com\/it\/products\/safesea-epirb3-pro\/","name":"safeSEA EPIRB3 Pro - Ocean Signal","isPartOf":{"@id":"https:\/\/oceansignal.com\/it\/#website"},"primaryImageOfPage":{"@id":"https:\/\/oceansignal.com\/it\/products\/safesea-epirb3-pro\/#primaryimage"},"image":{"@id":"https:\/\/oceansignal.com\/it\/products\/safesea-epirb3-pro\/#primaryimage"},"thumbnailUrl":"https:\/\/oceansignal.com\/wp-content\/uploads\/2023\/07\/EPIRB3-Pro.png","datePublished":"2023-07-11T19:29:27+00:00","dateModified":"2026-01-21T19:52:38+00:00","description":"Ocean Signal safeSEA EPIRB3 Pro : Radiofaro GMDSS avanzato con indicazione della posizione di emergenza e AIS per imbarcazioni SOLAS e da diporto. Acquista ora","breadcrumb":{"@id":"https:\/\/oceansignal.com\/it\/products\/safesea-epirb3-pro\/#breadcrumb"},"inLanguage":"it-IT","potentialAction":[{"@type":"ReadAction","target":["https:\/\/oceansignal.com\/it\/products\/safesea-epirb3-pro\/"]}]},{"@type":"ImageObject","inLanguage":"it-IT","@id":"https:\/\/oceansignal.com\/it\/products\/safesea-epirb3-pro\/#primaryimage","url":"https:\/\/oceansignal.com\/wp-content\/uploads\/2023\/07\/EPIRB3-Pro.png","contentUrl":"https:\/\/oceansignal.com\/wp-content\/uploads\/2023\/07\/EPIRB3-Pro.png","width":800,"height":800},{"@type":"BreadcrumbList","@id":"https:\/\/oceansignal.com\/it\/products\/safesea-epirb3-pro\/#breadcrumb","itemListElement":[{"@type":"ListItem","position":1,"name":"Prodotti","item":"https:\/\/oceansignal.com\/it\/prodotti\/"},{"@type":"ListItem","position":2,"name":"safeSEA EPIRB3 Pro"}]},{"@type":"WebSite","@id":"https:\/\/oceansignal.com\/it\/#website","url":"https:\/\/oceansignal.com\/it\/","name":"Ocean Signal","description":"A leading manufacturer of EPIRBs, AIS, SARTs, Personal Locator Beacons, Man Overboard Beacon for the Marine and Outdoor Markets.","potentialAction":[{"@type":"SearchAction","target":{"@type":"EntryPoint","urlTemplate":"https:\/\/oceansignal.com\/it\/?s={search_term_string}"},"query-input":{"@type":"PropertyValueSpecification","valueRequired":true,"valueName":"search_term_string"}}],"inLanguage":"it-IT"}]}},"_links":{"self":[{"href":"https:\/\/oceansignal.com\/it\/wp-json\/wp\/v2\/product\/7740","targetHints":{"allow":["GET"]}}],"collection":[{"href":"https:\/\/oceansignal.com\/it\/wp-json\/wp\/v2\/product"}],"about":[{"href":"https:\/\/oceansignal.com\/it\/wp-json\/wp\/v2\/types\/product"}],"wp:featuredmedia":[{"embeddable":true,"href":"https:\/\/oceansignal.com\/it\/wp-json\/wp\/v2\/media\/11988"}],"wp:attachment":[{"href":"https:\/\/oceansignal.com\/it\/wp-json\/wp\/v2\/media?parent=7740"}],"wp:term":[{"taxonomy":"product_brand","embeddable":true,"href":"https:\/\/oceansignal.com\/it\/wp-json\/wp\/v2\/product_brand?post=7740"},{"taxonomy":"product_cat","embeddable":true,"href":"https:\/\/oceansignal.com\/it\/wp-json\/wp\/v2\/product_cat?post=7740"},{"taxonomy":"product_tag","embeddable":true,"href":"https:\/\/oceansignal.com\/it\/wp-json\/wp\/v2\/product_tag?post=7740"}],"curies":[{"name":"wp","href":"https:\/\/api.w.org\/{rel}","templated":true}]}}