{"id":7775,"date":"2023-09-07T14:09:53","date_gmt":"2023-09-07T14:09:53","guid":{"rendered":"https:\/\/oceansignal.com\/products\/rescueme-plb3\/"},"modified":"2026-04-08T10:34:33","modified_gmt":"2026-04-08T10:34:33","slug":"rescueme-plb3","status":"publish","type":"product","link":"https:\/\/oceansignal.com\/it\/products\/rescueme-plb3\/","title":{"rendered":"rescueME PLB3"},"content":{"rendered":"<p class=\"ai-optimize-42 ai-optimize-introduction\">Ecco il <a href=\"https:\/\/oceansignal.com\/it\/news\/ocean-signal-vince-il-dame-design-award-2022-per-il-localizzatore-personale-rescueme-plb3-ais\/\">premiato<\/a> Ocean Signal rescueME PLB3 AIS Personal Locator Beacon, ora app mobile gratuita. Il PLB3 trasmette sul sistema satellitare mondiale <a href=\"https:\/\/www.cospas-sarsat.int\/en\/\">Cospas Sarsat<\/a> che include 3 diverse costellazioni per garantire che il tuo segnale di soccorso a 406 MHz raggiunga immediatamente la rete globale delle forze di ricerca e soccorso con la tua posizione precisa entro 100 metri. Con pi\u00f9 livelli di tecnologia di segnalazione integrata, tra cui posizionamento a 406 MHz e GNSS (GPS, <a href=\"https:\/\/www.euspa.europa.eu\/european-space\/galileo\/services\/search-and-rescue-sar-galileo-service\">Galileo<\/a> , Glonass), il PLB3 trasmette anche un segnale di homing a 121,5 MHz che guida i servizi di ricerca e soccorso alla posizione corrente del radiofaro quando arrivano sulla scena, poich\u00e9 il radiofaro potrebbe essersi spostato dalla posizione originariamente trasmessa. L&#8217;aggiunta di trasmissioni AIS (Automatic Identification System) significa che il radiofaro PLB3 AIS Personal Locator Beacon avvisa simultaneamente tutte le imbarcazioni dotate di transponder AIS all&#8217;interno della portata radio VHF della posizione di soccorso del PLB . Ci\u00f2 aumenta notevolmente sia la probabilit\u00e0 che la velocit\u00e0 del salvataggio poich\u00e9 le imbarcazioni vicine ricevono gli avvisi. Immediatamente dopo l&#8217;attivazione del radiofaro, un messaggio di sicurezza AIS o un allarme MOB con l&#8217;MMSI e la posizione del radiofaro vengono presentati su qualsiasi schermo AIS nel raggio d&#8217;azione. Ci\u00f2 semplifica l&#8217;orientamento del radiofaro per le imbarcazioni vicine, poich\u00e9 \u00e8 un bersaglio AIS attivo sui loro schermi.<\/p>\n<p class=\"ai-optimize-44\">Il PLB3 illuminer\u00e0 il percorso dei soccorritori che giungono sulla scena con una luce stroboscopica bianca visibile e una luce stroboscopica a infrarossi, offrendo ai soccorritori il riferimento visivo di cui hanno bisogno durante le operazioni di soccorso notturne o in condizioni di scarsa visibilit\u00e0.<\/p>\n<p class=\"ai-optimize-45\"><strong>Connettivit\u00e0 smartphone tramite Near Field Communication (NFC)<\/strong><\/p>\n<p class=\"ai-optimize-46\">L&#8217;integrazione della <a href=\"https:\/\/www.youtube.com\/watch?v=MRXLii6r3n4\">tecnologia NFC<\/a> offre agli utenti la possibilit\u00e0 di accedere comodamente ai dati del beacon dal proprio telefono cellulare. Il semplice atto di posizionare un telefono vicino al beacon apre automaticamente l&#8217;app Ocean Signal Product e fornisce accesso a una vasta gamma di dati di utilizzo, tra cui la durata attuale della batteria, il numero di autotest completati, il numero di test GNSS completati e, se applicabile, la quantit\u00e0 di tempo in cui il beacon \u00e8 stato attivato. Sono inoltre disponibili informazioni dettagliate su ogni autotest e test GNSS eseguiti dal beacon, se lo si desidera. Per ogni test GNSS riuscito, gli utenti possono visualizzare una mappa che mostra esattamente dove \u00e8 stato eseguito il test, la data e l&#8217;ora del test, il tempo impiegato dal beacon per ottenere una correzione sulle coordinate GNSS, il numero di satelliti utilizzati dal beacon per ottenere tale correzione e l&#8217;accuratezza della posizione.<\/p>\n<p class=\"ai-optimize-47\">\n<p class=\"ai-optimize-48\"><strong>Servizio di collegamento per il ritorno<\/strong><\/p>\n<p class=\"ai-optimize-49\">La funzionalit\u00e0 Return Link Service o RLS funziona quando Search and Rescue invia un segnale tramite la rete <a href=\"https:\/\/www.euspa.europa.eu\/european-space\/galileo\/services\/search-and-rescue-sar-galileo-service\">satellitare Galileo<\/a> per confermare all&#8217;utente del beacon che il suo messaggio di soccorso \u00e8 stato ricevuto e la sua posizione \u00e8 stata rilevata. La conferma dell&#8217;utente \u00e8 chiaramente indicata da una luce blu lampeggiante sul PLB3 . Oltre a includere un set completo di funzionalit\u00e0, il PLB3 AIS Personal Locator Beacon \u00e8 progettato per il comfort. Goditi la tranquillit\u00e0 di sapere che il tuo messaggio di soccorso \u00e8 stato recapitato correttamente e che i soccorsi sono in arrivo.<\/p>\n<p>&nbsp;<\/p>\n<p class=\"ai-optimize-50\"><strong>Integrazione del giubbotto di salvataggio<\/strong><\/p>\n<p class=\"ai-optimize-51\">Il PLB3 \u00e8 progettato per essere installato all&#8217;interno di un giubbotto di salvataggio e per attivarsi al gonfiaggio del giubbotto (semi-automatico). <a href=\"https:\/\/www.youtube.com\/watch?v=eeTKOFMkfxM\">L&#8217;installazione \u00e8 semplificata<\/a> utilizzando la clip per tubo di gonfiaggio orale inclusa per fissare il PLB3 al giubbotto di salvataggio con un nastro collegato attorno alla camera d&#8217;aria del giubbotto di salvataggio. Una volta installato correttamente, l&#8217;azione di gonfiaggio del giubbotto di salvataggio innesca l&#8217;apertura dell&#8217;antenna e l&#8217;attivazione del faro.<\/p>\n<p class=\"ai-optimize-36\"><strong>Si consiglia di consultare il produttore del giubbotto di salvataggio prima dell&#8217;installazione, poich\u00e9 alcuni modelli potrebbero avere un metodo di montaggio preferito o raccomandazioni di integrazione specifiche.<\/strong><\/p>\n<p class=\"ai-optimize-52\">Gli utenti che non desiderano installare il PLB3 all&#8217;interno di un giubbotto di salvataggio possono utilizzare la clip in dotazione per fissare il segnalatore a una cintura di dimensioni adeguate o alla cinghia di un giubbotto di salvataggio galleggiante.<\/p>\n<p>&nbsp;<\/p>\n<p class=\"ai-optimize-53\"><strong>Tratti somatici:<\/strong><\/p>\n<ul>\n<li class=\"ai-optimize-54\">Non \u00e8 richiesto alcun abbonamento<\/li>\n<li class=\"ai-optimize-55\">Segnale di soccorso <a href=\"https:\/\/www.cospas-sarsat.int\/en\/\">Cospas Sarsat<\/a> a 406 MHz (compatibile con MEOSAR)<\/li>\n<li class=\"ai-optimize-56\">Segnale di homing locale a 121,5 MHz<\/li>\n<li class=\"ai-optimize-57\">Segnale di localizzazione AIS (Automatic Identification System)<\/li>\n<li class=\"ai-optimize-58\">Connettivit\u00e0 smartphone tramite NFC (Near Field Communication)<\/li>\n<li class=\"ai-optimize-59\">App mobile gratuita Ocean Signal Beacon (iOS e Android)<\/li>\n<li class=\"ai-optimize-60\">Funzionalit\u00e0 del servizio di collegamento di ritorno (RLS)<\/li>\n<li class=\"ai-optimize-61\">GNSS tramite GPS e satelliti <a href=\"https:\/\/www.euspa.europa.eu\/european-space\/galileo\/services\/search-and-rescue-sar-galileo-service\">Galileo<\/a><\/li>\n<li class=\"ai-optimize-62\">Luce stroboscopica e stroboscopica a infrarossi<\/li>\n<li class=\"ai-optimize-63\">Copertura globale<\/li>\n<li class=\"ai-optimize-64\">Semplice attacco PFD<\/li>\n<li class=\"ai-optimize-65\">Progettato per integrarsi con i comuni PFD gonfiabili<\/li>\n<li class=\"ai-optimize-66\">Sistema di clip multifunzione incluso<\/li>\n<li class=\"ai-optimize-67\">Piccolo e leggero<\/li>\n<li class=\"ai-optimize-68\">Durata della batteria: 6 anni dalla data di produzione o 5 anni dalla messa in servizio del segnalatore.<\/li>\n<li class=\"ai-optimize-69\">Oltre 24 ore di vita operativa<\/li>\n<\/ul>\n<p>&nbsp;<\/p>\n","protected":false},"excerpt":{"rendered":"<p class=\"ai-optimize-37\">Il <strong>PRIMO<\/strong> PLB al mondo con AIS e il <strong>PRIMO<\/strong> PLB al mondo a includere NFC e app mobile<\/p>\n<ul>\n<li class=\"ai-optimize-38\" data-start=\"71\" data-end=\"199\">\n<p class=\"ai-optimize-39\" data-start=\"73\" data-end=\"199\"><strong data-start=\"73\" data-end=\"97\">Sistema di allarme triplo:<\/strong> invia un segnale di soccorso globale a 406 MHz, AIS per le imbarcazioni vicine e homing a 121,5 MHz per le squadre di soccorso globali<\/p>\n<\/li>\n<li class=\"ai-optimize-40\" data-start=\"71\" data-end=\"199\"><strong data-start=\"406\" data-end=\"427\">Design compatibile con i giubbotti di salvataggio:<\/strong> include una clip multifunzione ed \u00e8 progettato per integrarsi perfettamente con la maggior parte dei giubbotti di salvataggio gonfiabili.<\/li>\n<li class=\"ai-optimize-41\" data-start=\"200\" data-end=\"302\">\n<p class=\"ai-optimize-42\" data-start=\"202\" data-end=\"302\"><strong data-start=\"202\" data-end=\"224\">Intelligente e connesso:<\/strong> NFC abilitato per la configurazione e il controllo dello stato tramite app mobile gratuita (iOS e Android)<\/p>\n<\/li>\n<li class=\"ai-optimize-43\" data-start=\"303\" data-end=\"403\">\n<p class=\"ai-optimize-44\" data-start=\"305\" data-end=\"403\"><strong data-start=\"305\" data-end=\"326\">Nessun abbonamento:<\/strong> acquisto una tantum con durata della batteria di 6 anni e autonomia di attivazione di oltre 24 ore<\/p>\n<\/li>\n<li class=\"ai-optimize-45\" data-start=\"303\" data-end=\"403\"><strong>Offerta: <a href=\"https:\/\/oceansignal.com\/it\/products\/sacca-di-galleggiamento-plb1-copy\/\">Custodia galleggiante PLB3<\/a> GRATUITA<\/strong> con ogni PLB3. Usa il codice: PLB3Pouch al momento del pagamento.<\/li>\n<\/ul>\n","protected":false},"featured_media":11873,"template":"","meta":{"_acf_changed":false,"om_disable_all_campaigns":false},"product_brand":[],"product_cat":[1985,831,474],"product_tag":[857,732,833,731,832,856],"class_list":{"0":"post-7775","1":"product","2":"type-product","3":"status-publish","4":"has-post-thumbnail","6":"product_cat-compatibile-con-il-giubbotto-di-salvataggio","7":"product_cat-localizzatori-personali","8":"product_cat-rescueme-it-2","9":"product_tag-406-mhz","10":"product_tag-la-sindrome-delle-gambe-senza-riposo","11":"product_tag-localizzatore-personale-beacon","12":"product_tag-non-fc","13":"product_tag-plb-it","14":"product_tag-plb3-it","16":"first","17":"instock","18":"taxable","19":"shipping-taxable","20":"purchasable","21":"product-type-simple"},"acf":[],"yoast_head":"<!-- This site is optimized with the Yoast SEO Premium plugin v25.2 (Yoast SEO v26.4) - https:\/\/yoast.com\/wordpress\/plugins\/seo\/ -->\n<title>rescueME PLB3 - Ocean Signal<\/title>\n<meta name=\"description\" content=\"Ocean Signal rescueME PLB3 AIS Personal Locator Beacon \u00e8 il primo e unico PLB con 406 MHz, servizio di collegamento di ritorno e app mobile. Acquista ora.\" \/>\n<meta name=\"robots\" content=\"index, follow, max-snippet:-1, max-image-preview:large, max-video-preview:-1\" \/>\n<link rel=\"canonical\" href=\"https:\/\/oceansignal.com\/it\/products\/rescueme-plb3\/\" \/>\n<meta property=\"og:locale\" content=\"it_IT\" \/>\n<meta property=\"og:type\" content=\"article\" \/>\n<meta property=\"og:title\" content=\"rescueME PLB3\" \/>\n<meta property=\"og:description\" content=\"Ocean Signal rescueME PLB3 AIS Personal Locator Beacon \u00e8 il primo e unico PLB con 406 MHz, servizio di collegamento di ritorno e app mobile. Acquista ora.\" \/>\n<meta property=\"og:url\" content=\"https:\/\/oceansignal.com\/it\/products\/rescueme-plb3\/\" \/>\n<meta property=\"og:site_name\" content=\"Ocean Signal\" \/>\n<meta property=\"article:modified_time\" content=\"2026-04-08T10:34:33+00:00\" \/>\n<meta property=\"og:image\" content=\"https:\/\/oceansignal.com\/wp-content\/uploads\/2023\/09\/OSL-PLB3-Front.png\" \/>\n\t<meta property=\"og:image:width\" content=\"2000\" \/>\n\t<meta property=\"og:image:height\" content=\"2000\" \/>\n\t<meta property=\"og:image:type\" content=\"image\/png\" \/>\n<meta name=\"twitter:card\" content=\"summary_large_image\" \/>\n<meta name=\"twitter:label1\" content=\"Tempo di lettura stimato\" \/>\n\t<meta name=\"twitter:data1\" content=\"4 minuti\" \/>\n<script type=\"application\/ld+json\" class=\"yoast-schema-graph\">{\"@context\":\"https:\/\/schema.org\",\"@graph\":[{\"@type\":\"WebPage\",\"@id\":\"https:\/\/oceansignal.com\/it\/products\/rescueme-plb3\/\",\"url\":\"https:\/\/oceansignal.com\/it\/products\/rescueme-plb3\/\",\"name\":\"rescueME PLB3 - Ocean Signal\",\"isPartOf\":{\"@id\":\"https:\/\/oceansignal.com\/it\/#website\"},\"primaryImageOfPage\":{\"@id\":\"https:\/\/oceansignal.com\/it\/products\/rescueme-plb3\/#primaryimage\"},\"image\":{\"@id\":\"https:\/\/oceansignal.com\/it\/products\/rescueme-plb3\/#primaryimage\"},\"thumbnailUrl\":\"https:\/\/oceansignal.com\/wp-content\/uploads\/2023\/09\/OSL-PLB3-Front.png\",\"datePublished\":\"2023-09-07T14:09:53+00:00\",\"dateModified\":\"2026-04-08T10:34:33+00:00\",\"description\":\"Ocean Signal rescueME PLB3 AIS Personal Locator Beacon \u00e8 il primo e unico PLB con 406 MHz, servizio di collegamento di ritorno e app mobile. Acquista ora.\",\"breadcrumb\":{\"@id\":\"https:\/\/oceansignal.com\/it\/products\/rescueme-plb3\/#breadcrumb\"},\"inLanguage\":\"it-IT\",\"potentialAction\":[{\"@type\":\"ReadAction\",\"target\":[\"https:\/\/oceansignal.com\/it\/products\/rescueme-plb3\/\"]}]},{\"@type\":\"ImageObject\",\"inLanguage\":\"it-IT\",\"@id\":\"https:\/\/oceansignal.com\/it\/products\/rescueme-plb3\/#primaryimage\",\"url\":\"https:\/\/oceansignal.com\/wp-content\/uploads\/2023\/09\/OSL-PLB3-Front.png\",\"contentUrl\":\"https:\/\/oceansignal.com\/wp-content\/uploads\/2023\/09\/OSL-PLB3-Front.png\",\"width\":2000,\"height\":2000},{\"@type\":\"BreadcrumbList\",\"@id\":\"https:\/\/oceansignal.com\/it\/products\/rescueme-plb3\/#breadcrumb\",\"itemListElement\":[{\"@type\":\"ListItem\",\"position\":1,\"name\":\"Prodotti\",\"item\":\"https:\/\/oceansignal.com\/it\/prodotti\/\"},{\"@type\":\"ListItem\",\"position\":2,\"name\":\"rescueME PLB3\"}]},{\"@type\":\"WebSite\",\"@id\":\"https:\/\/oceansignal.com\/it\/#website\",\"url\":\"https:\/\/oceansignal.com\/it\/\",\"name\":\"Ocean Signal\",\"description\":\"A leading manufacturer of EPIRBs, AIS, SARTs, Personal Locator Beacons, Man Overboard Beacon for the Marine and Outdoor Markets.\",\"potentialAction\":[{\"@type\":\"SearchAction\",\"target\":{\"@type\":\"EntryPoint\",\"urlTemplate\":\"https:\/\/oceansignal.com\/it\/?s={search_term_string}\"},\"query-input\":{\"@type\":\"PropertyValueSpecification\",\"valueRequired\":true,\"valueName\":\"search_term_string\"}}],\"inLanguage\":\"it-IT\"}]}<\/script>\n<!-- \/ Yoast SEO Premium plugin. -->","yoast_head_json":{"title":"rescueME PLB3 - Ocean Signal","description":"Ocean Signal rescueME PLB3 AIS Personal Locator Beacon \u00e8 il primo e unico PLB con 406 MHz, servizio di collegamento di ritorno e app mobile. Acquista ora.","robots":{"index":"index","follow":"follow","max-snippet":"max-snippet:-1","max-image-preview":"max-image-preview:large","max-video-preview":"max-video-preview:-1"},"canonical":"https:\/\/oceansignal.com\/it\/products\/rescueme-plb3\/","og_locale":"it_IT","og_type":"article","og_title":"rescueME PLB3","og_description":"Ocean Signal rescueME PLB3 AIS Personal Locator Beacon \u00e8 il primo e unico PLB con 406 MHz, servizio di collegamento di ritorno e app mobile. Acquista ora.","og_url":"https:\/\/oceansignal.com\/it\/products\/rescueme-plb3\/","og_site_name":"Ocean Signal","article_modified_time":"2026-04-08T10:34:33+00:00","og_image":[{"width":2000,"height":2000,"url":"https:\/\/oceansignal.com\/wp-content\/uploads\/2023\/09\/OSL-PLB3-Front.png","type":"image\/png"}],"twitter_card":"summary_large_image","twitter_misc":{"Tempo di lettura stimato":"4 minuti"},"schema":{"@context":"https:\/\/schema.org","@graph":[{"@type":"WebPage","@id":"https:\/\/oceansignal.com\/it\/products\/rescueme-plb3\/","url":"https:\/\/oceansignal.com\/it\/products\/rescueme-plb3\/","name":"rescueME PLB3 - Ocean Signal","isPartOf":{"@id":"https:\/\/oceansignal.com\/it\/#website"},"primaryImageOfPage":{"@id":"https:\/\/oceansignal.com\/it\/products\/rescueme-plb3\/#primaryimage"},"image":{"@id":"https:\/\/oceansignal.com\/it\/products\/rescueme-plb3\/#primaryimage"},"thumbnailUrl":"https:\/\/oceansignal.com\/wp-content\/uploads\/2023\/09\/OSL-PLB3-Front.png","datePublished":"2023-09-07T14:09:53+00:00","dateModified":"2026-04-08T10:34:33+00:00","description":"Ocean Signal rescueME PLB3 AIS Personal Locator Beacon \u00e8 il primo e unico PLB con 406 MHz, servizio di collegamento di ritorno e app mobile. Acquista ora.","breadcrumb":{"@id":"https:\/\/oceansignal.com\/it\/products\/rescueme-plb3\/#breadcrumb"},"inLanguage":"it-IT","potentialAction":[{"@type":"ReadAction","target":["https:\/\/oceansignal.com\/it\/products\/rescueme-plb3\/"]}]},{"@type":"ImageObject","inLanguage":"it-IT","@id":"https:\/\/oceansignal.com\/it\/products\/rescueme-plb3\/#primaryimage","url":"https:\/\/oceansignal.com\/wp-content\/uploads\/2023\/09\/OSL-PLB3-Front.png","contentUrl":"https:\/\/oceansignal.com\/wp-content\/uploads\/2023\/09\/OSL-PLB3-Front.png","width":2000,"height":2000},{"@type":"BreadcrumbList","@id":"https:\/\/oceansignal.com\/it\/products\/rescueme-plb3\/#breadcrumb","itemListElement":[{"@type":"ListItem","position":1,"name":"Prodotti","item":"https:\/\/oceansignal.com\/it\/prodotti\/"},{"@type":"ListItem","position":2,"name":"rescueME PLB3"}]},{"@type":"WebSite","@id":"https:\/\/oceansignal.com\/it\/#website","url":"https:\/\/oceansignal.com\/it\/","name":"Ocean Signal","description":"A leading manufacturer of EPIRBs, AIS, SARTs, Personal Locator Beacons, Man Overboard Beacon for the Marine and Outdoor Markets.","potentialAction":[{"@type":"SearchAction","target":{"@type":"EntryPoint","urlTemplate":"https:\/\/oceansignal.com\/it\/?s={search_term_string}"},"query-input":{"@type":"PropertyValueSpecification","valueRequired":true,"valueName":"search_term_string"}}],"inLanguage":"it-IT"}]}},"_links":{"self":[{"href":"https:\/\/oceansignal.com\/it\/wp-json\/wp\/v2\/product\/7775","targetHints":{"allow":["GET"]}}],"collection":[{"href":"https:\/\/oceansignal.com\/it\/wp-json\/wp\/v2\/product"}],"about":[{"href":"https:\/\/oceansignal.com\/it\/wp-json\/wp\/v2\/types\/product"}],"wp:featuredmedia":[{"embeddable":true,"href":"https:\/\/oceansignal.com\/it\/wp-json\/wp\/v2\/media\/11873"}],"wp:attachment":[{"href":"https:\/\/oceansignal.com\/it\/wp-json\/wp\/v2\/media?parent=7775"}],"wp:term":[{"taxonomy":"product_brand","embeddable":true,"href":"https:\/\/oceansignal.com\/it\/wp-json\/wp\/v2\/product_brand?post=7775"},{"taxonomy":"product_cat","embeddable":true,"href":"https:\/\/oceansignal.com\/it\/wp-json\/wp\/v2\/product_cat?post=7775"},{"taxonomy":"product_tag","embeddable":true,"href":"https:\/\/oceansignal.com\/it\/wp-json\/wp\/v2\/product_tag?post=7775"}],"curies":[{"name":"wp","href":"https:\/\/api.w.org\/{rel}","templated":true}]}}