{"id":7790,"date":"2024-07-22T13:30:33","date_gmt":"2024-07-22T13:30:33","guid":{"rendered":"https:\/\/oceansignal.com\/products\/rescueme-mob2\/"},"modified":"2025-11-12T09:06:22","modified_gmt":"2025-11-12T09:06:22","slug":"mob2","status":"publish","type":"product","link":"https:\/\/oceansignal.com\/it\/products\/mob2\/","title":{"rendered":"rescueME MOB2"},"content":{"rendered":"<p><strong>Questo dispositivo non \u00e8 stato autorizzato secondo quanto richiesto dalle norme della Federal Communications Commission negli Stati Uniti. Questo dispositivo non \u00e8, e non pu\u00f2 essere, offerto in vendita o in leasing, n\u00e9 venduto o concesso in leasing, fino all&#8217;ottenimento dell&#8217;autorizzazione. Approvato per la vendita nei paesi che hanno adottato la normativa ECC\/DEC\/(22)02. <\/strong><\/p>\n<p>Riepilogo:<\/p>\n<p>Segnalare alla propria imbarcazione la presenza di un uomo a mare \u00e8 l&#8217;opzione di recupero pi\u00f9 rapida e affidabile. In mare mosso, perdere di vista un uomo a mare pu\u00f2 avvenire con estrema rapidit\u00e0. Ecco perch\u00e9 l&#8217;ultimo rescueME MOB2 di Ocean Signal combina la tecnologia di emergenza AIS e VHF DSC nella pi\u00f9 recente soluzione AIS di classe M per il mercato marittimo.  <\/p>\n<p>All&#8217;attivazione, la posizione del MOB2 viene aggiornata regolarmente e visualizzata su un plotter abilitato AIS. Grazie al GPS integrato, il MOB2 fornisce dati di posizione precisi alla vostra imbarcazione e a eventuali imbarcazioni di supporto. Le imbarcazioni vicine vengono automaticamente allertate in caso di uomo a mare tramite VHF DSC. Il MOB2 Ocean Signal \u00e8 quasi la met\u00e0 delle dimensioni dei prodotti della concorrenza e si adatta perfettamente all&#8217;interno dei giubbotti di salvataggio gonfiabili. Vanta inoltre una maggiore durata operativa, l&#8217;attivazione automatica tramite giubbotto di salvataggio gonfiabile, due luci stroboscopiche a infrarossi e bianche e la connettivit\u00e0 NFC tramite app mobile.    <\/p>\n<p>Vuoi saperne di pi\u00f9 sui requisiti pi\u00f9 recenti della Classe M per AIS MOB ?  <a href=\"https:\/\/oceansignal.com\/it\/news\/comprendere-limpatto-della-regolamentazione-ais-classe-m-sui-mob\/\">Clicca qui<\/a><\/p>\n<p><a href=\"https:\/\/www.dropbox.com\/s\/8343nj28z0d7bxa\/Prop%2065%20-%20BPA.pdf?dl=0\">ATTENZIONE: PROP 65<\/a><\/p>\n<p>Solo per gli Stati Uniti: questo dispositivo non \u00e8 stato autorizzato come richiesto dalle norme della Federal Communications Commission. Questo dispositivo non \u00e8, e non pu\u00f2 essere, offerto per la vendita o il leasing, o venduto o concesso in leasing, fino a quando non si ottiene l&#8217;autorizzazione. Approvato per la vendita nei paesi che hanno adottato la normativa ECC\/DEC\/(22)02.  <\/p>\n<p>Descrizione:<\/p>\n<p>Vi presentiamo il pi\u00f9 piccolo dispositivo AIS al mondo per la rilevazione di uomo a mare ( MOB ) con VHF DSC integrato: il rescueME MOB2 AIS di Ocean Signal . Questo componente essenziale di qualsiasi kit di sicurezza marittima \u00e8 progettato per una risposta rapida in caso di emergenza uomo a mare. Compatto e leggero, il MOB2 si integra perfettamente anche con i giubbotti di salvataggio gonfiabili pi\u00f9 compatti, garantendo l&#8217;attivazione automatica al gonfiaggio.  <\/p>\n<p>MOB2 invia il primo avviso entro 15 secondi, trasmettendo la tua posizione precisa tramite la tecnologia AIS alle imbarcazioni vicine e ai sistemi di navigazione di bordo. Comunica con l&#8217;imbarcazione da cui ti sei separato e con altre imbarcazioni fino a 5 miglia di distanza, a seconda delle condizioni. Inoltre, le imbarcazioni vicine vengono immediatamente informate della situazione di uomo a mare tramite la tecnologia DSC.  <\/p>\n<p>In caso di emergenza, il rescueME MOB2 AIS offre due metodi per comunicare rapidamente la propria posizione, con una precisione di pochi metri, e offre indicazioni visive tramite le sue luci stroboscopiche integrate. Le sue doppie luci stroboscopiche a infrarossi (IR) e bianche integrate garantiscono la massima visibilit\u00e0 in condizioni di scarsa illuminazione, garantendo tranquillit\u00e0 a velisti e diportisti, migliorando la sicurezza in acqua e potenzialmente salvando vite umane in situazioni critiche. Impermeabile fino a 10 metri, il MOB2 \u00e8 dotato di una struttura robusta e di una batteria a lunga durata.  <\/p>\n<p><strong> <\/strong><\/p>\n<h3><strong>Connettivit\u00e0 smartphone tramite Near Field Communication (NFC)<\/strong><\/h3>\n<p>L&#8217;integrazione della tecnologia NFC offre agli utenti la possibilit\u00e0 di programmare comodamente il codice MMSI MOB2 e di accedere ai dati del beacon dal proprio telefono cellulare. Il semplice gesto di avvicinare il telefono al beacon apre automaticamente l&#8217;app Ocean Signal e fornisce accesso a una variet\u00e0 di dati di utilizzo, tra cui la durata attuale della batteria, il numero di autotest completati, il numero di test GNSS completati e, se applicabile, il tempo di attivazione del beacon. <\/p>\n<p><strong> <\/strong><\/p>\n<h3><strong>Segnalatore di segnalazione AIS per uomo in mare omologato in classe M con VHF DSC<\/strong><\/h3>\n<p>Progettato per superare i requisiti della Classe M, il MOB2 \u00e8 conforme alla normativa ECC\/DEC\/(22)02 riguardante l&#8217;uso dei dispositivi MOB .<\/p>\n<p><strong> <\/strong><\/p>\n<h3><strong>Integrazione del giubbotto di salvataggio<\/strong><\/h3>\n<p>Il MOB2 pu\u00f2 essere attivato manualmente o automaticamente se installato all&#8217;interno di un giubbotto di salvataggio gonfiabile (automatico). L&#8217;installazione \u00e8 semplificata grazie alla clip per il tubo di gonfiaggio orale inclusa, che permette di fissare il MOB2 al giubbotto di salvataggio tramite un nastro che si aggancia alla camera d&#8217;aria del giubbotto. Una volta installato correttamente, il gonfiaggio del giubbotto di salvataggio attiva l&#8217;apertura dell&#8217;antenna e l&#8217;attivazione del segnalatore.  <\/p>\n<p><a href=\"https:\/\/oceansignal.com\/it\/news\/ocean-signal-triplica-le-dimensioni-degli-impianti-di-produzione-per-soddisfare-le-esigenze-di-produzione\/\">Prodotto con orgoglio nel Regno Unito<\/a><\/p>\n<h4><strong>Caratteristiche principali del rescueME MOB AIS:<\/strong><\/h4>\n<ul>\n<li>AIS (Sistema di Identificazione Automatica)<\/li>\n<li>Conforme alla classe M (Regolamento: ECC\/DEC\/(22)02)<\/li>\n<li>Ricetrasmettitore DSC Tx e Rx integrato (Digital Selective Calling)*<\/li>\n<li>I LED verificano la ricezione del segnale di soccorso DSC<\/li>\n<li>50% (tipicamente) pi\u00f9 piccolo rispetto ai concorrenti<\/li>\n<li>GNSS tramite GPS e Galileo<\/li>\n<li>Posizionamento rapido e preciso<\/li>\n<li>Luci stroboscopiche IR e bianche<\/li>\n<li>Attivazione automatica<\/li>\n<li>Semplice integrazione del giubbotto di salvataggio**<\/li>\n<li>Durata della batteria di 5 anni<\/li>\n<li>Durata operativa di 24 ore a -20\u00b0C<\/li>\n<li>Garanzia di 2 anni (\u00e8 possibile estendere la garanzia a 5 anni tramite la registrazione del prodotto presso Ocean Signal ) <sup>\u2020<\/sup><\/li>\n<li>Comunicazione NFC (Near Field Communication) integrata<\/li>\n<li>Connettivit\u00e0 smartphone tramite NFC<\/li>\n<li>App mobile Ocean Signal (iOS e Android)<\/li>\n<\/ul>\n<p>&nbsp;<\/p>\n<p><em><strong>Compatibilit\u00e0:<\/strong> la maggior parte dei plotter AIS e dei DSC VHF moderni sono conformi agli standard richiesti per la ricezione delle trasmissioni MOB . Tuttavia, si consiglia di verificare la compatibilit\u00e0 con il produttore dell&#8217;apparecchiatura, soprattutto se si utilizzano apparecchiature meno recenti. Per ulteriori informazioni, consultare le FAQ qui sotto.<br \/>\n<\/em><\/p>\n<p>&nbsp;<\/p>\n<p>L&#8217;utente pu\u00f2 configurare il MOB2 per inserire il numero DSC MMSI* dell&#8217;imbarcazione scaricando il software dal link sottostante. Il numero DSC dell&#8217;imbarcazione pu\u00f2 essere programmato pi\u00f9 volte. <\/p>\n<p>&nbsp;<\/p>\n<p><span style=\"color: #c22f00;\">* La funzionalit\u00e0 DSC \u00e8 soggetta alle normative vigenti in ciascun Paese.<\/span><br \/>\n<span style=\"color: #c22f00;\"><em>** Prima di installare questo prodotto direttamente sul giubbotto di salvataggio, consultare sempre il produttore per istruzioni specifiche.<\/em><\/span><br \/>\n<span style=\"color: #c22f00;\">\u2020 Soggetto a dichiarazione di garanzia. ( <em>Nota: in caso di utilizzo in applicazioni commerciali, il periodo di garanzia \u00e8 limitato a due anni.<\/em> )<\/span><\/p>\n<p>&nbsp;<\/p>\n","protected":false},"excerpt":{"rendered":"<p>Il pi\u00f9 piccolo dispositivo AIS al mondo conforme alla Classe M, con DSC VHF integrato, per la rilevazione di persone a mare (MOB).<\/p>\n<ul>\n<li data-start=\"195\" data-end=\"420\">\n<p data-start=\"197\" data-end=\"420\"><strong data-start=\"197\" data-end=\"247\">Avvisi AIS e DSC istantanei in caso di emergenza MOB<\/strong><br data-start=\"247\" data-end=\"250\">MOB2 trasmette immediatamente la tua posizione tramite AIS e attiva una chiamata di soccorso DSC sulla radio VHF della tua imbarcazione, inviando rapidamente un avviso locale all&#8217;equipaggio e alle imbarcazioni vicine.<\/p>\n<\/li>\n<li data-start=\"422\" data-end=\"637\">\n<p data-start=\"424\" data-end=\"637\"><strong data-start=\"424\" data-end=\"470\">Perfetto per i requisiti di sicurezza delle regate offshore e di yacht<\/strong><br data-start=\"470\" data-end=\"473\">Utilizzato dai velisti agonisti e dai regatanti oceanici, il MOB2 offre una protezione contro i rischi di caduta dell&#8217;equipaggio in mare, in grado di soddisfare le esigenze di ambienti di navigazione frenetici e ad alto rischio.<\/p>\n<\/li>\n<li data-start=\"639\" data-end=\"858\">\n<p data-start=\"641\" data-end=\"858\"><strong data-start=\"641\" data-end=\"693\">Precisione GPS con attivazione automatica del giubbotto di salvataggio<\/strong><br data-start=\"693\" data-end=\"696\">Il GPS integrato garantisce un tracciamento accurato, mentre l&#8217;attivazione automatica con il gonfiaggio del giubbotto di salvataggio ti protegge dal momento in cui entri in acqua, senza dover usare le mani.<\/p>\n<\/li>\n<\/ul>\n<p>Conforme alla normativa ECC\/DEC\/(22)02 riguardante l&#8217;uso dei dispositivi MOB . Vuoi saperne di pi\u00f9 sui requisiti pi\u00f9 recenti della Classe M per AIS MOB ?  <a href=\"https:\/\/oceansignal.com\/it\/news\/comprendere-limpatto-della-regolamentazione-ais-classe-m-sui-mob\/\">Clicca qui<\/a><\/p>\n<p><a href=\"https:\/\/www.dropbox.com\/s\/8343nj28z0d7bxa\/Prop%2065%20-%20BPA.pdf?dl=0\">ATTENZIONE: PROP 65<\/a><br \/>\n NON IN VENDITA NEGLI USA\/CA &#8211; prova <a href=\"https:\/\/oceansignal.com\/it\/products\/rescueme-mob1\/\">Ocean Signal MOB1 per USA\/CA qui<\/a><\/p>\n","protected":false},"featured_media":23815,"template":"","meta":{"_acf_changed":false,"om_disable_all_campaigns":false},"product_brand":[],"product_cat":[1985,474,1068],"product_tag":[485,483,482,486,484,1069],"class_list":{"0":"post-7790","1":"product","2":"type-product","3":"status-publish","4":"has-post-thumbnail","6":"product_cat-compatibile-con-il-giubbotto-di-salvataggio","7":"product_cat-rescueme-it-2","8":"product_cat-uomo-in-mare","9":"product_tag-ais-it","10":"product_tag-ais-mob-it","11":"product_tag-classe-m","12":"product_tag-folla","13":"product_tag-mob2-it","14":"product_tag-uomo-in-mare","16":"first","17":"instock","18":"taxable","19":"shipping-taxable","20":"purchasable","21":"product-type-simple"},"acf":[],"yoast_head":"<!-- This site is optimized with the Yoast SEO Premium plugin v25.2 (Yoast SEO v26.4) - https:\/\/yoast.com\/wordpress\/plugins\/seo\/ -->\n<title>rescueME MOB2 - Ocean Signal rescueME MOB2 AIS Classe M Ocean Signal<\/title>\n<meta name=\"description\" content=\"Il segnalatore di presenza uomo a mare MOB2 AIS di Ocean Signal rescueME \u00e8 la soluzione definitiva per la sicurezza in mare, specificamente progettato per supportare le situazioni di SOS.\" \/>\n<meta name=\"robots\" content=\"index, follow, max-snippet:-1, max-image-preview:large, max-video-preview:-1\" \/>\n<link rel=\"canonical\" href=\"https:\/\/oceansignal.com\/it\/products\/mob2\/\" \/>\n<meta property=\"og:locale\" content=\"it_IT\" \/>\n<meta property=\"og:type\" content=\"article\" \/>\n<meta property=\"og:title\" content=\"rescueME MOB2\" \/>\n<meta property=\"og:description\" content=\"Il segnalatore di presenza uomo a mare MOB2 AIS di Ocean Signal rescueME \u00e8 la soluzione definitiva per la sicurezza in mare, specificamente progettato per supportare le situazioni di SOS.\" \/>\n<meta property=\"og:url\" content=\"https:\/\/oceansignal.com\/it\/products\/mob2\/\" \/>\n<meta property=\"og:site_name\" content=\"Ocean Signal\" \/>\n<meta property=\"article:modified_time\" content=\"2025-11-12T09:06:22+00:00\" \/>\n<meta property=\"og:image\" content=\"https:\/\/oceansignal.com\/wp-content\/uploads\/2024\/07\/MOB2-22-07-24-A_Web.png\" \/>\n\t<meta property=\"og:image:width\" content=\"900\" \/>\n\t<meta property=\"og:image:height\" content=\"807\" \/>\n\t<meta property=\"og:image:type\" content=\"image\/png\" \/>\n<meta name=\"twitter:card\" content=\"summary_large_image\" \/>\n<meta name=\"twitter:label1\" content=\"Tempo di lettura stimato\" \/>\n\t<meta name=\"twitter:data1\" content=\"3 minuti\" \/>\n<script type=\"application\/ld+json\" class=\"yoast-schema-graph\">{\"@context\":\"https:\/\/schema.org\",\"@graph\":[{\"@type\":\"WebPage\",\"@id\":\"https:\/\/oceansignal.com\/it\/products\/mob2\/\",\"url\":\"https:\/\/oceansignal.com\/it\/products\/mob2\/\",\"name\":\"rescueME MOB2 - Ocean Signal rescueME MOB2 AIS Classe M Ocean Signal\",\"isPartOf\":{\"@id\":\"https:\/\/oceansignal.com\/it\/#website\"},\"primaryImageOfPage\":{\"@id\":\"https:\/\/oceansignal.com\/it\/products\/mob2\/#primaryimage\"},\"image\":{\"@id\":\"https:\/\/oceansignal.com\/it\/products\/mob2\/#primaryimage\"},\"thumbnailUrl\":\"https:\/\/oceansignal.com\/wp-content\/uploads\/2024\/07\/MOB2-22-07-24-A_Web.png\",\"datePublished\":\"2024-07-22T13:30:33+00:00\",\"dateModified\":\"2025-11-12T09:06:22+00:00\",\"description\":\"Il segnalatore di presenza uomo a mare MOB2 AIS di Ocean Signal rescueME \u00e8 la soluzione definitiva per la sicurezza in mare, specificamente progettato per supportare le situazioni di SOS.\",\"breadcrumb\":{\"@id\":\"https:\/\/oceansignal.com\/it\/products\/mob2\/#breadcrumb\"},\"inLanguage\":\"it-IT\",\"potentialAction\":[{\"@type\":\"ReadAction\",\"target\":[\"https:\/\/oceansignal.com\/it\/products\/mob2\/\"]}]},{\"@type\":\"ImageObject\",\"inLanguage\":\"it-IT\",\"@id\":\"https:\/\/oceansignal.com\/it\/products\/mob2\/#primaryimage\",\"url\":\"https:\/\/oceansignal.com\/wp-content\/uploads\/2024\/07\/MOB2-22-07-24-A_Web.png\",\"contentUrl\":\"https:\/\/oceansignal.com\/wp-content\/uploads\/2024\/07\/MOB2-22-07-24-A_Web.png\",\"width\":900,\"height\":807,\"caption\":\"Dispositivo di localizzazione personale Ocean Signal rescueME MOB2 AIS di classe M approvato\"},{\"@type\":\"BreadcrumbList\",\"@id\":\"https:\/\/oceansignal.com\/it\/products\/mob2\/#breadcrumb\",\"itemListElement\":[{\"@type\":\"ListItem\",\"position\":1,\"name\":\"Prodotti\",\"item\":\"https:\/\/oceansignal.com\/it\/prodotti\/\"},{\"@type\":\"ListItem\",\"position\":2,\"name\":\"rescueME MOB2\"}]},{\"@type\":\"WebSite\",\"@id\":\"https:\/\/oceansignal.com\/it\/#website\",\"url\":\"https:\/\/oceansignal.com\/it\/\",\"name\":\"Ocean Signal\",\"description\":\"A leading manufacturer of EPIRBs, AIS, SARTs, Personal Locator Beacons, Man Overboard Beacon for the Marine and Outdoor Markets.\",\"potentialAction\":[{\"@type\":\"SearchAction\",\"target\":{\"@type\":\"EntryPoint\",\"urlTemplate\":\"https:\/\/oceansignal.com\/it\/?s={search_term_string}\"},\"query-input\":{\"@type\":\"PropertyValueSpecification\",\"valueRequired\":true,\"valueName\":\"search_term_string\"}}],\"inLanguage\":\"it-IT\"}]}<\/script>\n<!-- \/ Yoast SEO Premium plugin. -->","yoast_head_json":{"title":"rescueME MOB2 - Ocean Signal rescueME MOB2 AIS Classe M Ocean Signal","description":"Il segnalatore di presenza uomo a mare MOB2 AIS di Ocean Signal rescueME \u00e8 la soluzione definitiva per la sicurezza in mare, specificamente progettato per supportare le situazioni di SOS.","robots":{"index":"index","follow":"follow","max-snippet":"max-snippet:-1","max-image-preview":"max-image-preview:large","max-video-preview":"max-video-preview:-1"},"canonical":"https:\/\/oceansignal.com\/it\/products\/mob2\/","og_locale":"it_IT","og_type":"article","og_title":"rescueME MOB2","og_description":"Il segnalatore di presenza uomo a mare MOB2 AIS di Ocean Signal rescueME \u00e8 la soluzione definitiva per la sicurezza in mare, specificamente progettato per supportare le situazioni di SOS.","og_url":"https:\/\/oceansignal.com\/it\/products\/mob2\/","og_site_name":"Ocean Signal","article_modified_time":"2025-11-12T09:06:22+00:00","og_image":[{"width":900,"height":807,"url":"https:\/\/oceansignal.com\/wp-content\/uploads\/2024\/07\/MOB2-22-07-24-A_Web.png","type":"image\/png"}],"twitter_card":"summary_large_image","twitter_misc":{"Tempo di lettura stimato":"3 minuti"},"schema":{"@context":"https:\/\/schema.org","@graph":[{"@type":"WebPage","@id":"https:\/\/oceansignal.com\/it\/products\/mob2\/","url":"https:\/\/oceansignal.com\/it\/products\/mob2\/","name":"rescueME MOB2 - Ocean Signal rescueME MOB2 AIS Classe M Ocean Signal","isPartOf":{"@id":"https:\/\/oceansignal.com\/it\/#website"},"primaryImageOfPage":{"@id":"https:\/\/oceansignal.com\/it\/products\/mob2\/#primaryimage"},"image":{"@id":"https:\/\/oceansignal.com\/it\/products\/mob2\/#primaryimage"},"thumbnailUrl":"https:\/\/oceansignal.com\/wp-content\/uploads\/2024\/07\/MOB2-22-07-24-A_Web.png","datePublished":"2024-07-22T13:30:33+00:00","dateModified":"2025-11-12T09:06:22+00:00","description":"Il segnalatore di presenza uomo a mare MOB2 AIS di Ocean Signal rescueME \u00e8 la soluzione definitiva per la sicurezza in mare, specificamente progettato per supportare le situazioni di SOS.","breadcrumb":{"@id":"https:\/\/oceansignal.com\/it\/products\/mob2\/#breadcrumb"},"inLanguage":"it-IT","potentialAction":[{"@type":"ReadAction","target":["https:\/\/oceansignal.com\/it\/products\/mob2\/"]}]},{"@type":"ImageObject","inLanguage":"it-IT","@id":"https:\/\/oceansignal.com\/it\/products\/mob2\/#primaryimage","url":"https:\/\/oceansignal.com\/wp-content\/uploads\/2024\/07\/MOB2-22-07-24-A_Web.png","contentUrl":"https:\/\/oceansignal.com\/wp-content\/uploads\/2024\/07\/MOB2-22-07-24-A_Web.png","width":900,"height":807,"caption":"Dispositivo di localizzazione personale Ocean Signal rescueME MOB2 AIS di classe M approvato"},{"@type":"BreadcrumbList","@id":"https:\/\/oceansignal.com\/it\/products\/mob2\/#breadcrumb","itemListElement":[{"@type":"ListItem","position":1,"name":"Prodotti","item":"https:\/\/oceansignal.com\/it\/prodotti\/"},{"@type":"ListItem","position":2,"name":"rescueME MOB2"}]},{"@type":"WebSite","@id":"https:\/\/oceansignal.com\/it\/#website","url":"https:\/\/oceansignal.com\/it\/","name":"Ocean Signal","description":"A leading manufacturer of EPIRBs, AIS, SARTs, Personal Locator Beacons, Man Overboard Beacon for the Marine and Outdoor Markets.","potentialAction":[{"@type":"SearchAction","target":{"@type":"EntryPoint","urlTemplate":"https:\/\/oceansignal.com\/it\/?s={search_term_string}"},"query-input":{"@type":"PropertyValueSpecification","valueRequired":true,"valueName":"search_term_string"}}],"inLanguage":"it-IT"}]}},"_links":{"self":[{"href":"https:\/\/oceansignal.com\/it\/wp-json\/wp\/v2\/product\/7790","targetHints":{"allow":["GET"]}}],"collection":[{"href":"https:\/\/oceansignal.com\/it\/wp-json\/wp\/v2\/product"}],"about":[{"href":"https:\/\/oceansignal.com\/it\/wp-json\/wp\/v2\/types\/product"}],"wp:featuredmedia":[{"embeddable":true,"href":"https:\/\/oceansignal.com\/it\/wp-json\/wp\/v2\/media\/23815"}],"wp:attachment":[{"href":"https:\/\/oceansignal.com\/it\/wp-json\/wp\/v2\/media?parent=7790"}],"wp:term":[{"taxonomy":"product_brand","embeddable":true,"href":"https:\/\/oceansignal.com\/it\/wp-json\/wp\/v2\/product_brand?post=7790"},{"taxonomy":"product_cat","embeddable":true,"href":"https:\/\/oceansignal.com\/it\/wp-json\/wp\/v2\/product_cat?post=7790"},{"taxonomy":"product_tag","embeddable":true,"href":"https:\/\/oceansignal.com\/it\/wp-json\/wp\/v2\/product_tag?post=7790"}],"curies":[{"name":"wp","href":"https:\/\/api.w.org\/{rel}","templated":true}]}}