{"id":7799,"date":"2023-09-07T14:40:28","date_gmt":"2023-09-07T14:40:28","guid":{"rendered":"https:\/\/oceansignal.com\/products\/rescueme-mob1\/"},"modified":"2025-09-23T14:57:48","modified_gmt":"2025-09-23T14:57:48","slug":"rescueme-mob1","status":"publish","type":"product","link":"https:\/\/oceansignal.com\/it\/products\/rescueme-mob1\/","title":{"rendered":"rescueME MOB1"},"content":{"rendered":"<p>La migliore possibilit\u00e0 di rapido soccorso se cadi in mare proviene dalla tua stessa imbarcazione. Il tuo equipaggio deve essere immediatamente a conoscenza dell&#8217;incidente e tenere traccia della tua posizione mentre viene effettuato il recupero. Anche nel mare pi\u00f9 moderato \u00e8 allarmante la rapidit\u00e0 con cui si pu\u00f2 perdere la vista di un uomo in mare.  <\/p>\n<p>Una volta attivato, il tuo MOB1 trasmetter\u00e0 un avviso a tutti i ricevitori AIS e ai plotter abilitati AIS nelle vicinanze. Il GPS integrato assicura che la posizione precisa venga inviata alla tua imbarcazione e a qualsiasi altra che potrebbe fornire assistenza. <\/p>\n<p>Un&#8217;ulteriore caratteristica del MOB1 \u00e8 la sua capacit\u00e0 di attivare l&#8217;allarme DSC sul VHF della vostra imbarcazione, avvisando l&#8217;equipaggio della situazione.<\/p>\n<p>Vuoi saperne di pi\u00f9 sui requisiti pi\u00f9 recenti della Classe M per AIS MOB ?  <a href=\"https:\/\/oceansignal.com\/it\/news\/comprendere-limpatto-della-regolamentazione-ais-classe-m-sui-mob\/\">Clicca qui<\/a><\/p>\n<p>Ocean Signal rescueME MOB1 \u00e8 un componente essenziale di qualsiasi kit di sicurezza marittima, progettato per fornire una risposta rapida in caso di emergenza di uomo a mare. Compatto e leggero, questo segnalatore si integra perfettamente con i giubbotti di salvataggio, garantendo l&#8217;attivazione automatica in caso di immersione in acqua. Utilizzando la tecnologia AIS, trasmette la tua posizione precisa alle imbarcazioni vicine e ai sistemi di navigazione di bordo, facilitando operazioni di soccorso rapide ed efficaci. Con la sua struttura robusta, la batteria di lunga durata e la semplice distribuzione, rescueME MOB1 offre tranquillit\u00e0 a marinai e diportisti, migliorando la sicurezza in acqua e potenzialmente salvando vite in situazioni critiche.   <\/p>\n<p>Ecco il dispositivo AIS MOB pi\u00f9 piccolo al mondo con DSC integrato: il rescueME MOB1 di Ocean Signal . Il MOB1 \u00e8 compatibile anche con i giubbotti di salvataggio gonfiabili pi\u00f9 compatti.* Il MOB1 \u00e8 progettato per essere installato all&#8217;interno del giubbotto di salvataggio* e si attiver\u00e0 automaticamente al gonfiaggio, inviando il primo avviso entro 15 secondi. Il MOB1 \u00e8 impermeabile fino a 10 metri.<\/p>\n<p>Il MOB1 <a href=\"https:\/\/www.youtube.com\/watch?v=WH4S8yhDAuo\">comunica<\/a> con l&#8217;imbarcazione da cui sei stato separato e con altre imbarcazioni nelle vicinanze (fino a 5 miglia di distanza, a seconda delle condizioni). Per allertare le autorit\u00e0 di soccorso, un prodotto alternativo rescueME PLB1 comunica direttamente tramite una rete satellitare dedicata per la ricerca e il soccorso. In caso di emergenza rescueME MOB1 fornisce 2 metodi per comunicare rapidamente la tua posizione, con una precisione di pochi metri, all&#8217;imbarcazione, oltre a fornire un&#8217;indicazione visiva tramite la sua luce stroboscopica integrata. La luce stroboscopica integrata garantisce la massima visibilit\u00e0 in condizioni di scarsa illuminazione.   <\/p>\n<p><a href=\"https:\/\/oceansignal.com\/it\/news\/comprendere-limpatto-della-regolamentazione-ais-classe-m-sui-mob\/\">Scopri le prossime normative MOB : Classe M AIS<\/a><\/p>\n<p><a href=\"https:\/\/oceansignal.com\/it\/news\/ocean-signal-triplica-le-dimensioni-degli-impianti-di-produzione-per-soddisfare-le-esigenze-di-produzione\/\">Prodotto con orgoglio nel Regno Unito<\/a><\/p>\n<p><strong>Tratti somatici:<\/strong><\/p>\n<p>&nbsp;<\/p>\n<ul>\n<li>AIS (Sistema di Identificazione Automatica)<\/li>\n<li>Trasmettitore DSC integrato (Digital Selective Calling)*<\/li>\n<li>30% (tipico) pi\u00f9 piccolo dei concorrenti<\/li>\n<li>Attivazione automatica<\/li>\n<li>Semplice integrazione del giubbotto di salvataggio**<\/li>\n<li>Durata della batteria di 7 anni<\/li>\n<li>24+ ore di vita operativa<\/li>\n<li>5 anni di garanzia\u2020<\/li>\n<li>Posizionamento rapido e preciso<\/li>\n<\/ul>\n<p>&nbsp;<\/p>\n<p><em><strong>Compatibilit\u00e0:<\/strong> la maggior parte dei moderni plotter AIS e DSC VHF sono conformi agli standard richiesti per ricevere le trasmissioni MOB . Tuttavia, soprattutto se si utilizzano apparecchiature pi\u00f9 vecchie, \u00e8 consigliabile verificare la compatibilit\u00e0 con il produttore dell&#8217;apparecchiatura. Per maggiori informazioni, consultare le FAQ di seguito.<br \/>\n<\/em><\/p>\n<p>&nbsp;<\/p>\n<p>Il MOB1 pu\u00f2 essere configurato dall&#8217;utente per immettere il numero DSC MMSI* dell&#8217;imbarcazione scaricando il software dal link sottostante. Il numero DSC dell&#8217;imbarcazione pu\u00f2 essere programmato pi\u00f9 volte. <\/p>\n<p>&nbsp;<\/p>\n<p><span style=\"color: #c22f00\">* La funzionalit\u00e0 DSC \u00e8 soggetta alle normative vigenti in ciascun Paese.<\/span><br \/>\n<span style=\"color: #c22f00\"><em>** Prima di installare questo prodotto direttamente sul giubbotto di salvataggio, consultare sempre il produttore per istruzioni specifiche.<\/em><\/span><br \/>\n<span style=\"color: #c22f00\">\u2020 Soggetto a dichiarazione di garanzia. ( <em>Nota: in caso di utilizzo in applicazioni commerciali, il periodo di garanzia \u00e8 limitato a due anni.<\/em> )<\/span><\/p>\n","protected":false},"excerpt":{"rendered":"<p>Il dispositivo AIS MOB pi\u00f9 piccolo al mondo con DSC integrato.<\/p>\n<ul>\n<li>AIS (Sistema di Identificazione Automatica)<\/li>\n<li>Trasmettitore DSC integrato (Digital Selective Calling)*<\/li>\n<li>30% (tipico) pi\u00f9 piccolo dei concorrenti<\/li>\n<li>Attivazione automatica<\/li>\n<li>Semplice integrazione del giubbotto di salvataggio**<\/li>\n<li>Durata della batteria di 7 anni<\/li>\n<li>24+ ore di vita operativa<\/li>\n<li>5 anni di garanzia\u2020<\/li>\n<li>Posizionamento rapido e preciso<\/li>\n<\/ul>\n<p><img loading=\"lazy\" decoding=\"async\" class=\"alignnone size-medium wp-image-609\" src=\"http:\/\/oceansignal.com\/wp-content\/uploads\/2023\/09\/MT_Dame-logo_nominated_RGB-small-300x70.jpg\" alt=\"\" width=\"300\" height=\"70\" srcset=\"https:\/\/oceansignal.com\/wp-content\/uploads\/2023\/09\/MT_Dame-logo_nominated_RGB-small-300x70.jpg 300w, https:\/\/oceansignal.com\/wp-content\/uploads\/2023\/09\/MT_Dame-logo_nominated_RGB-small.jpg 323w\" sizes=\"auto, (max-width: 300px) 100vw, 300px\" \/><\/p>\n<p>Situato nel Regno Unito o nell&#8217;UE?  <a href=\"https:\/\/oceansignal.com\/it\/products\/mob2\/\">Scopri il nuovo Ocean Signal MOB2 del 2025.<\/a><\/p>\n<p><a href=\"https:\/\/www.dropbox.com\/s\/8343nj28z0d7bxa\/Prop%2065%20-%20BPA.pdf?dl=0\">ATTENZIONE: PROP 65<\/a><\/p>\n","protected":false},"featured_media":19227,"template":"","meta":{"_acf_changed":false,"om_disable_all_campaigns":false},"product_brand":[],"product_cat":[474,1068],"product_tag":[483,486,1069],"class_list":{"0":"post-7799","1":"product","2":"type-product","3":"status-publish","4":"has-post-thumbnail","6":"product_cat-rescueme-it-2","7":"product_cat-uomo-in-mare","8":"product_tag-ais-mob-it","9":"product_tag-folla","10":"product_tag-uomo-in-mare","12":"first","13":"instock","14":"taxable","15":"shipping-taxable","16":"purchasable","17":"product-type-simple"},"acf":[],"yoast_head":"<!-- This site is optimized with the Yoast SEO Premium plugin v25.2 (Yoast SEO v26.4) - https:\/\/yoast.com\/wordpress\/plugins\/seo\/ -->\n<title>rescueME MOB1 - Ocean Signal<\/title>\n<meta name=\"description\" content=\"Il rescueME Uomo a mare MOB1 AIS di Ocean Signal Signal \u00e8 la soluzione definitiva per la sicurezza in mare, specificamente progettato per aiutare nelle situazioni di SOS.\" \/>\n<meta name=\"robots\" content=\"index, follow, max-snippet:-1, max-image-preview:large, max-video-preview:-1\" \/>\n<link rel=\"canonical\" href=\"https:\/\/oceansignal.com\/it\/products\/rescueme-mob1\/\" \/>\n<meta property=\"og:locale\" content=\"it_IT\" \/>\n<meta property=\"og:type\" content=\"article\" \/>\n<meta property=\"og:title\" content=\"rescueME MOB1\" \/>\n<meta property=\"og:description\" content=\"Il rescueME Uomo a mare MOB1 AIS di Ocean Signal Signal \u00e8 la soluzione definitiva per la sicurezza in mare, specificamente progettato per aiutare nelle situazioni di SOS.\" \/>\n<meta property=\"og:url\" content=\"https:\/\/oceansignal.com\/it\/products\/rescueme-mob1\/\" \/>\n<meta property=\"og:site_name\" content=\"Ocean Signal\" \/>\n<meta property=\"article:modified_time\" content=\"2025-09-23T14:57:48+00:00\" \/>\n<meta property=\"og:image\" content=\"https:\/\/oceansignal.com\/wp-content\/uploads\/2023\/09\/MOB1-square-1.jpg\" \/>\n\t<meta property=\"og:image:width\" content=\"1000\" \/>\n\t<meta property=\"og:image:height\" content=\"1000\" \/>\n\t<meta property=\"og:image:type\" content=\"image\/jpeg\" \/>\n<meta name=\"twitter:card\" content=\"summary_large_image\" \/>\n<meta name=\"twitter:label1\" content=\"Tempo di lettura stimato\" \/>\n\t<meta name=\"twitter:data1\" content=\"3 minuti\" \/>\n<script type=\"application\/ld+json\" class=\"yoast-schema-graph\">{\"@context\":\"https:\/\/schema.org\",\"@graph\":[{\"@type\":\"WebPage\",\"@id\":\"https:\/\/oceansignal.com\/it\/products\/rescueme-mob1\/\",\"url\":\"https:\/\/oceansignal.com\/it\/products\/rescueme-mob1\/\",\"name\":\"rescueME MOB1 - Ocean Signal\",\"isPartOf\":{\"@id\":\"https:\/\/oceansignal.com\/it\/#website\"},\"primaryImageOfPage\":{\"@id\":\"https:\/\/oceansignal.com\/it\/products\/rescueme-mob1\/#primaryimage\"},\"image\":{\"@id\":\"https:\/\/oceansignal.com\/it\/products\/rescueme-mob1\/#primaryimage\"},\"thumbnailUrl\":\"https:\/\/oceansignal.com\/wp-content\/uploads\/2023\/09\/MOB1-square-1.jpg\",\"datePublished\":\"2023-09-07T14:40:28+00:00\",\"dateModified\":\"2025-09-23T14:57:48+00:00\",\"description\":\"Il rescueME Uomo a mare MOB1 AIS di Ocean Signal Signal \u00e8 la soluzione definitiva per la sicurezza in mare, specificamente progettato per aiutare nelle situazioni di SOS.\",\"breadcrumb\":{\"@id\":\"https:\/\/oceansignal.com\/it\/products\/rescueme-mob1\/#breadcrumb\"},\"inLanguage\":\"it-IT\",\"potentialAction\":[{\"@type\":\"ReadAction\",\"target\":[\"https:\/\/oceansignal.com\/it\/products\/rescueme-mob1\/\"]}]},{\"@type\":\"ImageObject\",\"inLanguage\":\"it-IT\",\"@id\":\"https:\/\/oceansignal.com\/it\/products\/rescueme-mob1\/#primaryimage\",\"url\":\"https:\/\/oceansignal.com\/wp-content\/uploads\/2023\/09\/MOB1-square-1.jpg\",\"contentUrl\":\"https:\/\/oceansignal.com\/wp-content\/uploads\/2023\/09\/MOB1-square-1.jpg\",\"width\":1000,\"height\":1000,\"caption\":\"Ocean Signal rescueME MOB1 AIS Man Overboard Beacon con DSC. Il MOB pi\u00f9 piccolo al mondo.\"},{\"@type\":\"BreadcrumbList\",\"@id\":\"https:\/\/oceansignal.com\/it\/products\/rescueme-mob1\/#breadcrumb\",\"itemListElement\":[{\"@type\":\"ListItem\",\"position\":1,\"name\":\"Prodotti\",\"item\":\"https:\/\/oceansignal.com\/it\/prodotti\/\"},{\"@type\":\"ListItem\",\"position\":2,\"name\":\"rescueME MOB1\"}]},{\"@type\":\"WebSite\",\"@id\":\"https:\/\/oceansignal.com\/it\/#website\",\"url\":\"https:\/\/oceansignal.com\/it\/\",\"name\":\"Ocean Signal\",\"description\":\"A leading manufacturer of EPIRBs, AIS, SARTs, Personal Locator Beacons, Man Overboard Beacon for the Marine and Outdoor Markets.\",\"potentialAction\":[{\"@type\":\"SearchAction\",\"target\":{\"@type\":\"EntryPoint\",\"urlTemplate\":\"https:\/\/oceansignal.com\/it\/?s={search_term_string}\"},\"query-input\":{\"@type\":\"PropertyValueSpecification\",\"valueRequired\":true,\"valueName\":\"search_term_string\"}}],\"inLanguage\":\"it-IT\"}]}<\/script>\n<!-- \/ Yoast SEO Premium plugin. -->","yoast_head_json":{"title":"rescueME MOB1 - Ocean Signal","description":"Il rescueME Uomo a mare MOB1 AIS di Ocean Signal Signal \u00e8 la soluzione definitiva per la sicurezza in mare, specificamente progettato per aiutare nelle situazioni di SOS.","robots":{"index":"index","follow":"follow","max-snippet":"max-snippet:-1","max-image-preview":"max-image-preview:large","max-video-preview":"max-video-preview:-1"},"canonical":"https:\/\/oceansignal.com\/it\/products\/rescueme-mob1\/","og_locale":"it_IT","og_type":"article","og_title":"rescueME MOB1","og_description":"Il rescueME Uomo a mare MOB1 AIS di Ocean Signal Signal \u00e8 la soluzione definitiva per la sicurezza in mare, specificamente progettato per aiutare nelle situazioni di SOS.","og_url":"https:\/\/oceansignal.com\/it\/products\/rescueme-mob1\/","og_site_name":"Ocean Signal","article_modified_time":"2025-09-23T14:57:48+00:00","og_image":[{"width":1000,"height":1000,"url":"https:\/\/oceansignal.com\/wp-content\/uploads\/2023\/09\/MOB1-square-1.jpg","type":"image\/jpeg"}],"twitter_card":"summary_large_image","twitter_misc":{"Tempo di lettura stimato":"3 minuti"},"schema":{"@context":"https:\/\/schema.org","@graph":[{"@type":"WebPage","@id":"https:\/\/oceansignal.com\/it\/products\/rescueme-mob1\/","url":"https:\/\/oceansignal.com\/it\/products\/rescueme-mob1\/","name":"rescueME MOB1 - Ocean Signal","isPartOf":{"@id":"https:\/\/oceansignal.com\/it\/#website"},"primaryImageOfPage":{"@id":"https:\/\/oceansignal.com\/it\/products\/rescueme-mob1\/#primaryimage"},"image":{"@id":"https:\/\/oceansignal.com\/it\/products\/rescueme-mob1\/#primaryimage"},"thumbnailUrl":"https:\/\/oceansignal.com\/wp-content\/uploads\/2023\/09\/MOB1-square-1.jpg","datePublished":"2023-09-07T14:40:28+00:00","dateModified":"2025-09-23T14:57:48+00:00","description":"Il rescueME Uomo a mare MOB1 AIS di Ocean Signal Signal \u00e8 la soluzione definitiva per la sicurezza in mare, specificamente progettato per aiutare nelle situazioni di SOS.","breadcrumb":{"@id":"https:\/\/oceansignal.com\/it\/products\/rescueme-mob1\/#breadcrumb"},"inLanguage":"it-IT","potentialAction":[{"@type":"ReadAction","target":["https:\/\/oceansignal.com\/it\/products\/rescueme-mob1\/"]}]},{"@type":"ImageObject","inLanguage":"it-IT","@id":"https:\/\/oceansignal.com\/it\/products\/rescueme-mob1\/#primaryimage","url":"https:\/\/oceansignal.com\/wp-content\/uploads\/2023\/09\/MOB1-square-1.jpg","contentUrl":"https:\/\/oceansignal.com\/wp-content\/uploads\/2023\/09\/MOB1-square-1.jpg","width":1000,"height":1000,"caption":"Ocean Signal rescueME MOB1 AIS Man Overboard Beacon con DSC. Il MOB pi\u00f9 piccolo al mondo."},{"@type":"BreadcrumbList","@id":"https:\/\/oceansignal.com\/it\/products\/rescueme-mob1\/#breadcrumb","itemListElement":[{"@type":"ListItem","position":1,"name":"Prodotti","item":"https:\/\/oceansignal.com\/it\/prodotti\/"},{"@type":"ListItem","position":2,"name":"rescueME MOB1"}]},{"@type":"WebSite","@id":"https:\/\/oceansignal.com\/it\/#website","url":"https:\/\/oceansignal.com\/it\/","name":"Ocean Signal","description":"A leading manufacturer of EPIRBs, AIS, SARTs, Personal Locator Beacons, Man Overboard Beacon for the Marine and Outdoor Markets.","potentialAction":[{"@type":"SearchAction","target":{"@type":"EntryPoint","urlTemplate":"https:\/\/oceansignal.com\/it\/?s={search_term_string}"},"query-input":{"@type":"PropertyValueSpecification","valueRequired":true,"valueName":"search_term_string"}}],"inLanguage":"it-IT"}]}},"_links":{"self":[{"href":"https:\/\/oceansignal.com\/it\/wp-json\/wp\/v2\/product\/7799","targetHints":{"allow":["GET"]}}],"collection":[{"href":"https:\/\/oceansignal.com\/it\/wp-json\/wp\/v2\/product"}],"about":[{"href":"https:\/\/oceansignal.com\/it\/wp-json\/wp\/v2\/types\/product"}],"wp:featuredmedia":[{"embeddable":true,"href":"https:\/\/oceansignal.com\/it\/wp-json\/wp\/v2\/media\/19227"}],"wp:attachment":[{"href":"https:\/\/oceansignal.com\/it\/wp-json\/wp\/v2\/media?parent=7799"}],"wp:term":[{"taxonomy":"product_brand","embeddable":true,"href":"https:\/\/oceansignal.com\/it\/wp-json\/wp\/v2\/product_brand?post=7799"},{"taxonomy":"product_cat","embeddable":true,"href":"https:\/\/oceansignal.com\/it\/wp-json\/wp\/v2\/product_cat?post=7799"},{"taxonomy":"product_tag","embeddable":true,"href":"https:\/\/oceansignal.com\/it\/wp-json\/wp\/v2\/product_tag?post=7799"}],"curies":[{"name":"wp","href":"https:\/\/api.w.org\/{rel}","templated":true}]}}