{"id":7812,"date":"2023-03-27T07:28:36","date_gmt":"2023-03-27T07:28:36","guid":{"rendered":"https:\/\/oceansignal.com\/products\/rescueme-epirb3\/"},"modified":"2026-03-25T10:10:52","modified_gmt":"2026-03-25T10:10:52","slug":"rescueme-epirb3","status":"publish","type":"product","link":"https:\/\/oceansignal.com\/it\/products\/rescueme-epirb3\/","title":{"rendered":"rescueME EPIRB3"},"content":{"rendered":"<p class=\"ai-optimize-38\"><a href=\"https:\/\/www.dropbox.com\/s\/8343nj28z0d7bxa\/Prop%2065%20-%20BPA.pdf?dl=0\" data-cke-saved-href=\"https:\/\/www.dropbox.com\/s\/8343nj28z0d7bxa\/Prop%2065%20-%20BPA.pdf?dl=0\">ATTENZIONE: PROP 65<\/a><\/p>\n<p class=\"ai-optimize-39\">Riepilogo:<\/p>\n<p class=\"ai-optimize-40\">Il nuovo Ocean Signal rescueME EPIRB3 \u00e8 un radiofaro di emergenza a 406 MHz con approvazione GMDSS globale, completo di tutte le funzionalit\u00e0, dotato di staffa di sgancio manuale e di un design moderno e compatto che include la tecnologia AIS. L&#8217;AIS fornisce ai soccorritori locali informazioni precise e affidabili sulla posizione attuale del radiofaro, velocizzando cos\u00ec le operazioni di soccorso. Inoltre, il servizio di collegamento di ritorno (RLS) rassicura coloro che attivano il radiofaro confermando la ricezione del messaggio di soccorso. L&#8217;integrazione della funzionalit\u00e0 Near Field Communication (NFC) consente l&#8217;utilizzo di un&#8217;app per smartphone per monitorare la batteria e altre funzioni EPIRB , assicurandone il corretto funzionamento. Grazie al suo design sottile e alle funzionalit\u00e0 avanzate, l&#8217; EPIRB3 \u00e8 ideale per una vasta gamma di naviganti, che si tratti di crociere nel Mediterraneo, di uscite in mare aperto, di pesca, di lavoro o di navigazione d&#8217;altura.    <\/p>\n<p class=\"ai-optimize-41\">Descrizione:<\/p>\n<p class=\"ai-optimize-42\">Il nuovo EPIRB3 (Emergency Position Indicating Radio Beacon) di Ocean Signal aumenta l \u201caffidabilit\u00e0 e semplifica le operazioni di soccorso grazie a nuove funzionalit\u00e0 avanzate. Questo nuovo EPIRB , approvato dal GMDSS, trasmette un segnale di emergenza digitale sulla frequenza di 406 MHz, avvisando i soccorritori di tutto il mondo via satellite, e trasmette localmente segnali VHF del Sistema di Identificazione Automatica (AIS) per aiutare i soccorritori a trovare il radiofaro pi\u00f9 velocemente. Una volta attivato, l\u201d EPIRB3 trasmette un segnale di emergenza al sistema di soccorso satellitare globale <a href=\"https:\/\/www.cospas-sarsat.int\/en\/\">Cospas-Sarsat<\/a> e contemporaneamente invia un avviso AIS sulle frequenze VHF, immediatamente visibile da qualsiasi imbarcazione nelle vicinanze dotata di AIS. Il Servizio di Collegamento di Ritorno (RLS) fornisce all \u201cutente una conferma visiva della ricezione del messaggio di soccorso. La combinazione di AIS, un segnale di homing a 121,5 MHz e luci stroboscopiche visibili e a infrarossi velocizza i tempi di recupero consentendo ai soccorritori di individuare la posizione del radiofaro, anche se si \u00e8 spostato, indipendentemente dall\u201d ora del giorno o della notte. La tecnologia Near Field Communication (NFC) \u00e8 una nuova fantastica funzionalit\u00e0 che consente agli utenti di monitorare l \u201cEPIRB3 tramite un\u201d app gratuita per smartphone, assicurandosi che la batteria abbia carica sufficiente e che il faro funzioni correttamente prima di uscire.     <\/p>\n<p>&nbsp;<\/p>\n<p class=\"ai-optimize-43\">La tecnologia avanzata di sicurezza e soccorso in mare di Ocean Signal nel nuovo EPIRB3 con AIS combina nuove funzionalit\u00e0 innovative in una custodia compatta ed ergonomica, ideale per tutti i tipi e le dimensioni di imbarcazioni da diporto e commerciali.<\/p>\n<p>&nbsp;<\/p>\n<p class=\"ai-optimize-44\"><strong>I tempi di salvataggio possono migliorare con l&#8217;attivazione globale combinata con la trasmissione del beacon locale AIS.<\/strong><\/p>\n<p>&nbsp;<\/p>\n<p class=\"ai-optimize-45\">L \u201cEPIRB3 utilizza le reti di posizionamento GNSS (GPS, Galileo, Glonass) per determinare la propria posizione globale. Quando il radiofaro viene attivato, una trasmissione di soccorso a 406 MHz inoltra la posizione EPIRB GPS (GPIRB), con una precisione di 100 metri, alla rete satellitare mondiale di ricerca e soccorso <a href=\"https:\/\/www.cospas-sarsat.int\/en\/\">Cospas-Sarsat<\/a> . Le stazioni di terra collegate al sistema satellitare ricevono l \u201cidentificazione EPIRB e le informazioni sulla posizione di intervento, consentendo il coordinamento e l \u201cavvio delle operazioni di soccorso. Grazie all\u201d avanzata tecnologia AIS ora integrata EPIRB , al momento dell\u201d attivazione il radiofaro inizia a trasmettere segnali AIS in modo che le imbarcazioni vicine dotate di AIS vengano immediatamente informate della situazione di pericolo e ricevano la posizione del radiofaro. Le imbarcazioni dotate di AIS entro il raggio d \u201cazione VHF visualizzeranno un messaggio di sicurezza sui loro schermi che include il codice identificativo MMSI dell\u201d imbarcazione. Le imbarcazioni locali possono avviare immediatamente le operazioni di soccorso e recupero, accelerando potenzialmente i tempi di recupero e salvando vite umane. Poich\u00e9 un bersaglio AIS viene visualizzato sul display di bordo di qualsiasi imbarcazione nelle vicinanze dotata di AIS, \u00e8 possibile navigare facilmente verso l \u201cEPIRB selezionando il bersaglio AIS. Anche in assenza di imbarcazioni locali disponibili, l\u201d AIS velocizzer\u00e0 i tempi di recupero consentendo agli operatori SAR marittimi di individuare con precisione la posizione EPIRB durante l\u201d avvicinamento. La combinazione di chiamate di soccorso satellitari globali, trasmissione precisa della posizione GPIRB e messaggi di sicurezza AIS locali migliorer\u00e0 notevolmente i tempi di recupero e il successo del recupero.        <\/p>\n<p>&nbsp;<\/p>\n<p class=\"ai-optimize-46\"><strong>La tecnologia Near Field Communication (NFC) consente la diagnosi EPIRB tramite uno smartphone.<\/strong><\/p>\n<p>&nbsp;<\/p>\n<p class=\"ai-optimize-47\">Gli utenti di radiofari indicatori di posizione di emergenza possono ora controllare il proprio EPIRB connettendo il proprio smartphone tramite <a href=\"https:\/\/www.youtube.com\/watch?v=MRXLii6r3n4&amp;t=10s\">NFC (Near Field Communication)<\/a> . Questa tecnologia connette uno smartphone posizionato vicino EPIRB3 avviando automaticamente l&#8217;app gratuita Ocean Signal . L&#8217;app offre una diagnostica completa che mostra all&#8217;utente la durata attuale della batteria, il numero di autotest completati, il numero di test GNSS completati e per quanto tempo l&#8217; EPIRB \u00e8 rimasto attivo. Vengono inoltre visualizzate informazioni dettagliate, tra cui una mappa che mostra dove \u00e8 stato eseguito un test GNSS, la data e l&#8217;ora del test, il tempo impiegato EPIRB per ottenere un fix sulle coordinate GNSS, il numero di satelliti utilizzati per ottenere tale fix e la precisione del fix. L&#8217;app mobile gratuita di Ocean Signal e la funzionalit\u00e0 NFC forniscono agli utenti tutte le informazioni necessarie per confermare che il proprio EPIRB sia completamente funzionante e pronto per l&#8217;uso in caso di emergenza.    <\/p>\n<p>&nbsp;<\/p>\n<p class=\"ai-optimize-48\"><strong>Il comodo servizio di collegamento di ritorno (RLS) comunica agli utenti che la chiamata di soccorso \u00e8 stata ricevuta.<\/strong><\/p>\n<p>&nbsp;<\/p>\n<p class=\"ai-optimize-49\">Gli EPIRB vengono utilizzati in caso di emergenza e le operazioni di soccorso possono richiedere tempo, soprattutto se l&#8217;imbarcazione in difficolt\u00e0 si trova al largo. L&#8217; EPIRB3 \u00e8 dotato del servizio di collegamento di ritorno (RLS) che notifica agli utenti l&#8217;avvenuta ricezione del segnale di soccorso tramite radiofaro. Il segnale RLS viene inviato tramite la rete <a href=\"https:\/\/www.euspa.europa.eu\/european-space\/galileo\/services\/search-and-rescue-sar-galileo-service\">satellitare Galileo<\/a> per confermare la ricezione del messaggio di soccorso, insieme alla posizione precisa e agli identificativi EPIRB . Una semplice luce blu lampeggiante informa gli utenti che l&#8217; EPIRB si \u00e8 connesso correttamente tramite la rete satellitare e i soccorritori saranno avvisati. Sapere che il segnale di emergenza digitale (mayday) \u00e8 stato comunicato correttamente, insieme all&#8217;identificazione EPIRB e alla posizione del radiofaro, aiuta le persone in difficolt\u00e0 a mantenere la calma in attesa delle operazioni di soccorso.    <\/p>\n<p>&nbsp;<\/p>\n<p class=\"ai-optimize-50\"><strong>Staffa di montaggio<\/strong><\/p>\n<p>&nbsp;<\/p>\n<p class=\"ai-optimize-51\">L&#8217; EPIRB3 \u00e8 dotato di una staffa di montaggio a sgancio manuale di Categoria 2. Questa staffa conserva l&#8217; EPIRB3 in modo sicuro per tutta la durata del viaggio, indipendentemente dalle condizioni meteorologiche. Offre inoltre uno sgancio rapido, consentendo di rimuovere l&#8217; EPIRB in modo rapido e semplice quando necessario.  <\/p>\n<p>&nbsp;<\/p>\n<p class=\"ai-optimize-52\">Ocean Signal si avvale di tecnologie avanzate e processi produttivi di alta qualit\u00e0 per sviluppare e produrre dispositivi elettronici di soccorso e altri prodotti salvavita di alta qualit\u00e0. Il nuovo EPIRB3 , con il suo profilo sagomato, \u00e8 adatto sia per imbarcazioni a vela che a motore. Sia gli utenti ricreativi che quelli commerciali possono essere certi che le caratteristiche di questo nuovo radiofaro con indicatore di posizione di emergenza offrono le massime possibilit\u00e0 di un salvataggio efficiente e di successo, ovunque si trovino. Le numerose funzionalit\u00e0 high-tech EPIRB3 si combinano con un design unico che ne consente un utilizzo efficace su tutti i tipi di imbarcazioni, sia che si trovino a navigare vicino alla costa, in mare aperto o in traversata atlantica.   <\/p>\n<p class=\"ai-optimize-53\">Per la versione senza galleggiante di categoria 1: <a href=\"https:\/\/oceansignal.com\/products\/safesea-epirb3-pro\/\">safeSEA EPIRB3 Pro<\/a><\/p>\n<p class=\"ai-optimize-54\"><strong>Tratti somatici:<\/strong><\/p>\n<p>&nbsp;<\/p>\n<ul>\n<li class=\"ai-optimize-55\">30% (tipico) pi\u00f9 piccolo<\/li>\n<li class=\"ai-optimize-56\">Allarme di soccorso AIS<\/li>\n<li class=\"ai-optimize-57\">Servizio di collegamento per il ritorno (RLS)<\/li>\n<li class=\"ai-optimize-58\">Connettivit\u00e0 mobile tramite Near Field Communication (NFC)<\/li>\n<li class=\"ai-optimize-59\">App gratuita (Apple e Android)<\/li>\n<li class=\"ai-optimize-60\">Durata della batteria di 10 anni<\/li>\n<li class=\"ai-optimize-61\">48+ ore di vita operativa<\/li>\n<li class=\"ai-optimize-62\">Garanzia di 2 anni (possibilit\u00e0 di estendere la garanzia a 5 anni tramite la registrazione del prodotto con Ocean Signal )<\/li>\n<li class=\"ai-optimize-63\">Posizionamento rapido e preciso con GPS a 72 canali<\/li>\n<li class=\"ai-optimize-64\">Antenna retrattile<\/li>\n<li class=\"ai-optimize-65\">Staffa a sgancio rapido<\/li>\n<li class=\"ai-optimize-66\">Cordino di sicurezza<\/li>\n<\/ul>\n<p>&nbsp;<\/p>\n","protected":false},"excerpt":{"rendered":"<p class=\"ai-optimize-14\" data-start=\"318\" data-end=\"494\">rescueME EPIRB3 combina una copertura di soccorso globale e dispone di AIS integrato, per funzioni di recupero locale intelligenti in un&#8217;unica unit\u00e0 compatta.<\/p>\n<ul>\n<li class=\"ai-optimize-15\" style=\"list-style-type: none;\">\n<ul data-start=\"496\" data-end=\"1135\">\n<li class=\"ai-optimize-16\" data-start=\"496\" data-end=\"748\">\n<p class=\"ai-optimize-17\" data-start=\"498\" data-end=\"748\"><strong data-start=\"498\" data-end=\"544\">Connettivit\u00e0 SAR globale tramite Cospas-Sarsat:<\/strong> invia il segnale di soccorso a 406 MHz direttamente ai servizi di ricerca e soccorso internazionali, garantendo una risposta <strong data-start=\"678\" data-end=\"725\">garantita e<\/strong> coordinata dal governo ovunque nel mondo, 24 ore su 24, 7 giorni su 7, 365 giorni all&#8217;anno.<\/p>\n<\/li>\n<li class=\"ai-optimize-18\" data-start=\"749\" data-end=\"929\">\n<p class=\"ai-optimize-19\" data-start=\"751\" data-end=\"929\"><strong data-start=\"751\" data-end=\"787\">Return Link Service (RLS) + AIS:<\/strong> conferma la ricezione del segnale tramite una luce blu, mentre l&#8217;AIS trasmette la posizione alle imbarcazioni vicine per <strong data-start=\"905\" data-end=\"928\">un salvataggio a doppio strato<\/strong> .<\/p>\n<\/li>\n<li class=\"ai-optimize-20\" data-start=\"930\" data-end=\"1135\">\n<p class=\"ai-optimize-21\" data-start=\"932\" data-end=\"1135\"><strong data-start=\"932\" data-end=\"968\">Prestazioni affidabili e di lunga durata:<\/strong> \u00e8 dotato di un ricevitore GNSS ad alta precisione, una batteria con durata di oltre 48 ore una volta attivata ed \u00e8 pienamente conforme ai requisiti di trasporto <strong data-start=\"1091\" data-end=\"1098\">IMO<\/strong> e <strong data-start=\"1103\" data-end=\"1112\">SOLAS<\/strong> .<\/p>\n<\/li>\n<li class=\"ai-optimize-22\" data-start=\"930\" data-end=\"1135\"><strong>Nessun costo di abbonamento<\/strong> .<\/li>\n<\/ul>\n<\/li>\n<\/ul>\n","protected":false},"featured_media":12421,"template":"","meta":{"_acf_changed":false,"om_disable_all_campaigns":false},"product_brand":[],"product_cat":[729,474],"product_tag":[485,730,990,732,731],"class_list":{"0":"post-7812","1":"product","2":"type-product","3":"status-publish","4":"has-post-thumbnail","6":"product_cat-epirb-it","7":"product_cat-rescueme-it-2","8":"product_tag-ais-it","9":"product_tag-epirb-it","10":"product_tag-epirb3-it","11":"product_tag-la-sindrome-delle-gambe-senza-riposo","12":"product_tag-non-fc","14":"first","15":"instock","16":"taxable","17":"shipping-taxable","18":"purchasable","19":"product-type-simple"},"acf":[],"yoast_head":"<!-- This site is optimized with the Yoast SEO Premium plugin v25.2 (Yoast SEO v26.4) - https:\/\/yoast.com\/wordpress\/plugins\/seo\/ -->\n<title>rescueME EPIRB3 - Ocean Signal<\/title>\n<meta name=\"description\" content=\"Rimani al sicuro in mare con rescueME EPIRB3 : questo radiofaro di emergenza ( EPIRB ora include AIS ed \u00e8 approvato GMDSS per i diportisti. Acquistalo subito!\" \/>\n<meta name=\"robots\" content=\"index, follow, max-snippet:-1, max-image-preview:large, max-video-preview:-1\" \/>\n<link rel=\"canonical\" href=\"https:\/\/oceansignal.com\/it\/products\/rescueme-epirb3\/\" \/>\n<meta property=\"og:locale\" content=\"it_IT\" \/>\n<meta property=\"og:type\" content=\"article\" \/>\n<meta property=\"og:title\" content=\"rescueME EPIRB3\" \/>\n<meta property=\"og:description\" content=\"Rimani al sicuro in mare con rescueME EPIRB3 : questo radiofaro di emergenza ( EPIRB ora include AIS ed \u00e8 approvato GMDSS per i diportisti. Acquistalo subito!\" \/>\n<meta property=\"og:url\" content=\"https:\/\/oceansignal.com\/it\/products\/rescueme-epirb3\/\" \/>\n<meta property=\"og:site_name\" content=\"Ocean Signal\" \/>\n<meta property=\"article:modified_time\" content=\"2026-03-25T10:10:52+00:00\" \/>\n<meta property=\"og:image\" content=\"https:\/\/oceansignal.com\/wp-content\/uploads\/2023\/03\/EPIRB3-Front.png\" \/>\n\t<meta property=\"og:image:width\" content=\"800\" \/>\n\t<meta property=\"og:image:height\" content=\"800\" \/>\n\t<meta property=\"og:image:type\" content=\"image\/png\" \/>\n<meta name=\"twitter:card\" content=\"summary_large_image\" \/>\n<meta name=\"twitter:label1\" content=\"Tempo di lettura stimato\" \/>\n\t<meta name=\"twitter:data1\" content=\"6 minuti\" \/>\n<script type=\"application\/ld+json\" class=\"yoast-schema-graph\">{\"@context\":\"https:\/\/schema.org\",\"@graph\":[{\"@type\":\"WebPage\",\"@id\":\"https:\/\/oceansignal.com\/it\/products\/rescueme-epirb3\/\",\"url\":\"https:\/\/oceansignal.com\/it\/products\/rescueme-epirb3\/\",\"name\":\"rescueME EPIRB3 - Ocean Signal\",\"isPartOf\":{\"@id\":\"https:\/\/oceansignal.com\/it\/#website\"},\"primaryImageOfPage\":{\"@id\":\"https:\/\/oceansignal.com\/it\/products\/rescueme-epirb3\/#primaryimage\"},\"image\":{\"@id\":\"https:\/\/oceansignal.com\/it\/products\/rescueme-epirb3\/#primaryimage\"},\"thumbnailUrl\":\"https:\/\/oceansignal.com\/wp-content\/uploads\/2023\/03\/EPIRB3-Front.png\",\"datePublished\":\"2023-03-27T07:28:36+00:00\",\"dateModified\":\"2026-03-25T10:10:52+00:00\",\"description\":\"Rimani al sicuro in mare con rescueME EPIRB3 : questo radiofaro di emergenza ( EPIRB ora include AIS ed \u00e8 approvato GMDSS per i diportisti. Acquistalo subito!\",\"breadcrumb\":{\"@id\":\"https:\/\/oceansignal.com\/it\/products\/rescueme-epirb3\/#breadcrumb\"},\"inLanguage\":\"it-IT\",\"potentialAction\":[{\"@type\":\"ReadAction\",\"target\":[\"https:\/\/oceansignal.com\/it\/products\/rescueme-epirb3\/\"]}]},{\"@type\":\"ImageObject\",\"inLanguage\":\"it-IT\",\"@id\":\"https:\/\/oceansignal.com\/it\/products\/rescueme-epirb3\/#primaryimage\",\"url\":\"https:\/\/oceansignal.com\/wp-content\/uploads\/2023\/03\/EPIRB3-Front.png\",\"contentUrl\":\"https:\/\/oceansignal.com\/wp-content\/uploads\/2023\/03\/EPIRB3-Front.png\",\"width\":800,\"height\":800},{\"@type\":\"BreadcrumbList\",\"@id\":\"https:\/\/oceansignal.com\/it\/products\/rescueme-epirb3\/#breadcrumb\",\"itemListElement\":[{\"@type\":\"ListItem\",\"position\":1,\"name\":\"Prodotti\",\"item\":\"https:\/\/oceansignal.com\/it\/prodotti\/\"},{\"@type\":\"ListItem\",\"position\":2,\"name\":\"rescueME EPIRB3\"}]},{\"@type\":\"WebSite\",\"@id\":\"https:\/\/oceansignal.com\/it\/#website\",\"url\":\"https:\/\/oceansignal.com\/it\/\",\"name\":\"Ocean Signal\",\"description\":\"A leading manufacturer of EPIRBs, AIS, SARTs, Personal Locator Beacons, Man Overboard Beacon for the Marine and Outdoor Markets.\",\"potentialAction\":[{\"@type\":\"SearchAction\",\"target\":{\"@type\":\"EntryPoint\",\"urlTemplate\":\"https:\/\/oceansignal.com\/it\/?s={search_term_string}\"},\"query-input\":{\"@type\":\"PropertyValueSpecification\",\"valueRequired\":true,\"valueName\":\"search_term_string\"}}],\"inLanguage\":\"it-IT\"}]}<\/script>\n<!-- \/ Yoast SEO Premium plugin. -->","yoast_head_json":{"title":"rescueME EPIRB3 - Ocean Signal","description":"Rimani al sicuro in mare con rescueME EPIRB3 : questo radiofaro di emergenza ( EPIRB ora include AIS ed \u00e8 approvato GMDSS per i diportisti. Acquistalo subito!","robots":{"index":"index","follow":"follow","max-snippet":"max-snippet:-1","max-image-preview":"max-image-preview:large","max-video-preview":"max-video-preview:-1"},"canonical":"https:\/\/oceansignal.com\/it\/products\/rescueme-epirb3\/","og_locale":"it_IT","og_type":"article","og_title":"rescueME EPIRB3","og_description":"Rimani al sicuro in mare con rescueME EPIRB3 : questo radiofaro di emergenza ( EPIRB ora include AIS ed \u00e8 approvato GMDSS per i diportisti. Acquistalo subito!","og_url":"https:\/\/oceansignal.com\/it\/products\/rescueme-epirb3\/","og_site_name":"Ocean Signal","article_modified_time":"2026-03-25T10:10:52+00:00","og_image":[{"width":800,"height":800,"url":"https:\/\/oceansignal.com\/wp-content\/uploads\/2023\/03\/EPIRB3-Front.png","type":"image\/png"}],"twitter_card":"summary_large_image","twitter_misc":{"Tempo di lettura stimato":"6 minuti"},"schema":{"@context":"https:\/\/schema.org","@graph":[{"@type":"WebPage","@id":"https:\/\/oceansignal.com\/it\/products\/rescueme-epirb3\/","url":"https:\/\/oceansignal.com\/it\/products\/rescueme-epirb3\/","name":"rescueME EPIRB3 - Ocean Signal","isPartOf":{"@id":"https:\/\/oceansignal.com\/it\/#website"},"primaryImageOfPage":{"@id":"https:\/\/oceansignal.com\/it\/products\/rescueme-epirb3\/#primaryimage"},"image":{"@id":"https:\/\/oceansignal.com\/it\/products\/rescueme-epirb3\/#primaryimage"},"thumbnailUrl":"https:\/\/oceansignal.com\/wp-content\/uploads\/2023\/03\/EPIRB3-Front.png","datePublished":"2023-03-27T07:28:36+00:00","dateModified":"2026-03-25T10:10:52+00:00","description":"Rimani al sicuro in mare con rescueME EPIRB3 : questo radiofaro di emergenza ( EPIRB ora include AIS ed \u00e8 approvato GMDSS per i diportisti. Acquistalo subito!","breadcrumb":{"@id":"https:\/\/oceansignal.com\/it\/products\/rescueme-epirb3\/#breadcrumb"},"inLanguage":"it-IT","potentialAction":[{"@type":"ReadAction","target":["https:\/\/oceansignal.com\/it\/products\/rescueme-epirb3\/"]}]},{"@type":"ImageObject","inLanguage":"it-IT","@id":"https:\/\/oceansignal.com\/it\/products\/rescueme-epirb3\/#primaryimage","url":"https:\/\/oceansignal.com\/wp-content\/uploads\/2023\/03\/EPIRB3-Front.png","contentUrl":"https:\/\/oceansignal.com\/wp-content\/uploads\/2023\/03\/EPIRB3-Front.png","width":800,"height":800},{"@type":"BreadcrumbList","@id":"https:\/\/oceansignal.com\/it\/products\/rescueme-epirb3\/#breadcrumb","itemListElement":[{"@type":"ListItem","position":1,"name":"Prodotti","item":"https:\/\/oceansignal.com\/it\/prodotti\/"},{"@type":"ListItem","position":2,"name":"rescueME EPIRB3"}]},{"@type":"WebSite","@id":"https:\/\/oceansignal.com\/it\/#website","url":"https:\/\/oceansignal.com\/it\/","name":"Ocean Signal","description":"A leading manufacturer of EPIRBs, AIS, SARTs, Personal Locator Beacons, Man Overboard Beacon for the Marine and Outdoor Markets.","potentialAction":[{"@type":"SearchAction","target":{"@type":"EntryPoint","urlTemplate":"https:\/\/oceansignal.com\/it\/?s={search_term_string}"},"query-input":{"@type":"PropertyValueSpecification","valueRequired":true,"valueName":"search_term_string"}}],"inLanguage":"it-IT"}]}},"_links":{"self":[{"href":"https:\/\/oceansignal.com\/it\/wp-json\/wp\/v2\/product\/7812","targetHints":{"allow":["GET"]}}],"collection":[{"href":"https:\/\/oceansignal.com\/it\/wp-json\/wp\/v2\/product"}],"about":[{"href":"https:\/\/oceansignal.com\/it\/wp-json\/wp\/v2\/types\/product"}],"wp:featuredmedia":[{"embeddable":true,"href":"https:\/\/oceansignal.com\/it\/wp-json\/wp\/v2\/media\/12421"}],"wp:attachment":[{"href":"https:\/\/oceansignal.com\/it\/wp-json\/wp\/v2\/media?parent=7812"}],"wp:term":[{"taxonomy":"product_brand","embeddable":true,"href":"https:\/\/oceansignal.com\/it\/wp-json\/wp\/v2\/product_brand?post=7812"},{"taxonomy":"product_cat","embeddable":true,"href":"https:\/\/oceansignal.com\/it\/wp-json\/wp\/v2\/product_cat?post=7812"},{"taxonomy":"product_tag","embeddable":true,"href":"https:\/\/oceansignal.com\/it\/wp-json\/wp\/v2\/product_tag?post=7812"}],"curies":[{"name":"wp","href":"https:\/\/api.w.org\/{rel}","templated":true}]}}