{"id":7823,"date":"2023-09-07T12:56:56","date_gmt":"2023-09-07T12:56:56","guid":{"rendered":"https:\/\/oceansignal.com\/products\/rescueme-epirb2-pro\/"},"modified":"2026-01-21T19:53:21","modified_gmt":"2026-01-21T19:53:21","slug":"rescueme-epirb2-pro","status":"publish","type":"product","link":"https:\/\/oceansignal.com\/it\/products\/rescueme-epirb2-pro\/","title":{"rendered":"rescueME EPIRB2 Pro"},"content":{"rendered":"<p>Riepilogo:<\/p>\n<p>Con l&#8217;introduzione della tecnologia Return Link Service (RLS) e delle funzionalit\u00e0 Near Field Communication (NFC), l&#8217; EPIRB2 Pro offre vantaggi significativi rispetto ai suoi predecessori. La tecnologia RLS rassicura chi attiva il radiofaro confermando la ricezione del messaggio di soccorso, mentre l&#8217;integrazione della funzionalit\u00e0 NFC consente di utilizzare un&#8217;app per smartphone per monitorare la batteria e altre funzioni EPIRB , assicurandone il corretto funzionamento. <\/p>\n<p>Le nuove e innovative caratteristiche EPIRB2 Pro e la staffa galleggiante senza rilascio automatico inclusa lo rendono una scelta eccellente per un&#8217;ampia gamma di applicazioni marine specifiche sia per imbarcazioni da diporto che commerciali.<\/p>\n<p>Descrizione:<\/p>\n<p>Nello sviluppo EPIRB2 Pro , Ocean Signal ha attinto alla sua consolidata esperienza nella progettazione e produzione di EPIRB RLS di alta qualit\u00e0 e ricchi di funzionalit\u00e0, caratterizzati da un design compatto e pratico. Grazie a diversi livelli di tecnologia di segnalazione integrata, tra cui il posizionamento a 406 MHz, GNSS (GPS, Galileo, Glonass) e un segnale di homing a 121,5 MHz, l&#8217; EPIRB2 Pro guida senza problemi le forze di ricerca e soccorso verso la vostra posizione. L&#8217;aggiunta della tecnologia Return Link Service (RLS) e della funzionalit\u00e0 Near Field Communication completano l&#8217;impressionante gamma di funzionalit\u00e0 EPIRB2 Pro .  <\/p>\n<p>&nbsp;<\/p>\n<p><strong>Connettivit\u00e0 per smartphone tramite Near Field Communication<\/strong><\/p>\n<p>&nbsp;<\/p>\n<p>L&#8217;integrazione della tecnologia NFC offre agli utenti la possibilit\u00e0 di accedere comodamente ai dati del beacon dal proprio telefono cellulare. Il semplice atto di posizionare un telefono vicino al beacon apre automaticamente l&#8217;app Ocean Signal Product e fornisce accesso a una vasta gamma di dati di utilizzo, tra cui la durata attuale della batteria, il numero di autotest completati, il numero di test GNSS completati e, se applicabile, la quantit\u00e0 di tempo in cui il beacon \u00e8 stato attivato. <\/p>\n<p>&nbsp;<\/p>\n<p>Sono inoltre disponibili informazioni dettagliate su ogni autotest e test GNSS eseguito dal beacon. Le informazioni accessibili per ogni test GNSS riuscito includono l&#8217;accesso a una mappa che mostra esattamente dove \u00e8 stato eseguito il test, la data e l&#8217;ora del test, il tempo impiegato dal beacon per ottenere una correzione delle coordinate GNSS, il numero di satelliti utilizzati dal beacon per ottenere tale correzione e l&#8217;accuratezza della posizione. <\/p>\n<p>&nbsp;<\/p>\n<p><strong>Copertura globale tramite la rete satellitare Cospas-Sarsat<\/strong><\/p>\n<p>&nbsp;<\/p>\n<p>Sfruttando la portata globale della <a href=\"https:\/\/www.cospas-sarsat.int\/en\/\">rete satellitare Cospas-Sarsat<\/a> , l&#8217;EPIRB2 Pro pu\u00f2 essere attivato ovunque, in qualsiasi momento, e trasmetter\u00e0 il tuo messaggio di soccorso a 406 MHz. La trasmissione di soccorso include coordinate del radiofaro derivate dal ricevitore GNSS integrato dell&#8217;EPIRB e con una precisione di 100 metri.<\/p>\n<p>&nbsp;<\/p>\n<p>Gli EPIRB RLS rassicurano gli utenti inviando un segnale di ritorno tramite la rete satellitare <a href=\"https:\/\/www.euspa.europa.eu\/european-space\/galileo\/services\/search-and-rescue-sar-galileo-service\">Galileo<\/a> direttamente al radiofaro per confermare che il messaggio di soccorso \u00e8 stato ricevuto e che la posizione del radiofaro \u00e8 stata rilevata. La conferma dell&#8217;utente \u00e8 chiaramente indicata da una luce blu lampeggiante.<\/p>\n<p>&nbsp;<\/p>\n<p><strong>Servizio di collegamento per il ritorno (RLS)<\/strong><\/p>\n<p><strong> <\/strong><\/p>\n<p>Lo stress intrinseco associato a un&#8217;emergenza marittima \u00e8 un sintomo impegnativo che tutti i diportisti devono purtroppo affrontare quando si trovano in una situazione di pericolo. Fortunatamente, l&#8217;inclusione della funzione RLS EPIRB2 Pro offre un modo per ridurre al minimo lo stress in tali situazioni. Gli EPIRB RLS forniscono una conferma diretta al radiofaro, informando l&#8217;utente che il suo messaggio di soccorso \u00e8 stato ricevuto e la sua posizione \u00e8 stata rilevata. L&#8217;indicazione della funzionalit\u00e0 RLS \u00e8 rappresentata da una luce blu distintiva, che semplifica l&#8217;individuazione del momento esatto in cui viene ricevuta la conferma RLS.   <\/p>\n<p>&nbsp;<\/p>\n<p><strong>Staffa di montaggio<\/strong><\/p>\n<p>&nbsp;<\/p>\n<p>L&#8217; EPIRB2 Pro \u00e8 dotato di una staffa di montaggio flottante a sgancio automatico di Categoria 1. Questa staffa conserva in modo sicuro l&#8217; EPIRB2 Pro per tutta la durata del viaggio, indipendentemente dalle condizioni meteorologiche. Offre inoltre le migliori possibilit\u00e0 di attivazione in situazioni di emergenza in cui \u00e8 difficile per un membro dell&#8217;equipaggio raggiungere l&#8217; EPIRB .  <\/p>\n<p>&nbsp;<\/p>\n<p>Ocean Signal \u00e8 orgogliosa di continuare a offrire funzionalit\u00e0 innovative come RLS e NFC, mantenendo il suo obiettivo di offrire prodotti di sicurezza innovativi di altissima qualit\u00e0. Qualunque sia il motivo del tuo prossimo viaggio o la destinazione scelta, garantisci la tua sicurezza con l&#8217; EPIRB2 Pro . <\/p>\n<p>Hai bisogno di passare a un EPIRB AIS? Scopri il nuovo <a href=\"https:\/\/oceansignal.com\/products\/safesea-epirb3-pro\/\">EPIRB3<\/a> <\/p>\n<p><strong>Tratti somatici:<\/strong><\/p>\n<p>&nbsp;<\/p>\n<ul>\n<li>30% (tipico) pi\u00f9 piccolo<\/li>\n<li>Servizio di collegamento per il ritorno (RLS)<\/li>\n<li>Connettivit\u00e0 mobile tramite Near Field Communication (NFC)<\/li>\n<li>App gratuita (Apple e Android)<\/li>\n<li>Durata della batteria di 10 anni<\/li>\n<li>48+ ore di vita operativa<\/li>\n<li>Garanzia di 2 anni (possibilit\u00e0 di estendere la garanzia a 5 anni tramite la registrazione del prodotto con Ocean Signal )<\/li>\n<li>Posizionamento rapido e preciso con GPS a 72 canali<\/li>\n<li>Antenna retrattile<\/li>\n<li>Staffa flottante con sgancio automatico di categoria I<\/li>\n<li>Cordino di sicurezza<\/li>\n<\/ul>\n","protected":false},"excerpt":{"rendered":"<p>L&#8217; EPIRB pi\u00f9 compatto al mondo, con RLS e NFC (incluso Cat 1 Float Free Bracket)<\/p>\n<ul>\n<li>30% (tipico) pi\u00f9 piccolo<\/li>\n<li>Include staffa flottante a sgancio automatico di categoria I<\/li>\n<li>Cordino di sicurezza<\/li>\n<li>Servizio di collegamento per il ritorno (RLS)<\/li>\n<li>Connettivit\u00e0 mobile tramite Near Field Communication (NFC)<\/li>\n<li>App gratuita (Apple e Android)<\/li>\n<li>Durata della batteria di 10 anni<\/li>\n<li>48+ ore di vita operativa<\/li>\n<li>Garanzia di 2 anni (\u00e8 possibile estendere la garanzia a 5 anni tramite la registrazione del prodotto con Ocean Signal ) \u2020<\/li>\n<li>Posizionamento rapido e preciso con GPS a 72 canali<\/li>\n<li>Antenna retrattile<\/li>\n<li>Staffa a sgancio rapido<\/li>\n<\/ul>\n<p><a href=\"https:\/\/www.dropbox.com\/s\/8343nj28z0d7bxa\/Prop%2065%20-%20BPA.pdf?dl=0\" data-cke-saved-href=\"https:\/\/www.dropbox.com\/s\/8343nj28z0d7bxa\/Prop%2065%20-%20BPA.pdf?dl=0\">ATTENZIONE: PROP 65<\/a><\/p>\n","protected":false},"featured_media":12473,"template":"","meta":{"_acf_changed":false,"om_disable_all_campaigns":false},"product_brand":[],"product_cat":[729,474],"product_tag":[730,1032,732,731],"class_list":{"0":"post-7823","1":"product","2":"type-product","3":"status-publish","4":"has-post-thumbnail","6":"product_cat-epirb-it","7":"product_cat-rescueme-it-2","8":"product_tag-epirb-it","9":"product_tag-epirb2-pro-it","10":"product_tag-la-sindrome-delle-gambe-senza-riposo","11":"product_tag-non-fc","13":"first","14":"outofstock","15":"taxable","16":"shipping-taxable","17":"purchasable","18":"product-type-simple"},"acf":[],"yoast_head":"<!-- This site is optimized with the Yoast SEO Premium plugin v25.2 (Yoast SEO v26.4) - https:\/\/yoast.com\/wordpress\/plugins\/seo\/ -->\n<title>rescueME EPIRB2 Pro - Ocean Signal<\/title>\n<meta name=\"description\" content=\"Ocean Signal rescueME EPIRB2 con servizio di collegamento di ritorno: segnalazione di soccorso rapida per la sicurezza marittima. Non salpare senza un EPIRB RLS.\" \/>\n<meta name=\"robots\" content=\"index, follow, max-snippet:-1, max-image-preview:large, max-video-preview:-1\" \/>\n<link rel=\"canonical\" href=\"https:\/\/oceansignal.com\/it\/products\/rescueme-epirb2-pro\/\" \/>\n<meta property=\"og:locale\" content=\"it_IT\" \/>\n<meta property=\"og:type\" content=\"article\" \/>\n<meta property=\"og:title\" content=\"rescueME EPIRB2 Pro\" \/>\n<meta property=\"og:description\" content=\"Ocean Signal rescueME EPIRB2 con servizio di collegamento di ritorno: segnalazione di soccorso rapida per la sicurezza marittima. Non salpare senza un EPIRB RLS.\" \/>\n<meta property=\"og:url\" content=\"https:\/\/oceansignal.com\/it\/products\/rescueme-epirb2-pro\/\" \/>\n<meta property=\"og:site_name\" content=\"Ocean Signal\" \/>\n<meta property=\"article:modified_time\" content=\"2026-01-21T19:53:21+00:00\" \/>\n<meta property=\"og:image\" content=\"https:\/\/oceansignal.com\/wp-content\/uploads\/2023\/09\/Ocean-Signal-EPIRB2-Pro-Front.png\" \/>\n\t<meta property=\"og:image:width\" content=\"800\" \/>\n\t<meta property=\"og:image:height\" content=\"800\" \/>\n\t<meta property=\"og:image:type\" content=\"image\/png\" \/>\n<meta name=\"twitter:card\" content=\"summary_large_image\" \/>\n<meta name=\"twitter:label1\" content=\"Tempo di lettura stimato\" \/>\n\t<meta name=\"twitter:data1\" content=\"4 minuti\" \/>\n<script type=\"application\/ld+json\" class=\"yoast-schema-graph\">{\"@context\":\"https:\/\/schema.org\",\"@graph\":[{\"@type\":\"WebPage\",\"@id\":\"https:\/\/oceansignal.com\/it\/products\/rescueme-epirb2-pro\/\",\"url\":\"https:\/\/oceansignal.com\/it\/products\/rescueme-epirb2-pro\/\",\"name\":\"rescueME EPIRB2 Pro - Ocean Signal\",\"isPartOf\":{\"@id\":\"https:\/\/oceansignal.com\/it\/#website\"},\"primaryImageOfPage\":{\"@id\":\"https:\/\/oceansignal.com\/it\/products\/rescueme-epirb2-pro\/#primaryimage\"},\"image\":{\"@id\":\"https:\/\/oceansignal.com\/it\/products\/rescueme-epirb2-pro\/#primaryimage\"},\"thumbnailUrl\":\"https:\/\/oceansignal.com\/wp-content\/uploads\/2023\/09\/Ocean-Signal-EPIRB2-Pro-Front.png\",\"datePublished\":\"2023-09-07T12:56:56+00:00\",\"dateModified\":\"2026-01-21T19:53:21+00:00\",\"description\":\"Ocean Signal rescueME EPIRB2 con servizio di collegamento di ritorno: segnalazione di soccorso rapida per la sicurezza marittima. Non salpare senza un EPIRB RLS.\",\"breadcrumb\":{\"@id\":\"https:\/\/oceansignal.com\/it\/products\/rescueme-epirb2-pro\/#breadcrumb\"},\"inLanguage\":\"it-IT\",\"potentialAction\":[{\"@type\":\"ReadAction\",\"target\":[\"https:\/\/oceansignal.com\/it\/products\/rescueme-epirb2-pro\/\"]}]},{\"@type\":\"ImageObject\",\"inLanguage\":\"it-IT\",\"@id\":\"https:\/\/oceansignal.com\/it\/products\/rescueme-epirb2-pro\/#primaryimage\",\"url\":\"https:\/\/oceansignal.com\/wp-content\/uploads\/2023\/09\/Ocean-Signal-EPIRB2-Pro-Front.png\",\"contentUrl\":\"https:\/\/oceansignal.com\/wp-content\/uploads\/2023\/09\/Ocean-Signal-EPIRB2-Pro-Front.png\",\"width\":800,\"height\":800},{\"@type\":\"BreadcrumbList\",\"@id\":\"https:\/\/oceansignal.com\/it\/products\/rescueme-epirb2-pro\/#breadcrumb\",\"itemListElement\":[{\"@type\":\"ListItem\",\"position\":1,\"name\":\"Prodotti\",\"item\":\"https:\/\/oceansignal.com\/it\/prodotti\/\"},{\"@type\":\"ListItem\",\"position\":2,\"name\":\"rescueME EPIRB2 Pro\"}]},{\"@type\":\"WebSite\",\"@id\":\"https:\/\/oceansignal.com\/it\/#website\",\"url\":\"https:\/\/oceansignal.com\/it\/\",\"name\":\"Ocean Signal\",\"description\":\"A leading manufacturer of EPIRBs, AIS, SARTs, Personal Locator Beacons, Man Overboard Beacon for the Marine and Outdoor Markets.\",\"potentialAction\":[{\"@type\":\"SearchAction\",\"target\":{\"@type\":\"EntryPoint\",\"urlTemplate\":\"https:\/\/oceansignal.com\/it\/?s={search_term_string}\"},\"query-input\":{\"@type\":\"PropertyValueSpecification\",\"valueRequired\":true,\"valueName\":\"search_term_string\"}}],\"inLanguage\":\"it-IT\"}]}<\/script>\n<!-- \/ Yoast SEO Premium plugin. -->","yoast_head_json":{"title":"rescueME EPIRB2 Pro - Ocean Signal","description":"Ocean Signal rescueME EPIRB2 con servizio di collegamento di ritorno: segnalazione di soccorso rapida per la sicurezza marittima. Non salpare senza un EPIRB RLS.","robots":{"index":"index","follow":"follow","max-snippet":"max-snippet:-1","max-image-preview":"max-image-preview:large","max-video-preview":"max-video-preview:-1"},"canonical":"https:\/\/oceansignal.com\/it\/products\/rescueme-epirb2-pro\/","og_locale":"it_IT","og_type":"article","og_title":"rescueME EPIRB2 Pro","og_description":"Ocean Signal rescueME EPIRB2 con servizio di collegamento di ritorno: segnalazione di soccorso rapida per la sicurezza marittima. Non salpare senza un EPIRB RLS.","og_url":"https:\/\/oceansignal.com\/it\/products\/rescueme-epirb2-pro\/","og_site_name":"Ocean Signal","article_modified_time":"2026-01-21T19:53:21+00:00","og_image":[{"width":800,"height":800,"url":"https:\/\/oceansignal.com\/wp-content\/uploads\/2023\/09\/Ocean-Signal-EPIRB2-Pro-Front.png","type":"image\/png"}],"twitter_card":"summary_large_image","twitter_misc":{"Tempo di lettura stimato":"4 minuti"},"schema":{"@context":"https:\/\/schema.org","@graph":[{"@type":"WebPage","@id":"https:\/\/oceansignal.com\/it\/products\/rescueme-epirb2-pro\/","url":"https:\/\/oceansignal.com\/it\/products\/rescueme-epirb2-pro\/","name":"rescueME EPIRB2 Pro - Ocean Signal","isPartOf":{"@id":"https:\/\/oceansignal.com\/it\/#website"},"primaryImageOfPage":{"@id":"https:\/\/oceansignal.com\/it\/products\/rescueme-epirb2-pro\/#primaryimage"},"image":{"@id":"https:\/\/oceansignal.com\/it\/products\/rescueme-epirb2-pro\/#primaryimage"},"thumbnailUrl":"https:\/\/oceansignal.com\/wp-content\/uploads\/2023\/09\/Ocean-Signal-EPIRB2-Pro-Front.png","datePublished":"2023-09-07T12:56:56+00:00","dateModified":"2026-01-21T19:53:21+00:00","description":"Ocean Signal rescueME EPIRB2 con servizio di collegamento di ritorno: segnalazione di soccorso rapida per la sicurezza marittima. Non salpare senza un EPIRB RLS.","breadcrumb":{"@id":"https:\/\/oceansignal.com\/it\/products\/rescueme-epirb2-pro\/#breadcrumb"},"inLanguage":"it-IT","potentialAction":[{"@type":"ReadAction","target":["https:\/\/oceansignal.com\/it\/products\/rescueme-epirb2-pro\/"]}]},{"@type":"ImageObject","inLanguage":"it-IT","@id":"https:\/\/oceansignal.com\/it\/products\/rescueme-epirb2-pro\/#primaryimage","url":"https:\/\/oceansignal.com\/wp-content\/uploads\/2023\/09\/Ocean-Signal-EPIRB2-Pro-Front.png","contentUrl":"https:\/\/oceansignal.com\/wp-content\/uploads\/2023\/09\/Ocean-Signal-EPIRB2-Pro-Front.png","width":800,"height":800},{"@type":"BreadcrumbList","@id":"https:\/\/oceansignal.com\/it\/products\/rescueme-epirb2-pro\/#breadcrumb","itemListElement":[{"@type":"ListItem","position":1,"name":"Prodotti","item":"https:\/\/oceansignal.com\/it\/prodotti\/"},{"@type":"ListItem","position":2,"name":"rescueME EPIRB2 Pro"}]},{"@type":"WebSite","@id":"https:\/\/oceansignal.com\/it\/#website","url":"https:\/\/oceansignal.com\/it\/","name":"Ocean Signal","description":"A leading manufacturer of EPIRBs, AIS, SARTs, Personal Locator Beacons, Man Overboard Beacon for the Marine and Outdoor Markets.","potentialAction":[{"@type":"SearchAction","target":{"@type":"EntryPoint","urlTemplate":"https:\/\/oceansignal.com\/it\/?s={search_term_string}"},"query-input":{"@type":"PropertyValueSpecification","valueRequired":true,"valueName":"search_term_string"}}],"inLanguage":"it-IT"}]}},"_links":{"self":[{"href":"https:\/\/oceansignal.com\/it\/wp-json\/wp\/v2\/product\/7823","targetHints":{"allow":["GET"]}}],"collection":[{"href":"https:\/\/oceansignal.com\/it\/wp-json\/wp\/v2\/product"}],"about":[{"href":"https:\/\/oceansignal.com\/it\/wp-json\/wp\/v2\/types\/product"}],"wp:featuredmedia":[{"embeddable":true,"href":"https:\/\/oceansignal.com\/it\/wp-json\/wp\/v2\/media\/12473"}],"wp:attachment":[{"href":"https:\/\/oceansignal.com\/it\/wp-json\/wp\/v2\/media?parent=7823"}],"wp:term":[{"taxonomy":"product_brand","embeddable":true,"href":"https:\/\/oceansignal.com\/it\/wp-json\/wp\/v2\/product_brand?post=7823"},{"taxonomy":"product_cat","embeddable":true,"href":"https:\/\/oceansignal.com\/it\/wp-json\/wp\/v2\/product_cat?post=7823"},{"taxonomy":"product_tag","embeddable":true,"href":"https:\/\/oceansignal.com\/it\/wp-json\/wp\/v2\/product_tag?post=7823"}],"curies":[{"name":"wp","href":"https:\/\/api.w.org\/{rel}","templated":true}]}}